{"id":10118,"date":"2025-05-12T12:42:15","date_gmt":"2025-05-12T10:42:15","guid":{"rendered":"https:\/\/freiesschauspiel.de\/?page_id=10118"},"modified":"2025-05-12T12:44:22","modified_gmt":"2025-05-12T10:44:22","slug":"pressestimmen-blind","status":"publish","type":"page","link":"https:\/\/freiesschauspiel.de\/en\/programm\/spielplan\/blind\/pressestimmen-blind","title":{"rendered":"Pressestimmen &#8211; BLIND"},"content":{"rendered":"<p><strong>Sylvia Staude, Frankfurter Rundschau (30. April 2025)<\/strong><br \/>\n\u201eReinhard Hinzpeter setzt &#8211; zu Recht &#8211; auf Axel Gottschick und Bettina Kaminski und ihre Pr\u00e4senz. &#8230; Ein feines, unaufwendiges, zugleich aktuelles St\u00fcck. Fein konzentriert und dabei unaufwendig auf die B\u00fchne gebracht.\u201c<\/p>\n<p><strong>Julian Mackenthun, Journal Frankfurt (05\/2025)<br \/>\n<\/strong>\u201e&#8230; Mit BLIND gelingt der niederl\u00e4ndischen Dramatikerin Lot Vekemans ein Kammerspiel, wie es in der zeitgen\u00f6ssischen Dramatik nur selten vorkommt. Denn hier vermischen sich Pers\u00f6nliches und Politisches, Unterhaltsames und Kritisches.\u201c<\/p>\n<p><strong>Matthias Bischoff, Frankfurter Allgemeine Zeitung (06. Mai 2025)<br \/>\n<\/strong>\u201eMan vergisst \u00fcber weite Strecken, dass hier zwei Schauspieler einen Text sprechen, so dicht ist man bei ihnen, so schnell wechselt die Anteilnahme\u00a0 mit der einen oder anderen Seite. Ein einziges Mal wird das verbale Trommelfeuer unterbrochen f\u00fcr einen zutiefst intimen Moment. Helen w\u00e4scht ihren Vater sanft mit einem Waschlappen, der bleibt stumm und wirkt geradezu erstaunt \u00fcber diese nie erlebte Z\u00e4rtlichkeit.\u201c<\/p>\n<p><strong>Markus Hladek, Frankfurter Neue Presse (28. April 2025)<\/strong><br \/>\n\u201e\u201eBlind\u201c ist ein hermetisches St\u00fcck, das Vater und Tochter nicht gerade in die H\u00f6lle versetzt wie in Sartres \u201eHuis clos\u201c, aber die n\u00f6tige Klausur schafft, damit zwei, die nie miteinander konnten, am Ende seines Lebens miteinander reden m\u00fcssen &#8230; Alles in allem: grundsolides Sprechtheater als emotionales Spiel und wie von Filzged\u00e4mpftes \u201eBei geschlossenen T\u00fcren\u201c zum Austausch zwischen den Generationen, das nicht in politischem Existentialismus macht, sondern Welttheater im Zeichen globaler N\u00f6te wie dem Klimawandel sein will, wenn es uns nach dem rechten Umgang miteinander fragt.\u201c<\/p>\n","protected":false},"excerpt":{"rendered":"Sylvia Staude, Frankfurter Rundschau (30. <a class=\"more-link\" href=\"https:\/\/freiesschauspiel.de\/en\/programm\/spielplan\/blind\/pressestimmen-blind\">(&#8230; mehr)<\/a>","protected":false},"author":3,"featured_media":0,"parent":9928,"menu_order":0,"comment_status":"closed","ping_status":"closed","template":"","meta":{"footnotes":""},"translation":{"provider":"WPGlobus","version":"3.0.0","language":"en","enabled_languages":["de","en"],"languages":{"de":{"title":true,"content":true,"excerpt":false},"en":{"title":false,"content":false,"excerpt":false}}},"yoast_head":"<!-- This site is optimized with the Yoast SEO plugin v23.5 - https:\/\/yoast.com\/wordpress\/plugins\/seo\/ -->\n<title>Pressestimmen - BLIND - Freies Schauspiel Ensemble<\/title>\n<meta name=\"robots\" content=\"index, follow, max-snippet:-1, max-image-preview:large, max-video-preview:-1\" \/>\n<link rel=\"canonical\" href=\"https:\/\/freiesschauspiel.de\/programm\/spielplan\/blind\/pressestimmen-blind\" \/>\n<meta property=\"og:locale\" content=\"en_US\" \/>\n<meta property=\"og:type\" content=\"article\" \/>\n<meta property=\"og:title\" content=\"Pressestimmen - BLIND - Freies Schauspiel Ensemble\" \/>\n<meta property=\"og:url\" content=\"https:\/\/freiesschauspiel.de\/programm\/spielplan\/blind\/pressestimmen-blind\" \/>\n<meta property=\"og:site_name\" content=\"Freies Schauspiel Ensemble\" \/>\n<meta property=\"article:publisher\" content=\"https:\/\/www.facebook.com\/FreiesSchauspielEnsemble\/\" \/>\n<meta property=\"article:modified_time\" content=\"2025-05-12T10:44:22+00:00\" \/>\n<meta name=\"twitter:card\" content=\"summary_large_image\" \/>\n<meta name=\"twitter:label1\" content=\"Est. reading time\" \/>\n\t<meta name=\"twitter:data1\" content=\"2 minutes\" \/>\n<script type=\"application\/ld+json\" class=\"yoast-schema-graph\">{\"@context\":\"https:\/\/schema.org\",\"@graph\":[{\"@type\":\"WebPage\",\"@id\":\"https:\/\/freiesschauspiel.de\/programm\/spielplan\/blind\/pressestimmen-blind\",\"url\":\"https:\/\/freiesschauspiel.de\/programm\/spielplan\/blind\/pressestimmen-blind\",\"name\":\"Pressestimmen - BLIND - Freies Schauspiel Ensemble\",\"isPartOf\":{\"@id\":\"https:\/\/freiesschauspiel.de\/#website\"},\"datePublished\":\"2025-05-12T10:42:15+00:00\",\"dateModified\":\"2025-05-12T10:44:22+00:00\",\"breadcrumb\":{\"@id\":\"https:\/\/freiesschauspiel.de\/programm\/spielplan\/blind\/pressestimmen-blind#breadcrumb\"},\"inLanguage\":\"en-US\",\"potentialAction\":[{\"@type\":\"ReadAction\",\"target\":[\"https:\/\/freiesschauspiel.de\/programm\/spielplan\/blind\/pressestimmen-blind\"]}]},{\"@type\":\"BreadcrumbList\",\"@id\":\"https:\/\/freiesschauspiel.de\/programm\/spielplan\/blind\/pressestimmen-blind#breadcrumb\",\"itemListElement\":[{\"@type\":\"ListItem\",\"position\":1,\"name\":\"Startseite\",\"item\":\"https:\/\/freiesschauspiel.de\/\"},{\"@type\":\"ListItem\",\"position\":2,\"name\":\"Programm\",\"item\":\"https:\/\/freiesschauspiel.de\/programm\"},{\"@type\":\"ListItem\",\"position\":3,\"name\":\"Spielplan 2025\/26\",\"item\":\"https:\/\/freiesschauspiel.de\/programm\/spielplan\"},{\"@type\":\"ListItem\",\"position\":4,\"name\":\"BLIND\",\"item\":\"https:\/\/freiesschauspiel.de\/programm\/spielplan\/blind\"},{\"@type\":\"ListItem\",\"position\":5,\"name\":\"Pressestimmen &#8211; BLIND\"}]},{\"@type\":\"WebSite\",\"@id\":\"https:\/\/freiesschauspiel.de\/#website\",\"url\":\"https:\/\/freiesschauspiel.de\/\",\"name\":\"Freies Schauspiel Ensemble\",\"description\":\"im TITANIA\",\"potentialAction\":[{\"@type\":\"SearchAction\",\"target\":{\"@type\":\"EntryPoint\",\"urlTemplate\":\"https:\/\/freiesschauspiel.de\/?s={search_term_string}\"},\"query-input\":{\"@type\":\"PropertyValueSpecification\",\"valueRequired\":true,\"valueName\":\"search_term_string\"}}],\"inLanguage\":\"en-US\"}]}<\/script>\n<!-- \/ Yoast SEO plugin. -->","yoast_head_json":{"title":"Pressestimmen - BLIND - Freies Schauspiel Ensemble","robots":{"index":"index","follow":"follow","max-snippet":"max-snippet:-1","max-image-preview":"max-image-preview:large","max-video-preview":"max-video-preview:-1"},"canonical":"https:\/\/freiesschauspiel.de\/programm\/spielplan\/blind\/pressestimmen-blind","og_locale":"en_US","og_type":"article","og_title":"Pressestimmen - BLIND - Freies Schauspiel Ensemble","og_url":"https:\/\/freiesschauspiel.de\/programm\/spielplan\/blind\/pressestimmen-blind","og_site_name":"Freies Schauspiel Ensemble","article_publisher":"https:\/\/www.facebook.com\/FreiesSchauspielEnsemble\/","article_modified_time":"2025-05-12T10:44:22+00:00","twitter_card":"summary_large_image","twitter_misc":{"Est. reading time":"2 minutes"},"schema":{"@context":"https:\/\/schema.org","@graph":[{"@type":"WebPage","@id":"https:\/\/freiesschauspiel.de\/programm\/spielplan\/blind\/pressestimmen-blind","url":"https:\/\/freiesschauspiel.de\/programm\/spielplan\/blind\/pressestimmen-blind","name":"Pressestimmen - BLIND - Freies Schauspiel Ensemble","isPartOf":{"@id":"https:\/\/freiesschauspiel.de\/#website"},"datePublished":"2025-05-12T10:42:15+00:00","dateModified":"2025-05-12T10:44:22+00:00","breadcrumb":{"@id":"https:\/\/freiesschauspiel.de\/programm\/spielplan\/blind\/pressestimmen-blind#breadcrumb"},"inLanguage":"en-US","potentialAction":[{"@type":"ReadAction","target":["https:\/\/freiesschauspiel.de\/programm\/spielplan\/blind\/pressestimmen-blind"]}]},{"@type":"BreadcrumbList","@id":"https:\/\/freiesschauspiel.de\/programm\/spielplan\/blind\/pressestimmen-blind#breadcrumb","itemListElement":[{"@type":"ListItem","position":1,"name":"Startseite","item":"https:\/\/freiesschauspiel.de\/"},{"@type":"ListItem","position":2,"name":"Programm","item":"https:\/\/freiesschauspiel.de\/programm"},{"@type":"ListItem","position":3,"name":"Spielplan 2025\/26","item":"https:\/\/freiesschauspiel.de\/programm\/spielplan"},{"@type":"ListItem","position":4,"name":"BLIND","item":"https:\/\/freiesschauspiel.de\/programm\/spielplan\/blind"},{"@type":"ListItem","position":5,"name":"Pressestimmen &#8211; BLIND"}]},{"@type":"WebSite","@id":"https:\/\/freiesschauspiel.de\/#website","url":"https:\/\/freiesschauspiel.de\/","name":"Freies Schauspiel Ensemble","description":"im TITANIA","potentialAction":[{"@type":"SearchAction","target":{"@type":"EntryPoint","urlTemplate":"https:\/\/freiesschauspiel.de\/?s={search_term_string}"},"query-input":{"@type":"PropertyValueSpecification","valueRequired":true,"valueName":"search_term_string"}}],"inLanguage":"en-US"}]}},"_links":{"self":[{"href":"https:\/\/freiesschauspiel.de\/en\/wp-json\/wp\/v2\/pages\/10118"}],"collection":[{"href":"https:\/\/freiesschauspiel.de\/en\/wp-json\/wp\/v2\/pages"}],"about":[{"href":"https:\/\/freiesschauspiel.de\/en\/wp-json\/wp\/v2\/types\/page"}],"author":[{"embeddable":true,"href":"https:\/\/freiesschauspiel.de\/en\/wp-json\/wp\/v2\/users\/3"}],"replies":[{"embeddable":true,"href":"https:\/\/freiesschauspiel.de\/en\/wp-json\/wp\/v2\/comments?post=10118"}],"version-history":[{"count":2,"href":"https:\/\/freiesschauspiel.de\/en\/wp-json\/wp\/v2\/pages\/10118\/revisions"}],"predecessor-version":[{"id":10120,"href":"https:\/\/freiesschauspiel.de\/en\/wp-json\/wp\/v2\/pages\/10118\/revisions\/10120"}],"up":[{"embeddable":true,"href":"https:\/\/freiesschauspiel.de\/en\/wp-json\/wp\/v2\/pages\/9928"}],"wp:attachment":[{"href":"https:\/\/freiesschauspiel.de\/en\/wp-json\/wp\/v2\/media?parent=10118"}],"curies":[{"name":"wp","href":"https:\/\/api.w.org\/{rel}","templated":true}]}}