{"id":10151,"date":"2025-07-22T12:04:28","date_gmt":"2025-07-22T10:04:28","guid":{"rendered":"https:\/\/freiesschauspiel.de\/?page_id=10151"},"modified":"2026-04-08T11:15:53","modified_gmt":"2026-04-08T09:15:53","slug":"prima-facie","status":"publish","type":"page","link":"https:\/\/freiesschauspiel.de\/en\/programm\/spielplan\/prima-facie","title":{"rendered":"PRIMA FACIE"},"content":{"rendered":"<div class=\"csRow\">\n<div class=\"csColumnGap\" style=\"margin: 0px; padding: 0px; float: left; width: 1.56%;\"><img decoding=\"async\" src=\"http:\/\/freiesschauspiel.de\/wp-content\/plugins\/advanced-wp-columns\/assets\/js\/plugins\/views\/img\/1x1-pixel.png\" \/><\/div>\n<div class=\"csColumn\" style=\"margin: 0px; padding: 0px; float: left; width: 47.7%;\" data-csstartpoint=\"15\" data-csendpoint=\"472.5\" data-cswidth=\"47.7%\" data-csid=\"3ded867b-9ecf-cc6f-8bf7-c673b3ba6f89\">\n<p>Tessa ist eine brillante und ehrgeizige Strafverteidigerin, die sich in der m\u00e4nnerdominierten Justiz ihren Platz erk\u00e4mpft hat. Geschickt nutzt sie Gesetzesl\u00fccken und die Macht des Systems zu ihrem Vorteil \u2013 bis ein pers\u00f6nliches Ereignis ihre Sichtweise radikal ver\u00e4ndert.<br \/>\nAls Tessa selbst zur Kl\u00e4gerin in einem Fall sexualisierter Gewalt wird, steht sie pl\u00f6tzlich vor den Mechanismen, die sie einst meisterhaft zu beherrschen glaubte. Der Kampf um Gerechtigkeit wird zu einem emotionalen und intellektuellen Kraftakt, der nicht nur ihre berufliche Integrit\u00e4t, sondern auch ihre eigene Identit\u00e4t infrage stellt.<br \/>\nMit eindringlicher Sprache und tiefgreifender Intensit\u00e4t beleuchtet Suzie Millers\u2018 preisgekr\u00f6ntes St\u00fcck die strukturellen Ungleichheiten in Rechtssystemen und die Herausforderungen, denen \u00dcberlebende sexualisierter Gewalt begegnen.<\/p>\n<p>Im Anschluss an die Vorstellung von Prima Facie am 1. November laden wir zu einer queer-feministischen <strong>Soli-Party<\/strong> mit DJ QT-XTC ein, um miteinander ins Gespr\u00e4ch zu kommen, gemeinsam zu tanzen und ein Zeichen f\u00fcr Solidarit\u00e4t und Empowerment zu setzen. Erl\u00f6se spenden wir an den Wildwasser Frankfurt e.V. (Beratungsstelle gegen sexuellen Missbrauch).<\/p>\n<p><a href=\"https:\/\/freiesschauspiel.de\/content-note\">CONTENT NOTE<\/a><\/strong><\/a><\/p>\n<\/div>\n<div class=\"csColumnGap\" style=\"margin: 0px; padding: 0px; float: left; width: 14.2%;\"><img decoding=\"async\" src=\"http:\/\/freiesschauspiel.de\/wp-content\/plugins\/advanced-wp-columns\/assets\/js\/plugins\/views\/img\/1x1-pixel.png\" \/><\/div>\n<div class=\"csColumn\" style=\"margin: 0px; padding: 0px; float: left; width: 35.1%;\" data-csstartpoint=\"608.5\" data-csendpoint=\"945\" data-cswidth=\"35.1%\" data-csid=\"a5f171a8-f729-6cb6-b6e6-c73d99086a10\">\n<p><strong>PRIMA FACIE<\/strong><br \/>\nvon Suzie Miller<\/p>\n<p><strong>Vorstellungen<br \/>\n<\/strong><br \/>\nMo, 13.04.2026, 20 Uhr<br \/>\nFr, 24.04.2026, 20 Uhr<br \/>\nFr, 19.06.2026, 20 Uhr<br \/>\nSa, 20.06.2026, 20 Uhr<\/p>\n<p><strong>Es spielt<\/strong> Jana Saxler<br \/>\n<strong>Inszenierung<\/strong> Ives Pancera<br \/>\n<strong>B\u00fchne<\/strong> Linnan Zhang<br \/>\n<strong>Regieassistenz<\/strong> Ly Ernst<br \/>\n<strong>Kost\u00fcme<\/strong> Carin Wagner<br \/>\n<strong>Fotograf<\/strong>\u00a0Felix Holland<\/p>\n<p><strong>Premiere <\/strong>25. Oktober 2025<\/p>\n<\/div>\n<div class=\"csColumnGap\" style=\"margin: 0px; padding: 0px; float: left; width: 1.56%;\"><img decoding=\"async\" src=\"http:\/\/freiesschauspiel.de\/wp-content\/plugins\/advanced-wp-columns\/assets\/js\/plugins\/views\/img\/1x1-pixel.png\" \/><\/div>\n<div style=\"clear: both; float: none; display: block; visibility: hidden; width: 0px; font-size: 0px; line-height: 0;\"><\/div>\n<\/div>\n<p>&nbsp;<\/p>\n","protected":false},"excerpt":{"rendered":"Tessa ist eine brillante und <a class=\"more-link\" href=\"https:\/\/freiesschauspiel.de\/en\/programm\/spielplan\/prima-facie\">(&#8230; mehr)<\/a>","protected":false},"author":3,"featured_media":10157,"parent":2,"menu_order":0,"comment_status":"closed","ping_status":"closed","template":"","meta":{"footnotes":""},"translation":{"provider":"WPGlobus","version":"3.0.0","language":"en","enabled_languages":["de","en"],"languages":{"de":{"title":true,"content":true,"excerpt":false},"en":{"title":false,"content":false,"excerpt":false}}},"yoast_head":"<!-- This site is optimized with the Yoast SEO plugin v23.5 - https:\/\/yoast.com\/wordpress\/plugins\/seo\/ -->\n<title>PRIMA FACIE - Freies Schauspiel Ensemble<\/title>\n<meta name=\"robots\" content=\"index, follow, max-snippet:-1, max-image-preview:large, max-video-preview:-1\" \/>\n<link rel=\"canonical\" href=\"https:\/\/freiesschauspiel.de\/programm\/spielplan\/prima-facie\" \/>\n<meta property=\"og:locale\" content=\"en_US\" \/>\n<meta property=\"og:type\" content=\"article\" \/>\n<meta property=\"og:title\" content=\"PRIMA FACIE - Freies Schauspiel Ensemble\" \/>\n<meta property=\"og:url\" content=\"https:\/\/freiesschauspiel.de\/programm\/spielplan\/prima-facie\" \/>\n<meta property=\"og:site_name\" content=\"Freies Schauspiel Ensemble\" \/>\n<meta property=\"article:publisher\" content=\"https:\/\/www.facebook.com\/FreiesSchauspielEnsemble\/\" \/>\n<meta property=\"article:modified_time\" content=\"2026-04-08T09:15:53+00:00\" \/>\n<meta property=\"og:image\" content=\"https:\/\/freiesschauspiel.de\/wp-content\/uploads\/2025\/07\/HEADER-Prima-Facie.jpg\" \/>\n\t<meta property=\"og:image:width\" content=\"2560\" \/>\n\t<meta property=\"og:image:height\" content=\"968\" \/>\n\t<meta property=\"og:image:type\" content=\"image\/jpeg\" \/>\n<meta name=\"twitter:card\" content=\"summary_large_image\" \/>\n<meta name=\"twitter:label1\" content=\"Est. reading time\" \/>\n\t<meta name=\"twitter:data1\" content=\"2 minutes\" \/>\n<script type=\"application\/ld+json\" class=\"yoast-schema-graph\">{\"@context\":\"https:\/\/schema.org\",\"@graph\":[{\"@type\":\"WebPage\",\"@id\":\"https:\/\/freiesschauspiel.de\/programm\/spielplan\/prima-facie\",\"url\":\"https:\/\/freiesschauspiel.de\/programm\/spielplan\/prima-facie\",\"name\":\"PRIMA FACIE - Freies Schauspiel Ensemble\",\"isPartOf\":{\"@id\":\"https:\/\/freiesschauspiel.de\/#website\"},\"primaryImageOfPage\":{\"@id\":\"https:\/\/freiesschauspiel.de\/programm\/spielplan\/prima-facie#primaryimage\"},\"image\":{\"@id\":\"https:\/\/freiesschauspiel.de\/programm\/spielplan\/prima-facie#primaryimage\"},\"thumbnailUrl\":\"https:\/\/freiesschauspiel.de\/wp-content\/uploads\/2025\/07\/HEADER-Prima-Facie.jpg\",\"datePublished\":\"2025-07-22T10:04:28+00:00\",\"dateModified\":\"2026-04-08T09:15:53+00:00\",\"breadcrumb\":{\"@id\":\"https:\/\/freiesschauspiel.de\/programm\/spielplan\/prima-facie#breadcrumb\"},\"inLanguage\":\"en-US\",\"potentialAction\":[{\"@type\":\"ReadAction\",\"target\":[\"https:\/\/freiesschauspiel.de\/programm\/spielplan\/prima-facie\"]}]},{\"@type\":\"ImageObject\",\"inLanguage\":\"en-US\",\"@id\":\"https:\/\/freiesschauspiel.de\/programm\/spielplan\/prima-facie#primaryimage\",\"url\":\"https:\/\/freiesschauspiel.de\/wp-content\/uploads\/2025\/07\/HEADER-Prima-Facie.jpg\",\"contentUrl\":\"https:\/\/freiesschauspiel.de\/wp-content\/uploads\/2025\/07\/HEADER-Prima-Facie.jpg\",\"width\":2560,\"height\":968},{\"@type\":\"BreadcrumbList\",\"@id\":\"https:\/\/freiesschauspiel.de\/programm\/spielplan\/prima-facie#breadcrumb\",\"itemListElement\":[{\"@type\":\"ListItem\",\"position\":1,\"name\":\"Startseite\",\"item\":\"https:\/\/freiesschauspiel.de\/\"},{\"@type\":\"ListItem\",\"position\":2,\"name\":\"Programm\",\"item\":\"https:\/\/freiesschauspiel.de\/programm\"},{\"@type\":\"ListItem\",\"position\":3,\"name\":\"Spielplan 2025\/26\",\"item\":\"https:\/\/freiesschauspiel.de\/programm\/spielplan\"},{\"@type\":\"ListItem\",\"position\":4,\"name\":\"PRIMA FACIE\"}]},{\"@type\":\"WebSite\",\"@id\":\"https:\/\/freiesschauspiel.de\/#website\",\"url\":\"https:\/\/freiesschauspiel.de\/\",\"name\":\"Freies Schauspiel Ensemble\",\"description\":\"im TITANIA\",\"potentialAction\":[{\"@type\":\"SearchAction\",\"target\":{\"@type\":\"EntryPoint\",\"urlTemplate\":\"https:\/\/freiesschauspiel.de\/?s={search_term_string}\"},\"query-input\":{\"@type\":\"PropertyValueSpecification\",\"valueRequired\":true,\"valueName\":\"search_term_string\"}}],\"inLanguage\":\"en-US\"}]}<\/script>\n<!-- \/ Yoast SEO plugin. -->","yoast_head_json":{"title":"PRIMA FACIE - Freies Schauspiel Ensemble","robots":{"index":"index","follow":"follow","max-snippet":"max-snippet:-1","max-image-preview":"max-image-preview:large","max-video-preview":"max-video-preview:-1"},"canonical":"https:\/\/freiesschauspiel.de\/programm\/spielplan\/prima-facie","og_locale":"en_US","og_type":"article","og_title":"PRIMA FACIE - Freies Schauspiel Ensemble","og_url":"https:\/\/freiesschauspiel.de\/programm\/spielplan\/prima-facie","og_site_name":"Freies Schauspiel Ensemble","article_publisher":"https:\/\/www.facebook.com\/FreiesSchauspielEnsemble\/","article_modified_time":"2026-04-08T09:15:53+00:00","og_image":[{"width":2560,"height":968,"url":"https:\/\/freiesschauspiel.de\/wp-content\/uploads\/2025\/07\/HEADER-Prima-Facie.jpg","type":"image\/jpeg"}],"twitter_card":"summary_large_image","twitter_misc":{"Est. reading time":"2 minutes"},"schema":{"@context":"https:\/\/schema.org","@graph":[{"@type":"WebPage","@id":"https:\/\/freiesschauspiel.de\/programm\/spielplan\/prima-facie","url":"https:\/\/freiesschauspiel.de\/programm\/spielplan\/prima-facie","name":"PRIMA FACIE - Freies Schauspiel Ensemble","isPartOf":{"@id":"https:\/\/freiesschauspiel.de\/#website"},"primaryImageOfPage":{"@id":"https:\/\/freiesschauspiel.de\/programm\/spielplan\/prima-facie#primaryimage"},"image":{"@id":"https:\/\/freiesschauspiel.de\/programm\/spielplan\/prima-facie#primaryimage"},"thumbnailUrl":"https:\/\/freiesschauspiel.de\/wp-content\/uploads\/2025\/07\/HEADER-Prima-Facie.jpg","datePublished":"2025-07-22T10:04:28+00:00","dateModified":"2026-04-08T09:15:53+00:00","breadcrumb":{"@id":"https:\/\/freiesschauspiel.de\/programm\/spielplan\/prima-facie#breadcrumb"},"inLanguage":"en-US","potentialAction":[{"@type":"ReadAction","target":["https:\/\/freiesschauspiel.de\/programm\/spielplan\/prima-facie"]}]},{"@type":"ImageObject","inLanguage":"en-US","@id":"https:\/\/freiesschauspiel.de\/programm\/spielplan\/prima-facie#primaryimage","url":"https:\/\/freiesschauspiel.de\/wp-content\/uploads\/2025\/07\/HEADER-Prima-Facie.jpg","contentUrl":"https:\/\/freiesschauspiel.de\/wp-content\/uploads\/2025\/07\/HEADER-Prima-Facie.jpg","width":2560,"height":968},{"@type":"BreadcrumbList","@id":"https:\/\/freiesschauspiel.de\/programm\/spielplan\/prima-facie#breadcrumb","itemListElement":[{"@type":"ListItem","position":1,"name":"Startseite","item":"https:\/\/freiesschauspiel.de\/"},{"@type":"ListItem","position":2,"name":"Programm","item":"https:\/\/freiesschauspiel.de\/programm"},{"@type":"ListItem","position":3,"name":"Spielplan 2025\/26","item":"https:\/\/freiesschauspiel.de\/programm\/spielplan"},{"@type":"ListItem","position":4,"name":"PRIMA FACIE"}]},{"@type":"WebSite","@id":"https:\/\/freiesschauspiel.de\/#website","url":"https:\/\/freiesschauspiel.de\/","name":"Freies Schauspiel Ensemble","description":"im TITANIA","potentialAction":[{"@type":"SearchAction","target":{"@type":"EntryPoint","urlTemplate":"https:\/\/freiesschauspiel.de\/?s={search_term_string}"},"query-input":{"@type":"PropertyValueSpecification","valueRequired":true,"valueName":"search_term_string"}}],"inLanguage":"en-US"}]}},"_links":{"self":[{"href":"https:\/\/freiesschauspiel.de\/en\/wp-json\/wp\/v2\/pages\/10151"}],"collection":[{"href":"https:\/\/freiesschauspiel.de\/en\/wp-json\/wp\/v2\/pages"}],"about":[{"href":"https:\/\/freiesschauspiel.de\/en\/wp-json\/wp\/v2\/types\/page"}],"author":[{"embeddable":true,"href":"https:\/\/freiesschauspiel.de\/en\/wp-json\/wp\/v2\/users\/3"}],"replies":[{"embeddable":true,"href":"https:\/\/freiesschauspiel.de\/en\/wp-json\/wp\/v2\/comments?post=10151"}],"version-history":[{"count":41,"href":"https:\/\/freiesschauspiel.de\/en\/wp-json\/wp\/v2\/pages\/10151\/revisions"}],"predecessor-version":[{"id":10973,"href":"https:\/\/freiesschauspiel.de\/en\/wp-json\/wp\/v2\/pages\/10151\/revisions\/10973"}],"up":[{"embeddable":true,"href":"https:\/\/freiesschauspiel.de\/en\/wp-json\/wp\/v2\/pages\/2"}],"wp:featuredmedia":[{"embeddable":true,"href":"https:\/\/freiesschauspiel.de\/en\/wp-json\/wp\/v2\/media\/10157"}],"wp:attachment":[{"href":"https:\/\/freiesschauspiel.de\/en\/wp-json\/wp\/v2\/media?parent=10151"}],"curies":[{"name":"wp","href":"https:\/\/api.w.org\/{rel}","templated":true}]}}