{"id":10253,"date":"2025-08-20T13:33:54","date_gmt":"2025-08-20T11:33:54","guid":{"rendered":"https:\/\/freiesschauspiel.de\/?page_id=10253"},"modified":"2025-08-20T16:46:50","modified_gmt":"2025-08-20T14:46:50","slug":"themenwoche-warum-krieg","status":"publish","type":"page","link":"https:\/\/freiesschauspiel.de\/en\/programm\/spielplan\/themenwoche-warum-krieg","title":{"rendered":"WARUM KRIEG?"},"content":{"rendered":"<div class=\"csRow\">\n<div class=\"csColumn\" style=\"margin: 0px; padding: 0px; float: left; width: 47.7%;\" data-csid=\"85479f88-4d3d-dc40-92f7-f34e55aa7c3b\" data-cswidth=\"47.7%\" data-csendpoint=\"472.5\" data-csstartpoint=\"15\">\n<p><strong>WARUM KRIEG? \/ Themenwoche<\/strong><\/p>\n<p><strong>Alle reden vom Krieg. Wir auch. Krieg &#8211; Verh\u00e4ngnis! Krieg &#8211; \u201eUltima ratio\u201c! Krieg \u2013 Gerechtigkeit!\u00a0 Krieg \u2013 Zerst\u00f6rung! Krieg -Tod! Krieg \u2013 Begeisterung! Krieg \u2013 ewiger Frieden! \u2026<\/strong><\/p>\n<p>Seit Bundeskanzler Scholz in seiner Regierungserkl\u00e4rung vom 27. Februar 2022 als Reaktion auf den v\u00f6lkerrechtswidrigen russischen Angriffskrieg in der Ukraine &#8211; unter standing ovations der Bundestagsabgeordneten &#8211; die \u201eZeiten-wende\u201c ausgerufen und 100 Milliarden Sonderverm\u00f6gen f\u00fcr die Aufr\u00fcstung der Bundeswehr gefordert hat, ist \u201eKrieg\u201c erschreckend all \u00fcberall gegenw\u00e4rtig: in den Zeitungen, der Tagesschau, den Talkshows, den Gespr\u00e4chen im Freundeskreis und in der Familie. Journalist*innen und Politiker*innen mutieren zu Milit\u00e4rexpert*innen: Ist die europ\u00e4ische Sicherheitsarchitektur gef\u00e4hrdet? Braucht die Ukraine Marschflugk\u00f6rper? Die Bundesrepublik muss \u201ekriegst\u00fcchtig\u201c sein, die Wehrpflicht wieder eingef\u00fchrt werden. 2,5 oder 5 % des Bundesinlandsprodukt f\u00fcr die Aufr\u00fcstung der Bundeswehr? Usw.<br \/>\nNeben der Wiederaufnahmepremiere <em>DIPLOMATIE von Cyril G\u00e9ly<\/em>, der Inszenierung <em>ICH WERDE SEIN Das Drama Rosa Luxemburg<\/em> stehen verschiedene Lesungen auf dem Programm, die aus unterschiedlichen Blickwinkeln das Thema Krieg umkreisen. Der Briefwechsel zwischen Albert Einstein und Sigmund Freud, der der Frage <em>WARUM KRIEG?<\/em> nachgeht, wird konfrontiert mit Passagen aus dem aktuellen Buch von Ole Nymoen, der darlegt <em>WARUM ICH NIEMALS F\u00dcR MEIN LAND K\u00c4MPFEN W\u00dcRDE<\/em>. In den Romanen <em>IM WESTEN NICHTS NEUES \/ IN STAHLGEWITTERN<\/em> beschreiben Erich Maria Remarque und Ernst J\u00fcnger schonungslos, wie Krieg aussieht und was er mit den Menschen macht. Die Lesung aus dem Rechercheprojekt RUN SOLDIER RUN erz\u00e4hlt die Geschichten von 4 Deserteuren aus vier L\u00e4ndern. Im Anschluss an alle Lesungen finden moderierte Publikumsgespr\u00e4che statt.<\/p>\n<p><u>Das Programm im Einzelnen:<\/u><\/p>\n<p><u>Mittwoch, 24. September \u2013 20 Uhr \/ Lesung<\/u><\/p>\n<p><strong>EINSTEIN \u2013 FREUD &#8211; NYMOEN<br \/>\n<\/strong><strong>Lesung aus WARUM KRIEG? und WARUM ICH NIEMALS F\u00dcR MEIN LAND K\u00c4MPFEN W\u00dcRDE<\/strong><\/p>\n<p>Am 30. Juli 1932 \u2013 ein Jahr vor der nationalsozialistischen Machtergreifung \u2013 schreibt Albert Einstein an Siegmund Freud einen sehr pr\u00e4gnanten Brief mit der Frage: <em>Gibt es einen Weg, die Menschen von dem Verh\u00e4ngnis des Krieges zu befreien? <\/em>Er erhofft sich Einblicke von Freud in die Tiefen des menschlichen Wollens und F\u00fchlens. Siegmund Freud antwortet ihm sehr ausf\u00fchrlich, besch\u00e4ftigt sich mit dem Verh\u00e4ltnis von Recht und Macht, der Trieblehre, der Kulturentwicklung und kommt zu dem Schluss: <em>Es ist nicht zu sagen, aber vielleicht ist es keine utopische Hoffnung, dass der Einfluss dieser beiden Momente, der kulturellen Einstellung und der berechtigten Angst vor den Wirkungen eines Zukunftskrieges dem Kriegf\u00fchren in absehbarer Zeit ein Ende setzen wird\u2026.<br \/>\n<\/em>Dem jungen Ole Nymoen erscheint die Behauptung, das Sicherheitsinteresse eines Staates falle notwendig mit dem seiner Untertanen zusammen, geradezu absurd. Sind es doch junge M\u00e4nner wie er, die gezwungen sind ihr Leben zu riskieren, ob sie wollen oder nicht. Nicht k\u00e4mpfen zu wollen f\u00fcr einen Staat, das ist vor diesem Hintergrund mehr als nur eine individuelle Verweigerung \u2013 n\u00e4mlich ein Akt der Humanit\u00e4t und des Protestes f\u00fcr mehr kollektive Selbstbestimmung.<\/p>\n<p><u>Donnerstag, 25. September \u2013 20 Uhr \/ Lesung<\/u><\/p>\n<p><strong>REMARQUE &#8211; J\u00dcNGER<br \/>\n<\/strong><strong>Lesung aus IM WESTEN NICHTS NEUES \/ IN STAHL-GEWITTERN<\/strong><\/p>\n<p>Gegen\u00fcberstellung von zwei Klassikern der Weltliteratur \u00fcber die Schrecken und die Brutalit\u00e4t des ersten Weltkrieges. Bei Remarque die Geschichte des ahnungslosen neunzehnj\u00e4hrigen Paul B\u00e4umer, der samt Mitsch\u00fclern nach dem Abitur von seinem nationalistischen Klassenlehrer von der Schulbank an die Front geschickt wird. Und bei J\u00fcnger die Laufbahn eines jungen\u00a0engagierten <a href=\"https:\/\/de.wikipedia.org\/wiki\/Kriegsfreiwilliger\">Kriegsfreiwilligen<\/a>, der sich nach seiner ersten\u00a0erlittenen Verwundung zum Infanterieoffizier weiterbilden l\u00e4sst, sich zum erfahrenen\u00a0<a href=\"https:\/\/de.wikipedia.org\/wiki\/Sto\u00dftrupp\">Sto\u00dftruppf\u00fchrer<\/a> entwickelt, mehrfach verwundet wird und hohe Tapferkeitsauszeichnungen erh\u00e4lt.<\/p>\n<p><u>Freitag, 26. September \u2013 20 Uhr \/ Lesung<\/u><\/p>\n<p><strong>RUN SOLDIER RUN<br \/>\n<\/strong><strong>Lesung von Ausz\u00fcgen aus dem Recherche-Projekt RUN SOLDIER RUN <\/strong><strong>dazu ein Nachwort von Franz Nadler (Connection e.V.)<\/strong><\/p>\n<p>Die Erlebnisse von 4 jungen M\u00e4nnern, alle vier um die 20 Jahre: ein T\u00fcrke, ein Eritreer, ein Ukrainer, ein US-Amerikaner. 4 junge Menschen, die nichts mehr mit dem Milit\u00e4r zu tun haben wollen. Vier Schicksale, vier Welten.<\/p>\n<p><u>Samstag, 27. September \u2013 20 Uhr \/ Theater<\/u><\/p>\n<p><strong>DIPLOMATIE<br \/>\n<\/strong><strong>von Cyril G\u00e9ly <\/strong><\/p>\n<p>Paris, im August 1944. General Dietrich von Choltitz, Wehrmachtsbefehlshaber von Gro\u00df-Paris, hat von Hitler den Befehl erhalten: \u201eParis darf nicht oder nur als Tr\u00fcmmerfeld in die Hand des Feindes fallen\u201c. Alles ist f\u00fcr die Zerst\u00f6rung der franz\u00f6sischen Hauptstadt vorbereitet. Pl\u00f6tzlich taucht der schwedische Generalkonsul Raoul Nordling bei von Choltitz auf. Es entspinnt sich ein faszinierendes, bedr\u00fcckendes, atemberaubendes und hoch spannendes Duell zwischen dem schwedischen Diplomaten und dem deutschen Milit\u00e4r.<br \/>\nEin St\u00fcck \u00fcber die Kraft und Macht des Einzelnen und die Kunst der Diplomatie. Es zeigt auf eindringliche Weise: Geschichte wird von Menschen gemacht.<\/p>\n<p><u>Sonntag, 28.September \u2013 18 Uhr \/ Theater<\/u><\/p>\n<p><strong>ICH WERDE SEIN<br \/>\n<\/strong><strong>Das Drama Rosa Luxemburg<\/strong><\/p>\n<p>Rosa Luxemburg hat am 26. September 1913 im Titania die Frankfurter Arbeiter aufgefordert, nicht gegen ihre franz\u00f6sischen Br\u00fcder die Waffen zu erheben. Das ganze Jahr \u00fcber ist sie durch Deutschland gereist und hat den Menschen erkl\u00e4rt, wer von dem Krieg profitieren wird und dass sie selbst immer die Opfer sein werden. <em>\u201eIhr habt\u2019 s an eurem Buckel auszukosten, wenn ein Krieg auf Jahre, auf Jahrzehnte die ruhige wirtschaftliche und kulturelle Entwicklung aufh\u00e4lt. Von euch h\u00e4ngt es ab, ein Veto einzulegen gegen diese halsbrecherische Politik der herrschenden Klasse.\u201c <\/em>Man hat sie daf\u00fcr w\u00e4hrend des ersten Weltkriegs ins Gef\u00e4ngnis gesteckt: 1 Jahr Haftstrafe wegen der antimilitaristischen Rede in Frankfurt-Bockenheim und zweieinhalb Jahre milit\u00e4rische Sicherheitshaft im Interesse der \u00f6ffentlichen Sicherheit.<\/p>\n<p><em>Im Anschluss an die letzte Vorstellung Ausklang der Thementage im Foyer bei Schmalzstulle, Bier und Brause.<\/em><\/p>\n<p style=\"text-align: left;\" align=\"justify\">\n<\/div>\n<div class=\"csColumnGap\" style=\"margin: 0px; padding: 0px; float: left; width: 14.2%;\"><img decoding=\"async\" src=\"http:\/\/freiesschauspiel.de\/wp-content\/plugins\/advanced-wp-columns\/assets\/js\/plugins\/views\/img\/1x1-pixel.png\" \/><\/div>\n<div class=\"csColumn\" style=\"margin: 0px; padding: 0px; float: left; width: 35.1%;\" data-csid=\"5bab444d-43b4-7654-ad6a-e29743b916f1\" data-cswidth=\"35.1%\" data-csendpoint=\"945\" data-csstartpoint=\"608.5\">\n<p><strong>Vorstellungen<\/strong><\/p>\n<p>Mi 24.09. &#8211; 20 Uhr <strong>EINSTEIN \u2013 FREUD &#8211; NYMOEN<\/strong> <a href=\"https:\/\/freiesschauspiel.de\/programm\/spielplan\/themenwoche-warum-krieg\/kartenbestellung-24-sep\">Kartenreservierung<\/a><\/p>\n<p>Do 25.09. &#8211; 20 Uhr <strong>REMARQUE \u2013 J\u00dcNGER<\/strong> <a href=\"https:\/\/freiesschauspiel.de\/programm\/spielplan\/themenwoche-warum-krieg\/kartenbestellung-25-sep\">Kartenreservierung<\/a><\/p>\n<p>Fr 26.09. &#8211; 20 Uhr <strong>RUN SOLDIER RUN<\/strong> <a href=\"https:\/\/freiesschauspiel.de\/programm\/spielplan\/themenwoche-warum-krieg\/kartenbestellung-26-sep\">Kartenreservierung<\/a><\/p>\n<p>Sa, 27.09. &#8211; 20 Uhr <strong>DIPLOMATIE <\/strong><a href=\"https:\/\/freiesschauspiel.de\/programm\/spielplan\/diplomatie\/kartenbestellung-diplomatie-27-sep\">Kartenreservierung<\/a><\/p>\n<p>So, 28.09. &#8211; 18 Uhr <strong>ICH WERDE SEIN\u00a0<\/strong> <a href=\"https:\/\/freiesschauspiel.de\/programm\/spielplan\/ich-werde-sein\/kartenbestellung-ich-werde-sein-28-sept\">Kartenreservierung<\/a><\/p>\n<p><strong>\u00a0<\/strong><\/p>\n<\/div>\n<div class=\"csColumnGap\" style=\"margin: 0px; padding: 0px; float: left; width: 1.56%;\"><img decoding=\"async\" src=\"http:\/\/freiesschauspiel.de\/wp-content\/plugins\/advanced-wp-columns\/assets\/js\/plugins\/views\/img\/1x1-pixel.png\" \/><\/div>\n<\/div>\n","protected":false},"excerpt":{"rendered":"WARUM KRIEG? \/ Themenwoche Alle <a class=\"more-link\" href=\"https:\/\/freiesschauspiel.de\/en\/programm\/spielplan\/themenwoche-warum-krieg\">(&#8230; mehr)<\/a>","protected":false},"author":3,"featured_media":10276,"parent":2,"menu_order":0,"comment_status":"closed","ping_status":"closed","template":"","meta":{"footnotes":""},"translation":{"provider":"WPGlobus","version":"3.0.0","language":"en","enabled_languages":["de","en"],"languages":{"de":{"title":true,"content":true,"excerpt":false},"en":{"title":false,"content":false,"excerpt":false}}},"yoast_head":"<!-- This site is optimized with the Yoast SEO plugin v23.5 - https:\/\/yoast.com\/wordpress\/plugins\/seo\/ -->\n<title>WARUM KRIEG? - Freies Schauspiel Ensemble<\/title>\n<meta name=\"robots\" content=\"index, follow, max-snippet:-1, max-image-preview:large, max-video-preview:-1\" \/>\n<link rel=\"canonical\" href=\"https:\/\/freiesschauspiel.de\/programm\/spielplan\/themenwoche-warum-krieg\" \/>\n<meta property=\"og:locale\" content=\"en_US\" \/>\n<meta property=\"og:type\" content=\"article\" \/>\n<meta property=\"og:title\" content=\"WARUM KRIEG? - Freies Schauspiel Ensemble\" \/>\n<meta property=\"og:url\" content=\"https:\/\/freiesschauspiel.de\/programm\/spielplan\/themenwoche-warum-krieg\" \/>\n<meta property=\"og:site_name\" content=\"Freies Schauspiel Ensemble\" \/>\n<meta property=\"article:publisher\" content=\"https:\/\/www.facebook.com\/FreiesSchauspielEnsemble\/\" \/>\n<meta property=\"article:modified_time\" content=\"2025-08-20T14:46:50+00:00\" \/>\n<meta property=\"og:image\" content=\"https:\/\/freiesschauspiel.de\/wp-content\/uploads\/2025\/08\/HEADER-Warum-Krieg.jpg\" \/>\n\t<meta property=\"og:image:width\" content=\"2560\" \/>\n\t<meta property=\"og:image:height\" content=\"968\" \/>\n\t<meta property=\"og:image:type\" content=\"image\/jpeg\" \/>\n<meta name=\"twitter:card\" content=\"summary_large_image\" \/>\n<meta name=\"twitter:label1\" content=\"Est. reading time\" \/>\n\t<meta name=\"twitter:data1\" content=\"6 minutes\" \/>\n<script type=\"application\/ld+json\" class=\"yoast-schema-graph\">{\"@context\":\"https:\/\/schema.org\",\"@graph\":[{\"@type\":\"WebPage\",\"@id\":\"https:\/\/freiesschauspiel.de\/programm\/spielplan\/themenwoche-warum-krieg\",\"url\":\"https:\/\/freiesschauspiel.de\/programm\/spielplan\/themenwoche-warum-krieg\",\"name\":\"WARUM KRIEG? - Freies Schauspiel Ensemble\",\"isPartOf\":{\"@id\":\"https:\/\/freiesschauspiel.de\/#website\"},\"primaryImageOfPage\":{\"@id\":\"https:\/\/freiesschauspiel.de\/programm\/spielplan\/themenwoche-warum-krieg#primaryimage\"},\"image\":{\"@id\":\"https:\/\/freiesschauspiel.de\/programm\/spielplan\/themenwoche-warum-krieg#primaryimage\"},\"thumbnailUrl\":\"https:\/\/freiesschauspiel.de\/wp-content\/uploads\/2025\/08\/HEADER-Warum-Krieg.jpg\",\"datePublished\":\"2025-08-20T11:33:54+00:00\",\"dateModified\":\"2025-08-20T14:46:50+00:00\",\"breadcrumb\":{\"@id\":\"https:\/\/freiesschauspiel.de\/programm\/spielplan\/themenwoche-warum-krieg#breadcrumb\"},\"inLanguage\":\"en-US\",\"potentialAction\":[{\"@type\":\"ReadAction\",\"target\":[\"https:\/\/freiesschauspiel.de\/programm\/spielplan\/themenwoche-warum-krieg\"]}]},{\"@type\":\"ImageObject\",\"inLanguage\":\"en-US\",\"@id\":\"https:\/\/freiesschauspiel.de\/programm\/spielplan\/themenwoche-warum-krieg#primaryimage\",\"url\":\"https:\/\/freiesschauspiel.de\/wp-content\/uploads\/2025\/08\/HEADER-Warum-Krieg.jpg\",\"contentUrl\":\"https:\/\/freiesschauspiel.de\/wp-content\/uploads\/2025\/08\/HEADER-Warum-Krieg.jpg\",\"width\":2560,\"height\":968},{\"@type\":\"BreadcrumbList\",\"@id\":\"https:\/\/freiesschauspiel.de\/programm\/spielplan\/themenwoche-warum-krieg#breadcrumb\",\"itemListElement\":[{\"@type\":\"ListItem\",\"position\":1,\"name\":\"Startseite\",\"item\":\"https:\/\/freiesschauspiel.de\/\"},{\"@type\":\"ListItem\",\"position\":2,\"name\":\"Programm\",\"item\":\"https:\/\/freiesschauspiel.de\/programm\"},{\"@type\":\"ListItem\",\"position\":3,\"name\":\"Spielplan 2025\/26\",\"item\":\"https:\/\/freiesschauspiel.de\/programm\/spielplan\"},{\"@type\":\"ListItem\",\"position\":4,\"name\":\"WARUM KRIEG?\"}]},{\"@type\":\"WebSite\",\"@id\":\"https:\/\/freiesschauspiel.de\/#website\",\"url\":\"https:\/\/freiesschauspiel.de\/\",\"name\":\"Freies Schauspiel Ensemble\",\"description\":\"im TITANIA\",\"potentialAction\":[{\"@type\":\"SearchAction\",\"target\":{\"@type\":\"EntryPoint\",\"urlTemplate\":\"https:\/\/freiesschauspiel.de\/?s={search_term_string}\"},\"query-input\":{\"@type\":\"PropertyValueSpecification\",\"valueRequired\":true,\"valueName\":\"search_term_string\"}}],\"inLanguage\":\"en-US\"}]}<\/script>\n<!-- \/ Yoast SEO plugin. -->","yoast_head_json":{"title":"WARUM KRIEG? - Freies Schauspiel Ensemble","robots":{"index":"index","follow":"follow","max-snippet":"max-snippet:-1","max-image-preview":"max-image-preview:large","max-video-preview":"max-video-preview:-1"},"canonical":"https:\/\/freiesschauspiel.de\/programm\/spielplan\/themenwoche-warum-krieg","og_locale":"en_US","og_type":"article","og_title":"WARUM KRIEG? - Freies Schauspiel Ensemble","og_url":"https:\/\/freiesschauspiel.de\/programm\/spielplan\/themenwoche-warum-krieg","og_site_name":"Freies Schauspiel Ensemble","article_publisher":"https:\/\/www.facebook.com\/FreiesSchauspielEnsemble\/","article_modified_time":"2025-08-20T14:46:50+00:00","og_image":[{"width":2560,"height":968,"url":"https:\/\/freiesschauspiel.de\/wp-content\/uploads\/2025\/08\/HEADER-Warum-Krieg.jpg","type":"image\/jpeg"}],"twitter_card":"summary_large_image","twitter_misc":{"Est. reading time":"6 minutes"},"schema":{"@context":"https:\/\/schema.org","@graph":[{"@type":"WebPage","@id":"https:\/\/freiesschauspiel.de\/programm\/spielplan\/themenwoche-warum-krieg","url":"https:\/\/freiesschauspiel.de\/programm\/spielplan\/themenwoche-warum-krieg","name":"WARUM KRIEG? - Freies Schauspiel Ensemble","isPartOf":{"@id":"https:\/\/freiesschauspiel.de\/#website"},"primaryImageOfPage":{"@id":"https:\/\/freiesschauspiel.de\/programm\/spielplan\/themenwoche-warum-krieg#primaryimage"},"image":{"@id":"https:\/\/freiesschauspiel.de\/programm\/spielplan\/themenwoche-warum-krieg#primaryimage"},"thumbnailUrl":"https:\/\/freiesschauspiel.de\/wp-content\/uploads\/2025\/08\/HEADER-Warum-Krieg.jpg","datePublished":"2025-08-20T11:33:54+00:00","dateModified":"2025-08-20T14:46:50+00:00","breadcrumb":{"@id":"https:\/\/freiesschauspiel.de\/programm\/spielplan\/themenwoche-warum-krieg#breadcrumb"},"inLanguage":"en-US","potentialAction":[{"@type":"ReadAction","target":["https:\/\/freiesschauspiel.de\/programm\/spielplan\/themenwoche-warum-krieg"]}]},{"@type":"ImageObject","inLanguage":"en-US","@id":"https:\/\/freiesschauspiel.de\/programm\/spielplan\/themenwoche-warum-krieg#primaryimage","url":"https:\/\/freiesschauspiel.de\/wp-content\/uploads\/2025\/08\/HEADER-Warum-Krieg.jpg","contentUrl":"https:\/\/freiesschauspiel.de\/wp-content\/uploads\/2025\/08\/HEADER-Warum-Krieg.jpg","width":2560,"height":968},{"@type":"BreadcrumbList","@id":"https:\/\/freiesschauspiel.de\/programm\/spielplan\/themenwoche-warum-krieg#breadcrumb","itemListElement":[{"@type":"ListItem","position":1,"name":"Startseite","item":"https:\/\/freiesschauspiel.de\/"},{"@type":"ListItem","position":2,"name":"Programm","item":"https:\/\/freiesschauspiel.de\/programm"},{"@type":"ListItem","position":3,"name":"Spielplan 2025\/26","item":"https:\/\/freiesschauspiel.de\/programm\/spielplan"},{"@type":"ListItem","position":4,"name":"WARUM KRIEG?"}]},{"@type":"WebSite","@id":"https:\/\/freiesschauspiel.de\/#website","url":"https:\/\/freiesschauspiel.de\/","name":"Freies Schauspiel Ensemble","description":"im TITANIA","potentialAction":[{"@type":"SearchAction","target":{"@type":"EntryPoint","urlTemplate":"https:\/\/freiesschauspiel.de\/?s={search_term_string}"},"query-input":{"@type":"PropertyValueSpecification","valueRequired":true,"valueName":"search_term_string"}}],"inLanguage":"en-US"}]}},"_links":{"self":[{"href":"https:\/\/freiesschauspiel.de\/en\/wp-json\/wp\/v2\/pages\/10253"}],"collection":[{"href":"https:\/\/freiesschauspiel.de\/en\/wp-json\/wp\/v2\/pages"}],"about":[{"href":"https:\/\/freiesschauspiel.de\/en\/wp-json\/wp\/v2\/types\/page"}],"author":[{"embeddable":true,"href":"https:\/\/freiesschauspiel.de\/en\/wp-json\/wp\/v2\/users\/3"}],"replies":[{"embeddable":true,"href":"https:\/\/freiesschauspiel.de\/en\/wp-json\/wp\/v2\/comments?post=10253"}],"version-history":[{"count":13,"href":"https:\/\/freiesschauspiel.de\/en\/wp-json\/wp\/v2\/pages\/10253\/revisions"}],"predecessor-version":[{"id":10284,"href":"https:\/\/freiesschauspiel.de\/en\/wp-json\/wp\/v2\/pages\/10253\/revisions\/10284"}],"up":[{"embeddable":true,"href":"https:\/\/freiesschauspiel.de\/en\/wp-json\/wp\/v2\/pages\/2"}],"wp:featuredmedia":[{"embeddable":true,"href":"https:\/\/freiesschauspiel.de\/en\/wp-json\/wp\/v2\/media\/10276"}],"wp:attachment":[{"href":"https:\/\/freiesschauspiel.de\/en\/wp-json\/wp\/v2\/media?parent=10253"}],"curies":[{"name":"wp","href":"https:\/\/api.w.org\/{rel}","templated":true}]}}