{"id":1033,"date":"2016-09-22T13:03:40","date_gmt":"2016-09-22T13:03:40","guid":{"rendered":"http:\/\/freiesschauspiel.de\/?page_id=1033"},"modified":"2017-06-28T12:34:35","modified_gmt":"2017-06-28T10:34:35","slug":"zeit-des-verschwindens","status":"publish","type":"page","link":"https:\/\/freiesschauspiel.de\/en\/programm\/zeit-des-verschwindens","title":{"rendered":"ZEIT DES VERSCHWINDENS"},"content":{"rendered":"<div class=\"csRow\">\n<div class=\"csColumnGap\" style=\"margin: 0px; padding: 0px; float: left; width: 1.56%; text-align: left;\"><img decoding=\"async\" src=\"http:\/\/freiesschauspiel.de\/wp-content\/plugins\/advanced-wp-columns\/assets\/js\/plugins\/views\/img\/1x1-pixel.png\" \/><\/div>\n<div class=\"csColumn\" style=\"margin: 0px; padding: 0px; float: left; width: 47.7%;\" data-csid=\"df721095-0eae-9f90-9e78-55575063f5d4\" data-cswidth=\"47.7%\" data-csendpoint=\"472.5\" data-csstartpoint=\"15\">\n<p style=\"text-align: left;\" align=\"justify\"><em>&#8220;Es gibt \u00fcber jeden Menschen einen Satz, der ihn zerst\u00f6rt. Die meiste Zeit versucht man alles, damit er nicht ausgesprochen wird.&#8221;<\/em><\/p>\n<p style=\"text-align: left;\" align=\"justify\">ZEIT DES VERSCHWINDENS ist eine abenteuerliche Entdeckungsreise in die Innenwelt zweier Menschen und zugleich eine irritierende Begegnung mit sich selbst: Mit dem eigenen Verlangen nach Offenheit, Mut, Spontaneit\u00e4t, Leidenschaft, mit der eigenen Angst, nicht zu gen\u00fcgen, zu scheitern, zu verletzen oder verletzt zu werden, mit der eigenen Unf\u00e4higkeit, andere Menschen als die wahr zu nehmen, die sie wirklich sind, und nicht zuletzt mit der eigenen absurden Hoffnung, dennoch gl\u00fccklich zu werden.<\/p>\n<p style=\"text-align: left;\">John von D\u00fcffel, geboren 1966 in G\u00f6ttingen, ist Schriftsteller, Dramatiker und \u00dcbersetzer. Zurzeit arbeitet er zudem als Dramaturg am Deutschen Theater Berlin. F\u00fcr sein Romandeb\u00fct &#8220;Vom Wasser&#8221; wurde er mit dem Aspekte-Literaturpreis ausgezeichnet und erhielt seitdem zahlreiche weitere Preise. Er ver\u00f6ffentlichte u. a. folgende Prosawerke: &#8220;Houwelandt&#8221;, &#8220;Ego&#8221;, &#8220;Beste Jahre&#8221;, &#8220;Hotel Angst&#8221;.<\/p>\n<\/div>\n<div class=\"csColumnGap\" style=\"margin: 0px; padding: 0px; float: left; width: 14.2%;\"><img decoding=\"async\" src=\"http:\/\/freiesschauspiel.de\/wp-content\/plugins\/advanced-wp-columns\/assets\/js\/plugins\/views\/img\/1x1-pixel.png\" \/><\/div>\n<div class=\"csColumn\" style=\"margin: 0px; padding: 0px; float: left; width: 35.1%;\" data-csid=\"7a8cb585-009c-23c2-85e0-10c6df4c7e47\" data-cswidth=\"35.1%\" data-csendpoint=\"945\" data-csstartpoint=\"608.5\">\n<p><strong>ZEIT DES VERSCHWINDENS<\/strong><br \/>\nnach dem gleichnamigen Roman von John von D\u00fcffel<\/p>\n<p><strong>Es spielen <\/strong>Michaela Conrad, Adrian Scherschel<br \/>\n<strong>Inszenierung<\/strong> Reinhard Hinzpeter<br \/>\n<strong>B\u00fchne<\/strong> Gerd Friedrich<\/p>\n\n\t\t<style type=\"text\/css\">\n\t\t\t#gallery-1 {\n\t\t\t\tmargin: auto;\n\t\t\t}\n\t\t\t#gallery-1 .gallery-item {\n\t\t\t\tfloat: left;\n\t\t\t\tmargin-top: 10px;\n\t\t\t\ttext-align: center;\n\t\t\t\twidth: 33%;\n\t\t\t}\n\t\t\t#gallery-1 img {\n\t\t\t\tborder: 2px solid #cfcfcf;\n\t\t\t}\n\t\t\t#gallery-1 .gallery-caption {\n\t\t\t\tmargin-left: 0;\n\t\t\t}\n\t\t\t\/* see gallery_shortcode() in wp-includes\/media.php *\/\n\t\t<\/style>\n\t\t<div id='gallery-1' class='gallery galleryid-1033 gallery-columns-3 gallery-size-small'><dl class='gallery-item'>\n\t\t\t<dt class='gallery-icon landscape'>\n\t\t\t\t<a href='https:\/\/freiesschauspiel.de\/wp-content\/uploads\/2016\/09\/ZeitdesVerschwindens-1-1024x683.jpg' title=\"Michaela Conrad in ZEIT DES VERSCHWINDENS \u00a9 Felix Holland\" data-rl_title=\"Michaela Conrad in ZEIT DES VERSCHWINDENS \u00a9 Felix Holland\" class=\"rl-gallery-link\" data-rl_caption=\"\" data-rel=\"lightbox-gallery-1\"><img loading=\"lazy\" decoding=\"async\" width=\"767\" height=\"511\" src=\"https:\/\/freiesschauspiel.de\/wp-content\/uploads\/2016\/09\/ZeitdesVerschwindens-1-e1498042641681.jpg\" class=\"attachment-small size-small\" alt=\"Michaela Conrad in ZEIT DES VERSCHWINDENS \u00a9 Felix Holland\" \/><\/a>\n\t\t\t<\/dt><\/dl><dl class='gallery-item'>\n\t\t\t<dt class='gallery-icon landscape'>\n\t\t\t\t<a href='https:\/\/freiesschauspiel.de\/wp-content\/uploads\/2016\/09\/ZeitdesVerschwindens-2-1024x683.jpg' title=\"Michaela Conrad in ZEIT DES VERSCHWINDENS \u00a9 Felix Holland\" data-rl_title=\"Michaela Conrad in ZEIT DES VERSCHWINDENS \u00a9 Felix Holland\" class=\"rl-gallery-link\" data-rl_caption=\"\" data-rel=\"lightbox-gallery-1\"><img loading=\"lazy\" decoding=\"async\" width=\"767\" height=\"511\" src=\"https:\/\/freiesschauspiel.de\/wp-content\/uploads\/2016\/09\/ZeitdesVerschwindens-2-e1498042628701.jpg\" class=\"attachment-small size-small\" alt=\"Michaela Conrad in ZEIT DES VERSCHWINDENS \u00a9 Felix Holland\" \/><\/a>\n\t\t\t<\/dt><\/dl><dl class='gallery-item'>\n\t\t\t<dt class='gallery-icon landscape'>\n\t\t\t\t<a href='https:\/\/freiesschauspiel.de\/wp-content\/uploads\/2016\/09\/ZeitdesVerschwindens-3-1024x683.jpg' title=\"v.l. Michaela Conrad, Adrian Scherschel in ZEIT DES VERSCHWINDENS \u00a9 Felix Holland\" data-rl_title=\"v.l. Michaela Conrad, Adrian Scherschel in ZEIT DES VERSCHWINDENS \u00a9 Felix Holland\" class=\"rl-gallery-link\" data-rl_caption=\"\" data-rel=\"lightbox-gallery-1\"><img loading=\"lazy\" decoding=\"async\" width=\"767\" height=\"511\" src=\"https:\/\/freiesschauspiel.de\/wp-content\/uploads\/2016\/09\/ZeitdesVerschwindens-3-e1498042615249.jpg\" class=\"attachment-small size-small\" alt=\"v.l. Michaela Conrad, Adrian Scherschel in ZEIT DES VERSCHWINDENS \u00a9 Felix Holland\" \/><\/a>\n\t\t\t<\/dt><\/dl><br style=\"clear: both\" \/>\n\t\t<\/div>\n\n<p><a href=\"http:\/\/freiesschauspiel.de\/programm\/zeit-des-verschwindens\/pressestimmen\">Pressestimmen<\/a><\/p>\n<p><strong>Urauff\u00fchrung<\/strong> 02. April 2011<\/p>\n<\/div>\n<div class=\"csColumnGap\" style=\"margin: 0px; padding: 0px; float: left; width: 1.56%;\"><img decoding=\"async\" src=\"http:\/\/freiesschauspiel.de\/wp-content\/plugins\/advanced-wp-columns\/assets\/js\/plugins\/views\/img\/1x1-pixel.png\" \/><\/div>\n<div style=\"clear: both; float: none; display: block; visibility: hidden; width: 0px; font-size: 0px; line-height: 0;\"><\/div>\n<\/div>\n","protected":false},"excerpt":{"rendered":"&#8220;Es gibt \u00fcber jeden Menschen <a class=\"more-link\" href=\"https:\/\/freiesschauspiel.de\/en\/programm\/zeit-des-verschwindens\">(&#8230; mehr)<\/a>","protected":false},"author":1,"featured_media":1038,"parent":527,"menu_order":0,"comment_status":"closed","ping_status":"closed","template":"","meta":{"footnotes":""},"translation":{"provider":"WPGlobus","version":"3.0.0","language":"en","enabled_languages":["de","en"],"languages":{"de":{"title":true,"content":true,"excerpt":false},"en":{"title":false,"content":false,"excerpt":false}}},"yoast_head":"<!-- This site is optimized with the Yoast SEO plugin v23.5 - https:\/\/yoast.com\/wordpress\/plugins\/seo\/ -->\n<title>Freies Schauspiel Ensemble - Time of Disappearance - John von D\u00fcffel<\/title>\n<meta name=\"robots\" content=\"index, follow, max-snippet:-1, max-image-preview:large, max-video-preview:-1\" \/>\n<link rel=\"canonical\" href=\"https:\/\/freiesschauspiel.de\/programm\/zeit-des-verschwindens\" \/>\n<meta property=\"og:locale\" content=\"en_US\" \/>\n<meta property=\"og:type\" content=\"article\" \/>\n<meta property=\"og:title\" content=\"Freies Schauspiel Ensemble - Time of Disappearance - John von D\u00fcffel\" \/>\n<meta property=\"og:url\" content=\"https:\/\/freiesschauspiel.de\/programm\/zeit-des-verschwindens\" \/>\n<meta property=\"og:site_name\" content=\"Freies Schauspiel Ensemble\" \/>\n<meta property=\"article:publisher\" content=\"https:\/\/www.facebook.com\/FreiesSchauspielEnsemble\/\" \/>\n<meta property=\"article:modified_time\" content=\"2017-06-28T10:34:35+00:00\" \/>\n<meta property=\"og:image\" content=\"https:\/\/freiesschauspiel.de\/wp-content\/uploads\/2016\/09\/ZeitDesVerschwindens.jpg\" \/>\n\t<meta property=\"og:image:width\" content=\"1911\" \/>\n\t<meta property=\"og:image:height\" content=\"720\" \/>\n\t<meta property=\"og:image:type\" content=\"image\/jpeg\" \/>\n<meta name=\"twitter:card\" content=\"summary_large_image\" \/>\n<meta name=\"twitter:label1\" content=\"Est. reading time\" \/>\n\t<meta name=\"twitter:data1\" content=\"1 minute\" \/>\n<script type=\"application\/ld+json\" class=\"yoast-schema-graph\">{\"@context\":\"https:\/\/schema.org\",\"@graph\":[{\"@type\":\"WebPage\",\"@id\":\"https:\/\/freiesschauspiel.de\/programm\/zeit-des-verschwindens\",\"url\":\"https:\/\/freiesschauspiel.de\/programm\/zeit-des-verschwindens\",\"name\":\"Freies Schauspiel Ensemble - Time of Disappearance - John von D\u00fcffel\",\"isPartOf\":{\"@id\":\"https:\/\/freiesschauspiel.de\/#website\"},\"primaryImageOfPage\":{\"@id\":\"https:\/\/freiesschauspiel.de\/programm\/zeit-des-verschwindens#primaryimage\"},\"image\":{\"@id\":\"https:\/\/freiesschauspiel.de\/programm\/zeit-des-verschwindens#primaryimage\"},\"thumbnailUrl\":\"https:\/\/freiesschauspiel.de\/wp-content\/uploads\/2016\/09\/ZeitDesVerschwindens.jpg\",\"datePublished\":\"2016-09-22T13:03:40+00:00\",\"dateModified\":\"2017-06-28T10:34:35+00:00\",\"breadcrumb\":{\"@id\":\"https:\/\/freiesschauspiel.de\/programm\/zeit-des-verschwindens#breadcrumb\"},\"inLanguage\":\"en-US\",\"potentialAction\":[{\"@type\":\"ReadAction\",\"target\":[\"https:\/\/freiesschauspiel.de\/programm\/zeit-des-verschwindens\"]}]},{\"@type\":\"ImageObject\",\"inLanguage\":\"en-US\",\"@id\":\"https:\/\/freiesschauspiel.de\/programm\/zeit-des-verschwindens#primaryimage\",\"url\":\"https:\/\/freiesschauspiel.de\/wp-content\/uploads\/2016\/09\/ZeitDesVerschwindens.jpg\",\"contentUrl\":\"https:\/\/freiesschauspiel.de\/wp-content\/uploads\/2016\/09\/ZeitDesVerschwindens.jpg\",\"width\":1911,\"height\":720,\"caption\":\"Freies Schauspiel Ensemble - Produktion: \\\"Zeit des Verschwindens\\\" nach dem gleichnamigen Roman von John von D\u00fcffel. - Regie: Reinhard Hinzpeter, Schauspieler: Michaela Conrad und Adrian Scherschel\"},{\"@type\":\"BreadcrumbList\",\"@id\":\"https:\/\/freiesschauspiel.de\/programm\/zeit-des-verschwindens#breadcrumb\",\"itemListElement\":[{\"@type\":\"ListItem\",\"position\":1,\"name\":\"Startseite\",\"item\":\"https:\/\/freiesschauspiel.de\/\"},{\"@type\":\"ListItem\",\"position\":2,\"name\":\"Programm\",\"item\":\"https:\/\/freiesschauspiel.de\/programm\"},{\"@type\":\"ListItem\",\"position\":3,\"name\":\"ZEIT DES VERSCHWINDENS\"}]},{\"@type\":\"WebSite\",\"@id\":\"https:\/\/freiesschauspiel.de\/#website\",\"url\":\"https:\/\/freiesschauspiel.de\/\",\"name\":\"Freies Schauspiel Ensemble\",\"description\":\"im TITANIA\",\"potentialAction\":[{\"@type\":\"SearchAction\",\"target\":{\"@type\":\"EntryPoint\",\"urlTemplate\":\"https:\/\/freiesschauspiel.de\/?s={search_term_string}\"},\"query-input\":{\"@type\":\"PropertyValueSpecification\",\"valueRequired\":true,\"valueName\":\"search_term_string\"}}],\"inLanguage\":\"en-US\"}]}<\/script>\n<!-- \/ Yoast SEO plugin. -->","yoast_head_json":{"title":"Freies Schauspiel Ensemble - Time of Disappearance - John von D\u00fcffel","robots":{"index":"index","follow":"follow","max-snippet":"max-snippet:-1","max-image-preview":"max-image-preview:large","max-video-preview":"max-video-preview:-1"},"canonical":"https:\/\/freiesschauspiel.de\/programm\/zeit-des-verschwindens","og_locale":"en_US","og_type":"article","og_title":"Freies Schauspiel Ensemble - Time of Disappearance - John von D\u00fcffel","og_url":"https:\/\/freiesschauspiel.de\/programm\/zeit-des-verschwindens","og_site_name":"Freies Schauspiel Ensemble","article_publisher":"https:\/\/www.facebook.com\/FreiesSchauspielEnsemble\/","article_modified_time":"2017-06-28T10:34:35+00:00","og_image":[{"width":1911,"height":720,"url":"https:\/\/freiesschauspiel.de\/wp-content\/uploads\/2016\/09\/ZeitDesVerschwindens.jpg","type":"image\/jpeg"}],"twitter_card":"summary_large_image","twitter_misc":{"Est. reading time":"1 minute"},"schema":{"@context":"https:\/\/schema.org","@graph":[{"@type":"WebPage","@id":"https:\/\/freiesschauspiel.de\/programm\/zeit-des-verschwindens","url":"https:\/\/freiesschauspiel.de\/programm\/zeit-des-verschwindens","name":"Freies Schauspiel Ensemble - Time of Disappearance - John von D\u00fcffel","isPartOf":{"@id":"https:\/\/freiesschauspiel.de\/#website"},"primaryImageOfPage":{"@id":"https:\/\/freiesschauspiel.de\/programm\/zeit-des-verschwindens#primaryimage"},"image":{"@id":"https:\/\/freiesschauspiel.de\/programm\/zeit-des-verschwindens#primaryimage"},"thumbnailUrl":"https:\/\/freiesschauspiel.de\/wp-content\/uploads\/2016\/09\/ZeitDesVerschwindens.jpg","datePublished":"2016-09-22T13:03:40+00:00","dateModified":"2017-06-28T10:34:35+00:00","breadcrumb":{"@id":"https:\/\/freiesschauspiel.de\/programm\/zeit-des-verschwindens#breadcrumb"},"inLanguage":"en-US","potentialAction":[{"@type":"ReadAction","target":["https:\/\/freiesschauspiel.de\/programm\/zeit-des-verschwindens"]}]},{"@type":"ImageObject","inLanguage":"en-US","@id":"https:\/\/freiesschauspiel.de\/programm\/zeit-des-verschwindens#primaryimage","url":"https:\/\/freiesschauspiel.de\/wp-content\/uploads\/2016\/09\/ZeitDesVerschwindens.jpg","contentUrl":"https:\/\/freiesschauspiel.de\/wp-content\/uploads\/2016\/09\/ZeitDesVerschwindens.jpg","width":1911,"height":720,"caption":"Freies Schauspiel Ensemble - Produktion: \"Zeit des Verschwindens\" nach dem gleichnamigen Roman von John von D\u00fcffel. - Regie: Reinhard Hinzpeter, Schauspieler: Michaela Conrad und Adrian Scherschel"},{"@type":"BreadcrumbList","@id":"https:\/\/freiesschauspiel.de\/programm\/zeit-des-verschwindens#breadcrumb","itemListElement":[{"@type":"ListItem","position":1,"name":"Startseite","item":"https:\/\/freiesschauspiel.de\/"},{"@type":"ListItem","position":2,"name":"Programm","item":"https:\/\/freiesschauspiel.de\/programm"},{"@type":"ListItem","position":3,"name":"ZEIT DES VERSCHWINDENS"}]},{"@type":"WebSite","@id":"https:\/\/freiesschauspiel.de\/#website","url":"https:\/\/freiesschauspiel.de\/","name":"Freies Schauspiel Ensemble","description":"im TITANIA","potentialAction":[{"@type":"SearchAction","target":{"@type":"EntryPoint","urlTemplate":"https:\/\/freiesschauspiel.de\/?s={search_term_string}"},"query-input":{"@type":"PropertyValueSpecification","valueRequired":true,"valueName":"search_term_string"}}],"inLanguage":"en-US"}]}},"_links":{"self":[{"href":"https:\/\/freiesschauspiel.de\/en\/wp-json\/wp\/v2\/pages\/1033"}],"collection":[{"href":"https:\/\/freiesschauspiel.de\/en\/wp-json\/wp\/v2\/pages"}],"about":[{"href":"https:\/\/freiesschauspiel.de\/en\/wp-json\/wp\/v2\/types\/page"}],"author":[{"embeddable":true,"href":"https:\/\/freiesschauspiel.de\/en\/wp-json\/wp\/v2\/users\/1"}],"replies":[{"embeddable":true,"href":"https:\/\/freiesschauspiel.de\/en\/wp-json\/wp\/v2\/comments?post=1033"}],"version-history":[{"count":6,"href":"https:\/\/freiesschauspiel.de\/en\/wp-json\/wp\/v2\/pages\/1033\/revisions"}],"predecessor-version":[{"id":2438,"href":"https:\/\/freiesschauspiel.de\/en\/wp-json\/wp\/v2\/pages\/1033\/revisions\/2438"}],"up":[{"embeddable":true,"href":"https:\/\/freiesschauspiel.de\/en\/wp-json\/wp\/v2\/pages\/527"}],"wp:featuredmedia":[{"embeddable":true,"href":"https:\/\/freiesschauspiel.de\/en\/wp-json\/wp\/v2\/media\/1038"}],"wp:attachment":[{"href":"https:\/\/freiesschauspiel.de\/en\/wp-json\/wp\/v2\/media?parent=1033"}],"curies":[{"name":"wp","href":"https:\/\/api.w.org\/{rel}","templated":true}]}}