{"id":1046,"date":"2016-09-22T13:40:10","date_gmt":"2016-09-22T13:40:10","guid":{"rendered":"http:\/\/freiesschauspiel.de\/?page_id=1046"},"modified":"2017-06-28T11:27:34","modified_gmt":"2017-06-28T09:27:34","slug":"kaspar-haeuser-meer","status":"publish","type":"page","link":"https:\/\/freiesschauspiel.de\/en\/programm\/kaspar-haeuser-meer","title":{"rendered":"KASPAR H\u00c4USER MEER"},"content":{"rendered":"<div class=\"csRow\">\n<div class=\"csColumnGap\" style=\"margin: 0px; padding: 0px; float: left; width: 1.56%; text-align: left;\"><img decoding=\"async\" src=\"http:\/\/freiesschauspiel.de\/wp-content\/plugins\/advanced-wp-columns\/assets\/js\/plugins\/views\/img\/1x1-pixel.png\" \/><\/div>\n<div class=\"csColumn\" style=\"margin: 0px; padding: 0px; float: left; width: 47.7%;\" data-csid=\"596db852-eec8-3cad-a1ae-c9c08bf93d9d\" data-cswidth=\"47.7%\" data-csendpoint=\"472.5\" data-csstartpoint=\"15\">\n<p style=\"text-align: left;\" align=\"justify\">Drei Sozialarbeiterinnen am Rande des Nervenzusammenbruchs. Ort des Geschehens: das st\u00e4dtische Jugendamt. T\u00e4glich k\u00e4mpfen die \u201cDrei Damen vom Jugendamt\u201d gegen desolate Familienverh\u00e4ltnisse, emotional verrohte Eltern, &#8220;passionierte Stammelder&#8221; und realit\u00e4tsferne Gesetze. Drei Frauen: engagiert, flexibel, voll guten Willens und heillos \u00fcberfordert.<\/p>\n<\/div>\n<div class=\"csColumnGap\" style=\"margin: 0px; padding: 0px; float: left; width: 14.2%;\"><img decoding=\"async\" src=\"http:\/\/freiesschauspiel.de\/wp-content\/plugins\/advanced-wp-columns\/assets\/js\/plugins\/views\/img\/1x1-pixel.png\" \/><\/div>\n<div class=\"csColumn\" style=\"margin: 0px; padding: 0px; float: left; width: 35.1%;\" data-csid=\"4f91cbcb-b277-b2d8-86e5-3f363f345032\" data-cswidth=\"35.1%\" data-csendpoint=\"945\" data-csstartpoint=\"608.5\">\n<p><strong>KASPAR H\u00c4USER MEER<\/strong><br \/>\nvon Felicia Zeller<\/p>\n<p><strong>Es spielen <\/strong>Naja Marie Domsel, Bettina Kaminski, Neda Rahmanian<br \/>\n<strong>Inszenierung<\/strong> Reinhard Hinzpeter<br \/>\n<strong>B\u00fchne<\/strong> Gerd Friedrich<\/p>\n\n\t\t<style type=\"text\/css\">\n\t\t\t#gallery-1 {\n\t\t\t\tmargin: auto;\n\t\t\t}\n\t\t\t#gallery-1 .gallery-item {\n\t\t\t\tfloat: left;\n\t\t\t\tmargin-top: 10px;\n\t\t\t\ttext-align: center;\n\t\t\t\twidth: 33%;\n\t\t\t}\n\t\t\t#gallery-1 img {\n\t\t\t\tborder: 2px solid #cfcfcf;\n\t\t\t}\n\t\t\t#gallery-1 .gallery-caption {\n\t\t\t\tmargin-left: 0;\n\t\t\t}\n\t\t\t\/* see gallery_shortcode() in wp-includes\/media.php *\/\n\t\t<\/style>\n\t\t<div id='gallery-1' class='gallery galleryid-1046 gallery-columns-3 gallery-size-small'><dl class='gallery-item'>\n\t\t\t<dt class='gallery-icon landscape'>\n\t\t\t\t<a href='https:\/\/freiesschauspiel.de\/wp-content\/uploads\/2016\/09\/KaspaH\u00e4userMeer-1-1024x745.jpg' title=\"v.l. Rahmanian, Kaminski, Domsel in KASPAR H\u00c4USER MEER \u00a9 Felix Holland\" data-rl_title=\"v.l. Rahmanian, Kaminski, Domsel in KASPAR H\u00c4USER MEER \u00a9 Felix Holland\" class=\"rl-gallery-link\" data-rl_caption=\"\" data-rel=\"lightbox-gallery-1\"><img loading=\"lazy\" decoding=\"async\" width=\"1063\" height=\"773\" src=\"https:\/\/freiesschauspiel.de\/wp-content\/uploads\/2016\/09\/KaspaH\u00e4userMeer-1-e1498042591197.jpg\" class=\"attachment-small size-small\" alt=\"v.l. Rahmanian, Kaminski, Domsel in KASPAR H\u00c4USER MEER \u00a9 Felix Holland\" \/><\/a>\n\t\t\t<\/dt><\/dl><dl class='gallery-item'>\n\t\t\t<dt class='gallery-icon landscape'>\n\t\t\t\t<a href='https:\/\/freiesschauspiel.de\/wp-content\/uploads\/2016\/09\/KaspaH\u00e4userMeer-2-1024x683.jpg' title=\"Neda Rahmanian in KASPAR H\u00c4USER MEER \u00a9 Felix Holland\" data-rl_title=\"Neda Rahmanian in KASPAR H\u00c4USER MEER \u00a9 Felix Holland\" class=\"rl-gallery-link\" data-rl_caption=\"\" data-rel=\"lightbox-gallery-1\"><img loading=\"lazy\" decoding=\"async\" width=\"768\" height=\"512\" src=\"https:\/\/freiesschauspiel.de\/wp-content\/uploads\/2016\/09\/KaspaH\u00e4userMeer-2-e1498042578410.jpg\" class=\"attachment-small size-small\" alt=\"Neda Rahmanian in KASPAR H\u00c4USER MEER \u00a9 Felix Holland\" \/><\/a>\n\t\t\t<\/dt><\/dl><dl class='gallery-item'>\n\t\t\t<dt class='gallery-icon landscape'>\n\t\t\t\t<a href='https:\/\/freiesschauspiel.de\/wp-content\/uploads\/2016\/09\/KaspaH\u00e4userMeer-3-1024x636.jpg' title=\"v.l. Rahmanian, Domsel, Kaminski in KASPAR H\u00c4USER MEER \u00a9 Felix Holland\" data-rl_title=\"v.l. Rahmanian, Domsel, Kaminski in KASPAR H\u00c4USER MEER \u00a9 Felix Holland\" class=\"rl-gallery-link\" data-rl_caption=\"\" data-rel=\"lightbox-gallery-1\"><img loading=\"lazy\" decoding=\"async\" width=\"617\" height=\"383\" src=\"https:\/\/freiesschauspiel.de\/wp-content\/uploads\/2016\/09\/KaspaH\u00e4userMeer-3-e1498042545225.jpg\" class=\"attachment-small size-small\" alt=\"v.l. Rahmanian, Domsel, Kaminski in KASPAR H\u00c4USER MEER \u00a9 Felix Holland\" \/><\/a>\n\t\t\t<\/dt><\/dl><br style=\"clear: both\" \/>\n\t\t<\/div>\n\n<p><a href=\"http:\/\/freiesschauspiel.de\/programm\/kaspar-haeuser-meer\/pressestimmen\">Pressestimmen<\/a><\/p>\n<p><strong>Premiere<\/strong> 23. Oktober 2010<\/p>\n<\/div>\n<div class=\"csColumnGap\" style=\"margin: 0px; padding: 0px; float: left; width: 1.56%;\"><img decoding=\"async\" src=\"http:\/\/freiesschauspiel.de\/wp-content\/plugins\/advanced-wp-columns\/assets\/js\/plugins\/views\/img\/1x1-pixel.png\" \/><\/div>\n<div style=\"clear: both; float: none; display: block; visibility: hidden; width: 0px; font-size: 0px; line-height: 0;\"><\/div>\n<\/div>\n","protected":false},"excerpt":{"rendered":"Drei Sozialarbeiterinnen am Rande des <a class=\"more-link\" href=\"https:\/\/freiesschauspiel.de\/en\/programm\/kaspar-haeuser-meer\">(&#8230; mehr)<\/a>","protected":false},"author":1,"featured_media":1047,"parent":527,"menu_order":0,"comment_status":"closed","ping_status":"closed","template":"","meta":{"footnotes":""},"translation":{"provider":"WPGlobus","version":"3.0.0","language":"en","enabled_languages":["de","en"],"languages":{"de":{"title":true,"content":true,"excerpt":false},"en":{"title":false,"content":false,"excerpt":false}}},"yoast_head":"<!-- This site is optimized with the Yoast SEO plugin v23.5 - https:\/\/yoast.com\/wordpress\/plugins\/seo\/ -->\n<title>Freies Schauspiel Ensemble - Kaspar and the Sea of Houses - Felicia Zeller<\/title>\n<meta name=\"robots\" content=\"index, follow, max-snippet:-1, max-image-preview:large, max-video-preview:-1\" \/>\n<link rel=\"canonical\" href=\"https:\/\/freiesschauspiel.de\/programm\/kaspar-haeuser-meer\" \/>\n<meta property=\"og:locale\" content=\"en_US\" \/>\n<meta property=\"og:type\" content=\"article\" \/>\n<meta property=\"og:title\" content=\"Freies Schauspiel Ensemble - Kaspar and the Sea of Houses - Felicia Zeller\" \/>\n<meta property=\"og:url\" content=\"https:\/\/freiesschauspiel.de\/programm\/kaspar-haeuser-meer\" \/>\n<meta property=\"og:site_name\" content=\"Freies Schauspiel Ensemble\" \/>\n<meta property=\"article:publisher\" content=\"https:\/\/www.facebook.com\/FreiesSchauspielEnsemble\/\" \/>\n<meta property=\"article:modified_time\" content=\"2017-06-28T09:27:34+00:00\" \/>\n<meta property=\"og:image\" content=\"https:\/\/freiesschauspiel.de\/wp-content\/uploads\/2016\/09\/KasparH\u00e4userMeer.jpg\" \/>\n\t<meta property=\"og:image:width\" content=\"1904\" \/>\n\t<meta property=\"og:image:height\" content=\"720\" \/>\n\t<meta property=\"og:image:type\" content=\"image\/jpeg\" \/>\n<meta name=\"twitter:card\" content=\"summary_large_image\" \/>\n<script type=\"application\/ld+json\" class=\"yoast-schema-graph\">{\"@context\":\"https:\/\/schema.org\",\"@graph\":[{\"@type\":\"WebPage\",\"@id\":\"https:\/\/freiesschauspiel.de\/programm\/kaspar-haeuser-meer\",\"url\":\"https:\/\/freiesschauspiel.de\/programm\/kaspar-haeuser-meer\",\"name\":\"Freies Schauspiel Ensemble - Kaspar and the Sea of Houses - Felicia Zeller\",\"isPartOf\":{\"@id\":\"https:\/\/freiesschauspiel.de\/#website\"},\"primaryImageOfPage\":{\"@id\":\"https:\/\/freiesschauspiel.de\/programm\/kaspar-haeuser-meer#primaryimage\"},\"image\":{\"@id\":\"https:\/\/freiesschauspiel.de\/programm\/kaspar-haeuser-meer#primaryimage\"},\"thumbnailUrl\":\"https:\/\/freiesschauspiel.de\/wp-content\/uploads\/2016\/09\/KasparH\u00e4userMeer.jpg\",\"datePublished\":\"2016-09-22T13:40:10+00:00\",\"dateModified\":\"2017-06-28T09:27:34+00:00\",\"breadcrumb\":{\"@id\":\"https:\/\/freiesschauspiel.de\/programm\/kaspar-haeuser-meer#breadcrumb\"},\"inLanguage\":\"en-US\",\"potentialAction\":[{\"@type\":\"ReadAction\",\"target\":[\"https:\/\/freiesschauspiel.de\/programm\/kaspar-haeuser-meer\"]}]},{\"@type\":\"ImageObject\",\"inLanguage\":\"en-US\",\"@id\":\"https:\/\/freiesschauspiel.de\/programm\/kaspar-haeuser-meer#primaryimage\",\"url\":\"https:\/\/freiesschauspiel.de\/wp-content\/uploads\/2016\/09\/KasparH\u00e4userMeer.jpg\",\"contentUrl\":\"https:\/\/freiesschauspiel.de\/wp-content\/uploads\/2016\/09\/KasparH\u00e4userMeer.jpg\",\"width\":1904,\"height\":720,\"caption\":\"v.l. Domsel, Kaminski, Rahmanian in KASPAR H\u00c4USER MEER \u00a9 Felix Holland\"},{\"@type\":\"BreadcrumbList\",\"@id\":\"https:\/\/freiesschauspiel.de\/programm\/kaspar-haeuser-meer#breadcrumb\",\"itemListElement\":[{\"@type\":\"ListItem\",\"position\":1,\"name\":\"Startseite\",\"item\":\"https:\/\/freiesschauspiel.de\/\"},{\"@type\":\"ListItem\",\"position\":2,\"name\":\"Programm\",\"item\":\"https:\/\/freiesschauspiel.de\/programm\"},{\"@type\":\"ListItem\",\"position\":3,\"name\":\"KASPAR H\u00c4USER MEER\"}]},{\"@type\":\"WebSite\",\"@id\":\"https:\/\/freiesschauspiel.de\/#website\",\"url\":\"https:\/\/freiesschauspiel.de\/\",\"name\":\"Freies Schauspiel Ensemble\",\"description\":\"im TITANIA\",\"potentialAction\":[{\"@type\":\"SearchAction\",\"target\":{\"@type\":\"EntryPoint\",\"urlTemplate\":\"https:\/\/freiesschauspiel.de\/?s={search_term_string}\"},\"query-input\":{\"@type\":\"PropertyValueSpecification\",\"valueRequired\":true,\"valueName\":\"search_term_string\"}}],\"inLanguage\":\"en-US\"}]}<\/script>\n<!-- \/ Yoast SEO plugin. -->","yoast_head_json":{"title":"Freies Schauspiel Ensemble - Kaspar and the Sea of Houses - Felicia Zeller","robots":{"index":"index","follow":"follow","max-snippet":"max-snippet:-1","max-image-preview":"max-image-preview:large","max-video-preview":"max-video-preview:-1"},"canonical":"https:\/\/freiesschauspiel.de\/programm\/kaspar-haeuser-meer","og_locale":"en_US","og_type":"article","og_title":"Freies Schauspiel Ensemble - Kaspar and the Sea of Houses - Felicia Zeller","og_url":"https:\/\/freiesschauspiel.de\/programm\/kaspar-haeuser-meer","og_site_name":"Freies Schauspiel Ensemble","article_publisher":"https:\/\/www.facebook.com\/FreiesSchauspielEnsemble\/","article_modified_time":"2017-06-28T09:27:34+00:00","og_image":[{"width":1904,"height":720,"url":"https:\/\/freiesschauspiel.de\/wp-content\/uploads\/2016\/09\/KasparH\u00e4userMeer.jpg","type":"image\/jpeg"}],"twitter_card":"summary_large_image","schema":{"@context":"https:\/\/schema.org","@graph":[{"@type":"WebPage","@id":"https:\/\/freiesschauspiel.de\/programm\/kaspar-haeuser-meer","url":"https:\/\/freiesschauspiel.de\/programm\/kaspar-haeuser-meer","name":"Freies Schauspiel Ensemble - Kaspar and the Sea of Houses - Felicia Zeller","isPartOf":{"@id":"https:\/\/freiesschauspiel.de\/#website"},"primaryImageOfPage":{"@id":"https:\/\/freiesschauspiel.de\/programm\/kaspar-haeuser-meer#primaryimage"},"image":{"@id":"https:\/\/freiesschauspiel.de\/programm\/kaspar-haeuser-meer#primaryimage"},"thumbnailUrl":"https:\/\/freiesschauspiel.de\/wp-content\/uploads\/2016\/09\/KasparH\u00e4userMeer.jpg","datePublished":"2016-09-22T13:40:10+00:00","dateModified":"2017-06-28T09:27:34+00:00","breadcrumb":{"@id":"https:\/\/freiesschauspiel.de\/programm\/kaspar-haeuser-meer#breadcrumb"},"inLanguage":"en-US","potentialAction":[{"@type":"ReadAction","target":["https:\/\/freiesschauspiel.de\/programm\/kaspar-haeuser-meer"]}]},{"@type":"ImageObject","inLanguage":"en-US","@id":"https:\/\/freiesschauspiel.de\/programm\/kaspar-haeuser-meer#primaryimage","url":"https:\/\/freiesschauspiel.de\/wp-content\/uploads\/2016\/09\/KasparH\u00e4userMeer.jpg","contentUrl":"https:\/\/freiesschauspiel.de\/wp-content\/uploads\/2016\/09\/KasparH\u00e4userMeer.jpg","width":1904,"height":720,"caption":"v.l. Domsel, Kaminski, Rahmanian in KASPAR H\u00c4USER MEER \u00a9 Felix Holland"},{"@type":"BreadcrumbList","@id":"https:\/\/freiesschauspiel.de\/programm\/kaspar-haeuser-meer#breadcrumb","itemListElement":[{"@type":"ListItem","position":1,"name":"Startseite","item":"https:\/\/freiesschauspiel.de\/"},{"@type":"ListItem","position":2,"name":"Programm","item":"https:\/\/freiesschauspiel.de\/programm"},{"@type":"ListItem","position":3,"name":"KASPAR H\u00c4USER MEER"}]},{"@type":"WebSite","@id":"https:\/\/freiesschauspiel.de\/#website","url":"https:\/\/freiesschauspiel.de\/","name":"Freies Schauspiel Ensemble","description":"im TITANIA","potentialAction":[{"@type":"SearchAction","target":{"@type":"EntryPoint","urlTemplate":"https:\/\/freiesschauspiel.de\/?s={search_term_string}"},"query-input":{"@type":"PropertyValueSpecification","valueRequired":true,"valueName":"search_term_string"}}],"inLanguage":"en-US"}]}},"_links":{"self":[{"href":"https:\/\/freiesschauspiel.de\/en\/wp-json\/wp\/v2\/pages\/1046"}],"collection":[{"href":"https:\/\/freiesschauspiel.de\/en\/wp-json\/wp\/v2\/pages"}],"about":[{"href":"https:\/\/freiesschauspiel.de\/en\/wp-json\/wp\/v2\/types\/page"}],"author":[{"embeddable":true,"href":"https:\/\/freiesschauspiel.de\/en\/wp-json\/wp\/v2\/users\/1"}],"replies":[{"embeddable":true,"href":"https:\/\/freiesschauspiel.de\/en\/wp-json\/wp\/v2\/comments?post=1046"}],"version-history":[{"count":5,"href":"https:\/\/freiesschauspiel.de\/en\/wp-json\/wp\/v2\/pages\/1046\/revisions"}],"predecessor-version":[{"id":2427,"href":"https:\/\/freiesschauspiel.de\/en\/wp-json\/wp\/v2\/pages\/1046\/revisions\/2427"}],"up":[{"embeddable":true,"href":"https:\/\/freiesschauspiel.de\/en\/wp-json\/wp\/v2\/pages\/527"}],"wp:featuredmedia":[{"embeddable":true,"href":"https:\/\/freiesschauspiel.de\/en\/wp-json\/wp\/v2\/media\/1047"}],"wp:attachment":[{"href":"https:\/\/freiesschauspiel.de\/en\/wp-json\/wp\/v2\/media?parent=1046"}],"curies":[{"name":"wp","href":"https:\/\/api.w.org\/{rel}","templated":true}]}}