{"id":10514,"date":"2025-11-29T21:44:41","date_gmt":"2025-11-29T19:44:41","guid":{"rendered":"https:\/\/freiesschauspiel.de\/?page_id=10514"},"modified":"2026-04-08T11:18:17","modified_gmt":"2026-04-08T09:18:17","slug":"arendt-denken-in-finsteren-zeiten","status":"publish","type":"page","link":"https:\/\/freiesschauspiel.de\/en\/programm\/spielplan\/arendt-denken-in-finsteren-zeiten","title":{"rendered":"ARENDT. DENKEN IN FINSTEREN ZEITEN"},"content":{"rendered":"<div class=\"csColumn\" style=\"margin: 0px; padding: 0px; float: left; width: 47.7%;\" data-csstartpoint=\"15\" data-csendpoint=\"472.5\" data-cswidth=\"47.7%\" data-csid=\"3ded867b-9ecf-cc6f-8bf7-c673b3ba6f89\">\n<p>Am 18. April 1975 trifft Hannah Arendt, aus New York anreisend, in Kopenhagen ein. Sie soll den renommierten Sonning-Preis erhalten, die wichtigste d\u00e4nische Auszeichnung f\u00fcr kulturelle Leistungen. Diesen Anlass w\u00e4hlt Rhea Leman als Ausgangspunkt ihres St\u00fcckes. Wir erleben Hannah Arendt kurz vor der Preisverleihung in ihrem Kopenhagener Hotelzimmer. Was soll sie dem Preiskomitee antworten? Welches Thema soll ihre Dankesrede pr\u00e4gen? Rasch und wie im Traum entwickelt sich das Hotelzimmer zur B\u00fchne ihres Lebens. Wir begegnen Hannah Arendt in entscheidenden Situationen, erfahren von ihrer Vertreibung aus Deutschland, ihrer Verhaftung in Frankreich, ihrer Flucht in die USA, vom Leben im Exil. Wir lernen ihr Denken kennen und wie sie Entscheidungen trifft. In Dialogen mit ihrem verstorbenen Ehemann Heinrich Bl\u00fccher oder dem israelischen Chefankl\u00e4ger im Eichmann-Prozess, Gideon Hausner, begegnen wir einer Frau, die sich um der Wahrheit willen nicht schont.<\/p>\n<p>Vor f\u00fcnfzig Jahren, am 8. Dezember 1975, starb Hannah Arendt in New York. Seit 1941 lebte sie im Exil in den USA, lehrte und schrieb auf Englisch, wobei Deutsch jedoch Ihre Muttersprache blieb. Mit ihren B\u00fcchern, Essays und Reden erreichte sie unz\u00e4hlige Menschen in Deutschland: Sie machte ihnen Mut, den eigenen Weg zu gehen und zugleich offen zu bleiben f\u00fcr das Denken und F\u00fchlen der anderen. Freiheit und Gerechtigkeit hatte sie dabei stets im Blick. Arendt versuchte, politische Ereignisse, gesellschaftliche Prozesse und individuelles Handeln zu verstehen und pr\u00e4zise zu beschreiben. Sie begeisterte ihre Leser \u2013 und schockierte sie gleichzeitig immer wieder durch ihre schonungslose Klarheit, etwa in \u201eEICHMANN IN JERUSALEM. EIN BERICHT VON DER BANALIT\u00c4T DES B\u00d6SEN\u201c.<\/p>\n<p>Gerade heute, in einer Zeit vielschichtiger Wirklichkeiten, wachsender Orientierungslosigkeit und existenzieller \u00dcberforderung, ist es wichtig, sich mit einer Denkerin zu besch\u00e4ftigen, die sich einfachen Freund-Feind-Schemata verweigerte, die Schwarz-Wei\u00df-Denken misstraute \u2013 und die sich Zeit nahm. Zeit zum Hinsehen. Zeit zum Verstehen.<\/p>\n<\/div>\n<div class=\"csColumnGap\" style=\"margin: 0px; padding: 0px; float: left; width: 14.2%;\"><img decoding=\"async\" src=\"http:\/\/freiesschauspiel.de\/wp-content\/plugins\/advanced-wp-columns\/assets\/js\/plugins\/views\/img\/1x1-pixel.png\" \/><\/div>\n<div class=\"csColumn\" style=\"margin: 0px; padding: 0px; float: left; width: 35.1%;\" data-csstartpoint=\"608.5\" data-csendpoint=\"945\" data-cswidth=\"35.1%\" data-csid=\"a5f171a8-f729-6cb6-b6e6-c73d99086a10\">\n<p><strong>ARENDT. DENKEN IN FINSTEREN ZEITEN<\/strong><br \/>\nvon Rhea Leman<\/p>\n<p><strong>Vorstellungen <\/strong><br \/>\nFr, 17.04.2026, 20 Uhr<br \/>\nSa, 18.04.2026, 20 Uhr<br \/>\nSa, 25.04.2026, 20 Uhr<br \/>\nSo, 26.04.2026, 18 Uhr<br \/>\nFr, 29.05.2026, 20 Uhr<br \/>\nSa, 30.05.2026, 20 Uhr<br \/>\nFr, 12.06.2026, 20 Uhr<br \/>\nSa, 13.06.2026, 20 Uhr<\/p>\n<p><strong>Es spielen<\/strong><br \/>\nBettina Kaminski<br \/>\nIves Pancera<br \/>\nAdrian Scherschel<br \/>\n<strong>Inszenierung<\/strong><br \/>\nReinhard Hinzpeter<br \/>\n<strong>B\u00fchne<\/strong><br \/>\nLinnan Zhang<br \/>\n<strong>Kost\u00fcme<\/strong><br \/>\nIves Pancera<br \/>\n<strong>Fotos<\/strong><br \/>\nFelix Holland<br \/>\n<strong>Regieassistenz<\/strong><br \/>\nOlivia Ford<\/p>\n<p><strong>B\u00fchnenrechte<\/strong><br \/>\nGustav Kiepenheuer B\u00fchnenvertriebs GmbH<br \/>\n<strong>\u00dcbersetzung<\/strong><br \/>\nHenning Borchert<br \/>\n<strong>Premiere <\/strong>7.03. 2026\n<\/div>\n<div class=\"csColumnGap\" style=\"margin: 0px; padding: 0px; float: left; width: 1.56%;\"><img decoding=\"async\" src=\"http:\/\/freiesschauspiel.de\/wp-content\/plugins\/advanced-wp-columns\/assets\/js\/plugins\/views\/img\/1x1-pixel.png\" \/><\/div>\n<div style=\"clear: both; float: none; display: block; visibility: hidden; width: 0px; font-size: 0px; line-height: 0;\"><\/div>\n<p>&nbsp;<\/p>\n","protected":false},"excerpt":{"rendered":"Am 18. April 1975 trifft <a class=\"more-link\" href=\"https:\/\/freiesschauspiel.de\/en\/programm\/spielplan\/arendt-denken-in-finsteren-zeiten\">(&#8230; mehr)<\/a>","protected":false},"author":1,"featured_media":10876,"parent":2,"menu_order":0,"comment_status":"closed","ping_status":"closed","template":"","meta":{"footnotes":""},"translation":{"provider":"WPGlobus","version":"3.0.0","language":"en","enabled_languages":["de","en"],"languages":{"de":{"title":true,"content":true,"excerpt":false},"en":{"title":false,"content":false,"excerpt":false}}},"yoast_head":"<!-- This site is optimized with the Yoast SEO plugin v23.5 - https:\/\/yoast.com\/wordpress\/plugins\/seo\/ -->\n<title>ARENDT. DENKEN IN FINSTEREN ZEITEN - Freies Schauspiel Ensemble<\/title>\n<meta name=\"robots\" content=\"index, follow, max-snippet:-1, max-image-preview:large, max-video-preview:-1\" \/>\n<link rel=\"canonical\" href=\"https:\/\/freiesschauspiel.de\/programm\/spielplan\/arendt-denken-in-finsteren-zeiten\" \/>\n<meta property=\"og:locale\" content=\"en_US\" \/>\n<meta property=\"og:type\" content=\"article\" \/>\n<meta property=\"og:title\" content=\"ARENDT. DENKEN IN FINSTEREN ZEITEN - Freies Schauspiel Ensemble\" \/>\n<meta property=\"og:url\" content=\"https:\/\/freiesschauspiel.de\/programm\/spielplan\/arendt-denken-in-finsteren-zeiten\" \/>\n<meta property=\"og:site_name\" content=\"Freies Schauspiel Ensemble\" \/>\n<meta property=\"article:publisher\" content=\"https:\/\/www.facebook.com\/FreiesSchauspielEnsemble\/\" \/>\n<meta property=\"article:modified_time\" content=\"2026-04-08T09:18:17+00:00\" \/>\n<meta property=\"og:image\" content=\"https:\/\/freiesschauspiel.de\/wp-content\/uploads\/2026\/03\/cropped-FSE_2_C_FelixHolland-scaled-1.jpg\" \/>\n\t<meta property=\"og:image:width\" content=\"1680\" \/>\n\t<meta property=\"og:image:height\" content=\"929\" \/>\n\t<meta property=\"og:image:type\" content=\"image\/jpeg\" \/>\n<meta name=\"twitter:card\" content=\"summary_large_image\" \/>\n<meta name=\"twitter:label1\" content=\"Est. reading time\" \/>\n\t<meta name=\"twitter:data1\" content=\"3 minutes\" \/>\n<script type=\"application\/ld+json\" class=\"yoast-schema-graph\">{\"@context\":\"https:\/\/schema.org\",\"@graph\":[{\"@type\":\"WebPage\",\"@id\":\"https:\/\/freiesschauspiel.de\/programm\/spielplan\/arendt-denken-in-finsteren-zeiten\",\"url\":\"https:\/\/freiesschauspiel.de\/programm\/spielplan\/arendt-denken-in-finsteren-zeiten\",\"name\":\"ARENDT. DENKEN IN FINSTEREN ZEITEN - Freies Schauspiel Ensemble\",\"isPartOf\":{\"@id\":\"https:\/\/freiesschauspiel.de\/#website\"},\"primaryImageOfPage\":{\"@id\":\"https:\/\/freiesschauspiel.de\/programm\/spielplan\/arendt-denken-in-finsteren-zeiten#primaryimage\"},\"image\":{\"@id\":\"https:\/\/freiesschauspiel.de\/programm\/spielplan\/arendt-denken-in-finsteren-zeiten#primaryimage\"},\"thumbnailUrl\":\"https:\/\/freiesschauspiel.de\/wp-content\/uploads\/2026\/03\/cropped-FSE_2_C_FelixHolland-scaled-1.jpg\",\"datePublished\":\"2025-11-29T19:44:41+00:00\",\"dateModified\":\"2026-04-08T09:18:17+00:00\",\"breadcrumb\":{\"@id\":\"https:\/\/freiesschauspiel.de\/programm\/spielplan\/arendt-denken-in-finsteren-zeiten#breadcrumb\"},\"inLanguage\":\"en-US\",\"potentialAction\":[{\"@type\":\"ReadAction\",\"target\":[\"https:\/\/freiesschauspiel.de\/programm\/spielplan\/arendt-denken-in-finsteren-zeiten\"]}]},{\"@type\":\"ImageObject\",\"inLanguage\":\"en-US\",\"@id\":\"https:\/\/freiesschauspiel.de\/programm\/spielplan\/arendt-denken-in-finsteren-zeiten#primaryimage\",\"url\":\"https:\/\/freiesschauspiel.de\/wp-content\/uploads\/2026\/03\/cropped-FSE_2_C_FelixHolland-scaled-1.jpg\",\"contentUrl\":\"https:\/\/freiesschauspiel.de\/wp-content\/uploads\/2026\/03\/cropped-FSE_2_C_FelixHolland-scaled-1.jpg\",\"width\":1680,\"height\":929},{\"@type\":\"BreadcrumbList\",\"@id\":\"https:\/\/freiesschauspiel.de\/programm\/spielplan\/arendt-denken-in-finsteren-zeiten#breadcrumb\",\"itemListElement\":[{\"@type\":\"ListItem\",\"position\":1,\"name\":\"Startseite\",\"item\":\"https:\/\/freiesschauspiel.de\/\"},{\"@type\":\"ListItem\",\"position\":2,\"name\":\"Programm\",\"item\":\"https:\/\/freiesschauspiel.de\/programm\"},{\"@type\":\"ListItem\",\"position\":3,\"name\":\"Spielplan 2025\/26\",\"item\":\"https:\/\/freiesschauspiel.de\/programm\/spielplan\"},{\"@type\":\"ListItem\",\"position\":4,\"name\":\"ARENDT. DENKEN IN FINSTEREN ZEITEN\"}]},{\"@type\":\"WebSite\",\"@id\":\"https:\/\/freiesschauspiel.de\/#website\",\"url\":\"https:\/\/freiesschauspiel.de\/\",\"name\":\"Freies Schauspiel Ensemble\",\"description\":\"im TITANIA\",\"potentialAction\":[{\"@type\":\"SearchAction\",\"target\":{\"@type\":\"EntryPoint\",\"urlTemplate\":\"https:\/\/freiesschauspiel.de\/?s={search_term_string}\"},\"query-input\":{\"@type\":\"PropertyValueSpecification\",\"valueRequired\":true,\"valueName\":\"search_term_string\"}}],\"inLanguage\":\"en-US\"}]}<\/script>\n<!-- \/ Yoast SEO plugin. -->","yoast_head_json":{"title":"ARENDT. DENKEN IN FINSTEREN ZEITEN - Freies Schauspiel Ensemble","robots":{"index":"index","follow":"follow","max-snippet":"max-snippet:-1","max-image-preview":"max-image-preview:large","max-video-preview":"max-video-preview:-1"},"canonical":"https:\/\/freiesschauspiel.de\/programm\/spielplan\/arendt-denken-in-finsteren-zeiten","og_locale":"en_US","og_type":"article","og_title":"ARENDT. DENKEN IN FINSTEREN ZEITEN - Freies Schauspiel Ensemble","og_url":"https:\/\/freiesschauspiel.de\/programm\/spielplan\/arendt-denken-in-finsteren-zeiten","og_site_name":"Freies Schauspiel Ensemble","article_publisher":"https:\/\/www.facebook.com\/FreiesSchauspielEnsemble\/","article_modified_time":"2026-04-08T09:18:17+00:00","og_image":[{"width":1680,"height":929,"url":"https:\/\/freiesschauspiel.de\/wp-content\/uploads\/2026\/03\/cropped-FSE_2_C_FelixHolland-scaled-1.jpg","type":"image\/jpeg"}],"twitter_card":"summary_large_image","twitter_misc":{"Est. reading time":"3 minutes"},"schema":{"@context":"https:\/\/schema.org","@graph":[{"@type":"WebPage","@id":"https:\/\/freiesschauspiel.de\/programm\/spielplan\/arendt-denken-in-finsteren-zeiten","url":"https:\/\/freiesschauspiel.de\/programm\/spielplan\/arendt-denken-in-finsteren-zeiten","name":"ARENDT. DENKEN IN FINSTEREN ZEITEN - Freies Schauspiel Ensemble","isPartOf":{"@id":"https:\/\/freiesschauspiel.de\/#website"},"primaryImageOfPage":{"@id":"https:\/\/freiesschauspiel.de\/programm\/spielplan\/arendt-denken-in-finsteren-zeiten#primaryimage"},"image":{"@id":"https:\/\/freiesschauspiel.de\/programm\/spielplan\/arendt-denken-in-finsteren-zeiten#primaryimage"},"thumbnailUrl":"https:\/\/freiesschauspiel.de\/wp-content\/uploads\/2026\/03\/cropped-FSE_2_C_FelixHolland-scaled-1.jpg","datePublished":"2025-11-29T19:44:41+00:00","dateModified":"2026-04-08T09:18:17+00:00","breadcrumb":{"@id":"https:\/\/freiesschauspiel.de\/programm\/spielplan\/arendt-denken-in-finsteren-zeiten#breadcrumb"},"inLanguage":"en-US","potentialAction":[{"@type":"ReadAction","target":["https:\/\/freiesschauspiel.de\/programm\/spielplan\/arendt-denken-in-finsteren-zeiten"]}]},{"@type":"ImageObject","inLanguage":"en-US","@id":"https:\/\/freiesschauspiel.de\/programm\/spielplan\/arendt-denken-in-finsteren-zeiten#primaryimage","url":"https:\/\/freiesschauspiel.de\/wp-content\/uploads\/2026\/03\/cropped-FSE_2_C_FelixHolland-scaled-1.jpg","contentUrl":"https:\/\/freiesschauspiel.de\/wp-content\/uploads\/2026\/03\/cropped-FSE_2_C_FelixHolland-scaled-1.jpg","width":1680,"height":929},{"@type":"BreadcrumbList","@id":"https:\/\/freiesschauspiel.de\/programm\/spielplan\/arendt-denken-in-finsteren-zeiten#breadcrumb","itemListElement":[{"@type":"ListItem","position":1,"name":"Startseite","item":"https:\/\/freiesschauspiel.de\/"},{"@type":"ListItem","position":2,"name":"Programm","item":"https:\/\/freiesschauspiel.de\/programm"},{"@type":"ListItem","position":3,"name":"Spielplan 2025\/26","item":"https:\/\/freiesschauspiel.de\/programm\/spielplan"},{"@type":"ListItem","position":4,"name":"ARENDT. DENKEN IN FINSTEREN ZEITEN"}]},{"@type":"WebSite","@id":"https:\/\/freiesschauspiel.de\/#website","url":"https:\/\/freiesschauspiel.de\/","name":"Freies Schauspiel Ensemble","description":"im TITANIA","potentialAction":[{"@type":"SearchAction","target":{"@type":"EntryPoint","urlTemplate":"https:\/\/freiesschauspiel.de\/?s={search_term_string}"},"query-input":{"@type":"PropertyValueSpecification","valueRequired":true,"valueName":"search_term_string"}}],"inLanguage":"en-US"}]}},"_links":{"self":[{"href":"https:\/\/freiesschauspiel.de\/en\/wp-json\/wp\/v2\/pages\/10514"}],"collection":[{"href":"https:\/\/freiesschauspiel.de\/en\/wp-json\/wp\/v2\/pages"}],"about":[{"href":"https:\/\/freiesschauspiel.de\/en\/wp-json\/wp\/v2\/types\/page"}],"author":[{"embeddable":true,"href":"https:\/\/freiesschauspiel.de\/en\/wp-json\/wp\/v2\/users\/1"}],"replies":[{"embeddable":true,"href":"https:\/\/freiesschauspiel.de\/en\/wp-json\/wp\/v2\/comments?post=10514"}],"version-history":[{"count":24,"href":"https:\/\/freiesschauspiel.de\/en\/wp-json\/wp\/v2\/pages\/10514\/revisions"}],"predecessor-version":[{"id":10975,"href":"https:\/\/freiesschauspiel.de\/en\/wp-json\/wp\/v2\/pages\/10514\/revisions\/10975"}],"up":[{"embeddable":true,"href":"https:\/\/freiesschauspiel.de\/en\/wp-json\/wp\/v2\/pages\/2"}],"wp:featuredmedia":[{"embeddable":true,"href":"https:\/\/freiesschauspiel.de\/en\/wp-json\/wp\/v2\/media\/10876"}],"wp:attachment":[{"href":"https:\/\/freiesschauspiel.de\/en\/wp-json\/wp\/v2\/media?parent=10514"}],"curies":[{"name":"wp","href":"https:\/\/api.w.org\/{rel}","templated":true}]}}