{"id":11034,"date":"2026-05-14T11:18:39","date_gmt":"2026-05-14T09:18:39","guid":{"rendered":"https:\/\/freiesschauspiel.de\/?page_id=11034"},"modified":"2026-05-14T11:18:39","modified_gmt":"2026-05-14T09:18:39","slug":"pressestimmen-arendt-denken-in-finsteren-zeiten","status":"publish","type":"page","link":"https:\/\/freiesschauspiel.de\/en\/programm\/spielplan\/arendt-denken-in-finsteren-zeiten\/pressestimmen-arendt-denken-in-finsteren-zeiten","title":{"rendered":"Pressestimmen &#8211; ARENDT. DENKEN IN FINSTEREN ZEITEN"},"content":{"rendered":"<p>\u201eArendts Denkfigur beh\u00e4lt ihr Erkenntnispotenzial bis heute. F\u00fcnfzig Jahre nach Arendts Tod ist ihr Denken jenseits der Schwarz-Wei\u00df-Reduktion geeigneter denn je, neuen Totalitarismen, etwa im Stile Trumps, Paroli zu bieten.\u201c<br \/>\n&#8211; Frankfurter Rundschau<\/p>\n<p>\u201eIn weniger als zwei Stunden entsteht ein lebendiges Portr\u00e4t einer ungemein starken, klugen, wachen und lebendigen Frau \u2013 einer Denkerin, deren Bedeutung in den 50 Jahren nach ihrem Tod noch gewachsen ist.\u201c<br \/>\n&#8211; FAZ<\/p>\n<p>\u201eDas Freie Schauspiel Ensemble haucht seinen Figuren ein (&#8230;) intensiv[es] Eigenleben ein \u2013 allen voran Bettina Kaminski in der Hauptrolle als Hannah Arendt, die trotz ihrer enormen Lebensleistung an eben dieser Lebensleistung verzweifelt. Sehenswert wird die Inszenierung aber auch durch die beiden Nebendarsteller Ives Pancera, der Adolf Eichmann sogar wortlos verk\u00f6rpern kann, indem er einfach nur dessen kalten Blick f\u00fcr sich sprechen l\u00e4sst, sowie Adrian Scherschel, der m\u00fchelos zwischen dem heiter-beschwingten Heinrich Bl\u00fccher und dem w\u00fctenden israelischen Chefkl\u00e4ger Gideon Hausner seine Rollen wechselt.\u201c<br \/>\n\u2013 Journal Frankfurt<\/p>\n","protected":false},"excerpt":{"rendered":"\u201eArendts Denkfigur beh\u00e4lt ihr Erkenntnispotenzial <a class=\"more-link\" href=\"https:\/\/freiesschauspiel.de\/en\/programm\/spielplan\/arendt-denken-in-finsteren-zeiten\/pressestimmen-arendt-denken-in-finsteren-zeiten\">(&#8230; mehr)<\/a>","protected":false},"author":3,"featured_media":0,"parent":10514,"menu_order":0,"comment_status":"closed","ping_status":"closed","template":"","meta":{"footnotes":""},"translation":{"provider":"WPGlobus","version":"3.0.0","language":"en","enabled_languages":["de","en"],"languages":{"de":{"title":true,"content":true,"excerpt":false},"en":{"title":false,"content":false,"excerpt":false}}},"yoast_head":"<!-- This site is optimized with the Yoast SEO plugin v23.5 - https:\/\/yoast.com\/wordpress\/plugins\/seo\/ -->\n<title>Pressestimmen - ARENDT. DENKEN IN FINSTEREN ZEITEN - Freies Schauspiel Ensemble<\/title>\n<meta name=\"robots\" content=\"index, follow, max-snippet:-1, max-image-preview:large, max-video-preview:-1\" \/>\n<link rel=\"canonical\" href=\"https:\/\/freiesschauspiel.de\/programm\/spielplan\/arendt-denken-in-finsteren-zeiten\/pressestimmen-arendt-denken-in-finsteren-zeiten\" \/>\n<meta property=\"og:locale\" content=\"en_US\" \/>\n<meta property=\"og:type\" content=\"article\" \/>\n<meta property=\"og:title\" content=\"Pressestimmen - ARENDT. DENKEN IN FINSTEREN ZEITEN - Freies Schauspiel Ensemble\" \/>\n<meta property=\"og:url\" content=\"https:\/\/freiesschauspiel.de\/programm\/spielplan\/arendt-denken-in-finsteren-zeiten\/pressestimmen-arendt-denken-in-finsteren-zeiten\" \/>\n<meta property=\"og:site_name\" content=\"Freies Schauspiel Ensemble\" \/>\n<meta property=\"article:publisher\" content=\"https:\/\/www.facebook.com\/FreiesSchauspielEnsemble\/\" \/>\n<meta name=\"twitter:card\" content=\"summary_large_image\" \/>\n<meta name=\"twitter:label1\" content=\"Est. reading time\" \/>\n\t<meta name=\"twitter:data1\" content=\"1 minute\" \/>\n<script type=\"application\/ld+json\" class=\"yoast-schema-graph\">{\"@context\":\"https:\/\/schema.org\",\"@graph\":[{\"@type\":\"WebPage\",\"@id\":\"https:\/\/freiesschauspiel.de\/programm\/spielplan\/arendt-denken-in-finsteren-zeiten\/pressestimmen-arendt-denken-in-finsteren-zeiten\",\"url\":\"https:\/\/freiesschauspiel.de\/programm\/spielplan\/arendt-denken-in-finsteren-zeiten\/pressestimmen-arendt-denken-in-finsteren-zeiten\",\"name\":\"Pressestimmen - ARENDT. DENKEN IN FINSTEREN ZEITEN - Freies Schauspiel Ensemble\",\"isPartOf\":{\"@id\":\"https:\/\/freiesschauspiel.de\/#website\"},\"datePublished\":\"2026-05-14T09:18:39+00:00\",\"dateModified\":\"2026-05-14T09:18:39+00:00\",\"breadcrumb\":{\"@id\":\"https:\/\/freiesschauspiel.de\/programm\/spielplan\/arendt-denken-in-finsteren-zeiten\/pressestimmen-arendt-denken-in-finsteren-zeiten#breadcrumb\"},\"inLanguage\":\"en-US\",\"potentialAction\":[{\"@type\":\"ReadAction\",\"target\":[\"https:\/\/freiesschauspiel.de\/programm\/spielplan\/arendt-denken-in-finsteren-zeiten\/pressestimmen-arendt-denken-in-finsteren-zeiten\"]}]},{\"@type\":\"BreadcrumbList\",\"@id\":\"https:\/\/freiesschauspiel.de\/programm\/spielplan\/arendt-denken-in-finsteren-zeiten\/pressestimmen-arendt-denken-in-finsteren-zeiten#breadcrumb\",\"itemListElement\":[{\"@type\":\"ListItem\",\"position\":1,\"name\":\"Startseite\",\"item\":\"https:\/\/freiesschauspiel.de\/\"},{\"@type\":\"ListItem\",\"position\":2,\"name\":\"Programm\",\"item\":\"https:\/\/freiesschauspiel.de\/programm\"},{\"@type\":\"ListItem\",\"position\":3,\"name\":\"Spielplan 2025\/26\",\"item\":\"https:\/\/freiesschauspiel.de\/programm\/spielplan\"},{\"@type\":\"ListItem\",\"position\":4,\"name\":\"ARENDT. DENKEN IN FINSTEREN ZEITEN\",\"item\":\"https:\/\/freiesschauspiel.de\/programm\/spielplan\/arendt-denken-in-finsteren-zeiten\"},{\"@type\":\"ListItem\",\"position\":5,\"name\":\"Pressestimmen &#8211; ARENDT. DENKEN IN FINSTEREN ZEITEN\"}]},{\"@type\":\"WebSite\",\"@id\":\"https:\/\/freiesschauspiel.de\/#website\",\"url\":\"https:\/\/freiesschauspiel.de\/\",\"name\":\"Freies Schauspiel Ensemble\",\"description\":\"im TITANIA\",\"potentialAction\":[{\"@type\":\"SearchAction\",\"target\":{\"@type\":\"EntryPoint\",\"urlTemplate\":\"https:\/\/freiesschauspiel.de\/?s={search_term_string}\"},\"query-input\":{\"@type\":\"PropertyValueSpecification\",\"valueRequired\":true,\"valueName\":\"search_term_string\"}}],\"inLanguage\":\"en-US\"}]}<\/script>\n<!-- \/ Yoast SEO plugin. -->","yoast_head_json":{"title":"Pressestimmen - ARENDT. DENKEN IN FINSTEREN ZEITEN - Freies Schauspiel Ensemble","robots":{"index":"index","follow":"follow","max-snippet":"max-snippet:-1","max-image-preview":"max-image-preview:large","max-video-preview":"max-video-preview:-1"},"canonical":"https:\/\/freiesschauspiel.de\/programm\/spielplan\/arendt-denken-in-finsteren-zeiten\/pressestimmen-arendt-denken-in-finsteren-zeiten","og_locale":"en_US","og_type":"article","og_title":"Pressestimmen - ARENDT. DENKEN IN FINSTEREN ZEITEN - Freies Schauspiel Ensemble","og_url":"https:\/\/freiesschauspiel.de\/programm\/spielplan\/arendt-denken-in-finsteren-zeiten\/pressestimmen-arendt-denken-in-finsteren-zeiten","og_site_name":"Freies Schauspiel Ensemble","article_publisher":"https:\/\/www.facebook.com\/FreiesSchauspielEnsemble\/","twitter_card":"summary_large_image","twitter_misc":{"Est. reading time":"1 minute"},"schema":{"@context":"https:\/\/schema.org","@graph":[{"@type":"WebPage","@id":"https:\/\/freiesschauspiel.de\/programm\/spielplan\/arendt-denken-in-finsteren-zeiten\/pressestimmen-arendt-denken-in-finsteren-zeiten","url":"https:\/\/freiesschauspiel.de\/programm\/spielplan\/arendt-denken-in-finsteren-zeiten\/pressestimmen-arendt-denken-in-finsteren-zeiten","name":"Pressestimmen - ARENDT. DENKEN IN FINSTEREN ZEITEN - Freies Schauspiel Ensemble","isPartOf":{"@id":"https:\/\/freiesschauspiel.de\/#website"},"datePublished":"2026-05-14T09:18:39+00:00","dateModified":"2026-05-14T09:18:39+00:00","breadcrumb":{"@id":"https:\/\/freiesschauspiel.de\/programm\/spielplan\/arendt-denken-in-finsteren-zeiten\/pressestimmen-arendt-denken-in-finsteren-zeiten#breadcrumb"},"inLanguage":"en-US","potentialAction":[{"@type":"ReadAction","target":["https:\/\/freiesschauspiel.de\/programm\/spielplan\/arendt-denken-in-finsteren-zeiten\/pressestimmen-arendt-denken-in-finsteren-zeiten"]}]},{"@type":"BreadcrumbList","@id":"https:\/\/freiesschauspiel.de\/programm\/spielplan\/arendt-denken-in-finsteren-zeiten\/pressestimmen-arendt-denken-in-finsteren-zeiten#breadcrumb","itemListElement":[{"@type":"ListItem","position":1,"name":"Startseite","item":"https:\/\/freiesschauspiel.de\/"},{"@type":"ListItem","position":2,"name":"Programm","item":"https:\/\/freiesschauspiel.de\/programm"},{"@type":"ListItem","position":3,"name":"Spielplan 2025\/26","item":"https:\/\/freiesschauspiel.de\/programm\/spielplan"},{"@type":"ListItem","position":4,"name":"ARENDT. DENKEN IN FINSTEREN ZEITEN","item":"https:\/\/freiesschauspiel.de\/programm\/spielplan\/arendt-denken-in-finsteren-zeiten"},{"@type":"ListItem","position":5,"name":"Pressestimmen &#8211; ARENDT. DENKEN IN FINSTEREN ZEITEN"}]},{"@type":"WebSite","@id":"https:\/\/freiesschauspiel.de\/#website","url":"https:\/\/freiesschauspiel.de\/","name":"Freies Schauspiel Ensemble","description":"im TITANIA","potentialAction":[{"@type":"SearchAction","target":{"@type":"EntryPoint","urlTemplate":"https:\/\/freiesschauspiel.de\/?s={search_term_string}"},"query-input":{"@type":"PropertyValueSpecification","valueRequired":true,"valueName":"search_term_string"}}],"inLanguage":"en-US"}]}},"_links":{"self":[{"href":"https:\/\/freiesschauspiel.de\/en\/wp-json\/wp\/v2\/pages\/11034"}],"collection":[{"href":"https:\/\/freiesschauspiel.de\/en\/wp-json\/wp\/v2\/pages"}],"about":[{"href":"https:\/\/freiesschauspiel.de\/en\/wp-json\/wp\/v2\/types\/page"}],"author":[{"embeddable":true,"href":"https:\/\/freiesschauspiel.de\/en\/wp-json\/wp\/v2\/users\/3"}],"replies":[{"embeddable":true,"href":"https:\/\/freiesschauspiel.de\/en\/wp-json\/wp\/v2\/comments?post=11034"}],"version-history":[{"count":3,"href":"https:\/\/freiesschauspiel.de\/en\/wp-json\/wp\/v2\/pages\/11034\/revisions"}],"predecessor-version":[{"id":11040,"href":"https:\/\/freiesschauspiel.de\/en\/wp-json\/wp\/v2\/pages\/11034\/revisions\/11040"}],"up":[{"embeddable":true,"href":"https:\/\/freiesschauspiel.de\/en\/wp-json\/wp\/v2\/pages\/10514"}],"wp:attachment":[{"href":"https:\/\/freiesschauspiel.de\/en\/wp-json\/wp\/v2\/media?parent=11034"}],"curies":[{"name":"wp","href":"https:\/\/api.w.org\/{rel}","templated":true}]}}