{"id":1131,"date":"2016-09-23T07:32:19","date_gmt":"2016-09-23T07:32:19","guid":{"rendered":"http:\/\/freiesschauspiel.de\/?page_id=1131"},"modified":"2017-06-28T12:02:18","modified_gmt":"2017-06-28T10:02:18","slug":"szenen-einer-ehe","status":"publish","type":"page","link":"https:\/\/freiesschauspiel.de\/en\/programm\/szenen-einer-ehe","title":{"rendered":"SZENEN EINER EHE"},"content":{"rendered":"<div class=\"csRow\">\n<div class=\"csColumnGap\" style=\"margin: 0px; padding: 0px; float: left; width: 1.56%; text-align: left;\"><img decoding=\"async\" src=\"http:\/\/freiesschauspiel.de\/wp-content\/plugins\/advanced-wp-columns\/assets\/js\/plugins\/views\/img\/1x1-pixel.png\" \/><\/div>\n<div class=\"csColumn\" style=\"margin: 0px; padding: 0px; float: left; width: 47.7%;\" data-csid=\"9b1d9479-2344-ef19-b076-e1b9dfb18d29\" data-cswidth=\"47.7%\" data-csendpoint=\"472.5\" data-csstartpoint=\"15\">\n<p style=\"text-align: left;\">Das brisante Zeitst\u00fcck \u00fcber Liebe, Sex und Ehe im Spannungsfeld von Familie, Beruf und Selbstverwirklichung.<\/p>\n<p>Marianne und Johan sind seit 10 Jahren gl\u00fccklich verheiratet, haben zwei Kinder, sind beruflich erfolgreich. Alles scheint perfekt. Als Johan seiner Frau verk\u00fcndet, er habe sich in eine andere verliebt, ger\u00e4t alles ins Wanken.<\/p>\n<p>Als in den 70er Jahren Ingmar Bergmans SZENEN EINER EHE erstmals \u00fcber die Bildschirme flimmerte, waren die Stra\u00dfen Schwedens leergefegt. Keiner wollte eine Folge des 6teiligen Fernsehfilms verpassen. Jeder erkannte sich selbst wieder in Marianne und Johan, dem Protagonistenpaar dieses mitrei\u00dfenden Filmepos.<\/p>\n<p>Heute, \u00fcber 30 Jahre sp\u00e4ter, hat der Film kein bisschen an Aktualit\u00e4t eingeb\u00fc\u00dft. Die Mann-Frau-Beziehung ist schlie\u00dflich eine der gro\u00dfen Fragen des Lebens. Wie k\u00f6nnen wir zusammen leben ? Wie gehen wir um, mit dem Urbed\u00fcrfnis des Eins-sein-wollen ?<\/p>\n<p>Reinhard Hinzpeter inszeniert Bergmans &#8220;Zimmerschlacht&#8221; mit viel Sensibilit\u00e4t f\u00fcr das Kammerspiel. Er zeigt zwei Menschen, die nicht aufgeben wollen, die immer wieder versuchen, ihre Rollen als Mann und Frau neu zu definieren, die sich bek\u00e4mpfen, entfernen, ann\u00e4hern bei ihrer Suche nach dem, was man Liebe und Gl\u00fcck nennt.<\/p>\n<\/div>\n<div class=\"csColumnGap\" style=\"margin: 0px; padding: 0px; float: left; width: 14.2%;\"><img decoding=\"async\" src=\"http:\/\/freiesschauspiel.de\/wp-content\/plugins\/advanced-wp-columns\/assets\/js\/plugins\/views\/img\/1x1-pixel.png\" \/><\/div>\n<div class=\"csColumn\" style=\"margin: 0px; padding: 0px; float: left; width: 35.1%;\" data-csid=\"dbff5e93-b195-3ac2-bdc4-5bd22fce75b4\" data-cswidth=\"35.1%\" data-csendpoint=\"945\" data-csstartpoint=\"608.5\">\n<p><strong>SZENEN EINER EHE<\/strong><br \/>\nB\u00fchnenfassung nach dem gleichnamigen Fernsehfilm<\/p>\n<p><strong>Es spielen<\/strong> J\u00fcrgen Beck-Rebholz, Bettina Kaminski<br \/>\n<strong>Inszenierung<\/strong> Reinhard Hinzpeter<br \/>\n<strong>B\u00fchne<\/strong> Gerd Friedrich<\/p>\n\n\t\t<style type=\"text\/css\">\n\t\t\t#gallery-1 {\n\t\t\t\tmargin: auto;\n\t\t\t}\n\t\t\t#gallery-1 .gallery-item {\n\t\t\t\tfloat: left;\n\t\t\t\tmargin-top: 10px;\n\t\t\t\ttext-align: center;\n\t\t\t\twidth: 33%;\n\t\t\t}\n\t\t\t#gallery-1 img {\n\t\t\t\tborder: 2px solid #cfcfcf;\n\t\t\t}\n\t\t\t#gallery-1 .gallery-caption {\n\t\t\t\tmargin-left: 0;\n\t\t\t}\n\t\t\t\/* see gallery_shortcode() in wp-includes\/media.php *\/\n\t\t<\/style>\n\t\t<div id='gallery-1' class='gallery galleryid-1131 gallery-columns-3 gallery-size-small'><dl class='gallery-item'>\n\t\t\t<dt class='gallery-icon landscape'>\n\t\t\t\t<a href='https:\/\/freiesschauspiel.de\/wp-content\/uploads\/2016\/09\/SzeneneinerEhe-3-1024x682.jpg' title=\"v.l. Beck-Rebholz, Kaminski in SZENEN EINER EHE \u00a9 Felix Holland\" data-rl_title=\"v.l. Beck-Rebholz, Kaminski in SZENEN EINER EHE \u00a9 Felix Holland\" class=\"rl-gallery-link\" data-rl_caption=\"\" data-rel=\"lightbox-gallery-1\"><img loading=\"lazy\" decoding=\"async\" width=\"1786\" height=\"1190\" src=\"https:\/\/freiesschauspiel.de\/wp-content\/uploads\/2016\/09\/SzeneneinerEhe-3.jpg\" class=\"attachment-small size-small\" alt=\"v.l. Beck-Rebholz, Kaminski in SZENEN EINER EHE \u00a9 Felix Holland\" srcset=\"https:\/\/freiesschauspiel.de\/wp-content\/uploads\/2016\/09\/SzeneneinerEhe-3.jpg 1786w, https:\/\/freiesschauspiel.de\/wp-content\/uploads\/2016\/09\/SzeneneinerEhe-3-300x200.jpg 300w, https:\/\/freiesschauspiel.de\/wp-content\/uploads\/2016\/09\/SzeneneinerEhe-3-768x512.jpg 768w, https:\/\/freiesschauspiel.de\/wp-content\/uploads\/2016\/09\/SzeneneinerEhe-3-1024x682.jpg 1024w\" sizes=\"(max-width: 1786px) 100vw, 1786px\" \/><\/a>\n\t\t\t<\/dt><\/dl><dl class='gallery-item'>\n\t\t\t<dt class='gallery-icon landscape'>\n\t\t\t\t<a href='https:\/\/freiesschauspiel.de\/wp-content\/uploads\/2016\/09\/SzeneneinerEhe-2-1024x682.jpg' title=\"v.l. Kaminski, Beck-Rebholz in SZENEN EINER EHE \u00a9 Felix Holland\" data-rl_title=\"v.l. Kaminski, Beck-Rebholz in SZENEN EINER EHE \u00a9 Felix Holland\" class=\"rl-gallery-link\" data-rl_caption=\"\" data-rel=\"lightbox-gallery-1\"><img loading=\"lazy\" decoding=\"async\" width=\"1807\" height=\"1204\" src=\"https:\/\/freiesschauspiel.de\/wp-content\/uploads\/2016\/09\/SzeneneinerEhe-2.jpg\" class=\"attachment-small size-small\" alt=\"v.l. Kaminski, Beck-Rebholz in SZENEN EINER EHE \u00a9 Felix Holland\" srcset=\"https:\/\/freiesschauspiel.de\/wp-content\/uploads\/2016\/09\/SzeneneinerEhe-2.jpg 1807w, https:\/\/freiesschauspiel.de\/wp-content\/uploads\/2016\/09\/SzeneneinerEhe-2-300x200.jpg 300w, https:\/\/freiesschauspiel.de\/wp-content\/uploads\/2016\/09\/SzeneneinerEhe-2-768x512.jpg 768w, https:\/\/freiesschauspiel.de\/wp-content\/uploads\/2016\/09\/SzeneneinerEhe-2-1024x682.jpg 1024w\" sizes=\"(max-width: 1807px) 100vw, 1807px\" \/><\/a>\n\t\t\t<\/dt><\/dl><dl class='gallery-item'>\n\t\t\t<dt class='gallery-icon landscape'>\n\t\t\t\t<a href='https:\/\/freiesschauspiel.de\/wp-content\/uploads\/2016\/09\/SzeneneinerEhe-1-1024x682.jpg' title=\"v.l. Kaminski, Beck-Rebholz in SZENEN EINER EHE \u00a9 Felix Holland\" data-rl_title=\"v.l. Kaminski, Beck-Rebholz in SZENEN EINER EHE \u00a9 Felix Holland\" class=\"rl-gallery-link\" data-rl_caption=\"\" data-rel=\"lightbox-gallery-1\"><img loading=\"lazy\" decoding=\"async\" width=\"1786\" height=\"1190\" src=\"https:\/\/freiesschauspiel.de\/wp-content\/uploads\/2016\/09\/SzeneneinerEhe-1.jpg\" class=\"attachment-small size-small\" alt=\"v.l. Kaminski, Beck-Rebholz in SZENEN EINER EHE \u00a9 Felix Holland\" srcset=\"https:\/\/freiesschauspiel.de\/wp-content\/uploads\/2016\/09\/SzeneneinerEhe-1.jpg 1786w, https:\/\/freiesschauspiel.de\/wp-content\/uploads\/2016\/09\/SzeneneinerEhe-1-300x200.jpg 300w, https:\/\/freiesschauspiel.de\/wp-content\/uploads\/2016\/09\/SzeneneinerEhe-1-768x512.jpg 768w, https:\/\/freiesschauspiel.de\/wp-content\/uploads\/2016\/09\/SzeneneinerEhe-1-1024x682.jpg 1024w\" sizes=\"(max-width: 1786px) 100vw, 1786px\" \/><\/a>\n\t\t\t<\/dt><\/dl><br style=\"clear: both\" \/>\n\t\t<\/div>\n\n<p><a href=\"http:\/\/freiesschauspiel.de\/programm\/szenen-einer-ehe\/pressestimmen\">Pressestimmen<\/a><\/p>\n<p><strong>Premiere<\/strong> 12. September 2008<\/p>\n<\/div>\n<div class=\"csColumnGap\" style=\"margin: 0px; padding: 0px; float: left; width: 1.56%;\"><img decoding=\"async\" src=\"http:\/\/freiesschauspiel.de\/wp-content\/plugins\/advanced-wp-columns\/assets\/js\/plugins\/views\/img\/1x1-pixel.png\" \/><\/div>\n<div style=\"clear: both; float: none; display: block; visibility: hidden; width: 0px; font-size: 0px; line-height: 0;\"><\/div>\n<\/div>\n","protected":false},"excerpt":{"rendered":"Das brisante Zeitst\u00fcck \u00fcber Liebe, <a class=\"more-link\" href=\"https:\/\/freiesschauspiel.de\/en\/programm\/szenen-einer-ehe\">(&#8230; mehr)<\/a>","protected":false},"author":1,"featured_media":1428,"parent":527,"menu_order":0,"comment_status":"closed","ping_status":"closed","template":"","meta":{"footnotes":""},"translation":{"provider":"WPGlobus","version":"3.0.0","language":"en","enabled_languages":["de","en"],"languages":{"de":{"title":true,"content":true,"excerpt":false},"en":{"title":false,"content":false,"excerpt":false}}},"yoast_head":"<!-- This site is optimized with the Yoast SEO plugin v23.5 - https:\/\/yoast.com\/wordpress\/plugins\/seo\/ -->\n<title>Freies Schauspiel Ensemble - Scenes from a Marriage - Ingmar Bergman<\/title>\n<meta name=\"robots\" content=\"index, follow, max-snippet:-1, max-image-preview:large, max-video-preview:-1\" \/>\n<link rel=\"canonical\" href=\"https:\/\/freiesschauspiel.de\/programm\/szenen-einer-ehe\" \/>\n<meta property=\"og:locale\" content=\"en_US\" \/>\n<meta property=\"og:type\" content=\"article\" \/>\n<meta property=\"og:title\" content=\"Freies Schauspiel Ensemble - Scenes from a Marriage - Ingmar Bergman\" \/>\n<meta property=\"og:url\" content=\"https:\/\/freiesschauspiel.de\/programm\/szenen-einer-ehe\" \/>\n<meta property=\"og:site_name\" content=\"Freies Schauspiel Ensemble\" \/>\n<meta property=\"article:publisher\" content=\"https:\/\/www.facebook.com\/FreiesSchauspielEnsemble\/\" \/>\n<meta property=\"article:modified_time\" content=\"2017-06-28T10:02:18+00:00\" \/>\n<meta property=\"og:image\" content=\"https:\/\/freiesschauspiel.de\/wp-content\/uploads\/2016\/09\/SzeneneinerEhe.jpg\" \/>\n\t<meta property=\"og:image:width\" content=\"1905\" \/>\n\t<meta property=\"og:image:height\" content=\"720\" \/>\n\t<meta property=\"og:image:type\" content=\"image\/jpeg\" \/>\n<meta name=\"twitter:card\" content=\"summary_large_image\" \/>\n<meta name=\"twitter:label1\" content=\"Est. reading time\" \/>\n\t<meta name=\"twitter:data1\" content=\"1 minute\" \/>\n<script type=\"application\/ld+json\" class=\"yoast-schema-graph\">{\"@context\":\"https:\/\/schema.org\",\"@graph\":[{\"@type\":\"WebPage\",\"@id\":\"https:\/\/freiesschauspiel.de\/programm\/szenen-einer-ehe\",\"url\":\"https:\/\/freiesschauspiel.de\/programm\/szenen-einer-ehe\",\"name\":\"Freies Schauspiel Ensemble - Scenes from a Marriage - Ingmar Bergman\",\"isPartOf\":{\"@id\":\"https:\/\/freiesschauspiel.de\/#website\"},\"primaryImageOfPage\":{\"@id\":\"https:\/\/freiesschauspiel.de\/programm\/szenen-einer-ehe#primaryimage\"},\"image\":{\"@id\":\"https:\/\/freiesschauspiel.de\/programm\/szenen-einer-ehe#primaryimage\"},\"thumbnailUrl\":\"https:\/\/freiesschauspiel.de\/wp-content\/uploads\/2016\/09\/SzeneneinerEhe.jpg\",\"datePublished\":\"2016-09-23T07:32:19+00:00\",\"dateModified\":\"2017-06-28T10:02:18+00:00\",\"breadcrumb\":{\"@id\":\"https:\/\/freiesschauspiel.de\/programm\/szenen-einer-ehe#breadcrumb\"},\"inLanguage\":\"en-US\",\"potentialAction\":[{\"@type\":\"ReadAction\",\"target\":[\"https:\/\/freiesschauspiel.de\/programm\/szenen-einer-ehe\"]}]},{\"@type\":\"ImageObject\",\"inLanguage\":\"en-US\",\"@id\":\"https:\/\/freiesschauspiel.de\/programm\/szenen-einer-ehe#primaryimage\",\"url\":\"https:\/\/freiesschauspiel.de\/wp-content\/uploads\/2016\/09\/SzeneneinerEhe.jpg\",\"contentUrl\":\"https:\/\/freiesschauspiel.de\/wp-content\/uploads\/2016\/09\/SzeneneinerEhe.jpg\",\"width\":1905,\"height\":720,\"caption\":\"v.l. Beck-Rebholz, Kaminski in SZENEN EINER EHE \u00a9 Felix Holland\"},{\"@type\":\"BreadcrumbList\",\"@id\":\"https:\/\/freiesschauspiel.de\/programm\/szenen-einer-ehe#breadcrumb\",\"itemListElement\":[{\"@type\":\"ListItem\",\"position\":1,\"name\":\"Startseite\",\"item\":\"https:\/\/freiesschauspiel.de\/\"},{\"@type\":\"ListItem\",\"position\":2,\"name\":\"Programm\",\"item\":\"https:\/\/freiesschauspiel.de\/programm\"},{\"@type\":\"ListItem\",\"position\":3,\"name\":\"SZENEN EINER EHE\"}]},{\"@type\":\"WebSite\",\"@id\":\"https:\/\/freiesschauspiel.de\/#website\",\"url\":\"https:\/\/freiesschauspiel.de\/\",\"name\":\"Freies Schauspiel Ensemble\",\"description\":\"im TITANIA\",\"potentialAction\":[{\"@type\":\"SearchAction\",\"target\":{\"@type\":\"EntryPoint\",\"urlTemplate\":\"https:\/\/freiesschauspiel.de\/?s={search_term_string}\"},\"query-input\":{\"@type\":\"PropertyValueSpecification\",\"valueRequired\":true,\"valueName\":\"search_term_string\"}}],\"inLanguage\":\"en-US\"}]}<\/script>\n<!-- \/ Yoast SEO plugin. -->","yoast_head_json":{"title":"Freies Schauspiel Ensemble - Scenes from a Marriage - Ingmar Bergman","robots":{"index":"index","follow":"follow","max-snippet":"max-snippet:-1","max-image-preview":"max-image-preview:large","max-video-preview":"max-video-preview:-1"},"canonical":"https:\/\/freiesschauspiel.de\/programm\/szenen-einer-ehe","og_locale":"en_US","og_type":"article","og_title":"Freies Schauspiel Ensemble - Scenes from a Marriage - Ingmar Bergman","og_url":"https:\/\/freiesschauspiel.de\/programm\/szenen-einer-ehe","og_site_name":"Freies Schauspiel Ensemble","article_publisher":"https:\/\/www.facebook.com\/FreiesSchauspielEnsemble\/","article_modified_time":"2017-06-28T10:02:18+00:00","og_image":[{"width":1905,"height":720,"url":"https:\/\/freiesschauspiel.de\/wp-content\/uploads\/2016\/09\/SzeneneinerEhe.jpg","type":"image\/jpeg"}],"twitter_card":"summary_large_image","twitter_misc":{"Est. reading time":"1 minute"},"schema":{"@context":"https:\/\/schema.org","@graph":[{"@type":"WebPage","@id":"https:\/\/freiesschauspiel.de\/programm\/szenen-einer-ehe","url":"https:\/\/freiesschauspiel.de\/programm\/szenen-einer-ehe","name":"Freies Schauspiel Ensemble - Scenes from a Marriage - Ingmar Bergman","isPartOf":{"@id":"https:\/\/freiesschauspiel.de\/#website"},"primaryImageOfPage":{"@id":"https:\/\/freiesschauspiel.de\/programm\/szenen-einer-ehe#primaryimage"},"image":{"@id":"https:\/\/freiesschauspiel.de\/programm\/szenen-einer-ehe#primaryimage"},"thumbnailUrl":"https:\/\/freiesschauspiel.de\/wp-content\/uploads\/2016\/09\/SzeneneinerEhe.jpg","datePublished":"2016-09-23T07:32:19+00:00","dateModified":"2017-06-28T10:02:18+00:00","breadcrumb":{"@id":"https:\/\/freiesschauspiel.de\/programm\/szenen-einer-ehe#breadcrumb"},"inLanguage":"en-US","potentialAction":[{"@type":"ReadAction","target":["https:\/\/freiesschauspiel.de\/programm\/szenen-einer-ehe"]}]},{"@type":"ImageObject","inLanguage":"en-US","@id":"https:\/\/freiesschauspiel.de\/programm\/szenen-einer-ehe#primaryimage","url":"https:\/\/freiesschauspiel.de\/wp-content\/uploads\/2016\/09\/SzeneneinerEhe.jpg","contentUrl":"https:\/\/freiesschauspiel.de\/wp-content\/uploads\/2016\/09\/SzeneneinerEhe.jpg","width":1905,"height":720,"caption":"v.l. Beck-Rebholz, Kaminski in SZENEN EINER EHE \u00a9 Felix Holland"},{"@type":"BreadcrumbList","@id":"https:\/\/freiesschauspiel.de\/programm\/szenen-einer-ehe#breadcrumb","itemListElement":[{"@type":"ListItem","position":1,"name":"Startseite","item":"https:\/\/freiesschauspiel.de\/"},{"@type":"ListItem","position":2,"name":"Programm","item":"https:\/\/freiesschauspiel.de\/programm"},{"@type":"ListItem","position":3,"name":"SZENEN EINER EHE"}]},{"@type":"WebSite","@id":"https:\/\/freiesschauspiel.de\/#website","url":"https:\/\/freiesschauspiel.de\/","name":"Freies Schauspiel Ensemble","description":"im TITANIA","potentialAction":[{"@type":"SearchAction","target":{"@type":"EntryPoint","urlTemplate":"https:\/\/freiesschauspiel.de\/?s={search_term_string}"},"query-input":{"@type":"PropertyValueSpecification","valueRequired":true,"valueName":"search_term_string"}}],"inLanguage":"en-US"}]}},"_links":{"self":[{"href":"https:\/\/freiesschauspiel.de\/en\/wp-json\/wp\/v2\/pages\/1131"}],"collection":[{"href":"https:\/\/freiesschauspiel.de\/en\/wp-json\/wp\/v2\/pages"}],"about":[{"href":"https:\/\/freiesschauspiel.de\/en\/wp-json\/wp\/v2\/types\/page"}],"author":[{"embeddable":true,"href":"https:\/\/freiesschauspiel.de\/en\/wp-json\/wp\/v2\/users\/1"}],"replies":[{"embeddable":true,"href":"https:\/\/freiesschauspiel.de\/en\/wp-json\/wp\/v2\/comments?post=1131"}],"version-history":[{"count":6,"href":"https:\/\/freiesschauspiel.de\/en\/wp-json\/wp\/v2\/pages\/1131\/revisions"}],"predecessor-version":[{"id":2436,"href":"https:\/\/freiesschauspiel.de\/en\/wp-json\/wp\/v2\/pages\/1131\/revisions\/2436"}],"up":[{"embeddable":true,"href":"https:\/\/freiesschauspiel.de\/en\/wp-json\/wp\/v2\/pages\/527"}],"wp:featuredmedia":[{"embeddable":true,"href":"https:\/\/freiesschauspiel.de\/en\/wp-json\/wp\/v2\/media\/1428"}],"wp:attachment":[{"href":"https:\/\/freiesschauspiel.de\/en\/wp-json\/wp\/v2\/media?parent=1131"}],"curies":[{"name":"wp","href":"https:\/\/api.w.org\/{rel}","templated":true}]}}