{"id":1140,"date":"2016-09-23T09:14:13","date_gmt":"2016-09-23T09:14:13","guid":{"rendered":"http:\/\/freiesschauspiel.de\/?page_id=1140"},"modified":"2018-06-22T13:56:56","modified_gmt":"2018-06-22T11:56:56","slug":"rabenkind","status":"publish","type":"page","link":"https:\/\/freiesschauspiel.de\/en\/programm\/rabenkind","title":{"rendered":"RABENKIND"},"content":{"rendered":"<div class=\"csRow\">\n<div class=\"csColumnGap\" style=\"margin: 0px; padding: 0px; float: left; width: 1.56%;\"><img decoding=\"async\" src=\"http:\/\/freiesschauspiel.de\/wp-content\/plugins\/advanced-wp-columns\/assets\/js\/plugins\/views\/img\/1x1-pixel.png\" \/><\/div>\n<div class=\"csColumn\" style=\"margin: 0px; padding: 0px; float: left; width: 47.7%;\" data-csid=\"8161cf87-93b6-8a67-932d-9a6319700a83\" data-cswidth=\"47.7%\" data-csendpoint=\"472.5\" data-csstartpoint=\"15\">\n<p>Alexa J., 21 Jahre, alkoholkrank, lie\u00df ihre dreij\u00e4hrige Tochter Cora verhungern.<br \/>\n&#8211; Nach 3 Jahren im Gef\u00e4ngnis kann sie noch immer nicht der Wahrheit ins Gesicht sehen und fl\u00fcchtet sich in die Wahnvorstellung: Ihr Kind lebt, und sie wohnt mit ihm nach wie vor in der kleinen, dunklen Wohnung mit Spinnweben und Fliegendreck.<\/p>\n<p>Zug um Zug l\u00e4sst RABENKIND-Autor Bert Strebe die desolate Welt der Alexa J. entstehen und schafft es, durch die suggestive Dichte seiner Sprache den Zuschauer in diese Welt hineinzuziehen und sich den wirren Gef\u00fchlen und Phantasien Alexas zu \u00fcberlassen. Das Sozialdrama verwandelt sich in ein Traumspiel, in dem der Kindsm\u00f6rderin eine geheimnisvolle Unbekannte erscheint. Wie durch ein Fegefeuer f\u00fchrt diese Andere die sich wehrende Alexa durch das Labyrinth ihrer inneren und \u00e4u\u00dferen Verwahrlosung.<\/p>\n<p>Bert Strebe arbeitet als Redakteur in Hannover und schreibt Lyrik, Prosa<br \/>\nund szenische Texte. Von ihm erschienen sind bereits die Gedichtb\u00e4nde ZWISCHENWASSER (1999) und KATZENLICHT(2002). Im Deutschlandradio Berlin wurde 2002 sein H\u00f6rspiel DIE INNENSEITE DES WASSERS gesendet. RABENKIND ist sein erstes Theaterst\u00fcck.<\/p>\n<\/div>\n<div class=\"csColumnGap\" style=\"margin: 0px; padding: 0px; float: left; width: 14.2%;\"><img decoding=\"async\" src=\"http:\/\/freiesschauspiel.de\/wp-content\/plugins\/advanced-wp-columns\/assets\/js\/plugins\/views\/img\/1x1-pixel.png\" \/><\/div>\n<div class=\"csColumn\" style=\"margin: 0px; padding: 0px; float: left; width: 35.1%;\" data-csid=\"13ed2224-3571-4735-8128-fd8dde11c09e\" data-cswidth=\"35.1%\" data-csendpoint=\"945\" data-csstartpoint=\"608.5\">\n<p><strong>RABENKIND<\/strong><br \/>\nvon Bert Strebe<\/p>\n<p><strong>Es spielen<\/strong> Neda Rahmanian, Babette Winter<\/p>\n<p><strong>Inszenierung<\/strong> Reinhard Hinzpeter<br \/>\n<strong>B\u00fchne<\/strong> Gerd Friedrich<\/p>\n\n\t\t<style type=\"text\/css\">\n\t\t\t#gallery-1 {\n\t\t\t\tmargin: auto;\n\t\t\t}\n\t\t\t#gallery-1 .gallery-item {\n\t\t\t\tfloat: left;\n\t\t\t\tmargin-top: 10px;\n\t\t\t\ttext-align: center;\n\t\t\t\twidth: 33%;\n\t\t\t}\n\t\t\t#gallery-1 img {\n\t\t\t\tborder: 2px solid #cfcfcf;\n\t\t\t}\n\t\t\t#gallery-1 .gallery-caption {\n\t\t\t\tmargin-left: 0;\n\t\t\t}\n\t\t\t\/* see gallery_shortcode() in wp-includes\/media.php *\/\n\t\t<\/style>\n\t\t<div id='gallery-1' class='gallery galleryid-1140 gallery-columns-3 gallery-size-small'><dl class='gallery-item'>\n\t\t\t<dt class='gallery-icon landscape'>\n\t\t\t\t<a href='https:\/\/freiesschauspiel.de\/wp-content\/uploads\/2016\/09\/Rabenkind-1-1024x683.jpg' title=\"v.l. Rahmanian, Winter in RABENKIND \u00a9 Felix Holland\" data-rl_title=\"v.l. Rahmanian, Winter in RABENKIND \u00a9 Felix Holland\" class=\"rl-gallery-link\" data-rl_caption=\"\" data-rel=\"lightbox-gallery-1\"><img loading=\"lazy\" decoding=\"async\" width=\"1063\" height=\"709\" src=\"https:\/\/freiesschauspiel.de\/wp-content\/uploads\/2016\/09\/Rabenkind-1-e1498042379491.jpg\" class=\"attachment-small size-small\" alt=\"v.l. Rahmanian, Winter in RABENKIND \u00a9 Felix Holland\" \/><\/a>\n\t\t\t<\/dt><\/dl><dl class='gallery-item'>\n\t\t\t<dt class='gallery-icon landscape'>\n\t\t\t\t<a href='https:\/\/freiesschauspiel.de\/wp-content\/uploads\/2016\/09\/Rabenkind-2-1024x683.jpg' title=\"v.l. Rahmanian, Winter in RABENKIND \u00a9 Felix Holland\" data-rl_title=\"v.l. Rahmanian, Winter in RABENKIND \u00a9 Felix Holland\" class=\"rl-gallery-link\" data-rl_caption=\"\" data-rel=\"lightbox-gallery-1\"><img loading=\"lazy\" decoding=\"async\" width=\"1063\" height=\"709\" src=\"https:\/\/freiesschauspiel.de\/wp-content\/uploads\/2016\/09\/Rabenkind-2-e1498042367222.jpg\" class=\"attachment-small size-small\" alt=\"v.l. Rahmanian, Winter in RABENKIND \u00a9 Felix Holland\" \/><\/a>\n\t\t\t<\/dt><\/dl><dl class='gallery-item'>\n\t\t\t<dt class='gallery-icon landscape'>\n\t\t\t\t<a href='https:\/\/freiesschauspiel.de\/wp-content\/uploads\/2016\/09\/Rabenkind-3-1024x683.jpg' title=\"Neda Rahmanian in RABENKIND \u00a9 Felix Holland\" data-rl_title=\"Neda Rahmanian in RABENKIND \u00a9 Felix Holland\" class=\"rl-gallery-link\" data-rl_caption=\"\" data-rel=\"lightbox-gallery-1\"><img loading=\"lazy\" decoding=\"async\" width=\"1063\" height=\"709\" src=\"https:\/\/freiesschauspiel.de\/wp-content\/uploads\/2016\/09\/Rabenkind-3-e1498042349468.jpg\" class=\"attachment-small size-small\" alt=\"Neda Rahmanian in RABENKIND \u00a9 Felix Holland\" \/><\/a>\n\t\t\t<\/dt><\/dl><br style=\"clear: both\" \/>\n\t\t<\/div>\n\n<p><a href=\"http:\/\/freiesschauspiel.de\/programm\/rabenkind\/pressestimmen\">Pressestimmen<\/a><\/p>\n<p><strong>Premiere<\/strong> 02. M\u00e4rz 2008<\/p>\n<\/div>\n<div class=\"csColumnGap\" style=\"margin: 0px; padding: 0px; float: left; width: 1.56%;\"><img decoding=\"async\" src=\"http:\/\/freiesschauspiel.de\/wp-content\/plugins\/advanced-wp-columns\/assets\/js\/plugins\/views\/img\/1x1-pixel.png\" \/><\/div>\n<div style=\"clear: both; float: none; display: block; visibility: hidden; width: 0px; font-size: 0px; line-height: 0;\"><\/div>\n<\/div>\n","protected":false},"excerpt":{"rendered":"Alexa J., 21 Jahre, alkoholkrank, <a class=\"more-link\" href=\"https:\/\/freiesschauspiel.de\/en\/programm\/rabenkind\">(&#8230; mehr)<\/a>","protected":false},"author":1,"featured_media":1141,"parent":527,"menu_order":0,"comment_status":"closed","ping_status":"closed","template":"","meta":{"footnotes":""},"translation":{"provider":"WPGlobus","version":"3.0.0","language":"en","enabled_languages":["de","en"],"languages":{"de":{"title":true,"content":true,"excerpt":false},"en":{"title":false,"content":false,"excerpt":false}}},"yoast_head":"<!-- This site is optimized with the Yoast SEO plugin v23.5 - https:\/\/yoast.com\/wordpress\/plugins\/seo\/ -->\n<title>Freies Schauspiel Ensemble - Rabenkind - Bert Strebe<\/title>\n<meta name=\"robots\" content=\"index, follow, max-snippet:-1, max-image-preview:large, max-video-preview:-1\" \/>\n<link rel=\"canonical\" href=\"https:\/\/freiesschauspiel.de\/programm\/rabenkind\" \/>\n<meta property=\"og:locale\" content=\"en_US\" \/>\n<meta property=\"og:type\" content=\"article\" \/>\n<meta property=\"og:title\" content=\"Freies Schauspiel Ensemble - Rabenkind - Bert Strebe\" \/>\n<meta property=\"og:url\" content=\"https:\/\/freiesschauspiel.de\/programm\/rabenkind\" \/>\n<meta property=\"og:site_name\" content=\"Freies Schauspiel Ensemble\" \/>\n<meta property=\"article:publisher\" content=\"https:\/\/www.facebook.com\/FreiesSchauspielEnsemble\/\" \/>\n<meta property=\"article:modified_time\" content=\"2018-06-22T11:56:56+00:00\" \/>\n<meta property=\"og:image\" content=\"https:\/\/freiesschauspiel.de\/wp-content\/uploads\/2016\/09\/Rabenkind.jpg\" \/>\n\t<meta property=\"og:image:width\" content=\"1905\" \/>\n\t<meta property=\"og:image:height\" content=\"720\" \/>\n\t<meta property=\"og:image:type\" content=\"image\/jpeg\" \/>\n<meta name=\"twitter:card\" content=\"summary_large_image\" \/>\n<meta name=\"twitter:label1\" content=\"Est. reading time\" \/>\n\t<meta name=\"twitter:data1\" content=\"1 minute\" \/>\n<script type=\"application\/ld+json\" class=\"yoast-schema-graph\">{\"@context\":\"https:\/\/schema.org\",\"@graph\":[{\"@type\":\"WebPage\",\"@id\":\"https:\/\/freiesschauspiel.de\/programm\/rabenkind\",\"url\":\"https:\/\/freiesschauspiel.de\/programm\/rabenkind\",\"name\":\"Freies Schauspiel Ensemble - Rabenkind - Bert Strebe\",\"isPartOf\":{\"@id\":\"https:\/\/freiesschauspiel.de\/#website\"},\"primaryImageOfPage\":{\"@id\":\"https:\/\/freiesschauspiel.de\/programm\/rabenkind#primaryimage\"},\"image\":{\"@id\":\"https:\/\/freiesschauspiel.de\/programm\/rabenkind#primaryimage\"},\"thumbnailUrl\":\"https:\/\/freiesschauspiel.de\/wp-content\/uploads\/2016\/09\/Rabenkind.jpg\",\"datePublished\":\"2016-09-23T09:14:13+00:00\",\"dateModified\":\"2018-06-22T11:56:56+00:00\",\"breadcrumb\":{\"@id\":\"https:\/\/freiesschauspiel.de\/programm\/rabenkind#breadcrumb\"},\"inLanguage\":\"en-US\",\"potentialAction\":[{\"@type\":\"ReadAction\",\"target\":[\"https:\/\/freiesschauspiel.de\/programm\/rabenkind\"]}]},{\"@type\":\"ImageObject\",\"inLanguage\":\"en-US\",\"@id\":\"https:\/\/freiesschauspiel.de\/programm\/rabenkind#primaryimage\",\"url\":\"https:\/\/freiesschauspiel.de\/wp-content\/uploads\/2016\/09\/Rabenkind.jpg\",\"contentUrl\":\"https:\/\/freiesschauspiel.de\/wp-content\/uploads\/2016\/09\/Rabenkind.jpg\",\"width\":1905,\"height\":720,\"caption\":\"Neda Rahmanian in RABENKIND \u00a9 Felix Holland\"},{\"@type\":\"BreadcrumbList\",\"@id\":\"https:\/\/freiesschauspiel.de\/programm\/rabenkind#breadcrumb\",\"itemListElement\":[{\"@type\":\"ListItem\",\"position\":1,\"name\":\"Startseite\",\"item\":\"https:\/\/freiesschauspiel.de\/\"},{\"@type\":\"ListItem\",\"position\":2,\"name\":\"Programm\",\"item\":\"https:\/\/freiesschauspiel.de\/programm\"},{\"@type\":\"ListItem\",\"position\":3,\"name\":\"RABENKIND\"}]},{\"@type\":\"WebSite\",\"@id\":\"https:\/\/freiesschauspiel.de\/#website\",\"url\":\"https:\/\/freiesschauspiel.de\/\",\"name\":\"Freies Schauspiel Ensemble\",\"description\":\"im TITANIA\",\"potentialAction\":[{\"@type\":\"SearchAction\",\"target\":{\"@type\":\"EntryPoint\",\"urlTemplate\":\"https:\/\/freiesschauspiel.de\/?s={search_term_string}\"},\"query-input\":{\"@type\":\"PropertyValueSpecification\",\"valueRequired\":true,\"valueName\":\"search_term_string\"}}],\"inLanguage\":\"en-US\"}]}<\/script>\n<!-- \/ Yoast SEO plugin. -->","yoast_head_json":{"title":"Freies Schauspiel Ensemble - Rabenkind - Bert Strebe","robots":{"index":"index","follow":"follow","max-snippet":"max-snippet:-1","max-image-preview":"max-image-preview:large","max-video-preview":"max-video-preview:-1"},"canonical":"https:\/\/freiesschauspiel.de\/programm\/rabenkind","og_locale":"en_US","og_type":"article","og_title":"Freies Schauspiel Ensemble - Rabenkind - Bert Strebe","og_url":"https:\/\/freiesschauspiel.de\/programm\/rabenkind","og_site_name":"Freies Schauspiel Ensemble","article_publisher":"https:\/\/www.facebook.com\/FreiesSchauspielEnsemble\/","article_modified_time":"2018-06-22T11:56:56+00:00","og_image":[{"width":1905,"height":720,"url":"https:\/\/freiesschauspiel.de\/wp-content\/uploads\/2016\/09\/Rabenkind.jpg","type":"image\/jpeg"}],"twitter_card":"summary_large_image","twitter_misc":{"Est. reading time":"1 minute"},"schema":{"@context":"https:\/\/schema.org","@graph":[{"@type":"WebPage","@id":"https:\/\/freiesschauspiel.de\/programm\/rabenkind","url":"https:\/\/freiesschauspiel.de\/programm\/rabenkind","name":"Freies Schauspiel Ensemble - Rabenkind - Bert Strebe","isPartOf":{"@id":"https:\/\/freiesschauspiel.de\/#website"},"primaryImageOfPage":{"@id":"https:\/\/freiesschauspiel.de\/programm\/rabenkind#primaryimage"},"image":{"@id":"https:\/\/freiesschauspiel.de\/programm\/rabenkind#primaryimage"},"thumbnailUrl":"https:\/\/freiesschauspiel.de\/wp-content\/uploads\/2016\/09\/Rabenkind.jpg","datePublished":"2016-09-23T09:14:13+00:00","dateModified":"2018-06-22T11:56:56+00:00","breadcrumb":{"@id":"https:\/\/freiesschauspiel.de\/programm\/rabenkind#breadcrumb"},"inLanguage":"en-US","potentialAction":[{"@type":"ReadAction","target":["https:\/\/freiesschauspiel.de\/programm\/rabenkind"]}]},{"@type":"ImageObject","inLanguage":"en-US","@id":"https:\/\/freiesschauspiel.de\/programm\/rabenkind#primaryimage","url":"https:\/\/freiesschauspiel.de\/wp-content\/uploads\/2016\/09\/Rabenkind.jpg","contentUrl":"https:\/\/freiesschauspiel.de\/wp-content\/uploads\/2016\/09\/Rabenkind.jpg","width":1905,"height":720,"caption":"Neda Rahmanian in RABENKIND \u00a9 Felix Holland"},{"@type":"BreadcrumbList","@id":"https:\/\/freiesschauspiel.de\/programm\/rabenkind#breadcrumb","itemListElement":[{"@type":"ListItem","position":1,"name":"Startseite","item":"https:\/\/freiesschauspiel.de\/"},{"@type":"ListItem","position":2,"name":"Programm","item":"https:\/\/freiesschauspiel.de\/programm"},{"@type":"ListItem","position":3,"name":"RABENKIND"}]},{"@type":"WebSite","@id":"https:\/\/freiesschauspiel.de\/#website","url":"https:\/\/freiesschauspiel.de\/","name":"Freies Schauspiel Ensemble","description":"im TITANIA","potentialAction":[{"@type":"SearchAction","target":{"@type":"EntryPoint","urlTemplate":"https:\/\/freiesschauspiel.de\/?s={search_term_string}"},"query-input":{"@type":"PropertyValueSpecification","valueRequired":true,"valueName":"search_term_string"}}],"inLanguage":"en-US"}]}},"_links":{"self":[{"href":"https:\/\/freiesschauspiel.de\/en\/wp-json\/wp\/v2\/pages\/1140"}],"collection":[{"href":"https:\/\/freiesschauspiel.de\/en\/wp-json\/wp\/v2\/pages"}],"about":[{"href":"https:\/\/freiesschauspiel.de\/en\/wp-json\/wp\/v2\/types\/page"}],"author":[{"embeddable":true,"href":"https:\/\/freiesschauspiel.de\/en\/wp-json\/wp\/v2\/users\/1"}],"replies":[{"embeddable":true,"href":"https:\/\/freiesschauspiel.de\/en\/wp-json\/wp\/v2\/comments?post=1140"}],"version-history":[{"count":7,"href":"https:\/\/freiesschauspiel.de\/en\/wp-json\/wp\/v2\/pages\/1140\/revisions"}],"predecessor-version":[{"id":3941,"href":"https:\/\/freiesschauspiel.de\/en\/wp-json\/wp\/v2\/pages\/1140\/revisions\/3941"}],"up":[{"embeddable":true,"href":"https:\/\/freiesschauspiel.de\/en\/wp-json\/wp\/v2\/pages\/527"}],"wp:featuredmedia":[{"embeddable":true,"href":"https:\/\/freiesschauspiel.de\/en\/wp-json\/wp\/v2\/media\/1141"}],"wp:attachment":[{"href":"https:\/\/freiesschauspiel.de\/en\/wp-json\/wp\/v2\/media?parent=1140"}],"curies":[{"name":"wp","href":"https:\/\/api.w.org\/{rel}","templated":true}]}}