{"id":1152,"date":"2016-09-23T09:39:55","date_gmt":"2016-09-23T09:39:55","guid":{"rendered":"http:\/\/freiesschauspiel.de\/?page_id=1152"},"modified":"2020-02-17T14:36:29","modified_gmt":"2020-02-17T12:36:29","slug":"kein-ort-nirgends","status":"publish","type":"page","link":"https:\/\/freiesschauspiel.de\/en\/programm\/kein-ort-nirgends","title":{"rendered":"KEIN ORT. NIRGENDS"},"content":{"rendered":"<div class=\"csRow\">\n<div class=\"csColumnGap\" style=\"margin: 0px; padding: 0px; float: left; width: 1.56%;\"><img decoding=\"async\" src=\"http:\/\/freiesschauspiel.de\/wp-content\/plugins\/advanced-wp-columns\/assets\/js\/plugins\/views\/img\/1x1-pixel.png\" \/><\/div>\n<div class=\"csColumn\" style=\"margin: 0px; padding: 0px; float: left; width: 47.7%;\" data-csid=\"bd68aaab-d218-098b-a69a-1b86c598aaaf\" data-cswidth=\"47.7%\" data-csendpoint=\"472.5\" data-csstartpoint=\"15\">\n<p>Ein Paar am Abgrund:<br \/>\nKaroline von G\u00fcnderrode und Heinrich von Kleist,<br \/>\neine Dichterin und ein Dichter.<br \/>\nEine Jahrhundertbegegnung, die es vielleicht nie gegeben hat.<br \/>\nChrista Wolf hat sie beschrieben: KEIN ORT. NIRGENDS<\/p>\n<p>Eine der illustren Teegesellschaften des Frankfurter Kaufmanns Merten, bei denen nicht selten K\u00fcnstler, Philosophen, Wissenschaftler zu Gast waren, die sp\u00e4ter zu den herausragenden Pers\u00f6nlichkeiten der Zeit z\u00e4hlen sollten. &#8211; Man plaudert, flirtet, philosophiert. Man tr\u00e4gt Gedichte vor, tauscht Aphorismen aus, schl\u00e4gt ein paar T\u00f6ne auf dem Klavier an. Man erhitzt sich in hei\u00dfen Debatten \u00fcber das Gute, Wahre, Sch\u00f6ne, Ideal und Wirklichkeit.<\/p>\n<p>Zwei Gestalten am Rande der Gesellschaft, jede f\u00fcr sich ihren Gedanken und Gef\u00fchlen nachh\u00e4ngend, Karoline von G\u00fcnderrode und Heinrich von Kleist &#8211; zwei Monologe, die sich zunehmend zum Dialog verschr\u00e4nken und doch Monolog bleiben. Monolog zweier Menschen, die &#8211; w\u00e4hrend die andern den Anbruch eines Neuen Zeitalters, des Zeitalters der Vernunft, der Wissenschaft, des Fortschritts, der Freiheit und Gerechtigkeit, feiern &#8211; die Abgr\u00fcnde in sich selbst entdecken, die Schwindel erregende Leere des Nichts, die Absurdit\u00e4t des Seins, das Chaos der Gef\u00fchle, die Ohnmacht und die Abgetrenntheit des Einzelnen. Sie ringen um Orientierung, sie suchen Halt aneinander und finden sich in einem Augenblick von Wahrheit, Irrsinn, Liebe, Lachen &#8212;<\/p>\n<\/div>\n<div class=\"csColumnGap\" style=\"margin: 0px; padding: 0px; float: left; width: 14.2%;\"><img decoding=\"async\" src=\"http:\/\/freiesschauspiel.de\/wp-content\/plugins\/advanced-wp-columns\/assets\/js\/plugins\/views\/img\/1x1-pixel.png\" \/><\/div>\n<div class=\"csColumn\" style=\"margin: 0px; padding: 0px; float: left; width: 35.1%;\" data-csid=\"e5011ccf-29a7-40a1-8065-a43e03d2c547\" data-cswidth=\"35.1%\" data-csendpoint=\"945\" data-csstartpoint=\"608.5\">\n<p><strong>KEIN ORT. NIRGENDS<\/strong><br \/>\nnach dem gleichnamigen Roman von Christa Wolf<\/p>\n<p><strong>Vorstellungen<\/strong><\/p>\n<p><span style=\"font-family: Arial;\"><strong>Inszenierung<\/strong> Reinhard Hinzpeter<br \/>\n<strong>Ausstattung<\/strong> Gerd Friedrich<br \/>\n<strong>Es spielen<\/strong> Bettina Kaminski, Adrian Scherschel<\/span><\/p>\n\n\t\t<style type=\"text\/css\">\n\t\t\t#gallery-1 {\n\t\t\t\tmargin: auto;\n\t\t\t}\n\t\t\t#gallery-1 .gallery-item {\n\t\t\t\tfloat: left;\n\t\t\t\tmargin-top: 10px;\n\t\t\t\ttext-align: center;\n\t\t\t\twidth: 33%;\n\t\t\t}\n\t\t\t#gallery-1 img {\n\t\t\t\tborder: 2px solid #cfcfcf;\n\t\t\t}\n\t\t\t#gallery-1 .gallery-caption {\n\t\t\t\tmargin-left: 0;\n\t\t\t}\n\t\t\t\/* see gallery_shortcode() in wp-includes\/media.php *\/\n\t\t<\/style>\n\t\t<div id='gallery-1' class='gallery galleryid-1152 gallery-columns-3 gallery-size-small'><dl class='gallery-item'>\n\t\t\t<dt class='gallery-icon landscape'>\n\t\t\t\t<a href='https:\/\/freiesschauspiel.de\/wp-content\/uploads\/2016\/09\/KeinOrtNirgends-3-1024x683.jpg' title=\"v.l. Scherschel, Kaminski in KEIN ORT. NIRGENDS \u00a9 Felix Holland\" data-rl_title=\"v.l. Scherschel, Kaminski in KEIN ORT. NIRGENDS \u00a9 Felix Holland\" class=\"rl-gallery-link\" data-rl_caption=\"\" data-rel=\"lightbox-gallery-1\"><img loading=\"lazy\" decoding=\"async\" width=\"1063\" height=\"709\" src=\"https:\/\/freiesschauspiel.de\/wp-content\/uploads\/2016\/09\/KeinOrtNirgends-3-e1498042306955.jpg\" class=\"attachment-small size-small\" alt=\"v.l. Scherschel, Kaminski in KEIN ORT. NIRGENDS \u00a9 Felix Holland\" \/><\/a>\n\t\t\t<\/dt><\/dl><dl class='gallery-item'>\n\t\t\t<dt class='gallery-icon landscape'>\n\t\t\t\t<a href='https:\/\/freiesschauspiel.de\/wp-content\/uploads\/2016\/09\/KeinOrtNirgends-2-1024x683.jpg' title=\"v.l. Scherschel, Kaminski in KEIN ORT. NIRGENDS \u00a9 Felix Holland\" data-rl_title=\"v.l. Scherschel, Kaminski in KEIN ORT. NIRGENDS \u00a9 Felix Holland\" class=\"rl-gallery-link\" data-rl_caption=\"\" data-rel=\"lightbox-gallery-1\"><img loading=\"lazy\" decoding=\"async\" width=\"1063\" height=\"709\" src=\"https:\/\/freiesschauspiel.de\/wp-content\/uploads\/2016\/09\/KeinOrtNirgends-2-e1498042320132.jpg\" class=\"attachment-small size-small\" alt=\"\" \/><\/a>\n\t\t\t<\/dt><\/dl><dl class='gallery-item'>\n\t\t\t<dt class='gallery-icon landscape'>\n\t\t\t\t<a href='https:\/\/freiesschauspiel.de\/wp-content\/uploads\/2016\/09\/KeinOrtNirgends-1-1024x683.jpg' title=\"v.l. Kaminski, Scherschel in KEIN ORT. NIRGENDS \u00a9 Felix Holland\" data-rl_title=\"v.l. Kaminski, Scherschel in KEIN ORT. NIRGENDS \u00a9 Felix Holland\" class=\"rl-gallery-link\" data-rl_caption=\"\" data-rel=\"lightbox-gallery-1\"><img loading=\"lazy\" decoding=\"async\" width=\"1063\" height=\"709\" src=\"https:\/\/freiesschauspiel.de\/wp-content\/uploads\/2016\/09\/KeinOrtNirgends-1-e1498042332188.jpg\" class=\"attachment-small size-small\" alt=\"v.l. Kaminski, Scherschel in KEIN ORT. NIRGENDS \u00a9 Felix Holland\" \/><\/a>\n\t\t\t<\/dt><\/dl><br style=\"clear: both\" \/>\n\t\t<\/div>\n\n<p><a href=\"http:\/\/freiesschauspiel.de\/programm\/kein-ort-nirgends\/pressestimmen-kein-ort-nirgends\">Pressestimmen<\/a><\/p>\n<p><strong>Premiere<\/strong> 16. November 2007<\/p>\n<\/div>\n<div class=\"csColumnGap\" style=\"margin: 0px; padding: 0px; float: left; width: 1.56%;\"><img decoding=\"async\" src=\"http:\/\/freiesschauspiel.de\/wp-content\/plugins\/advanced-wp-columns\/assets\/js\/plugins\/views\/img\/1x1-pixel.png\" \/><\/div>\n<div style=\"clear: both; float: none; display: block; visibility: hidden; width: 0px; font-size: 0px; line-height: 0;\"><\/div>\n<\/div>\n","protected":false},"excerpt":{"rendered":"Ein Paar am Abgrund: Karoline <a class=\"more-link\" href=\"https:\/\/freiesschauspiel.de\/en\/programm\/kein-ort-nirgends\">(&#8230; mehr)<\/a>","protected":false},"author":1,"featured_media":1156,"parent":527,"menu_order":0,"comment_status":"closed","ping_status":"closed","template":"","meta":{"footnotes":""},"translation":{"provider":"WPGlobus","version":"3.0.0","language":"en","enabled_languages":["de","en"],"languages":{"de":{"title":true,"content":true,"excerpt":false},"en":{"title":false,"content":false,"excerpt":false}}},"yoast_head":"<!-- This site is optimized with the Yoast SEO plugin v23.5 - https:\/\/yoast.com\/wordpress\/plugins\/seo\/ -->\n<title>Freies Schauspiel Ensemble - No Place, Nowhere - Christa Wolf<\/title>\n<meta name=\"robots\" content=\"index, follow, max-snippet:-1, max-image-preview:large, max-video-preview:-1\" \/>\n<link rel=\"canonical\" href=\"https:\/\/freiesschauspiel.de\/programm\/kein-ort-nirgends\" \/>\n<meta property=\"og:locale\" content=\"en_US\" \/>\n<meta property=\"og:type\" content=\"article\" \/>\n<meta property=\"og:title\" content=\"Freies Schauspiel Ensemble - No Place, Nowhere - Christa Wolf\" \/>\n<meta property=\"og:url\" content=\"https:\/\/freiesschauspiel.de\/programm\/kein-ort-nirgends\" \/>\n<meta property=\"og:site_name\" content=\"Freies Schauspiel Ensemble\" \/>\n<meta property=\"article:publisher\" content=\"https:\/\/www.facebook.com\/FreiesSchauspielEnsemble\/\" \/>\n<meta property=\"article:modified_time\" content=\"2020-02-17T12:36:29+00:00\" \/>\n<meta property=\"og:image\" content=\"https:\/\/freiesschauspiel.de\/wp-content\/uploads\/2016\/09\/KeinOrtNirgends.jpg\" \/>\n\t<meta property=\"og:image:width\" content=\"1906\" \/>\n\t<meta property=\"og:image:height\" content=\"720\" \/>\n\t<meta property=\"og:image:type\" content=\"image\/jpeg\" \/>\n<meta name=\"twitter:card\" content=\"summary_large_image\" \/>\n<meta name=\"twitter:label1\" content=\"Est. reading time\" \/>\n\t<meta name=\"twitter:data1\" content=\"1 minute\" \/>\n<script type=\"application\/ld+json\" class=\"yoast-schema-graph\">{\"@context\":\"https:\/\/schema.org\",\"@graph\":[{\"@type\":\"WebPage\",\"@id\":\"https:\/\/freiesschauspiel.de\/programm\/kein-ort-nirgends\",\"url\":\"https:\/\/freiesschauspiel.de\/programm\/kein-ort-nirgends\",\"name\":\"Freies Schauspiel Ensemble - No Place, Nowhere - Christa Wolf\",\"isPartOf\":{\"@id\":\"https:\/\/freiesschauspiel.de\/#website\"},\"primaryImageOfPage\":{\"@id\":\"https:\/\/freiesschauspiel.de\/programm\/kein-ort-nirgends#primaryimage\"},\"image\":{\"@id\":\"https:\/\/freiesschauspiel.de\/programm\/kein-ort-nirgends#primaryimage\"},\"thumbnailUrl\":\"https:\/\/freiesschauspiel.de\/wp-content\/uploads\/2016\/09\/KeinOrtNirgends.jpg\",\"datePublished\":\"2016-09-23T09:39:55+00:00\",\"dateModified\":\"2020-02-17T12:36:29+00:00\",\"breadcrumb\":{\"@id\":\"https:\/\/freiesschauspiel.de\/programm\/kein-ort-nirgends#breadcrumb\"},\"inLanguage\":\"en-US\",\"potentialAction\":[{\"@type\":\"ReadAction\",\"target\":[\"https:\/\/freiesschauspiel.de\/programm\/kein-ort-nirgends\"]}]},{\"@type\":\"ImageObject\",\"inLanguage\":\"en-US\",\"@id\":\"https:\/\/freiesschauspiel.de\/programm\/kein-ort-nirgends#primaryimage\",\"url\":\"https:\/\/freiesschauspiel.de\/wp-content\/uploads\/2016\/09\/KeinOrtNirgends.jpg\",\"contentUrl\":\"https:\/\/freiesschauspiel.de\/wp-content\/uploads\/2016\/09\/KeinOrtNirgends.jpg\",\"width\":1906,\"height\":720,\"caption\":\"Bettina Kaminski in KEIN ORT. NIRGENDS \u00a9 Felix Holland\"},{\"@type\":\"BreadcrumbList\",\"@id\":\"https:\/\/freiesschauspiel.de\/programm\/kein-ort-nirgends#breadcrumb\",\"itemListElement\":[{\"@type\":\"ListItem\",\"position\":1,\"name\":\"Startseite\",\"item\":\"https:\/\/freiesschauspiel.de\/\"},{\"@type\":\"ListItem\",\"position\":2,\"name\":\"Programm\",\"item\":\"https:\/\/freiesschauspiel.de\/programm\"},{\"@type\":\"ListItem\",\"position\":3,\"name\":\"KEIN ORT. NIRGENDS\"}]},{\"@type\":\"WebSite\",\"@id\":\"https:\/\/freiesschauspiel.de\/#website\",\"url\":\"https:\/\/freiesschauspiel.de\/\",\"name\":\"Freies Schauspiel Ensemble\",\"description\":\"im TITANIA\",\"potentialAction\":[{\"@type\":\"SearchAction\",\"target\":{\"@type\":\"EntryPoint\",\"urlTemplate\":\"https:\/\/freiesschauspiel.de\/?s={search_term_string}\"},\"query-input\":{\"@type\":\"PropertyValueSpecification\",\"valueRequired\":true,\"valueName\":\"search_term_string\"}}],\"inLanguage\":\"en-US\"}]}<\/script>\n<!-- \/ Yoast SEO plugin. -->","yoast_head_json":{"title":"Freies Schauspiel Ensemble - No Place, Nowhere - Christa Wolf","robots":{"index":"index","follow":"follow","max-snippet":"max-snippet:-1","max-image-preview":"max-image-preview:large","max-video-preview":"max-video-preview:-1"},"canonical":"https:\/\/freiesschauspiel.de\/programm\/kein-ort-nirgends","og_locale":"en_US","og_type":"article","og_title":"Freies Schauspiel Ensemble - No Place, Nowhere - Christa Wolf","og_url":"https:\/\/freiesschauspiel.de\/programm\/kein-ort-nirgends","og_site_name":"Freies Schauspiel Ensemble","article_publisher":"https:\/\/www.facebook.com\/FreiesSchauspielEnsemble\/","article_modified_time":"2020-02-17T12:36:29+00:00","og_image":[{"width":1906,"height":720,"url":"https:\/\/freiesschauspiel.de\/wp-content\/uploads\/2016\/09\/KeinOrtNirgends.jpg","type":"image\/jpeg"}],"twitter_card":"summary_large_image","twitter_misc":{"Est. reading time":"1 minute"},"schema":{"@context":"https:\/\/schema.org","@graph":[{"@type":"WebPage","@id":"https:\/\/freiesschauspiel.de\/programm\/kein-ort-nirgends","url":"https:\/\/freiesschauspiel.de\/programm\/kein-ort-nirgends","name":"Freies Schauspiel Ensemble - No Place, Nowhere - Christa Wolf","isPartOf":{"@id":"https:\/\/freiesschauspiel.de\/#website"},"primaryImageOfPage":{"@id":"https:\/\/freiesschauspiel.de\/programm\/kein-ort-nirgends#primaryimage"},"image":{"@id":"https:\/\/freiesschauspiel.de\/programm\/kein-ort-nirgends#primaryimage"},"thumbnailUrl":"https:\/\/freiesschauspiel.de\/wp-content\/uploads\/2016\/09\/KeinOrtNirgends.jpg","datePublished":"2016-09-23T09:39:55+00:00","dateModified":"2020-02-17T12:36:29+00:00","breadcrumb":{"@id":"https:\/\/freiesschauspiel.de\/programm\/kein-ort-nirgends#breadcrumb"},"inLanguage":"en-US","potentialAction":[{"@type":"ReadAction","target":["https:\/\/freiesschauspiel.de\/programm\/kein-ort-nirgends"]}]},{"@type":"ImageObject","inLanguage":"en-US","@id":"https:\/\/freiesschauspiel.de\/programm\/kein-ort-nirgends#primaryimage","url":"https:\/\/freiesschauspiel.de\/wp-content\/uploads\/2016\/09\/KeinOrtNirgends.jpg","contentUrl":"https:\/\/freiesschauspiel.de\/wp-content\/uploads\/2016\/09\/KeinOrtNirgends.jpg","width":1906,"height":720,"caption":"Bettina Kaminski in KEIN ORT. NIRGENDS \u00a9 Felix Holland"},{"@type":"BreadcrumbList","@id":"https:\/\/freiesschauspiel.de\/programm\/kein-ort-nirgends#breadcrumb","itemListElement":[{"@type":"ListItem","position":1,"name":"Startseite","item":"https:\/\/freiesschauspiel.de\/"},{"@type":"ListItem","position":2,"name":"Programm","item":"https:\/\/freiesschauspiel.de\/programm"},{"@type":"ListItem","position":3,"name":"KEIN ORT. NIRGENDS"}]},{"@type":"WebSite","@id":"https:\/\/freiesschauspiel.de\/#website","url":"https:\/\/freiesschauspiel.de\/","name":"Freies Schauspiel Ensemble","description":"im TITANIA","potentialAction":[{"@type":"SearchAction","target":{"@type":"EntryPoint","urlTemplate":"https:\/\/freiesschauspiel.de\/?s={search_term_string}"},"query-input":{"@type":"PropertyValueSpecification","valueRequired":true,"valueName":"search_term_string"}}],"inLanguage":"en-US"}]}},"_links":{"self":[{"href":"https:\/\/freiesschauspiel.de\/en\/wp-json\/wp\/v2\/pages\/1152"}],"collection":[{"href":"https:\/\/freiesschauspiel.de\/en\/wp-json\/wp\/v2\/pages"}],"about":[{"href":"https:\/\/freiesschauspiel.de\/en\/wp-json\/wp\/v2\/types\/page"}],"author":[{"embeddable":true,"href":"https:\/\/freiesschauspiel.de\/en\/wp-json\/wp\/v2\/users\/1"}],"replies":[{"embeddable":true,"href":"https:\/\/freiesschauspiel.de\/en\/wp-json\/wp\/v2\/comments?post=1152"}],"version-history":[{"count":10,"href":"https:\/\/freiesschauspiel.de\/en\/wp-json\/wp\/v2\/pages\/1152\/revisions"}],"predecessor-version":[{"id":5808,"href":"https:\/\/freiesschauspiel.de\/en\/wp-json\/wp\/v2\/pages\/1152\/revisions\/5808"}],"up":[{"embeddable":true,"href":"https:\/\/freiesschauspiel.de\/en\/wp-json\/wp\/v2\/pages\/527"}],"wp:featuredmedia":[{"embeddable":true,"href":"https:\/\/freiesschauspiel.de\/en\/wp-json\/wp\/v2\/media\/1156"}],"wp:attachment":[{"href":"https:\/\/freiesschauspiel.de\/en\/wp-json\/wp\/v2\/media?parent=1152"}],"curies":[{"name":"wp","href":"https:\/\/api.w.org\/{rel}","templated":true}]}}