{"id":124,"date":"2016-07-05T10:53:43","date_gmt":"2016-07-05T10:53:43","guid":{"rendered":"http:\/\/freiesschauspiel.de\/?page_id=124"},"modified":"2026-05-07T11:38:30","modified_gmt":"2026-05-07T09:38:30","slug":"repertoire","status":"publish","type":"page","link":"https:\/\/freiesschauspiel.de\/en\/programm\/repertoire","title":{"rendered":"Repertoire"},"content":{"rendered":"<p style=\"line-height: 1.1;\"><a href=\"http:\/\/freiesschauspiel.de\/programm\/spielplan\/atmen\">LUNGS<\/a><br \/>\nby Duncan Macmillan<\/p>\n<p style=\"line-height: 1.1;\"><a href=\"https:\/\/freiesschauspiel.de\/en\/programm\/atropa\">ATROPA. THE VENGEANCE OF PEACE<\/a><br \/>\nby Tom Lanoye<\/p>\n<p style=\"line-height: 1.1;\"><a href=\"https:\/\/freiesschauspiel.de\/en\/programm\/spielplan\/brief-einer-unbekannten\">LETTER FROM AN UNKNOWN WOMAN<\/a><br \/>\nby Stefan Zweig<\/p>\n<p style=\"line-height: 1.1;\"><a href=\"https:\/\/freiesschauspiel.de\/en\/programm\/das-glueck-rast-hinterher\">HAPPINESS IS RUNNING AFTERWARDS<\/a><br \/>\nFive actors searching for happiness<\/p>\n<p style=\"line-height: 1.1;\"><a href=\"https:\/\/freiesschauspiel.de\/en\/programm\/das-himbeerreich\">THE RASPBERRY KINGDOM<\/a><br \/>\nby Andres Veiel<\/p>\n<p style=\"line-height: 1.1;\"><a href=\"https:\/\/freiesschauspiel.de\/en\/programm\/die-unvollendete\">THE UNCOMPLETED<\/a><br \/>\n1918. A piece of German revolution<\/p>\n<p style=\"line-height: 1.1;\"><a href=\"https:\/\/freiesschauspiel.de\/en\/programm\/der-menschenfeind\">THE MISANTHROPE<\/a><br \/>\nby Moli\u00e8re<\/p>\n<p style=\"line-height: 1.1;\"><a href=\"https:\/\/freiesschauspiel.de\/en\/programm\/der-prozess\">THE TRIAL<\/a><br \/>\nby Franz Kafka<\/p>\n<p style=\"line-height: 1.1;\"><a href=\"http:\/\/freiesschauspiel.de\/programm\/spielplan\/glasmenagerie\">THE GLASS MENAGERIE<\/a><br \/>\nby Tennessee Williams<\/p>\n<p style=\"line-height: 1.1;\"><a href=\"https:\/\/freiesschauspiel.de\/en\/programm\/spielplan\/diplomatie\">DIPLOMACY<\/a><br \/>\nby Cyril G\u00e9ly<\/p>\n<p style=\"line-height: 1.1;\"><a href=\"https:\/\/freiesschauspiel.de\/en\/programm\/spielplan\/die-heilige-johanna-der-schlachthoefe\">SAINT JOAN OF THE STOCKYARDS<\/a><br \/>\nby Bertolt Brecht<\/p>\n<p style=\"line-height: 1.1;\">DINNER FOR ONE &#8211; HOW IT ALL BEGANN<br \/>\nby Volker Heymann<\/p>\n<p style=\"line-height: 1.1;\"><a href=\"https:\/\/freiesschauspiel.de\/en\/programm\/eine-frau-griechischer-herkunft\">A LADY OF GREEK ORIGIN<\/a><br \/>\nDramatischer Monolog in Gedichten by Tzimon Barto<\/p>\n<p style=\"line-height: 1.1;\"><a href=\"https:\/\/freiesschauspiel.de\/en\/programm\/spielplan\/faust\">FAUST<\/a><br \/>\nby Johann Wolfgang von Goethe<\/p>\n<p style=\"line-height: 1.1;\"><a href=\"https:\/\/freiesschauspiel.de\/en\/programm\/gilgi\">GILGI. ONE OF US<\/a><br \/>\nby Irmgard Keun<\/p>\n<p style=\"line-height: 1.1;\"><a href=\"https:\/\/freiesschauspiel.de\/en\/programm\/glaube-liebe-hoffnung\">FAITH, HOPE AND CHARITY<\/a><br \/>\nby \u00d6d\u00f6n von Horv\u00e1th<\/p>\n<p style=\"line-height: 1.1;\"><a href=\"https:\/\/freiesschauspiel.de\/en\/programm\/spielplan\/ichglaubeaneineneinzigengott-hass\">ICHBELIEVEINONLYONEGOD.HATRED<\/a><br \/>\nby Stefano Massini<\/p>\n<p style=\"line-height: 1.1;\"><a href=\"https:\/\/freiesschauspiel.de\/en\/programm\/spielplan\/ich-moechte-lieber-nicht\">I WOULD PREFER NOT TO<\/a><br \/>\nafter Herman Melville&#8217;s &#8220;Bartleby, the Scrivener&#8221;<\/p>\n<p style=\"line-height: 1.1;\"><a href=\"https:\/\/freiesschauspiel.de\/en\/programm\/spielplan\/ich-werde-sein\">I WILL BE<\/a><br \/>\nThe Rosa Luxemburg drama<\/p>\n<p style=\"line-height: 1.1;\"><a href=\"http:\/\/freiesschauspiel.de\/programm\/spielplan\/maria-stuart\">MARIA STUART<\/a><br \/>\nby Friedrich Schiller<\/p>\n<p style=\"line-height: 1.1;\"><a href=\"https:\/\/freiesschauspiel.de\/en\/programm\/peggy-pickit\">PEGGY PICKIT SEES THE FACE OF GOD<\/a><br \/>\nby Roland Schimmelpfennig<\/p>\n<p style=\"line-height: 1.1;\">Cees Nooteboom<br \/>\n<a href=\"https:\/\/freiesschauspiel.de\/en\/programm\/spielplan\/rituale\">RITUALS<\/a><br \/>\nbased on the novel of the same name<\/p>\n<p style=\"line-height: 1.1;\"><a href=\"https:\/\/freiesschauspiel.de\/en\/programm\/spielplan\/sei-frei\">BE FREE, ALWAYS!<\/a><br \/>\nA family drama<\/p>\n<p style=\"line-height: 1.1;\"><a href=\"https:\/\/freiesschauspiel.de\/en\/programm\/tschernobyl\">CHERNOBYL<\/a><br \/>\nafter Swetlana Alexijewitsch&#8217;s &#8220;Voices from Chernobyl&#8221;<\/p>\n<p style=\"line-height: 1.1;\"><a href=\"https:\/\/freiesschauspiel.de\/en\/programm\/unschuld\">INNOCENCE<\/a><br \/>\nby Dea Loher<\/p>\n","protected":false},"excerpt":{"rendered":"LUNGS by Duncan Macmillan ATROPA. <a class=\"more-link\" href=\"https:\/\/freiesschauspiel.de\/en\/programm\/repertoire\">(&#8230; mehr)<\/a>","protected":false},"author":1,"featured_media":1455,"parent":527,"menu_order":3,"comment_status":"closed","ping_status":"closed","template":"","meta":{"footnotes":""},"translation":{"provider":"WPGlobus","version":"3.0.0","language":"en","enabled_languages":["de","en"],"languages":{"de":{"title":true,"content":true,"excerpt":false},"en":{"title":true,"content":true,"excerpt":false}}},"yoast_head":"<!-- This site is optimized with the Yoast SEO plugin v23.5 - https:\/\/yoast.com\/wordpress\/plugins\/seo\/ -->\n<title>Freies Schauspiel Ensemble - Theaterst\u00fccke im Repertoire<\/title>\n<meta name=\"robots\" content=\"index, follow, max-snippet:-1, max-image-preview:large, max-video-preview:-1\" \/>\n<link rel=\"canonical\" href=\"https:\/\/freiesschauspiel.de\/programm\/repertoire\" \/>\n<meta property=\"og:locale\" content=\"en_US\" \/>\n<meta property=\"og:type\" content=\"article\" \/>\n<meta property=\"og:title\" content=\"Repertoire - Freies Schauspiel Ensemble\" \/>\n<meta property=\"og:url\" content=\"https:\/\/freiesschauspiel.de\/programm\/repertoire\" \/>\n<meta property=\"og:site_name\" content=\"Freies Schauspiel Ensemble\" \/>\n<meta property=\"article:publisher\" content=\"https:\/\/www.facebook.com\/FreiesSchauspielEnsemble\/\" \/>\n<meta property=\"article:modified_time\" content=\"2026-05-07T09:38:30+00:00\" \/>\n<meta property=\"og:image\" content=\"https:\/\/freiesschauspiel.de\/wp-content\/uploads\/2016\/09\/Faust.jpg\" \/>\n\t<meta property=\"og:image:width\" content=\"1713\" \/>\n\t<meta property=\"og:image:height\" content=\"720\" \/>\n\t<meta property=\"og:image:type\" content=\"image\/jpeg\" \/>\n<meta name=\"twitter:card\" content=\"summary_large_image\" \/>\n<meta name=\"twitter:label1\" content=\"Est. reading time\" \/>\n\t<meta name=\"twitter:data1\" content=\"2 minutes\" \/>\n<script type=\"application\/ld+json\" class=\"yoast-schema-graph\">{\"@context\":\"https:\/\/schema.org\",\"@graph\":[{\"@type\":\"WebPage\",\"@id\":\"https:\/\/freiesschauspiel.de\/programm\/repertoire\",\"url\":\"https:\/\/freiesschauspiel.de\/programm\/repertoire\",\"name\":\"Freies Schauspiel Ensemble - Theaterst\u00fccke im Repertoire\",\"isPartOf\":{\"@id\":\"https:\/\/freiesschauspiel.de\/#website\"},\"primaryImageOfPage\":{\"@id\":\"https:\/\/freiesschauspiel.de\/programm\/repertoire#primaryimage\"},\"image\":{\"@id\":\"https:\/\/freiesschauspiel.de\/programm\/repertoire#primaryimage\"},\"thumbnailUrl\":\"https:\/\/freiesschauspiel.de\/wp-content\/uploads\/2016\/09\/Faust.jpg\",\"datePublished\":\"2016-07-05T10:53:43+00:00\",\"dateModified\":\"2026-05-07T09:38:30+00:00\",\"breadcrumb\":{\"@id\":\"https:\/\/freiesschauspiel.de\/programm\/repertoire#breadcrumb\"},\"inLanguage\":\"en-US\",\"potentialAction\":[{\"@type\":\"ReadAction\",\"target\":[\"https:\/\/freiesschauspiel.de\/programm\/repertoire\"]}]},{\"@type\":\"ImageObject\",\"inLanguage\":\"en-US\",\"@id\":\"https:\/\/freiesschauspiel.de\/programm\/repertoire#primaryimage\",\"url\":\"https:\/\/freiesschauspiel.de\/wp-content\/uploads\/2016\/09\/Faust.jpg\",\"contentUrl\":\"https:\/\/freiesschauspiel.de\/wp-content\/uploads\/2016\/09\/Faust.jpg\",\"width\":1713,\"height\":720,\"caption\":\"FAUST \u00a9 FSEF\"},{\"@type\":\"BreadcrumbList\",\"@id\":\"https:\/\/freiesschauspiel.de\/programm\/repertoire#breadcrumb\",\"itemListElement\":[{\"@type\":\"ListItem\",\"position\":1,\"name\":\"Startseite\",\"item\":\"https:\/\/freiesschauspiel.de\/\"},{\"@type\":\"ListItem\",\"position\":2,\"name\":\"Programm\",\"item\":\"https:\/\/freiesschauspiel.de\/programm\"},{\"@type\":\"ListItem\",\"position\":3,\"name\":\"Repertoire\"}]},{\"@type\":\"WebSite\",\"@id\":\"https:\/\/freiesschauspiel.de\/#website\",\"url\":\"https:\/\/freiesschauspiel.de\/\",\"name\":\"Freies Schauspiel Ensemble\",\"description\":\"im TITANIA\",\"potentialAction\":[{\"@type\":\"SearchAction\",\"target\":{\"@type\":\"EntryPoint\",\"urlTemplate\":\"https:\/\/freiesschauspiel.de\/?s={search_term_string}\"},\"query-input\":{\"@type\":\"PropertyValueSpecification\",\"valueRequired\":true,\"valueName\":\"search_term_string\"}}],\"inLanguage\":\"en-US\"}]}<\/script>\n<!-- \/ Yoast SEO plugin. -->","yoast_head_json":{"title":"Freies Schauspiel Ensemble - Theaterst\u00fccke im Repertoire","robots":{"index":"index","follow":"follow","max-snippet":"max-snippet:-1","max-image-preview":"max-image-preview:large","max-video-preview":"max-video-preview:-1"},"canonical":"https:\/\/freiesschauspiel.de\/programm\/repertoire","og_locale":"en_US","og_type":"article","og_title":"Repertoire - Freies Schauspiel Ensemble","og_url":"https:\/\/freiesschauspiel.de\/programm\/repertoire","og_site_name":"Freies Schauspiel Ensemble","article_publisher":"https:\/\/www.facebook.com\/FreiesSchauspielEnsemble\/","article_modified_time":"2026-05-07T09:38:30+00:00","og_image":[{"width":1713,"height":720,"url":"https:\/\/freiesschauspiel.de\/wp-content\/uploads\/2016\/09\/Faust.jpg","type":"image\/jpeg"}],"twitter_card":"summary_large_image","twitter_misc":{"Est. reading time":"2 minutes"},"schema":{"@context":"https:\/\/schema.org","@graph":[{"@type":"WebPage","@id":"https:\/\/freiesschauspiel.de\/programm\/repertoire","url":"https:\/\/freiesschauspiel.de\/programm\/repertoire","name":"Freies Schauspiel Ensemble - Theaterst\u00fccke im Repertoire","isPartOf":{"@id":"https:\/\/freiesschauspiel.de\/#website"},"primaryImageOfPage":{"@id":"https:\/\/freiesschauspiel.de\/programm\/repertoire#primaryimage"},"image":{"@id":"https:\/\/freiesschauspiel.de\/programm\/repertoire#primaryimage"},"thumbnailUrl":"https:\/\/freiesschauspiel.de\/wp-content\/uploads\/2016\/09\/Faust.jpg","datePublished":"2016-07-05T10:53:43+00:00","dateModified":"2026-05-07T09:38:30+00:00","breadcrumb":{"@id":"https:\/\/freiesschauspiel.de\/programm\/repertoire#breadcrumb"},"inLanguage":"en-US","potentialAction":[{"@type":"ReadAction","target":["https:\/\/freiesschauspiel.de\/programm\/repertoire"]}]},{"@type":"ImageObject","inLanguage":"en-US","@id":"https:\/\/freiesschauspiel.de\/programm\/repertoire#primaryimage","url":"https:\/\/freiesschauspiel.de\/wp-content\/uploads\/2016\/09\/Faust.jpg","contentUrl":"https:\/\/freiesschauspiel.de\/wp-content\/uploads\/2016\/09\/Faust.jpg","width":1713,"height":720,"caption":"FAUST \u00a9 FSEF"},{"@type":"BreadcrumbList","@id":"https:\/\/freiesschauspiel.de\/programm\/repertoire#breadcrumb","itemListElement":[{"@type":"ListItem","position":1,"name":"Startseite","item":"https:\/\/freiesschauspiel.de\/"},{"@type":"ListItem","position":2,"name":"Programm","item":"https:\/\/freiesschauspiel.de\/programm"},{"@type":"ListItem","position":3,"name":"Repertoire"}]},{"@type":"WebSite","@id":"https:\/\/freiesschauspiel.de\/#website","url":"https:\/\/freiesschauspiel.de\/","name":"Freies Schauspiel Ensemble","description":"im TITANIA","potentialAction":[{"@type":"SearchAction","target":{"@type":"EntryPoint","urlTemplate":"https:\/\/freiesschauspiel.de\/?s={search_term_string}"},"query-input":{"@type":"PropertyValueSpecification","valueRequired":true,"valueName":"search_term_string"}}],"inLanguage":"en-US"}]}},"_links":{"self":[{"href":"https:\/\/freiesschauspiel.de\/en\/wp-json\/wp\/v2\/pages\/124"}],"collection":[{"href":"https:\/\/freiesschauspiel.de\/en\/wp-json\/wp\/v2\/pages"}],"about":[{"href":"https:\/\/freiesschauspiel.de\/en\/wp-json\/wp\/v2\/types\/page"}],"author":[{"embeddable":true,"href":"https:\/\/freiesschauspiel.de\/en\/wp-json\/wp\/v2\/users\/1"}],"replies":[{"embeddable":true,"href":"https:\/\/freiesschauspiel.de\/en\/wp-json\/wp\/v2\/comments?post=124"}],"version-history":[{"count":54,"href":"https:\/\/freiesschauspiel.de\/en\/wp-json\/wp\/v2\/pages\/124\/revisions"}],"predecessor-version":[{"id":11031,"href":"https:\/\/freiesschauspiel.de\/en\/wp-json\/wp\/v2\/pages\/124\/revisions\/11031"}],"up":[{"embeddable":true,"href":"https:\/\/freiesschauspiel.de\/en\/wp-json\/wp\/v2\/pages\/527"}],"wp:featuredmedia":[{"embeddable":true,"href":"https:\/\/freiesschauspiel.de\/en\/wp-json\/wp\/v2\/media\/1455"}],"wp:attachment":[{"href":"https:\/\/freiesschauspiel.de\/en\/wp-json\/wp\/v2\/media?parent=124"}],"curies":[{"name":"wp","href":"https:\/\/api.w.org\/{rel}","templated":true}]}}