{"id":1350,"date":"2016-09-28T09:43:44","date_gmt":"2016-09-28T09:43:44","guid":{"rendered":"http:\/\/freiesschauspiel.de\/?page_id=1350"},"modified":"2024-05-27T10:26:18","modified_gmt":"2024-05-27T08:26:18","slug":"glaube-liebe-hoffnung","status":"publish","type":"page","link":"https:\/\/freiesschauspiel.de\/en\/programm\/glaube-liebe-hoffnung","title":{"rendered":"FAITH, HOPE AND CHARITY"},"content":{"rendered":"<div class=\"csRow\">\n<div class=\"csColumnGap\" style=\"margin: 0px; padding: 0px; float: left; width: 1.56%;\"><img decoding=\"async\" src=\"http:\/\/freiesschauspiel.de\/wp-content\/plugins\/advanced-wp-columns\/assets\/js\/plugins\/views\/img\/1x1-pixel.png\" \/><\/div>\n<div class=\"csColumn\" style=\"margin: 0px; padding: 0px; float: left; width: 47.7%;\" data-csstartpoint=\"15\" data-csendpoint=\"472.5\" data-cswidth=\"47.7%\" data-csid=\"c55be20a-e133-5d0d-ba57-cd786d74dbea\"><\/div>\n<div class=\"csColumnGap\" style=\"margin: 0px; padding: 0px; float: left; width: 14.2%;\"><img decoding=\"async\" src=\"http:\/\/freiesschauspiel.de\/wp-content\/plugins\/advanced-wp-columns\/assets\/js\/plugins\/views\/img\/1x1-pixel.png\" \/><\/div>\n<div class=\"csColumn\" style=\"margin: 0px; padding: 0px; float: left; width: 35.1%;\" data-csstartpoint=\"608.5\" data-csendpoint=\"945\" data-cswidth=\"35.1%\" data-csid=\"81b1934c-a173-4d65-a825-25b6438b6708\">\n<p><strong>FAITH, HOPE AND CHARITY<\/strong><br \/>\nby \u00d6d\u00f6n von Horv\u00e1th<\/p>\n<p><strong>Dates<\/strong><\/p>\n<p><strong>Cast<\/strong> Bettina Kaminski<br \/>\n<strong>Director<\/strong> Reinhard Hinzpeter<br \/>\n<strong>Stage design<\/strong> Gerd Friedrich<br \/>\n<strong>Costumes<\/strong> Andrea R\u00f6lle<\/p>\n\n\t\t<style type=\"text\/css\">\n\t\t\t#gallery-1 {\n\t\t\t\tmargin: auto;\n\t\t\t}\n\t\t\t#gallery-1 .gallery-item {\n\t\t\t\tfloat: left;\n\t\t\t\tmargin-top: 10px;\n\t\t\t\ttext-align: center;\n\t\t\t\twidth: 33%;\n\t\t\t}\n\t\t\t#gallery-1 img {\n\t\t\t\tborder: 2px solid #cfcfcf;\n\t\t\t}\n\t\t\t#gallery-1 .gallery-caption {\n\t\t\t\tmargin-left: 0;\n\t\t\t}\n\t\t\t\/* see gallery_shortcode() in wp-includes\/media.php *\/\n\t\t<\/style>\n\t\t<div id='gallery-1' class='gallery galleryid-1350 gallery-columns-3 gallery-size-small'><dl class='gallery-item'>\n\t\t\t<dt class='gallery-icon landscape'>\n\t\t\t\t<a href='https:\/\/freiesschauspiel.de\/wp-content\/uploads\/2016\/09\/GlaubeLiebeHoffnung-1-1024x768.jpg' title=\"Bettina Kaminski in GLAUBE LIEBE HOFFNUNG \u00a9 Mischa Goldmann\" data-rl_title=\"Bettina Kaminski in GLAUBE LIEBE HOFFNUNG \u00a9 Mischa Goldmann\" class=\"rl-gallery-link\" data-rl_caption=\"\" data-rel=\"lightbox-gallery-1\"><img loading=\"lazy\" decoding=\"async\" width=\"1600\" height=\"1200\" src=\"https:\/\/freiesschauspiel.de\/wp-content\/uploads\/2016\/09\/GlaubeLiebeHoffnung-1.jpg\" class=\"attachment-small size-small\" alt=\"Bettina Kaminski in GLAUBE LIEBE HOFFNUNG \u00a9 Mischa Goldmann\" srcset=\"https:\/\/freiesschauspiel.de\/wp-content\/uploads\/2016\/09\/GlaubeLiebeHoffnung-1.jpg 1600w, https:\/\/freiesschauspiel.de\/wp-content\/uploads\/2016\/09\/GlaubeLiebeHoffnung-1-300x225.jpg 300w, https:\/\/freiesschauspiel.de\/wp-content\/uploads\/2016\/09\/GlaubeLiebeHoffnung-1-768x576.jpg 768w, https:\/\/freiesschauspiel.de\/wp-content\/uploads\/2016\/09\/GlaubeLiebeHoffnung-1-1024x768.jpg 1024w\" sizes=\"(max-width: 1600px) 100vw, 1600px\" \/><\/a>\n\t\t\t<\/dt><\/dl><dl class='gallery-item'>\n\t\t\t<dt class='gallery-icon landscape'>\n\t\t\t\t<a href='https:\/\/freiesschauspiel.de\/wp-content\/uploads\/2016\/09\/GlaubeLiebeHoffnung-2-1024x768.jpg' title=\"Bettina Kaminski in GLAUBE LIEBE HOFFNUNG \u00a9 Mischa Goldmann\" data-rl_title=\"Bettina Kaminski in GLAUBE LIEBE HOFFNUNG \u00a9 Mischa Goldmann\" class=\"rl-gallery-link\" data-rl_caption=\"\" data-rel=\"lightbox-gallery-1\"><img loading=\"lazy\" decoding=\"async\" width=\"1600\" height=\"1200\" src=\"https:\/\/freiesschauspiel.de\/wp-content\/uploads\/2016\/09\/GlaubeLiebeHoffnung-2.jpg\" class=\"attachment-small size-small\" alt=\"Bettina Kaminski in GLAUBE LIEBE HOFFNUNG \u00a9 Mischa Goldmann\" srcset=\"https:\/\/freiesschauspiel.de\/wp-content\/uploads\/2016\/09\/GlaubeLiebeHoffnung-2.jpg 1600w, https:\/\/freiesschauspiel.de\/wp-content\/uploads\/2016\/09\/GlaubeLiebeHoffnung-2-300x225.jpg 300w, https:\/\/freiesschauspiel.de\/wp-content\/uploads\/2016\/09\/GlaubeLiebeHoffnung-2-768x576.jpg 768w, https:\/\/freiesschauspiel.de\/wp-content\/uploads\/2016\/09\/GlaubeLiebeHoffnung-2-1024x768.jpg 1024w\" sizes=\"(max-width: 1600px) 100vw, 1600px\" \/><\/a>\n\t\t\t<\/dt><\/dl><dl class='gallery-item'>\n\t\t\t<dt class='gallery-icon landscape'>\n\t\t\t\t<a href='https:\/\/freiesschauspiel.de\/wp-content\/uploads\/2016\/09\/GlaubeLiebeHoffnung-2.1-1024x768.jpg' title=\"Bettina Kaminski in GLAUBE LIEBE HOFFNUNG \u00a9 Mischa Goldmann\" data-rl_title=\"Bettina Kaminski in GLAUBE LIEBE HOFFNUNG \u00a9 Mischa Goldmann\" class=\"rl-gallery-link\" data-rl_caption=\"\" data-rel=\"lightbox-gallery-1\"><img loading=\"lazy\" decoding=\"async\" width=\"1600\" height=\"1200\" src=\"https:\/\/freiesschauspiel.de\/wp-content\/uploads\/2016\/09\/GlaubeLiebeHoffnung-2.1.jpg\" class=\"attachment-small size-small\" alt=\"Bettina Kaminski in GLAUBE LIEBE HOFFNUNG \u00a9 Mischa Goldmann\" srcset=\"https:\/\/freiesschauspiel.de\/wp-content\/uploads\/2016\/09\/GlaubeLiebeHoffnung-2.1.jpg 1600w, https:\/\/freiesschauspiel.de\/wp-content\/uploads\/2016\/09\/GlaubeLiebeHoffnung-2.1-300x225.jpg 300w, https:\/\/freiesschauspiel.de\/wp-content\/uploads\/2016\/09\/GlaubeLiebeHoffnung-2.1-768x576.jpg 768w, https:\/\/freiesschauspiel.de\/wp-content\/uploads\/2016\/09\/GlaubeLiebeHoffnung-2.1-1024x768.jpg 1024w\" sizes=\"(max-width: 1600px) 100vw, 1600px\" \/><\/a>\n\t\t\t<\/dt><\/dl><br style=\"clear: both\" \/>\n\t\t<\/div>\n\n<p><a href=\"http:\/\/freiesschauspiel.de\/programm\/glaube-liebe-hoffnung\/pressestimmen\">Reviews<\/a><\/p>\n<p><strong>Premiere<\/strong> 17. May 2003<\/p>\n<\/div>\n<div class=\"csColumnGap\" style=\"margin: 0px; padding: 0px; float: left; width: 1.56%;\"><img decoding=\"async\" src=\"http:\/\/freiesschauspiel.de\/wp-content\/plugins\/advanced-wp-columns\/assets\/js\/plugins\/views\/img\/1x1-pixel.png\" \/><\/div>\n<div style=\"clear: both; float: none; display: block; visibility: hidden; width: 0px; font-size: 0px; line-height: 0;\"><\/div>\n<\/div>\n","protected":false},"excerpt":{"rendered":"FAITH, HOPE AND CHARITY by <a class=\"more-link\" href=\"https:\/\/freiesschauspiel.de\/en\/programm\/glaube-liebe-hoffnung\">(&#8230; mehr)<\/a>","protected":false},"author":1,"featured_media":1416,"parent":527,"menu_order":0,"comment_status":"closed","ping_status":"closed","template":"","meta":{"footnotes":""},"translation":{"provider":"WPGlobus","version":"3.0.0","language":"en","enabled_languages":["de","en"],"languages":{"de":{"title":true,"content":true,"excerpt":false},"en":{"title":true,"content":true,"excerpt":false}}},"yoast_head":"<!-- This site is optimized with the Yoast SEO plugin v23.5 - https:\/\/yoast.com\/wordpress\/plugins\/seo\/ -->\n<title>Freies Schauspiel Ensemble - Faith, Hope and Charity - \u00d6d\u00f6n von Horv\u00e1th<\/title>\n<meta name=\"robots\" content=\"index, follow, max-snippet:-1, max-image-preview:large, max-video-preview:-1\" \/>\n<link rel=\"canonical\" href=\"https:\/\/freiesschauspiel.de\/programm\/glaube-liebe-hoffnung\" \/>\n<meta property=\"og:locale\" content=\"en_US\" \/>\n<meta property=\"og:type\" content=\"article\" \/>\n<meta property=\"og:title\" content=\"Freies Schauspiel Ensemble - Faith, Hope and Charity - \u00d6d\u00f6n von Horv\u00e1th\" \/>\n<meta property=\"og:url\" content=\"https:\/\/freiesschauspiel.de\/programm\/glaube-liebe-hoffnung\" \/>\n<meta property=\"og:site_name\" content=\"Freies Schauspiel Ensemble\" \/>\n<meta property=\"article:publisher\" content=\"https:\/\/www.facebook.com\/FreiesSchauspielEnsemble\/\" \/>\n<meta property=\"article:modified_time\" content=\"2024-05-27T08:26:18+00:00\" \/>\n<meta property=\"og:image\" content=\"https:\/\/freiesschauspiel.de\/wp-content\/uploads\/2016\/09\/GlaubeLiebeHoffnung.jpg\" \/>\n\t<meta property=\"og:image:width\" content=\"1904\" \/>\n\t<meta property=\"og:image:height\" content=\"720\" \/>\n\t<meta property=\"og:image:type\" content=\"image\/jpeg\" \/>\n<meta name=\"twitter:card\" content=\"summary_large_image\" \/>\n<meta name=\"twitter:label1\" content=\"Est. reading time\" \/>\n\t<meta name=\"twitter:data1\" content=\"3 minutes\" \/>\n<script type=\"application\/ld+json\" class=\"yoast-schema-graph\">{\"@context\":\"https:\/\/schema.org\",\"@graph\":[{\"@type\":\"WebPage\",\"@id\":\"https:\/\/freiesschauspiel.de\/programm\/glaube-liebe-hoffnung\",\"url\":\"https:\/\/freiesschauspiel.de\/programm\/glaube-liebe-hoffnung\",\"name\":\"Freies Schauspiel Ensemble - Glaube Liebe Hoffnung - \u00d6d\u00f6n von Horv\u00e1th\",\"isPartOf\":{\"@id\":\"https:\/\/freiesschauspiel.de\/#website\"},\"primaryImageOfPage\":{\"@id\":\"https:\/\/freiesschauspiel.de\/programm\/glaube-liebe-hoffnung#primaryimage\"},\"image\":{\"@id\":\"https:\/\/freiesschauspiel.de\/programm\/glaube-liebe-hoffnung#primaryimage\"},\"thumbnailUrl\":\"https:\/\/freiesschauspiel.de\/wp-content\/uploads\/2016\/09\/GlaubeLiebeHoffnung.jpg\",\"datePublished\":\"2016-09-28T09:43:44+00:00\",\"dateModified\":\"2024-05-27T08:26:18+00:00\",\"breadcrumb\":{\"@id\":\"https:\/\/freiesschauspiel.de\/programm\/glaube-liebe-hoffnung#breadcrumb\"},\"inLanguage\":\"en-US\",\"potentialAction\":[{\"@type\":\"ReadAction\",\"target\":[\"https:\/\/freiesschauspiel.de\/programm\/glaube-liebe-hoffnung\"]}]},{\"@type\":\"ImageObject\",\"inLanguage\":\"en-US\",\"@id\":\"https:\/\/freiesschauspiel.de\/programm\/glaube-liebe-hoffnung#primaryimage\",\"url\":\"https:\/\/freiesschauspiel.de\/wp-content\/uploads\/2016\/09\/GlaubeLiebeHoffnung.jpg\",\"contentUrl\":\"https:\/\/freiesschauspiel.de\/wp-content\/uploads\/2016\/09\/GlaubeLiebeHoffnung.jpg\",\"width\":1904,\"height\":720,\"caption\":\"Bettina Kaminski in GLAUBE LIEBE HOFFNUNG \u00a9 Mischa Goldmann\"},{\"@type\":\"BreadcrumbList\",\"@id\":\"https:\/\/freiesschauspiel.de\/programm\/glaube-liebe-hoffnung#breadcrumb\",\"itemListElement\":[{\"@type\":\"ListItem\",\"position\":1,\"name\":\"Startseite\",\"item\":\"https:\/\/freiesschauspiel.de\/\"},{\"@type\":\"ListItem\",\"position\":2,\"name\":\"Programm\",\"item\":\"https:\/\/freiesschauspiel.de\/programm\"},{\"@type\":\"ListItem\",\"position\":3,\"name\":\"GLAUBE LIEBE HOFFNUNG\"}]},{\"@type\":\"WebSite\",\"@id\":\"https:\/\/freiesschauspiel.de\/#website\",\"url\":\"https:\/\/freiesschauspiel.de\/\",\"name\":\"Freies Schauspiel Ensemble\",\"description\":\"im TITANIA\",\"potentialAction\":[{\"@type\":\"SearchAction\",\"target\":{\"@type\":\"EntryPoint\",\"urlTemplate\":\"https:\/\/freiesschauspiel.de\/?s={search_term_string}\"},\"query-input\":{\"@type\":\"PropertyValueSpecification\",\"valueRequired\":true,\"valueName\":\"search_term_string\"}}],\"inLanguage\":\"en-US\"}]}<\/script>\n<!-- \/ Yoast SEO plugin. -->","yoast_head_json":{"title":"Freies Schauspiel Ensemble - Faith, Hope and Charity - \u00d6d\u00f6n von Horv\u00e1th","robots":{"index":"index","follow":"follow","max-snippet":"max-snippet:-1","max-image-preview":"max-image-preview:large","max-video-preview":"max-video-preview:-1"},"canonical":"https:\/\/freiesschauspiel.de\/programm\/glaube-liebe-hoffnung","og_locale":"en_US","og_type":"article","og_title":"Freies Schauspiel Ensemble - Faith, Hope and Charity - \u00d6d\u00f6n von Horv\u00e1th","og_url":"https:\/\/freiesschauspiel.de\/programm\/glaube-liebe-hoffnung","og_site_name":"Freies Schauspiel Ensemble","article_publisher":"https:\/\/www.facebook.com\/FreiesSchauspielEnsemble\/","article_modified_time":"2024-05-27T08:26:18+00:00","og_image":[{"width":1904,"height":720,"url":"https:\/\/freiesschauspiel.de\/wp-content\/uploads\/2016\/09\/GlaubeLiebeHoffnung.jpg","type":"image\/jpeg"}],"twitter_card":"summary_large_image","twitter_misc":{"Est. reading time":"3 minutes"},"schema":{"@context":"https:\/\/schema.org","@graph":[{"@type":"WebPage","@id":"https:\/\/freiesschauspiel.de\/programm\/glaube-liebe-hoffnung","url":"https:\/\/freiesschauspiel.de\/programm\/glaube-liebe-hoffnung","name":"Freies Schauspiel Ensemble - Glaube Liebe Hoffnung - \u00d6d\u00f6n von Horv\u00e1th","isPartOf":{"@id":"https:\/\/freiesschauspiel.de\/#website"},"primaryImageOfPage":{"@id":"https:\/\/freiesschauspiel.de\/programm\/glaube-liebe-hoffnung#primaryimage"},"image":{"@id":"https:\/\/freiesschauspiel.de\/programm\/glaube-liebe-hoffnung#primaryimage"},"thumbnailUrl":"https:\/\/freiesschauspiel.de\/wp-content\/uploads\/2016\/09\/GlaubeLiebeHoffnung.jpg","datePublished":"2016-09-28T09:43:44+00:00","dateModified":"2024-05-27T08:26:18+00:00","breadcrumb":{"@id":"https:\/\/freiesschauspiel.de\/programm\/glaube-liebe-hoffnung#breadcrumb"},"inLanguage":"en-US","potentialAction":[{"@type":"ReadAction","target":["https:\/\/freiesschauspiel.de\/programm\/glaube-liebe-hoffnung"]}]},{"@type":"ImageObject","inLanguage":"en-US","@id":"https:\/\/freiesschauspiel.de\/programm\/glaube-liebe-hoffnung#primaryimage","url":"https:\/\/freiesschauspiel.de\/wp-content\/uploads\/2016\/09\/GlaubeLiebeHoffnung.jpg","contentUrl":"https:\/\/freiesschauspiel.de\/wp-content\/uploads\/2016\/09\/GlaubeLiebeHoffnung.jpg","width":1904,"height":720,"caption":"Bettina Kaminski in GLAUBE LIEBE HOFFNUNG \u00a9 Mischa Goldmann"},{"@type":"BreadcrumbList","@id":"https:\/\/freiesschauspiel.de\/programm\/glaube-liebe-hoffnung#breadcrumb","itemListElement":[{"@type":"ListItem","position":1,"name":"Startseite","item":"https:\/\/freiesschauspiel.de\/"},{"@type":"ListItem","position":2,"name":"Programm","item":"https:\/\/freiesschauspiel.de\/programm"},{"@type":"ListItem","position":3,"name":"GLAUBE LIEBE HOFFNUNG"}]},{"@type":"WebSite","@id":"https:\/\/freiesschauspiel.de\/#website","url":"https:\/\/freiesschauspiel.de\/","name":"Freies Schauspiel Ensemble","description":"im TITANIA","potentialAction":[{"@type":"SearchAction","target":{"@type":"EntryPoint","urlTemplate":"https:\/\/freiesschauspiel.de\/?s={search_term_string}"},"query-input":{"@type":"PropertyValueSpecification","valueRequired":true,"valueName":"search_term_string"}}],"inLanguage":"en-US"}]}},"_links":{"self":[{"href":"https:\/\/freiesschauspiel.de\/en\/wp-json\/wp\/v2\/pages\/1350"}],"collection":[{"href":"https:\/\/freiesschauspiel.de\/en\/wp-json\/wp\/v2\/pages"}],"about":[{"href":"https:\/\/freiesschauspiel.de\/en\/wp-json\/wp\/v2\/types\/page"}],"author":[{"embeddable":true,"href":"https:\/\/freiesschauspiel.de\/en\/wp-json\/wp\/v2\/users\/1"}],"replies":[{"embeddable":true,"href":"https:\/\/freiesschauspiel.de\/en\/wp-json\/wp\/v2\/comments?post=1350"}],"version-history":[{"count":39,"href":"https:\/\/freiesschauspiel.de\/en\/wp-json\/wp\/v2\/pages\/1350\/revisions"}],"predecessor-version":[{"id":9343,"href":"https:\/\/freiesschauspiel.de\/en\/wp-json\/wp\/v2\/pages\/1350\/revisions\/9343"}],"up":[{"embeddable":true,"href":"https:\/\/freiesschauspiel.de\/en\/wp-json\/wp\/v2\/pages\/527"}],"wp:featuredmedia":[{"embeddable":true,"href":"https:\/\/freiesschauspiel.de\/en\/wp-json\/wp\/v2\/media\/1416"}],"wp:attachment":[{"href":"https:\/\/freiesschauspiel.de\/en\/wp-json\/wp\/v2\/media?parent=1350"}],"curies":[{"name":"wp","href":"https:\/\/api.w.org\/{rel}","templated":true}]}}