{"id":1389,"date":"2016-09-28T14:34:51","date_gmt":"2016-09-28T14:34:51","guid":{"rendered":"http:\/\/freiesschauspiel.de\/?page_id=1389"},"modified":"2024-08-29T12:45:25","modified_gmt":"2024-08-29T10:45:25","slug":"shop","status":"publish","type":"page","link":"https:\/\/freiesschauspiel.de\/en\/service\/shop","title":{"rendered":"Shop"},"content":{"rendered":"<p>This site is not available in English. Please consult the <a href=\"http:\/\/freiesschauspiel.de\/service\/shop\" target=\"_blank\" rel=\"noopener\">German website<\/a>.<\/p>\n","protected":false},"excerpt":{"rendered":"This site is not available <a class=\"more-link\" href=\"https:\/\/freiesschauspiel.de\/en\/service\/shop\">(&#8230; mehr)<\/a>","protected":false},"author":1,"featured_media":0,"parent":18,"menu_order":0,"comment_status":"closed","ping_status":"closed","template":"","meta":{"footnotes":""},"translation":{"provider":"WPGlobus","version":"3.0.0","language":"en","enabled_languages":["de","en"],"languages":{"de":{"title":true,"content":true,"excerpt":false},"en":{"title":true,"content":true,"excerpt":false}}},"yoast_head":"<!-- This site is optimized with the Yoast SEO plugin v23.5 - https:\/\/yoast.com\/wordpress\/plugins\/seo\/ -->\n<title>Freies Schauspiel Ensemble - Shop<\/title>\n<meta name=\"robots\" content=\"index, follow, max-snippet:-1, max-image-preview:large, max-video-preview:-1\" \/>\n<link rel=\"canonical\" href=\"https:\/\/freiesschauspiel.de\/service\/shop\" \/>\n<meta property=\"og:locale\" content=\"en_US\" \/>\n<meta property=\"og:type\" content=\"article\" \/>\n<meta property=\"og:title\" content=\"Freies Schauspiel Ensemble - Shop\" \/>\n<meta property=\"og:url\" content=\"https:\/\/freiesschauspiel.de\/service\/shop\" \/>\n<meta property=\"og:site_name\" content=\"Freies Schauspiel Ensemble\" \/>\n<meta property=\"article:publisher\" content=\"https:\/\/www.facebook.com\/FreiesSchauspielEnsemble\/\" \/>\n<meta property=\"article:modified_time\" content=\"2024-08-29T10:45:25+00:00\" \/>\n<meta property=\"og:image\" content=\"http:\/\/freiesschauspiel.de\/wp-content\/uploads\/2016\/09\/InEineAndereWelt.jpg\" \/>\n<meta name=\"twitter:card\" content=\"summary_large_image\" \/>\n<meta name=\"twitter:label1\" content=\"Est. reading time\" \/>\n\t<meta name=\"twitter:data1\" content=\"2 minutes\" \/>\n<script type=\"application\/ld+json\" class=\"yoast-schema-graph\">{\"@context\":\"https:\/\/schema.org\",\"@graph\":[{\"@type\":\"WebPage\",\"@id\":\"https:\/\/freiesschauspiel.de\/service\/shop\",\"url\":\"https:\/\/freiesschauspiel.de\/service\/shop\",\"name\":\"Freies Schauspiel Ensemble - Shop - B\u00fccher und mehr\",\"isPartOf\":{\"@id\":\"https:\/\/freiesschauspiel.de\/#website\"},\"primaryImageOfPage\":{\"@id\":\"https:\/\/freiesschauspiel.de\/service\/shop#primaryimage\"},\"image\":{\"@id\":\"https:\/\/freiesschauspiel.de\/service\/shop#primaryimage\"},\"thumbnailUrl\":\"http:\/\/freiesschauspiel.de\/wp-content\/uploads\/2016\/09\/InEineAndereWelt.jpg\",\"datePublished\":\"2016-09-28T14:34:51+00:00\",\"dateModified\":\"2024-08-29T10:45:25+00:00\",\"description\":\"B\u00fccher und mehr im Shop: St\u00f6bern Sie IN EINE ANDERE WELT mit unserer aktuellen Chronik 2005-16. Richten Sie Ihren Bestellwunsch an das Theaterb\u00fcro.\",\"breadcrumb\":{\"@id\":\"https:\/\/freiesschauspiel.de\/service\/shop#breadcrumb\"},\"inLanguage\":\"en-US\",\"potentialAction\":[{\"@type\":\"ReadAction\",\"target\":[\"https:\/\/freiesschauspiel.de\/service\/shop\"]}]},{\"@type\":\"ImageObject\",\"inLanguage\":\"en-US\",\"@id\":\"https:\/\/freiesschauspiel.de\/service\/shop#primaryimage\",\"url\":\"http:\/\/freiesschauspiel.de\/wp-content\/uploads\/2016\/09\/InEineAndereWelt.jpg\",\"contentUrl\":\"http:\/\/freiesschauspiel.de\/wp-content\/uploads\/2016\/09\/InEineAndereWelt.jpg\"},{\"@type\":\"BreadcrumbList\",\"@id\":\"https:\/\/freiesschauspiel.de\/service\/shop#breadcrumb\",\"itemListElement\":[{\"@type\":\"ListItem\",\"position\":1,\"name\":\"Startseite\",\"item\":\"https:\/\/freiesschauspiel.de\/\"},{\"@type\":\"ListItem\",\"position\":2,\"name\":\"Service\",\"item\":\"https:\/\/freiesschauspiel.de\/service\"},{\"@type\":\"ListItem\",\"position\":3,\"name\":\"Shop\"}]},{\"@type\":\"WebSite\",\"@id\":\"https:\/\/freiesschauspiel.de\/#website\",\"url\":\"https:\/\/freiesschauspiel.de\/\",\"name\":\"Freies Schauspiel Ensemble\",\"description\":\"im TITANIA\",\"potentialAction\":[{\"@type\":\"SearchAction\",\"target\":{\"@type\":\"EntryPoint\",\"urlTemplate\":\"https:\/\/freiesschauspiel.de\/?s={search_term_string}\"},\"query-input\":{\"@type\":\"PropertyValueSpecification\",\"valueRequired\":true,\"valueName\":\"search_term_string\"}}],\"inLanguage\":\"en-US\"}]}<\/script>\n<!-- \/ Yoast SEO plugin. -->","yoast_head_json":{"title":"Freies Schauspiel Ensemble - Shop","robots":{"index":"index","follow":"follow","max-snippet":"max-snippet:-1","max-image-preview":"max-image-preview:large","max-video-preview":"max-video-preview:-1"},"canonical":"https:\/\/freiesschauspiel.de\/service\/shop","og_locale":"en_US","og_type":"article","og_title":"Freies Schauspiel Ensemble - Shop","og_url":"https:\/\/freiesschauspiel.de\/service\/shop","og_site_name":"Freies Schauspiel Ensemble","article_publisher":"https:\/\/www.facebook.com\/FreiesSchauspielEnsemble\/","article_modified_time":"2024-08-29T10:45:25+00:00","og_image":[{"url":"http:\/\/freiesschauspiel.de\/wp-content\/uploads\/2016\/09\/InEineAndereWelt.jpg"}],"twitter_card":"summary_large_image","twitter_misc":{"Est. reading time":"2 minutes"},"schema":{"@context":"https:\/\/schema.org","@graph":[{"@type":"WebPage","@id":"https:\/\/freiesschauspiel.de\/service\/shop","url":"https:\/\/freiesschauspiel.de\/service\/shop","name":"Freies Schauspiel Ensemble - Shop - B\u00fccher und mehr","isPartOf":{"@id":"https:\/\/freiesschauspiel.de\/#website"},"primaryImageOfPage":{"@id":"https:\/\/freiesschauspiel.de\/service\/shop#primaryimage"},"image":{"@id":"https:\/\/freiesschauspiel.de\/service\/shop#primaryimage"},"thumbnailUrl":"http:\/\/freiesschauspiel.de\/wp-content\/uploads\/2016\/09\/InEineAndereWelt.jpg","datePublished":"2016-09-28T14:34:51+00:00","dateModified":"2024-08-29T10:45:25+00:00","description":"B\u00fccher und mehr im Shop: St\u00f6bern Sie IN EINE ANDERE WELT mit unserer aktuellen Chronik 2005-16. Richten Sie Ihren Bestellwunsch an das Theaterb\u00fcro.","breadcrumb":{"@id":"https:\/\/freiesschauspiel.de\/service\/shop#breadcrumb"},"inLanguage":"en-US","potentialAction":[{"@type":"ReadAction","target":["https:\/\/freiesschauspiel.de\/service\/shop"]}]},{"@type":"ImageObject","inLanguage":"en-US","@id":"https:\/\/freiesschauspiel.de\/service\/shop#primaryimage","url":"http:\/\/freiesschauspiel.de\/wp-content\/uploads\/2016\/09\/InEineAndereWelt.jpg","contentUrl":"http:\/\/freiesschauspiel.de\/wp-content\/uploads\/2016\/09\/InEineAndereWelt.jpg"},{"@type":"BreadcrumbList","@id":"https:\/\/freiesschauspiel.de\/service\/shop#breadcrumb","itemListElement":[{"@type":"ListItem","position":1,"name":"Startseite","item":"https:\/\/freiesschauspiel.de\/"},{"@type":"ListItem","position":2,"name":"Service","item":"https:\/\/freiesschauspiel.de\/service"},{"@type":"ListItem","position":3,"name":"Shop"}]},{"@type":"WebSite","@id":"https:\/\/freiesschauspiel.de\/#website","url":"https:\/\/freiesschauspiel.de\/","name":"Freies Schauspiel Ensemble","description":"im TITANIA","potentialAction":[{"@type":"SearchAction","target":{"@type":"EntryPoint","urlTemplate":"https:\/\/freiesschauspiel.de\/?s={search_term_string}"},"query-input":{"@type":"PropertyValueSpecification","valueRequired":true,"valueName":"search_term_string"}}],"inLanguage":"en-US"}]}},"_links":{"self":[{"href":"https:\/\/freiesschauspiel.de\/en\/wp-json\/wp\/v2\/pages\/1389"}],"collection":[{"href":"https:\/\/freiesschauspiel.de\/en\/wp-json\/wp\/v2\/pages"}],"about":[{"href":"https:\/\/freiesschauspiel.de\/en\/wp-json\/wp\/v2\/types\/page"}],"author":[{"embeddable":true,"href":"https:\/\/freiesschauspiel.de\/en\/wp-json\/wp\/v2\/users\/1"}],"replies":[{"embeddable":true,"href":"https:\/\/freiesschauspiel.de\/en\/wp-json\/wp\/v2\/comments?post=1389"}],"version-history":[{"count":26,"href":"https:\/\/freiesschauspiel.de\/en\/wp-json\/wp\/v2\/pages\/1389\/revisions"}],"predecessor-version":[{"id":9496,"href":"https:\/\/freiesschauspiel.de\/en\/wp-json\/wp\/v2\/pages\/1389\/revisions\/9496"}],"up":[{"embeddable":true,"href":"https:\/\/freiesschauspiel.de\/en\/wp-json\/wp\/v2\/pages\/18"}],"wp:attachment":[{"href":"https:\/\/freiesschauspiel.de\/en\/wp-json\/wp\/v2\/media?parent=1389"}],"curies":[{"name":"wp","href":"https:\/\/api.w.org\/{rel}","templated":true}]}}