{"id":139,"date":"2016-07-05T11:07:45","date_gmt":"2016-07-05T11:07:45","guid":{"rendered":"http:\/\/freiesschauspiel.de\/?page_id=139"},"modified":"2025-11-03T11:45:21","modified_gmt":"2025-11-03T09:45:21","slug":"karten","status":"publish","type":"page","link":"https:\/\/freiesschauspiel.de\/en\/service\/karten","title":{"rendered":"Tickets"},"content":{"rendered":"<h4>Eintrittspreise<\/h4>\n<ul>\n<li>\u20ac 25 F\u00f6rderpreis<\/li>\n<li>\u20ac 20 normal<\/li>\n<li>\u20ac 10 erm\u00e4\u00dfigt (Sch\u00fcler\/innen, Auszubildende, Studierende bis 30 Jahre, Schwerbehinderte ab 80%)<\/li>\n<li>\u20ac 5 Frankfurt-Pass<\/li>\n<\/ul>\n<p>F\u00fcr Besuche mit Sch\u00fclergruppen ( \u20ac 8 pro Karte) setzen Sie sich bitte mit uns in Verbindung.\u00a0 Gern informieren wir Sie auch \u00fcber die M\u00f6glichkeiten einer Vor- oder Nachbesprechung Ihres Vorstellungsbesuches. schulen(at)freiesschauspiel.de oder 069 71 91 30 23<\/p>\n<h4>Telefonische Kartenbestellung<\/h4>\n<p>069 &#8211; 71 91 30 20<\/p>\n<p>Hinterlassen Sie Ihre Bestellung auf unserem Anrufbeantworter. Wir rufen Sie nur zur\u00fcck, falls die gew\u00fcnschte Vorstellung ausverkauft ist. Ansonsten liegen Ihre reservierten Karten an der Abendkasse f\u00fcr Sie bereit.<\/p>\n<h4>Online-Bestellung<\/h4>\n<p>Tickets reservieren k\u00f6nnen Sie direkt \u00fcber den <a href=\"http:\/\/freiesschauspiel.de\/programm\/spielplan\" target=\"_blank\" rel=\"noopener\">Spielplan<\/a> oder \u00fcber die Seite des jeweiligen Theaterst\u00fccks. Ihre Bestellung ist erst g\u00fcltig, wenn Sie eine Reservierungsbest\u00e4tigung von uns erhalten haben. Die Best\u00e4tigung senden wir Ihnen innerhalb von 1-3 Tagen. Bestellen Sie bei kurzfristigem Kartenwunsch am besten per Telefon.<\/p>\n<h4>Vorverkauf Tickets und Gutscheine<\/h4>\n<p>An Vorstellungstagen k\u00f6nnen Sie an der Abendkasse auch Karten f\u00fcr andere Vorstellungen erwerben.\u00a0 Zudem ist der Gutschein \/ Kartenkauf per \u00dcberweisung m\u00f6glich (zzgl. \u20ac 2,- Bearbeitungsgeb\u00fchr). Geben Sie uns zun\u00e4chst Ihre Kartenw\u00fcnsche und Adressdaten per Mail oder Telefon durch und \u00fcberweisen Suie unter Angabe von Datum und St\u00fccktite auf unsre Konto bei der Frankfurter Sparkasse: IBAN DE03 5005 0201 0000 2992 35. Nach Zahlungseingang \u00fcbersenden wir Ihnen Ihre Karten. Die R\u00fcckgabe von gekauften Karten ist nicht m\u00f6glich.<\/p>\n<h4>Abendkasse<\/h4>\n<p>Die Abendkasse \u00f6ffnet eine Stunde vor Vorstellungsbeginn. Beachten Sie, dass nur Barzahlung m\u00f6glich ist. Holen Sie Ihre reservierten Tickets bitte sp\u00e4testens 20 Minuten vor Vorstellungsbeginn ab. Bei allen Veranstaltungen (au\u00dfer Silvester) gilt freie Platzwahl. Der Theatersaal im TITANIA sowie die Toiletten sind \u00fcbrigens barrierefrei zug\u00e4nglich.<\/p>\n","protected":false},"excerpt":{"rendered":"Eintrittspreise \u20ac 25 F\u00f6rderpreis \u20ac <a class=\"more-link\" href=\"https:\/\/freiesschauspiel.de\/en\/service\/karten\">(&#8230; mehr)<\/a>","protected":false},"author":1,"featured_media":0,"parent":18,"menu_order":1,"comment_status":"closed","ping_status":"closed","template":"","meta":{"footnotes":""},"translation":{"provider":"WPGlobus","version":"3.0.0","language":"en","enabled_languages":["de","en"],"languages":{"de":{"title":true,"content":true,"excerpt":false},"en":{"title":true,"content":true,"excerpt":false}}},"yoast_head":"<!-- This site is optimized with the Yoast SEO plugin v23.5 - https:\/\/yoast.com\/wordpress\/plugins\/seo\/ -->\n<title>Freies Schauspiel Ensemble - Tickets<\/title>\n<meta name=\"description\" content=\"Service &amp; Information - Tickets - Reservation - Opening hours evening box-office - Admission fees\" \/>\n<meta name=\"robots\" content=\"index, follow, max-snippet:-1, max-image-preview:large, max-video-preview:-1\" \/>\n<link rel=\"canonical\" href=\"https:\/\/freiesschauspiel.de\/service\/karten\" \/>\n<meta property=\"og:locale\" content=\"en_US\" \/>\n<meta property=\"og:type\" content=\"article\" \/>\n<meta property=\"og:title\" content=\"Freies Schauspiel Ensemble - Tickets\" \/>\n<meta property=\"og:description\" content=\"Service &amp; Information - Tickets - Reservation - Opening hours evening box-office - Admission fees\" \/>\n<meta property=\"og:url\" content=\"https:\/\/freiesschauspiel.de\/service\/karten\" \/>\n<meta property=\"og:site_name\" content=\"Freies Schauspiel Ensemble\" \/>\n<meta property=\"article:publisher\" content=\"https:\/\/www.facebook.com\/FreiesSchauspielEnsemble\/\" \/>\n<meta property=\"article:modified_time\" content=\"2025-11-03T09:45:21+00:00\" \/>\n<meta name=\"twitter:card\" content=\"summary_large_image\" \/>\n<meta name=\"twitter:label1\" content=\"Est. reading time\" \/>\n\t<meta name=\"twitter:data1\" content=\"2 minutes\" \/>\n<script type=\"application\/ld+json\" class=\"yoast-schema-graph\">{\"@context\":\"https:\/\/schema.org\",\"@graph\":[{\"@type\":\"WebPage\",\"@id\":\"https:\/\/freiesschauspiel.de\/service\/karten\",\"url\":\"https:\/\/freiesschauspiel.de\/service\/karten\",\"name\":\"Freies Schauspiel Ensemble - Kartenreservierung - Eintrittspreise\",\"isPartOf\":{\"@id\":\"https:\/\/freiesschauspiel.de\/#website\"},\"datePublished\":\"2016-07-05T11:07:45+00:00\",\"dateModified\":\"2025-11-03T09:45:21+00:00\",\"description\":\"Reservieren Sie Ihre Karten direkt online oder telefonisch unter 069 - 71 91 30 20. Der Vorverkauf ist an der Abendkasse oder \u00fcber das Theaterb\u00fcro m\u00f6glich.\",\"breadcrumb\":{\"@id\":\"https:\/\/freiesschauspiel.de\/service\/karten#breadcrumb\"},\"inLanguage\":\"en-US\",\"potentialAction\":[{\"@type\":\"ReadAction\",\"target\":[\"https:\/\/freiesschauspiel.de\/service\/karten\"]}]},{\"@type\":\"BreadcrumbList\",\"@id\":\"https:\/\/freiesschauspiel.de\/service\/karten#breadcrumb\",\"itemListElement\":[{\"@type\":\"ListItem\",\"position\":1,\"name\":\"Startseite\",\"item\":\"https:\/\/freiesschauspiel.de\/\"},{\"@type\":\"ListItem\",\"position\":2,\"name\":\"Service\",\"item\":\"https:\/\/freiesschauspiel.de\/service\"},{\"@type\":\"ListItem\",\"position\":3,\"name\":\"Karten\"}]},{\"@type\":\"WebSite\",\"@id\":\"https:\/\/freiesschauspiel.de\/#website\",\"url\":\"https:\/\/freiesschauspiel.de\/\",\"name\":\"Freies Schauspiel Ensemble\",\"description\":\"im TITANIA\",\"potentialAction\":[{\"@type\":\"SearchAction\",\"target\":{\"@type\":\"EntryPoint\",\"urlTemplate\":\"https:\/\/freiesschauspiel.de\/?s={search_term_string}\"},\"query-input\":{\"@type\":\"PropertyValueSpecification\",\"valueRequired\":true,\"valueName\":\"search_term_string\"}}],\"inLanguage\":\"en-US\"}]}<\/script>\n<!-- \/ Yoast SEO plugin. -->","yoast_head_json":{"title":"Freies Schauspiel Ensemble - Tickets","description":"Service & Information - Tickets - Reservation - Opening hours evening box-office - Admission fees","robots":{"index":"index","follow":"follow","max-snippet":"max-snippet:-1","max-image-preview":"max-image-preview:large","max-video-preview":"max-video-preview:-1"},"canonical":"https:\/\/freiesschauspiel.de\/service\/karten","og_locale":"en_US","og_type":"article","og_title":"Freies Schauspiel Ensemble - Tickets","og_description":"Service & Information - Tickets - Reservation - Opening hours evening box-office - Admission fees","og_url":"https:\/\/freiesschauspiel.de\/service\/karten","og_site_name":"Freies Schauspiel Ensemble","article_publisher":"https:\/\/www.facebook.com\/FreiesSchauspielEnsemble\/","article_modified_time":"2025-11-03T09:45:21+00:00","twitter_card":"summary_large_image","twitter_misc":{"Est. reading time":"2 minutes"},"schema":{"@context":"https:\/\/schema.org","@graph":[{"@type":"WebPage","@id":"https:\/\/freiesschauspiel.de\/service\/karten","url":"https:\/\/freiesschauspiel.de\/service\/karten","name":"Freies Schauspiel Ensemble - Kartenreservierung - Eintrittspreise","isPartOf":{"@id":"https:\/\/freiesschauspiel.de\/#website"},"datePublished":"2016-07-05T11:07:45+00:00","dateModified":"2025-11-03T09:45:21+00:00","description":"Reservieren Sie Ihre Karten direkt online oder telefonisch unter 069 - 71 91 30 20. Der Vorverkauf ist an der Abendkasse oder \u00fcber das Theaterb\u00fcro m\u00f6glich.","breadcrumb":{"@id":"https:\/\/freiesschauspiel.de\/service\/karten#breadcrumb"},"inLanguage":"en-US","potentialAction":[{"@type":"ReadAction","target":["https:\/\/freiesschauspiel.de\/service\/karten"]}]},{"@type":"BreadcrumbList","@id":"https:\/\/freiesschauspiel.de\/service\/karten#breadcrumb","itemListElement":[{"@type":"ListItem","position":1,"name":"Startseite","item":"https:\/\/freiesschauspiel.de\/"},{"@type":"ListItem","position":2,"name":"Service","item":"https:\/\/freiesschauspiel.de\/service"},{"@type":"ListItem","position":3,"name":"Karten"}]},{"@type":"WebSite","@id":"https:\/\/freiesschauspiel.de\/#website","url":"https:\/\/freiesschauspiel.de\/","name":"Freies Schauspiel Ensemble","description":"im TITANIA","potentialAction":[{"@type":"SearchAction","target":{"@type":"EntryPoint","urlTemplate":"https:\/\/freiesschauspiel.de\/?s={search_term_string}"},"query-input":{"@type":"PropertyValueSpecification","valueRequired":true,"valueName":"search_term_string"}}],"inLanguage":"en-US"}]}},"_links":{"self":[{"href":"https:\/\/freiesschauspiel.de\/en\/wp-json\/wp\/v2\/pages\/139"}],"collection":[{"href":"https:\/\/freiesschauspiel.de\/en\/wp-json\/wp\/v2\/pages"}],"about":[{"href":"https:\/\/freiesschauspiel.de\/en\/wp-json\/wp\/v2\/types\/page"}],"author":[{"embeddable":true,"href":"https:\/\/freiesschauspiel.de\/en\/wp-json\/wp\/v2\/users\/1"}],"replies":[{"embeddable":true,"href":"https:\/\/freiesschauspiel.de\/en\/wp-json\/wp\/v2\/comments?post=139"}],"version-history":[{"count":36,"href":"https:\/\/freiesschauspiel.de\/en\/wp-json\/wp\/v2\/pages\/139\/revisions"}],"predecessor-version":[{"id":10490,"href":"https:\/\/freiesschauspiel.de\/en\/wp-json\/wp\/v2\/pages\/139\/revisions\/10490"}],"up":[{"embeddable":true,"href":"https:\/\/freiesschauspiel.de\/en\/wp-json\/wp\/v2\/pages\/18"}],"wp:attachment":[{"href":"https:\/\/freiesschauspiel.de\/en\/wp-json\/wp\/v2\/media?parent=139"}],"curies":[{"name":"wp","href":"https:\/\/api.w.org\/{rel}","templated":true}]}}