{"id":145,"date":"2016-07-05T11:09:55","date_gmt":"2016-07-05T11:09:55","guid":{"rendered":"http:\/\/freiesschauspiel.de\/?page_id=145"},"modified":"2017-08-18T17:32:14","modified_gmt":"2017-08-18T15:32:14","slug":"unterstuetzen","status":"publish","type":"page","link":"https:\/\/freiesschauspiel.de\/en\/ensemble\/unterstuetzen","title":{"rendered":"Make a donation"},"content":{"rendered":"<p>This site is not available in English. Please consult the <a href=\"https:\/\/freiesschauspiel.de\/ensemble\/unterstuetzen\" target=\"_blank\" rel=\"noopener\">German website<\/a>.<\/p>\n","protected":false},"excerpt":{"rendered":"This site is not available <a class=\"more-link\" href=\"https:\/\/freiesschauspiel.de\/en\/ensemble\/unterstuetzen\">(&#8230; mehr)<\/a>","protected":false},"author":1,"featured_media":1022,"parent":519,"menu_order":5,"comment_status":"closed","ping_status":"closed","template":"","meta":{"footnotes":""},"translation":{"provider":"WPGlobus","version":"3.0.0","language":"en","enabled_languages":["de","en"],"languages":{"de":{"title":true,"content":true,"excerpt":false},"en":{"title":true,"content":true,"excerpt":false}}},"yoast_head":"<!-- This site is optimized with the Yoast SEO plugin v23.5 - https:\/\/yoast.com\/wordpress\/plugins\/seo\/ -->\n<title>Freies Schauspiel Ensemble - Make a donation<\/title>\n<meta name=\"robots\" content=\"index, follow, max-snippet:-1, max-image-preview:large, max-video-preview:-1\" \/>\n<link rel=\"canonical\" href=\"https:\/\/freiesschauspiel.de\/ensemble\/unterstuetzen\" \/>\n<meta property=\"og:locale\" content=\"en_US\" \/>\n<meta property=\"og:type\" content=\"article\" \/>\n<meta property=\"og:title\" content=\"Freies Schauspiel Ensemble - Make a donation\" \/>\n<meta property=\"og:url\" content=\"https:\/\/freiesschauspiel.de\/ensemble\/unterstuetzen\" \/>\n<meta property=\"og:site_name\" content=\"Freies Schauspiel Ensemble\" \/>\n<meta property=\"article:publisher\" content=\"https:\/\/www.facebook.com\/FreiesSchauspielEnsemble\/\" \/>\n<meta property=\"article:modified_time\" content=\"2017-08-18T15:32:14+00:00\" \/>\n<meta property=\"og:image\" content=\"https:\/\/freiesschauspiel.de\/wp-content\/uploads\/2016\/06\/Theaterfest-2015.jpg\" \/>\n\t<meta property=\"og:image:width\" content=\"1904\" \/>\n\t<meta property=\"og:image:height\" content=\"720\" \/>\n\t<meta property=\"og:image:type\" content=\"image\/jpeg\" \/>\n<meta name=\"twitter:card\" content=\"summary_large_image\" \/>\n<meta name=\"twitter:label1\" content=\"Est. reading time\" \/>\n\t<meta name=\"twitter:data1\" content=\"1 minute\" \/>\n<script type=\"application\/ld+json\" class=\"yoast-schema-graph\">{\"@context\":\"https:\/\/schema.org\",\"@graph\":[{\"@type\":\"WebPage\",\"@id\":\"https:\/\/freiesschauspiel.de\/ensemble\/unterstuetzen\",\"url\":\"https:\/\/freiesschauspiel.de\/ensemble\/unterstuetzen\",\"name\":\"Freies Schauspiel Ensemble - Make a donation\",\"isPartOf\":{\"@id\":\"https:\/\/freiesschauspiel.de\/#website\"},\"primaryImageOfPage\":{\"@id\":\"https:\/\/freiesschauspiel.de\/ensemble\/unterstuetzen#primaryimage\"},\"image\":{\"@id\":\"https:\/\/freiesschauspiel.de\/ensemble\/unterstuetzen#primaryimage\"},\"thumbnailUrl\":\"https:\/\/freiesschauspiel.de\/wp-content\/uploads\/2016\/06\/Theaterfest-2015.jpg\",\"datePublished\":\"2016-07-05T11:09:55+00:00\",\"dateModified\":\"2017-08-18T15:32:14+00:00\",\"description\":\"Sie m\u00f6chten unsere Arbeit unterst\u00fctzen und intensiver mitbegleiten? Werden Sie F\u00f6rdermitglied des Freien Schauspiel Ensembles Frankfurt!\",\"breadcrumb\":{\"@id\":\"https:\/\/freiesschauspiel.de\/ensemble\/unterstuetzen#breadcrumb\"},\"inLanguage\":\"en-US\",\"potentialAction\":[{\"@type\":\"ReadAction\",\"target\":[\"https:\/\/freiesschauspiel.de\/ensemble\/unterstuetzen\"]}]},{\"@type\":\"ImageObject\",\"inLanguage\":\"en-US\",\"@id\":\"https:\/\/freiesschauspiel.de\/ensemble\/unterstuetzen#primaryimage\",\"url\":\"https:\/\/freiesschauspiel.de\/wp-content\/uploads\/2016\/06\/Theaterfest-2015.jpg\",\"contentUrl\":\"https:\/\/freiesschauspiel.de\/wp-content\/uploads\/2016\/06\/Theaterfest-2015.jpg\",\"width\":1904,\"height\":720},{\"@type\":\"BreadcrumbList\",\"@id\":\"https:\/\/freiesschauspiel.de\/ensemble\/unterstuetzen#breadcrumb\",\"itemListElement\":[{\"@type\":\"ListItem\",\"position\":1,\"name\":\"Startseite\",\"item\":\"https:\/\/freiesschauspiel.de\/\"},{\"@type\":\"ListItem\",\"position\":2,\"name\":\"Ensemble\",\"item\":\"https:\/\/freiesschauspiel.de\/ensemble\"},{\"@type\":\"ListItem\",\"position\":3,\"name\":\"Unterst\u00fctzen\"}]},{\"@type\":\"WebSite\",\"@id\":\"https:\/\/freiesschauspiel.de\/#website\",\"url\":\"https:\/\/freiesschauspiel.de\/\",\"name\":\"Freies Schauspiel Ensemble\",\"description\":\"im TITANIA\",\"potentialAction\":[{\"@type\":\"SearchAction\",\"target\":{\"@type\":\"EntryPoint\",\"urlTemplate\":\"https:\/\/freiesschauspiel.de\/?s={search_term_string}\"},\"query-input\":{\"@type\":\"PropertyValueSpecification\",\"valueRequired\":true,\"valueName\":\"search_term_string\"}}],\"inLanguage\":\"en-US\"}]}<\/script>\n<!-- \/ Yoast SEO plugin. -->","yoast_head_json":{"title":"Freies Schauspiel Ensemble - Make a donation","robots":{"index":"index","follow":"follow","max-snippet":"max-snippet:-1","max-image-preview":"max-image-preview:large","max-video-preview":"max-video-preview:-1"},"canonical":"https:\/\/freiesschauspiel.de\/ensemble\/unterstuetzen","og_locale":"en_US","og_type":"article","og_title":"Freies Schauspiel Ensemble - Make a donation","og_url":"https:\/\/freiesschauspiel.de\/ensemble\/unterstuetzen","og_site_name":"Freies Schauspiel Ensemble","article_publisher":"https:\/\/www.facebook.com\/FreiesSchauspielEnsemble\/","article_modified_time":"2017-08-18T15:32:14+00:00","og_image":[{"width":1904,"height":720,"url":"https:\/\/freiesschauspiel.de\/wp-content\/uploads\/2016\/06\/Theaterfest-2015.jpg","type":"image\/jpeg"}],"twitter_card":"summary_large_image","twitter_misc":{"Est. reading time":"1 minute"},"schema":{"@context":"https:\/\/schema.org","@graph":[{"@type":"WebPage","@id":"https:\/\/freiesschauspiel.de\/ensemble\/unterstuetzen","url":"https:\/\/freiesschauspiel.de\/ensemble\/unterstuetzen","name":"Freies Schauspiel Ensemble - Make a donation","isPartOf":{"@id":"https:\/\/freiesschauspiel.de\/#website"},"primaryImageOfPage":{"@id":"https:\/\/freiesschauspiel.de\/ensemble\/unterstuetzen#primaryimage"},"image":{"@id":"https:\/\/freiesschauspiel.de\/ensemble\/unterstuetzen#primaryimage"},"thumbnailUrl":"https:\/\/freiesschauspiel.de\/wp-content\/uploads\/2016\/06\/Theaterfest-2015.jpg","datePublished":"2016-07-05T11:09:55+00:00","dateModified":"2017-08-18T15:32:14+00:00","description":"Sie m\u00f6chten unsere Arbeit unterst\u00fctzen und intensiver mitbegleiten? Werden Sie F\u00f6rdermitglied des Freien Schauspiel Ensembles Frankfurt!","breadcrumb":{"@id":"https:\/\/freiesschauspiel.de\/ensemble\/unterstuetzen#breadcrumb"},"inLanguage":"en-US","potentialAction":[{"@type":"ReadAction","target":["https:\/\/freiesschauspiel.de\/ensemble\/unterstuetzen"]}]},{"@type":"ImageObject","inLanguage":"en-US","@id":"https:\/\/freiesschauspiel.de\/ensemble\/unterstuetzen#primaryimage","url":"https:\/\/freiesschauspiel.de\/wp-content\/uploads\/2016\/06\/Theaterfest-2015.jpg","contentUrl":"https:\/\/freiesschauspiel.de\/wp-content\/uploads\/2016\/06\/Theaterfest-2015.jpg","width":1904,"height":720},{"@type":"BreadcrumbList","@id":"https:\/\/freiesschauspiel.de\/ensemble\/unterstuetzen#breadcrumb","itemListElement":[{"@type":"ListItem","position":1,"name":"Startseite","item":"https:\/\/freiesschauspiel.de\/"},{"@type":"ListItem","position":2,"name":"Ensemble","item":"https:\/\/freiesschauspiel.de\/ensemble"},{"@type":"ListItem","position":3,"name":"Unterst\u00fctzen"}]},{"@type":"WebSite","@id":"https:\/\/freiesschauspiel.de\/#website","url":"https:\/\/freiesschauspiel.de\/","name":"Freies Schauspiel Ensemble","description":"im TITANIA","potentialAction":[{"@type":"SearchAction","target":{"@type":"EntryPoint","urlTemplate":"https:\/\/freiesschauspiel.de\/?s={search_term_string}"},"query-input":{"@type":"PropertyValueSpecification","valueRequired":true,"valueName":"search_term_string"}}],"inLanguage":"en-US"}]}},"_links":{"self":[{"href":"https:\/\/freiesschauspiel.de\/en\/wp-json\/wp\/v2\/pages\/145"}],"collection":[{"href":"https:\/\/freiesschauspiel.de\/en\/wp-json\/wp\/v2\/pages"}],"about":[{"href":"https:\/\/freiesschauspiel.de\/en\/wp-json\/wp\/v2\/types\/page"}],"author":[{"embeddable":true,"href":"https:\/\/freiesschauspiel.de\/en\/wp-json\/wp\/v2\/users\/1"}],"replies":[{"embeddable":true,"href":"https:\/\/freiesschauspiel.de\/en\/wp-json\/wp\/v2\/comments?post=145"}],"version-history":[{"count":16,"href":"https:\/\/freiesschauspiel.de\/en\/wp-json\/wp\/v2\/pages\/145\/revisions"}],"predecessor-version":[{"id":2728,"href":"https:\/\/freiesschauspiel.de\/en\/wp-json\/wp\/v2\/pages\/145\/revisions\/2728"}],"up":[{"embeddable":true,"href":"https:\/\/freiesschauspiel.de\/en\/wp-json\/wp\/v2\/pages\/519"}],"wp:featuredmedia":[{"embeddable":true,"href":"https:\/\/freiesschauspiel.de\/en\/wp-json\/wp\/v2\/media\/1022"}],"wp:attachment":[{"href":"https:\/\/freiesschauspiel.de\/en\/wp-json\/wp\/v2\/media?parent=145"}],"curies":[{"name":"wp","href":"https:\/\/api.w.org\/{rel}","templated":true}]}}