{"id":170,"date":"2016-07-05T12:03:34","date_gmt":"2016-07-05T12:03:34","guid":{"rendered":"http:\/\/freiesschauspiel.de\/?page_id=170"},"modified":"2018-06-22T14:03:22","modified_gmt":"2018-06-22T12:03:22","slug":"der-weg-zum-glueck","status":"publish","type":"page","link":"https:\/\/freiesschauspiel.de\/en\/programm\/der-weg-zum-glueck","title":{"rendered":"THE ROAD TO HAPPINESS"},"content":{"rendered":"<div class=\"csRow\">\n<h1 class=\"csColumnGap\" style=\"margin: 0px; padding: 0px; float: left; width: 1.56%; text-align: left;\"><img decoding=\"async\" src=\"http:\/\/freiesschauspiel.de\/wp-content\/plugins\/advanced-wp-columns\/assets\/js\/plugins\/views\/img\/1x1-pixel.png\" \/><\/h1>\n<div class=\"csColumn\" style=\"margin: 0px; padding: 0px; float: left; width: 47.6%;\" data-csid=\"677a25e2-6fc9-92ea-bc50-556f43b7913e\" data-cswidth=\"47.6%\" data-csendpoint=\"472\" data-csstartpoint=\"15\">\n<p>At the beginning things look very promising. It should be quite harmless an evening for the actor, who appears in a play called &#8220;The road to happiness&#8221;. What could go wrong? Everything is going to plan. But then he goes wrong &#8211; or does it go wrong? But who is actually going there? And where is he heading? What are we all running after? What is clear: stopping is impossible! And so the protagonist runs for his life &#8211; or rather around his life?<\/p>\n<a id=\"69e6ac6390347\" rel=\"wp-video-lightbox\" href=\"https:\/\/www.youtube.com\/watch?v=lLvWFT4KLq4&#038;width=640&#038;height=360\" title=\"\"><div class=\"wpvl_auto_thumb_box_wrapper\"><div class=\"wpvl_auto_thumb_box\"><img decoding=\"async\" src=\"https:\/\/img.youtube.com\/vi\/lLvWFT4KLq4\/0.jpg\" class=\"video_lightbox_auto_anchor_image\" alt=\"\" \/><div class=\"wpvl_auto_thumb_play\"><img decoding=\"async\" src=\"https:\/\/freiesschauspiel.de\/wp-content\/plugins\/wp-video-lightbox\/images\/play.png\" class=\"wpvl_playbutton\" \/><\/div><\/div><\/div><\/a>    <script>\r\n    \/* <![CDATA[ *\/\r\n    jQuery(document).ready(function($){\r\n        $(function(){\r\n            var width = $(window).innerWidth();\r\n            var setwidth = parseFloat(640);\r\n            var ratio = parseFloat(0.5625);\r\n            var height = parseFloat(360);\r\n            var link = 'https:\/\/www.youtube.com\/watch?v=lLvWFT4KLq4&amp;width=640&amp;height=360';\r\n            if(width < setwidth)\r\n            {\r\n                height = Math.floor(width * 0.5625);\r\n                \/\/console.log(\"device width \"+width+\", set width \"+640+\", ratio \"+0.5625+\", new height \"+ height);\r\n                var new_url = wpvl_paramReplace('width', link, width);\r\n                var new_url = wpvl_paramReplace('height', new_url, height);\r\n                $(\"a#69e6ac6390347\").attr('href', new_url);\r\n                \/\/console.log(new_url);\r\n            }\r\n        });\r\n    });\r\n    \/* ]]> *\/\r\n    <\/script>\n<\/div>\n<div class=\"csColumnGap\" style=\"margin: 0px; padding: 0px; float: left; width: 14.2%;\"><img decoding=\"async\" src=\"http:\/\/freiesschauspiel.de\/wp-content\/plugins\/advanced-wp-columns\/assets\/js\/plugins\/views\/img\/1x1-pixel.png\" \/><\/div>\n<div class=\"csColumn\" style=\"margin: 0px; padding: 0px; float: left; width: 35.1%;\" data-csid=\"d28a5b2b-7b78-d794-82e9-e2de02d799d0\" data-cswidth=\"35.1%\" data-csendpoint=\"945\" data-csstartpoint=\"608\">\n<p><strong>THE ROAD TO HAPPINESS<\/strong><br \/>\nby Ingrid Lausund<\/p>\n<p><strong>Cast<\/strong> Markus Gl\u00e4ser<br \/>\n<strong>Director<\/strong> J\u00fcrgen Beck-Rebholz<\/p>\n\n\t\t<style type=\"text\/css\">\n\t\t\t#gallery-1 {\n\t\t\t\tmargin: auto;\n\t\t\t}\n\t\t\t#gallery-1 .gallery-item {\n\t\t\t\tfloat: left;\n\t\t\t\tmargin-top: 10px;\n\t\t\t\ttext-align: center;\n\t\t\t\twidth: 33%;\n\t\t\t}\n\t\t\t#gallery-1 img {\n\t\t\t\tborder: 2px solid #cfcfcf;\n\t\t\t}\n\t\t\t#gallery-1 .gallery-caption {\n\t\t\t\tmargin-left: 0;\n\t\t\t}\n\t\t\t\/* see gallery_shortcode() in wp-includes\/media.php *\/\n\t\t<\/style>\n\t\t<div id='gallery-1' class='gallery galleryid-170 gallery-columns-3 gallery-size-small'><dl class='gallery-item'>\n\t\t\t<dt class='gallery-icon landscape'>\n\t\t\t\t<a href='https:\/\/freiesschauspiel.de\/wp-content\/uploads\/2016\/07\/WegzumGl\u00fcck-1-1024x682.jpg' title=\"Markus Gl\u00e4ser in DER WEG ZUM GL\u00dcCK \u00a9 Felix Holland\" data-rl_title=\"Markus Gl\u00e4ser in DER WEG ZUM GL\u00dcCK \u00a9 Felix Holland\" class=\"rl-gallery-link\" data-rl_caption=\"\" data-rel=\"lightbox-gallery-1\"><img loading=\"lazy\" decoding=\"async\" width=\"1181\" height=\"787\" src=\"https:\/\/freiesschauspiel.de\/wp-content\/uploads\/2016\/07\/WegzumGl\u00fcck-1-e1498043109793.jpg\" class=\"attachment-small size-small\" alt=\"Markus Gl\u00e4ser in DER WEG ZUM GL\u00dcCK \u00a9 Felix Holland\" \/><\/a>\n\t\t\t<\/dt><\/dl><dl class='gallery-item'>\n\t\t\t<dt class='gallery-icon landscape'>\n\t\t\t\t<a href='https:\/\/freiesschauspiel.de\/wp-content\/uploads\/2016\/06\/DerWegzumGlueck_Presse_4-1024x683.jpg' title=\"Markus Gl\u00e4ser in DER WEG ZUM GL\u00dcCK \u00a9 Felix Holland\" data-rl_title=\"Markus Gl\u00e4ser in DER WEG ZUM GL\u00dcCK \u00a9 Felix Holland\" class=\"rl-gallery-link\" data-rl_caption=\"\" data-rel=\"lightbox-gallery-1\"><img loading=\"lazy\" decoding=\"async\" width=\"1140\" height=\"760\" src=\"https:\/\/freiesschauspiel.de\/wp-content\/uploads\/2016\/06\/DerWegzumGlueck_Presse_4-e1498043398830.jpg\" class=\"attachment-small size-small\" alt=\"Markus Gl\u00e4ser in DER WEG ZUM GL\u00dcCK \u00a9 Felix Holland\" \/><\/a>\n\t\t\t<\/dt><\/dl><dl class='gallery-item'>\n\t\t\t<dt class='gallery-icon landscape'>\n\t\t\t\t<a href='https:\/\/freiesschauspiel.de\/wp-content\/uploads\/2016\/07\/DerWegzumGlueck_Presse_3-1024x682.jpg' title=\"Markus Gl\u00e4ser in DER WEG ZUM GL\u00dcCK \u00a9 Felix Holland\" data-rl_title=\"Markus Gl\u00e4ser in DER WEG ZUM GL\u00dcCK \u00a9 Felix Holland\" class=\"rl-gallery-link\" data-rl_caption=\"\" data-rel=\"lightbox-gallery-1\"><img loading=\"lazy\" decoding=\"async\" width=\"1181\" height=\"787\" src=\"https:\/\/freiesschauspiel.de\/wp-content\/uploads\/2016\/07\/DerWegzumGlueck_Presse_3-e1498043325671.jpg\" class=\"attachment-small size-small\" alt=\"Markus Gl\u00e4ser in DER WEG ZUM GL\u00dcCK \u00a9 Felix Holland\" \/><\/a>\n\t\t\t<\/dt><\/dl><br style=\"clear: both\" \/>\n\t\t<\/div>\n\n<p><a href=\"https:\/\/freiesschauspiel.de\/en\/programm\/der-weg-zum-glueck\/pressestimmen\">Reviews<\/a><\/p>\n<p><strong>Premiere<\/strong> 17 October 2015<br \/>\n<strong>Duration<\/strong> 1 hour 25 minutes with no interval<\/p>\n<\/div>\n<div class=\"csColumnGap\" style=\"margin: 0px; padding: 0px; float: left; width: 1.56%;\"><img decoding=\"async\" src=\"http:\/\/freiesschauspiel.de\/wp-content\/plugins\/advanced-wp-columns\/assets\/js\/plugins\/views\/img\/1x1-pixel.png\" \/><\/div>\n<div style=\"clear: both; float: none; display: block; visibility: hidden; width: 0px; font-size: 0px; line-height: 0;\"><\/div>\n<\/div>\n","protected":false},"excerpt":{"rendered":"At the beginning things look <a class=\"more-link\" href=\"https:\/\/freiesschauspiel.de\/en\/programm\/der-weg-zum-glueck\">(&#8230; mehr)<\/a>","protected":false},"author":1,"featured_media":685,"parent":527,"menu_order":0,"comment_status":"closed","ping_status":"closed","template":"","meta":{"footnotes":""},"translation":{"provider":"WPGlobus","version":"3.0.0","language":"en","enabled_languages":["de","en"],"languages":{"de":{"title":true,"content":true,"excerpt":false},"en":{"title":true,"content":true,"excerpt":false}}},"yoast_head":"<!-- This site is optimized with the Yoast SEO plugin v23.5 - https:\/\/yoast.com\/wordpress\/plugins\/seo\/ -->\n<title>Freies Schauspiel Ensemble - The way to happiness - Ingrid Lausund<\/title>\n<meta name=\"robots\" content=\"index, follow, max-snippet:-1, max-image-preview:large, max-video-preview:-1\" \/>\n<link rel=\"canonical\" href=\"https:\/\/freiesschauspiel.de\/programm\/der-weg-zum-glueck\" \/>\n<meta property=\"og:locale\" content=\"en_US\" \/>\n<meta property=\"og:type\" content=\"article\" \/>\n<meta property=\"og:title\" content=\"Freies Schauspiel Ensemble - The way to happiness - Ingrid Lausund\" \/>\n<meta property=\"og:url\" content=\"https:\/\/freiesschauspiel.de\/programm\/der-weg-zum-glueck\" \/>\n<meta property=\"og:site_name\" content=\"Freies Schauspiel Ensemble\" \/>\n<meta property=\"article:publisher\" content=\"https:\/\/www.facebook.com\/FreiesSchauspielEnsemble\/\" \/>\n<meta property=\"article:modified_time\" content=\"2018-06-22T12:03:22+00:00\" \/>\n<meta property=\"og:image\" content=\"https:\/\/freiesschauspiel.de\/wp-content\/uploads\/2016\/07\/DerWegzumGl\u00fcck.jpg\" \/>\n\t<meta property=\"og:image:width\" content=\"1908\" \/>\n\t<meta property=\"og:image:height\" content=\"720\" \/>\n\t<meta property=\"og:image:type\" content=\"image\/jpeg\" \/>\n<meta name=\"twitter:card\" content=\"summary_large_image\" \/>\n<meta name=\"twitter:label1\" content=\"Est. reading time\" \/>\n\t<meta name=\"twitter:data1\" content=\"2 minutes\" \/>\n<script type=\"application\/ld+json\" class=\"yoast-schema-graph\">{\"@context\":\"https:\/\/schema.org\",\"@graph\":[{\"@type\":\"WebPage\",\"@id\":\"https:\/\/freiesschauspiel.de\/programm\/der-weg-zum-glueck\",\"url\":\"https:\/\/freiesschauspiel.de\/programm\/der-weg-zum-glueck\",\"name\":\"Freies Schauspiel Ensemble - The way to happiness - Ingrid Lausund\",\"isPartOf\":{\"@id\":\"https:\/\/freiesschauspiel.de\/#website\"},\"primaryImageOfPage\":{\"@id\":\"https:\/\/freiesschauspiel.de\/programm\/der-weg-zum-glueck#primaryimage\"},\"image\":{\"@id\":\"https:\/\/freiesschauspiel.de\/programm\/der-weg-zum-glueck#primaryimage\"},\"thumbnailUrl\":\"https:\/\/freiesschauspiel.de\/wp-content\/uploads\/2016\/07\/DerWegzumGl\u00fcck.jpg\",\"datePublished\":\"2016-07-05T12:03:34+00:00\",\"dateModified\":\"2018-06-22T12:03:22+00:00\",\"breadcrumb\":{\"@id\":\"https:\/\/freiesschauspiel.de\/programm\/der-weg-zum-glueck#breadcrumb\"},\"inLanguage\":\"en-US\",\"potentialAction\":[{\"@type\":\"ReadAction\",\"target\":[\"https:\/\/freiesschauspiel.de\/programm\/der-weg-zum-glueck\"]}]},{\"@type\":\"ImageObject\",\"inLanguage\":\"en-US\",\"@id\":\"https:\/\/freiesschauspiel.de\/programm\/der-weg-zum-glueck#primaryimage\",\"url\":\"https:\/\/freiesschauspiel.de\/wp-content\/uploads\/2016\/07\/DerWegzumGl\u00fcck.jpg\",\"contentUrl\":\"https:\/\/freiesschauspiel.de\/wp-content\/uploads\/2016\/07\/DerWegzumGl\u00fcck.jpg\",\"width\":1908,\"height\":720,\"caption\":\"Markus Gl\u00e4ser in DER WEG ZUM GL\u00dcCK \u00a9 Felix Holland\"},{\"@type\":\"BreadcrumbList\",\"@id\":\"https:\/\/freiesschauspiel.de\/programm\/der-weg-zum-glueck#breadcrumb\",\"itemListElement\":[{\"@type\":\"ListItem\",\"position\":1,\"name\":\"Startseite\",\"item\":\"https:\/\/freiesschauspiel.de\/\"},{\"@type\":\"ListItem\",\"position\":2,\"name\":\"Programm\",\"item\":\"https:\/\/freiesschauspiel.de\/programm\"},{\"@type\":\"ListItem\",\"position\":3,\"name\":\"DER WEG ZUM GL\u00dcCK\"}]},{\"@type\":\"WebSite\",\"@id\":\"https:\/\/freiesschauspiel.de\/#website\",\"url\":\"https:\/\/freiesschauspiel.de\/\",\"name\":\"Freies Schauspiel Ensemble\",\"description\":\"im TITANIA\",\"potentialAction\":[{\"@type\":\"SearchAction\",\"target\":{\"@type\":\"EntryPoint\",\"urlTemplate\":\"https:\/\/freiesschauspiel.de\/?s={search_term_string}\"},\"query-input\":{\"@type\":\"PropertyValueSpecification\",\"valueRequired\":true,\"valueName\":\"search_term_string\"}}],\"inLanguage\":\"en-US\"}]}<\/script>\n<!-- \/ Yoast SEO plugin. -->","yoast_head_json":{"title":"Freies Schauspiel Ensemble - The way to happiness - Ingrid Lausund","robots":{"index":"index","follow":"follow","max-snippet":"max-snippet:-1","max-image-preview":"max-image-preview:large","max-video-preview":"max-video-preview:-1"},"canonical":"https:\/\/freiesschauspiel.de\/programm\/der-weg-zum-glueck","og_locale":"en_US","og_type":"article","og_title":"Freies Schauspiel Ensemble - The way to happiness - Ingrid Lausund","og_url":"https:\/\/freiesschauspiel.de\/programm\/der-weg-zum-glueck","og_site_name":"Freies Schauspiel Ensemble","article_publisher":"https:\/\/www.facebook.com\/FreiesSchauspielEnsemble\/","article_modified_time":"2018-06-22T12:03:22+00:00","og_image":[{"width":1908,"height":720,"url":"https:\/\/freiesschauspiel.de\/wp-content\/uploads\/2016\/07\/DerWegzumGl\u00fcck.jpg","type":"image\/jpeg"}],"twitter_card":"summary_large_image","twitter_misc":{"Est. reading time":"2 minutes"},"schema":{"@context":"https:\/\/schema.org","@graph":[{"@type":"WebPage","@id":"https:\/\/freiesschauspiel.de\/programm\/der-weg-zum-glueck","url":"https:\/\/freiesschauspiel.de\/programm\/der-weg-zum-glueck","name":"Freies Schauspiel Ensemble - The way to happiness - Ingrid Lausund","isPartOf":{"@id":"https:\/\/freiesschauspiel.de\/#website"},"primaryImageOfPage":{"@id":"https:\/\/freiesschauspiel.de\/programm\/der-weg-zum-glueck#primaryimage"},"image":{"@id":"https:\/\/freiesschauspiel.de\/programm\/der-weg-zum-glueck#primaryimage"},"thumbnailUrl":"https:\/\/freiesschauspiel.de\/wp-content\/uploads\/2016\/07\/DerWegzumGl\u00fcck.jpg","datePublished":"2016-07-05T12:03:34+00:00","dateModified":"2018-06-22T12:03:22+00:00","breadcrumb":{"@id":"https:\/\/freiesschauspiel.de\/programm\/der-weg-zum-glueck#breadcrumb"},"inLanguage":"en-US","potentialAction":[{"@type":"ReadAction","target":["https:\/\/freiesschauspiel.de\/programm\/der-weg-zum-glueck"]}]},{"@type":"ImageObject","inLanguage":"en-US","@id":"https:\/\/freiesschauspiel.de\/programm\/der-weg-zum-glueck#primaryimage","url":"https:\/\/freiesschauspiel.de\/wp-content\/uploads\/2016\/07\/DerWegzumGl\u00fcck.jpg","contentUrl":"https:\/\/freiesschauspiel.de\/wp-content\/uploads\/2016\/07\/DerWegzumGl\u00fcck.jpg","width":1908,"height":720,"caption":"Markus Gl\u00e4ser in DER WEG ZUM GL\u00dcCK \u00a9 Felix Holland"},{"@type":"BreadcrumbList","@id":"https:\/\/freiesschauspiel.de\/programm\/der-weg-zum-glueck#breadcrumb","itemListElement":[{"@type":"ListItem","position":1,"name":"Startseite","item":"https:\/\/freiesschauspiel.de\/"},{"@type":"ListItem","position":2,"name":"Programm","item":"https:\/\/freiesschauspiel.de\/programm"},{"@type":"ListItem","position":3,"name":"DER WEG ZUM GL\u00dcCK"}]},{"@type":"WebSite","@id":"https:\/\/freiesschauspiel.de\/#website","url":"https:\/\/freiesschauspiel.de\/","name":"Freies Schauspiel Ensemble","description":"im TITANIA","potentialAction":[{"@type":"SearchAction","target":{"@type":"EntryPoint","urlTemplate":"https:\/\/freiesschauspiel.de\/?s={search_term_string}"},"query-input":{"@type":"PropertyValueSpecification","valueRequired":true,"valueName":"search_term_string"}}],"inLanguage":"en-US"}]}},"_links":{"self":[{"href":"https:\/\/freiesschauspiel.de\/en\/wp-json\/wp\/v2\/pages\/170"}],"collection":[{"href":"https:\/\/freiesschauspiel.de\/en\/wp-json\/wp\/v2\/pages"}],"about":[{"href":"https:\/\/freiesschauspiel.de\/en\/wp-json\/wp\/v2\/types\/page"}],"author":[{"embeddable":true,"href":"https:\/\/freiesschauspiel.de\/en\/wp-json\/wp\/v2\/users\/1"}],"replies":[{"embeddable":true,"href":"https:\/\/freiesschauspiel.de\/en\/wp-json\/wp\/v2\/comments?post=170"}],"version-history":[{"count":51,"href":"https:\/\/freiesschauspiel.de\/en\/wp-json\/wp\/v2\/pages\/170\/revisions"}],"predecessor-version":[{"id":3948,"href":"https:\/\/freiesschauspiel.de\/en\/wp-json\/wp\/v2\/pages\/170\/revisions\/3948"}],"up":[{"embeddable":true,"href":"https:\/\/freiesschauspiel.de\/en\/wp-json\/wp\/v2\/pages\/527"}],"wp:featuredmedia":[{"embeddable":true,"href":"https:\/\/freiesschauspiel.de\/en\/wp-json\/wp\/v2\/media\/685"}],"wp:attachment":[{"href":"https:\/\/freiesschauspiel.de\/en\/wp-json\/wp\/v2\/media?parent=170"}],"curies":[{"name":"wp","href":"https:\/\/api.w.org\/{rel}","templated":true}]}}