{"id":2617,"date":"2017-07-20T17:31:11","date_gmt":"2017-07-20T15:31:11","guid":{"rendered":"http:\/\/freiesschauspiel.de\/?page_id=2617"},"modified":"2019-01-28T13:00:49","modified_gmt":"2019-01-28T11:00:49","slug":"freiestanztheaterfrankfurt","status":"publish","type":"page","link":"https:\/\/freiesschauspiel.de\/en\/programm\/spielplan\/freiestanztheaterfrankfurt","title":{"rendered":"Freies TanzTheater Frankfurt"},"content":{"rendered":"<div class=\"csRow\">\n<div class=\"csColumnGap\" style=\"margin: 0px; padding: 0px; float: left; width: 1.56%;\">\n<p><img decoding=\"async\" src=\"http:\/\/freiesschauspiel.de\/wp-content\/plugins\/advanced-wp-columns\/assets\/js\/plugins\/views\/img\/1x1-pixel.png\" \/><\/p>\n<\/div>\n<div class=\"csColumn\" style=\"margin: 0px; padding: 0px; float: left; width: 47.6%;\" data-csstartpoint=\"15\" data-csendpoint=\"472\" data-cswidth=\"47.6%\" data-csid=\"fe4a9f80-9ecd-2355-a118-11af032d00b4\">\n<p>Verlieben-verbinden-verschwinden-verwinden: <strong>&#8220;ver _ _ gehen&#8230;&#8221;<\/strong> ist eine Auseinandersetzung mit dem Vergangenen und mit dem, was uns noch bleibt. Erinnerung als Reflexion \u00fcber Verlust und \u00fcber das, was weitergeht. Tanz, Sprache, Klang und Bild in einer performativen Installation des FreienTanzTheaters Frankfurt.<\/p>\n<p>&#8220;Es werden auch Worte zum Tanzen gebracht&#8221;.<br \/>\n&#8220;Alles ist st\u00e4ndig im Flu\u00df &#8230; und immer \u00dcberschreitungen.&#8221;<br \/>\n&#8220;Da ist nichts lastendes, es steht Gel\u00f6stheit \u00fcber allen.&#8221;<br \/>\n<em>Frankfurter Rundschau<\/em><\/p>\n<p>Mehr unter <a href=\"http:\/\/www.fttf.de\">www.fttf.de<\/a><\/p>\n<\/div>\n<div class=\"csColumnGap\" style=\"margin: 0px; padding: 0px; float: left; width: 14.2%;\"><img decoding=\"async\" src=\"http:\/\/freiesschauspiel.de\/wp-content\/plugins\/advanced-wp-columns\/assets\/js\/plugins\/views\/img\/1x1-pixel.png\" \/><\/div>\n<div class=\"csColumn\" style=\"margin: 0px; padding: 0px; float: left; width: 35.1%;\" data-csstartpoint=\"608\" data-csendpoint=\"945\" data-cswidth=\"35.1%\" data-csid=\"eda74291-453d-bef8-8579-d1511653a87c\">\n<p><strong>Freies TanzTheater Frankfurt<br \/>\ninstallazione di danza<br \/>\n&#8220;ver _ _ gehen&#8230;&#8221;<\/strong><\/p>\n<p><strong>Inszenierung<\/strong> Marie-Luise Thiele<br \/>\n<strong>Tanz<\/strong> Katharina Wiedenhofer, Richard Oberscheven<br \/>\n<strong>Performance<\/strong> Snezana Golubovi\u0107<br \/>\n<strong>Violine<\/strong> Fan Li<br \/>\n<strong>Bass<\/strong> Thomas Heidepriem<br \/>\n<strong>Video\/Grafik<\/strong> Sven Bade<br \/>\n<strong>Skulpturen<\/strong> Otmar Lange<br \/>\n<strong>Luftobjekt<\/strong> Frank Fierke<\/p>\n\n\t\t<style type=\"text\/css\">\n\t\t\t#gallery-1 {\n\t\t\t\tmargin: auto;\n\t\t\t}\n\t\t\t#gallery-1 .gallery-item {\n\t\t\t\tfloat: left;\n\t\t\t\tmargin-top: 10px;\n\t\t\t\ttext-align: center;\n\t\t\t\twidth: 25%;\n\t\t\t}\n\t\t\t#gallery-1 img {\n\t\t\t\tborder: 2px solid #cfcfcf;\n\t\t\t}\n\t\t\t#gallery-1 .gallery-caption {\n\t\t\t\tmargin-left: 0;\n\t\t\t}\n\t\t\t\/* see gallery_shortcode() in wp-includes\/media.php *\/\n\t\t<\/style>\n\t\t<div id='gallery-1' class='gallery galleryid-2617 gallery-columns-4 gallery-size-thumbnail'><dl class='gallery-item'>\n\t\t\t<dt class='gallery-icon landscape'>\n\t\t\t\t<a href='https:\/\/freiesschauspiel.de\/wp-content\/uploads\/2018\/11\/fttf4.jpg' title=\"v.l. Katharina Wiedenhofer, Fan Li FreiesTanzTheater \u00a9 Anna Meuer\" data-rl_title=\"v.l. Katharina Wiedenhofer, Fan Li FreiesTanzTheater \u00a9 Anna Meuer\" class=\"rl-gallery-link\" data-rl_caption=\"\" data-rel=\"lightbox-gallery-1\"><img loading=\"lazy\" decoding=\"async\" width=\"236\" height=\"315\" src=\"https:\/\/freiesschauspiel.de\/wp-content\/uploads\/2018\/11\/fttf4-236x315.jpg\" class=\"attachment-thumbnail size-thumbnail\" alt=\"v.l. Katharina Wiedenhofer, Fan Li FreiesTanzTheater\" \/><\/a>\n\t\t\t<\/dt><\/dl><dl class='gallery-item'>\n\t\t\t<dt class='gallery-icon landscape'>\n\t\t\t\t<a href='https:\/\/freiesschauspiel.de\/wp-content\/uploads\/2018\/11\/fttf2.jpg' title=\"v. l. S. Golubovi\u0107, R. Oberscheven FreiesTanzTheater Frankfurt \u00a9 Anna Meuer\" data-rl_title=\"v. l. S. Golubovi\u0107, R. Oberscheven FreiesTanzTheater Frankfurt \u00a9 Anna Meuer\" class=\"rl-gallery-link\" data-rl_caption=\"\" data-rel=\"lightbox-gallery-1\"><img loading=\"lazy\" decoding=\"async\" width=\"236\" height=\"315\" src=\"https:\/\/freiesschauspiel.de\/wp-content\/uploads\/2018\/11\/fttf2-236x315.jpg\" class=\"attachment-thumbnail size-thumbnail\" alt=\"v. l. S. Golubovi\u0107, R. Oberscheven FreiesTanzTheater Frankfurt\" aria-describedby=\"gallery-1-4464\" \/><\/a>\n\t\t\t<\/dt>\n\t\t\t\t<dd class='wp-caption-text gallery-caption' id='gallery-1-4464'>\n\t\t\t\tgjhkvglhjbvklh\n\t\t\t\t<\/dd><\/dl><dl class='gallery-item'>\n\t\t\t<dt class='gallery-icon landscape'>\n\t\t\t\t<a href='https:\/\/freiesschauspiel.de\/wp-content\/uploads\/2018\/11\/fttf3.jpg' title=\"v. l. Thomas Heidepriem, R. Oberscheven FreiesTanzTheater Frankfurt \u00a9 Anna Meuer\" data-rl_title=\"v. l. Thomas Heidepriem, R. Oberscheven FreiesTanzTheater Frankfurt \u00a9 Anna Meuer\" class=\"rl-gallery-link\" data-rl_caption=\"\" data-rel=\"lightbox-gallery-1\"><img loading=\"lazy\" decoding=\"async\" width=\"236\" height=\"315\" src=\"https:\/\/freiesschauspiel.de\/wp-content\/uploads\/2018\/11\/fttf3-236x315.jpg\" class=\"attachment-thumbnail size-thumbnail\" alt=\"v. l. Thomas Heidepriem, R. Oberscheven FreiesTanzTheater Frankfurt\" \/><\/a>\n\t\t\t<\/dt><\/dl><dl class='gallery-item'>\n\t\t\t<dt class='gallery-icon landscape'>\n\t\t\t\t<a href='https:\/\/freiesschauspiel.de\/wp-content\/uploads\/2018\/11\/fttf1.jpg' title=\"v. l. S. Golubovi\u0107, R. Oberscheven, K. Wiedenhofer, T. Heidepriem FreiesTanzTheater Frankfurt \u00a9 Anna Meuer\" data-rl_title=\"v. l. S. Golubovi\u0107, R. Oberscheven, K. Wiedenhofer, T. Heidepriem FreiesTanzTheater Frankfurt \u00a9 Anna Meuer\" class=\"rl-gallery-link\" data-rl_caption=\"\" data-rel=\"lightbox-gallery-1\"><img loading=\"lazy\" decoding=\"async\" width=\"236\" height=\"315\" src=\"https:\/\/freiesschauspiel.de\/wp-content\/uploads\/2018\/11\/fttf1-236x315.jpg\" class=\"attachment-thumbnail size-thumbnail\" alt=\"v. l. S. Golubovi\u0107, R. Oberscheven, K. Wiedenhofer, T. Heidepriem FreiesTanzTheater Frankfurt\" \/><\/a>\n\t\t\t<\/dt><\/dl><br style=\"clear: both\" \/>\n\t\t<\/div>\n\n<p><strong>Premiere<\/strong> 11. Oktober 2018<\/p>\n<p>Mit freundlicher Unterst\u00fctzung<br \/>\nKulturamt Stadt Frankfurt, Hessisches Ministerium f\u00fcr Wissenschaft und Kunst, Frankfurter Sparkasse<\/p>\n<\/div>\n<div class=\"csColumnGap\" style=\"margin: 0px; padding: 0px; float: left; width: 1.56%;\"><img decoding=\"async\" src=\"http:\/\/freiesschauspiel.de\/wp-content\/plugins\/advanced-wp-columns\/assets\/js\/plugins\/views\/img\/1x1-pixel.png\" \/><\/div>\n<\/div>\n<div style=\"clear: both; float: none; display: block; visibility: hidden; width: 0px; font-size: 0px; line-height: 0;\"><\/div>\n","protected":false},"excerpt":{"rendered":"Verlieben-verbinden-verschwinden-verwinden: &#8220;ver _ _ gehen&#8230;&#8221; <a class=\"more-link\" href=\"https:\/\/freiesschauspiel.de\/en\/programm\/spielplan\/freiestanztheaterfrankfurt\">(&#8230; mehr)<\/a>","protected":false},"author":1,"featured_media":4444,"parent":2,"menu_order":0,"comment_status":"closed","ping_status":"closed","template":"","meta":{"footnotes":""},"translation":{"provider":"WPGlobus","version":"3.0.0","language":"en","enabled_languages":["de","en"],"languages":{"de":{"title":true,"content":true,"excerpt":false},"en":{"title":false,"content":false,"excerpt":false}}},"yoast_head":"<!-- This site is optimized with the Yoast SEO plugin v23.5 - https:\/\/yoast.com\/wordpress\/plugins\/seo\/ -->\n<title>Freies Schauspiel Ensemble - Hapiness Open Air Theatre festival TITANIA<\/title>\n<meta name=\"robots\" content=\"index, follow, max-snippet:-1, max-image-preview:large, max-video-preview:-1\" \/>\n<link rel=\"canonical\" href=\"https:\/\/freiesschauspiel.de\/programm\/spielplan\/freiestanztheaterfrankfurt\" \/>\n<meta property=\"og:locale\" content=\"en_US\" \/>\n<meta property=\"og:type\" content=\"article\" \/>\n<meta property=\"og:title\" content=\"Freies Schauspiel Ensemble - Hapiness Open Air Theatre festival TITANIA\" \/>\n<meta property=\"og:url\" content=\"https:\/\/freiesschauspiel.de\/programm\/spielplan\/freiestanztheaterfrankfurt\" \/>\n<meta property=\"og:site_name\" content=\"Freies Schauspiel Ensemble\" \/>\n<meta property=\"article:publisher\" content=\"https:\/\/www.facebook.com\/FreiesSchauspielEnsemble\/\" \/>\n<meta property=\"article:modified_time\" content=\"2019-01-28T11:00:49+00:00\" \/>\n<meta property=\"og:image\" content=\"https:\/\/freiesschauspiel.de\/wp-content\/uploads\/2018\/11\/FTTF-181009-18.jpg\" \/>\n\t<meta property=\"og:image:width\" content=\"1903\" \/>\n\t<meta property=\"og:image:height\" content=\"769\" \/>\n\t<meta property=\"og:image:type\" content=\"image\/jpeg\" \/>\n<meta name=\"twitter:card\" content=\"summary_large_image\" \/>\n<meta name=\"twitter:label1\" content=\"Est. reading time\" \/>\n\t<meta name=\"twitter:data1\" content=\"1 minute\" \/>\n<script type=\"application\/ld+json\" class=\"yoast-schema-graph\">{\"@context\":\"https:\/\/schema.org\",\"@graph\":[{\"@type\":\"WebPage\",\"@id\":\"https:\/\/freiesschauspiel.de\/programm\/spielplan\/freiestanztheaterfrankfurt\",\"url\":\"https:\/\/freiesschauspiel.de\/programm\/spielplan\/freiestanztheaterfrankfurt\",\"name\":\"Freies Schauspiel Ensemble - Hapiness Open Air Theatre festival TITANIA\",\"isPartOf\":{\"@id\":\"https:\/\/freiesschauspiel.de\/#website\"},\"primaryImageOfPage\":{\"@id\":\"https:\/\/freiesschauspiel.de\/programm\/spielplan\/freiestanztheaterfrankfurt#primaryimage\"},\"image\":{\"@id\":\"https:\/\/freiesschauspiel.de\/programm\/spielplan\/freiestanztheaterfrankfurt#primaryimage\"},\"thumbnailUrl\":\"https:\/\/freiesschauspiel.de\/wp-content\/uploads\/2018\/11\/FTTF-181009-18.jpg\",\"datePublished\":\"2017-07-20T15:31:11+00:00\",\"dateModified\":\"2019-01-28T11:00:49+00:00\",\"breadcrumb\":{\"@id\":\"https:\/\/freiesschauspiel.de\/programm\/spielplan\/freiestanztheaterfrankfurt#breadcrumb\"},\"inLanguage\":\"en-US\",\"potentialAction\":[{\"@type\":\"ReadAction\",\"target\":[\"https:\/\/freiesschauspiel.de\/programm\/spielplan\/freiestanztheaterfrankfurt\"]}]},{\"@type\":\"ImageObject\",\"inLanguage\":\"en-US\",\"@id\":\"https:\/\/freiesschauspiel.de\/programm\/spielplan\/freiestanztheaterfrankfurt#primaryimage\",\"url\":\"https:\/\/freiesschauspiel.de\/wp-content\/uploads\/2018\/11\/FTTF-181009-18.jpg\",\"contentUrl\":\"https:\/\/freiesschauspiel.de\/wp-content\/uploads\/2018\/11\/FTTF-181009-18.jpg\",\"width\":1903,\"height\":769,\"caption\":\"v. l. K. Wiedenhofer, S. Golubovi\u0107, R. Oberscheven FreiesTanzTheater Frankfurt\"},{\"@type\":\"BreadcrumbList\",\"@id\":\"https:\/\/freiesschauspiel.de\/programm\/spielplan\/freiestanztheaterfrankfurt#breadcrumb\",\"itemListElement\":[{\"@type\":\"ListItem\",\"position\":1,\"name\":\"Startseite\",\"item\":\"https:\/\/freiesschauspiel.de\/\"},{\"@type\":\"ListItem\",\"position\":2,\"name\":\"Programm\",\"item\":\"https:\/\/freiesschauspiel.de\/programm\"},{\"@type\":\"ListItem\",\"position\":3,\"name\":\"Spielplan 2025\/26\",\"item\":\"https:\/\/freiesschauspiel.de\/programm\/spielplan\"},{\"@type\":\"ListItem\",\"position\":4,\"name\":\"Freies TanzTheater Frankfurt\"}]},{\"@type\":\"WebSite\",\"@id\":\"https:\/\/freiesschauspiel.de\/#website\",\"url\":\"https:\/\/freiesschauspiel.de\/\",\"name\":\"Freies Schauspiel Ensemble\",\"description\":\"im TITANIA\",\"potentialAction\":[{\"@type\":\"SearchAction\",\"target\":{\"@type\":\"EntryPoint\",\"urlTemplate\":\"https:\/\/freiesschauspiel.de\/?s={search_term_string}\"},\"query-input\":{\"@type\":\"PropertyValueSpecification\",\"valueRequired\":true,\"valueName\":\"search_term_string\"}}],\"inLanguage\":\"en-US\"}]}<\/script>\n<!-- \/ Yoast SEO plugin. -->","yoast_head_json":{"title":"Freies Schauspiel Ensemble - Hapiness Open Air Theatre festival TITANIA","robots":{"index":"index","follow":"follow","max-snippet":"max-snippet:-1","max-image-preview":"max-image-preview:large","max-video-preview":"max-video-preview:-1"},"canonical":"https:\/\/freiesschauspiel.de\/programm\/spielplan\/freiestanztheaterfrankfurt","og_locale":"en_US","og_type":"article","og_title":"Freies Schauspiel Ensemble - Hapiness Open Air Theatre festival TITANIA","og_url":"https:\/\/freiesschauspiel.de\/programm\/spielplan\/freiestanztheaterfrankfurt","og_site_name":"Freies Schauspiel Ensemble","article_publisher":"https:\/\/www.facebook.com\/FreiesSchauspielEnsemble\/","article_modified_time":"2019-01-28T11:00:49+00:00","og_image":[{"width":1903,"height":769,"url":"https:\/\/freiesschauspiel.de\/wp-content\/uploads\/2018\/11\/FTTF-181009-18.jpg","type":"image\/jpeg"}],"twitter_card":"summary_large_image","twitter_misc":{"Est. reading time":"1 minute"},"schema":{"@context":"https:\/\/schema.org","@graph":[{"@type":"WebPage","@id":"https:\/\/freiesschauspiel.de\/programm\/spielplan\/freiestanztheaterfrankfurt","url":"https:\/\/freiesschauspiel.de\/programm\/spielplan\/freiestanztheaterfrankfurt","name":"Freies Schauspiel Ensemble - Hapiness Open Air Theatre festival TITANIA","isPartOf":{"@id":"https:\/\/freiesschauspiel.de\/#website"},"primaryImageOfPage":{"@id":"https:\/\/freiesschauspiel.de\/programm\/spielplan\/freiestanztheaterfrankfurt#primaryimage"},"image":{"@id":"https:\/\/freiesschauspiel.de\/programm\/spielplan\/freiestanztheaterfrankfurt#primaryimage"},"thumbnailUrl":"https:\/\/freiesschauspiel.de\/wp-content\/uploads\/2018\/11\/FTTF-181009-18.jpg","datePublished":"2017-07-20T15:31:11+00:00","dateModified":"2019-01-28T11:00:49+00:00","breadcrumb":{"@id":"https:\/\/freiesschauspiel.de\/programm\/spielplan\/freiestanztheaterfrankfurt#breadcrumb"},"inLanguage":"en-US","potentialAction":[{"@type":"ReadAction","target":["https:\/\/freiesschauspiel.de\/programm\/spielplan\/freiestanztheaterfrankfurt"]}]},{"@type":"ImageObject","inLanguage":"en-US","@id":"https:\/\/freiesschauspiel.de\/programm\/spielplan\/freiestanztheaterfrankfurt#primaryimage","url":"https:\/\/freiesschauspiel.de\/wp-content\/uploads\/2018\/11\/FTTF-181009-18.jpg","contentUrl":"https:\/\/freiesschauspiel.de\/wp-content\/uploads\/2018\/11\/FTTF-181009-18.jpg","width":1903,"height":769,"caption":"v. l. K. Wiedenhofer, S. Golubovi\u0107, R. Oberscheven FreiesTanzTheater Frankfurt"},{"@type":"BreadcrumbList","@id":"https:\/\/freiesschauspiel.de\/programm\/spielplan\/freiestanztheaterfrankfurt#breadcrumb","itemListElement":[{"@type":"ListItem","position":1,"name":"Startseite","item":"https:\/\/freiesschauspiel.de\/"},{"@type":"ListItem","position":2,"name":"Programm","item":"https:\/\/freiesschauspiel.de\/programm"},{"@type":"ListItem","position":3,"name":"Spielplan 2025\/26","item":"https:\/\/freiesschauspiel.de\/programm\/spielplan"},{"@type":"ListItem","position":4,"name":"Freies TanzTheater Frankfurt"}]},{"@type":"WebSite","@id":"https:\/\/freiesschauspiel.de\/#website","url":"https:\/\/freiesschauspiel.de\/","name":"Freies Schauspiel Ensemble","description":"im TITANIA","potentialAction":[{"@type":"SearchAction","target":{"@type":"EntryPoint","urlTemplate":"https:\/\/freiesschauspiel.de\/?s={search_term_string}"},"query-input":{"@type":"PropertyValueSpecification","valueRequired":true,"valueName":"search_term_string"}}],"inLanguage":"en-US"}]}},"_links":{"self":[{"href":"https:\/\/freiesschauspiel.de\/en\/wp-json\/wp\/v2\/pages\/2617"}],"collection":[{"href":"https:\/\/freiesschauspiel.de\/en\/wp-json\/wp\/v2\/pages"}],"about":[{"href":"https:\/\/freiesschauspiel.de\/en\/wp-json\/wp\/v2\/types\/page"}],"author":[{"embeddable":true,"href":"https:\/\/freiesschauspiel.de\/en\/wp-json\/wp\/v2\/users\/1"}],"replies":[{"embeddable":true,"href":"https:\/\/freiesschauspiel.de\/en\/wp-json\/wp\/v2\/comments?post=2617"}],"version-history":[{"count":24,"href":"https:\/\/freiesschauspiel.de\/en\/wp-json\/wp\/v2\/pages\/2617\/revisions"}],"predecessor-version":[{"id":4696,"href":"https:\/\/freiesschauspiel.de\/en\/wp-json\/wp\/v2\/pages\/2617\/revisions\/4696"}],"up":[{"embeddable":true,"href":"https:\/\/freiesschauspiel.de\/en\/wp-json\/wp\/v2\/pages\/2"}],"wp:featuredmedia":[{"embeddable":true,"href":"https:\/\/freiesschauspiel.de\/en\/wp-json\/wp\/v2\/media\/4444"}],"wp:attachment":[{"href":"https:\/\/freiesschauspiel.de\/en\/wp-json\/wp\/v2\/media?parent=2617"}],"curies":[{"name":"wp","href":"https:\/\/api.w.org\/{rel}","templated":true}]}}