{"id":2683,"date":"2017-08-14T13:05:04","date_gmt":"2017-08-14T11:05:04","guid":{"rendered":"http:\/\/freiesschauspiel.de\/?page_id=2683"},"modified":"2017-08-18T11:36:36","modified_gmt":"2017-08-18T09:36:36","slug":"faust3-latenight","status":"publish","type":"page","link":"https:\/\/freiesschauspiel.de\/en\/programm\/spielplan\/faust3-latenight","title":{"rendered":"FAUST3 Gott ist tot &#8211; Teufel ist arbeitslos"},"content":{"rendered":"<div class=\"csRow\">\n<div class=\"csColumnGap\" style=\"margin: 0px; padding: 0px; float: left; width: 1.56%; text-align: left;\"><img decoding=\"async\" src=\"http:\/\/freiesschauspiel.de\/wp-content\/plugins\/advanced-wp-columns\/assets\/js\/plugins\/views\/img\/1x1-pixel.png\" \/><\/div>\n<div class=\"csColumn\" style=\"margin: 0px; padding: 0px; float: left; width: 47.7%;\" data-csstartpoint=\"15\" data-csendpoint=\"472.5\" data-cswidth=\"47.7%\" data-csid=\"2ae42ffb-3363-2601-aec1-d806bbbe958d\">\n<div style=\"text-align: left;\">\n<p><em>\u201eF\u00fcr wahr, diese Einsicht ist wahrlich das Tor zur Welt! Ach ja, wie peinlich, hab mich noch gar nicht vorgestellt: Der Teufel bin ich, doch arbeitslos! Fr\u00fcher mit Gott gings mir noch tadellos!\u201c<\/em><\/p>\n<p>FAUST\u00b3 &#8211; Ein Zusammenspiel aus Musik, Bild und Lyrik. Goethes Faust, jedoch versetzt in eine Welt, in der Gott tot und der Teufel arbeitslos ist. Auf der Suche nach Sinn begibt sich Faust in ein Labyrinth aus Kl\u00e4ngen und Projektionen. In vielen Wirbeln und Wendepunkten durchstreifen wir mit ihm den K\u00f6rper des toten Gottes &#8211; eine Welt jenseits von Gut und B\u00f6se. Das Theaterst\u00fcck wird von Schlagzeug, Synthesizer und den Bildern aus dem gleichnamigen Graphic Novel untermalt, performt vom Autor und Zeichner Niklas Fiedler, begleitet vom Jazzschlagzeuger Stefan Schulz-Anker.<\/p>\n<p><img loading=\"lazy\" decoding=\"async\" class=\"wp-image-2684 alignleft\" src=\"http:\/\/freiesschauspiel.de\/wp-content\/uploads\/2017\/08\/Faust3-236x315.jpg\" alt=\"Performance Niklas Fiedler\" width=\"296\" height=\"395\" \/><\/p>\n<\/div>\n<div style=\"text-align: left;\"><\/div>\n<\/div>\n<div class=\"csColumnGap\" style=\"margin: 0px; padding: 0px; float: left; width: 14.2%;\"><img decoding=\"async\" src=\"http:\/\/freiesschauspiel.de\/wp-content\/plugins\/advanced-wp-columns\/assets\/js\/plugins\/views\/img\/1x1-pixel.png\" \/><\/div>\n<div class=\"csColumn\" style=\"margin: 0px; padding: 0px; float: left; width: 35.1%;\" data-csstartpoint=\"608.5\" data-csendpoint=\"945\" data-cswidth=\"35.1%\" data-csid=\"3f196dbb-3ba4-7cd2-825a-9d31b94070c4\">\n<p><strong>FAUST<span class=\"st\">\u00b3 <\/span><\/strong><br \/>\nGott ist tot &#8211; Teufel ist arbeitslos<br \/>\nLate Night Comic Special mit Niklas Fiedler und Stefan Schulz-Anker<\/p>\n<p>05.10., 22 Uhr <a href=\"http:\/\/freiesschauspiel.de\/programm\/spielplan\/faust3-latenight\/kartenbestellung-0510\">Karten bestellen<\/a><\/p>\n<p><em>Eintritt \u20ac 8<br \/>\n<\/em><\/p>\n<\/div>\n<\/div>\n","protected":false},"excerpt":{"rendered":"\u201eF\u00fcr wahr, diese Einsicht ist <a class=\"more-link\" href=\"https:\/\/freiesschauspiel.de\/en\/programm\/spielplan\/faust3-latenight\">(&#8230; mehr)<\/a>","protected":false},"author":1,"featured_media":0,"parent":2,"menu_order":0,"comment_status":"closed","ping_status":"closed","template":"","meta":{"footnotes":""},"translation":{"provider":"WPGlobus","version":"3.0.0","language":"en","enabled_languages":["de","en"],"languages":{"de":{"title":true,"content":true,"excerpt":false},"en":{"title":false,"content":false,"excerpt":false}}},"yoast_head":"<!-- This site is optimized with the Yoast SEO plugin v23.5 - https:\/\/yoast.com\/wordpress\/plugins\/seo\/ -->\n<title>Freies Schauspiel Ensemble - Faust\u00b3 - Eine Performance mit Musik nach dem gleichnamigen Graphic Novel<\/title>\n<meta name=\"robots\" content=\"index, follow, max-snippet:-1, max-image-preview:large, max-video-preview:-1\" \/>\n<link rel=\"canonical\" href=\"https:\/\/freiesschauspiel.de\/programm\/spielplan\/faust3-latenight\" \/>\n<meta property=\"og:locale\" content=\"en_US\" \/>\n<meta property=\"og:type\" content=\"article\" \/>\n<meta property=\"og:title\" content=\"FAUST3 Gott ist tot - Teufel ist arbeitslos - Freies Schauspiel Ensemble\" \/>\n<meta property=\"og:url\" content=\"https:\/\/freiesschauspiel.de\/programm\/spielplan\/faust3-latenight\" \/>\n<meta property=\"og:site_name\" content=\"Freies Schauspiel Ensemble\" \/>\n<meta property=\"article:publisher\" content=\"https:\/\/www.facebook.com\/FreiesSchauspielEnsemble\/\" \/>\n<meta property=\"article:modified_time\" content=\"2017-08-18T09:36:36+00:00\" \/>\n<meta property=\"og:image\" content=\"http:\/\/freiesschauspiel.de\/wp-content\/plugins\/advanced-wp-columns\/assets\/js\/plugins\/views\/img\/1x1-pixel.png\" \/>\n<meta name=\"twitter:card\" content=\"summary_large_image\" \/>\n<meta name=\"twitter:label1\" content=\"Est. reading time\" \/>\n\t<meta name=\"twitter:data1\" content=\"1 minute\" \/>\n<script type=\"application\/ld+json\" class=\"yoast-schema-graph\">{\"@context\":\"https:\/\/schema.org\",\"@graph\":[{\"@type\":\"WebPage\",\"@id\":\"https:\/\/freiesschauspiel.de\/programm\/spielplan\/faust3-latenight\",\"url\":\"https:\/\/freiesschauspiel.de\/programm\/spielplan\/faust3-latenight\",\"name\":\"Freies Schauspiel Ensemble - Faust\u00b3 - Eine Performance mit Musik nach dem gleichnamigen Graphic Novel\",\"isPartOf\":{\"@id\":\"https:\/\/freiesschauspiel.de\/#website\"},\"primaryImageOfPage\":{\"@id\":\"https:\/\/freiesschauspiel.de\/programm\/spielplan\/faust3-latenight#primaryimage\"},\"image\":{\"@id\":\"https:\/\/freiesschauspiel.de\/programm\/spielplan\/faust3-latenight#primaryimage\"},\"thumbnailUrl\":\"http:\/\/freiesschauspiel.de\/wp-content\/plugins\/advanced-wp-columns\/assets\/js\/plugins\/views\/img\/1x1-pixel.png\",\"datePublished\":\"2017-08-14T11:05:04+00:00\",\"dateModified\":\"2017-08-18T09:36:36+00:00\",\"breadcrumb\":{\"@id\":\"https:\/\/freiesschauspiel.de\/programm\/spielplan\/faust3-latenight#breadcrumb\"},\"inLanguage\":\"en-US\",\"potentialAction\":[{\"@type\":\"ReadAction\",\"target\":[\"https:\/\/freiesschauspiel.de\/programm\/spielplan\/faust3-latenight\"]}]},{\"@type\":\"ImageObject\",\"inLanguage\":\"en-US\",\"@id\":\"https:\/\/freiesschauspiel.de\/programm\/spielplan\/faust3-latenight#primaryimage\",\"url\":\"http:\/\/freiesschauspiel.de\/wp-content\/plugins\/advanced-wp-columns\/assets\/js\/plugins\/views\/img\/1x1-pixel.png\",\"contentUrl\":\"http:\/\/freiesschauspiel.de\/wp-content\/plugins\/advanced-wp-columns\/assets\/js\/plugins\/views\/img\/1x1-pixel.png\"},{\"@type\":\"BreadcrumbList\",\"@id\":\"https:\/\/freiesschauspiel.de\/programm\/spielplan\/faust3-latenight#breadcrumb\",\"itemListElement\":[{\"@type\":\"ListItem\",\"position\":1,\"name\":\"Startseite\",\"item\":\"https:\/\/freiesschauspiel.de\/\"},{\"@type\":\"ListItem\",\"position\":2,\"name\":\"Programm\",\"item\":\"https:\/\/freiesschauspiel.de\/programm\"},{\"@type\":\"ListItem\",\"position\":3,\"name\":\"Spielplan 2025\/26\",\"item\":\"https:\/\/freiesschauspiel.de\/programm\/spielplan\"},{\"@type\":\"ListItem\",\"position\":4,\"name\":\"FAUST3 Gott ist tot &#8211; Teufel ist arbeitslos\"}]},{\"@type\":\"WebSite\",\"@id\":\"https:\/\/freiesschauspiel.de\/#website\",\"url\":\"https:\/\/freiesschauspiel.de\/\",\"name\":\"Freies Schauspiel Ensemble\",\"description\":\"im TITANIA\",\"potentialAction\":[{\"@type\":\"SearchAction\",\"target\":{\"@type\":\"EntryPoint\",\"urlTemplate\":\"https:\/\/freiesschauspiel.de\/?s={search_term_string}\"},\"query-input\":{\"@type\":\"PropertyValueSpecification\",\"valueRequired\":true,\"valueName\":\"search_term_string\"}}],\"inLanguage\":\"en-US\"}]}<\/script>\n<!-- \/ Yoast SEO plugin. -->","yoast_head_json":{"title":"Freies Schauspiel Ensemble - Faust\u00b3 - Eine Performance mit Musik nach dem gleichnamigen Graphic Novel","robots":{"index":"index","follow":"follow","max-snippet":"max-snippet:-1","max-image-preview":"max-image-preview:large","max-video-preview":"max-video-preview:-1"},"canonical":"https:\/\/freiesschauspiel.de\/programm\/spielplan\/faust3-latenight","og_locale":"en_US","og_type":"article","og_title":"FAUST3 Gott ist tot - Teufel ist arbeitslos - Freies Schauspiel Ensemble","og_url":"https:\/\/freiesschauspiel.de\/programm\/spielplan\/faust3-latenight","og_site_name":"Freies Schauspiel Ensemble","article_publisher":"https:\/\/www.facebook.com\/FreiesSchauspielEnsemble\/","article_modified_time":"2017-08-18T09:36:36+00:00","og_image":[{"url":"http:\/\/freiesschauspiel.de\/wp-content\/plugins\/advanced-wp-columns\/assets\/js\/plugins\/views\/img\/1x1-pixel.png"}],"twitter_card":"summary_large_image","twitter_misc":{"Est. reading time":"1 minute"},"schema":{"@context":"https:\/\/schema.org","@graph":[{"@type":"WebPage","@id":"https:\/\/freiesschauspiel.de\/programm\/spielplan\/faust3-latenight","url":"https:\/\/freiesschauspiel.de\/programm\/spielplan\/faust3-latenight","name":"Freies Schauspiel Ensemble - Faust\u00b3 - Eine Performance mit Musik nach dem gleichnamigen Graphic Novel","isPartOf":{"@id":"https:\/\/freiesschauspiel.de\/#website"},"primaryImageOfPage":{"@id":"https:\/\/freiesschauspiel.de\/programm\/spielplan\/faust3-latenight#primaryimage"},"image":{"@id":"https:\/\/freiesschauspiel.de\/programm\/spielplan\/faust3-latenight#primaryimage"},"thumbnailUrl":"http:\/\/freiesschauspiel.de\/wp-content\/plugins\/advanced-wp-columns\/assets\/js\/plugins\/views\/img\/1x1-pixel.png","datePublished":"2017-08-14T11:05:04+00:00","dateModified":"2017-08-18T09:36:36+00:00","breadcrumb":{"@id":"https:\/\/freiesschauspiel.de\/programm\/spielplan\/faust3-latenight#breadcrumb"},"inLanguage":"en-US","potentialAction":[{"@type":"ReadAction","target":["https:\/\/freiesschauspiel.de\/programm\/spielplan\/faust3-latenight"]}]},{"@type":"ImageObject","inLanguage":"en-US","@id":"https:\/\/freiesschauspiel.de\/programm\/spielplan\/faust3-latenight#primaryimage","url":"http:\/\/freiesschauspiel.de\/wp-content\/plugins\/advanced-wp-columns\/assets\/js\/plugins\/views\/img\/1x1-pixel.png","contentUrl":"http:\/\/freiesschauspiel.de\/wp-content\/plugins\/advanced-wp-columns\/assets\/js\/plugins\/views\/img\/1x1-pixel.png"},{"@type":"BreadcrumbList","@id":"https:\/\/freiesschauspiel.de\/programm\/spielplan\/faust3-latenight#breadcrumb","itemListElement":[{"@type":"ListItem","position":1,"name":"Startseite","item":"https:\/\/freiesschauspiel.de\/"},{"@type":"ListItem","position":2,"name":"Programm","item":"https:\/\/freiesschauspiel.de\/programm"},{"@type":"ListItem","position":3,"name":"Spielplan 2025\/26","item":"https:\/\/freiesschauspiel.de\/programm\/spielplan"},{"@type":"ListItem","position":4,"name":"FAUST3 Gott ist tot &#8211; Teufel ist arbeitslos"}]},{"@type":"WebSite","@id":"https:\/\/freiesschauspiel.de\/#website","url":"https:\/\/freiesschauspiel.de\/","name":"Freies Schauspiel Ensemble","description":"im TITANIA","potentialAction":[{"@type":"SearchAction","target":{"@type":"EntryPoint","urlTemplate":"https:\/\/freiesschauspiel.de\/?s={search_term_string}"},"query-input":{"@type":"PropertyValueSpecification","valueRequired":true,"valueName":"search_term_string"}}],"inLanguage":"en-US"}]}},"_links":{"self":[{"href":"https:\/\/freiesschauspiel.de\/en\/wp-json\/wp\/v2\/pages\/2683"}],"collection":[{"href":"https:\/\/freiesschauspiel.de\/en\/wp-json\/wp\/v2\/pages"}],"about":[{"href":"https:\/\/freiesschauspiel.de\/en\/wp-json\/wp\/v2\/types\/page"}],"author":[{"embeddable":true,"href":"https:\/\/freiesschauspiel.de\/en\/wp-json\/wp\/v2\/users\/1"}],"replies":[{"embeddable":true,"href":"https:\/\/freiesschauspiel.de\/en\/wp-json\/wp\/v2\/comments?post=2683"}],"version-history":[{"count":7,"href":"https:\/\/freiesschauspiel.de\/en\/wp-json\/wp\/v2\/pages\/2683\/revisions"}],"predecessor-version":[{"id":2723,"href":"https:\/\/freiesschauspiel.de\/en\/wp-json\/wp\/v2\/pages\/2683\/revisions\/2723"}],"up":[{"embeddable":true,"href":"https:\/\/freiesschauspiel.de\/en\/wp-json\/wp\/v2\/pages\/2"}],"wp:attachment":[{"href":"https:\/\/freiesschauspiel.de\/en\/wp-json\/wp\/v2\/media?parent=2683"}],"curies":[{"name":"wp","href":"https:\/\/api.w.org\/{rel}","templated":true}]}}