{"id":2694,"date":"2017-08-15T09:31:26","date_gmt":"2017-08-15T07:31:26","guid":{"rendered":"http:\/\/freiesschauspiel.de\/?page_id=2694"},"modified":"2018-08-07T09:47:16","modified_gmt":"2018-08-07T07:47:16","slug":"wie-klingt-frankfurter-vielfalt","status":"publish","type":"page","link":"https:\/\/freiesschauspiel.de\/en\/programm\/spielplan\/wie-klingt-frankfurter-vielfalt","title":{"rendered":"WIE KLINGT FRANKFURTER VIELFALT?"},"content":{"rendered":"<div class=\"csRow\">\n<div class=\"csColumn\" style=\"margin: 0px; padding: 0px; float: left; width: 47.7%;\" data-csstartpoint=\"15\" data-csendpoint=\"472.5\" data-cswidth=\"47.7%\" data-csid=\"4ae9f39c-1788-5d36-b8c8-d8b8de022215\">\n<p>Eine inspirierende poetisch-musikalische Begegnung der Kulturen mit der Lyrikerin Safiye Can, der S\u00e4ngerin Maria Kaplan und dem Sprachphilosophen und Jazzmusiker Jacques Coursil.<\/p>\n<p>Safiye Can wurde als Kind tscherkessischer Eltern in Offenbach geboren, studierte Philosophie, Psychoanalyse und Rechtswissenschaften. Ihre Lyrikb\u00e4nde wurden schnell zu Bestsellern und vielfach mit Literaturpreisen ausgezeichnet, zuletzt mit dem Else-Lasker-Sch\u00fcler-Lyrikpreis (2016). Ihre Gedichte fragen nach dem Platz des Einzelnen in der Welt, nach Heimat, nach Zugeh\u00f6rigkeit und machen Hoffnung, dass das Fremde nicht immer fremd bleibt.<br \/>\nMaria Kaplan ist als vierj\u00e4hriges Kind mit ihren Eltern aus dem Grenzgebiet zwischen der T\u00fcrkei und Syrien nach Deutschland gefl\u00fcchtet. Sie beschw\u00f6rt in ihren aram\u00e4ischen Ges\u00e4ngen die magische friedenspendende Kraft jahrtausendealter Kulturen herauf.<br \/>\nJacques Coursil \u2013 mit seinen Wurzeln in Martinique \u2013 sch\u00f6pft als Poet und Musiker aus der afro-karibischen und afro-amerikanischen Kultur und l\u00e4sst Texte von Frantz Fanon, Edouard Glissant und Monchoachi lebendig werden. Der Mann mit den tausend Leben, der auf drei Kontinenten zuhause war, sagt von sich: &#8220;Die Reisen und die Poesie waren meine Art mit der Welt zu sprechen.&#8221;<\/p>\n<p>Wie gestalten sich heute Identit\u00e4ten? Wie entstehen neue Lebensentw\u00fcrfe? Hierbei hat die Kultur als gestaltende und verbindende Kraft eine enorm wichtige und kreative Funktion. Die gegenseitige Aufgeschlossenheit, die Bereitschaft miteinander ins Gespr\u00e4ch zu kommen, Vertrauen zu schaffen, sind Grundvoraussetzungen des Zusammenlebens. Ein permanenter Austausch und das Teilen kultureller Werte und Errungenschaften der Menschheit sind notwendig um Fremdheit und Konfliktpotential friedlich durch die Kraft des Wortes abzubauen.<\/p>\n<\/div>\n<div class=\"csColumnGap\" style=\"margin: 0px; padding: 0px; float: left; width: 14.1%;\"><img decoding=\"async\" src=\"http:\/\/freiesschauspiel.de\/wp-content\/plugins\/advanced-wp-columns\/assets\/js\/plugins\/views\/img\/1x1-pixel.png\" \/><\/div>\n<div class=\"csColumn\" style=\"margin: 0px; padding: 0px; float: left; width: 35.2%;\" data-csstartpoint=\"607.5\" data-csendpoint=\"945\" data-cswidth=\"35.2%\" data-csid=\"46c3a443-a277-feb2-990e-fe1583ba97ad\">\n<p>FRANKFURTER INTERKULTURELLE WOCHEN &#8211; in Kooperation mit Africa Foundation e.V.<br \/>\n<strong>WIE KLINGT FRANKFURTER VIELFALT?<\/strong><br \/>\nPolyphonie der Kulturen<br \/>\nLesung, K\u00fcnstlergespr\u00e4ch &amp; musikalische Intermezzi<\/p>\n<p>12.11., 18 Uhr<\/p>\n<p><em>Eintritt \u20ac 8 \/ 5 erm\u00e4\u00dfigt \/ 1 Frankfurt-Pass<\/em><\/p>\n<\/div>\n<\/div>\n","protected":false},"excerpt":{"rendered":"Eine inspirierende poetisch-musikalische Begegnung der <a class=\"more-link\" href=\"https:\/\/freiesschauspiel.de\/en\/programm\/spielplan\/wie-klingt-frankfurter-vielfalt\">(&#8230; mehr)<\/a>","protected":false},"author":1,"featured_media":2911,"parent":2,"menu_order":0,"comment_status":"closed","ping_status":"closed","template":"","meta":{"footnotes":""},"translation":{"provider":"WPGlobus","version":"3.0.0","language":"en","enabled_languages":["de","en"],"languages":{"de":{"title":true,"content":true,"excerpt":false},"en":{"title":false,"content":false,"excerpt":false}}},"yoast_head":"<!-- This site is optimized with the Yoast SEO plugin v23.5 - https:\/\/yoast.com\/wordpress\/plugins\/seo\/ -->\n<title>Freies Schauspiel Ensemble - Frankfurter Interkulturelle Wochen - Wie klingt Frankfurter Vielfalt? - 12.11.17<\/title>\n<meta name=\"robots\" content=\"index, follow, max-snippet:-1, max-image-preview:large, max-video-preview:-1\" \/>\n<link rel=\"canonical\" href=\"https:\/\/freiesschauspiel.de\/programm\/spielplan\/wie-klingt-frankfurter-vielfalt\" \/>\n<meta property=\"og:locale\" content=\"en_US\" \/>\n<meta property=\"og:type\" content=\"article\" \/>\n<meta property=\"og:title\" content=\"WIE KLINGT FRANKFURTER VIELFALT? - Freies Schauspiel Ensemble\" \/>\n<meta property=\"og:url\" content=\"https:\/\/freiesschauspiel.de\/programm\/spielplan\/wie-klingt-frankfurter-vielfalt\" \/>\n<meta property=\"og:site_name\" content=\"Freies Schauspiel Ensemble\" \/>\n<meta property=\"article:publisher\" content=\"https:\/\/www.facebook.com\/FreiesSchauspielEnsemble\/\" \/>\n<meta property=\"article:modified_time\" content=\"2018-08-07T07:47:16+00:00\" \/>\n<meta property=\"og:image\" content=\"https:\/\/freiesschauspiel.de\/wp-content\/uploads\/2017\/08\/InterkulturelleWochen-e1508503833966.jpg\" \/>\n\t<meta property=\"og:image:width\" content=\"1904\" \/>\n\t<meta property=\"og:image:height\" content=\"720\" \/>\n\t<meta property=\"og:image:type\" content=\"image\/jpeg\" \/>\n<meta name=\"twitter:card\" content=\"summary_large_image\" \/>\n<meta name=\"twitter:label1\" content=\"Est. reading time\" \/>\n\t<meta name=\"twitter:data1\" content=\"1 minute\" \/>\n<script type=\"application\/ld+json\" class=\"yoast-schema-graph\">{\"@context\":\"https:\/\/schema.org\",\"@graph\":[{\"@type\":\"WebPage\",\"@id\":\"https:\/\/freiesschauspiel.de\/programm\/spielplan\/wie-klingt-frankfurter-vielfalt\",\"url\":\"https:\/\/freiesschauspiel.de\/programm\/spielplan\/wie-klingt-frankfurter-vielfalt\",\"name\":\"Freies Schauspiel Ensemble - Frankfurter Interkulturelle Wochen - Wie klingt Frankfurter Vielfalt? - 12.11.17\",\"isPartOf\":{\"@id\":\"https:\/\/freiesschauspiel.de\/#website\"},\"primaryImageOfPage\":{\"@id\":\"https:\/\/freiesschauspiel.de\/programm\/spielplan\/wie-klingt-frankfurter-vielfalt#primaryimage\"},\"image\":{\"@id\":\"https:\/\/freiesschauspiel.de\/programm\/spielplan\/wie-klingt-frankfurter-vielfalt#primaryimage\"},\"thumbnailUrl\":\"https:\/\/freiesschauspiel.de\/wp-content\/uploads\/2017\/08\/InterkulturelleWochen-e1508503833966.jpg\",\"datePublished\":\"2017-08-15T07:31:26+00:00\",\"dateModified\":\"2018-08-07T07:47:16+00:00\",\"breadcrumb\":{\"@id\":\"https:\/\/freiesschauspiel.de\/programm\/spielplan\/wie-klingt-frankfurter-vielfalt#breadcrumb\"},\"inLanguage\":\"en-US\",\"potentialAction\":[{\"@type\":\"ReadAction\",\"target\":[\"https:\/\/freiesschauspiel.de\/programm\/spielplan\/wie-klingt-frankfurter-vielfalt\"]}]},{\"@type\":\"ImageObject\",\"inLanguage\":\"en-US\",\"@id\":\"https:\/\/freiesschauspiel.de\/programm\/spielplan\/wie-klingt-frankfurter-vielfalt#primaryimage\",\"url\":\"https:\/\/freiesschauspiel.de\/wp-content\/uploads\/2017\/08\/InterkulturelleWochen-e1508503833966.jpg\",\"contentUrl\":\"https:\/\/freiesschauspiel.de\/wp-content\/uploads\/2017\/08\/InterkulturelleWochen-e1508503833966.jpg\",\"width\":1904,\"height\":720},{\"@type\":\"BreadcrumbList\",\"@id\":\"https:\/\/freiesschauspiel.de\/programm\/spielplan\/wie-klingt-frankfurter-vielfalt#breadcrumb\",\"itemListElement\":[{\"@type\":\"ListItem\",\"position\":1,\"name\":\"Startseite\",\"item\":\"https:\/\/freiesschauspiel.de\/\"},{\"@type\":\"ListItem\",\"position\":2,\"name\":\"Programm\",\"item\":\"https:\/\/freiesschauspiel.de\/programm\"},{\"@type\":\"ListItem\",\"position\":3,\"name\":\"Spielplan 2025\/26\",\"item\":\"https:\/\/freiesschauspiel.de\/programm\/spielplan\"},{\"@type\":\"ListItem\",\"position\":4,\"name\":\"WIE KLINGT FRANKFURTER VIELFALT?\"}]},{\"@type\":\"WebSite\",\"@id\":\"https:\/\/freiesschauspiel.de\/#website\",\"url\":\"https:\/\/freiesschauspiel.de\/\",\"name\":\"Freies Schauspiel Ensemble\",\"description\":\"im TITANIA\",\"potentialAction\":[{\"@type\":\"SearchAction\",\"target\":{\"@type\":\"EntryPoint\",\"urlTemplate\":\"https:\/\/freiesschauspiel.de\/?s={search_term_string}\"},\"query-input\":{\"@type\":\"PropertyValueSpecification\",\"valueRequired\":true,\"valueName\":\"search_term_string\"}}],\"inLanguage\":\"en-US\"}]}<\/script>\n<!-- \/ Yoast SEO plugin. -->","yoast_head_json":{"title":"Freies Schauspiel Ensemble - Frankfurter Interkulturelle Wochen - Wie klingt Frankfurter Vielfalt? - 12.11.17","robots":{"index":"index","follow":"follow","max-snippet":"max-snippet:-1","max-image-preview":"max-image-preview:large","max-video-preview":"max-video-preview:-1"},"canonical":"https:\/\/freiesschauspiel.de\/programm\/spielplan\/wie-klingt-frankfurter-vielfalt","og_locale":"en_US","og_type":"article","og_title":"WIE KLINGT FRANKFURTER VIELFALT? - Freies Schauspiel Ensemble","og_url":"https:\/\/freiesschauspiel.de\/programm\/spielplan\/wie-klingt-frankfurter-vielfalt","og_site_name":"Freies Schauspiel Ensemble","article_publisher":"https:\/\/www.facebook.com\/FreiesSchauspielEnsemble\/","article_modified_time":"2018-08-07T07:47:16+00:00","og_image":[{"width":1904,"height":720,"url":"https:\/\/freiesschauspiel.de\/wp-content\/uploads\/2017\/08\/InterkulturelleWochen-e1508503833966.jpg","type":"image\/jpeg"}],"twitter_card":"summary_large_image","twitter_misc":{"Est. reading time":"1 minute"},"schema":{"@context":"https:\/\/schema.org","@graph":[{"@type":"WebPage","@id":"https:\/\/freiesschauspiel.de\/programm\/spielplan\/wie-klingt-frankfurter-vielfalt","url":"https:\/\/freiesschauspiel.de\/programm\/spielplan\/wie-klingt-frankfurter-vielfalt","name":"Freies Schauspiel Ensemble - Frankfurter Interkulturelle Wochen - Wie klingt Frankfurter Vielfalt? - 12.11.17","isPartOf":{"@id":"https:\/\/freiesschauspiel.de\/#website"},"primaryImageOfPage":{"@id":"https:\/\/freiesschauspiel.de\/programm\/spielplan\/wie-klingt-frankfurter-vielfalt#primaryimage"},"image":{"@id":"https:\/\/freiesschauspiel.de\/programm\/spielplan\/wie-klingt-frankfurter-vielfalt#primaryimage"},"thumbnailUrl":"https:\/\/freiesschauspiel.de\/wp-content\/uploads\/2017\/08\/InterkulturelleWochen-e1508503833966.jpg","datePublished":"2017-08-15T07:31:26+00:00","dateModified":"2018-08-07T07:47:16+00:00","breadcrumb":{"@id":"https:\/\/freiesschauspiel.de\/programm\/spielplan\/wie-klingt-frankfurter-vielfalt#breadcrumb"},"inLanguage":"en-US","potentialAction":[{"@type":"ReadAction","target":["https:\/\/freiesschauspiel.de\/programm\/spielplan\/wie-klingt-frankfurter-vielfalt"]}]},{"@type":"ImageObject","inLanguage":"en-US","@id":"https:\/\/freiesschauspiel.de\/programm\/spielplan\/wie-klingt-frankfurter-vielfalt#primaryimage","url":"https:\/\/freiesschauspiel.de\/wp-content\/uploads\/2017\/08\/InterkulturelleWochen-e1508503833966.jpg","contentUrl":"https:\/\/freiesschauspiel.de\/wp-content\/uploads\/2017\/08\/InterkulturelleWochen-e1508503833966.jpg","width":1904,"height":720},{"@type":"BreadcrumbList","@id":"https:\/\/freiesschauspiel.de\/programm\/spielplan\/wie-klingt-frankfurter-vielfalt#breadcrumb","itemListElement":[{"@type":"ListItem","position":1,"name":"Startseite","item":"https:\/\/freiesschauspiel.de\/"},{"@type":"ListItem","position":2,"name":"Programm","item":"https:\/\/freiesschauspiel.de\/programm"},{"@type":"ListItem","position":3,"name":"Spielplan 2025\/26","item":"https:\/\/freiesschauspiel.de\/programm\/spielplan"},{"@type":"ListItem","position":4,"name":"WIE KLINGT FRANKFURTER VIELFALT?"}]},{"@type":"WebSite","@id":"https:\/\/freiesschauspiel.de\/#website","url":"https:\/\/freiesschauspiel.de\/","name":"Freies Schauspiel Ensemble","description":"im TITANIA","potentialAction":[{"@type":"SearchAction","target":{"@type":"EntryPoint","urlTemplate":"https:\/\/freiesschauspiel.de\/?s={search_term_string}"},"query-input":{"@type":"PropertyValueSpecification","valueRequired":true,"valueName":"search_term_string"}}],"inLanguage":"en-US"}]}},"_links":{"self":[{"href":"https:\/\/freiesschauspiel.de\/en\/wp-json\/wp\/v2\/pages\/2694"}],"collection":[{"href":"https:\/\/freiesschauspiel.de\/en\/wp-json\/wp\/v2\/pages"}],"about":[{"href":"https:\/\/freiesschauspiel.de\/en\/wp-json\/wp\/v2\/types\/page"}],"author":[{"embeddable":true,"href":"https:\/\/freiesschauspiel.de\/en\/wp-json\/wp\/v2\/users\/1"}],"replies":[{"embeddable":true,"href":"https:\/\/freiesschauspiel.de\/en\/wp-json\/wp\/v2\/comments?post=2694"}],"version-history":[{"count":10,"href":"https:\/\/freiesschauspiel.de\/en\/wp-json\/wp\/v2\/pages\/2694\/revisions"}],"predecessor-version":[{"id":3980,"href":"https:\/\/freiesschauspiel.de\/en\/wp-json\/wp\/v2\/pages\/2694\/revisions\/3980"}],"up":[{"embeddable":true,"href":"https:\/\/freiesschauspiel.de\/en\/wp-json\/wp\/v2\/pages\/2"}],"wp:featuredmedia":[{"embeddable":true,"href":"https:\/\/freiesschauspiel.de\/en\/wp-json\/wp\/v2\/media\/2911"}],"wp:attachment":[{"href":"https:\/\/freiesschauspiel.de\/en\/wp-json\/wp\/v2\/media?parent=2694"}],"curies":[{"name":"wp","href":"https:\/\/api.w.org\/{rel}","templated":true}]}}