{"id":3537,"date":"2018-02-23T16:13:04","date_gmt":"2018-02-23T14:13:04","guid":{"rendered":"http:\/\/freiesschauspiel.de\/?page_id=3537"},"modified":"2018-12-07T15:11:39","modified_gmt":"2018-12-07T13:11:39","slug":"jazz-im-titania","status":"publish","type":"page","link":"https:\/\/freiesschauspiel.de\/en\/programm\/reihen\/jazz-im-titania","title":{"rendered":"Jazz im TITANIA"},"content":{"rendered":"<p>Seit 2016 l\u00e4dt die <a href=\"http:\/\/jazz-frankfurt.de\">Jazz-Initiative Frankfurt<\/a> in Kooperation mit dem Freien Schauspiel Ensemble mehrmals im Jahr hochkar\u00e4tige Jazz-Ensembles ins TITANIA ein. Start dieser Zusammenarbeit war das 25-j\u00e4hrige Jubil\u00e4um der Jazz-Initiative: Ihr erstes Konzert fand am 31.1.1991 im TITANIA statt. Bisher waren zu Gast:<\/p>\n<p style=\"line-height: 1.1;\">15. Februar 2018<br \/>\n<a href=\"http:\/\/jazz-frankfurt.de\/?p=12216\">FREDERIK K\u00d6STER \/ DIE VERWANDLUNG<\/a><br \/>\nmit Frederik K\u00f6ster, Sebastian Sternal, Joscha Oetz und Jonas Burgwinkel<\/p>\n<p style=\"line-height: 1.1;\">13. Oktober 2017<br \/>\n<a href=\"http:\/\/jazz-frankfurt.de\/?p=11555\">DANIEL ERDMANN TRIO INVITE VINCENT COURTOIS<\/a><br \/>\nmit Daniel Erdmann, Th\u00e9o Ceccaldi, Vincent Courtois, Jim Hart<\/p>\n<p style=\"line-height: 1.1;\">22. Januar 2017<br \/>\n<a href=\"http:\/\/jazz-frankfurt.de\/?p=9727\">JIM BLACK NEW QUARTET<\/a><br \/>\nmit Jim Black, Elias Stemeseder, \u00d3skar Gudj\u00f3nsson, Christopher Tordini<\/p>\n<p style=\"line-height: 1.1;\">27. November 2016<br \/>\n<a href=\"http:\/\/jazz-frankfurt.de\/?p=9241\">JAZZKOREA FESTIVAL 2016<\/a><br \/>\nmit Lee Han-Earl Trio (Hanearl Lee, Hoo Kim, Soo Jin Suh) und EungMin Cho Quartet (EungMin Cho, YongJun Chon, DongHa Shin, DongJin Shin)<\/p>\n<p style=\"line-height: 1.1;\">31. Januar 2016<br \/>\n<a href=\"http:\/\/jazz-frankfurt.de\/?p=8416\">DOPPELKONZERT ZUM JUBIL\u00c4UM DER JAZZ-INITIATIVE<\/a><br \/>\nmit Trio Thomas Cremer \/ Wilson de Oliveira \/ Thomas Stabenow und Manfred Br\u00fcndl,\u00a0Nastja Volokitina, Hugo Read, Rainer B\u00f6hm<\/p>\n<p><strong>VORSCHAU<\/strong><\/p>\n<p style=\"line-height: 1.1;\">31. Januar 2019, 20 Uhr (Karten \u00fcber <a href=\"http:\/\/jazz-frankfurt.de\/\" target=\"_blank\" rel=\"noopener\">jazz-frankfurt.de<\/a> erh\u00e4ltlich)<br \/>\n<a href=\"http:\/\/jazz-frankfurt.de\/?p=15733\">PAUL HELLER &#8211; MARTIN SASSE QUARTET<\/a><br \/>\nmit Paul Heller, Martin Sasse, Martin Gjakonovski, Paul Hochst\u00e4dter<br \/>\nPaul Heller beherrscht sowohl klassische als auch moderne Stile. Auf dem Album Good Times erg\u00e4nzt Paul Heller einen neuen Aspekt; \u201eGood Times\u201c \u201egrooves\u201c heftig. Paul Heller ist WDR-Big-Band-Saxophonist und k\u00fcnstlerischer Leiter des &#8220;Next Level Jazz&#8221; in K\u00f6ln. Ein All-Star-Line-Up wurde f\u00fcr eine energetische dreieinhalbst\u00fcndige Overdub-Session eingeladen. Er schrieb neun Songs f\u00fcr die Gruppe sowie einen Bonus-Track.<\/p>\n","protected":false},"excerpt":{"rendered":"Seit 2016 l\u00e4dt die Jazz-Initiative <a class=\"more-link\" href=\"https:\/\/freiesschauspiel.de\/en\/programm\/reihen\/jazz-im-titania\">(&#8230; mehr)<\/a>","protected":false},"author":1,"featured_media":4508,"parent":116,"menu_order":0,"comment_status":"closed","ping_status":"closed","template":"","meta":{"footnotes":""},"translation":{"provider":"WPGlobus","version":"3.0.0","language":"en","enabled_languages":["de","en"],"languages":{"de":{"title":true,"content":true,"excerpt":false},"en":{"title":false,"content":false,"excerpt":false}}},"yoast_head":"<!-- This site is optimized with the Yoast SEO plugin v23.5 - https:\/\/yoast.com\/wordpress\/plugins\/seo\/ -->\n<title>Freies Schauspiel Ensemble - Reihen - Jazz im TITANIA - Kooperation mit Jazz-Initiative Frankfurt<\/title>\n<meta name=\"robots\" content=\"index, follow, max-snippet:-1, max-image-preview:large, max-video-preview:-1\" \/>\n<link rel=\"canonical\" href=\"https:\/\/freiesschauspiel.de\/programm\/reihen\/jazz-im-titania\" \/>\n<meta property=\"og:locale\" content=\"en_US\" \/>\n<meta property=\"og:type\" content=\"article\" \/>\n<meta property=\"og:title\" content=\"Jazz im TITANIA - Freies Schauspiel Ensemble\" \/>\n<meta property=\"og:url\" content=\"https:\/\/freiesschauspiel.de\/programm\/reihen\/jazz-im-titania\" \/>\n<meta property=\"og:site_name\" content=\"Freies Schauspiel Ensemble\" \/>\n<meta property=\"article:publisher\" content=\"https:\/\/www.facebook.com\/FreiesSchauspielEnsemble\/\" \/>\n<meta property=\"article:modified_time\" content=\"2018-12-07T13:11:39+00:00\" \/>\n<meta property=\"og:image\" content=\"https:\/\/freiesschauspiel.de\/wp-content\/uploads\/2018\/12\/presse_dl_1.jpg\" \/>\n\t<meta property=\"og:image:width\" content=\"1903\" \/>\n\t<meta property=\"og:image:height\" content=\"720\" \/>\n\t<meta property=\"og:image:type\" content=\"image\/jpeg\" \/>\n<meta name=\"twitter:card\" content=\"summary_large_image\" \/>\n<meta name=\"twitter:label1\" content=\"Est. reading time\" \/>\n\t<meta name=\"twitter:data1\" content=\"1 minute\" \/>\n<script type=\"application\/ld+json\" class=\"yoast-schema-graph\">{\"@context\":\"https:\/\/schema.org\",\"@graph\":[{\"@type\":\"WebPage\",\"@id\":\"https:\/\/freiesschauspiel.de\/programm\/reihen\/jazz-im-titania\",\"url\":\"https:\/\/freiesschauspiel.de\/programm\/reihen\/jazz-im-titania\",\"name\":\"Freies Schauspiel Ensemble - Reihen - Jazz im TITANIA - Kooperation mit Jazz-Initiative Frankfurt\",\"isPartOf\":{\"@id\":\"https:\/\/freiesschauspiel.de\/#website\"},\"primaryImageOfPage\":{\"@id\":\"https:\/\/freiesschauspiel.de\/programm\/reihen\/jazz-im-titania#primaryimage\"},\"image\":{\"@id\":\"https:\/\/freiesschauspiel.de\/programm\/reihen\/jazz-im-titania#primaryimage\"},\"thumbnailUrl\":\"https:\/\/freiesschauspiel.de\/wp-content\/uploads\/2018\/12\/presse_dl_1.jpg\",\"datePublished\":\"2018-02-23T14:13:04+00:00\",\"dateModified\":\"2018-12-07T13:11:39+00:00\",\"breadcrumb\":{\"@id\":\"https:\/\/freiesschauspiel.de\/programm\/reihen\/jazz-im-titania#breadcrumb\"},\"inLanguage\":\"en-US\",\"potentialAction\":[{\"@type\":\"ReadAction\",\"target\":[\"https:\/\/freiesschauspiel.de\/programm\/reihen\/jazz-im-titania\"]}]},{\"@type\":\"ImageObject\",\"inLanguage\":\"en-US\",\"@id\":\"https:\/\/freiesschauspiel.de\/programm\/reihen\/jazz-im-titania#primaryimage\",\"url\":\"https:\/\/freiesschauspiel.de\/wp-content\/uploads\/2018\/12\/presse_dl_1.jpg\",\"contentUrl\":\"https:\/\/freiesschauspiel.de\/wp-content\/uploads\/2018\/12\/presse_dl_1.jpg\",\"width\":1903,\"height\":720,\"caption\":\"Foto: Gerhardt Richter\"},{\"@type\":\"BreadcrumbList\",\"@id\":\"https:\/\/freiesschauspiel.de\/programm\/reihen\/jazz-im-titania#breadcrumb\",\"itemListElement\":[{\"@type\":\"ListItem\",\"position\":1,\"name\":\"Startseite\",\"item\":\"https:\/\/freiesschauspiel.de\/\"},{\"@type\":\"ListItem\",\"position\":2,\"name\":\"Programm\",\"item\":\"https:\/\/freiesschauspiel.de\/programm\"},{\"@type\":\"ListItem\",\"position\":3,\"name\":\"Reihen\",\"item\":\"https:\/\/freiesschauspiel.de\/programm\/reihen\"},{\"@type\":\"ListItem\",\"position\":4,\"name\":\"Jazz im TITANIA\"}]},{\"@type\":\"WebSite\",\"@id\":\"https:\/\/freiesschauspiel.de\/#website\",\"url\":\"https:\/\/freiesschauspiel.de\/\",\"name\":\"Freies Schauspiel Ensemble\",\"description\":\"im TITANIA\",\"potentialAction\":[{\"@type\":\"SearchAction\",\"target\":{\"@type\":\"EntryPoint\",\"urlTemplate\":\"https:\/\/freiesschauspiel.de\/?s={search_term_string}\"},\"query-input\":{\"@type\":\"PropertyValueSpecification\",\"valueRequired\":true,\"valueName\":\"search_term_string\"}}],\"inLanguage\":\"en-US\"}]}<\/script>\n<!-- \/ Yoast SEO plugin. -->","yoast_head_json":{"title":"Freies Schauspiel Ensemble - Reihen - Jazz im TITANIA - Kooperation mit Jazz-Initiative Frankfurt","robots":{"index":"index","follow":"follow","max-snippet":"max-snippet:-1","max-image-preview":"max-image-preview:large","max-video-preview":"max-video-preview:-1"},"canonical":"https:\/\/freiesschauspiel.de\/programm\/reihen\/jazz-im-titania","og_locale":"en_US","og_type":"article","og_title":"Jazz im TITANIA - Freies Schauspiel Ensemble","og_url":"https:\/\/freiesschauspiel.de\/programm\/reihen\/jazz-im-titania","og_site_name":"Freies Schauspiel Ensemble","article_publisher":"https:\/\/www.facebook.com\/FreiesSchauspielEnsemble\/","article_modified_time":"2018-12-07T13:11:39+00:00","og_image":[{"width":1903,"height":720,"url":"https:\/\/freiesschauspiel.de\/wp-content\/uploads\/2018\/12\/presse_dl_1.jpg","type":"image\/jpeg"}],"twitter_card":"summary_large_image","twitter_misc":{"Est. reading time":"1 minute"},"schema":{"@context":"https:\/\/schema.org","@graph":[{"@type":"WebPage","@id":"https:\/\/freiesschauspiel.de\/programm\/reihen\/jazz-im-titania","url":"https:\/\/freiesschauspiel.de\/programm\/reihen\/jazz-im-titania","name":"Freies Schauspiel Ensemble - Reihen - Jazz im TITANIA - Kooperation mit Jazz-Initiative Frankfurt","isPartOf":{"@id":"https:\/\/freiesschauspiel.de\/#website"},"primaryImageOfPage":{"@id":"https:\/\/freiesschauspiel.de\/programm\/reihen\/jazz-im-titania#primaryimage"},"image":{"@id":"https:\/\/freiesschauspiel.de\/programm\/reihen\/jazz-im-titania#primaryimage"},"thumbnailUrl":"https:\/\/freiesschauspiel.de\/wp-content\/uploads\/2018\/12\/presse_dl_1.jpg","datePublished":"2018-02-23T14:13:04+00:00","dateModified":"2018-12-07T13:11:39+00:00","breadcrumb":{"@id":"https:\/\/freiesschauspiel.de\/programm\/reihen\/jazz-im-titania#breadcrumb"},"inLanguage":"en-US","potentialAction":[{"@type":"ReadAction","target":["https:\/\/freiesschauspiel.de\/programm\/reihen\/jazz-im-titania"]}]},{"@type":"ImageObject","inLanguage":"en-US","@id":"https:\/\/freiesschauspiel.de\/programm\/reihen\/jazz-im-titania#primaryimage","url":"https:\/\/freiesschauspiel.de\/wp-content\/uploads\/2018\/12\/presse_dl_1.jpg","contentUrl":"https:\/\/freiesschauspiel.de\/wp-content\/uploads\/2018\/12\/presse_dl_1.jpg","width":1903,"height":720,"caption":"Foto: Gerhardt Richter"},{"@type":"BreadcrumbList","@id":"https:\/\/freiesschauspiel.de\/programm\/reihen\/jazz-im-titania#breadcrumb","itemListElement":[{"@type":"ListItem","position":1,"name":"Startseite","item":"https:\/\/freiesschauspiel.de\/"},{"@type":"ListItem","position":2,"name":"Programm","item":"https:\/\/freiesschauspiel.de\/programm"},{"@type":"ListItem","position":3,"name":"Reihen","item":"https:\/\/freiesschauspiel.de\/programm\/reihen"},{"@type":"ListItem","position":4,"name":"Jazz im TITANIA"}]},{"@type":"WebSite","@id":"https:\/\/freiesschauspiel.de\/#website","url":"https:\/\/freiesschauspiel.de\/","name":"Freies Schauspiel Ensemble","description":"im TITANIA","potentialAction":[{"@type":"SearchAction","target":{"@type":"EntryPoint","urlTemplate":"https:\/\/freiesschauspiel.de\/?s={search_term_string}"},"query-input":{"@type":"PropertyValueSpecification","valueRequired":true,"valueName":"search_term_string"}}],"inLanguage":"en-US"}]}},"_links":{"self":[{"href":"https:\/\/freiesschauspiel.de\/en\/wp-json\/wp\/v2\/pages\/3537"}],"collection":[{"href":"https:\/\/freiesschauspiel.de\/en\/wp-json\/wp\/v2\/pages"}],"about":[{"href":"https:\/\/freiesschauspiel.de\/en\/wp-json\/wp\/v2\/types\/page"}],"author":[{"embeddable":true,"href":"https:\/\/freiesschauspiel.de\/en\/wp-json\/wp\/v2\/users\/1"}],"replies":[{"embeddable":true,"href":"https:\/\/freiesschauspiel.de\/en\/wp-json\/wp\/v2\/comments?post=3537"}],"version-history":[{"count":6,"href":"https:\/\/freiesschauspiel.de\/en\/wp-json\/wp\/v2\/pages\/3537\/revisions"}],"predecessor-version":[{"id":4534,"href":"https:\/\/freiesschauspiel.de\/en\/wp-json\/wp\/v2\/pages\/3537\/revisions\/4534"}],"up":[{"embeddable":true,"href":"https:\/\/freiesschauspiel.de\/en\/wp-json\/wp\/v2\/pages\/116"}],"wp:featuredmedia":[{"embeddable":true,"href":"https:\/\/freiesschauspiel.de\/en\/wp-json\/wp\/v2\/media\/4508"}],"wp:attachment":[{"href":"https:\/\/freiesschauspiel.de\/en\/wp-json\/wp\/v2\/media?parent=3537"}],"curies":[{"name":"wp","href":"https:\/\/api.w.org\/{rel}","templated":true}]}}