{"id":38,"date":"2016-06-29T11:00:06","date_gmt":"2016-06-29T11:00:06","guid":{"rendered":"http:\/\/freiesschauspiel.de\/?page_id=38"},"modified":"2026-03-13T17:06:58","modified_gmt":"2026-03-13T15:06:58","slug":"38-2","status":"publish","type":"page","link":"https:\/\/freiesschauspiel.de\/en\/","title":{"rendered":""},"content":{"rendered":"","protected":false},"excerpt":{"rendered":"","protected":false},"author":1,"featured_media":0,"parent":2,"menu_order":4,"comment_status":"closed","ping_status":"closed","template":"","meta":{"footnotes":""},"translation":{"provider":"WPGlobus","version":"3.0.0","language":"en","enabled_languages":["de","en"],"languages":{"de":{"title":false,"content":false,"excerpt":false},"en":{"title":false,"content":false,"excerpt":false}}},"yoast_head":"<!-- This site is optimized with the Yoast SEO plugin v23.5 - https:\/\/yoast.com\/wordpress\/plugins\/seo\/ -->\n<title>Freies Schauspiel Ensemble Frankfurt - TITANIA<\/title>\n<meta name=\"description\" content=\"The Freies Schauspiel Ensemble has been a vital part of Frankfurt\u2019s theatre scene since 1984. The ensemble runs approximately seven different productions throughout the year.\" \/>\n<meta name=\"robots\" content=\"index, follow, max-snippet:-1, max-image-preview:large, max-video-preview:-1\" \/>\n<link rel=\"canonical\" href=\"https:\/\/freiesschauspiel.de\/\" \/>\n<meta property=\"og:locale\" content=\"en_US\" \/>\n<meta property=\"og:type\" content=\"article\" \/>\n<meta property=\"og:title\" content=\"Freies Schauspiel Ensemble Frankfurt - TITANIA\" \/>\n<meta property=\"og:description\" content=\"The Freies Schauspiel Ensemble has been a vital part of Frankfurt\u2019s theatre scene since 1984. The ensemble runs approximately seven different productions throughout the year.\" \/>\n<meta property=\"og:url\" content=\"https:\/\/freiesschauspiel.de\/\" \/>\n<meta property=\"og:site_name\" content=\"Freies Schauspiel Ensemble\" \/>\n<meta property=\"article:publisher\" content=\"https:\/\/www.facebook.com\/FreiesSchauspielEnsemble\/\" \/>\n<meta property=\"article:modified_time\" content=\"2026-03-13T15:06:58+00:00\" \/>\n<meta name=\"twitter:card\" content=\"summary_large_image\" \/>\n<script type=\"application\/ld+json\" class=\"yoast-schema-graph\">{\"@context\":\"https:\/\/schema.org\",\"@graph\":[{\"@type\":\"WebPage\",\"@id\":\"https:\/\/freiesschauspiel.de\/\",\"url\":\"https:\/\/freiesschauspiel.de\/\",\"name\":\"Freies Schauspiel Ensemble Frankfurt - Theater im TITANIA\",\"isPartOf\":{\"@id\":\"https:\/\/freiesschauspiel.de\/#website\"},\"datePublished\":\"2016-06-29T11:00:06+00:00\",\"dateModified\":\"2026-03-13T15:06:58+00:00\",\"description\":\"Freies Theater Ensemble mit breitgef\u00e4chertem Repertoire - seit \u00fcber 30 Jahren in Frankfurt, seit 2010 mit Spielst\u00e4tte im TITANIA Theater Bockenheim.\",\"breadcrumb\":{\"@id\":\"https:\/\/freiesschauspiel.de\/#breadcrumb\"},\"inLanguage\":\"en-US\",\"potentialAction\":[{\"@type\":\"ReadAction\",\"target\":[\"https:\/\/freiesschauspiel.de\/\"]}]},{\"@type\":\"BreadcrumbList\",\"@id\":\"https:\/\/freiesschauspiel.de\/#breadcrumb\",\"itemListElement\":[{\"@type\":\"ListItem\",\"position\":1,\"name\":\"Startseite\",\"item\":\"https:\/\/freiesschauspiel.de\/\"},{\"@type\":\"ListItem\",\"position\":2,\"name\":\"Programm\",\"item\":\"https:\/\/freiesschauspiel.de\/programm\"},{\"@type\":\"ListItem\",\"position\":3,\"name\":\"Spielplan 2025\/26\",\"item\":\"https:\/\/freiesschauspiel.de\/programm\/spielplan\"}]},{\"@type\":\"WebSite\",\"@id\":\"https:\/\/freiesschauspiel.de\/#website\",\"url\":\"https:\/\/freiesschauspiel.de\/\",\"name\":\"Freies Schauspiel Ensemble\",\"description\":\"im TITANIA\",\"potentialAction\":[{\"@type\":\"SearchAction\",\"target\":{\"@type\":\"EntryPoint\",\"urlTemplate\":\"https:\/\/freiesschauspiel.de\/?s={search_term_string}\"},\"query-input\":{\"@type\":\"PropertyValueSpecification\",\"valueRequired\":true,\"valueName\":\"search_term_string\"}}],\"inLanguage\":\"en-US\"}]}<\/script>\n<!-- \/ Yoast SEO plugin. -->","yoast_head_json":{"title":"Freies Schauspiel Ensemble Frankfurt - TITANIA","description":"The Freies Schauspiel Ensemble has been a vital part of Frankfurt\u2019s theatre scene since 1984. The ensemble runs approximately seven different productions throughout the year.","robots":{"index":"index","follow":"follow","max-snippet":"max-snippet:-1","max-image-preview":"max-image-preview:large","max-video-preview":"max-video-preview:-1"},"canonical":"https:\/\/freiesschauspiel.de\/","og_locale":"en_US","og_type":"article","og_title":"Freies Schauspiel Ensemble Frankfurt - TITANIA","og_description":"The Freies Schauspiel Ensemble has been a vital part of Frankfurt\u2019s theatre scene since 1984. The ensemble runs approximately seven different productions throughout the year.","og_url":"https:\/\/freiesschauspiel.de\/","og_site_name":"Freies Schauspiel Ensemble","article_publisher":"https:\/\/www.facebook.com\/FreiesSchauspielEnsemble\/","article_modified_time":"2026-03-13T15:06:58+00:00","twitter_card":"summary_large_image","schema":{"@context":"https:\/\/schema.org","@graph":[{"@type":"WebPage","@id":"https:\/\/freiesschauspiel.de\/","url":"https:\/\/freiesschauspiel.de\/","name":"Freies Schauspiel Ensemble Frankfurt - Theater im TITANIA","isPartOf":{"@id":"https:\/\/freiesschauspiel.de\/#website"},"datePublished":"2016-06-29T11:00:06+00:00","dateModified":"2026-03-13T15:06:58+00:00","description":"Freies Theater Ensemble mit breitgef\u00e4chertem Repertoire - seit \u00fcber 30 Jahren in Frankfurt, seit 2010 mit Spielst\u00e4tte im TITANIA Theater Bockenheim.","breadcrumb":{"@id":"https:\/\/freiesschauspiel.de\/#breadcrumb"},"inLanguage":"en-US","potentialAction":[{"@type":"ReadAction","target":["https:\/\/freiesschauspiel.de\/"]}]},{"@type":"BreadcrumbList","@id":"https:\/\/freiesschauspiel.de\/#breadcrumb","itemListElement":[{"@type":"ListItem","position":1,"name":"Startseite","item":"https:\/\/freiesschauspiel.de\/"},{"@type":"ListItem","position":2,"name":"Programm","item":"https:\/\/freiesschauspiel.de\/programm"},{"@type":"ListItem","position":3,"name":"Spielplan 2025\/26","item":"https:\/\/freiesschauspiel.de\/programm\/spielplan"}]},{"@type":"WebSite","@id":"https:\/\/freiesschauspiel.de\/#website","url":"https:\/\/freiesschauspiel.de\/","name":"Freies Schauspiel Ensemble","description":"im TITANIA","potentialAction":[{"@type":"SearchAction","target":{"@type":"EntryPoint","urlTemplate":"https:\/\/freiesschauspiel.de\/?s={search_term_string}"},"query-input":{"@type":"PropertyValueSpecification","valueRequired":true,"valueName":"search_term_string"}}],"inLanguage":"en-US"}]}},"_links":{"self":[{"href":"https:\/\/freiesschauspiel.de\/en\/wp-json\/wp\/v2\/pages\/38"}],"collection":[{"href":"https:\/\/freiesschauspiel.de\/en\/wp-json\/wp\/v2\/pages"}],"about":[{"href":"https:\/\/freiesschauspiel.de\/en\/wp-json\/wp\/v2\/types\/page"}],"author":[{"embeddable":true,"href":"https:\/\/freiesschauspiel.de\/en\/wp-json\/wp\/v2\/users\/1"}],"replies":[{"embeddable":true,"href":"https:\/\/freiesschauspiel.de\/en\/wp-json\/wp\/v2\/comments?post=38"}],"version-history":[{"count":22,"href":"https:\/\/freiesschauspiel.de\/en\/wp-json\/wp\/v2\/pages\/38\/revisions"}],"predecessor-version":[{"id":7199,"href":"https:\/\/freiesschauspiel.de\/en\/wp-json\/wp\/v2\/pages\/38\/revisions\/7199"}],"up":[{"embeddable":true,"href":"https:\/\/freiesschauspiel.de\/en\/wp-json\/wp\/v2\/pages\/2"}],"wp:attachment":[{"href":"https:\/\/freiesschauspiel.de\/en\/wp-json\/wp\/v2\/media?parent=38"}],"curies":[{"name":"wp","href":"https:\/\/api.w.org\/{rel}","templated":true}]}}