{"id":5379,"date":"2019-09-30T14:34:37","date_gmt":"2019-09-30T12:34:37","guid":{"rendered":"http:\/\/freiesschauspiel.de\/?page_id=5379"},"modified":"2024-07-16T10:38:41","modified_gmt":"2024-07-16T08:38:41","slug":"jana-saxler","status":"publish","type":"page","link":"https:\/\/freiesschauspiel.de\/en\/ensemble\/personen\/jana-saxler","title":{"rendered":"Jana Saxler"},"content":{"rendered":"<div class=\"csRow\">\n<div class=\"csColumnGap\" style=\"margin: 0px; padding: 0px; float: left; width: 1.56%;\"><\/div>\n<div class=\"csColumn\" style=\"margin: 0px; padding: 0px; float: left; width: 24.5%;\" data-csid=\"0a1ec148-29c8-8da6-ba4f-4e43fdd1d02e\" data-cswidth=\"24.5%\" data-csendpoint=\"250.5\" data-csstartpoint=\"15\"><img loading=\"lazy\" decoding=\"async\" class=\"aligncenter wp-image-5380 size-thumbnail\" src=\"http:\/\/freiesschauspiel.de\/wp-content\/uploads\/2019\/09\/Jana-Saxler-236x315.jpg\" alt=\"\" width=\"236\" height=\"315\" \/><\/div>\n<div class=\"csColumnGap\" style=\"margin: 0px; padding: 0px; float: left; width: 3.54%;\"><img decoding=\"async\" src=\"http:\/\/freiesschauspiel.de\/wp-content\/plugins\/advanced-wp-columns\/assets\/js\/plugins\/views\/img\/1x1-pixel.png\" \/><\/div>\n<div class=\"csColumn\" style=\"margin: 0px; padding: 0px; float: left; width: 68.8%;\" data-csid=\"71a82752-7ea4-4139-85ca-dac15ab04676\" data-cswidth=\"68.8%\" data-csendpoint=\"945\" data-csstartpoint=\"284.5\">\n<p>Jana Saxler, 1989 in Frankfurt geboren, studierte Soziale Arbeit in Freiburg und absolvierte dort eine Zusatzausbildung als Theaterp\u00e4dagogin. 2018 schloss sie ihre Schauspielausbildung an der Wiesbadener Schule f\u00fcr Schauspiel ab. W\u00e4hrend ihrer Ausbildung spielte sie in Produktionen der Wiesbadener Schule f\u00fcr Schauspiel und im Weihnachtsm\u00e4rchen am Hessischen Staatstheater Wiesbaden. Ihr Deb\u00fct beim Freien Schauspiel Ensemble hat sie in DIE UNVOLLENDETE.<\/p>\n<p>Zu sehen in:<\/p>\n<p>VOLKSFEINDIN nach Henrik Ibsen<br \/>\nATMEN von Duncan Macmillan<br \/>\n<a href=\"http:\/\/freiesschauspiel.de\/programm\/spielplan\/die-unvollendete\">DIE UNVOLLENDETE<\/a> 1918. Ein St\u00fcck deutsche Revolution<\/p>\n<\/div>\n<div class=\"csColumnGap\" style=\"margin: 0px; padding: 0px; float: left; width: 1.56%;\"><img decoding=\"async\" src=\"http:\/\/freiesschauspiel.de\/wp-content\/plugins\/advanced-wp-columns\/assets\/js\/plugins\/views\/img\/1x1-pixel.png\" \/><\/div>\n<div style=\"clear: both; float: none; display: block; visibility: hidden; width: 0px; font-size: 0px; line-height: 0;\"><\/div>\n<\/div>\n","protected":false},"excerpt":{"rendered":"Jana Saxler, 1989 in Frankfurt <a class=\"more-link\" href=\"https:\/\/freiesschauspiel.de\/en\/ensemble\/personen\/jana-saxler\">(&#8230; mehr)<\/a>","protected":false},"author":1,"featured_media":0,"parent":28,"menu_order":0,"comment_status":"closed","ping_status":"closed","template":"","meta":{"footnotes":""},"translation":{"provider":"WPGlobus","version":"3.0.0","language":"en","enabled_languages":["de","en"],"languages":{"de":{"title":true,"content":true,"excerpt":false},"en":{"title":false,"content":false,"excerpt":false}}},"yoast_head":"<!-- This site is optimized with the Yoast SEO plugin v23.5 - https:\/\/yoast.com\/wordpress\/plugins\/seo\/ -->\n<title>Jana Saxler - Freies Schauspiel Ensemble<\/title>\n<meta name=\"robots\" content=\"index, follow, max-snippet:-1, max-image-preview:large, max-video-preview:-1\" \/>\n<link rel=\"canonical\" href=\"https:\/\/freiesschauspiel.de\/ensemble\/personen\/jana-saxler\" \/>\n<meta property=\"og:locale\" content=\"en_US\" \/>\n<meta property=\"og:type\" content=\"article\" \/>\n<meta property=\"og:title\" content=\"Jana Saxler - Freies Schauspiel Ensemble\" \/>\n<meta property=\"og:url\" content=\"https:\/\/freiesschauspiel.de\/ensemble\/personen\/jana-saxler\" \/>\n<meta property=\"og:site_name\" content=\"Freies Schauspiel Ensemble\" \/>\n<meta property=\"article:publisher\" content=\"https:\/\/www.facebook.com\/FreiesSchauspielEnsemble\/\" \/>\n<meta property=\"article:modified_time\" content=\"2024-07-16T08:38:41+00:00\" \/>\n<meta property=\"og:image\" content=\"http:\/\/freiesschauspiel.de\/wp-content\/uploads\/2019\/09\/Jana-Saxler-236x315.jpg\" \/>\n<meta name=\"twitter:card\" content=\"summary_large_image\" \/>\n<meta name=\"twitter:label1\" content=\"Est. reading time\" \/>\n\t<meta name=\"twitter:data1\" content=\"2 minutes\" \/>\n<script type=\"application\/ld+json\" class=\"yoast-schema-graph\">{\"@context\":\"https:\/\/schema.org\",\"@graph\":[{\"@type\":\"WebPage\",\"@id\":\"https:\/\/freiesschauspiel.de\/ensemble\/personen\/jana-saxler\",\"url\":\"https:\/\/freiesschauspiel.de\/ensemble\/personen\/jana-saxler\",\"name\":\"Jana Saxler - Freies Schauspiel Ensemble\",\"isPartOf\":{\"@id\":\"https:\/\/freiesschauspiel.de\/#website\"},\"primaryImageOfPage\":{\"@id\":\"https:\/\/freiesschauspiel.de\/ensemble\/personen\/jana-saxler#primaryimage\"},\"image\":{\"@id\":\"https:\/\/freiesschauspiel.de\/ensemble\/personen\/jana-saxler#primaryimage\"},\"thumbnailUrl\":\"http:\/\/freiesschauspiel.de\/wp-content\/uploads\/2019\/09\/Jana-Saxler-236x315.jpg\",\"datePublished\":\"2019-09-30T12:34:37+00:00\",\"dateModified\":\"2024-07-16T08:38:41+00:00\",\"breadcrumb\":{\"@id\":\"https:\/\/freiesschauspiel.de\/ensemble\/personen\/jana-saxler#breadcrumb\"},\"inLanguage\":\"en-US\",\"potentialAction\":[{\"@type\":\"ReadAction\",\"target\":[\"https:\/\/freiesschauspiel.de\/ensemble\/personen\/jana-saxler\"]}]},{\"@type\":\"ImageObject\",\"inLanguage\":\"en-US\",\"@id\":\"https:\/\/freiesschauspiel.de\/ensemble\/personen\/jana-saxler#primaryimage\",\"url\":\"http:\/\/freiesschauspiel.de\/wp-content\/uploads\/2019\/09\/Jana-Saxler-236x315.jpg\",\"contentUrl\":\"http:\/\/freiesschauspiel.de\/wp-content\/uploads\/2019\/09\/Jana-Saxler-236x315.jpg\"},{\"@type\":\"BreadcrumbList\",\"@id\":\"https:\/\/freiesschauspiel.de\/ensemble\/personen\/jana-saxler#breadcrumb\",\"itemListElement\":[{\"@type\":\"ListItem\",\"position\":1,\"name\":\"Startseite\",\"item\":\"https:\/\/freiesschauspiel.de\/\"},{\"@type\":\"ListItem\",\"position\":2,\"name\":\"Ensemble\",\"item\":\"https:\/\/freiesschauspiel.de\/ensemble\"},{\"@type\":\"ListItem\",\"position\":3,\"name\":\"Personen\",\"item\":\"https:\/\/freiesschauspiel.de\/ensemble\/personen\"},{\"@type\":\"ListItem\",\"position\":4,\"name\":\"Jana Saxler\"}]},{\"@type\":\"WebSite\",\"@id\":\"https:\/\/freiesschauspiel.de\/#website\",\"url\":\"https:\/\/freiesschauspiel.de\/\",\"name\":\"Freies Schauspiel Ensemble\",\"description\":\"im TITANIA\",\"potentialAction\":[{\"@type\":\"SearchAction\",\"target\":{\"@type\":\"EntryPoint\",\"urlTemplate\":\"https:\/\/freiesschauspiel.de\/?s={search_term_string}\"},\"query-input\":{\"@type\":\"PropertyValueSpecification\",\"valueRequired\":true,\"valueName\":\"search_term_string\"}}],\"inLanguage\":\"en-US\"}]}<\/script>\n<!-- \/ Yoast SEO plugin. -->","yoast_head_json":{"title":"Jana Saxler - Freies Schauspiel Ensemble","robots":{"index":"index","follow":"follow","max-snippet":"max-snippet:-1","max-image-preview":"max-image-preview:large","max-video-preview":"max-video-preview:-1"},"canonical":"https:\/\/freiesschauspiel.de\/ensemble\/personen\/jana-saxler","og_locale":"en_US","og_type":"article","og_title":"Jana Saxler - Freies Schauspiel Ensemble","og_url":"https:\/\/freiesschauspiel.de\/ensemble\/personen\/jana-saxler","og_site_name":"Freies Schauspiel Ensemble","article_publisher":"https:\/\/www.facebook.com\/FreiesSchauspielEnsemble\/","article_modified_time":"2024-07-16T08:38:41+00:00","og_image":[{"url":"http:\/\/freiesschauspiel.de\/wp-content\/uploads\/2019\/09\/Jana-Saxler-236x315.jpg"}],"twitter_card":"summary_large_image","twitter_misc":{"Est. reading time":"2 minutes"},"schema":{"@context":"https:\/\/schema.org","@graph":[{"@type":"WebPage","@id":"https:\/\/freiesschauspiel.de\/ensemble\/personen\/jana-saxler","url":"https:\/\/freiesschauspiel.de\/ensemble\/personen\/jana-saxler","name":"Jana Saxler - Freies Schauspiel Ensemble","isPartOf":{"@id":"https:\/\/freiesschauspiel.de\/#website"},"primaryImageOfPage":{"@id":"https:\/\/freiesschauspiel.de\/ensemble\/personen\/jana-saxler#primaryimage"},"image":{"@id":"https:\/\/freiesschauspiel.de\/ensemble\/personen\/jana-saxler#primaryimage"},"thumbnailUrl":"http:\/\/freiesschauspiel.de\/wp-content\/uploads\/2019\/09\/Jana-Saxler-236x315.jpg","datePublished":"2019-09-30T12:34:37+00:00","dateModified":"2024-07-16T08:38:41+00:00","breadcrumb":{"@id":"https:\/\/freiesschauspiel.de\/ensemble\/personen\/jana-saxler#breadcrumb"},"inLanguage":"en-US","potentialAction":[{"@type":"ReadAction","target":["https:\/\/freiesschauspiel.de\/ensemble\/personen\/jana-saxler"]}]},{"@type":"ImageObject","inLanguage":"en-US","@id":"https:\/\/freiesschauspiel.de\/ensemble\/personen\/jana-saxler#primaryimage","url":"http:\/\/freiesschauspiel.de\/wp-content\/uploads\/2019\/09\/Jana-Saxler-236x315.jpg","contentUrl":"http:\/\/freiesschauspiel.de\/wp-content\/uploads\/2019\/09\/Jana-Saxler-236x315.jpg"},{"@type":"BreadcrumbList","@id":"https:\/\/freiesschauspiel.de\/ensemble\/personen\/jana-saxler#breadcrumb","itemListElement":[{"@type":"ListItem","position":1,"name":"Startseite","item":"https:\/\/freiesschauspiel.de\/"},{"@type":"ListItem","position":2,"name":"Ensemble","item":"https:\/\/freiesschauspiel.de\/ensemble"},{"@type":"ListItem","position":3,"name":"Personen","item":"https:\/\/freiesschauspiel.de\/ensemble\/personen"},{"@type":"ListItem","position":4,"name":"Jana Saxler"}]},{"@type":"WebSite","@id":"https:\/\/freiesschauspiel.de\/#website","url":"https:\/\/freiesschauspiel.de\/","name":"Freies Schauspiel Ensemble","description":"im TITANIA","potentialAction":[{"@type":"SearchAction","target":{"@type":"EntryPoint","urlTemplate":"https:\/\/freiesschauspiel.de\/?s={search_term_string}"},"query-input":{"@type":"PropertyValueSpecification","valueRequired":true,"valueName":"search_term_string"}}],"inLanguage":"en-US"}]}},"_links":{"self":[{"href":"https:\/\/freiesschauspiel.de\/en\/wp-json\/wp\/v2\/pages\/5379"}],"collection":[{"href":"https:\/\/freiesschauspiel.de\/en\/wp-json\/wp\/v2\/pages"}],"about":[{"href":"https:\/\/freiesschauspiel.de\/en\/wp-json\/wp\/v2\/types\/page"}],"author":[{"embeddable":true,"href":"https:\/\/freiesschauspiel.de\/en\/wp-json\/wp\/v2\/users\/1"}],"replies":[{"embeddable":true,"href":"https:\/\/freiesschauspiel.de\/en\/wp-json\/wp\/v2\/comments?post=5379"}],"version-history":[{"count":5,"href":"https:\/\/freiesschauspiel.de\/en\/wp-json\/wp\/v2\/pages\/5379\/revisions"}],"predecessor-version":[{"id":9441,"href":"https:\/\/freiesschauspiel.de\/en\/wp-json\/wp\/v2\/pages\/5379\/revisions\/9441"}],"up":[{"embeddable":true,"href":"https:\/\/freiesschauspiel.de\/en\/wp-json\/wp\/v2\/pages\/28"}],"wp:attachment":[{"href":"https:\/\/freiesschauspiel.de\/en\/wp-json\/wp\/v2\/media?parent=5379"}],"curies":[{"name":"wp","href":"https:\/\/api.w.org\/{rel}","templated":true}]}}