{"id":5391,"date":"2019-10-02T10:02:34","date_gmt":"2019-10-02T08:02:34","guid":{"rendered":"http:\/\/freiesschauspiel.de\/?page_id=5391"},"modified":"2024-07-16T10:27:55","modified_gmt":"2024-07-16T08:27:55","slug":"moritz-buch","status":"publish","type":"page","link":"https:\/\/freiesschauspiel.de\/en\/ensemble\/personen\/moritz-buch","title":{"rendered":"Moritz Buch"},"content":{"rendered":"<div class=\"csRow\">\n<div class=\"csColumnGap\" style=\"margin: 0px; padding: 0px; float: left; width: 1.56%;\"><img decoding=\"async\" src=\"http:\/\/freiesschauspiel.de\/wp-content\/plugins\/advanced-wp-columns\/assets\/js\/plugins\/views\/img\/1x1-pixel.png\" \/><\/div>\n<div class=\"csColumn\" style=\"margin: 0px; padding: 0px; float: left; width: 24.5%;\" data-csid=\"0a1ec148-29c8-8da6-ba4f-4e43fdd1d02e\" data-cswidth=\"24.5%\" data-csendpoint=\"250.5\" data-csstartpoint=\"15\"><img loading=\"lazy\" decoding=\"async\" class=\"aligncenter wp-image-5392 size-thumbnail\" src=\"http:\/\/freiesschauspiel.de\/wp-content\/uploads\/2019\/10\/DSC2573-236x315.jpg\" alt=\"\" width=\"236\" height=\"315\" \/><\/div>\n<div class=\"csColumnGap\" style=\"margin: 0px; padding: 0px; float: left; width: 3.54%;\"><img decoding=\"async\" src=\"http:\/\/freiesschauspiel.de\/wp-content\/plugins\/advanced-wp-columns\/assets\/js\/plugins\/views\/img\/1x1-pixel.png\" \/><\/div>\n<div class=\"csColumn\" style=\"margin: 0px; padding: 0px; float: left; width: 68.8%;\" data-csid=\"71a82752-7ea4-4139-85ca-dac15ab04676\" data-cswidth=\"68.8%\" data-csendpoint=\"945\" data-csstartpoint=\"284.5\">\n<p>Moritz Buch erhielt seine B\u00fchnenreife 2017 an der Schauspielschule Mainz. Schon w\u00e4hrend seiner Ausbildung gastierte er an diversen B\u00fchnen, wie dem Hessischen Staatstheater Wiesbaden, wo er unter anderem mit Nicolas Brieger (\u201eHamlet\u201c) und Uwe Eric Laufenberg (\u201eDr. med. Hiob Pr\u00e4torius\u201c) zusammenarbeitete. Neben seiner T\u00e4tigkeit als freier Schauspieler studiert er an der Johannes-Gutenberg-Universit\u00e4t Mainz Filmwissenschaften und Publizistik und experimentiert als Filmschaffender, Musiker und Performer mit verschiedenen k\u00fcnstlerischen Konzepten. In DIE UNVOLLENDETE ist er zum ersten Mal beim Freien Schauspiel Ensemble zu sehen gewesen.<\/p>\n<p>Zu sehen in:<br \/>\nHAMLET von William Shakespeare<br \/>\nFINSTERNIS von Davide Enia<br \/>\nATMEN von Duncan Macmillan<br \/>\nRITUALE nach dem gleichnamigen Roman von Cees Nooteboom<br \/>\nDIE UNVOLLENDETE 1918. Ein St\u00fcck deutsche Revolution<\/p>\n<\/div>\n<\/div>\n","protected":false},"excerpt":{"rendered":"Moritz Buch erhielt seine B\u00fchnenreife <a class=\"more-link\" href=\"https:\/\/freiesschauspiel.de\/en\/ensemble\/personen\/moritz-buch\">(&#8230; mehr)<\/a>","protected":false},"author":1,"featured_media":0,"parent":28,"menu_order":0,"comment_status":"closed","ping_status":"closed","template":"","meta":{"footnotes":""},"translation":{"provider":"WPGlobus","version":"3.0.0","language":"en","enabled_languages":["de","en"],"languages":{"de":{"title":true,"content":true,"excerpt":false},"en":{"title":false,"content":false,"excerpt":false}}},"yoast_head":"<!-- This site is optimized with the Yoast SEO plugin v23.5 - https:\/\/yoast.com\/wordpress\/plugins\/seo\/ -->\n<title>Moritz Buch - Freies Schauspiel Ensemble<\/title>\n<meta name=\"robots\" content=\"index, follow, max-snippet:-1, max-image-preview:large, max-video-preview:-1\" \/>\n<link rel=\"canonical\" href=\"https:\/\/freiesschauspiel.de\/ensemble\/personen\/moritz-buch\" \/>\n<meta property=\"og:locale\" content=\"en_US\" \/>\n<meta property=\"og:type\" content=\"article\" \/>\n<meta property=\"og:title\" content=\"Moritz Buch - Freies Schauspiel Ensemble\" \/>\n<meta property=\"og:url\" content=\"https:\/\/freiesschauspiel.de\/ensemble\/personen\/moritz-buch\" \/>\n<meta property=\"og:site_name\" content=\"Freies Schauspiel Ensemble\" \/>\n<meta property=\"article:publisher\" content=\"https:\/\/www.facebook.com\/FreiesSchauspielEnsemble\/\" \/>\n<meta property=\"article:modified_time\" content=\"2024-07-16T08:27:55+00:00\" \/>\n<meta property=\"og:image\" content=\"http:\/\/freiesschauspiel.de\/wp-content\/plugins\/advanced-wp-columns\/assets\/js\/plugins\/views\/img\/1x1-pixel.png\" \/>\n<meta name=\"twitter:card\" content=\"summary_large_image\" \/>\n<meta name=\"twitter:label1\" content=\"Est. reading time\" \/>\n\t<meta name=\"twitter:data1\" content=\"2 minutes\" \/>\n<script type=\"application\/ld+json\" class=\"yoast-schema-graph\">{\"@context\":\"https:\/\/schema.org\",\"@graph\":[{\"@type\":\"WebPage\",\"@id\":\"https:\/\/freiesschauspiel.de\/ensemble\/personen\/moritz-buch\",\"url\":\"https:\/\/freiesschauspiel.de\/ensemble\/personen\/moritz-buch\",\"name\":\"Moritz Buch - Freies Schauspiel Ensemble\",\"isPartOf\":{\"@id\":\"https:\/\/freiesschauspiel.de\/#website\"},\"primaryImageOfPage\":{\"@id\":\"https:\/\/freiesschauspiel.de\/ensemble\/personen\/moritz-buch#primaryimage\"},\"image\":{\"@id\":\"https:\/\/freiesschauspiel.de\/ensemble\/personen\/moritz-buch#primaryimage\"},\"thumbnailUrl\":\"http:\/\/freiesschauspiel.de\/wp-content\/plugins\/advanced-wp-columns\/assets\/js\/plugins\/views\/img\/1x1-pixel.png\",\"datePublished\":\"2019-10-02T08:02:34+00:00\",\"dateModified\":\"2024-07-16T08:27:55+00:00\",\"breadcrumb\":{\"@id\":\"https:\/\/freiesschauspiel.de\/ensemble\/personen\/moritz-buch#breadcrumb\"},\"inLanguage\":\"en-US\",\"potentialAction\":[{\"@type\":\"ReadAction\",\"target\":[\"https:\/\/freiesschauspiel.de\/ensemble\/personen\/moritz-buch\"]}]},{\"@type\":\"ImageObject\",\"inLanguage\":\"en-US\",\"@id\":\"https:\/\/freiesschauspiel.de\/ensemble\/personen\/moritz-buch#primaryimage\",\"url\":\"http:\/\/freiesschauspiel.de\/wp-content\/plugins\/advanced-wp-columns\/assets\/js\/plugins\/views\/img\/1x1-pixel.png\",\"contentUrl\":\"http:\/\/freiesschauspiel.de\/wp-content\/plugins\/advanced-wp-columns\/assets\/js\/plugins\/views\/img\/1x1-pixel.png\"},{\"@type\":\"BreadcrumbList\",\"@id\":\"https:\/\/freiesschauspiel.de\/ensemble\/personen\/moritz-buch#breadcrumb\",\"itemListElement\":[{\"@type\":\"ListItem\",\"position\":1,\"name\":\"Startseite\",\"item\":\"https:\/\/freiesschauspiel.de\/\"},{\"@type\":\"ListItem\",\"position\":2,\"name\":\"Ensemble\",\"item\":\"https:\/\/freiesschauspiel.de\/ensemble\"},{\"@type\":\"ListItem\",\"position\":3,\"name\":\"Personen\",\"item\":\"https:\/\/freiesschauspiel.de\/ensemble\/personen\"},{\"@type\":\"ListItem\",\"position\":4,\"name\":\"Moritz Buch\"}]},{\"@type\":\"WebSite\",\"@id\":\"https:\/\/freiesschauspiel.de\/#website\",\"url\":\"https:\/\/freiesschauspiel.de\/\",\"name\":\"Freies Schauspiel Ensemble\",\"description\":\"im TITANIA\",\"potentialAction\":[{\"@type\":\"SearchAction\",\"target\":{\"@type\":\"EntryPoint\",\"urlTemplate\":\"https:\/\/freiesschauspiel.de\/?s={search_term_string}\"},\"query-input\":{\"@type\":\"PropertyValueSpecification\",\"valueRequired\":true,\"valueName\":\"search_term_string\"}}],\"inLanguage\":\"en-US\"}]}<\/script>\n<!-- \/ Yoast SEO plugin. -->","yoast_head_json":{"title":"Moritz Buch - Freies Schauspiel Ensemble","robots":{"index":"index","follow":"follow","max-snippet":"max-snippet:-1","max-image-preview":"max-image-preview:large","max-video-preview":"max-video-preview:-1"},"canonical":"https:\/\/freiesschauspiel.de\/ensemble\/personen\/moritz-buch","og_locale":"en_US","og_type":"article","og_title":"Moritz Buch - Freies Schauspiel Ensemble","og_url":"https:\/\/freiesschauspiel.de\/ensemble\/personen\/moritz-buch","og_site_name":"Freies Schauspiel Ensemble","article_publisher":"https:\/\/www.facebook.com\/FreiesSchauspielEnsemble\/","article_modified_time":"2024-07-16T08:27:55+00:00","og_image":[{"url":"http:\/\/freiesschauspiel.de\/wp-content\/plugins\/advanced-wp-columns\/assets\/js\/plugins\/views\/img\/1x1-pixel.png"}],"twitter_card":"summary_large_image","twitter_misc":{"Est. reading time":"2 minutes"},"schema":{"@context":"https:\/\/schema.org","@graph":[{"@type":"WebPage","@id":"https:\/\/freiesschauspiel.de\/ensemble\/personen\/moritz-buch","url":"https:\/\/freiesschauspiel.de\/ensemble\/personen\/moritz-buch","name":"Moritz Buch - Freies Schauspiel Ensemble","isPartOf":{"@id":"https:\/\/freiesschauspiel.de\/#website"},"primaryImageOfPage":{"@id":"https:\/\/freiesschauspiel.de\/ensemble\/personen\/moritz-buch#primaryimage"},"image":{"@id":"https:\/\/freiesschauspiel.de\/ensemble\/personen\/moritz-buch#primaryimage"},"thumbnailUrl":"http:\/\/freiesschauspiel.de\/wp-content\/plugins\/advanced-wp-columns\/assets\/js\/plugins\/views\/img\/1x1-pixel.png","datePublished":"2019-10-02T08:02:34+00:00","dateModified":"2024-07-16T08:27:55+00:00","breadcrumb":{"@id":"https:\/\/freiesschauspiel.de\/ensemble\/personen\/moritz-buch#breadcrumb"},"inLanguage":"en-US","potentialAction":[{"@type":"ReadAction","target":["https:\/\/freiesschauspiel.de\/ensemble\/personen\/moritz-buch"]}]},{"@type":"ImageObject","inLanguage":"en-US","@id":"https:\/\/freiesschauspiel.de\/ensemble\/personen\/moritz-buch#primaryimage","url":"http:\/\/freiesschauspiel.de\/wp-content\/plugins\/advanced-wp-columns\/assets\/js\/plugins\/views\/img\/1x1-pixel.png","contentUrl":"http:\/\/freiesschauspiel.de\/wp-content\/plugins\/advanced-wp-columns\/assets\/js\/plugins\/views\/img\/1x1-pixel.png"},{"@type":"BreadcrumbList","@id":"https:\/\/freiesschauspiel.de\/ensemble\/personen\/moritz-buch#breadcrumb","itemListElement":[{"@type":"ListItem","position":1,"name":"Startseite","item":"https:\/\/freiesschauspiel.de\/"},{"@type":"ListItem","position":2,"name":"Ensemble","item":"https:\/\/freiesschauspiel.de\/ensemble"},{"@type":"ListItem","position":3,"name":"Personen","item":"https:\/\/freiesschauspiel.de\/ensemble\/personen"},{"@type":"ListItem","position":4,"name":"Moritz Buch"}]},{"@type":"WebSite","@id":"https:\/\/freiesschauspiel.de\/#website","url":"https:\/\/freiesschauspiel.de\/","name":"Freies Schauspiel Ensemble","description":"im TITANIA","potentialAction":[{"@type":"SearchAction","target":{"@type":"EntryPoint","urlTemplate":"https:\/\/freiesschauspiel.de\/?s={search_term_string}"},"query-input":{"@type":"PropertyValueSpecification","valueRequired":true,"valueName":"search_term_string"}}],"inLanguage":"en-US"}]}},"_links":{"self":[{"href":"https:\/\/freiesschauspiel.de\/en\/wp-json\/wp\/v2\/pages\/5391"}],"collection":[{"href":"https:\/\/freiesschauspiel.de\/en\/wp-json\/wp\/v2\/pages"}],"about":[{"href":"https:\/\/freiesschauspiel.de\/en\/wp-json\/wp\/v2\/types\/page"}],"author":[{"embeddable":true,"href":"https:\/\/freiesschauspiel.de\/en\/wp-json\/wp\/v2\/users\/1"}],"replies":[{"embeddable":true,"href":"https:\/\/freiesschauspiel.de\/en\/wp-json\/wp\/v2\/comments?post=5391"}],"version-history":[{"count":8,"href":"https:\/\/freiesschauspiel.de\/en\/wp-json\/wp\/v2\/pages\/5391\/revisions"}],"predecessor-version":[{"id":9440,"href":"https:\/\/freiesschauspiel.de\/en\/wp-json\/wp\/v2\/pages\/5391\/revisions\/9440"}],"up":[{"embeddable":true,"href":"https:\/\/freiesschauspiel.de\/en\/wp-json\/wp\/v2\/pages\/28"}],"wp:attachment":[{"href":"https:\/\/freiesschauspiel.de\/en\/wp-json\/wp\/v2\/media?parent=5391"}],"curies":[{"name":"wp","href":"https:\/\/api.w.org\/{rel}","templated":true}]}}