{"id":5518,"date":"2019-10-30T15:38:34","date_gmt":"2019-10-30T13:38:34","guid":{"rendered":"http:\/\/freiesschauspiel.de\/?page_id=5518"},"modified":"2019-11-01T12:42:38","modified_gmt":"2019-11-01T10:42:38","slug":"pressestimmen","status":"publish","type":"page","link":"https:\/\/freiesschauspiel.de\/en\/programm\/spielplan\/die-unvollendete\/pressestimmen","title":{"rendered":"Pressestimmen &#8211; DIE UNVOLLENDETE"},"content":{"rendered":"<p style=\"text-align: left;\"><strong>Astrid Biesemeier, Frankfurter Neue Presse (21. Oktober 2019)<\/strong><br \/>\n&#8220;Reinhard Hinzpeter und das Freie Schauspiel-Ensemble begeben sich in &#8216;Die Unvollendete&#8217; auf die Spuren und K\u00e4mpfe einer gescheiterten Utopie [&#8230;] eine tolle Leistung, die auf jeden Fall das Interesse f\u00fcr dieses eher unvertraute Kapitel deutscher Geschichte weckt. Und manche Forderungen, Entt\u00e4uschungen, Hoffnungen, Vorw\u00fcrfe, \u00c4ngste k\u00f6nnten so oder so \u00e4hnlich auch heute ge\u00e4u\u00dfert werden. Das ist alles gar nicht so weit weg.&#8221;<\/p>\n<p style=\"text-align: left;\"><strong>Katrin Swoboda, Strandgut Kulturmagazin (November 2019)<\/strong><br \/>\n&#8220;Unvollendet blieb [&#8230;] die Revolution in Deutschland vor 100 Jahren. Ihre Geschichte wird bis heute jedoch weitgehend ausgeblendet, verzerrt, einseitig dargestell. Umso verdienstvoller, wenn sich nun das Freie Schauspiel Ensemble unter der Regie von Reinhard Hinzpeter daran macht, diesen Versuch der Umgestaltung der Gesellschaft auf die B\u00fchne zu bringen [&#8230;]. Was w\u00e4re, wenn &#8230; dies alles gelungen w\u00e4re? H\u00e4tte Hitler vermieden werden k\u00f6nnen? Keine Antwort auf unstellbare Fragen &#8230; Doch anders w\u00e4re die Geschichte schon verlaufen. Eine allzu notwendige Auseinandersetzung: nicht nur f\u00fcr Schulklassen!!!&#8221;<\/p>\n","protected":false},"excerpt":{"rendered":"Astrid Biesemeier, Frankfurter Neue Presse <a class=\"more-link\" href=\"https:\/\/freiesschauspiel.de\/en\/programm\/spielplan\/die-unvollendete\/pressestimmen\">(&#8230; mehr)<\/a>","protected":false},"author":1,"featured_media":0,"parent":5265,"menu_order":0,"comment_status":"closed","ping_status":"closed","template":"","meta":{"footnotes":""},"translation":{"provider":"WPGlobus","version":"3.0.0","language":"en","enabled_languages":["de","en"],"languages":{"de":{"title":true,"content":true,"excerpt":false},"en":{"title":false,"content":false,"excerpt":false}}},"yoast_head":"<!-- This site is optimized with the Yoast SEO plugin v23.5 - https:\/\/yoast.com\/wordpress\/plugins\/seo\/ -->\n<title>Pressestimmen - DIE UNVOLLENDETE - Freies Schauspiel Ensemble<\/title>\n<meta name=\"robots\" content=\"index, follow, max-snippet:-1, max-image-preview:large, max-video-preview:-1\" \/>\n<link rel=\"canonical\" href=\"https:\/\/freiesschauspiel.de\/programm\/spielplan\/die-unvollendete\/pressestimmen\" \/>\n<meta property=\"og:locale\" content=\"en_US\" \/>\n<meta property=\"og:type\" content=\"article\" \/>\n<meta property=\"og:title\" content=\"Pressestimmen - DIE UNVOLLENDETE - Freies Schauspiel Ensemble\" \/>\n<meta property=\"og:url\" content=\"https:\/\/freiesschauspiel.de\/programm\/spielplan\/die-unvollendete\/pressestimmen\" \/>\n<meta property=\"og:site_name\" content=\"Freies Schauspiel Ensemble\" \/>\n<meta property=\"article:publisher\" content=\"https:\/\/www.facebook.com\/FreiesSchauspielEnsemble\/\" \/>\n<meta property=\"article:modified_time\" content=\"2019-11-01T10:42:38+00:00\" \/>\n<meta name=\"twitter:card\" content=\"summary_large_image\" \/>\n<meta name=\"twitter:label1\" content=\"Est. reading time\" \/>\n\t<meta name=\"twitter:data1\" content=\"1 minute\" \/>\n<script type=\"application\/ld+json\" class=\"yoast-schema-graph\">{\"@context\":\"https:\/\/schema.org\",\"@graph\":[{\"@type\":\"WebPage\",\"@id\":\"https:\/\/freiesschauspiel.de\/programm\/spielplan\/die-unvollendete\/pressestimmen\",\"url\":\"https:\/\/freiesschauspiel.de\/programm\/spielplan\/die-unvollendete\/pressestimmen\",\"name\":\"Pressestimmen - DIE UNVOLLENDETE - Freies Schauspiel Ensemble\",\"isPartOf\":{\"@id\":\"https:\/\/freiesschauspiel.de\/#website\"},\"datePublished\":\"2019-10-30T13:38:34+00:00\",\"dateModified\":\"2019-11-01T10:42:38+00:00\",\"breadcrumb\":{\"@id\":\"https:\/\/freiesschauspiel.de\/programm\/spielplan\/die-unvollendete\/pressestimmen#breadcrumb\"},\"inLanguage\":\"en-US\",\"potentialAction\":[{\"@type\":\"ReadAction\",\"target\":[\"https:\/\/freiesschauspiel.de\/programm\/spielplan\/die-unvollendete\/pressestimmen\"]}]},{\"@type\":\"BreadcrumbList\",\"@id\":\"https:\/\/freiesschauspiel.de\/programm\/spielplan\/die-unvollendete\/pressestimmen#breadcrumb\",\"itemListElement\":[{\"@type\":\"ListItem\",\"position\":1,\"name\":\"Startseite\",\"item\":\"https:\/\/freiesschauspiel.de\/\"},{\"@type\":\"ListItem\",\"position\":2,\"name\":\"Programm\",\"item\":\"https:\/\/freiesschauspiel.de\/programm\"},{\"@type\":\"ListItem\",\"position\":3,\"name\":\"Spielplan 2025\/26\",\"item\":\"https:\/\/freiesschauspiel.de\/programm\/spielplan\"},{\"@type\":\"ListItem\",\"position\":4,\"name\":\"THE UNCOMPLETED\",\"item\":\"https:\/\/freiesschauspiel.de\/en\/programm\/spielplan\/die-unvollendete\"},{\"@type\":\"ListItem\",\"position\":5,\"name\":\"Pressestimmen &#8211; DIE UNVOLLENDETE\"}]},{\"@type\":\"WebSite\",\"@id\":\"https:\/\/freiesschauspiel.de\/#website\",\"url\":\"https:\/\/freiesschauspiel.de\/\",\"name\":\"Freies Schauspiel Ensemble\",\"description\":\"im TITANIA\",\"potentialAction\":[{\"@type\":\"SearchAction\",\"target\":{\"@type\":\"EntryPoint\",\"urlTemplate\":\"https:\/\/freiesschauspiel.de\/?s={search_term_string}\"},\"query-input\":{\"@type\":\"PropertyValueSpecification\",\"valueRequired\":true,\"valueName\":\"search_term_string\"}}],\"inLanguage\":\"en-US\"}]}<\/script>\n<!-- \/ Yoast SEO plugin. -->","yoast_head_json":{"title":"Pressestimmen - DIE UNVOLLENDETE - Freies Schauspiel Ensemble","robots":{"index":"index","follow":"follow","max-snippet":"max-snippet:-1","max-image-preview":"max-image-preview:large","max-video-preview":"max-video-preview:-1"},"canonical":"https:\/\/freiesschauspiel.de\/programm\/spielplan\/die-unvollendete\/pressestimmen","og_locale":"en_US","og_type":"article","og_title":"Pressestimmen - DIE UNVOLLENDETE - Freies Schauspiel Ensemble","og_url":"https:\/\/freiesschauspiel.de\/programm\/spielplan\/die-unvollendete\/pressestimmen","og_site_name":"Freies Schauspiel Ensemble","article_publisher":"https:\/\/www.facebook.com\/FreiesSchauspielEnsemble\/","article_modified_time":"2019-11-01T10:42:38+00:00","twitter_card":"summary_large_image","twitter_misc":{"Est. reading time":"1 minute"},"schema":{"@context":"https:\/\/schema.org","@graph":[{"@type":"WebPage","@id":"https:\/\/freiesschauspiel.de\/programm\/spielplan\/die-unvollendete\/pressestimmen","url":"https:\/\/freiesschauspiel.de\/programm\/spielplan\/die-unvollendete\/pressestimmen","name":"Pressestimmen - DIE UNVOLLENDETE - Freies Schauspiel Ensemble","isPartOf":{"@id":"https:\/\/freiesschauspiel.de\/#website"},"datePublished":"2019-10-30T13:38:34+00:00","dateModified":"2019-11-01T10:42:38+00:00","breadcrumb":{"@id":"https:\/\/freiesschauspiel.de\/programm\/spielplan\/die-unvollendete\/pressestimmen#breadcrumb"},"inLanguage":"en-US","potentialAction":[{"@type":"ReadAction","target":["https:\/\/freiesschauspiel.de\/programm\/spielplan\/die-unvollendete\/pressestimmen"]}]},{"@type":"BreadcrumbList","@id":"https:\/\/freiesschauspiel.de\/programm\/spielplan\/die-unvollendete\/pressestimmen#breadcrumb","itemListElement":[{"@type":"ListItem","position":1,"name":"Startseite","item":"https:\/\/freiesschauspiel.de\/"},{"@type":"ListItem","position":2,"name":"Programm","item":"https:\/\/freiesschauspiel.de\/programm"},{"@type":"ListItem","position":3,"name":"Spielplan 2025\/26","item":"https:\/\/freiesschauspiel.de\/programm\/spielplan"},{"@type":"ListItem","position":4,"name":"THE UNCOMPLETED","item":"https:\/\/freiesschauspiel.de\/en\/programm\/spielplan\/die-unvollendete"},{"@type":"ListItem","position":5,"name":"Pressestimmen &#8211; DIE UNVOLLENDETE"}]},{"@type":"WebSite","@id":"https:\/\/freiesschauspiel.de\/#website","url":"https:\/\/freiesschauspiel.de\/","name":"Freies Schauspiel Ensemble","description":"im TITANIA","potentialAction":[{"@type":"SearchAction","target":{"@type":"EntryPoint","urlTemplate":"https:\/\/freiesschauspiel.de\/?s={search_term_string}"},"query-input":{"@type":"PropertyValueSpecification","valueRequired":true,"valueName":"search_term_string"}}],"inLanguage":"en-US"}]}},"_links":{"self":[{"href":"https:\/\/freiesschauspiel.de\/en\/wp-json\/wp\/v2\/pages\/5518"}],"collection":[{"href":"https:\/\/freiesschauspiel.de\/en\/wp-json\/wp\/v2\/pages"}],"about":[{"href":"https:\/\/freiesschauspiel.de\/en\/wp-json\/wp\/v2\/types\/page"}],"author":[{"embeddable":true,"href":"https:\/\/freiesschauspiel.de\/en\/wp-json\/wp\/v2\/users\/1"}],"replies":[{"embeddable":true,"href":"https:\/\/freiesschauspiel.de\/en\/wp-json\/wp\/v2\/comments?post=5518"}],"version-history":[{"count":2,"href":"https:\/\/freiesschauspiel.de\/en\/wp-json\/wp\/v2\/pages\/5518\/revisions"}],"predecessor-version":[{"id":5520,"href":"https:\/\/freiesschauspiel.de\/en\/wp-json\/wp\/v2\/pages\/5518\/revisions\/5520"}],"up":[{"embeddable":true,"href":"https:\/\/freiesschauspiel.de\/en\/wp-json\/wp\/v2\/pages\/5265"}],"wp:attachment":[{"href":"https:\/\/freiesschauspiel.de\/en\/wp-json\/wp\/v2\/media?parent=5518"}],"curies":[{"name":"wp","href":"https:\/\/api.w.org\/{rel}","templated":true}]}}