{"id":6428,"date":"2020-09-30T12:11:05","date_gmt":"2020-09-30T10:11:05","guid":{"rendered":"http:\/\/freiesschauspiel.de\/?page_id=6428"},"modified":"2020-10-01T14:20:06","modified_gmt":"2020-10-01T12:20:06","slug":"pressestimmen","status":"publish","type":"page","link":"https:\/\/freiesschauspiel.de\/en\/programm\/spielplan\/atmen\/pressestimmen","title":{"rendered":"Pressestimmen ATMEN"},"content":{"rendered":"<p><strong>Claudia Sch\u00fclke, Frankfurter Allgemeine Zeitung (26. September 2020)<\/strong><br \/>\n\u201eEin gelungener Theaterabend. [&#8230;] Moritz Buch als sanfter Bauchmensch, der alles richtig machen will und doch bedenkenlos so viel falsch macht, weckt Sympathien. Jana Saxler, die als Wissenschaftlerin die Welt retten will, weckt Antipathien mit der moralischen Verzicktheit ihrer Figur. Dabei ist ihre \u201eFrau\u201c der facettenreichere Charakter, und die Schauspielerin wird dieser Komplexit\u00e4t auch gerecht. [&#8230;] [Die beiden machen] ihre Sache so gut, dass man sie sich besser nicht h\u00e4tte vorstellen k\u00f6nnen.\u201c<\/p>\n<p><strong>Marcus Hladek, Frankfurter Rundschau (21. September 2020)<\/strong><br \/>\n\u201eEine h\u00fcbsche Bio-Liebesgeschichte [&#8230;]. Er gutherzig und instinktgesteuert, Sie intellektuell und ein bi\u00dfchen bitchy.\u201c<\/p>\n<p><strong>Katrin Swoboda, Strandgut Kulturmagazin (Oktober 2020)<\/strong><br \/>\n\u201e[&#8230;] schauspielerisch gekonnt [&#8230;], flott und einpr\u00e4gsam inszeniert[,] [&#8230;] kann dieser Abend im Titania mit gro\u00dfem Gewinn erlebt werden.\u201c<\/p>\n","protected":false},"excerpt":{"rendered":"Claudia Sch\u00fclke, Frankfurter Allgemeine Zeitung <a class=\"more-link\" href=\"https:\/\/freiesschauspiel.de\/en\/programm\/spielplan\/atmen\/pressestimmen\">(&#8230; mehr)<\/a>","protected":false},"author":1,"featured_media":0,"parent":5972,"menu_order":0,"comment_status":"closed","ping_status":"closed","template":"","meta":{"footnotes":""},"translation":{"provider":"WPGlobus","version":"3.0.0","language":"en","enabled_languages":["de","en"],"languages":{"de":{"title":true,"content":true,"excerpt":false},"en":{"title":false,"content":false,"excerpt":false}}},"yoast_head":"<!-- This site is optimized with the Yoast SEO plugin v23.5 - https:\/\/yoast.com\/wordpress\/plugins\/seo\/ -->\n<title>Pressestimmen ATMEN - Freies Schauspiel Ensemble<\/title>\n<meta name=\"robots\" content=\"index, follow, max-snippet:-1, max-image-preview:large, max-video-preview:-1\" \/>\n<link rel=\"canonical\" href=\"https:\/\/freiesschauspiel.de\/programm\/spielplan\/atmen\/pressestimmen\" \/>\n<meta property=\"og:locale\" content=\"en_US\" \/>\n<meta property=\"og:type\" content=\"article\" \/>\n<meta property=\"og:title\" content=\"Pressestimmen ATMEN - Freies Schauspiel Ensemble\" \/>\n<meta property=\"og:url\" content=\"https:\/\/freiesschauspiel.de\/programm\/spielplan\/atmen\/pressestimmen\" \/>\n<meta property=\"og:site_name\" content=\"Freies Schauspiel Ensemble\" \/>\n<meta property=\"article:publisher\" content=\"https:\/\/www.facebook.com\/FreiesSchauspielEnsemble\/\" \/>\n<meta property=\"article:modified_time\" content=\"2020-10-01T12:20:06+00:00\" \/>\n<meta name=\"twitter:card\" content=\"summary_large_image\" \/>\n<meta name=\"twitter:label1\" content=\"Est. reading time\" \/>\n\t<meta name=\"twitter:data1\" content=\"1 minute\" \/>\n<script type=\"application\/ld+json\" class=\"yoast-schema-graph\">{\"@context\":\"https:\/\/schema.org\",\"@graph\":[{\"@type\":\"WebPage\",\"@id\":\"https:\/\/freiesschauspiel.de\/programm\/spielplan\/atmen\/pressestimmen\",\"url\":\"https:\/\/freiesschauspiel.de\/programm\/spielplan\/atmen\/pressestimmen\",\"name\":\"Pressestimmen ATMEN - Freies Schauspiel Ensemble\",\"isPartOf\":{\"@id\":\"https:\/\/freiesschauspiel.de\/#website\"},\"datePublished\":\"2020-09-30T10:11:05+00:00\",\"dateModified\":\"2020-10-01T12:20:06+00:00\",\"breadcrumb\":{\"@id\":\"https:\/\/freiesschauspiel.de\/programm\/spielplan\/atmen\/pressestimmen#breadcrumb\"},\"inLanguage\":\"en-US\",\"potentialAction\":[{\"@type\":\"ReadAction\",\"target\":[\"https:\/\/freiesschauspiel.de\/programm\/spielplan\/atmen\/pressestimmen\"]}]},{\"@type\":\"BreadcrumbList\",\"@id\":\"https:\/\/freiesschauspiel.de\/programm\/spielplan\/atmen\/pressestimmen#breadcrumb\",\"itemListElement\":[{\"@type\":\"ListItem\",\"position\":1,\"name\":\"Startseite\",\"item\":\"https:\/\/freiesschauspiel.de\/\"},{\"@type\":\"ListItem\",\"position\":2,\"name\":\"Programm\",\"item\":\"https:\/\/freiesschauspiel.de\/programm\"},{\"@type\":\"ListItem\",\"position\":3,\"name\":\"Spielplan 2025\/26\",\"item\":\"https:\/\/freiesschauspiel.de\/programm\/spielplan\"},{\"@type\":\"ListItem\",\"position\":4,\"name\":\"ATMEN\",\"item\":\"https:\/\/freiesschauspiel.de\/programm\/spielplan\/atmen\"},{\"@type\":\"ListItem\",\"position\":5,\"name\":\"Pressestimmen ATMEN\"}]},{\"@type\":\"WebSite\",\"@id\":\"https:\/\/freiesschauspiel.de\/#website\",\"url\":\"https:\/\/freiesschauspiel.de\/\",\"name\":\"Freies Schauspiel Ensemble\",\"description\":\"im TITANIA\",\"potentialAction\":[{\"@type\":\"SearchAction\",\"target\":{\"@type\":\"EntryPoint\",\"urlTemplate\":\"https:\/\/freiesschauspiel.de\/?s={search_term_string}\"},\"query-input\":{\"@type\":\"PropertyValueSpecification\",\"valueRequired\":true,\"valueName\":\"search_term_string\"}}],\"inLanguage\":\"en-US\"}]}<\/script>\n<!-- \/ Yoast SEO plugin. -->","yoast_head_json":{"title":"Pressestimmen ATMEN - Freies Schauspiel Ensemble","robots":{"index":"index","follow":"follow","max-snippet":"max-snippet:-1","max-image-preview":"max-image-preview:large","max-video-preview":"max-video-preview:-1"},"canonical":"https:\/\/freiesschauspiel.de\/programm\/spielplan\/atmen\/pressestimmen","og_locale":"en_US","og_type":"article","og_title":"Pressestimmen ATMEN - Freies Schauspiel Ensemble","og_url":"https:\/\/freiesschauspiel.de\/programm\/spielplan\/atmen\/pressestimmen","og_site_name":"Freies Schauspiel Ensemble","article_publisher":"https:\/\/www.facebook.com\/FreiesSchauspielEnsemble\/","article_modified_time":"2020-10-01T12:20:06+00:00","twitter_card":"summary_large_image","twitter_misc":{"Est. reading time":"1 minute"},"schema":{"@context":"https:\/\/schema.org","@graph":[{"@type":"WebPage","@id":"https:\/\/freiesschauspiel.de\/programm\/spielplan\/atmen\/pressestimmen","url":"https:\/\/freiesschauspiel.de\/programm\/spielplan\/atmen\/pressestimmen","name":"Pressestimmen ATMEN - Freies Schauspiel Ensemble","isPartOf":{"@id":"https:\/\/freiesschauspiel.de\/#website"},"datePublished":"2020-09-30T10:11:05+00:00","dateModified":"2020-10-01T12:20:06+00:00","breadcrumb":{"@id":"https:\/\/freiesschauspiel.de\/programm\/spielplan\/atmen\/pressestimmen#breadcrumb"},"inLanguage":"en-US","potentialAction":[{"@type":"ReadAction","target":["https:\/\/freiesschauspiel.de\/programm\/spielplan\/atmen\/pressestimmen"]}]},{"@type":"BreadcrumbList","@id":"https:\/\/freiesschauspiel.de\/programm\/spielplan\/atmen\/pressestimmen#breadcrumb","itemListElement":[{"@type":"ListItem","position":1,"name":"Startseite","item":"https:\/\/freiesschauspiel.de\/"},{"@type":"ListItem","position":2,"name":"Programm","item":"https:\/\/freiesschauspiel.de\/programm"},{"@type":"ListItem","position":3,"name":"Spielplan 2025\/26","item":"https:\/\/freiesschauspiel.de\/programm\/spielplan"},{"@type":"ListItem","position":4,"name":"ATMEN","item":"https:\/\/freiesschauspiel.de\/programm\/spielplan\/atmen"},{"@type":"ListItem","position":5,"name":"Pressestimmen ATMEN"}]},{"@type":"WebSite","@id":"https:\/\/freiesschauspiel.de\/#website","url":"https:\/\/freiesschauspiel.de\/","name":"Freies Schauspiel Ensemble","description":"im TITANIA","potentialAction":[{"@type":"SearchAction","target":{"@type":"EntryPoint","urlTemplate":"https:\/\/freiesschauspiel.de\/?s={search_term_string}"},"query-input":{"@type":"PropertyValueSpecification","valueRequired":true,"valueName":"search_term_string"}}],"inLanguage":"en-US"}]}},"_links":{"self":[{"href":"https:\/\/freiesschauspiel.de\/en\/wp-json\/wp\/v2\/pages\/6428"}],"collection":[{"href":"https:\/\/freiesschauspiel.de\/en\/wp-json\/wp\/v2\/pages"}],"about":[{"href":"https:\/\/freiesschauspiel.de\/en\/wp-json\/wp\/v2\/types\/page"}],"author":[{"embeddable":true,"href":"https:\/\/freiesschauspiel.de\/en\/wp-json\/wp\/v2\/users\/1"}],"replies":[{"embeddable":true,"href":"https:\/\/freiesschauspiel.de\/en\/wp-json\/wp\/v2\/comments?post=6428"}],"version-history":[{"count":7,"href":"https:\/\/freiesschauspiel.de\/en\/wp-json\/wp\/v2\/pages\/6428\/revisions"}],"predecessor-version":[{"id":6439,"href":"https:\/\/freiesschauspiel.de\/en\/wp-json\/wp\/v2\/pages\/6428\/revisions\/6439"}],"up":[{"embeddable":true,"href":"https:\/\/freiesschauspiel.de\/en\/wp-json\/wp\/v2\/pages\/5972"}],"wp:attachment":[{"href":"https:\/\/freiesschauspiel.de\/en\/wp-json\/wp\/v2\/media?parent=6428"}],"curies":[{"name":"wp","href":"https:\/\/api.w.org\/{rel}","templated":true}]}}