{"id":6538,"date":"2020-11-25T12:13:02","date_gmt":"2020-11-25T10:13:02","guid":{"rendered":"http:\/\/freiesschauspiel.de\/?page_id=6538"},"modified":"2020-12-18T17:06:05","modified_gmt":"2020-12-18T15:06:05","slug":"frueher-war-mehr-lametta","status":"publish","type":"page","link":"https:\/\/freiesschauspiel.de\/en\/programm\/spielplan\/frueher-war-mehr-lametta","title":{"rendered":"FR\u00dcHER WAR MEHR LAMETTA"},"content":{"rendered":"<div class=\"csRow\">\n<div class=\"csColumnGap\" style=\"margin: 0px; padding: 0px; float: left; width: 1.56%;\"><img decoding=\"async\" src=\"http:\/\/freiesschauspiel.de\/wp-content\/plugins\/advanced-wp-columns\/assets\/js\/plugins\/views\/img\/1x1-pixel.png\" \/><\/div>\n<div class=\"csColumn\" style=\"margin: 0px; padding: 0px; float: left; width: 47.6%;\" data-csstartpoint=\"15\" data-csendpoint=\"472\" data-cswidth=\"47.6%\" data-csid=\"e38df369-cd6d-2c89-80fb-6070aed4f602\">\n<p>F\u00fcr alle, die nicht von Weihnachten lassen k\u00f6nnen, kommen wir mit unserer Weihnachtslesung FR\u00dcHER WAR MEHR LAMETTA online in Ihr Wohnzimmer. Ein literarisch-musikalisches Vorweihnachtsgeschenk mit Bettina Kaminski und einigen besonderen G\u00e4sten. Schalten Sie Ihren Computer ein, machen Sie es sich mit Ihren Lieben, mit Punsch und Keksen gem\u00fctlich und lauschen Sie Texten, Geschichten und Gedichten rund um Weihnachten &#8211; mal besinnlich, mal heiter, mal nachdenklich, mal absurd. Der Eintritt (Zugang) ist frei und unbegrenzt. Leiten Sie diese Mail auch an alle weiter, denen Sie eine Freude machen m\u00f6chten.<\/p>\n<p>Wir w\u00fcnschen Ihnen ein besinnliches Weihnachtsfest, viel Zuversicht und Durchhalteverm\u00f6gen!<\/p>\n<p>Wir sammeln bei diesem Streaming f\u00fcr die Arbeit von <strong><em>\u00c4rzte ohne Grenzen e.V. <\/em><\/strong>im Bereich der Fl\u00fcchtlingshilfe im Mittelmeerraum und Griechenland.<\/p>\n<p>Hier k\u00f6nnen Sie \u00fcber unsere Online-Spendenaktion per PayPal oder Lastschrift spenden: <a href=\"https:\/\/www.aerzte-ohne-grenzen.de\/spenden-sammeln?cfd=wa4yd\"><strong>SPENDEN<\/strong>.<\/a><\/p>\n<p>Oder Sie \u00fcberweisen Ihre Spende direkt auf folgendes <strong>Spendenkonto<\/strong>:<br \/>\n\u00c4rzte ohne Grenzen e.V.<br \/>\nIBAN: DE72 3702 0500 0009 7097 00<br \/>\nBank f\u00fcr Sozialwirtschaft<br \/>\nVerwendungszweck: \u201eLametta 2020\u201c (Bitte unbedingt angeben)<\/p>\n<\/div>\n<div class=\"csColumnGap\" style=\"margin: 0px; padding: 0px; float: left; width: 14.2%;\"><img decoding=\"async\" src=\"http:\/\/freiesschauspiel.de\/wp-content\/plugins\/advanced-wp-columns\/assets\/js\/plugins\/views\/img\/1x1-pixel.png\" \/><\/div>\n<div class=\"csColumn\" style=\"margin: 0px; padding: 0px; float: left; width: 35.1%;\" data-csstartpoint=\"608\" data-csendpoint=\"945\" data-cswidth=\"35.1%\" data-csid=\"ba82cc95-b695-aec7-9d67-d0d77dfbf247\">\n<p><strong>FR\u00dcHER WAR MEHR LAMETTA<\/strong><br \/>\nBenefizWeihnachtsLesungsLiveStream<br \/>\nmit Bettina Kaminski + Special Guests<\/p>\n<p>20.12., 17 Uhr<\/p>\n<p>Hier geht es zum Livestream:<br \/>\n<a href=\"https:\/\/youtu.be\/nU4xgRhEBto\">FREIES SCHAUSPIEL ENSEMBLE FRANKFURT<\/a><\/p>\n<\/div>\n<\/div>\n","protected":false},"excerpt":{"rendered":"F\u00fcr alle, die nicht von <a class=\"more-link\" href=\"https:\/\/freiesschauspiel.de\/en\/programm\/spielplan\/frueher-war-mehr-lametta\">(&#8230; mehr)<\/a>","protected":false},"author":1,"featured_media":6565,"parent":2,"menu_order":0,"comment_status":"closed","ping_status":"closed","template":"","meta":{"footnotes":""},"translation":{"provider":"WPGlobus","version":"3.0.0","language":"en","enabled_languages":["de","en"],"languages":{"de":{"title":true,"content":true,"excerpt":false},"en":{"title":false,"content":false,"excerpt":false}}},"yoast_head":"<!-- This site is optimized with the Yoast SEO plugin v23.5 - https:\/\/yoast.com\/wordpress\/plugins\/seo\/ -->\n<title>FR\u00dcHER WAR MEHR LAMETTA - Freies Schauspiel Ensemble<\/title>\n<meta name=\"robots\" content=\"index, follow, max-snippet:-1, max-image-preview:large, max-video-preview:-1\" \/>\n<link rel=\"canonical\" href=\"https:\/\/freiesschauspiel.de\/programm\/spielplan\/frueher-war-mehr-lametta\" \/>\n<meta property=\"og:locale\" content=\"en_US\" \/>\n<meta property=\"og:type\" content=\"article\" \/>\n<meta property=\"og:title\" content=\"FR\u00dcHER WAR MEHR LAMETTA - Freies Schauspiel Ensemble\" \/>\n<meta property=\"og:url\" content=\"https:\/\/freiesschauspiel.de\/programm\/spielplan\/frueher-war-mehr-lametta\" \/>\n<meta property=\"og:site_name\" content=\"Freies Schauspiel Ensemble\" \/>\n<meta property=\"article:publisher\" content=\"https:\/\/www.facebook.com\/FreiesSchauspielEnsemble\/\" \/>\n<meta property=\"article:modified_time\" content=\"2020-12-18T15:06:05+00:00\" \/>\n<meta property=\"og:image\" content=\"https:\/\/freiesschauspiel.de\/wp-content\/uploads\/2020\/12\/Weihnachtslesung_Header2-scaled.jpg\" \/>\n\t<meta property=\"og:image:width\" content=\"2560\" \/>\n\t<meta property=\"og:image:height\" content=\"960\" \/>\n\t<meta property=\"og:image:type\" content=\"image\/jpeg\" \/>\n<meta name=\"twitter:card\" content=\"summary_large_image\" \/>\n<meta name=\"twitter:label1\" content=\"Est. reading time\" \/>\n\t<meta name=\"twitter:data1\" content=\"1 minute\" \/>\n<script type=\"application\/ld+json\" class=\"yoast-schema-graph\">{\"@context\":\"https:\/\/schema.org\",\"@graph\":[{\"@type\":\"WebPage\",\"@id\":\"https:\/\/freiesschauspiel.de\/programm\/spielplan\/frueher-war-mehr-lametta\",\"url\":\"https:\/\/freiesschauspiel.de\/programm\/spielplan\/frueher-war-mehr-lametta\",\"name\":\"FR\u00dcHER WAR MEHR LAMETTA - Freies Schauspiel Ensemble\",\"isPartOf\":{\"@id\":\"https:\/\/freiesschauspiel.de\/#website\"},\"primaryImageOfPage\":{\"@id\":\"https:\/\/freiesschauspiel.de\/programm\/spielplan\/frueher-war-mehr-lametta#primaryimage\"},\"image\":{\"@id\":\"https:\/\/freiesschauspiel.de\/programm\/spielplan\/frueher-war-mehr-lametta#primaryimage\"},\"thumbnailUrl\":\"https:\/\/freiesschauspiel.de\/wp-content\/uploads\/2020\/12\/Weihnachtslesung_Header2-scaled.jpg\",\"datePublished\":\"2020-11-25T10:13:02+00:00\",\"dateModified\":\"2020-12-18T15:06:05+00:00\",\"breadcrumb\":{\"@id\":\"https:\/\/freiesschauspiel.de\/programm\/spielplan\/frueher-war-mehr-lametta#breadcrumb\"},\"inLanguage\":\"en-US\",\"potentialAction\":[{\"@type\":\"ReadAction\",\"target\":[\"https:\/\/freiesschauspiel.de\/programm\/spielplan\/frueher-war-mehr-lametta\"]}]},{\"@type\":\"ImageObject\",\"inLanguage\":\"en-US\",\"@id\":\"https:\/\/freiesschauspiel.de\/programm\/spielplan\/frueher-war-mehr-lametta#primaryimage\",\"url\":\"https:\/\/freiesschauspiel.de\/wp-content\/uploads\/2020\/12\/Weihnachtslesung_Header2-scaled.jpg\",\"contentUrl\":\"https:\/\/freiesschauspiel.de\/wp-content\/uploads\/2020\/12\/Weihnachtslesung_Header2-scaled.jpg\",\"width\":2560,\"height\":960},{\"@type\":\"BreadcrumbList\",\"@id\":\"https:\/\/freiesschauspiel.de\/programm\/spielplan\/frueher-war-mehr-lametta#breadcrumb\",\"itemListElement\":[{\"@type\":\"ListItem\",\"position\":1,\"name\":\"Startseite\",\"item\":\"https:\/\/freiesschauspiel.de\/\"},{\"@type\":\"ListItem\",\"position\":2,\"name\":\"Programm\",\"item\":\"https:\/\/freiesschauspiel.de\/programm\"},{\"@type\":\"ListItem\",\"position\":3,\"name\":\"Spielplan 2025\/26\",\"item\":\"https:\/\/freiesschauspiel.de\/programm\/spielplan\"},{\"@type\":\"ListItem\",\"position\":4,\"name\":\"FR\u00dcHER WAR MEHR LAMETTA\"}]},{\"@type\":\"WebSite\",\"@id\":\"https:\/\/freiesschauspiel.de\/#website\",\"url\":\"https:\/\/freiesschauspiel.de\/\",\"name\":\"Freies Schauspiel Ensemble\",\"description\":\"im TITANIA\",\"potentialAction\":[{\"@type\":\"SearchAction\",\"target\":{\"@type\":\"EntryPoint\",\"urlTemplate\":\"https:\/\/freiesschauspiel.de\/?s={search_term_string}\"},\"query-input\":{\"@type\":\"PropertyValueSpecification\",\"valueRequired\":true,\"valueName\":\"search_term_string\"}}],\"inLanguage\":\"en-US\"}]}<\/script>\n<!-- \/ Yoast SEO plugin. -->","yoast_head_json":{"title":"FR\u00dcHER WAR MEHR LAMETTA - Freies Schauspiel Ensemble","robots":{"index":"index","follow":"follow","max-snippet":"max-snippet:-1","max-image-preview":"max-image-preview:large","max-video-preview":"max-video-preview:-1"},"canonical":"https:\/\/freiesschauspiel.de\/programm\/spielplan\/frueher-war-mehr-lametta","og_locale":"en_US","og_type":"article","og_title":"FR\u00dcHER WAR MEHR LAMETTA - Freies Schauspiel Ensemble","og_url":"https:\/\/freiesschauspiel.de\/programm\/spielplan\/frueher-war-mehr-lametta","og_site_name":"Freies Schauspiel Ensemble","article_publisher":"https:\/\/www.facebook.com\/FreiesSchauspielEnsemble\/","article_modified_time":"2020-12-18T15:06:05+00:00","og_image":[{"width":2560,"height":960,"url":"https:\/\/freiesschauspiel.de\/wp-content\/uploads\/2020\/12\/Weihnachtslesung_Header2-scaled.jpg","type":"image\/jpeg"}],"twitter_card":"summary_large_image","twitter_misc":{"Est. reading time":"1 minute"},"schema":{"@context":"https:\/\/schema.org","@graph":[{"@type":"WebPage","@id":"https:\/\/freiesschauspiel.de\/programm\/spielplan\/frueher-war-mehr-lametta","url":"https:\/\/freiesschauspiel.de\/programm\/spielplan\/frueher-war-mehr-lametta","name":"FR\u00dcHER WAR MEHR LAMETTA - Freies Schauspiel Ensemble","isPartOf":{"@id":"https:\/\/freiesschauspiel.de\/#website"},"primaryImageOfPage":{"@id":"https:\/\/freiesschauspiel.de\/programm\/spielplan\/frueher-war-mehr-lametta#primaryimage"},"image":{"@id":"https:\/\/freiesschauspiel.de\/programm\/spielplan\/frueher-war-mehr-lametta#primaryimage"},"thumbnailUrl":"https:\/\/freiesschauspiel.de\/wp-content\/uploads\/2020\/12\/Weihnachtslesung_Header2-scaled.jpg","datePublished":"2020-11-25T10:13:02+00:00","dateModified":"2020-12-18T15:06:05+00:00","breadcrumb":{"@id":"https:\/\/freiesschauspiel.de\/programm\/spielplan\/frueher-war-mehr-lametta#breadcrumb"},"inLanguage":"en-US","potentialAction":[{"@type":"ReadAction","target":["https:\/\/freiesschauspiel.de\/programm\/spielplan\/frueher-war-mehr-lametta"]}]},{"@type":"ImageObject","inLanguage":"en-US","@id":"https:\/\/freiesschauspiel.de\/programm\/spielplan\/frueher-war-mehr-lametta#primaryimage","url":"https:\/\/freiesschauspiel.de\/wp-content\/uploads\/2020\/12\/Weihnachtslesung_Header2-scaled.jpg","contentUrl":"https:\/\/freiesschauspiel.de\/wp-content\/uploads\/2020\/12\/Weihnachtslesung_Header2-scaled.jpg","width":2560,"height":960},{"@type":"BreadcrumbList","@id":"https:\/\/freiesschauspiel.de\/programm\/spielplan\/frueher-war-mehr-lametta#breadcrumb","itemListElement":[{"@type":"ListItem","position":1,"name":"Startseite","item":"https:\/\/freiesschauspiel.de\/"},{"@type":"ListItem","position":2,"name":"Programm","item":"https:\/\/freiesschauspiel.de\/programm"},{"@type":"ListItem","position":3,"name":"Spielplan 2025\/26","item":"https:\/\/freiesschauspiel.de\/programm\/spielplan"},{"@type":"ListItem","position":4,"name":"FR\u00dcHER WAR MEHR LAMETTA"}]},{"@type":"WebSite","@id":"https:\/\/freiesschauspiel.de\/#website","url":"https:\/\/freiesschauspiel.de\/","name":"Freies Schauspiel Ensemble","description":"im TITANIA","potentialAction":[{"@type":"SearchAction","target":{"@type":"EntryPoint","urlTemplate":"https:\/\/freiesschauspiel.de\/?s={search_term_string}"},"query-input":{"@type":"PropertyValueSpecification","valueRequired":true,"valueName":"search_term_string"}}],"inLanguage":"en-US"}]}},"_links":{"self":[{"href":"https:\/\/freiesschauspiel.de\/en\/wp-json\/wp\/v2\/pages\/6538"}],"collection":[{"href":"https:\/\/freiesschauspiel.de\/en\/wp-json\/wp\/v2\/pages"}],"about":[{"href":"https:\/\/freiesschauspiel.de\/en\/wp-json\/wp\/v2\/types\/page"}],"author":[{"embeddable":true,"href":"https:\/\/freiesschauspiel.de\/en\/wp-json\/wp\/v2\/users\/1"}],"replies":[{"embeddable":true,"href":"https:\/\/freiesschauspiel.de\/en\/wp-json\/wp\/v2\/comments?post=6538"}],"version-history":[{"count":13,"href":"https:\/\/freiesschauspiel.de\/en\/wp-json\/wp\/v2\/pages\/6538\/revisions"}],"predecessor-version":[{"id":6591,"href":"https:\/\/freiesschauspiel.de\/en\/wp-json\/wp\/v2\/pages\/6538\/revisions\/6591"}],"up":[{"embeddable":true,"href":"https:\/\/freiesschauspiel.de\/en\/wp-json\/wp\/v2\/pages\/2"}],"wp:featuredmedia":[{"embeddable":true,"href":"https:\/\/freiesschauspiel.de\/en\/wp-json\/wp\/v2\/media\/6565"}],"wp:attachment":[{"href":"https:\/\/freiesschauspiel.de\/en\/wp-json\/wp\/v2\/media?parent=6538"}],"curies":[{"name":"wp","href":"https:\/\/api.w.org\/{rel}","templated":true}]}}