{"id":6896,"date":"2021-07-20T16:45:45","date_gmt":"2021-07-20T14:45:45","guid":{"rendered":"http:\/\/freiesschauspiel.de\/?page_id=6896"},"modified":"2021-07-21T13:25:37","modified_gmt":"2021-07-21T11:25:37","slug":"sommerbau","status":"publish","type":"page","link":"https:\/\/freiesschauspiel.de\/en\/programm\/spielplan\/sommerbau","title":{"rendered":"SOMMERBAU"},"content":{"rendered":"<div class=\"csRow\">\n<div class=\"csColumn\" style=\"margin: 0px; padding: 0px; float: left; width: 47.7%;\" data-csid=\"85479f88-4d3d-dc40-92f7-f34e55aa7c3b\" data-cswidth=\"47.7%\" data-csendpoint=\"472.5\" data-csstartpoint=\"15\">\n<p>Wir starten die neue Spielzeit mit einer Open-Air-Version von <strong>ICH WERDE SEIN<\/strong> Das Drama Rosa Luxemburg am <strong>07. und 08. September um 20.30 Uhr<\/strong> auf der B\u00fchne des <strong>SOMMERBAUs<\/strong> im Kaiserleiviertel zwischen Frankfurt und Offenbach. Das spektakul\u00e4re Freilicht-Logentheater, errichtet vom K\u00fcnstlerhaus Mousonturm und Frankfurt LAB, fasst 200 Zuschauer:innen und ist mit seiner Riesenb\u00fchne (25m x 25m) genau der Ort, den unser Rosa Luxemburg-Projekt braucht, um seine volle Strahlkraft zu entfalten.<\/p>\n<p>Zum St\u00fcck:<\/p>\n<p style=\"text-align: left;\" align=\"justify\"><em>Frankfurt. 26. September 1913. TITANIA, Bockenheim.<\/em> Eine kleine verwachsene Person, deutsch-polnische J\u00fcdin, tritt an das Rednerpult und fordert die Frankfurter Arbeiter auf, mit Massenstreiks den Ausbruch des 1. Weltkrieges zu verhindern: Rosa Luxemburg.<\/p>\n<p style=\"text-align: left;\" align=\"justify\">Freiheitsk\u00e4mpferin, Staatsfeindin, Pazifistin, Terroristin, Revoluzzerin &#8211; Viele Namen f\u00fcr eine Frau, die nach wie vor polarisiert. Aber welche Gesichter verbergen sich dahinter? Wer war diese Frau, die mit Macht ihren Weg suchte &#8211; an der Universit\u00e4t, in der Partei, in der Liebe? Was macht sie bis heute zur politischen Reizfigur?<\/p>\n<p style=\"text-align: left;\" align=\"justify\">Aus Briefen, Artikeln, Essays und Reden Rosa Luxemburgs hat Reinhard Hinzpeter ein Theaterst\u00fcck entwickelt, das versucht, sich dieser widerspr\u00fcchlichen, schillernden, lebenshungrigen und kraftstrotzenden Pers\u00f6nlichkeit anzun\u00e4hern.<\/p>\n<p style=\"text-align: left;\" align=\"justify\">\n<\/div>\n<div class=\"csColumnGap\" style=\"margin: 0px; padding: 0px; float: left; width: 14.2%;\"><img decoding=\"async\" src=\"http:\/\/freiesschauspiel.de\/wp-content\/plugins\/advanced-wp-columns\/assets\/js\/plugins\/views\/img\/1x1-pixel.png\" \/><\/div>\n<div class=\"csColumn\" style=\"margin: 0px; padding: 0px; float: left; width: 35.1%;\" data-csid=\"5bab444d-43b4-7654-ad6a-e29743b916f1\" data-cswidth=\"35.1%\" data-csendpoint=\"945\" data-csstartpoint=\"608.5\">\n<p>Gastspiel beim SOMMERBAU<br \/>\nWeitere Infos finden Sie <strong><a href=\"https:\/\/www.mousonturm.de\/projects\/raumlaborberlin-sommerbau\/\">hier<\/a><\/strong>.<\/p>\n<p class=\"csColumnGap\"><strong><img decoding=\"async\" src=\"http:\/\/freiesschauspiel.de\/wp-content\/plugins\/advanced-wp-columns\/assets\/js\/plugins\/views\/img\/1x1-pixel.png\" \/>ICH WERDE SEIN<\/strong><br \/>\nDas Drama Rosa Luxemburg<\/p>\n<p><strong>Vorstellungen<\/strong><br \/>\nSOMMERBAU im Kaiserleiviertel (Karten gibt es ab 01. August)<br \/>\nDi, 07.09., 20.30 Uhr <a href=\"https:\/\/sommerbau.net\/\">Karten bestellen<\/a><br \/>\nMi, 08.09., 20.30 Uhr <a href=\"https:\/\/sommerbau.net\/\">Karten bestellen<\/a><\/p>\n<p><strong>Es spielen<\/strong> Michaela Conrad, Naja Marie Domsel, Bettina Kaminski<br \/>\n<strong>Inszenierung<\/strong> Reinhard Hinzpeter<br \/>\n<strong>B\u00fchne<\/strong> Gerd Friedrich<br \/>\n<strong>Kost\u00fcme<\/strong> Sabine Steusloff<\/p>\n<a id=\"69e15b83d8d52\" rel=\"wp-video-lightbox\" href=\"https:\/\/www.youtube.com\/watch?v=8h2EBgh2SYY&#038;width=640&#038;height=480\" title=\"\"><div class=\"wpvl_auto_thumb_box_wrapper\"><div class=\"wpvl_auto_thumb_box\"><img decoding=\"async\" src=\"https:\/\/img.youtube.com\/vi\/8h2EBgh2SYY\/0.jpg\" class=\"video_lightbox_auto_anchor_image\" alt=\"\" \/><div class=\"wpvl_auto_thumb_play\"><img decoding=\"async\" src=\"https:\/\/freiesschauspiel.de\/wp-content\/plugins\/wp-video-lightbox\/images\/play.png\" class=\"wpvl_playbutton\" \/><\/div><\/div><\/div><\/a>    <script>\r\n    \/* <![CDATA[ *\/\r\n    jQuery(document).ready(function($){\r\n        $(function(){\r\n            var width = $(window).innerWidth();\r\n            var setwidth = parseFloat(640);\r\n            var ratio = parseFloat(0.75);\r\n            var height = parseFloat(480);\r\n            var link = 'https:\/\/www.youtube.com\/watch?v=8h2EBgh2SYY&amp;width=640&amp;height=480';\r\n            if(width < setwidth)\r\n            {\r\n                height = Math.floor(width * 0.75);\r\n                \/\/console.log(\"device width \"+width+\", set width \"+640+\", ratio \"+0.75+\", new height \"+ height);\r\n                var new_url = wpvl_paramReplace('width', link, width);\r\n                var new_url = wpvl_paramReplace('height', new_url, height);\r\n                $(\"a#69e15b83d8d52\").attr('href', new_url);\r\n                \/\/console.log(new_url);\r\n            }\r\n        });\r\n    });\r\n    \/* ]]> *\/\r\n    <\/script>\n<p><a href=\"http:\/\/freiesschauspiel.de\/programm\/spielplan\/ich-werde-sein\/pressestimmen\">Pressestimmen<\/a><\/p>\n\n\t\t<style type=\"text\/css\">\n\t\t\t#gallery-1 {\n\t\t\t\tmargin: auto;\n\t\t\t}\n\t\t\t#gallery-1 .gallery-item {\n\t\t\t\tfloat: left;\n\t\t\t\tmargin-top: 10px;\n\t\t\t\ttext-align: center;\n\t\t\t\twidth: 33%;\n\t\t\t}\n\t\t\t#gallery-1 img {\n\t\t\t\tborder: 2px solid #cfcfcf;\n\t\t\t}\n\t\t\t#gallery-1 .gallery-caption {\n\t\t\t\tmargin-left: 0;\n\t\t\t}\n\t\t\t\/* see gallery_shortcode() in wp-includes\/media.php *\/\n\t\t<\/style>\n\t\t<div id='gallery-1' class='gallery galleryid-6896 gallery-columns-3 gallery-size-small'><dl class='gallery-item'>\n\t\t\t<dt class='gallery-icon landscape'>\n\t\t\t\t<a href='https:\/\/freiesschauspiel.de\/wp-content\/uploads\/2016\/07\/ICH-WERDE-SEIN-Presse-2-1024x683.jpg' title=\"v.l. Kaminski, Conrad, Domsel in ICH WERDE SEIN \u00a9 Felix Holland\" data-rl_title=\"v.l. Kaminski, Conrad, Domsel in ICH WERDE SEIN \u00a9 Felix Holland\" class=\"rl-gallery-link\" data-rl_caption=\"\" data-rel=\"lightbox-gallery-1\"><img loading=\"lazy\" decoding=\"async\" width=\"2303\" height=\"1535\" src=\"https:\/\/freiesschauspiel.de\/wp-content\/uploads\/2016\/07\/ICH-WERDE-SEIN-Presse-2.jpg\" class=\"attachment-small size-small\" alt=\"\" srcset=\"https:\/\/freiesschauspiel.de\/wp-content\/uploads\/2016\/07\/ICH-WERDE-SEIN-Presse-2.jpg 2303w, https:\/\/freiesschauspiel.de\/wp-content\/uploads\/2016\/07\/ICH-WERDE-SEIN-Presse-2-300x200.jpg 300w, https:\/\/freiesschauspiel.de\/wp-content\/uploads\/2016\/07\/ICH-WERDE-SEIN-Presse-2-768x512.jpg 768w, https:\/\/freiesschauspiel.de\/wp-content\/uploads\/2016\/07\/ICH-WERDE-SEIN-Presse-2-1024x683.jpg 1024w\" sizes=\"(max-width: 2303px) 100vw, 2303px\" \/><\/a>\n\t\t\t<\/dt><\/dl><dl class='gallery-item'>\n\t\t\t<dt class='gallery-icon landscape'>\n\t\t\t\t<a href='https:\/\/freiesschauspiel.de\/wp-content\/uploads\/2016\/07\/ICH-WERDE-SEIN-Presse-3-1024x683.jpg' title=\"v.l. Kaminski, Conrad, Domsel in ICH WERDE SEIN \u00a9 Felix Holland\" data-rl_title=\"v.l. Kaminski, Conrad, Domsel in ICH WERDE SEIN \u00a9 Felix Holland\" class=\"rl-gallery-link\" data-rl_caption=\"\" data-rel=\"lightbox-gallery-1\"><img loading=\"lazy\" decoding=\"async\" width=\"768\" height=\"512\" src=\"https:\/\/freiesschauspiel.de\/wp-content\/uploads\/2016\/07\/ICH-WERDE-SEIN-Presse-3-e1498043352696.jpg\" class=\"attachment-small size-small\" alt=\"v.l. Kaminski, Conrad, Domsel in ICH WERDE SEIN \u00a9 Felix Holland\" \/><\/a>\n\t\t\t<\/dt><\/dl><dl class='gallery-item'>\n\t\t\t<dt class='gallery-icon landscape'>\n\t\t\t\t<a href='https:\/\/freiesschauspiel.de\/wp-content\/uploads\/2016\/07\/ICH-WERDE-SEIN-Presse-1-1024x683.jpg' title=\"v.l. Kaminski, Conrad, Domsel in ICH WERDE SEIN \u00a9 Felix Holland\" data-rl_title=\"v.l. Kaminski, Conrad, Domsel in ICH WERDE SEIN \u00a9 Felix Holland\" class=\"rl-gallery-link\" data-rl_caption=\"\" data-rel=\"lightbox-gallery-1\"><img loading=\"lazy\" decoding=\"async\" width=\"768\" height=\"512\" src=\"https:\/\/freiesschauspiel.de\/wp-content\/uploads\/2016\/07\/ICH-WERDE-SEIN-Presse-1-e1498043366216.jpg\" class=\"attachment-small size-small\" alt=\"v.l. Kaminski, Conrad, Domsel in ICH WERDE SEIN \u00a9 Felix Holland\" \/><\/a>\n\t\t\t<\/dt><\/dl><br style=\"clear: both\" \/>\n\t\t<\/div>\n\n<p><strong>Premiere <\/strong>30. September 2011<br \/>\n<strong>Dauer<\/strong> 2 Stunden, inkl. einer Pause<\/p>\n<\/div>\n<div class=\"csColumnGap\" style=\"margin: 0px; padding: 0px; float: left; width: 1.56%;\"><img decoding=\"async\" src=\"http:\/\/freiesschauspiel.de\/wp-content\/plugins\/advanced-wp-columns\/assets\/js\/plugins\/views\/img\/1x1-pixel.png\" \/><\/div>\n<\/div>\n","protected":false},"excerpt":{"rendered":"Wir starten die neue Spielzeit <a class=\"more-link\" href=\"https:\/\/freiesschauspiel.de\/en\/programm\/spielplan\/sommerbau\">(&#8230; mehr)<\/a>","protected":false},"author":1,"featured_media":6899,"parent":2,"menu_order":0,"comment_status":"closed","ping_status":"closed","template":"","meta":{"footnotes":""},"translation":{"provider":"WPGlobus","version":"3.0.0","language":"en","enabled_languages":["de","en"],"languages":{"de":{"title":true,"content":true,"excerpt":false},"en":{"title":false,"content":false,"excerpt":false}}},"yoast_head":"<!-- This site is optimized with the Yoast SEO plugin v23.5 - https:\/\/yoast.com\/wordpress\/plugins\/seo\/ -->\n<title>SOMMERBAU - Freies Schauspiel Ensemble<\/title>\n<meta name=\"robots\" content=\"index, follow, max-snippet:-1, max-image-preview:large, max-video-preview:-1\" \/>\n<link rel=\"canonical\" href=\"https:\/\/freiesschauspiel.de\/programm\/spielplan\/sommerbau\" \/>\n<meta property=\"og:locale\" content=\"en_US\" \/>\n<meta property=\"og:type\" content=\"article\" \/>\n<meta property=\"og:title\" content=\"SOMMERBAU - Freies Schauspiel Ensemble\" \/>\n<meta property=\"og:url\" content=\"https:\/\/freiesschauspiel.de\/programm\/spielplan\/sommerbau\" \/>\n<meta property=\"og:site_name\" content=\"Freies Schauspiel Ensemble\" \/>\n<meta property=\"article:publisher\" content=\"https:\/\/www.facebook.com\/FreiesSchauspielEnsemble\/\" \/>\n<meta property=\"article:modified_time\" content=\"2021-07-21T11:25:37+00:00\" \/>\n<meta property=\"og:image\" content=\"https:\/\/freiesschauspiel.de\/wp-content\/uploads\/2021\/07\/Header1.jpg\" \/>\n\t<meta property=\"og:image:width\" content=\"1920\" \/>\n\t<meta property=\"og:image:height\" content=\"720\" \/>\n\t<meta property=\"og:image:type\" content=\"image\/jpeg\" \/>\n<meta name=\"twitter:card\" content=\"summary_large_image\" \/>\n<meta name=\"twitter:label1\" content=\"Est. reading time\" \/>\n\t<meta name=\"twitter:data1\" content=\"2 minutes\" \/>\n<script type=\"application\/ld+json\" class=\"yoast-schema-graph\">{\"@context\":\"https:\/\/schema.org\",\"@graph\":[{\"@type\":\"WebPage\",\"@id\":\"https:\/\/freiesschauspiel.de\/programm\/spielplan\/sommerbau\",\"url\":\"https:\/\/freiesschauspiel.de\/programm\/spielplan\/sommerbau\",\"name\":\"SOMMERBAU - Freies Schauspiel Ensemble\",\"isPartOf\":{\"@id\":\"https:\/\/freiesschauspiel.de\/#website\"},\"primaryImageOfPage\":{\"@id\":\"https:\/\/freiesschauspiel.de\/programm\/spielplan\/sommerbau#primaryimage\"},\"image\":{\"@id\":\"https:\/\/freiesschauspiel.de\/programm\/spielplan\/sommerbau#primaryimage\"},\"thumbnailUrl\":\"https:\/\/freiesschauspiel.de\/wp-content\/uploads\/2021\/07\/Header1.jpg\",\"datePublished\":\"2021-07-20T14:45:45+00:00\",\"dateModified\":\"2021-07-21T11:25:37+00:00\",\"breadcrumb\":{\"@id\":\"https:\/\/freiesschauspiel.de\/programm\/spielplan\/sommerbau#breadcrumb\"},\"inLanguage\":\"en-US\",\"potentialAction\":[{\"@type\":\"ReadAction\",\"target\":[\"https:\/\/freiesschauspiel.de\/programm\/spielplan\/sommerbau\"]}]},{\"@type\":\"ImageObject\",\"inLanguage\":\"en-US\",\"@id\":\"https:\/\/freiesschauspiel.de\/programm\/spielplan\/sommerbau#primaryimage\",\"url\":\"https:\/\/freiesschauspiel.de\/wp-content\/uploads\/2021\/07\/Header1.jpg\",\"contentUrl\":\"https:\/\/freiesschauspiel.de\/wp-content\/uploads\/2021\/07\/Header1.jpg\",\"width\":1920,\"height\":720},{\"@type\":\"BreadcrumbList\",\"@id\":\"https:\/\/freiesschauspiel.de\/programm\/spielplan\/sommerbau#breadcrumb\",\"itemListElement\":[{\"@type\":\"ListItem\",\"position\":1,\"name\":\"Startseite\",\"item\":\"https:\/\/freiesschauspiel.de\/\"},{\"@type\":\"ListItem\",\"position\":2,\"name\":\"Programm\",\"item\":\"https:\/\/freiesschauspiel.de\/programm\"},{\"@type\":\"ListItem\",\"position\":3,\"name\":\"Spielplan 2025\/26\",\"item\":\"https:\/\/freiesschauspiel.de\/programm\/spielplan\"},{\"@type\":\"ListItem\",\"position\":4,\"name\":\"SOMMERBAU\"}]},{\"@type\":\"WebSite\",\"@id\":\"https:\/\/freiesschauspiel.de\/#website\",\"url\":\"https:\/\/freiesschauspiel.de\/\",\"name\":\"Freies Schauspiel Ensemble\",\"description\":\"im TITANIA\",\"potentialAction\":[{\"@type\":\"SearchAction\",\"target\":{\"@type\":\"EntryPoint\",\"urlTemplate\":\"https:\/\/freiesschauspiel.de\/?s={search_term_string}\"},\"query-input\":{\"@type\":\"PropertyValueSpecification\",\"valueRequired\":true,\"valueName\":\"search_term_string\"}}],\"inLanguage\":\"en-US\"}]}<\/script>\n<!-- \/ Yoast SEO plugin. -->","yoast_head_json":{"title":"SOMMERBAU - Freies Schauspiel Ensemble","robots":{"index":"index","follow":"follow","max-snippet":"max-snippet:-1","max-image-preview":"max-image-preview:large","max-video-preview":"max-video-preview:-1"},"canonical":"https:\/\/freiesschauspiel.de\/programm\/spielplan\/sommerbau","og_locale":"en_US","og_type":"article","og_title":"SOMMERBAU - Freies Schauspiel Ensemble","og_url":"https:\/\/freiesschauspiel.de\/programm\/spielplan\/sommerbau","og_site_name":"Freies Schauspiel Ensemble","article_publisher":"https:\/\/www.facebook.com\/FreiesSchauspielEnsemble\/","article_modified_time":"2021-07-21T11:25:37+00:00","og_image":[{"width":1920,"height":720,"url":"https:\/\/freiesschauspiel.de\/wp-content\/uploads\/2021\/07\/Header1.jpg","type":"image\/jpeg"}],"twitter_card":"summary_large_image","twitter_misc":{"Est. reading time":"2 minutes"},"schema":{"@context":"https:\/\/schema.org","@graph":[{"@type":"WebPage","@id":"https:\/\/freiesschauspiel.de\/programm\/spielplan\/sommerbau","url":"https:\/\/freiesschauspiel.de\/programm\/spielplan\/sommerbau","name":"SOMMERBAU - Freies Schauspiel Ensemble","isPartOf":{"@id":"https:\/\/freiesschauspiel.de\/#website"},"primaryImageOfPage":{"@id":"https:\/\/freiesschauspiel.de\/programm\/spielplan\/sommerbau#primaryimage"},"image":{"@id":"https:\/\/freiesschauspiel.de\/programm\/spielplan\/sommerbau#primaryimage"},"thumbnailUrl":"https:\/\/freiesschauspiel.de\/wp-content\/uploads\/2021\/07\/Header1.jpg","datePublished":"2021-07-20T14:45:45+00:00","dateModified":"2021-07-21T11:25:37+00:00","breadcrumb":{"@id":"https:\/\/freiesschauspiel.de\/programm\/spielplan\/sommerbau#breadcrumb"},"inLanguage":"en-US","potentialAction":[{"@type":"ReadAction","target":["https:\/\/freiesschauspiel.de\/programm\/spielplan\/sommerbau"]}]},{"@type":"ImageObject","inLanguage":"en-US","@id":"https:\/\/freiesschauspiel.de\/programm\/spielplan\/sommerbau#primaryimage","url":"https:\/\/freiesschauspiel.de\/wp-content\/uploads\/2021\/07\/Header1.jpg","contentUrl":"https:\/\/freiesschauspiel.de\/wp-content\/uploads\/2021\/07\/Header1.jpg","width":1920,"height":720},{"@type":"BreadcrumbList","@id":"https:\/\/freiesschauspiel.de\/programm\/spielplan\/sommerbau#breadcrumb","itemListElement":[{"@type":"ListItem","position":1,"name":"Startseite","item":"https:\/\/freiesschauspiel.de\/"},{"@type":"ListItem","position":2,"name":"Programm","item":"https:\/\/freiesschauspiel.de\/programm"},{"@type":"ListItem","position":3,"name":"Spielplan 2025\/26","item":"https:\/\/freiesschauspiel.de\/programm\/spielplan"},{"@type":"ListItem","position":4,"name":"SOMMERBAU"}]},{"@type":"WebSite","@id":"https:\/\/freiesschauspiel.de\/#website","url":"https:\/\/freiesschauspiel.de\/","name":"Freies Schauspiel Ensemble","description":"im TITANIA","potentialAction":[{"@type":"SearchAction","target":{"@type":"EntryPoint","urlTemplate":"https:\/\/freiesschauspiel.de\/?s={search_term_string}"},"query-input":{"@type":"PropertyValueSpecification","valueRequired":true,"valueName":"search_term_string"}}],"inLanguage":"en-US"}]}},"_links":{"self":[{"href":"https:\/\/freiesschauspiel.de\/en\/wp-json\/wp\/v2\/pages\/6896"}],"collection":[{"href":"https:\/\/freiesschauspiel.de\/en\/wp-json\/wp\/v2\/pages"}],"about":[{"href":"https:\/\/freiesschauspiel.de\/en\/wp-json\/wp\/v2\/types\/page"}],"author":[{"embeddable":true,"href":"https:\/\/freiesschauspiel.de\/en\/wp-json\/wp\/v2\/users\/1"}],"replies":[{"embeddable":true,"href":"https:\/\/freiesschauspiel.de\/en\/wp-json\/wp\/v2\/comments?post=6896"}],"version-history":[{"count":3,"href":"https:\/\/freiesschauspiel.de\/en\/wp-json\/wp\/v2\/pages\/6896\/revisions"}],"predecessor-version":[{"id":6905,"href":"https:\/\/freiesschauspiel.de\/en\/wp-json\/wp\/v2\/pages\/6896\/revisions\/6905"}],"up":[{"embeddable":true,"href":"https:\/\/freiesschauspiel.de\/en\/wp-json\/wp\/v2\/pages\/2"}],"wp:featuredmedia":[{"embeddable":true,"href":"https:\/\/freiesschauspiel.de\/en\/wp-json\/wp\/v2\/media\/6899"}],"wp:attachment":[{"href":"https:\/\/freiesschauspiel.de\/en\/wp-json\/wp\/v2\/media?parent=6896"}],"curies":[{"name":"wp","href":"https:\/\/api.w.org\/{rel}","templated":true}]}}