{"id":7412,"date":"2022-01-05T12:51:24","date_gmt":"2022-01-05T10:51:24","guid":{"rendered":"http:\/\/freiesschauspiel.de\/?page_id=7412"},"modified":"2022-01-05T12:57:17","modified_gmt":"2022-01-05T10:57:17","slug":"pressestimmen","status":"publish","type":"page","link":"https:\/\/freiesschauspiel.de\/en\/programm\/spielplan\/volksfeindin\/pressestimmen","title":{"rendered":"Pressestimmen VOLKSFEINDIN"},"content":{"rendered":"<p><strong>Marcus Hladek, Frankfurter Rundschau (24. Oktober 2021)<\/strong><br \/>\n&#8220;&#8230; Was Hinzpeter wurmt und umtreibt, ist eine \u201ebreite Mehrheit der Bev\u00f6lkerung\u201c, die sich bei Macht und Geld prostituiert. Was also tun, wenn die Demokratie die Demokratie abw\u00e4hlt? Hinzpeter spr\u00e4che gern, mit Platon, der weisen Minderheit das Wort \u2013 mit der Kur\u00e4rztin als Emblem. Wie aber konstituieren sich weise Minderheiten? Harte Wissenschaft ist wahr, w\u00e4hlt aber nicht. Akt IV sch\u00fcrt die Publikumsdiskussion. Dass jede Volksbefragung nach hinten losgehen kann, wei\u00df Hinzpeter. Doch w\u00e4hrend Trumpisten-beherrschte US-Staaten per Gesetz Schwarze und Demokraten vom W\u00e4hlen abschrecken, w\u00fcnscht sich die Linke beim Blick auf massenverdummte Fox-News-Gucker und gehirngewaschene Antivaxxer auch schon mal, so etwas w\u00e4re noch einen Tic t\u00f6richter: zu bl\u00f6d zum W\u00e4hlen. Von solchen Versuchungen handelt Hinzpeters \u201eVolksfeindin\u201c.&#8221; <a href=\"https:\/\/www.fr.de\/kultur\/theater\/ibsens-volksfeindin-in-frankfurt-ich-druecke-hier-und-du-ziehst-weg-91071860.html\">zum Artikel<\/a><\/p>\n<p><strong>Winnie Geipert, Strandgut Kulturmagazin (Dezember 2021)<\/strong><br \/>\n&#8220;&#8230; Das ist dann auch der Stachel, mit dem die weitgehend texttreue Inszenierung von Reinhard Hinzpeter mitten ins Fleisch der aktuellen Debatten stechen will. &#8216;Ist es nicht ein zentrales Problem unserer Demokratie, wenn sie erm\u00f6glicht, dass eine irregef\u00fchrte Mehrheit immer wieder eine kenntnisreichere Minderheit niederstimmt und so die Zukunft der eigenen Kinder gef\u00e4hrdet?&#8217; hei\u00dft es&#8230;&#8221;<\/p>\n<p><strong>Antje Kroll, FRIZZ Das Magazin (Dezember 2021)<\/strong><br \/>\n&#8220;&#8230; Man kann diese Inszenierung nur als Kommentar zur aktuellen Situation verstehen, hierzulade und weltweit. Ob Klimakrise oder Pandemie: Allzu oft geht es um den schn\u00f6den Mammon. Es passt ins Bild, dass aktuell daf\u00fcr geworben wird, in Gesundheitsaktien zu investieren, denn diese &#8220;explodieren&#8221; in Pandemiezeiten. Ibsen ist also ganz auf der H\u00f6he der Zeit.&#8221;<\/p>\n","protected":false},"excerpt":{"rendered":"Marcus Hladek, Frankfurter Rundschau (24. <a class=\"more-link\" href=\"https:\/\/freiesschauspiel.de\/en\/programm\/spielplan\/volksfeindin\/pressestimmen\">(&#8230; mehr)<\/a>","protected":false},"author":1,"featured_media":0,"parent":6847,"menu_order":0,"comment_status":"closed","ping_status":"closed","template":"","meta":{"footnotes":""},"translation":{"provider":"WPGlobus","version":"3.0.0","language":"en","enabled_languages":["de","en"],"languages":{"de":{"title":true,"content":true,"excerpt":false},"en":{"title":false,"content":false,"excerpt":false}}},"yoast_head":"<!-- This site is optimized with the Yoast SEO plugin v23.5 - https:\/\/yoast.com\/wordpress\/plugins\/seo\/ -->\n<title>Pressestimmen VOLKSFEINDIN - Freies Schauspiel Ensemble<\/title>\n<meta name=\"robots\" content=\"index, follow, max-snippet:-1, max-image-preview:large, max-video-preview:-1\" \/>\n<link rel=\"canonical\" href=\"https:\/\/freiesschauspiel.de\/programm\/spielplan\/volksfeindin\/pressestimmen\" \/>\n<meta property=\"og:locale\" content=\"en_US\" \/>\n<meta property=\"og:type\" content=\"article\" \/>\n<meta property=\"og:title\" content=\"Pressestimmen VOLKSFEINDIN - Freies Schauspiel Ensemble\" \/>\n<meta property=\"og:url\" content=\"https:\/\/freiesschauspiel.de\/programm\/spielplan\/volksfeindin\/pressestimmen\" \/>\n<meta property=\"og:site_name\" content=\"Freies Schauspiel Ensemble\" \/>\n<meta property=\"article:publisher\" content=\"https:\/\/www.facebook.com\/FreiesSchauspielEnsemble\/\" \/>\n<meta property=\"article:modified_time\" content=\"2022-01-05T10:57:17+00:00\" \/>\n<meta name=\"twitter:card\" content=\"summary_large_image\" \/>\n<meta name=\"twitter:label1\" content=\"Est. reading time\" \/>\n\t<meta name=\"twitter:data1\" content=\"1 minute\" \/>\n<script type=\"application\/ld+json\" class=\"yoast-schema-graph\">{\"@context\":\"https:\/\/schema.org\",\"@graph\":[{\"@type\":\"WebPage\",\"@id\":\"https:\/\/freiesschauspiel.de\/programm\/spielplan\/volksfeindin\/pressestimmen\",\"url\":\"https:\/\/freiesschauspiel.de\/programm\/spielplan\/volksfeindin\/pressestimmen\",\"name\":\"Pressestimmen VOLKSFEINDIN - Freies Schauspiel Ensemble\",\"isPartOf\":{\"@id\":\"https:\/\/freiesschauspiel.de\/#website\"},\"datePublished\":\"2022-01-05T10:51:24+00:00\",\"dateModified\":\"2022-01-05T10:57:17+00:00\",\"breadcrumb\":{\"@id\":\"https:\/\/freiesschauspiel.de\/programm\/spielplan\/volksfeindin\/pressestimmen#breadcrumb\"},\"inLanguage\":\"en-US\",\"potentialAction\":[{\"@type\":\"ReadAction\",\"target\":[\"https:\/\/freiesschauspiel.de\/programm\/spielplan\/volksfeindin\/pressestimmen\"]}]},{\"@type\":\"BreadcrumbList\",\"@id\":\"https:\/\/freiesschauspiel.de\/programm\/spielplan\/volksfeindin\/pressestimmen#breadcrumb\",\"itemListElement\":[{\"@type\":\"ListItem\",\"position\":1,\"name\":\"Startseite\",\"item\":\"https:\/\/freiesschauspiel.de\/\"},{\"@type\":\"ListItem\",\"position\":2,\"name\":\"Programm\",\"item\":\"https:\/\/freiesschauspiel.de\/programm\"},{\"@type\":\"ListItem\",\"position\":3,\"name\":\"Spielplan 2025\/26\",\"item\":\"https:\/\/freiesschauspiel.de\/programm\/spielplan\"},{\"@type\":\"ListItem\",\"position\":4,\"name\":\"VOLKSFEINDIN\",\"item\":\"https:\/\/freiesschauspiel.de\/programm\/spielplan\/volksfeindin\"},{\"@type\":\"ListItem\",\"position\":5,\"name\":\"Pressestimmen VOLKSFEINDIN\"}]},{\"@type\":\"WebSite\",\"@id\":\"https:\/\/freiesschauspiel.de\/#website\",\"url\":\"https:\/\/freiesschauspiel.de\/\",\"name\":\"Freies Schauspiel Ensemble\",\"description\":\"im TITANIA\",\"potentialAction\":[{\"@type\":\"SearchAction\",\"target\":{\"@type\":\"EntryPoint\",\"urlTemplate\":\"https:\/\/freiesschauspiel.de\/?s={search_term_string}\"},\"query-input\":{\"@type\":\"PropertyValueSpecification\",\"valueRequired\":true,\"valueName\":\"search_term_string\"}}],\"inLanguage\":\"en-US\"}]}<\/script>\n<!-- \/ Yoast SEO plugin. -->","yoast_head_json":{"title":"Pressestimmen VOLKSFEINDIN - Freies Schauspiel Ensemble","robots":{"index":"index","follow":"follow","max-snippet":"max-snippet:-1","max-image-preview":"max-image-preview:large","max-video-preview":"max-video-preview:-1"},"canonical":"https:\/\/freiesschauspiel.de\/programm\/spielplan\/volksfeindin\/pressestimmen","og_locale":"en_US","og_type":"article","og_title":"Pressestimmen VOLKSFEINDIN - Freies Schauspiel Ensemble","og_url":"https:\/\/freiesschauspiel.de\/programm\/spielplan\/volksfeindin\/pressestimmen","og_site_name":"Freies Schauspiel Ensemble","article_publisher":"https:\/\/www.facebook.com\/FreiesSchauspielEnsemble\/","article_modified_time":"2022-01-05T10:57:17+00:00","twitter_card":"summary_large_image","twitter_misc":{"Est. reading time":"1 minute"},"schema":{"@context":"https:\/\/schema.org","@graph":[{"@type":"WebPage","@id":"https:\/\/freiesschauspiel.de\/programm\/spielplan\/volksfeindin\/pressestimmen","url":"https:\/\/freiesschauspiel.de\/programm\/spielplan\/volksfeindin\/pressestimmen","name":"Pressestimmen VOLKSFEINDIN - Freies Schauspiel Ensemble","isPartOf":{"@id":"https:\/\/freiesschauspiel.de\/#website"},"datePublished":"2022-01-05T10:51:24+00:00","dateModified":"2022-01-05T10:57:17+00:00","breadcrumb":{"@id":"https:\/\/freiesschauspiel.de\/programm\/spielplan\/volksfeindin\/pressestimmen#breadcrumb"},"inLanguage":"en-US","potentialAction":[{"@type":"ReadAction","target":["https:\/\/freiesschauspiel.de\/programm\/spielplan\/volksfeindin\/pressestimmen"]}]},{"@type":"BreadcrumbList","@id":"https:\/\/freiesschauspiel.de\/programm\/spielplan\/volksfeindin\/pressestimmen#breadcrumb","itemListElement":[{"@type":"ListItem","position":1,"name":"Startseite","item":"https:\/\/freiesschauspiel.de\/"},{"@type":"ListItem","position":2,"name":"Programm","item":"https:\/\/freiesschauspiel.de\/programm"},{"@type":"ListItem","position":3,"name":"Spielplan 2025\/26","item":"https:\/\/freiesschauspiel.de\/programm\/spielplan"},{"@type":"ListItem","position":4,"name":"VOLKSFEINDIN","item":"https:\/\/freiesschauspiel.de\/programm\/spielplan\/volksfeindin"},{"@type":"ListItem","position":5,"name":"Pressestimmen VOLKSFEINDIN"}]},{"@type":"WebSite","@id":"https:\/\/freiesschauspiel.de\/#website","url":"https:\/\/freiesschauspiel.de\/","name":"Freies Schauspiel Ensemble","description":"im TITANIA","potentialAction":[{"@type":"SearchAction","target":{"@type":"EntryPoint","urlTemplate":"https:\/\/freiesschauspiel.de\/?s={search_term_string}"},"query-input":{"@type":"PropertyValueSpecification","valueRequired":true,"valueName":"search_term_string"}}],"inLanguage":"en-US"}]}},"_links":{"self":[{"href":"https:\/\/freiesschauspiel.de\/en\/wp-json\/wp\/v2\/pages\/7412"}],"collection":[{"href":"https:\/\/freiesschauspiel.de\/en\/wp-json\/wp\/v2\/pages"}],"about":[{"href":"https:\/\/freiesschauspiel.de\/en\/wp-json\/wp\/v2\/types\/page"}],"author":[{"embeddable":true,"href":"https:\/\/freiesschauspiel.de\/en\/wp-json\/wp\/v2\/users\/1"}],"replies":[{"embeddable":true,"href":"https:\/\/freiesschauspiel.de\/en\/wp-json\/wp\/v2\/comments?post=7412"}],"version-history":[{"count":4,"href":"https:\/\/freiesschauspiel.de\/en\/wp-json\/wp\/v2\/pages\/7412\/revisions"}],"predecessor-version":[{"id":7418,"href":"https:\/\/freiesschauspiel.de\/en\/wp-json\/wp\/v2\/pages\/7412\/revisions\/7418"}],"up":[{"embeddable":true,"href":"https:\/\/freiesschauspiel.de\/en\/wp-json\/wp\/v2\/pages\/6847"}],"wp:attachment":[{"href":"https:\/\/freiesschauspiel.de\/en\/wp-json\/wp\/v2\/media?parent=7412"}],"curies":[{"name":"wp","href":"https:\/\/api.w.org\/{rel}","templated":true}]}}