{"id":7430,"date":"2022-01-12T13:31:57","date_gmt":"2022-01-12T11:31:57","guid":{"rendered":"http:\/\/freiesschauspiel.de\/?page_id=7430"},"modified":"2022-01-12T13:35:51","modified_gmt":"2022-01-12T11:35:51","slug":"fuenf-fragen-an-die-regisseurin-bettina-kaminski","status":"publish","type":"page","link":"https:\/\/freiesschauspiel.de\/en\/programm\/spielplan\/wer-hat-meinen-vater-umgebracht-das-ende-von-eddy\/fuenf-fragen-an-die-regisseurin-bettina-kaminski","title":{"rendered":"F\u00dcNF FRAGEN AN DIE REGISSEURIN BETTINA KAMINSKI"},"content":{"rendered":"<p><strong>F\u00dcNF FRAGEN AN DIE REGISSEURIN BETTINA KAMINSKI<\/strong><\/p>\n<p><strong>Wie kamst du zu der Verbindung der beiden Texte Das Ende von Eddy und Wer hat meinen Vater umgebracht in einer Inszenierung?<\/strong><br \/>\nDas Lesen der Romane von \u00c9douard Louis hat mich tief beeindruckt. Wer hat meinen Vater umgebracht mit Das Ende von Eddy zu verbinden finde ich deshalb so wichtig, weil es dieselbe Erz\u00e4hlung ist, die in Wer hat meinen Vater umgebracht in einen \u00f6konomischen Kontext gesetzt wird. Das Ende von Eddy ist eine subjektive Erz\u00e4hlung, alles andere steht vielleicht zwischen den Zeilen. Sie positioniert sich nicht. In Wer hat meinen Vater umgebracht war f\u00fcr mich erst einmal diese Wut beeindruckend, diese Wut auf bestehende gesellschaftliche und politische Verh\u00e4ltnisse. Diese Texte miteinander zu verschr\u00e4nken, hei\u00dft, die Verh\u00e4ltnisse nicht anzusehen als etwas, das vom Himmel f\u00e4llt. Es gibt Verantwortliche, die sogar benannt werden k\u00f6nnen. Diese Umleitung, diese Kanalisierung von Wut ist mir wichtig.<\/p>\n<p><strong>Wie hast du das St\u00fcck besetzt und warum?<\/strong><br \/>\nIch habe nach Schauspielern gesucht \u2013 mir war von Anfang an klar, dass ich M\u00e4nner besetzen will \u2013, die sehr k\u00f6rperlich sind und eine gewisse Sensibilit\u00e4t mitbringen, eine auf mich ausstrahlende Offenheit f\u00fcr alle Geschlechter. Haupts\u00e4chlich ging es mir aber um die F\u00e4higkeit und Lust, sich in eine sehr k\u00f6rperliche Probenarbeit zu st\u00fcrzen, eine Geschichte k\u00f6rperlich erlebbar zu machen. Ich fand es interessant, zwei M\u00e4nner unterschiedlichen Alters zu besetzen, weil Vorg\u00e4nge \u2013 in Bezug auf Wer hat meinen Vater umgebracht spreche ich vor allem von Arbeit \u2013 sich im Lauf der Zeit mehr und mehr auf dem K\u00f6rper abzeichnen. Die beiden Schauspieler in dieser Produktion haben nat\u00fcrlich nicht lebenslang in einer Fabrik gearbeitet. Aber K\u00f6rper sehen unterschiedlich aus mit vierunddrei\u00dfig und mit achtundsechzig Jahren. Das hei\u00dft, ich habe auf der B\u00fchne zwei M\u00e4nner unterschiedlichen Alters, mit unterschiedlichen Erfahrungshintergr\u00fcnden, die sie einbringen k\u00f6nnen, um einen gr\u00f6\u00dferen Raum zu er\u00f6ffnen, in und mit dem gespielt wird. Eine direkte Identifikation der Schauspieler mit Rollen vermeide ich in dieser Inszenierung.<\/p>\n<p><strong>Zus\u00e4tzlich zu den beiden Schauspielern spielt auf der B\u00fchne ein Live-Musiker Schlagzeug. Was tr\u00e4gt er zur Inszenierung bei?<\/strong><br \/>\nEs handelt sich bei dieser Inszenierung um ein St\u00fcck ohne dialogische Szenen, es gibt nur eine Person, einen Erz\u00e4hler, dargestellt durch zwei K\u00f6rper. Ich wollte einerseits, dass diese Erz\u00e4hlung lebendig bleibt, und andererseits suchte ich nach M\u00f6glichkeiten, den Kosmos des Vaters sp\u00fcrbar zu machen, von dem erz\u00e4hlt wird, der aber selbst nicht erz\u00e4hlt. Dieses Vaters, der in der Fabrik arbeitete. Ich bin in meinem Kopf verschiedene Instrumente durchgegangen und kam auf das Schlagzeug, das man ja auch als Batterie bezeichnet, was f\u00fcr mich f\u00fcr das Maschinelle steht. Das Ineinandergreifen von Mensch und Maschine. Schlagzeug hat etwas mit Arbeit zu tun, sichtbarer, schwei\u00dftreibender Arbeit.<br \/>\nGleichzeitig hat das Schlagzeug die M\u00f6glichkeit, die Geschichte unaufhaltsam voranzutreiben, wie ein Motor. Es gibt eine Getriebenheit, zu erz\u00e4hlen.<\/p>\n<p><strong>Was ist f\u00fcr dich \u2013 gar nicht nur auf dieses St\u00fcck bezogen \u2013 das Politische an der Arbeit, die du machst?<\/strong><br \/>\nIch versuche mich in allem, was ich tue, sei es als Schauspielerin oder als Regisseurin, mit Menschen zu besch\u00e4ftigen, mit einzelnen innerhalb oder au\u00dferhalb der Gesellschaft. Das halte ich fu\u0308r politisch. Sie nicht an g\u00e4ngige Klischees und Erkl\u00e4rungsmuster auszuliefern, sondern sie ernst zu nehmen in dem, was sie sind, was sie tun, was sie bestimmt, wovon sie tr\u00e4umen. Genau hinzusehen. Genau zu untersuchen. Womit ich mich mit Das Ende von Eddy und Wer hat meinen Vater umgebracht besch\u00e4ftige, ist auch die &#8220;soziale Frage\u201c. Die Texte spielen in einem reichen Land Mitteleuropas \u2013 das k\u00f6nnte ebenso gut Deutschland oder England sein \u2013 und der Staat und die Gesellschaft ziehen sich mehr und mehr aus ihrer sozialen Verantwortung heraus. Der Sozialstaat wird abgebaut, das Narrativ sukzessive ver\u00e4ndert: Es ist nicht mehr die Solidargemeinschaft, die Schw\u00e4chere, Kranke, Arbeitslose u.a. unterst\u00fctzt und Verantwortung \u00fcbernimmt. Sondern einzelne sind selbst schuld, keine Arbeit zu finden, krank zu werden etc. \u201eDa muss er sich halt mehr anstrengen, sich optimieren und nicht auf der sozialen H\u00e4ngematte ausruhen&#8221;. Und das ist ein Skandal. Da d\u00fcrfen wir nicht wegschauen. Wir m\u00fcssten, mit \u00c9douard Louis gesagt, doch eigentlich schreien.<\/p>\n<p><strong>Bei dieser Inszenierung Das Ende von Eddy \/ Wer hat meinen Vater umgebracht, wen w\u00fcnschst du dir im Publikum?<\/strong><br \/>\nGrunds\u00e4tzlich w\u00fcnsche ich mir alle im Publikum. Nat\u00fcrlich w\u00fcnsche ich mir oft und vor allem gerade die Menschen im Publikum, die dann nicht ins Theater gehen. Die ich immer wieder zu erreichen versuche. F\u00fcr diese Inszenierung w\u00fcnsche ich mir Menschen im Publikum, die sich durch das, was sie sehen, in ihrem Handeln befl\u00fcgeln lassen.<\/p>\n","protected":false},"excerpt":{"rendered":"F\u00dcNF FRAGEN AN DIE REGISSEURIN <a class=\"more-link\" href=\"https:\/\/freiesschauspiel.de\/en\/programm\/spielplan\/wer-hat-meinen-vater-umgebracht-das-ende-von-eddy\/fuenf-fragen-an-die-regisseurin-bettina-kaminski\">(&#8230; mehr)<\/a>","protected":false},"author":1,"featured_media":7436,"parent":7312,"menu_order":0,"comment_status":"closed","ping_status":"closed","template":"","meta":{"footnotes":""},"translation":{"provider":"WPGlobus","version":"3.0.0","language":"en","enabled_languages":["de","en"],"languages":{"de":{"title":true,"content":true,"excerpt":false},"en":{"title":false,"content":false,"excerpt":false}}},"yoast_head":"<!-- This site is optimized with the Yoast SEO plugin v23.5 - https:\/\/yoast.com\/wordpress\/plugins\/seo\/ -->\n<title>F\u00dcNF FRAGEN AN DIE REGISSEURIN BETTINA KAMINSKI - Freies Schauspiel Ensemble<\/title>\n<meta name=\"robots\" content=\"index, follow, max-snippet:-1, max-image-preview:large, max-video-preview:-1\" \/>\n<link rel=\"canonical\" href=\"https:\/\/freiesschauspiel.de\/programm\/spielplan\/wer-hat-meinen-vater-umgebracht-das-ende-von-eddy\/fuenf-fragen-an-die-regisseurin-bettina-kaminski\" \/>\n<meta property=\"og:locale\" content=\"en_US\" \/>\n<meta property=\"og:type\" content=\"article\" \/>\n<meta property=\"og:title\" content=\"F\u00dcNF FRAGEN AN DIE REGISSEURIN BETTINA KAMINSKI - Freies Schauspiel Ensemble\" \/>\n<meta property=\"og:url\" content=\"https:\/\/freiesschauspiel.de\/programm\/spielplan\/wer-hat-meinen-vater-umgebracht-das-ende-von-eddy\/fuenf-fragen-an-die-regisseurin-bettina-kaminski\" \/>\n<meta property=\"og:site_name\" content=\"Freies Schauspiel Ensemble\" \/>\n<meta property=\"article:publisher\" content=\"https:\/\/www.facebook.com\/FreiesSchauspielEnsemble\/\" \/>\n<meta property=\"article:modified_time\" content=\"2022-01-12T11:35:51+00:00\" \/>\n<meta property=\"og:image\" content=\"https:\/\/freiesschauspiel.de\/wp-content\/uploads\/2022\/01\/Header-wp-Probenfoto1.png\" \/>\n\t<meta property=\"og:image:width\" content=\"1920\" \/>\n\t<meta property=\"og:image:height\" content=\"720\" \/>\n\t<meta property=\"og:image:type\" content=\"image\/png\" \/>\n<meta name=\"twitter:card\" content=\"summary_large_image\" \/>\n<meta name=\"twitter:label1\" content=\"Est. reading time\" \/>\n\t<meta name=\"twitter:data1\" content=\"4 minutes\" \/>\n<script type=\"application\/ld+json\" class=\"yoast-schema-graph\">{\"@context\":\"https:\/\/schema.org\",\"@graph\":[{\"@type\":\"WebPage\",\"@id\":\"https:\/\/freiesschauspiel.de\/programm\/spielplan\/wer-hat-meinen-vater-umgebracht-das-ende-von-eddy\/fuenf-fragen-an-die-regisseurin-bettina-kaminski\",\"url\":\"https:\/\/freiesschauspiel.de\/programm\/spielplan\/wer-hat-meinen-vater-umgebracht-das-ende-von-eddy\/fuenf-fragen-an-die-regisseurin-bettina-kaminski\",\"name\":\"F\u00dcNF FRAGEN AN DIE REGISSEURIN BETTINA KAMINSKI - Freies Schauspiel Ensemble\",\"isPartOf\":{\"@id\":\"https:\/\/freiesschauspiel.de\/#website\"},\"primaryImageOfPage\":{\"@id\":\"https:\/\/freiesschauspiel.de\/programm\/spielplan\/wer-hat-meinen-vater-umgebracht-das-ende-von-eddy\/fuenf-fragen-an-die-regisseurin-bettina-kaminski#primaryimage\"},\"image\":{\"@id\":\"https:\/\/freiesschauspiel.de\/programm\/spielplan\/wer-hat-meinen-vater-umgebracht-das-ende-von-eddy\/fuenf-fragen-an-die-regisseurin-bettina-kaminski#primaryimage\"},\"thumbnailUrl\":\"https:\/\/freiesschauspiel.de\/wp-content\/uploads\/2022\/01\/Header-wp-Probenfoto1.png\",\"datePublished\":\"2022-01-12T11:31:57+00:00\",\"dateModified\":\"2022-01-12T11:35:51+00:00\",\"breadcrumb\":{\"@id\":\"https:\/\/freiesschauspiel.de\/programm\/spielplan\/wer-hat-meinen-vater-umgebracht-das-ende-von-eddy\/fuenf-fragen-an-die-regisseurin-bettina-kaminski#breadcrumb\"},\"inLanguage\":\"en-US\",\"potentialAction\":[{\"@type\":\"ReadAction\",\"target\":[\"https:\/\/freiesschauspiel.de\/programm\/spielplan\/wer-hat-meinen-vater-umgebracht-das-ende-von-eddy\/fuenf-fragen-an-die-regisseurin-bettina-kaminski\"]}]},{\"@type\":\"ImageObject\",\"inLanguage\":\"en-US\",\"@id\":\"https:\/\/freiesschauspiel.de\/programm\/spielplan\/wer-hat-meinen-vater-umgebracht-das-ende-von-eddy\/fuenf-fragen-an-die-regisseurin-bettina-kaminski#primaryimage\",\"url\":\"https:\/\/freiesschauspiel.de\/wp-content\/uploads\/2022\/01\/Header-wp-Probenfoto1.png\",\"contentUrl\":\"https:\/\/freiesschauspiel.de\/wp-content\/uploads\/2022\/01\/Header-wp-Probenfoto1.png\",\"width\":1920,\"height\":720},{\"@type\":\"BreadcrumbList\",\"@id\":\"https:\/\/freiesschauspiel.de\/programm\/spielplan\/wer-hat-meinen-vater-umgebracht-das-ende-von-eddy\/fuenf-fragen-an-die-regisseurin-bettina-kaminski#breadcrumb\",\"itemListElement\":[{\"@type\":\"ListItem\",\"position\":1,\"name\":\"Startseite\",\"item\":\"https:\/\/freiesschauspiel.de\/\"},{\"@type\":\"ListItem\",\"position\":2,\"name\":\"Programm\",\"item\":\"https:\/\/freiesschauspiel.de\/programm\"},{\"@type\":\"ListItem\",\"position\":3,\"name\":\"Spielplan 2025\/26\",\"item\":\"https:\/\/freiesschauspiel.de\/programm\/spielplan\"},{\"@type\":\"ListItem\",\"position\":4,\"name\":\"WER HAT MEINEN VATER UMGEBRACHT \/ DAS ENDE VON EDDY\",\"item\":\"https:\/\/freiesschauspiel.de\/programm\/spielplan\/wer-hat-meinen-vater-umgebracht-das-ende-von-eddy\"},{\"@type\":\"ListItem\",\"position\":5,\"name\":\"F\u00dcNF FRAGEN AN DIE REGISSEURIN BETTINA KAMINSKI\"}]},{\"@type\":\"WebSite\",\"@id\":\"https:\/\/freiesschauspiel.de\/#website\",\"url\":\"https:\/\/freiesschauspiel.de\/\",\"name\":\"Freies Schauspiel Ensemble\",\"description\":\"im TITANIA\",\"potentialAction\":[{\"@type\":\"SearchAction\",\"target\":{\"@type\":\"EntryPoint\",\"urlTemplate\":\"https:\/\/freiesschauspiel.de\/?s={search_term_string}\"},\"query-input\":{\"@type\":\"PropertyValueSpecification\",\"valueRequired\":true,\"valueName\":\"search_term_string\"}}],\"inLanguage\":\"en-US\"}]}<\/script>\n<!-- \/ Yoast SEO plugin. -->","yoast_head_json":{"title":"F\u00dcNF FRAGEN AN DIE REGISSEURIN BETTINA KAMINSKI - Freies Schauspiel Ensemble","robots":{"index":"index","follow":"follow","max-snippet":"max-snippet:-1","max-image-preview":"max-image-preview:large","max-video-preview":"max-video-preview:-1"},"canonical":"https:\/\/freiesschauspiel.de\/programm\/spielplan\/wer-hat-meinen-vater-umgebracht-das-ende-von-eddy\/fuenf-fragen-an-die-regisseurin-bettina-kaminski","og_locale":"en_US","og_type":"article","og_title":"F\u00dcNF FRAGEN AN DIE REGISSEURIN BETTINA KAMINSKI - Freies Schauspiel Ensemble","og_url":"https:\/\/freiesschauspiel.de\/programm\/spielplan\/wer-hat-meinen-vater-umgebracht-das-ende-von-eddy\/fuenf-fragen-an-die-regisseurin-bettina-kaminski","og_site_name":"Freies Schauspiel Ensemble","article_publisher":"https:\/\/www.facebook.com\/FreiesSchauspielEnsemble\/","article_modified_time":"2022-01-12T11:35:51+00:00","og_image":[{"width":1920,"height":720,"url":"https:\/\/freiesschauspiel.de\/wp-content\/uploads\/2022\/01\/Header-wp-Probenfoto1.png","type":"image\/png"}],"twitter_card":"summary_large_image","twitter_misc":{"Est. reading time":"4 minutes"},"schema":{"@context":"https:\/\/schema.org","@graph":[{"@type":"WebPage","@id":"https:\/\/freiesschauspiel.de\/programm\/spielplan\/wer-hat-meinen-vater-umgebracht-das-ende-von-eddy\/fuenf-fragen-an-die-regisseurin-bettina-kaminski","url":"https:\/\/freiesschauspiel.de\/programm\/spielplan\/wer-hat-meinen-vater-umgebracht-das-ende-von-eddy\/fuenf-fragen-an-die-regisseurin-bettina-kaminski","name":"F\u00dcNF FRAGEN AN DIE REGISSEURIN BETTINA KAMINSKI - Freies Schauspiel Ensemble","isPartOf":{"@id":"https:\/\/freiesschauspiel.de\/#website"},"primaryImageOfPage":{"@id":"https:\/\/freiesschauspiel.de\/programm\/spielplan\/wer-hat-meinen-vater-umgebracht-das-ende-von-eddy\/fuenf-fragen-an-die-regisseurin-bettina-kaminski#primaryimage"},"image":{"@id":"https:\/\/freiesschauspiel.de\/programm\/spielplan\/wer-hat-meinen-vater-umgebracht-das-ende-von-eddy\/fuenf-fragen-an-die-regisseurin-bettina-kaminski#primaryimage"},"thumbnailUrl":"https:\/\/freiesschauspiel.de\/wp-content\/uploads\/2022\/01\/Header-wp-Probenfoto1.png","datePublished":"2022-01-12T11:31:57+00:00","dateModified":"2022-01-12T11:35:51+00:00","breadcrumb":{"@id":"https:\/\/freiesschauspiel.de\/programm\/spielplan\/wer-hat-meinen-vater-umgebracht-das-ende-von-eddy\/fuenf-fragen-an-die-regisseurin-bettina-kaminski#breadcrumb"},"inLanguage":"en-US","potentialAction":[{"@type":"ReadAction","target":["https:\/\/freiesschauspiel.de\/programm\/spielplan\/wer-hat-meinen-vater-umgebracht-das-ende-von-eddy\/fuenf-fragen-an-die-regisseurin-bettina-kaminski"]}]},{"@type":"ImageObject","inLanguage":"en-US","@id":"https:\/\/freiesschauspiel.de\/programm\/spielplan\/wer-hat-meinen-vater-umgebracht-das-ende-von-eddy\/fuenf-fragen-an-die-regisseurin-bettina-kaminski#primaryimage","url":"https:\/\/freiesschauspiel.de\/wp-content\/uploads\/2022\/01\/Header-wp-Probenfoto1.png","contentUrl":"https:\/\/freiesschauspiel.de\/wp-content\/uploads\/2022\/01\/Header-wp-Probenfoto1.png","width":1920,"height":720},{"@type":"BreadcrumbList","@id":"https:\/\/freiesschauspiel.de\/programm\/spielplan\/wer-hat-meinen-vater-umgebracht-das-ende-von-eddy\/fuenf-fragen-an-die-regisseurin-bettina-kaminski#breadcrumb","itemListElement":[{"@type":"ListItem","position":1,"name":"Startseite","item":"https:\/\/freiesschauspiel.de\/"},{"@type":"ListItem","position":2,"name":"Programm","item":"https:\/\/freiesschauspiel.de\/programm"},{"@type":"ListItem","position":3,"name":"Spielplan 2025\/26","item":"https:\/\/freiesschauspiel.de\/programm\/spielplan"},{"@type":"ListItem","position":4,"name":"WER HAT MEINEN VATER UMGEBRACHT \/ DAS ENDE VON EDDY","item":"https:\/\/freiesschauspiel.de\/programm\/spielplan\/wer-hat-meinen-vater-umgebracht-das-ende-von-eddy"},{"@type":"ListItem","position":5,"name":"F\u00dcNF FRAGEN AN DIE REGISSEURIN BETTINA KAMINSKI"}]},{"@type":"WebSite","@id":"https:\/\/freiesschauspiel.de\/#website","url":"https:\/\/freiesschauspiel.de\/","name":"Freies Schauspiel Ensemble","description":"im TITANIA","potentialAction":[{"@type":"SearchAction","target":{"@type":"EntryPoint","urlTemplate":"https:\/\/freiesschauspiel.de\/?s={search_term_string}"},"query-input":{"@type":"PropertyValueSpecification","valueRequired":true,"valueName":"search_term_string"}}],"inLanguage":"en-US"}]}},"_links":{"self":[{"href":"https:\/\/freiesschauspiel.de\/en\/wp-json\/wp\/v2\/pages\/7430"}],"collection":[{"href":"https:\/\/freiesschauspiel.de\/en\/wp-json\/wp\/v2\/pages"}],"about":[{"href":"https:\/\/freiesschauspiel.de\/en\/wp-json\/wp\/v2\/types\/page"}],"author":[{"embeddable":true,"href":"https:\/\/freiesschauspiel.de\/en\/wp-json\/wp\/v2\/users\/1"}],"replies":[{"embeddable":true,"href":"https:\/\/freiesschauspiel.de\/en\/wp-json\/wp\/v2\/comments?post=7430"}],"version-history":[{"count":4,"href":"https:\/\/freiesschauspiel.de\/en\/wp-json\/wp\/v2\/pages\/7430\/revisions"}],"predecessor-version":[{"id":7441,"href":"https:\/\/freiesschauspiel.de\/en\/wp-json\/wp\/v2\/pages\/7430\/revisions\/7441"}],"up":[{"embeddable":true,"href":"https:\/\/freiesschauspiel.de\/en\/wp-json\/wp\/v2\/pages\/7312"}],"wp:featuredmedia":[{"embeddable":true,"href":"https:\/\/freiesschauspiel.de\/en\/wp-json\/wp\/v2\/media\/7436"}],"wp:attachment":[{"href":"https:\/\/freiesschauspiel.de\/en\/wp-json\/wp\/v2\/media?parent=7430"}],"curies":[{"name":"wp","href":"https:\/\/api.w.org\/{rel}","templated":true}]}}