{"id":7442,"date":"2022-01-12T13:39:50","date_gmt":"2022-01-12T11:39:50","guid":{"rendered":"http:\/\/freiesschauspiel.de\/?page_id=7442"},"modified":"2022-04-14T16:59:45","modified_gmt":"2022-04-14T14:59:45","slug":"sind-wir-zu-dumm-mehrheit-und-politik","status":"publish","type":"page","link":"https:\/\/freiesschauspiel.de\/en\/programm\/spielplan\/sind-wir-zu-dumm-mehrheit-und-politik","title":{"rendered":"SIND WIR ZU DUMM? &#8211; MEHRHEIT UND POLITIK"},"content":{"rendered":"<p><strong>SIND WIR ZU DUMM? &#8211; MEHRHEIT UND POLITIK<\/strong><\/p>\n<p><strong>Ein Podiumsgespr\u00e4ch mit den Bundestagsabgeordneten<br \/>\nKaweh Mansoori (SPD), Philip Kr\u00e4mer (B\u00dcNDNIS 90\/DIE GR\u00dcNEN) und Janine Wissler (DIE LINKE) sowie<br \/>\nmit Dirk Friedrichs (attac DEUTSCHLAND) und Reinhard Forst (AKTIONSGEMEINSCHAFT SCHUTZ DES OHMTALS. Widerstand gegen die A 49 und die Rodungen im Dannenr\u00f6der Forst)<\/strong><\/p>\n<p>Der gr\u00f6\u00dfte Feind unseres Gemeinwesens ist nicht die sogenannte Elite, sondern der gr\u00f6\u00dfte Feind ist die breite Mehrheit der Bev\u00f6lkerung, hei\u00dft es in der Ibsen-Bearbeitung VOLKSFEINDIN. &#8211; Tief entt\u00e4uscht durch die Wechselhaftigkeit der \u00f6ffentlichen Meinung, zweifelt die Hauptfigur des St\u00fccks, die Kur\u00e4rztin Anne Stockmann, daran, dass die breite Mehrheit der Bev\u00f6lkerung \u00fcber genug Wissen und eigenst\u00e4ndige Urteilskraft verf\u00fcgt, um durch Wahlen die Zukunft des Landes weitsichtig und verantwortungsvoll mitgestalten zu k\u00f6nnen. &#8211; Ist ihr Zweifel angesichts der Ergebnisse der letzten Bundestagswahl berechtigt? Gef\u00e4hrdet die Mehrheit der Wahlberechtigten durch ihre Wahlverhalten die Zukunft der eigenen Kinder?<\/p>\n<p><strong>Livestream verf\u00fcgbar ab Sonntag 06.03., 20:20 Uhr <\/strong><br \/>\n<a id=\"69e75e40659af\" rel=\"wp-video-lightbox\" href=\"https:\/\/www.youtube.com\/watch?v=ufOy7rupXuw&#038;width=1920&#038;height=1080\" title=\"\"><div class=\"wpvl_auto_thumb_box_wrapper\"><div class=\"wpvl_auto_thumb_box\"><img decoding=\"async\" src=\"https:\/\/img.youtube.com\/vi\/ufOy7rupXuw\/0.jpg\" class=\"video_lightbox_auto_anchor_image\" alt=\"\" \/><div class=\"wpvl_auto_thumb_play\"><img decoding=\"async\" src=\"https:\/\/freiesschauspiel.de\/wp-content\/plugins\/wp-video-lightbox\/images\/play.png\" class=\"wpvl_playbutton\" \/><\/div><\/div><\/div><\/a>    <script>\r\n    \/* <![CDATA[ *\/\r\n    jQuery(document).ready(function($){\r\n        $(function(){\r\n            var width = $(window).innerWidth();\r\n            var setwidth = parseFloat(1920);\r\n            var ratio = parseFloat(0.5625);\r\n            var height = parseFloat(1080);\r\n            var link = 'https:\/\/www.youtube.com\/watch?v=ufOy7rupXuw&amp;width=1920&amp;height=1080';\r\n            if(width < setwidth)\r\n            {\r\n                height = Math.floor(width * 0.5625);\r\n                \/\/console.log(\"device width \"+width+\", set width \"+1920+\", ratio \"+0.5625+\", new height \"+ height);\r\n                var new_url = wpvl_paramReplace('width', link, width);\r\n                var new_url = wpvl_paramReplace('height', new_url, height);\r\n                $(\"a#69e75e40659af\").attr('href', new_url);\r\n                \/\/console.log(new_url);\r\n            }\r\n        });\r\n    });\r\n    \/* ]]> *\/\r\n    <\/script>\n","protected":false},"excerpt":{"rendered":"SIND WIR ZU DUMM? &#8211; <a class=\"more-link\" href=\"https:\/\/freiesschauspiel.de\/en\/programm\/spielplan\/sind-wir-zu-dumm-mehrheit-und-politik\">(&#8230; mehr)<\/a>","protected":false},"author":1,"featured_media":7630,"parent":2,"menu_order":0,"comment_status":"closed","ping_status":"closed","template":"","meta":{"footnotes":""},"translation":{"provider":"WPGlobus","version":"3.0.0","language":"en","enabled_languages":["de","en"],"languages":{"de":{"title":true,"content":true,"excerpt":false},"en":{"title":false,"content":false,"excerpt":false}}},"yoast_head":"<!-- This site is optimized with the Yoast SEO plugin v23.5 - https:\/\/yoast.com\/wordpress\/plugins\/seo\/ -->\n<title>SIND WIR ZU DUMM? - MEHRHEIT UND POLITIK - Freies Schauspiel Ensemble<\/title>\n<meta name=\"robots\" content=\"index, follow, max-snippet:-1, max-image-preview:large, max-video-preview:-1\" \/>\n<link rel=\"canonical\" href=\"https:\/\/freiesschauspiel.de\/programm\/spielplan\/sind-wir-zu-dumm-mehrheit-und-politik\" \/>\n<meta property=\"og:locale\" content=\"en_US\" \/>\n<meta property=\"og:type\" content=\"article\" \/>\n<meta property=\"og:title\" content=\"SIND WIR ZU DUMM? - MEHRHEIT UND POLITIK - Freies Schauspiel Ensemble\" \/>\n<meta property=\"og:url\" content=\"https:\/\/freiesschauspiel.de\/programm\/spielplan\/sind-wir-zu-dumm-mehrheit-und-politik\" \/>\n<meta property=\"og:site_name\" content=\"Freies Schauspiel Ensemble\" \/>\n<meta property=\"article:publisher\" content=\"https:\/\/www.facebook.com\/FreiesSchauspielEnsemble\/\" \/>\n<meta property=\"article:modified_time\" content=\"2022-04-14T14:59:45+00:00\" \/>\n<meta property=\"og:image\" content=\"https:\/\/freiesschauspiel.de\/wp-content\/uploads\/2022\/03\/Header-Diskussion-SIND-WIR-ZU-DUMM.jpg\" \/>\n\t<meta property=\"og:image:width\" content=\"860\" \/>\n\t<meta property=\"og:image:height\" content=\"322\" \/>\n\t<meta property=\"og:image:type\" content=\"image\/jpeg\" \/>\n<meta name=\"twitter:card\" content=\"summary_large_image\" \/>\n<meta name=\"twitter:label1\" content=\"Est. reading time\" \/>\n\t<meta name=\"twitter:data1\" content=\"1 minute\" \/>\n<script type=\"application\/ld+json\" class=\"yoast-schema-graph\">{\"@context\":\"https:\/\/schema.org\",\"@graph\":[{\"@type\":\"WebPage\",\"@id\":\"https:\/\/freiesschauspiel.de\/programm\/spielplan\/sind-wir-zu-dumm-mehrheit-und-politik\",\"url\":\"https:\/\/freiesschauspiel.de\/programm\/spielplan\/sind-wir-zu-dumm-mehrheit-und-politik\",\"name\":\"SIND WIR ZU DUMM? - MEHRHEIT UND POLITIK - Freies Schauspiel Ensemble\",\"isPartOf\":{\"@id\":\"https:\/\/freiesschauspiel.de\/#website\"},\"primaryImageOfPage\":{\"@id\":\"https:\/\/freiesschauspiel.de\/programm\/spielplan\/sind-wir-zu-dumm-mehrheit-und-politik#primaryimage\"},\"image\":{\"@id\":\"https:\/\/freiesschauspiel.de\/programm\/spielplan\/sind-wir-zu-dumm-mehrheit-und-politik#primaryimage\"},\"thumbnailUrl\":\"https:\/\/freiesschauspiel.de\/wp-content\/uploads\/2022\/03\/Header-Diskussion-SIND-WIR-ZU-DUMM.jpg\",\"datePublished\":\"2022-01-12T11:39:50+00:00\",\"dateModified\":\"2022-04-14T14:59:45+00:00\",\"breadcrumb\":{\"@id\":\"https:\/\/freiesschauspiel.de\/programm\/spielplan\/sind-wir-zu-dumm-mehrheit-und-politik#breadcrumb\"},\"inLanguage\":\"en-US\",\"potentialAction\":[{\"@type\":\"ReadAction\",\"target\":[\"https:\/\/freiesschauspiel.de\/programm\/spielplan\/sind-wir-zu-dumm-mehrheit-und-politik\"]}]},{\"@type\":\"ImageObject\",\"inLanguage\":\"en-US\",\"@id\":\"https:\/\/freiesschauspiel.de\/programm\/spielplan\/sind-wir-zu-dumm-mehrheit-und-politik#primaryimage\",\"url\":\"https:\/\/freiesschauspiel.de\/wp-content\/uploads\/2022\/03\/Header-Diskussion-SIND-WIR-ZU-DUMM.jpg\",\"contentUrl\":\"https:\/\/freiesschauspiel.de\/wp-content\/uploads\/2022\/03\/Header-Diskussion-SIND-WIR-ZU-DUMM.jpg\",\"width\":30189,\"height\":11315},{\"@type\":\"BreadcrumbList\",\"@id\":\"https:\/\/freiesschauspiel.de\/programm\/spielplan\/sind-wir-zu-dumm-mehrheit-und-politik#breadcrumb\",\"itemListElement\":[{\"@type\":\"ListItem\",\"position\":1,\"name\":\"Startseite\",\"item\":\"https:\/\/freiesschauspiel.de\/\"},{\"@type\":\"ListItem\",\"position\":2,\"name\":\"Programm\",\"item\":\"https:\/\/freiesschauspiel.de\/programm\"},{\"@type\":\"ListItem\",\"position\":3,\"name\":\"Spielplan 2025\/26\",\"item\":\"https:\/\/freiesschauspiel.de\/programm\/spielplan\"},{\"@type\":\"ListItem\",\"position\":4,\"name\":\"SIND WIR ZU DUMM? &#8211; MEHRHEIT UND POLITIK\"}]},{\"@type\":\"WebSite\",\"@id\":\"https:\/\/freiesschauspiel.de\/#website\",\"url\":\"https:\/\/freiesschauspiel.de\/\",\"name\":\"Freies Schauspiel Ensemble\",\"description\":\"im TITANIA\",\"potentialAction\":[{\"@type\":\"SearchAction\",\"target\":{\"@type\":\"EntryPoint\",\"urlTemplate\":\"https:\/\/freiesschauspiel.de\/?s={search_term_string}\"},\"query-input\":{\"@type\":\"PropertyValueSpecification\",\"valueRequired\":true,\"valueName\":\"search_term_string\"}}],\"inLanguage\":\"en-US\"}]}<\/script>\n<!-- \/ Yoast SEO plugin. -->","yoast_head_json":{"title":"SIND WIR ZU DUMM? - MEHRHEIT UND POLITIK - Freies Schauspiel Ensemble","robots":{"index":"index","follow":"follow","max-snippet":"max-snippet:-1","max-image-preview":"max-image-preview:large","max-video-preview":"max-video-preview:-1"},"canonical":"https:\/\/freiesschauspiel.de\/programm\/spielplan\/sind-wir-zu-dumm-mehrheit-und-politik","og_locale":"en_US","og_type":"article","og_title":"SIND WIR ZU DUMM? - MEHRHEIT UND POLITIK - Freies Schauspiel Ensemble","og_url":"https:\/\/freiesschauspiel.de\/programm\/spielplan\/sind-wir-zu-dumm-mehrheit-und-politik","og_site_name":"Freies Schauspiel Ensemble","article_publisher":"https:\/\/www.facebook.com\/FreiesSchauspielEnsemble\/","article_modified_time":"2022-04-14T14:59:45+00:00","og_image":[{"url":"https:\/\/freiesschauspiel.de\/wp-content\/uploads\/2022\/03\/Header-Diskussion-SIND-WIR-ZU-DUMM.jpg","width":860,"height":322,"type":"image\/jpeg"}],"twitter_card":"summary_large_image","twitter_misc":{"Est. reading time":"1 minute"},"schema":{"@context":"https:\/\/schema.org","@graph":[{"@type":"WebPage","@id":"https:\/\/freiesschauspiel.de\/programm\/spielplan\/sind-wir-zu-dumm-mehrheit-und-politik","url":"https:\/\/freiesschauspiel.de\/programm\/spielplan\/sind-wir-zu-dumm-mehrheit-und-politik","name":"SIND WIR ZU DUMM? - MEHRHEIT UND POLITIK - Freies Schauspiel Ensemble","isPartOf":{"@id":"https:\/\/freiesschauspiel.de\/#website"},"primaryImageOfPage":{"@id":"https:\/\/freiesschauspiel.de\/programm\/spielplan\/sind-wir-zu-dumm-mehrheit-und-politik#primaryimage"},"image":{"@id":"https:\/\/freiesschauspiel.de\/programm\/spielplan\/sind-wir-zu-dumm-mehrheit-und-politik#primaryimage"},"thumbnailUrl":"https:\/\/freiesschauspiel.de\/wp-content\/uploads\/2022\/03\/Header-Diskussion-SIND-WIR-ZU-DUMM.jpg","datePublished":"2022-01-12T11:39:50+00:00","dateModified":"2022-04-14T14:59:45+00:00","breadcrumb":{"@id":"https:\/\/freiesschauspiel.de\/programm\/spielplan\/sind-wir-zu-dumm-mehrheit-und-politik#breadcrumb"},"inLanguage":"en-US","potentialAction":[{"@type":"ReadAction","target":["https:\/\/freiesschauspiel.de\/programm\/spielplan\/sind-wir-zu-dumm-mehrheit-und-politik"]}]},{"@type":"ImageObject","inLanguage":"en-US","@id":"https:\/\/freiesschauspiel.de\/programm\/spielplan\/sind-wir-zu-dumm-mehrheit-und-politik#primaryimage","url":"https:\/\/freiesschauspiel.de\/wp-content\/uploads\/2022\/03\/Header-Diskussion-SIND-WIR-ZU-DUMM.jpg","contentUrl":"https:\/\/freiesschauspiel.de\/wp-content\/uploads\/2022\/03\/Header-Diskussion-SIND-WIR-ZU-DUMM.jpg","width":30189,"height":11315},{"@type":"BreadcrumbList","@id":"https:\/\/freiesschauspiel.de\/programm\/spielplan\/sind-wir-zu-dumm-mehrheit-und-politik#breadcrumb","itemListElement":[{"@type":"ListItem","position":1,"name":"Startseite","item":"https:\/\/freiesschauspiel.de\/"},{"@type":"ListItem","position":2,"name":"Programm","item":"https:\/\/freiesschauspiel.de\/programm"},{"@type":"ListItem","position":3,"name":"Spielplan 2025\/26","item":"https:\/\/freiesschauspiel.de\/programm\/spielplan"},{"@type":"ListItem","position":4,"name":"SIND WIR ZU DUMM? &#8211; MEHRHEIT UND POLITIK"}]},{"@type":"WebSite","@id":"https:\/\/freiesschauspiel.de\/#website","url":"https:\/\/freiesschauspiel.de\/","name":"Freies Schauspiel Ensemble","description":"im TITANIA","potentialAction":[{"@type":"SearchAction","target":{"@type":"EntryPoint","urlTemplate":"https:\/\/freiesschauspiel.de\/?s={search_term_string}"},"query-input":{"@type":"PropertyValueSpecification","valueRequired":true,"valueName":"search_term_string"}}],"inLanguage":"en-US"}]}},"_links":{"self":[{"href":"https:\/\/freiesschauspiel.de\/en\/wp-json\/wp\/v2\/pages\/7442"}],"collection":[{"href":"https:\/\/freiesschauspiel.de\/en\/wp-json\/wp\/v2\/pages"}],"about":[{"href":"https:\/\/freiesschauspiel.de\/en\/wp-json\/wp\/v2\/types\/page"}],"author":[{"embeddable":true,"href":"https:\/\/freiesschauspiel.de\/en\/wp-json\/wp\/v2\/users\/1"}],"replies":[{"embeddable":true,"href":"https:\/\/freiesschauspiel.de\/en\/wp-json\/wp\/v2\/comments?post=7442"}],"version-history":[{"count":6,"href":"https:\/\/freiesschauspiel.de\/en\/wp-json\/wp\/v2\/pages\/7442\/revisions"}],"predecessor-version":[{"id":7682,"href":"https:\/\/freiesschauspiel.de\/en\/wp-json\/wp\/v2\/pages\/7442\/revisions\/7682"}],"up":[{"embeddable":true,"href":"https:\/\/freiesschauspiel.de\/en\/wp-json\/wp\/v2\/pages\/2"}],"wp:featuredmedia":[{"embeddable":true,"href":"https:\/\/freiesschauspiel.de\/en\/wp-json\/wp\/v2\/media\/7630"}],"wp:attachment":[{"href":"https:\/\/freiesschauspiel.de\/en\/wp-json\/wp\/v2\/media?parent=7442"}],"curies":[{"name":"wp","href":"https:\/\/api.w.org\/{rel}","templated":true}]}}