{"id":7681,"date":"2022-04-14T17:07:56","date_gmt":"2022-04-14T15:07:56","guid":{"rendered":"http:\/\/freiesschauspiel.de\/?page_id=7681"},"modified":"2022-04-27T13:04:08","modified_gmt":"2022-04-27T11:04:08","slug":"fetisch-arbeit","status":"publish","type":"page","link":"https:\/\/freiesschauspiel.de\/en\/programm\/spielplan\/fetisch-arbeit","title":{"rendered":"FETISCH ARBEIT &#8211; Programmreihe im Rahmen des 1. Mai"},"content":{"rendered":"<h3><strong>FETISCH ARBEIT &#8211; Programmreihe im Rahmen des 1. Mai<\/strong><\/h3>\n[table \u201c010522\u201d not found \/]<br \/>\n\n<p><strong>AM LAUFENDEN BAND<\/strong><br \/>\nLesung mit Musik<br \/>\nAn den Worten: Bettina Kaminski, Ives Pancera<br \/>\nAm Cello: Laura Maria Bastian<br \/>\n<em><br \/>\nEine Veranstaltung der Fraktion DIE LINKE im R\u00f6mer und der Rosa-Luxemburg-Stiftung Hessen in Kooperation mit dem Freien Schauspiel Ensemble.<\/em><\/p>\n<p>Eine spannende Konfrontation von Texten aus dem gleichnamigen Prosagedicht des zeitgen\u00f6ssischen Autors Joseph Ponthus und Zitaten aus den humanistischen Fr\u00fchschriften von Karl Marx \u00fcber entfremdete Arbeit. Ponthus stand zweieinhalb Jahre lang in den Fischfabriken und Schlachth\u00f6fen der Bretagne am Flie\u00dfband. Seine Erlebnisse, Gedanken und Gef\u00fchle aus dieser Zeit hat er zu einem leichtf\u00fc\u00dfigen, z\u00e4rtlichen aber auch best\u00fcrzenden Versroman verdichtet. Es verbl\u00fcfft, wie erschreckend aktuell die philosophischen Er\u00f6rterungen von Karl Marx aus der Mitte des 19. Jahrhunderts den Erlebnisbericht aus der Gegenwart kommentieren.<\/p>\n<p><strong><br \/>\nFETISCH ARBEIT &#8211; UND DIE FOLGEN<\/strong><br \/>\nPodiumsgespr\u00e4ch<\/p>\n<p><em>Eine Veranstaltung der Fraktion DIE LINKE im R\u00f6mer und der Rosa-Luxemburg-Stiftung Hessen in Kooperation mit dem Freien Schauspiel Ensemble.<\/em><\/p>\n<p>Viel ist immer wieder von den &#8220;hart arbeitenden kleinen Leuten&#8221; zu h\u00f6ren. Das erinnert sehr an die biblische Drohung: &#8220;Im Schwei\u00dfe deines Angesichts sollst du dein Brot essen&#8221;. Der 1. Mai mutierte vom &#8220;Kampftag der Arbeiterklasse&#8221; zum &#8220;Tag der Arbeit&#8221; &#8211; auch bei den bundesdeutschen Gewerkschaften. Wie sieht es nun aus mit den verschiedenen Facetten der Arbeitswelt in der angeblichen Banken- und Dienstleistungsstadt Frankfurt am Main? Mit den hochbezahlten Freelancern der IT Branche auf der einen und den s\u00fcdosteurop\u00e4ischen Wander- und Saisonarbeiter*innen auf der anderen Seite? Wie steht es mit den Arbeitspl\u00e4tzen bei Mc Donalds und anderen Betrieben der Systemgastronomie? W\u00e4chst nicht an den Frankfurter Universit\u00e4ten mit Zeitvertr\u00e4gen in Forschung und Lehre ein akademisches Proletariat heran? Sind in der Freien Kulturszene die Zeiten von ungewissen, unbefristeten Engagements, systemischer Unterbezahlung und Selbstausbeutung vorbei?<br \/>\nK\u00f6nnen Menschen aus so unterschiedlichen Arbeitsbereichen und Lebenssituationen zusammenfinden, um sich gemeinsam f\u00fcr eine Verbesserung ihrer Lebens-und Arbeitsbedingungen einzusetzen, statt dass jede Interessengruppe f\u00fcr sich allein k\u00e4mpft?<br \/>\nUnd was sollte Kommunalpolitik leisten, um ein Auseinanderdriften der Interessengruppen zu verhindern und den gesellschaftlichen Zusammenhalt in Frankfurt zu sichern.<\/p>\n<p>Dar\u00fcber diskutieren wir mit:<br \/>\nHendrik Hallier, Sekret\u00e4r der Gewerkschaft NGG, Region Rhein-Main<br \/>\nReinhard Hinzpeter, Freies Schauspiel Ensemble Frankfurt<br \/>\nDominike Pauli, Fraktionsvorsitzende DIE LINKE im R\u00f6mer<br \/>\nHerbert Storn, Mitglied im Landesvorstand der GEW, Hessen<br \/>\nModeration: Dieter Storck <\/p>\n","protected":false},"excerpt":{"rendered":"FETISCH ARBEIT &#8211; Programmreihe im <a class=\"more-link\" href=\"https:\/\/freiesschauspiel.de\/en\/programm\/spielplan\/fetisch-arbeit\">(&#8230; mehr)<\/a>","protected":false},"author":1,"featured_media":7716,"parent":2,"menu_order":0,"comment_status":"closed","ping_status":"closed","template":"","meta":{"footnotes":""},"translation":{"provider":"WPGlobus","version":"3.0.0","language":"en","enabled_languages":["de","en"],"languages":{"de":{"title":true,"content":true,"excerpt":false},"en":{"title":false,"content":false,"excerpt":false}}},"yoast_head":"<!-- This site is optimized with the Yoast SEO plugin v23.5 - https:\/\/yoast.com\/wordpress\/plugins\/seo\/ -->\n<title>FETISCH ARBEIT - Programmreihe im Rahmen des 1. Mai - Freies Schauspiel Ensemble<\/title>\n<meta name=\"robots\" content=\"index, follow, max-snippet:-1, max-image-preview:large, max-video-preview:-1\" \/>\n<link rel=\"canonical\" href=\"https:\/\/freiesschauspiel.de\/programm\/spielplan\/fetisch-arbeit\" \/>\n<meta property=\"og:locale\" content=\"en_US\" \/>\n<meta property=\"og:type\" content=\"article\" \/>\n<meta property=\"og:title\" content=\"FETISCH ARBEIT - Programmreihe im Rahmen des 1. Mai - Freies Schauspiel Ensemble\" \/>\n<meta property=\"og:url\" content=\"https:\/\/freiesschauspiel.de\/programm\/spielplan\/fetisch-arbeit\" \/>\n<meta property=\"og:site_name\" content=\"Freies Schauspiel Ensemble\" \/>\n<meta property=\"article:publisher\" content=\"https:\/\/www.facebook.com\/FreiesSchauspielEnsemble\/\" \/>\n<meta property=\"article:modified_time\" content=\"2022-04-27T11:04:08+00:00\" \/>\n<meta property=\"og:image\" content=\"https:\/\/freiesschauspiel.de\/wp-content\/uploads\/2022\/04\/WP-Header-FETISCH-ARBEIT-1.png\" \/>\n\t<meta property=\"og:image:width\" content=\"1920\" \/>\n\t<meta property=\"og:image:height\" content=\"720\" \/>\n\t<meta property=\"og:image:type\" content=\"image\/png\" \/>\n<meta name=\"twitter:card\" content=\"summary_large_image\" \/>\n<meta name=\"twitter:label1\" content=\"Est. reading time\" \/>\n\t<meta name=\"twitter:data1\" content=\"2 minutes\" \/>\n<script type=\"application\/ld+json\" class=\"yoast-schema-graph\">{\"@context\":\"https:\/\/schema.org\",\"@graph\":[{\"@type\":\"WebPage\",\"@id\":\"https:\/\/freiesschauspiel.de\/programm\/spielplan\/fetisch-arbeit\",\"url\":\"https:\/\/freiesschauspiel.de\/programm\/spielplan\/fetisch-arbeit\",\"name\":\"FETISCH ARBEIT - Programmreihe im Rahmen des 1. Mai - Freies Schauspiel Ensemble\",\"isPartOf\":{\"@id\":\"https:\/\/freiesschauspiel.de\/#website\"},\"primaryImageOfPage\":{\"@id\":\"https:\/\/freiesschauspiel.de\/programm\/spielplan\/fetisch-arbeit#primaryimage\"},\"image\":{\"@id\":\"https:\/\/freiesschauspiel.de\/programm\/spielplan\/fetisch-arbeit#primaryimage\"},\"thumbnailUrl\":\"https:\/\/freiesschauspiel.de\/wp-content\/uploads\/2022\/04\/WP-Header-FETISCH-ARBEIT-1.png\",\"datePublished\":\"2022-04-14T15:07:56+00:00\",\"dateModified\":\"2022-04-27T11:04:08+00:00\",\"breadcrumb\":{\"@id\":\"https:\/\/freiesschauspiel.de\/programm\/spielplan\/fetisch-arbeit#breadcrumb\"},\"inLanguage\":\"en-US\",\"potentialAction\":[{\"@type\":\"ReadAction\",\"target\":[\"https:\/\/freiesschauspiel.de\/programm\/spielplan\/fetisch-arbeit\"]}]},{\"@type\":\"ImageObject\",\"inLanguage\":\"en-US\",\"@id\":\"https:\/\/freiesschauspiel.de\/programm\/spielplan\/fetisch-arbeit#primaryimage\",\"url\":\"https:\/\/freiesschauspiel.de\/wp-content\/uploads\/2022\/04\/WP-Header-FETISCH-ARBEIT-1.png\",\"contentUrl\":\"https:\/\/freiesschauspiel.de\/wp-content\/uploads\/2022\/04\/WP-Header-FETISCH-ARBEIT-1.png\",\"width\":1920,\"height\":720},{\"@type\":\"BreadcrumbList\",\"@id\":\"https:\/\/freiesschauspiel.de\/programm\/spielplan\/fetisch-arbeit#breadcrumb\",\"itemListElement\":[{\"@type\":\"ListItem\",\"position\":1,\"name\":\"Startseite\",\"item\":\"https:\/\/freiesschauspiel.de\/\"},{\"@type\":\"ListItem\",\"position\":2,\"name\":\"Programm\",\"item\":\"https:\/\/freiesschauspiel.de\/programm\"},{\"@type\":\"ListItem\",\"position\":3,\"name\":\"Spielplan 2025\/26\",\"item\":\"https:\/\/freiesschauspiel.de\/programm\/spielplan\"},{\"@type\":\"ListItem\",\"position\":4,\"name\":\"FETISCH ARBEIT &#8211; Programmreihe im Rahmen des 1. Mai\"}]},{\"@type\":\"WebSite\",\"@id\":\"https:\/\/freiesschauspiel.de\/#website\",\"url\":\"https:\/\/freiesschauspiel.de\/\",\"name\":\"Freies Schauspiel Ensemble\",\"description\":\"im TITANIA\",\"potentialAction\":[{\"@type\":\"SearchAction\",\"target\":{\"@type\":\"EntryPoint\",\"urlTemplate\":\"https:\/\/freiesschauspiel.de\/?s={search_term_string}\"},\"query-input\":{\"@type\":\"PropertyValueSpecification\",\"valueRequired\":true,\"valueName\":\"search_term_string\"}}],\"inLanguage\":\"en-US\"}]}<\/script>\n<!-- \/ Yoast SEO plugin. -->","yoast_head_json":{"title":"FETISCH ARBEIT - Programmreihe im Rahmen des 1. Mai - Freies Schauspiel Ensemble","robots":{"index":"index","follow":"follow","max-snippet":"max-snippet:-1","max-image-preview":"max-image-preview:large","max-video-preview":"max-video-preview:-1"},"canonical":"https:\/\/freiesschauspiel.de\/programm\/spielplan\/fetisch-arbeit","og_locale":"en_US","og_type":"article","og_title":"FETISCH ARBEIT - Programmreihe im Rahmen des 1. Mai - Freies Schauspiel Ensemble","og_url":"https:\/\/freiesschauspiel.de\/programm\/spielplan\/fetisch-arbeit","og_site_name":"Freies Schauspiel Ensemble","article_publisher":"https:\/\/www.facebook.com\/FreiesSchauspielEnsemble\/","article_modified_time":"2022-04-27T11:04:08+00:00","og_image":[{"width":1920,"height":720,"url":"https:\/\/freiesschauspiel.de\/wp-content\/uploads\/2022\/04\/WP-Header-FETISCH-ARBEIT-1.png","type":"image\/png"}],"twitter_card":"summary_large_image","twitter_misc":{"Est. reading time":"2 minutes"},"schema":{"@context":"https:\/\/schema.org","@graph":[{"@type":"WebPage","@id":"https:\/\/freiesschauspiel.de\/programm\/spielplan\/fetisch-arbeit","url":"https:\/\/freiesschauspiel.de\/programm\/spielplan\/fetisch-arbeit","name":"FETISCH ARBEIT - Programmreihe im Rahmen des 1. Mai - Freies Schauspiel Ensemble","isPartOf":{"@id":"https:\/\/freiesschauspiel.de\/#website"},"primaryImageOfPage":{"@id":"https:\/\/freiesschauspiel.de\/programm\/spielplan\/fetisch-arbeit#primaryimage"},"image":{"@id":"https:\/\/freiesschauspiel.de\/programm\/spielplan\/fetisch-arbeit#primaryimage"},"thumbnailUrl":"https:\/\/freiesschauspiel.de\/wp-content\/uploads\/2022\/04\/WP-Header-FETISCH-ARBEIT-1.png","datePublished":"2022-04-14T15:07:56+00:00","dateModified":"2022-04-27T11:04:08+00:00","breadcrumb":{"@id":"https:\/\/freiesschauspiel.de\/programm\/spielplan\/fetisch-arbeit#breadcrumb"},"inLanguage":"en-US","potentialAction":[{"@type":"ReadAction","target":["https:\/\/freiesschauspiel.de\/programm\/spielplan\/fetisch-arbeit"]}]},{"@type":"ImageObject","inLanguage":"en-US","@id":"https:\/\/freiesschauspiel.de\/programm\/spielplan\/fetisch-arbeit#primaryimage","url":"https:\/\/freiesschauspiel.de\/wp-content\/uploads\/2022\/04\/WP-Header-FETISCH-ARBEIT-1.png","contentUrl":"https:\/\/freiesschauspiel.de\/wp-content\/uploads\/2022\/04\/WP-Header-FETISCH-ARBEIT-1.png","width":1920,"height":720},{"@type":"BreadcrumbList","@id":"https:\/\/freiesschauspiel.de\/programm\/spielplan\/fetisch-arbeit#breadcrumb","itemListElement":[{"@type":"ListItem","position":1,"name":"Startseite","item":"https:\/\/freiesschauspiel.de\/"},{"@type":"ListItem","position":2,"name":"Programm","item":"https:\/\/freiesschauspiel.de\/programm"},{"@type":"ListItem","position":3,"name":"Spielplan 2025\/26","item":"https:\/\/freiesschauspiel.de\/programm\/spielplan"},{"@type":"ListItem","position":4,"name":"FETISCH ARBEIT &#8211; Programmreihe im Rahmen des 1. Mai"}]},{"@type":"WebSite","@id":"https:\/\/freiesschauspiel.de\/#website","url":"https:\/\/freiesschauspiel.de\/","name":"Freies Schauspiel Ensemble","description":"im TITANIA","potentialAction":[{"@type":"SearchAction","target":{"@type":"EntryPoint","urlTemplate":"https:\/\/freiesschauspiel.de\/?s={search_term_string}"},"query-input":{"@type":"PropertyValueSpecification","valueRequired":true,"valueName":"search_term_string"}}],"inLanguage":"en-US"}]}},"_links":{"self":[{"href":"https:\/\/freiesschauspiel.de\/en\/wp-json\/wp\/v2\/pages\/7681"}],"collection":[{"href":"https:\/\/freiesschauspiel.de\/en\/wp-json\/wp\/v2\/pages"}],"about":[{"href":"https:\/\/freiesschauspiel.de\/en\/wp-json\/wp\/v2\/types\/page"}],"author":[{"embeddable":true,"href":"https:\/\/freiesschauspiel.de\/en\/wp-json\/wp\/v2\/users\/1"}],"replies":[{"embeddable":true,"href":"https:\/\/freiesschauspiel.de\/en\/wp-json\/wp\/v2\/comments?post=7681"}],"version-history":[{"count":11,"href":"https:\/\/freiesschauspiel.de\/en\/wp-json\/wp\/v2\/pages\/7681\/revisions"}],"predecessor-version":[{"id":7691,"href":"https:\/\/freiesschauspiel.de\/en\/wp-json\/wp\/v2\/pages\/7681\/revisions\/7691"}],"up":[{"embeddable":true,"href":"https:\/\/freiesschauspiel.de\/en\/wp-json\/wp\/v2\/pages\/2"}],"wp:featuredmedia":[{"embeddable":true,"href":"https:\/\/freiesschauspiel.de\/en\/wp-json\/wp\/v2\/media\/7716"}],"wp:attachment":[{"href":"https:\/\/freiesschauspiel.de\/en\/wp-json\/wp\/v2\/media?parent=7681"}],"curies":[{"name":"wp","href":"https:\/\/api.w.org\/{rel}","templated":true}]}}