{"id":7840,"date":"2022-08-06T10:50:44","date_gmt":"2022-08-06T08:50:44","guid":{"rendered":"http:\/\/freiesschauspiel.de\/?page_id=7840"},"modified":"2022-09-21T14:36:32","modified_gmt":"2022-09-21T12:36:32","slug":"was-kann-theater-podiumsgespraech","status":"publish","type":"page","link":"https:\/\/freiesschauspiel.de\/en\/programm\/werkschau\/was-kann-theater-podiumsgespraech","title":{"rendered":"WAS KANN THEATER? &#8211; Podiumsgespr\u00e4ch"},"content":{"rendered":"<p><img loading=\"lazy\" decoding=\"async\" class=\"aligncenter wp-image-7778 size-large\" src=\"http:\/\/freiesschauspiel.de\/wp-content\/uploads\/2022\/08\/Logo-1024x615.jpg\" alt=\"\" width=\"860\" height=\"517\" srcset=\"https:\/\/freiesschauspiel.de\/wp-content\/uploads\/2022\/08\/Logo-1024x615.jpg 1024w, https:\/\/freiesschauspiel.de\/wp-content\/uploads\/2022\/08\/Logo-300x180.jpg 300w, https:\/\/freiesschauspiel.de\/wp-content\/uploads\/2022\/08\/Logo-768x461.jpg 768w, https:\/\/freiesschauspiel.de\/wp-content\/uploads\/2022\/08\/Logo-1536x922.jpg 1536w, https:\/\/freiesschauspiel.de\/wp-content\/uploads\/2022\/08\/Logo.jpg 2005w\" sizes=\"(max-width: 860px) 100vw, 860px\" \/><\/p>\n<h2 style=\"text-align: left;\"><strong>WAS KANN THEATER?<\/strong><\/h2>\n<h3>Podiumsdiskussion mit Theaterbesessenen<\/h3>\n<h4>W\u00e4hrend der Pandemie-bedingten Lockdowns der vergangenen Jahre waren auch die Theater monatelang geschlossen. Und die Aufregung bei Theaterschaffenden und Publikum war gro\u00df, \u201eweil die Theater doch so eine wichtige Rolle im gesellschaftlichen Leben spielen.\u201c Aber ist das wirklich so? Wir haben das Fernsehen, das Internet, die reich best\u00fcckten Mediatheken, die Streamingdienste. Was sind die einzigartigen F\u00e4higkeiten und St\u00e4rken des Theaters, das es so wichtig f\u00fcr die Gesellschaft, so unersetzbar f\u00fcr viele Menschen macht? Und: Sind diese besonderen kreativen M\u00f6glichkeiten schon alle entdeckt und erprobt?<\/h4>\n<h4>Zu Gast: Carl Hegemann, Dramaturg; Eleonora Herder, Regisseurin; Yana Prinsloo, Theaterwissenschaftlerin; Reinhard Hinzpeter, Regisseur \/ Moderation: Eva-Maria Magel<\/h4>\n<p>&nbsp;<\/p>\n<h4>Termin<br \/>\nMi, 21.09. 20 Uhr \/ Eintritt frei<\/p>\n","protected":false},"excerpt":{"rendered":"WAS KANN THEATER? Podiumsdiskussion mit <a class=\"more-link\" href=\"https:\/\/freiesschauspiel.de\/en\/programm\/werkschau\/was-kann-theater-podiumsgespraech\">(&#8230; mehr)<\/a>","protected":false},"author":1,"featured_media":0,"parent":7812,"menu_order":0,"comment_status":"closed","ping_status":"closed","template":"","meta":{"footnotes":""},"translation":{"provider":"WPGlobus","version":"3.0.0","language":"en","enabled_languages":["de","en"],"languages":{"de":{"title":true,"content":true,"excerpt":false},"en":{"title":false,"content":false,"excerpt":false}}},"yoast_head":"<!-- This site is optimized with the Yoast SEO plugin v23.5 - https:\/\/yoast.com\/wordpress\/plugins\/seo\/ -->\n<title>WAS KANN THEATER? - Podiumsgespr\u00e4ch - Freies Schauspiel Ensemble<\/title>\n<meta name=\"robots\" content=\"index, follow, max-snippet:-1, max-image-preview:large, max-video-preview:-1\" \/>\n<link rel=\"canonical\" href=\"https:\/\/freiesschauspiel.de\/programm\/werkschau\/was-kann-theater-podiumsgespraech\" \/>\n<meta property=\"og:locale\" content=\"en_US\" \/>\n<meta property=\"og:type\" content=\"article\" \/>\n<meta property=\"og:title\" content=\"WAS KANN THEATER? - Podiumsgespr\u00e4ch - Freies Schauspiel Ensemble\" \/>\n<meta property=\"og:url\" content=\"https:\/\/freiesschauspiel.de\/programm\/werkschau\/was-kann-theater-podiumsgespraech\" \/>\n<meta property=\"og:site_name\" content=\"Freies Schauspiel Ensemble\" \/>\n<meta property=\"article:publisher\" content=\"https:\/\/www.facebook.com\/FreiesSchauspielEnsemble\/\" \/>\n<meta property=\"article:modified_time\" content=\"2022-09-21T12:36:32+00:00\" \/>\n<meta property=\"og:image\" content=\"http:\/\/freiesschauspiel.de\/wp-content\/uploads\/2022\/08\/Logo-1024x615.jpg\" \/>\n<meta name=\"twitter:card\" content=\"summary_large_image\" \/>\n<meta name=\"twitter:label1\" content=\"Est. reading time\" \/>\n\t<meta name=\"twitter:data1\" content=\"1 minute\" \/>\n<script type=\"application\/ld+json\" class=\"yoast-schema-graph\">{\"@context\":\"https:\/\/schema.org\",\"@graph\":[{\"@type\":\"WebPage\",\"@id\":\"https:\/\/freiesschauspiel.de\/programm\/werkschau\/was-kann-theater-podiumsgespraech\",\"url\":\"https:\/\/freiesschauspiel.de\/programm\/werkschau\/was-kann-theater-podiumsgespraech\",\"name\":\"WAS KANN THEATER? - Podiumsgespr\u00e4ch - Freies Schauspiel Ensemble\",\"isPartOf\":{\"@id\":\"https:\/\/freiesschauspiel.de\/#website\"},\"primaryImageOfPage\":{\"@id\":\"https:\/\/freiesschauspiel.de\/programm\/werkschau\/was-kann-theater-podiumsgespraech#primaryimage\"},\"image\":{\"@id\":\"https:\/\/freiesschauspiel.de\/programm\/werkschau\/was-kann-theater-podiumsgespraech#primaryimage\"},\"thumbnailUrl\":\"http:\/\/freiesschauspiel.de\/wp-content\/uploads\/2022\/08\/Logo-1024x615.jpg\",\"datePublished\":\"2022-08-06T08:50:44+00:00\",\"dateModified\":\"2022-09-21T12:36:32+00:00\",\"breadcrumb\":{\"@id\":\"https:\/\/freiesschauspiel.de\/programm\/werkschau\/was-kann-theater-podiumsgespraech#breadcrumb\"},\"inLanguage\":\"en-US\",\"potentialAction\":[{\"@type\":\"ReadAction\",\"target\":[\"https:\/\/freiesschauspiel.de\/programm\/werkschau\/was-kann-theater-podiumsgespraech\"]}]},{\"@type\":\"ImageObject\",\"inLanguage\":\"en-US\",\"@id\":\"https:\/\/freiesschauspiel.de\/programm\/werkschau\/was-kann-theater-podiumsgespraech#primaryimage\",\"url\":\"http:\/\/freiesschauspiel.de\/wp-content\/uploads\/2022\/08\/Logo-1024x615.jpg\",\"contentUrl\":\"http:\/\/freiesschauspiel.de\/wp-content\/uploads\/2022\/08\/Logo-1024x615.jpg\"},{\"@type\":\"BreadcrumbList\",\"@id\":\"https:\/\/freiesschauspiel.de\/programm\/werkschau\/was-kann-theater-podiumsgespraech#breadcrumb\",\"itemListElement\":[{\"@type\":\"ListItem\",\"position\":1,\"name\":\"Startseite\",\"item\":\"https:\/\/freiesschauspiel.de\/\"},{\"@type\":\"ListItem\",\"position\":2,\"name\":\"Programm\",\"item\":\"https:\/\/freiesschauspiel.de\/programm\"},{\"@type\":\"ListItem\",\"position\":3,\"name\":\"Werkschau\",\"item\":\"https:\/\/freiesschauspiel.de\/programm\/werkschau\"},{\"@type\":\"ListItem\",\"position\":4,\"name\":\"WAS KANN THEATER? &#8211; Podiumsgespr\u00e4ch\"}]},{\"@type\":\"WebSite\",\"@id\":\"https:\/\/freiesschauspiel.de\/#website\",\"url\":\"https:\/\/freiesschauspiel.de\/\",\"name\":\"Freies Schauspiel Ensemble\",\"description\":\"im TITANIA\",\"potentialAction\":[{\"@type\":\"SearchAction\",\"target\":{\"@type\":\"EntryPoint\",\"urlTemplate\":\"https:\/\/freiesschauspiel.de\/?s={search_term_string}\"},\"query-input\":{\"@type\":\"PropertyValueSpecification\",\"valueRequired\":true,\"valueName\":\"search_term_string\"}}],\"inLanguage\":\"en-US\"}]}<\/script>\n<!-- \/ Yoast SEO plugin. -->","yoast_head_json":{"title":"WAS KANN THEATER? - Podiumsgespr\u00e4ch - Freies Schauspiel Ensemble","robots":{"index":"index","follow":"follow","max-snippet":"max-snippet:-1","max-image-preview":"max-image-preview:large","max-video-preview":"max-video-preview:-1"},"canonical":"https:\/\/freiesschauspiel.de\/programm\/werkschau\/was-kann-theater-podiumsgespraech","og_locale":"en_US","og_type":"article","og_title":"WAS KANN THEATER? - Podiumsgespr\u00e4ch - Freies Schauspiel Ensemble","og_url":"https:\/\/freiesschauspiel.de\/programm\/werkschau\/was-kann-theater-podiumsgespraech","og_site_name":"Freies Schauspiel Ensemble","article_publisher":"https:\/\/www.facebook.com\/FreiesSchauspielEnsemble\/","article_modified_time":"2022-09-21T12:36:32+00:00","og_image":[{"url":"http:\/\/freiesschauspiel.de\/wp-content\/uploads\/2022\/08\/Logo-1024x615.jpg"}],"twitter_card":"summary_large_image","twitter_misc":{"Est. reading time":"1 minute"},"schema":{"@context":"https:\/\/schema.org","@graph":[{"@type":"WebPage","@id":"https:\/\/freiesschauspiel.de\/programm\/werkschau\/was-kann-theater-podiumsgespraech","url":"https:\/\/freiesschauspiel.de\/programm\/werkschau\/was-kann-theater-podiumsgespraech","name":"WAS KANN THEATER? - Podiumsgespr\u00e4ch - Freies Schauspiel Ensemble","isPartOf":{"@id":"https:\/\/freiesschauspiel.de\/#website"},"primaryImageOfPage":{"@id":"https:\/\/freiesschauspiel.de\/programm\/werkschau\/was-kann-theater-podiumsgespraech#primaryimage"},"image":{"@id":"https:\/\/freiesschauspiel.de\/programm\/werkschau\/was-kann-theater-podiumsgespraech#primaryimage"},"thumbnailUrl":"http:\/\/freiesschauspiel.de\/wp-content\/uploads\/2022\/08\/Logo-1024x615.jpg","datePublished":"2022-08-06T08:50:44+00:00","dateModified":"2022-09-21T12:36:32+00:00","breadcrumb":{"@id":"https:\/\/freiesschauspiel.de\/programm\/werkschau\/was-kann-theater-podiumsgespraech#breadcrumb"},"inLanguage":"en-US","potentialAction":[{"@type":"ReadAction","target":["https:\/\/freiesschauspiel.de\/programm\/werkschau\/was-kann-theater-podiumsgespraech"]}]},{"@type":"ImageObject","inLanguage":"en-US","@id":"https:\/\/freiesschauspiel.de\/programm\/werkschau\/was-kann-theater-podiumsgespraech#primaryimage","url":"http:\/\/freiesschauspiel.de\/wp-content\/uploads\/2022\/08\/Logo-1024x615.jpg","contentUrl":"http:\/\/freiesschauspiel.de\/wp-content\/uploads\/2022\/08\/Logo-1024x615.jpg"},{"@type":"BreadcrumbList","@id":"https:\/\/freiesschauspiel.de\/programm\/werkschau\/was-kann-theater-podiumsgespraech#breadcrumb","itemListElement":[{"@type":"ListItem","position":1,"name":"Startseite","item":"https:\/\/freiesschauspiel.de\/"},{"@type":"ListItem","position":2,"name":"Programm","item":"https:\/\/freiesschauspiel.de\/programm"},{"@type":"ListItem","position":3,"name":"Werkschau","item":"https:\/\/freiesschauspiel.de\/programm\/werkschau"},{"@type":"ListItem","position":4,"name":"WAS KANN THEATER? &#8211; Podiumsgespr\u00e4ch"}]},{"@type":"WebSite","@id":"https:\/\/freiesschauspiel.de\/#website","url":"https:\/\/freiesschauspiel.de\/","name":"Freies Schauspiel Ensemble","description":"im TITANIA","potentialAction":[{"@type":"SearchAction","target":{"@type":"EntryPoint","urlTemplate":"https:\/\/freiesschauspiel.de\/?s={search_term_string}"},"query-input":{"@type":"PropertyValueSpecification","valueRequired":true,"valueName":"search_term_string"}}],"inLanguage":"en-US"}]}},"_links":{"self":[{"href":"https:\/\/freiesschauspiel.de\/en\/wp-json\/wp\/v2\/pages\/7840"}],"collection":[{"href":"https:\/\/freiesschauspiel.de\/en\/wp-json\/wp\/v2\/pages"}],"about":[{"href":"https:\/\/freiesschauspiel.de\/en\/wp-json\/wp\/v2\/types\/page"}],"author":[{"embeddable":true,"href":"https:\/\/freiesschauspiel.de\/en\/wp-json\/wp\/v2\/users\/1"}],"replies":[{"embeddable":true,"href":"https:\/\/freiesschauspiel.de\/en\/wp-json\/wp\/v2\/comments?post=7840"}],"version-history":[{"count":13,"href":"https:\/\/freiesschauspiel.de\/en\/wp-json\/wp\/v2\/pages\/7840\/revisions"}],"predecessor-version":[{"id":8001,"href":"https:\/\/freiesschauspiel.de\/en\/wp-json\/wp\/v2\/pages\/7840\/revisions\/8001"}],"up":[{"embeddable":true,"href":"https:\/\/freiesschauspiel.de\/en\/wp-json\/wp\/v2\/pages\/7812"}],"wp:attachment":[{"href":"https:\/\/freiesschauspiel.de\/en\/wp-json\/wp\/v2\/media?parent=7840"}],"curies":[{"name":"wp","href":"https:\/\/api.w.org\/{rel}","templated":true}]}}