{"id":8011,"date":"2022-09-21T17:36:35","date_gmt":"2022-09-21T15:36:35","guid":{"rendered":"http:\/\/freiesschauspiel.de\/?page_id=8011"},"modified":"2022-09-21T17:37:23","modified_gmt":"2022-09-21T15:37:23","slug":"pressestimmen","status":"publish","type":"page","link":"https:\/\/freiesschauspiel.de\/en\/programm\/spielplan\/wer-hat-meinen-vater-umgebracht-das-ende-von-eddy\/pressestimmen","title":{"rendered":"Pressestimmen WER HAT MEINEN VATER UMGEBRACHT \/ DAS ENDE VON EDDY"},"content":{"rendered":"<p style=\"text-align: left;\"><strong>Winnie Geipert, Strandgut (02\/2022)<\/strong><br \/>\n&#8220;Proletarisches Doppel<br \/>\nFreies Schauspiel Ensemble: Bettina Kaminski inszeniert \u00bbWer hat meinen Vater umgebracht\/Das Ende von Eddy\u00ab von Edouard Louis<br \/>\nRosa Luxemburg, der haben sie&#8217;s versprochen, m\u00f6chte man in Anlehnung eines alten Marsches der Arbeiterbewegung sagen: Das neue St\u00fcck des Freien Schauspiel Ensembles passt so gut in die Geschichte des Bockenheimer Theaters und seines Domizils Titania, dass man sich allenfalls fragt, wieso es erst jetzt auf den Spielplan kommt. Wenn wir es recht sehen, dann ist es zumindest die erste B\u00fchne in Frankfurt die die \u00bbnon-fiktionalen\u00ab Arbeiten der jungeren franz\u00f6sischen Literatur dramatisiert, f\u00fcr die neben Didier Eribons<br \/>\n\u00bbR\u00fcckkehr nach Reims\u00ab (2016) auch der hier gew\u00e4hite \u00c9duard Louis steht. Beide behandeln auf biografischer Basis die Milieus, in denen sie unter schwierigen Umst\u00e4nden aufgewachsen &#8211; und denen sie erfolgreich entflohen sind im kritischen R\u00fcckblick: die von Rassismus, Homophobie, Fremden- und Frauenfeindlichkeit durchdrungene franz\u00f6sische Arbeiterklasse im Lichte einer sich dem Wirtschaftsliberalismus ausliefernden Politik. Beide beschreiben zugleich den Prozess einer sehr pers\u00f6nlichen L\u00e4uterung. Wobei Louis in seinem ihn mit einem Schlag ber\u00fchmt machenden Essay \u00bbWer hat meinen Vater um gebracht\u00ab (2019) die Problematik der sozialen Verwerfungen sehr viel zeitn\u00e4her, direkter und vor allem ohne Fragezeichen diskutiert. er seinem Vater physisch und psychisch so zugrunde gerichtet hat, steht f\u00fcr ihn fest: die von Giscard, \u00fcber Sarkozy bis zu Macron reichende Politelite.In ihrer f\u00fcnften Regiearbeit f\u00fcr das FSE-Theater verbindet Bettina Kaminski die Vater-Schrift von \u00c9duand Louis mit seinem bereits vier lahre vorher erschienen Roman-Deb\u00fct \u00bbDas Ende von Eddy\u00bb, ein nicht minder subjektives, aber literarisches Eintauchen in die Kindheit. Was hier eher zwischen den Zeilen stehe, werde als politische Position formuliert, meint die Regisseurin in einer Interview-Einf\u00fchrung auf der Homepage der Gruppe \u00fcber ein Thema das sich ganz und gar nicht auf Frankreich beschr\u00e4nkt. \u00bbEs ist nicht mehr die Solidargemeinschaft, die Schw\u00e4chere (&#8230;) unterst\u00fctzt und Verantwortung \u00fcbernimmt. Sondern einzelne sind selbst Schuld, keine Arbeit zu finden, krank zu werden etc.\u00ab<br \/>\nMit den Schauspielern Axel Gottschick und Yves Pancera, die zwei Generationen, aber eine Person vertreten, wird die B\u00fchnenfassung nun umgesetzt. Und mit einem Live-Schlagzeuger, G\u00fcnter Bozem, am idealen Instrument, Kaminski: \u00bbDas Ineinandergreifen von Mensch und Maschine. Schlagzeug hat etwas mit Arbeit zu tun (&#8230;, und) die Moglichkeit, die Geschichte voranzutreiben, Es gibt eine Getriebenheit zu erz\u00e4hlen.\u00ab&#8221;<\/p>\n<p style=\"text-align: left;\"><strong>Julian Mackenthun, Journal Frankfurt (02\/2022)<br \/>\n<\/strong>&#8220;Wer hat meinen Vater umgebracht \/ Das Ende von Eddy<br \/>\nDas Freie Schauspial Ensembla inszeniert zwei Romane von \u00c9douard Louis.<br \/>\nAuch diese Inszenierung k\u00f6nnte auf Platz 1 stehen. Denn f\u00fcr den Stoff von zwei Romanen findet sie eine gelungene Komprimierung und eine ganz eigene Theatersprache, \u00c9douard Louis beschreibt in den beiden Romanen seine Diskriminierung als heranwachsender Homosexueller. Aber es geht auch um seine Selbstfindung in der Kunst, um seinen Vater-Konflikt und darum, wie er seinem Vater schlie\u00dflich vergeben konnte, als er sich mit dessen Arbeiterbiografie besch\u00e4ftigt hat. Bettina Kaminski L\u00e4sst in ihrer Inszenierung zwei Schauspieler diese Geschichte erz\u00e4hlen. Die beiden sind aber nicht Vater und Sohn. Sie sind vielmehr zwei Teile desselben Menschen. Den Text sprechen sie abwechselnd. Mal wie Schriftsteller beim Diktieren. Mal wie Patienten auf der Analysecouch. Mal wie in Selbstgespr\u00e4che vertieft. Sie spielen nicht naturalistisch, Sie entwickeln K\u00f6rperbilder einer Psyche. Ein Schlagzeuger interagiert derweil mit ihnen. Er setzt Akzente, baut Spannung auf oder grundiert die Handlung atmosph\u00e4risch. Damit ist die Inszenierung keine Lesung und kein blo\u00dfes In-Szene-Setzen. Sie entwickelt ihre eigene Unmittelbarkeit und Ausdrucksform, mal d\u00fcster und dann wieder hoffnungsvoll. Das ist sehr gekonnt und sehr gelungen.&#8221;<\/p>\n<p style=\"text-align: left;\"><strong>Frankfurter Allgemeine Zeitung (22. Februar 2022)<\/strong><br \/>\n&#8220;Brutale Wucht<br \/>\nDas Freie Schauspiel Ensemble spielt zwei autobiographische St\u00fccke von \u00c9douard Louis im Titania Theater Frankfurt.<br \/>\nEin Schlagzeug kann nicht s\u00e4useln. Wenn die Schl\u00e4ge hart auf die Snare Drum treffen, dringen sie unmittelbar ins Ohr des Zuh\u00f6rers, erh\u00f6hen die Herzfrequenz, erzeugen Unbehagen und Schmerz. Und machen aggressiv. Das Schlagzeug ist als Instrument ohne die Einbettung in einen melodischen oder rhythmischen Zusammenhang pure Gewalt. Und genau darum geht es hier.Denn \u00c9douard Louis\u2019 autobiographische Texte \u201eDas Ende von Eddy\u201c und \u201eWer hat meinen Vater umgebracht?\u201c handeln von Gewalt unter den Menschen ebenso wie von der Gewalt des Staates, bei Louis unmissverst\u00e4ndlich \u201edie Herrschenden\u201c gegen\u00fcber den Besitzlosen, den Armen, den Deklassierten. Bettina Kaminski und das Freie Schauspiel Ensemble, die nun aus beiden Texten eine achtzigmin\u00fctige Tour de Force geformt haben, setzen jenseits der Sprache auf die brutale Wucht der Trommelattacken, die bereits beim Betreten des Zuschauerraums im Titania Herzrasen ausl\u00f6sen. G\u00fcnter Bozem am Schlagzeug tritt sp\u00e4ter zwar immer wieder in den Hintergrund, produziert leisere Kl\u00e4nge nach Art eines H\u00f6rspiels, doch seine Schl\u00e4ge, manchmal auch schlichtweg auf einen Metalleimer, grundieren den ganzen Abend und \u00fcberbieten naturgem\u00e4\u00df in ihrer direkten k\u00f6rperlichen Wirkung die Arbeit der Schauspieler.<br \/>\nDringender Revolutionsbedarf<br \/>\nDabei gehen auch Axel Gottschick und Ives Pancera an ihre Grenzen. Sie sprechen abwechselnd ohne Rollenzuordnung den Originaltext, tanzen dabei immer wieder, rennen auf der B\u00fchne umher und geraten zusehends au\u00dfer Atem. Das Atemlose, Stockende ihres Sprechens wird zum zweiten wirkungsvollen Stilmittel der Inszenierung: Man kann \u00fcber die psychische Gewalt des Vaters und die sehr physische Brutalit\u00e4t der Mitsch\u00fcler gegen\u00fcber dem sensiblen schwulen Jungen Eddy nicht ruhig sprechen. Was er in seiner Kindheit in einem kleinen nordfranz\u00f6sischen Dorf an Dem\u00fctigungen erlebt hat, mag symptomatisch f\u00fcr den Umgang mit einem Au\u00dfenseiter in der von M\u00e4nnern dominierten, auf traditionelle Werte setzenden Unterschicht sein, aber hier zeigen sich die Verletzungen ersch\u00fctternd an einem Einzelschicksal. Als mehrfach wiederholte emblematische Szene steht daf\u00fcr der gr\u00e4sslich misslingende Versuch Eddys, bei einer Familienfeier durch einen Tanz den Vater zu erfreuen. Der aber fl\u00fcchtet angewidert nach drau\u00dfen.<br \/>\nDer kalte, dauerbetrunkene Macho-Vater ist ein Scheusal, aus der Perspektive des Kindes ein hassenswerter T\u00e4ter. Umso bemerkenswerter, dass Louis ihn auch als ein Opfer der Lebensumst\u00e4nde zeigt, in die er hineingeboren wurde, ein Opfer vor allem des Abbaus des Sozialstaats nach der Jahrtausendwende. \u00c9douard Louis argumentiert hier nicht ausgewogen, und seine Attacke auf all die namentlich genannten \u201eneoliberalen\u201c Politiker von Chirac bis Macron, die er als M\u00f6rder seines Vaters ausmacht, ist konsequent schwarz-wei\u00df. Bettina Kaminskis auf k\u00f6rperliche \u00dcberw\u00e4ltigung setzende Inszenierung will hier nicht differenzierter sein als der Originaltext und l\u00e4sst die Schlussbotschaft bedrohlich im Raum stehen: \u201eIch glaube, was es br\u00e4uchte, das ist eine ordentliche Revolution.&#8221;<\/p>\n","protected":false},"excerpt":{"rendered":"Winnie Geipert, Strandgut (02\/2022) &#8220;Proletarisches <a class=\"more-link\" href=\"https:\/\/freiesschauspiel.de\/en\/programm\/spielplan\/wer-hat-meinen-vater-umgebracht-das-ende-von-eddy\/pressestimmen\">(&#8230; mehr)<\/a>","protected":false},"author":1,"featured_media":0,"parent":7312,"menu_order":0,"comment_status":"closed","ping_status":"closed","template":"","meta":{"footnotes":""},"translation":{"provider":"WPGlobus","version":"3.0.0","language":"en","enabled_languages":["de","en"],"languages":{"de":{"title":true,"content":true,"excerpt":false},"en":{"title":false,"content":false,"excerpt":false}}},"yoast_head":"<!-- This site is optimized with the Yoast SEO plugin v23.5 - https:\/\/yoast.com\/wordpress\/plugins\/seo\/ -->\n<title>Pressestimmen WER HAT MEINEN VATER UMGEBRACHT \/ DAS ENDE VON EDDY - Freies Schauspiel Ensemble<\/title>\n<meta name=\"robots\" content=\"index, follow, max-snippet:-1, max-image-preview:large, max-video-preview:-1\" \/>\n<link rel=\"canonical\" href=\"https:\/\/freiesschauspiel.de\/programm\/spielplan\/wer-hat-meinen-vater-umgebracht-das-ende-von-eddy\/pressestimmen\" \/>\n<meta property=\"og:locale\" content=\"en_US\" \/>\n<meta property=\"og:type\" content=\"article\" \/>\n<meta property=\"og:title\" content=\"Pressestimmen WER HAT MEINEN VATER UMGEBRACHT \/ DAS ENDE VON EDDY - Freies Schauspiel Ensemble\" \/>\n<meta property=\"og:url\" content=\"https:\/\/freiesschauspiel.de\/programm\/spielplan\/wer-hat-meinen-vater-umgebracht-das-ende-von-eddy\/pressestimmen\" \/>\n<meta property=\"og:site_name\" content=\"Freies Schauspiel Ensemble\" \/>\n<meta property=\"article:publisher\" content=\"https:\/\/www.facebook.com\/FreiesSchauspielEnsemble\/\" \/>\n<meta property=\"article:modified_time\" content=\"2022-09-21T15:37:23+00:00\" \/>\n<meta name=\"twitter:card\" content=\"summary_large_image\" \/>\n<meta name=\"twitter:label1\" content=\"Est. reading time\" \/>\n\t<meta name=\"twitter:data1\" content=\"6 minutes\" \/>\n<script type=\"application\/ld+json\" class=\"yoast-schema-graph\">{\"@context\":\"https:\/\/schema.org\",\"@graph\":[{\"@type\":\"WebPage\",\"@id\":\"https:\/\/freiesschauspiel.de\/programm\/spielplan\/wer-hat-meinen-vater-umgebracht-das-ende-von-eddy\/pressestimmen\",\"url\":\"https:\/\/freiesschauspiel.de\/programm\/spielplan\/wer-hat-meinen-vater-umgebracht-das-ende-von-eddy\/pressestimmen\",\"name\":\"Pressestimmen WER HAT MEINEN VATER UMGEBRACHT \/ DAS ENDE VON EDDY - Freies Schauspiel Ensemble\",\"isPartOf\":{\"@id\":\"https:\/\/freiesschauspiel.de\/#website\"},\"datePublished\":\"2022-09-21T15:36:35+00:00\",\"dateModified\":\"2022-09-21T15:37:23+00:00\",\"breadcrumb\":{\"@id\":\"https:\/\/freiesschauspiel.de\/programm\/spielplan\/wer-hat-meinen-vater-umgebracht-das-ende-von-eddy\/pressestimmen#breadcrumb\"},\"inLanguage\":\"en-US\",\"potentialAction\":[{\"@type\":\"ReadAction\",\"target\":[\"https:\/\/freiesschauspiel.de\/programm\/spielplan\/wer-hat-meinen-vater-umgebracht-das-ende-von-eddy\/pressestimmen\"]}]},{\"@type\":\"BreadcrumbList\",\"@id\":\"https:\/\/freiesschauspiel.de\/programm\/spielplan\/wer-hat-meinen-vater-umgebracht-das-ende-von-eddy\/pressestimmen#breadcrumb\",\"itemListElement\":[{\"@type\":\"ListItem\",\"position\":1,\"name\":\"Startseite\",\"item\":\"https:\/\/freiesschauspiel.de\/\"},{\"@type\":\"ListItem\",\"position\":2,\"name\":\"Programm\",\"item\":\"https:\/\/freiesschauspiel.de\/programm\"},{\"@type\":\"ListItem\",\"position\":3,\"name\":\"Spielplan 2025\/26\",\"item\":\"https:\/\/freiesschauspiel.de\/programm\/spielplan\"},{\"@type\":\"ListItem\",\"position\":4,\"name\":\"WER HAT MEINEN VATER UMGEBRACHT \/ DAS ENDE VON EDDY\",\"item\":\"https:\/\/freiesschauspiel.de\/programm\/spielplan\/wer-hat-meinen-vater-umgebracht-das-ende-von-eddy\"},{\"@type\":\"ListItem\",\"position\":5,\"name\":\"Pressestimmen WER HAT MEINEN VATER UMGEBRACHT \/ DAS ENDE VON EDDY\"}]},{\"@type\":\"WebSite\",\"@id\":\"https:\/\/freiesschauspiel.de\/#website\",\"url\":\"https:\/\/freiesschauspiel.de\/\",\"name\":\"Freies Schauspiel Ensemble\",\"description\":\"im TITANIA\",\"potentialAction\":[{\"@type\":\"SearchAction\",\"target\":{\"@type\":\"EntryPoint\",\"urlTemplate\":\"https:\/\/freiesschauspiel.de\/?s={search_term_string}\"},\"query-input\":{\"@type\":\"PropertyValueSpecification\",\"valueRequired\":true,\"valueName\":\"search_term_string\"}}],\"inLanguage\":\"en-US\"}]}<\/script>\n<!-- \/ Yoast SEO plugin. -->","yoast_head_json":{"title":"Pressestimmen WER HAT MEINEN VATER UMGEBRACHT \/ DAS ENDE VON EDDY - Freies Schauspiel Ensemble","robots":{"index":"index","follow":"follow","max-snippet":"max-snippet:-1","max-image-preview":"max-image-preview:large","max-video-preview":"max-video-preview:-1"},"canonical":"https:\/\/freiesschauspiel.de\/programm\/spielplan\/wer-hat-meinen-vater-umgebracht-das-ende-von-eddy\/pressestimmen","og_locale":"en_US","og_type":"article","og_title":"Pressestimmen WER HAT MEINEN VATER UMGEBRACHT \/ DAS ENDE VON EDDY - Freies Schauspiel Ensemble","og_url":"https:\/\/freiesschauspiel.de\/programm\/spielplan\/wer-hat-meinen-vater-umgebracht-das-ende-von-eddy\/pressestimmen","og_site_name":"Freies Schauspiel Ensemble","article_publisher":"https:\/\/www.facebook.com\/FreiesSchauspielEnsemble\/","article_modified_time":"2022-09-21T15:37:23+00:00","twitter_card":"summary_large_image","twitter_misc":{"Est. reading time":"6 minutes"},"schema":{"@context":"https:\/\/schema.org","@graph":[{"@type":"WebPage","@id":"https:\/\/freiesschauspiel.de\/programm\/spielplan\/wer-hat-meinen-vater-umgebracht-das-ende-von-eddy\/pressestimmen","url":"https:\/\/freiesschauspiel.de\/programm\/spielplan\/wer-hat-meinen-vater-umgebracht-das-ende-von-eddy\/pressestimmen","name":"Pressestimmen WER HAT MEINEN VATER UMGEBRACHT \/ DAS ENDE VON EDDY - Freies Schauspiel Ensemble","isPartOf":{"@id":"https:\/\/freiesschauspiel.de\/#website"},"datePublished":"2022-09-21T15:36:35+00:00","dateModified":"2022-09-21T15:37:23+00:00","breadcrumb":{"@id":"https:\/\/freiesschauspiel.de\/programm\/spielplan\/wer-hat-meinen-vater-umgebracht-das-ende-von-eddy\/pressestimmen#breadcrumb"},"inLanguage":"en-US","potentialAction":[{"@type":"ReadAction","target":["https:\/\/freiesschauspiel.de\/programm\/spielplan\/wer-hat-meinen-vater-umgebracht-das-ende-von-eddy\/pressestimmen"]}]},{"@type":"BreadcrumbList","@id":"https:\/\/freiesschauspiel.de\/programm\/spielplan\/wer-hat-meinen-vater-umgebracht-das-ende-von-eddy\/pressestimmen#breadcrumb","itemListElement":[{"@type":"ListItem","position":1,"name":"Startseite","item":"https:\/\/freiesschauspiel.de\/"},{"@type":"ListItem","position":2,"name":"Programm","item":"https:\/\/freiesschauspiel.de\/programm"},{"@type":"ListItem","position":3,"name":"Spielplan 2025\/26","item":"https:\/\/freiesschauspiel.de\/programm\/spielplan"},{"@type":"ListItem","position":4,"name":"WER HAT MEINEN VATER UMGEBRACHT \/ DAS ENDE VON EDDY","item":"https:\/\/freiesschauspiel.de\/programm\/spielplan\/wer-hat-meinen-vater-umgebracht-das-ende-von-eddy"},{"@type":"ListItem","position":5,"name":"Pressestimmen WER HAT MEINEN VATER UMGEBRACHT \/ DAS ENDE VON EDDY"}]},{"@type":"WebSite","@id":"https:\/\/freiesschauspiel.de\/#website","url":"https:\/\/freiesschauspiel.de\/","name":"Freies Schauspiel Ensemble","description":"im TITANIA","potentialAction":[{"@type":"SearchAction","target":{"@type":"EntryPoint","urlTemplate":"https:\/\/freiesschauspiel.de\/?s={search_term_string}"},"query-input":{"@type":"PropertyValueSpecification","valueRequired":true,"valueName":"search_term_string"}}],"inLanguage":"en-US"}]}},"_links":{"self":[{"href":"https:\/\/freiesschauspiel.de\/en\/wp-json\/wp\/v2\/pages\/8011"}],"collection":[{"href":"https:\/\/freiesschauspiel.de\/en\/wp-json\/wp\/v2\/pages"}],"about":[{"href":"https:\/\/freiesschauspiel.de\/en\/wp-json\/wp\/v2\/types\/page"}],"author":[{"embeddable":true,"href":"https:\/\/freiesschauspiel.de\/en\/wp-json\/wp\/v2\/users\/1"}],"replies":[{"embeddable":true,"href":"https:\/\/freiesschauspiel.de\/en\/wp-json\/wp\/v2\/comments?post=8011"}],"version-history":[{"count":2,"href":"https:\/\/freiesschauspiel.de\/en\/wp-json\/wp\/v2\/pages\/8011\/revisions"}],"predecessor-version":[{"id":8013,"href":"https:\/\/freiesschauspiel.de\/en\/wp-json\/wp\/v2\/pages\/8011\/revisions\/8013"}],"up":[{"embeddable":true,"href":"https:\/\/freiesschauspiel.de\/en\/wp-json\/wp\/v2\/pages\/7312"}],"wp:attachment":[{"href":"https:\/\/freiesschauspiel.de\/en\/wp-json\/wp\/v2\/media?parent=8011"}],"curies":[{"name":"wp","href":"https:\/\/api.w.org\/{rel}","templated":true}]}}