{"id":8139,"date":"2022-10-26T15:49:21","date_gmt":"2022-10-26T13:49:21","guid":{"rendered":"http:\/\/freiesschauspiel.de\/?page_id=8139"},"modified":"2022-11-24T14:08:35","modified_gmt":"2022-11-24T12:08:35","slug":"asyl-in-frankfurt","status":"publish","type":"page","link":"https:\/\/freiesschauspiel.de\/en\/programm\/spielplan\/finsternis\/asyl-in-frankfurt","title":{"rendered":"ASYL IN FRANKFURT"},"content":{"rendered":"<p><strong>ABGESAGT<\/strong><\/p>\n<p>Sonntag, 27. November 2022 um 19:30 Uhr im Anschluss an die Vorstellung<br \/>\n<strong>ASYL IN FRANKFURT<\/strong><br \/>\nPodiumsgespr\u00e4ch mit Vertreter*innen aus Politik und NGOs sowie Gefl\u00fcchteten <\/p>\n<p>Als Reaktion auf steigende Fl\u00fcchtlingszahlen und auf zunehmende Debatten \u00fcber die Aufnahme von Gefl\u00fcchteten hat die Bundesregierung in kurzer Zeit eine Vielzahl asylpolitischer Gesetzes\u00e4nderungen auf den Weg gebracht. Diese haben Folgen f\u00fcr alle Lebensbereiche: f\u00fcr die Asylverfahren, die Unterbringungspraxis, die Integrationschancen, die soziale und medizinische Versorgung. Wie ist die Situation in Frankfurt? Welche Chancen hat ein Asylsuchender, in unserer Stadt eine neue Heimat zu finden: eine M\u00f6glichkeit, die deutsche Sprache zu lernen, eine Arbeit, von der er leben kann, oder eine Ausbildung, die ihn bef\u00e4higt, hier einen Beruf auszu\u00fcben, eine Unterbringung, die ihm eine Privatsph\u00e4re erlaubt, eine Gesundheitsversorgung, die unsern sozialen Standards entspricht.<\/p>\n","protected":false},"excerpt":{"rendered":"ABGESAGT Sonntag, 27. November 2022 <a class=\"more-link\" href=\"https:\/\/freiesschauspiel.de\/en\/programm\/spielplan\/finsternis\/asyl-in-frankfurt\">(&#8230; mehr)<\/a>","protected":false},"author":1,"featured_media":8140,"parent":7746,"menu_order":0,"comment_status":"closed","ping_status":"closed","template":"","meta":{"footnotes":""},"translation":{"provider":"WPGlobus","version":"3.0.0","language":"en","enabled_languages":["de","en"],"languages":{"de":{"title":true,"content":true,"excerpt":false},"en":{"title":false,"content":false,"excerpt":false}}},"yoast_head":"<!-- This site is optimized with the Yoast SEO plugin v23.5 - https:\/\/yoast.com\/wordpress\/plugins\/seo\/ -->\n<title>ASYL IN FRANKFURT - Freies Schauspiel Ensemble<\/title>\n<meta name=\"robots\" content=\"index, follow, max-snippet:-1, max-image-preview:large, max-video-preview:-1\" \/>\n<link rel=\"canonical\" href=\"https:\/\/freiesschauspiel.de\/programm\/spielplan\/finsternis\/asyl-in-frankfurt\" \/>\n<meta property=\"og:locale\" content=\"en_US\" \/>\n<meta property=\"og:type\" content=\"article\" \/>\n<meta property=\"og:title\" content=\"ASYL IN FRANKFURT - Freies Schauspiel Ensemble\" \/>\n<meta property=\"og:url\" content=\"https:\/\/freiesschauspiel.de\/programm\/spielplan\/finsternis\/asyl-in-frankfurt\" \/>\n<meta property=\"og:site_name\" content=\"Freies Schauspiel Ensemble\" \/>\n<meta property=\"article:publisher\" content=\"https:\/\/www.facebook.com\/FreiesSchauspielEnsemble\/\" \/>\n<meta property=\"article:modified_time\" content=\"2022-11-24T12:08:35+00:00\" \/>\n<meta property=\"og:image\" content=\"https:\/\/freiesschauspiel.de\/wp-content\/uploads\/2022\/10\/ASYL-IN-FRANKFURT-Headerbild-scaled.jpg\" \/>\n\t<meta property=\"og:image:width\" content=\"2560\" \/>\n\t<meta property=\"og:image:height\" content=\"1076\" \/>\n\t<meta property=\"og:image:type\" content=\"image\/jpeg\" \/>\n<meta name=\"twitter:card\" content=\"summary_large_image\" \/>\n<meta name=\"twitter:label1\" content=\"Est. reading time\" \/>\n\t<meta name=\"twitter:data1\" content=\"1 minute\" \/>\n<script type=\"application\/ld+json\" class=\"yoast-schema-graph\">{\"@context\":\"https:\/\/schema.org\",\"@graph\":[{\"@type\":\"WebPage\",\"@id\":\"https:\/\/freiesschauspiel.de\/programm\/spielplan\/finsternis\/asyl-in-frankfurt\",\"url\":\"https:\/\/freiesschauspiel.de\/programm\/spielplan\/finsternis\/asyl-in-frankfurt\",\"name\":\"ASYL IN FRANKFURT - Freies Schauspiel Ensemble\",\"isPartOf\":{\"@id\":\"https:\/\/freiesschauspiel.de\/#website\"},\"primaryImageOfPage\":{\"@id\":\"https:\/\/freiesschauspiel.de\/programm\/spielplan\/finsternis\/asyl-in-frankfurt#primaryimage\"},\"image\":{\"@id\":\"https:\/\/freiesschauspiel.de\/programm\/spielplan\/finsternis\/asyl-in-frankfurt#primaryimage\"},\"thumbnailUrl\":\"https:\/\/freiesschauspiel.de\/wp-content\/uploads\/2022\/10\/ASYL-IN-FRANKFURT-Headerbild-scaled.jpg\",\"datePublished\":\"2022-10-26T13:49:21+00:00\",\"dateModified\":\"2022-11-24T12:08:35+00:00\",\"breadcrumb\":{\"@id\":\"https:\/\/freiesschauspiel.de\/programm\/spielplan\/finsternis\/asyl-in-frankfurt#breadcrumb\"},\"inLanguage\":\"en-US\",\"potentialAction\":[{\"@type\":\"ReadAction\",\"target\":[\"https:\/\/freiesschauspiel.de\/programm\/spielplan\/finsternis\/asyl-in-frankfurt\"]}]},{\"@type\":\"ImageObject\",\"inLanguage\":\"en-US\",\"@id\":\"https:\/\/freiesschauspiel.de\/programm\/spielplan\/finsternis\/asyl-in-frankfurt#primaryimage\",\"url\":\"https:\/\/freiesschauspiel.de\/wp-content\/uploads\/2022\/10\/ASYL-IN-FRANKFURT-Headerbild-scaled.jpg\",\"contentUrl\":\"https:\/\/freiesschauspiel.de\/wp-content\/uploads\/2022\/10\/ASYL-IN-FRANKFURT-Headerbild-scaled.jpg\",\"width\":2560,\"height\":1076},{\"@type\":\"BreadcrumbList\",\"@id\":\"https:\/\/freiesschauspiel.de\/programm\/spielplan\/finsternis\/asyl-in-frankfurt#breadcrumb\",\"itemListElement\":[{\"@type\":\"ListItem\",\"position\":1,\"name\":\"Startseite\",\"item\":\"https:\/\/freiesschauspiel.de\/\"},{\"@type\":\"ListItem\",\"position\":2,\"name\":\"Programm\",\"item\":\"https:\/\/freiesschauspiel.de\/programm\"},{\"@type\":\"ListItem\",\"position\":3,\"name\":\"Spielplan 2025\/26\",\"item\":\"https:\/\/freiesschauspiel.de\/programm\/spielplan\"},{\"@type\":\"ListItem\",\"position\":4,\"name\":\"FINSTERNIS\",\"item\":\"https:\/\/freiesschauspiel.de\/programm\/spielplan\/finsternis\"},{\"@type\":\"ListItem\",\"position\":5,\"name\":\"ASYL IN FRANKFURT\"}]},{\"@type\":\"WebSite\",\"@id\":\"https:\/\/freiesschauspiel.de\/#website\",\"url\":\"https:\/\/freiesschauspiel.de\/\",\"name\":\"Freies Schauspiel Ensemble\",\"description\":\"im TITANIA\",\"potentialAction\":[{\"@type\":\"SearchAction\",\"target\":{\"@type\":\"EntryPoint\",\"urlTemplate\":\"https:\/\/freiesschauspiel.de\/?s={search_term_string}\"},\"query-input\":{\"@type\":\"PropertyValueSpecification\",\"valueRequired\":true,\"valueName\":\"search_term_string\"}}],\"inLanguage\":\"en-US\"}]}<\/script>\n<!-- \/ Yoast SEO plugin. -->","yoast_head_json":{"title":"ASYL IN FRANKFURT - Freies Schauspiel Ensemble","robots":{"index":"index","follow":"follow","max-snippet":"max-snippet:-1","max-image-preview":"max-image-preview:large","max-video-preview":"max-video-preview:-1"},"canonical":"https:\/\/freiesschauspiel.de\/programm\/spielplan\/finsternis\/asyl-in-frankfurt","og_locale":"en_US","og_type":"article","og_title":"ASYL IN FRANKFURT - Freies Schauspiel Ensemble","og_url":"https:\/\/freiesschauspiel.de\/programm\/spielplan\/finsternis\/asyl-in-frankfurt","og_site_name":"Freies Schauspiel Ensemble","article_publisher":"https:\/\/www.facebook.com\/FreiesSchauspielEnsemble\/","article_modified_time":"2022-11-24T12:08:35+00:00","og_image":[{"width":2560,"height":1076,"url":"https:\/\/freiesschauspiel.de\/wp-content\/uploads\/2022\/10\/ASYL-IN-FRANKFURT-Headerbild-scaled.jpg","type":"image\/jpeg"}],"twitter_card":"summary_large_image","twitter_misc":{"Est. reading time":"1 minute"},"schema":{"@context":"https:\/\/schema.org","@graph":[{"@type":"WebPage","@id":"https:\/\/freiesschauspiel.de\/programm\/spielplan\/finsternis\/asyl-in-frankfurt","url":"https:\/\/freiesschauspiel.de\/programm\/spielplan\/finsternis\/asyl-in-frankfurt","name":"ASYL IN FRANKFURT - Freies Schauspiel Ensemble","isPartOf":{"@id":"https:\/\/freiesschauspiel.de\/#website"},"primaryImageOfPage":{"@id":"https:\/\/freiesschauspiel.de\/programm\/spielplan\/finsternis\/asyl-in-frankfurt#primaryimage"},"image":{"@id":"https:\/\/freiesschauspiel.de\/programm\/spielplan\/finsternis\/asyl-in-frankfurt#primaryimage"},"thumbnailUrl":"https:\/\/freiesschauspiel.de\/wp-content\/uploads\/2022\/10\/ASYL-IN-FRANKFURT-Headerbild-scaled.jpg","datePublished":"2022-10-26T13:49:21+00:00","dateModified":"2022-11-24T12:08:35+00:00","breadcrumb":{"@id":"https:\/\/freiesschauspiel.de\/programm\/spielplan\/finsternis\/asyl-in-frankfurt#breadcrumb"},"inLanguage":"en-US","potentialAction":[{"@type":"ReadAction","target":["https:\/\/freiesschauspiel.de\/programm\/spielplan\/finsternis\/asyl-in-frankfurt"]}]},{"@type":"ImageObject","inLanguage":"en-US","@id":"https:\/\/freiesschauspiel.de\/programm\/spielplan\/finsternis\/asyl-in-frankfurt#primaryimage","url":"https:\/\/freiesschauspiel.de\/wp-content\/uploads\/2022\/10\/ASYL-IN-FRANKFURT-Headerbild-scaled.jpg","contentUrl":"https:\/\/freiesschauspiel.de\/wp-content\/uploads\/2022\/10\/ASYL-IN-FRANKFURT-Headerbild-scaled.jpg","width":2560,"height":1076},{"@type":"BreadcrumbList","@id":"https:\/\/freiesschauspiel.de\/programm\/spielplan\/finsternis\/asyl-in-frankfurt#breadcrumb","itemListElement":[{"@type":"ListItem","position":1,"name":"Startseite","item":"https:\/\/freiesschauspiel.de\/"},{"@type":"ListItem","position":2,"name":"Programm","item":"https:\/\/freiesschauspiel.de\/programm"},{"@type":"ListItem","position":3,"name":"Spielplan 2025\/26","item":"https:\/\/freiesschauspiel.de\/programm\/spielplan"},{"@type":"ListItem","position":4,"name":"FINSTERNIS","item":"https:\/\/freiesschauspiel.de\/programm\/spielplan\/finsternis"},{"@type":"ListItem","position":5,"name":"ASYL IN FRANKFURT"}]},{"@type":"WebSite","@id":"https:\/\/freiesschauspiel.de\/#website","url":"https:\/\/freiesschauspiel.de\/","name":"Freies Schauspiel Ensemble","description":"im TITANIA","potentialAction":[{"@type":"SearchAction","target":{"@type":"EntryPoint","urlTemplate":"https:\/\/freiesschauspiel.de\/?s={search_term_string}"},"query-input":{"@type":"PropertyValueSpecification","valueRequired":true,"valueName":"search_term_string"}}],"inLanguage":"en-US"}]}},"_links":{"self":[{"href":"https:\/\/freiesschauspiel.de\/en\/wp-json\/wp\/v2\/pages\/8139"}],"collection":[{"href":"https:\/\/freiesschauspiel.de\/en\/wp-json\/wp\/v2\/pages"}],"about":[{"href":"https:\/\/freiesschauspiel.de\/en\/wp-json\/wp\/v2\/types\/page"}],"author":[{"embeddable":true,"href":"https:\/\/freiesschauspiel.de\/en\/wp-json\/wp\/v2\/users\/1"}],"replies":[{"embeddable":true,"href":"https:\/\/freiesschauspiel.de\/en\/wp-json\/wp\/v2\/comments?post=8139"}],"version-history":[{"count":3,"href":"https:\/\/freiesschauspiel.de\/en\/wp-json\/wp\/v2\/pages\/8139\/revisions"}],"predecessor-version":[{"id":8199,"href":"https:\/\/freiesschauspiel.de\/en\/wp-json\/wp\/v2\/pages\/8139\/revisions\/8199"}],"up":[{"embeddable":true,"href":"https:\/\/freiesschauspiel.de\/en\/wp-json\/wp\/v2\/pages\/7746"}],"wp:featuredmedia":[{"embeddable":true,"href":"https:\/\/freiesschauspiel.de\/en\/wp-json\/wp\/v2\/media\/8140"}],"wp:attachment":[{"href":"https:\/\/freiesschauspiel.de\/en\/wp-json\/wp\/v2\/media?parent=8139"}],"curies":[{"name":"wp","href":"https:\/\/api.w.org\/{rel}","templated":true}]}}