{"id":8152,"date":"2022-10-26T17:14:13","date_gmt":"2022-10-26T15:14:13","guid":{"rendered":"http:\/\/freiesschauspiel.de\/?page_id=8152"},"modified":"2022-11-17T13:50:38","modified_gmt":"2022-11-17T11:50:38","slug":"pressestimmen","status":"publish","type":"page","link":"https:\/\/freiesschauspiel.de\/en\/programm\/spielplan\/finsternis\/pressestimmen","title":{"rendered":"Pressestimmen FINSTERNIS"},"content":{"rendered":"<p style=\"text-align: left;\"><strong>Winnie Geipert, Strandgut (10\/2022)<\/strong><br \/>\n&#8220;(&#8230;) Eindrucksvoll, dies schon mal vorweg: Der Schauspieler macht das so glaubw\u00fcrdig und bewegend, dass es Tr\u00e4nen gibt im Publikum. (&#8230;) er unterstreicht (&#8230;), dass hinter den blo\u00dfen Zahlen \u00fcber Bootsfl\u00fcchtlinge in den Zeitungsmeldungen konkrete Menschen und ihre Leben stehen. Besser: Er macht es uns bewusst. Nichts, was wir nicht wissen und wissen k\u00f6nnten, wenn wir nur wollten. V\u00f6llig unm\u00f6glich, nicht ber\u00fchrt zu sein. (&#8230;) Weil der Tod gegenw\u00e4rtig ist in diesem St\u00fcck, bringt er uns die Lebenden und das Leben mit all seinen Nickligkeiten n\u00e4her. Tats\u00e4chlich lacht und schmunzelt es h\u00f6rbar immer wieder im Publikum (&#8230;)\u00ab&#8221;<\/p>\n<p style=\"text-align: left;\"><strong>Matthias Bischoff, Frankfurter Allgemeine Zeitung (10. Oktober 2022)<\/strong><br \/>\n&#8220;(&#8230;) Moritz Buch spricht in die Kamera des Notebooks und l\u00e4sst die Zuschauer immer n\u00e4her an seine wachsende Verzweiflung herankommen, schafft es, sich vom anf\u00e4nglich nur neugierig interessierten Beobachter in einen vollkommen mit dem unfassbaren Geschehen verschmelzenden Teilnehmer zu verwandeln. (&#8230;) Davide Enias Text ist radikal parteiisch, er erhebt nicht den Anspruch, eine differenzierte Sicht auf das Migrationsproblem zu bieten. Er ist ganz bei den Menschen und ihrem Leid, und Moritz Buchs eindringliche Darstellung holt das Grauen unmittelbar in die K\u00f6pfe des Publikums. (&#8230;)&#8221;<\/p>\n<p style=\"text-align: left;\"><strong>Sylvia Staude, Frankfurter Rundschau (11. September 2022)<br \/>\n<\/strong>&#8220;(&#8230;) In Frankfurt inszenierte FSE-Chef Reinhard Hinzpeter, es spielt Moritz Buch \u2013 ohne zu \u201espielen\u201c, vorzuf\u00fchren in dieser Stunde. Davide Enia verbittet sich jede Bebilderung des Grauens; auf einer kargen B\u00fchne muss der Sprecher einen nat\u00fcrlichen Tonfall erreichen: als s\u00e4\u00dfe hier einer, der die schrecklichen Dinge loswerden muss, die er gesehen und geh\u00f6rt hat, als s\u00e4\u00dfe er irgendwo, \u00fcberall. (&#8230;).&#8221;<\/p>\n","protected":false},"excerpt":{"rendered":"Winnie Geipert, Strandgut (10\/2022) &#8220;(&#8230;) <a class=\"more-link\" href=\"https:\/\/freiesschauspiel.de\/en\/programm\/spielplan\/finsternis\/pressestimmen\">(&#8230; mehr)<\/a>","protected":false},"author":1,"featured_media":0,"parent":7746,"menu_order":0,"comment_status":"closed","ping_status":"closed","template":"","meta":{"footnotes":""},"translation":{"provider":"WPGlobus","version":"3.0.0","language":"en","enabled_languages":["de","en"],"languages":{"de":{"title":true,"content":true,"excerpt":false},"en":{"title":false,"content":false,"excerpt":false}}},"yoast_head":"<!-- This site is optimized with the Yoast SEO plugin v23.5 - https:\/\/yoast.com\/wordpress\/plugins\/seo\/ -->\n<title>Pressestimmen FINSTERNIS - Freies Schauspiel Ensemble<\/title>\n<meta name=\"robots\" content=\"index, follow, max-snippet:-1, max-image-preview:large, max-video-preview:-1\" \/>\n<link rel=\"canonical\" href=\"https:\/\/freiesschauspiel.de\/programm\/spielplan\/finsternis\/pressestimmen\" \/>\n<meta property=\"og:locale\" content=\"en_US\" \/>\n<meta property=\"og:type\" content=\"article\" \/>\n<meta property=\"og:title\" content=\"Pressestimmen FINSTERNIS - Freies Schauspiel Ensemble\" \/>\n<meta property=\"og:url\" content=\"https:\/\/freiesschauspiel.de\/programm\/spielplan\/finsternis\/pressestimmen\" \/>\n<meta property=\"og:site_name\" content=\"Freies Schauspiel Ensemble\" \/>\n<meta property=\"article:publisher\" content=\"https:\/\/www.facebook.com\/FreiesSchauspielEnsemble\/\" \/>\n<meta property=\"article:modified_time\" content=\"2022-11-17T11:50:38+00:00\" \/>\n<meta name=\"twitter:card\" content=\"summary_large_image\" \/>\n<meta name=\"twitter:label1\" content=\"Est. reading time\" \/>\n\t<meta name=\"twitter:data1\" content=\"2 minutes\" \/>\n<script type=\"application\/ld+json\" class=\"yoast-schema-graph\">{\"@context\":\"https:\/\/schema.org\",\"@graph\":[{\"@type\":\"WebPage\",\"@id\":\"https:\/\/freiesschauspiel.de\/programm\/spielplan\/finsternis\/pressestimmen\",\"url\":\"https:\/\/freiesschauspiel.de\/programm\/spielplan\/finsternis\/pressestimmen\",\"name\":\"Pressestimmen FINSTERNIS - Freies Schauspiel Ensemble\",\"isPartOf\":{\"@id\":\"https:\/\/freiesschauspiel.de\/#website\"},\"datePublished\":\"2022-10-26T15:14:13+00:00\",\"dateModified\":\"2022-11-17T11:50:38+00:00\",\"breadcrumb\":{\"@id\":\"https:\/\/freiesschauspiel.de\/programm\/spielplan\/finsternis\/pressestimmen#breadcrumb\"},\"inLanguage\":\"en-US\",\"potentialAction\":[{\"@type\":\"ReadAction\",\"target\":[\"https:\/\/freiesschauspiel.de\/programm\/spielplan\/finsternis\/pressestimmen\"]}]},{\"@type\":\"BreadcrumbList\",\"@id\":\"https:\/\/freiesschauspiel.de\/programm\/spielplan\/finsternis\/pressestimmen#breadcrumb\",\"itemListElement\":[{\"@type\":\"ListItem\",\"position\":1,\"name\":\"Startseite\",\"item\":\"https:\/\/freiesschauspiel.de\/\"},{\"@type\":\"ListItem\",\"position\":2,\"name\":\"Programm\",\"item\":\"https:\/\/freiesschauspiel.de\/programm\"},{\"@type\":\"ListItem\",\"position\":3,\"name\":\"Spielplan 2025\/26\",\"item\":\"https:\/\/freiesschauspiel.de\/programm\/spielplan\"},{\"@type\":\"ListItem\",\"position\":4,\"name\":\"FINSTERNIS\",\"item\":\"https:\/\/freiesschauspiel.de\/programm\/spielplan\/finsternis\"},{\"@type\":\"ListItem\",\"position\":5,\"name\":\"Pressestimmen FINSTERNIS\"}]},{\"@type\":\"WebSite\",\"@id\":\"https:\/\/freiesschauspiel.de\/#website\",\"url\":\"https:\/\/freiesschauspiel.de\/\",\"name\":\"Freies Schauspiel Ensemble\",\"description\":\"im TITANIA\",\"potentialAction\":[{\"@type\":\"SearchAction\",\"target\":{\"@type\":\"EntryPoint\",\"urlTemplate\":\"https:\/\/freiesschauspiel.de\/?s={search_term_string}\"},\"query-input\":{\"@type\":\"PropertyValueSpecification\",\"valueRequired\":true,\"valueName\":\"search_term_string\"}}],\"inLanguage\":\"en-US\"}]}<\/script>\n<!-- \/ Yoast SEO plugin. -->","yoast_head_json":{"title":"Pressestimmen FINSTERNIS - Freies Schauspiel Ensemble","robots":{"index":"index","follow":"follow","max-snippet":"max-snippet:-1","max-image-preview":"max-image-preview:large","max-video-preview":"max-video-preview:-1"},"canonical":"https:\/\/freiesschauspiel.de\/programm\/spielplan\/finsternis\/pressestimmen","og_locale":"en_US","og_type":"article","og_title":"Pressestimmen FINSTERNIS - Freies Schauspiel Ensemble","og_url":"https:\/\/freiesschauspiel.de\/programm\/spielplan\/finsternis\/pressestimmen","og_site_name":"Freies Schauspiel Ensemble","article_publisher":"https:\/\/www.facebook.com\/FreiesSchauspielEnsemble\/","article_modified_time":"2022-11-17T11:50:38+00:00","twitter_card":"summary_large_image","twitter_misc":{"Est. reading time":"2 minutes"},"schema":{"@context":"https:\/\/schema.org","@graph":[{"@type":"WebPage","@id":"https:\/\/freiesschauspiel.de\/programm\/spielplan\/finsternis\/pressestimmen","url":"https:\/\/freiesschauspiel.de\/programm\/spielplan\/finsternis\/pressestimmen","name":"Pressestimmen FINSTERNIS - Freies Schauspiel Ensemble","isPartOf":{"@id":"https:\/\/freiesschauspiel.de\/#website"},"datePublished":"2022-10-26T15:14:13+00:00","dateModified":"2022-11-17T11:50:38+00:00","breadcrumb":{"@id":"https:\/\/freiesschauspiel.de\/programm\/spielplan\/finsternis\/pressestimmen#breadcrumb"},"inLanguage":"en-US","potentialAction":[{"@type":"ReadAction","target":["https:\/\/freiesschauspiel.de\/programm\/spielplan\/finsternis\/pressestimmen"]}]},{"@type":"BreadcrumbList","@id":"https:\/\/freiesschauspiel.de\/programm\/spielplan\/finsternis\/pressestimmen#breadcrumb","itemListElement":[{"@type":"ListItem","position":1,"name":"Startseite","item":"https:\/\/freiesschauspiel.de\/"},{"@type":"ListItem","position":2,"name":"Programm","item":"https:\/\/freiesschauspiel.de\/programm"},{"@type":"ListItem","position":3,"name":"Spielplan 2025\/26","item":"https:\/\/freiesschauspiel.de\/programm\/spielplan"},{"@type":"ListItem","position":4,"name":"FINSTERNIS","item":"https:\/\/freiesschauspiel.de\/programm\/spielplan\/finsternis"},{"@type":"ListItem","position":5,"name":"Pressestimmen FINSTERNIS"}]},{"@type":"WebSite","@id":"https:\/\/freiesschauspiel.de\/#website","url":"https:\/\/freiesschauspiel.de\/","name":"Freies Schauspiel Ensemble","description":"im TITANIA","potentialAction":[{"@type":"SearchAction","target":{"@type":"EntryPoint","urlTemplate":"https:\/\/freiesschauspiel.de\/?s={search_term_string}"},"query-input":{"@type":"PropertyValueSpecification","valueRequired":true,"valueName":"search_term_string"}}],"inLanguage":"en-US"}]}},"_links":{"self":[{"href":"https:\/\/freiesschauspiel.de\/en\/wp-json\/wp\/v2\/pages\/8152"}],"collection":[{"href":"https:\/\/freiesschauspiel.de\/en\/wp-json\/wp\/v2\/pages"}],"about":[{"href":"https:\/\/freiesschauspiel.de\/en\/wp-json\/wp\/v2\/types\/page"}],"author":[{"embeddable":true,"href":"https:\/\/freiesschauspiel.de\/en\/wp-json\/wp\/v2\/users\/1"}],"replies":[{"embeddable":true,"href":"https:\/\/freiesschauspiel.de\/en\/wp-json\/wp\/v2\/comments?post=8152"}],"version-history":[{"count":4,"href":"https:\/\/freiesschauspiel.de\/en\/wp-json\/wp\/v2\/pages\/8152\/revisions"}],"predecessor-version":[{"id":8171,"href":"https:\/\/freiesschauspiel.de\/en\/wp-json\/wp\/v2\/pages\/8152\/revisions\/8171"}],"up":[{"embeddable":true,"href":"https:\/\/freiesschauspiel.de\/en\/wp-json\/wp\/v2\/pages\/7746"}],"wp:attachment":[{"href":"https:\/\/freiesschauspiel.de\/en\/wp-json\/wp\/v2\/media?parent=8152"}],"curies":[{"name":"wp","href":"https:\/\/api.w.org\/{rel}","templated":true}]}}