{"id":8306,"date":"2023-01-16T18:12:51","date_gmt":"2023-01-16T16:12:51","guid":{"rendered":"http:\/\/freiesschauspiel.de\/?page_id=8306"},"modified":"2025-12-15T14:41:42","modified_gmt":"2025-12-15T12:41:42","slug":"annette-ein-heldinnenepos","status":"publish","type":"page","link":"https:\/\/freiesschauspiel.de\/en\/programm\/spielplan\/annette-ein-heldinnenepos","title":{"rendered":"ANNETTE. EIN HELDINNENEPOS"},"content":{"rendered":"<div class=\"csRow\">\n<div class=\"csColumnGap\" style=\"margin: 0px; padding: 0px; float: left; width: 1.56%;\"><img decoding=\"async\" src=\"http:\/\/freiesschauspiel.de\/wp-content\/plugins\/advanced-wp-columns\/assets\/js\/plugins\/views\/img\/1x1-pixel.png\" \/><\/div>\n<div class=\"csColumn\" style=\"margin: 0px; padding: 0px; float: left; width: 47.7%;\" data-csstartpoint=\"15\" data-csendpoint=\"472.5\" data-cswidth=\"47.7%\" data-csid=\"3ded867b-9ecf-cc6f-8bf7-c673b3ba6f89\">\n<p>Anne Beaumanoir, genannt Annette, wird 1923 in der Bretagne geboren und w\u00e4chst in einfachen Verh\u00e4ltnissen mit nichts weniger als der \u00dcberzeugung auf, dass die Welt ein gerechterer Ort sein sollte. Annette &#8211; eine Heldin? &#8211; Ja. Aber keine Penthesilea, keine Revolution\u00e4rin wie Rosa Luxemburg. Sondern eine politisch wache B\u00fcrgerin, die nicht redet, sondern handelt. Als Frankreich im zweiten Weltkrieg von Nazi-Deutschland besetzt wird, ist Annette Studentin der Medizin und geht in die R\u00e9sistance. 1954 \u2013 inzwischen \u00c4rztin in Marseille &#8211; engagiert sie sich in der algerischen Befreiungsbewegung.<br \/>\nAnne Weber hat die Geschichte dieser k\u00e4mpferischen Frau in Form eines Epos erz\u00e4hlt, einem literarischen Genre, das gew\u00f6hnlich der Glorifikation von M\u00e4nnern vorbehalten ist. Aber sie nutzt diese Erz\u00e4hlweise nicht, um das mutige Handeln Annettes zu glorifizieren, sondern um es aus sympatisierender, heiterer Distanz zu beschreiben.<br \/>\nWir suchen, f\u00fcr diese Erz\u00e4hlweise die ad\u00e4quate theatralische Umsetzung zu schaffen: eine vielschichtige \u00e4sthetische Partitur aus Klang, Bewegung, Sprache, Rhythmus, assoziativen Bildern, wechselnden R\u00e4umen und Atmosph\u00e4ren.<\/p>\n<\/div>\n<div class=\"csColumnGap\" style=\"margin: 0px; padding: 0px; float: left; width: 14.2%;\"><img decoding=\"async\" src=\"http:\/\/freiesschauspiel.de\/wp-content\/plugins\/advanced-wp-columns\/assets\/js\/plugins\/views\/img\/1x1-pixel.png\" \/><\/div>\n<div class=\"csColumn\" style=\"margin: 0px; padding: 0px; float: left; width: 35.1%;\" data-csstartpoint=\"608.5\" data-csendpoint=\"945\" data-cswidth=\"35.1%\" data-csid=\"a5f171a8-f729-6cb6-b6e6-c73d99086a10\">\n<p><strong>ANNETTE. Ein Heldinnenepos<\/strong><br \/>\nvon Anne Weber<\/p>\n<p><strong>Vorstellungen<\/strong><\/p>\n<p>Fr, 23.01., 20 Uhr<br \/>\nFr, 13.02., 20 Uhr <\/p>\n<p><strong>Es spielen<\/strong> Michaela Conrad, Bettina Kaminski, Ives Pancera<br \/>\n<strong>Inszenierung<\/strong> Reinhard Hinzpeter<br \/>\n<strong>B\u00fchne<\/strong> Gerd Friedrich<br \/>\n<strong>Kost\u00fcme<\/strong> Ives Pancera, Carin Wagner<br \/>\n<strong>Produktionsassistenz<\/strong> Philipp Lustig<br \/>\n<strong>Fotograf<\/strong> Felix Holland<\/p>\n<p><a href=\"http:\/\/freiesschauspiel.de\/programm\/spielplan\/annette-ein-heldinnenepos\/pressestimmen-annette\">Pressestimmen<\/a><\/p>\n<a id=\"69f363ce66526\" rel=\"wp-video-lightbox\" href=\"https:\/\/www.youtube.com\/watch?v=oMi6zk1O3aU&#038;width=640&#038;height=480\" title=\"\"><div class=\"wpvl_auto_thumb_box_wrapper\"><div class=\"wpvl_auto_thumb_box\"><img decoding=\"async\" src=\"https:\/\/img.youtube.com\/vi\/oMi6zk1O3aU\/0.jpg\" class=\"video_lightbox_auto_anchor_image\" alt=\"\" \/><div class=\"wpvl_auto_thumb_play\"><img decoding=\"async\" src=\"https:\/\/freiesschauspiel.de\/wp-content\/plugins\/wp-video-lightbox\/images\/play.png\" class=\"wpvl_playbutton\" \/><\/div><\/div><\/div><\/a>    <script>\r\n    \/* <![CDATA[ *\/\r\n    jQuery(document).ready(function($){\r\n        $(function(){\r\n            var width = $(window).innerWidth();\r\n            var setwidth = parseFloat(640);\r\n            var ratio = parseFloat(0.75);\r\n            var height = parseFloat(480);\r\n            var link = 'https:\/\/www.youtube.com\/watch?v=oMi6zk1O3aU&amp;width=640&amp;height=480';\r\n            if(width < setwidth)\r\n            {\r\n                height = Math.floor(width * 0.75);\r\n                \/\/console.log(\"device width \"+width+\", set width \"+640+\", ratio \"+0.75+\", new height \"+ height);\r\n                var new_url = wpvl_paramReplace('width', link, width);\r\n                var new_url = wpvl_paramReplace('height', new_url, height);\r\n                $(\"a#69f363ce66526\").attr('href', new_url);\r\n                \/\/console.log(new_url);\r\n            }\r\n        });\r\n    });\r\n    \/* ]]> *\/\r\n    <\/script>\n\n\t\t<style type=\"text\/css\">\n\t\t\t#gallery-1 {\n\t\t\t\tmargin: auto;\n\t\t\t}\n\t\t\t#gallery-1 .gallery-item {\n\t\t\t\tfloat: left;\n\t\t\t\tmargin-top: 10px;\n\t\t\t\ttext-align: center;\n\t\t\t\twidth: 20%;\n\t\t\t}\n\t\t\t#gallery-1 img {\n\t\t\t\tborder: 2px solid #cfcfcf;\n\t\t\t}\n\t\t\t#gallery-1 .gallery-caption {\n\t\t\t\tmargin-left: 0;\n\t\t\t}\n\t\t\t\/* see gallery_shortcode() in wp-includes\/media.php *\/\n\t\t<\/style>\n\t\t<div id='gallery-1' class='gallery galleryid-8306 gallery-columns-5 gallery-size-thumbnail'><dl class='gallery-item'>\n\t\t\t<dt class='gallery-icon landscape'>\n\t\t\t\t<a href='https:\/\/freiesschauspiel.de\/wp-content\/uploads\/2023\/03\/349A8846-1024x683.jpg' title=\"\" data-rl_title=\"\" class=\"rl-gallery-link\" data-rl_caption=\"\" data-rel=\"lightbox-gallery-1\"><img loading=\"lazy\" decoding=\"async\" width=\"236\" height=\"315\" src=\"https:\/\/freiesschauspiel.de\/wp-content\/uploads\/2023\/03\/349A8846-236x315.jpg\" class=\"attachment-thumbnail size-thumbnail\" alt=\"\" \/><\/a>\n\t\t\t<\/dt><\/dl><dl class='gallery-item'>\n\t\t\t<dt class='gallery-icon landscape'>\n\t\t\t\t<a href='https:\/\/freiesschauspiel.de\/wp-content\/uploads\/2023\/03\/349A7552-1024x683.jpg' title=\"\" data-rl_title=\"\" class=\"rl-gallery-link\" data-rl_caption=\"\" data-rel=\"lightbox-gallery-1\"><img loading=\"lazy\" decoding=\"async\" width=\"236\" height=\"315\" src=\"https:\/\/freiesschauspiel.de\/wp-content\/uploads\/2023\/03\/349A7552-236x315.jpg\" class=\"attachment-thumbnail size-thumbnail\" alt=\"\" \/><\/a>\n\t\t\t<\/dt><\/dl><dl class='gallery-item'>\n\t\t\t<dt class='gallery-icon landscape'>\n\t\t\t\t<a href='https:\/\/freiesschauspiel.de\/wp-content\/uploads\/2023\/03\/349A7967-1024x683.jpg' title=\"\" data-rl_title=\"\" class=\"rl-gallery-link\" data-rl_caption=\"\" data-rel=\"lightbox-gallery-1\"><img loading=\"lazy\" decoding=\"async\" width=\"236\" height=\"315\" src=\"https:\/\/freiesschauspiel.de\/wp-content\/uploads\/2023\/03\/349A7967-236x315.jpg\" class=\"attachment-thumbnail size-thumbnail\" alt=\"\" \/><\/a>\n\t\t\t<\/dt><\/dl><dl class='gallery-item'>\n\t\t\t<dt class='gallery-icon landscape'>\n\t\t\t\t<a href='https:\/\/freiesschauspiel.de\/wp-content\/uploads\/2023\/03\/349A8898-1024x683.jpg' title=\"\" data-rl_title=\"\" class=\"rl-gallery-link\" data-rl_caption=\"\" data-rel=\"lightbox-gallery-1\"><img loading=\"lazy\" decoding=\"async\" width=\"236\" height=\"315\" src=\"https:\/\/freiesschauspiel.de\/wp-content\/uploads\/2023\/03\/349A8898-236x315.jpg\" class=\"attachment-thumbnail size-thumbnail\" alt=\"\" \/><\/a>\n\t\t\t<\/dt><\/dl><dl class='gallery-item'>\n\t\t\t<dt class='gallery-icon landscape'>\n\t\t\t\t<a href='https:\/\/freiesschauspiel.de\/wp-content\/uploads\/2023\/03\/349A7790-1024x683.jpg' title=\"\" data-rl_title=\"\" class=\"rl-gallery-link\" data-rl_caption=\"\" data-rel=\"lightbox-gallery-1\"><img loading=\"lazy\" decoding=\"async\" width=\"236\" height=\"315\" src=\"https:\/\/freiesschauspiel.de\/wp-content\/uploads\/2023\/03\/349A7790-236x315.jpg\" class=\"attachment-thumbnail size-thumbnail\" alt=\"\" \/><\/a>\n\t\t\t<\/dt><\/dl><br style=\"clear: both\" \/>\n\t\t<\/div>\n\n<p><strong>Premiere <\/strong>18. M\u00e4rz 2023<br \/>\n<strong>Dauer<\/strong> 2 Stunde 30 Minuten, mit Pause<\/p>\n<\/div>\n<div class=\"csColumnGap\" style=\"margin: 0px; padding: 0px; float: left; width: 1.56%;\"><img decoding=\"async\" src=\"http:\/\/freiesschauspiel.de\/wp-content\/plugins\/advanced-wp-columns\/assets\/js\/plugins\/views\/img\/1x1-pixel.png\" \/><\/div>\n<div style=\"clear: both; float: none; display: block; visibility: hidden; width: 0px; font-size: 0px; line-height: 0;\"><\/div>\n<\/div>\n<p>&nbsp;<\/p>\n","protected":false},"excerpt":{"rendered":"Anne Beaumanoir, genannt Annette, wird <a class=\"more-link\" href=\"https:\/\/freiesschauspiel.de\/en\/programm\/spielplan\/annette-ein-heldinnenepos\">(&#8230; mehr)<\/a>","protected":false},"author":1,"featured_media":8464,"parent":2,"menu_order":0,"comment_status":"closed","ping_status":"closed","template":"","meta":{"footnotes":""},"translation":{"provider":"WPGlobus","version":"3.0.0","language":"en","enabled_languages":["de","en"],"languages":{"de":{"title":true,"content":true,"excerpt":false},"en":{"title":false,"content":false,"excerpt":false}}},"yoast_head":"<!-- This site is optimized with the Yoast SEO plugin v23.5 - https:\/\/yoast.com\/wordpress\/plugins\/seo\/ -->\n<title>ANNETTE. EIN HELDINNENEPOS - Freies Schauspiel Ensemble<\/title>\n<meta name=\"robots\" content=\"index, follow, max-snippet:-1, max-image-preview:large, max-video-preview:-1\" \/>\n<link rel=\"canonical\" href=\"https:\/\/freiesschauspiel.de\/programm\/spielplan\/annette-ein-heldinnenepos\" \/>\n<meta property=\"og:locale\" content=\"en_US\" \/>\n<meta property=\"og:type\" content=\"article\" \/>\n<meta property=\"og:title\" content=\"ANNETTE. EIN HELDINNENEPOS - Freies Schauspiel Ensemble\" \/>\n<meta property=\"og:url\" content=\"https:\/\/freiesschauspiel.de\/programm\/spielplan\/annette-ein-heldinnenepos\" \/>\n<meta property=\"og:site_name\" content=\"Freies Schauspiel Ensemble\" \/>\n<meta property=\"article:publisher\" content=\"https:\/\/www.facebook.com\/FreiesSchauspielEnsemble\/\" \/>\n<meta property=\"article:modified_time\" content=\"2025-12-15T12:41:42+00:00\" \/>\n<meta property=\"og:image\" content=\"https:\/\/freiesschauspiel.de\/wp-content\/uploads\/2023\/04\/Header-ANNETTE-Final-scaled.jpg\" \/>\n\t<meta property=\"og:image:width\" content=\"2560\" \/>\n\t<meta property=\"og:image:height\" content=\"960\" \/>\n\t<meta property=\"og:image:type\" content=\"image\/jpeg\" \/>\n<meta name=\"twitter:card\" content=\"summary_large_image\" \/>\n<meta name=\"twitter:label1\" content=\"Est. reading time\" \/>\n\t<meta name=\"twitter:data1\" content=\"3 minutes\" \/>\n<script type=\"application\/ld+json\" class=\"yoast-schema-graph\">{\"@context\":\"https:\/\/schema.org\",\"@graph\":[{\"@type\":\"WebPage\",\"@id\":\"https:\/\/freiesschauspiel.de\/programm\/spielplan\/annette-ein-heldinnenepos\",\"url\":\"https:\/\/freiesschauspiel.de\/programm\/spielplan\/annette-ein-heldinnenepos\",\"name\":\"ANNETTE. EIN HELDINNENEPOS - Freies Schauspiel Ensemble\",\"isPartOf\":{\"@id\":\"https:\/\/freiesschauspiel.de\/#website\"},\"primaryImageOfPage\":{\"@id\":\"https:\/\/freiesschauspiel.de\/programm\/spielplan\/annette-ein-heldinnenepos#primaryimage\"},\"image\":{\"@id\":\"https:\/\/freiesschauspiel.de\/programm\/spielplan\/annette-ein-heldinnenepos#primaryimage\"},\"thumbnailUrl\":\"https:\/\/freiesschauspiel.de\/wp-content\/uploads\/2023\/04\/Header-ANNETTE-Final-scaled.jpg\",\"datePublished\":\"2023-01-16T16:12:51+00:00\",\"dateModified\":\"2025-12-15T12:41:42+00:00\",\"breadcrumb\":{\"@id\":\"https:\/\/freiesschauspiel.de\/programm\/spielplan\/annette-ein-heldinnenepos#breadcrumb\"},\"inLanguage\":\"en-US\",\"potentialAction\":[{\"@type\":\"ReadAction\",\"target\":[\"https:\/\/freiesschauspiel.de\/programm\/spielplan\/annette-ein-heldinnenepos\"]}]},{\"@type\":\"ImageObject\",\"inLanguage\":\"en-US\",\"@id\":\"https:\/\/freiesschauspiel.de\/programm\/spielplan\/annette-ein-heldinnenepos#primaryimage\",\"url\":\"https:\/\/freiesschauspiel.de\/wp-content\/uploads\/2023\/04\/Header-ANNETTE-Final-scaled.jpg\",\"contentUrl\":\"https:\/\/freiesschauspiel.de\/wp-content\/uploads\/2023\/04\/Header-ANNETTE-Final-scaled.jpg\",\"width\":2560,\"height\":960},{\"@type\":\"BreadcrumbList\",\"@id\":\"https:\/\/freiesschauspiel.de\/programm\/spielplan\/annette-ein-heldinnenepos#breadcrumb\",\"itemListElement\":[{\"@type\":\"ListItem\",\"position\":1,\"name\":\"Startseite\",\"item\":\"https:\/\/freiesschauspiel.de\/\"},{\"@type\":\"ListItem\",\"position\":2,\"name\":\"Programm\",\"item\":\"https:\/\/freiesschauspiel.de\/programm\"},{\"@type\":\"ListItem\",\"position\":3,\"name\":\"Spielplan 2025\/26\",\"item\":\"https:\/\/freiesschauspiel.de\/programm\/spielplan\"},{\"@type\":\"ListItem\",\"position\":4,\"name\":\"ANNETTE. EIN HELDINNENEPOS\"}]},{\"@type\":\"WebSite\",\"@id\":\"https:\/\/freiesschauspiel.de\/#website\",\"url\":\"https:\/\/freiesschauspiel.de\/\",\"name\":\"Freies Schauspiel Ensemble\",\"description\":\"im TITANIA\",\"potentialAction\":[{\"@type\":\"SearchAction\",\"target\":{\"@type\":\"EntryPoint\",\"urlTemplate\":\"https:\/\/freiesschauspiel.de\/?s={search_term_string}\"},\"query-input\":{\"@type\":\"PropertyValueSpecification\",\"valueRequired\":true,\"valueName\":\"search_term_string\"}}],\"inLanguage\":\"en-US\"}]}<\/script>\n<!-- \/ Yoast SEO plugin. -->","yoast_head_json":{"title":"ANNETTE. EIN HELDINNENEPOS - Freies Schauspiel Ensemble","robots":{"index":"index","follow":"follow","max-snippet":"max-snippet:-1","max-image-preview":"max-image-preview:large","max-video-preview":"max-video-preview:-1"},"canonical":"https:\/\/freiesschauspiel.de\/programm\/spielplan\/annette-ein-heldinnenepos","og_locale":"en_US","og_type":"article","og_title":"ANNETTE. EIN HELDINNENEPOS - Freies Schauspiel Ensemble","og_url":"https:\/\/freiesschauspiel.de\/programm\/spielplan\/annette-ein-heldinnenepos","og_site_name":"Freies Schauspiel Ensemble","article_publisher":"https:\/\/www.facebook.com\/FreiesSchauspielEnsemble\/","article_modified_time":"2025-12-15T12:41:42+00:00","og_image":[{"width":2560,"height":960,"url":"https:\/\/freiesschauspiel.de\/wp-content\/uploads\/2023\/04\/Header-ANNETTE-Final-scaled.jpg","type":"image\/jpeg"}],"twitter_card":"summary_large_image","twitter_misc":{"Est. reading time":"3 minutes"},"schema":{"@context":"https:\/\/schema.org","@graph":[{"@type":"WebPage","@id":"https:\/\/freiesschauspiel.de\/programm\/spielplan\/annette-ein-heldinnenepos","url":"https:\/\/freiesschauspiel.de\/programm\/spielplan\/annette-ein-heldinnenepos","name":"ANNETTE. EIN HELDINNENEPOS - Freies Schauspiel Ensemble","isPartOf":{"@id":"https:\/\/freiesschauspiel.de\/#website"},"primaryImageOfPage":{"@id":"https:\/\/freiesschauspiel.de\/programm\/spielplan\/annette-ein-heldinnenepos#primaryimage"},"image":{"@id":"https:\/\/freiesschauspiel.de\/programm\/spielplan\/annette-ein-heldinnenepos#primaryimage"},"thumbnailUrl":"https:\/\/freiesschauspiel.de\/wp-content\/uploads\/2023\/04\/Header-ANNETTE-Final-scaled.jpg","datePublished":"2023-01-16T16:12:51+00:00","dateModified":"2025-12-15T12:41:42+00:00","breadcrumb":{"@id":"https:\/\/freiesschauspiel.de\/programm\/spielplan\/annette-ein-heldinnenepos#breadcrumb"},"inLanguage":"en-US","potentialAction":[{"@type":"ReadAction","target":["https:\/\/freiesschauspiel.de\/programm\/spielplan\/annette-ein-heldinnenepos"]}]},{"@type":"ImageObject","inLanguage":"en-US","@id":"https:\/\/freiesschauspiel.de\/programm\/spielplan\/annette-ein-heldinnenepos#primaryimage","url":"https:\/\/freiesschauspiel.de\/wp-content\/uploads\/2023\/04\/Header-ANNETTE-Final-scaled.jpg","contentUrl":"https:\/\/freiesschauspiel.de\/wp-content\/uploads\/2023\/04\/Header-ANNETTE-Final-scaled.jpg","width":2560,"height":960},{"@type":"BreadcrumbList","@id":"https:\/\/freiesschauspiel.de\/programm\/spielplan\/annette-ein-heldinnenepos#breadcrumb","itemListElement":[{"@type":"ListItem","position":1,"name":"Startseite","item":"https:\/\/freiesschauspiel.de\/"},{"@type":"ListItem","position":2,"name":"Programm","item":"https:\/\/freiesschauspiel.de\/programm"},{"@type":"ListItem","position":3,"name":"Spielplan 2025\/26","item":"https:\/\/freiesschauspiel.de\/programm\/spielplan"},{"@type":"ListItem","position":4,"name":"ANNETTE. EIN HELDINNENEPOS"}]},{"@type":"WebSite","@id":"https:\/\/freiesschauspiel.de\/#website","url":"https:\/\/freiesschauspiel.de\/","name":"Freies Schauspiel Ensemble","description":"im TITANIA","potentialAction":[{"@type":"SearchAction","target":{"@type":"EntryPoint","urlTemplate":"https:\/\/freiesschauspiel.de\/?s={search_term_string}"},"query-input":{"@type":"PropertyValueSpecification","valueRequired":true,"valueName":"search_term_string"}}],"inLanguage":"en-US"}]}},"_links":{"self":[{"href":"https:\/\/freiesschauspiel.de\/en\/wp-json\/wp\/v2\/pages\/8306"}],"collection":[{"href":"https:\/\/freiesschauspiel.de\/en\/wp-json\/wp\/v2\/pages"}],"about":[{"href":"https:\/\/freiesschauspiel.de\/en\/wp-json\/wp\/v2\/types\/page"}],"author":[{"embeddable":true,"href":"https:\/\/freiesschauspiel.de\/en\/wp-json\/wp\/v2\/users\/1"}],"replies":[{"embeddable":true,"href":"https:\/\/freiesschauspiel.de\/en\/wp-json\/wp\/v2\/comments?post=8306"}],"version-history":[{"count":51,"href":"https:\/\/freiesschauspiel.de\/en\/wp-json\/wp\/v2\/pages\/8306\/revisions"}],"predecessor-version":[{"id":8907,"href":"https:\/\/freiesschauspiel.de\/en\/wp-json\/wp\/v2\/pages\/8306\/revisions\/8907"}],"up":[{"embeddable":true,"href":"https:\/\/freiesschauspiel.de\/en\/wp-json\/wp\/v2\/pages\/2"}],"wp:featuredmedia":[{"embeddable":true,"href":"https:\/\/freiesschauspiel.de\/en\/wp-json\/wp\/v2\/media\/8464"}],"wp:attachment":[{"href":"https:\/\/freiesschauspiel.de\/en\/wp-json\/wp\/v2\/media?parent=8306"}],"curies":[{"name":"wp","href":"https:\/\/api.w.org\/{rel}","templated":true}]}}