{"id":8465,"date":"2023-04-05T12:54:26","date_gmt":"2023-04-05T10:54:26","guid":{"rendered":"http:\/\/freiesschauspiel.de\/?page_id=8465"},"modified":"2023-04-05T12:54:26","modified_gmt":"2023-04-05T10:54:26","slug":"pressestimmen-annette","status":"publish","type":"page","link":"https:\/\/freiesschauspiel.de\/en\/programm\/spielplan\/annette-ein-heldinnenepos\/pressestimmen-annette","title":{"rendered":"Pressestimmen ANNETTE"},"content":{"rendered":"<p><strong>Sylvia Staude, Frankfurter Rundschau (19. M\u00e4rz 2023)<\/strong><br \/>\n&#8220;&#8230; Der Regisseur Reinhard Hinzpeter setzt einmal mehr auf szenische Schlichtheit und die sprecherische Sorgfalt und Kraft des FS-Ensembles. \u2026 Auf Theater-Chichi wie (Live-)Video wird verzichtet, auch gesungen oder ultrabeil\u00e4ufig gesprochen wird nicht. Stattdessen konzentriert man sich auf den Text \u2013 und siehe, das gute alte Theaterwunder passiert: Vor dem inneren Auge sieht die Zuschauerin, wie Annette mit den j\u00fcdischen Jugendlichen angstvoll durch Paris l\u00e4uft, kaum fassen kann, dass ein auf dem Rad vorbeifahrender deutscher Soldat sie nicht wahrnimmt; wie sie darauf brennt, k\u00e4mpfen zu d\u00fcrfen, aber als \u201ezu mickrig\u201c befunden wird; wie sie in eine weitere Schlacht zieht, in Kauf nimmt, dass ihre Kinder ohne Mutter aufwachsen. Klar, hinterher ist man immer kl\u00fcger. Doch unwahrscheinlich, dass diese Frau sich anders entscheiden w\u00fcrde.&#8221; <a href=\"https:\/\/www.fr.de\/kultur\/theater\/annette-ein-heldinnenepos-weiss-man-je-warum-man-etwas-tut-92156087.html\">zum Artikel<\/a><\/p>\n<p><strong>Katrin Swoboda, Strandgut Kulturmagazin (April 2023)<\/strong><br \/>\n&#8220;&#8230; Das Team des Frankfurter Schauspiel Ensembles (FES) Michaela Conrad, Bettina Kaminski und Ives Pancera bew\u00e4ltigt \u2013 sehr \u00fcberzeugend! \u2013 in der Inszenierung von Reinhard Hinzpeter die Erz\u00e4hlung vom Leben der engagierten Kommunistin und die Geschichte des sich neu gr\u00fcndenden und unabh\u00e4ngig werdenden Staates Algerien, mit wechselnden Stimmen und im Laufschritt, im Rhythmus gebundener reimloser Sprache des Epos. Immer in Bewegung, selten ausruhend, wird franz\u00f6sisch-algerische und individuelle Lebensgeschichte dreistimmig lebendig; Weihnachtsfeiern; Kinder, Verrat und Rettungsgeschichte. Wie wurden politische oder auch pers\u00f6nliche Meinungsverschie-denheiten bew\u00e4ltigt, wie die Abweichler dennoch \u2013 oder auch nicht? \u2013 mitgenommen im Fortschritt der Geschichte? Wer bestimmt die Richtung? Und wer kann \u2013 und darf \u2013 da eigentlich mitreden? &#8230;&#8221;<\/p>\n<p><strong>Julian Mackenthun, Journal Frankfurt (April 2023)<\/strong><br \/>\n&#8220;&#8230; Und noch st\u00e4rker als im Buch tritt dabei Annette in ihrer Gespaltenheit hervor. Zwar ist sie eine Heldin. Doch auch sie hat ihre inneren Konflikte und Zerrissenheiten. Auch sie muss Dinge mit sich aushalten. Die Dreifachbesetzung macht ihre Aushandlungsprozesse sichtbarer. Zudem wird deutlich: Niemand wird als Heldin oder Held geboren. Man kann sich aber dazu entscheiden, heldenhaft zu handeln \u2013 trotz aller Zweifel und Zerrissenheit. &#8230;&#8221;<\/p>\n<p><strong>Matthias Bischoff, FRANKFURTER ALLGEMEINE SONNTAGSZEITUNG (24. M\u00e4rz 2023)<\/strong><br \/>\n&#8220;&#8230; Oft dementiert die K\u00f6rpersprache, was vollmundig verk\u00fcndet wird, fallen die drei einander ins Wort, stellen sich Fragen, wundern sich \u00fcber das eigene Tun. Ohnehin lebt das St\u00fcck vom bewundernswerten K\u00f6rpereinsatz der Akteure, die laufen, rennen, sich ineinanderkuscheln und auf den Boden legen. Die Lebendigkeit dieses ungeheuren Lebens spiegelt sich im dauernden Wechsel aus Sprache und Gestus wider.  &#8230;&#8221;<\/p>\n","protected":false},"excerpt":{"rendered":"Sylvia Staude, Frankfurter Rundschau (19. <a class=\"more-link\" href=\"https:\/\/freiesschauspiel.de\/en\/programm\/spielplan\/annette-ein-heldinnenepos\/pressestimmen-annette\">(&#8230; mehr)<\/a>","protected":false},"author":1,"featured_media":0,"parent":8306,"menu_order":0,"comment_status":"closed","ping_status":"closed","template":"","meta":{"footnotes":""},"translation":{"provider":"WPGlobus","version":"3.0.0","language":"en","enabled_languages":["de","en"],"languages":{"de":{"title":true,"content":true,"excerpt":false},"en":{"title":false,"content":false,"excerpt":false}}},"yoast_head":"<!-- This site is optimized with the Yoast SEO plugin v23.5 - https:\/\/yoast.com\/wordpress\/plugins\/seo\/ -->\n<title>Pressestimmen ANNETTE - Freies Schauspiel Ensemble<\/title>\n<meta name=\"robots\" content=\"index, follow, max-snippet:-1, max-image-preview:large, max-video-preview:-1\" \/>\n<link rel=\"canonical\" href=\"https:\/\/freiesschauspiel.de\/programm\/spielplan\/annette-ein-heldinnenepos\/pressestimmen-annette\" \/>\n<meta property=\"og:locale\" content=\"en_US\" \/>\n<meta property=\"og:type\" content=\"article\" \/>\n<meta property=\"og:title\" content=\"Pressestimmen ANNETTE - Freies Schauspiel Ensemble\" \/>\n<meta property=\"og:url\" content=\"https:\/\/freiesschauspiel.de\/programm\/spielplan\/annette-ein-heldinnenepos\/pressestimmen-annette\" \/>\n<meta property=\"og:site_name\" content=\"Freies Schauspiel Ensemble\" \/>\n<meta property=\"article:publisher\" content=\"https:\/\/www.facebook.com\/FreiesSchauspielEnsemble\/\" \/>\n<meta name=\"twitter:card\" content=\"summary_large_image\" \/>\n<script type=\"application\/ld+json\" class=\"yoast-schema-graph\">{\"@context\":\"https:\/\/schema.org\",\"@graph\":[{\"@type\":\"WebPage\",\"@id\":\"https:\/\/freiesschauspiel.de\/programm\/spielplan\/annette-ein-heldinnenepos\/pressestimmen-annette\",\"url\":\"https:\/\/freiesschauspiel.de\/programm\/spielplan\/annette-ein-heldinnenepos\/pressestimmen-annette\",\"name\":\"Pressestimmen ANNETTE - Freies Schauspiel Ensemble\",\"isPartOf\":{\"@id\":\"https:\/\/freiesschauspiel.de\/#website\"},\"datePublished\":\"2023-04-05T10:54:26+00:00\",\"dateModified\":\"2023-04-05T10:54:26+00:00\",\"breadcrumb\":{\"@id\":\"https:\/\/freiesschauspiel.de\/programm\/spielplan\/annette-ein-heldinnenepos\/pressestimmen-annette#breadcrumb\"},\"inLanguage\":\"en-US\",\"potentialAction\":[{\"@type\":\"ReadAction\",\"target\":[\"https:\/\/freiesschauspiel.de\/programm\/spielplan\/annette-ein-heldinnenepos\/pressestimmen-annette\"]}]},{\"@type\":\"BreadcrumbList\",\"@id\":\"https:\/\/freiesschauspiel.de\/programm\/spielplan\/annette-ein-heldinnenepos\/pressestimmen-annette#breadcrumb\",\"itemListElement\":[{\"@type\":\"ListItem\",\"position\":1,\"name\":\"Startseite\",\"item\":\"https:\/\/freiesschauspiel.de\/\"},{\"@type\":\"ListItem\",\"position\":2,\"name\":\"Programm\",\"item\":\"https:\/\/freiesschauspiel.de\/programm\"},{\"@type\":\"ListItem\",\"position\":3,\"name\":\"Spielplan 2025\/26\",\"item\":\"https:\/\/freiesschauspiel.de\/programm\/spielplan\"},{\"@type\":\"ListItem\",\"position\":4,\"name\":\"ANNETTE. EIN HELDINNENEPOS\",\"item\":\"https:\/\/freiesschauspiel.de\/programm\/spielplan\/annette-ein-heldinnenepos\"},{\"@type\":\"ListItem\",\"position\":5,\"name\":\"Pressestimmen ANNETTE\"}]},{\"@type\":\"WebSite\",\"@id\":\"https:\/\/freiesschauspiel.de\/#website\",\"url\":\"https:\/\/freiesschauspiel.de\/\",\"name\":\"Freies Schauspiel Ensemble\",\"description\":\"im TITANIA\",\"potentialAction\":[{\"@type\":\"SearchAction\",\"target\":{\"@type\":\"EntryPoint\",\"urlTemplate\":\"https:\/\/freiesschauspiel.de\/?s={search_term_string}\"},\"query-input\":{\"@type\":\"PropertyValueSpecification\",\"valueRequired\":true,\"valueName\":\"search_term_string\"}}],\"inLanguage\":\"en-US\"}]}<\/script>\n<!-- \/ Yoast SEO plugin. -->","yoast_head_json":{"title":"Pressestimmen ANNETTE - Freies Schauspiel Ensemble","robots":{"index":"index","follow":"follow","max-snippet":"max-snippet:-1","max-image-preview":"max-image-preview:large","max-video-preview":"max-video-preview:-1"},"canonical":"https:\/\/freiesschauspiel.de\/programm\/spielplan\/annette-ein-heldinnenepos\/pressestimmen-annette","og_locale":"en_US","og_type":"article","og_title":"Pressestimmen ANNETTE - Freies Schauspiel Ensemble","og_url":"https:\/\/freiesschauspiel.de\/programm\/spielplan\/annette-ein-heldinnenepos\/pressestimmen-annette","og_site_name":"Freies Schauspiel Ensemble","article_publisher":"https:\/\/www.facebook.com\/FreiesSchauspielEnsemble\/","twitter_card":"summary_large_image","schema":{"@context":"https:\/\/schema.org","@graph":[{"@type":"WebPage","@id":"https:\/\/freiesschauspiel.de\/programm\/spielplan\/annette-ein-heldinnenepos\/pressestimmen-annette","url":"https:\/\/freiesschauspiel.de\/programm\/spielplan\/annette-ein-heldinnenepos\/pressestimmen-annette","name":"Pressestimmen ANNETTE - Freies Schauspiel Ensemble","isPartOf":{"@id":"https:\/\/freiesschauspiel.de\/#website"},"datePublished":"2023-04-05T10:54:26+00:00","dateModified":"2023-04-05T10:54:26+00:00","breadcrumb":{"@id":"https:\/\/freiesschauspiel.de\/programm\/spielplan\/annette-ein-heldinnenepos\/pressestimmen-annette#breadcrumb"},"inLanguage":"en-US","potentialAction":[{"@type":"ReadAction","target":["https:\/\/freiesschauspiel.de\/programm\/spielplan\/annette-ein-heldinnenepos\/pressestimmen-annette"]}]},{"@type":"BreadcrumbList","@id":"https:\/\/freiesschauspiel.de\/programm\/spielplan\/annette-ein-heldinnenepos\/pressestimmen-annette#breadcrumb","itemListElement":[{"@type":"ListItem","position":1,"name":"Startseite","item":"https:\/\/freiesschauspiel.de\/"},{"@type":"ListItem","position":2,"name":"Programm","item":"https:\/\/freiesschauspiel.de\/programm"},{"@type":"ListItem","position":3,"name":"Spielplan 2025\/26","item":"https:\/\/freiesschauspiel.de\/programm\/spielplan"},{"@type":"ListItem","position":4,"name":"ANNETTE. EIN HELDINNENEPOS","item":"https:\/\/freiesschauspiel.de\/programm\/spielplan\/annette-ein-heldinnenepos"},{"@type":"ListItem","position":5,"name":"Pressestimmen ANNETTE"}]},{"@type":"WebSite","@id":"https:\/\/freiesschauspiel.de\/#website","url":"https:\/\/freiesschauspiel.de\/","name":"Freies Schauspiel Ensemble","description":"im TITANIA","potentialAction":[{"@type":"SearchAction","target":{"@type":"EntryPoint","urlTemplate":"https:\/\/freiesschauspiel.de\/?s={search_term_string}"},"query-input":{"@type":"PropertyValueSpecification","valueRequired":true,"valueName":"search_term_string"}}],"inLanguage":"en-US"}]}},"_links":{"self":[{"href":"https:\/\/freiesschauspiel.de\/en\/wp-json\/wp\/v2\/pages\/8465"}],"collection":[{"href":"https:\/\/freiesschauspiel.de\/en\/wp-json\/wp\/v2\/pages"}],"about":[{"href":"https:\/\/freiesschauspiel.de\/en\/wp-json\/wp\/v2\/types\/page"}],"author":[{"embeddable":true,"href":"https:\/\/freiesschauspiel.de\/en\/wp-json\/wp\/v2\/users\/1"}],"replies":[{"embeddable":true,"href":"https:\/\/freiesschauspiel.de\/en\/wp-json\/wp\/v2\/comments?post=8465"}],"version-history":[{"count":1,"href":"https:\/\/freiesschauspiel.de\/en\/wp-json\/wp\/v2\/pages\/8465\/revisions"}],"predecessor-version":[{"id":8466,"href":"https:\/\/freiesschauspiel.de\/en\/wp-json\/wp\/v2\/pages\/8465\/revisions\/8466"}],"up":[{"embeddable":true,"href":"https:\/\/freiesschauspiel.de\/en\/wp-json\/wp\/v2\/pages\/8306"}],"wp:attachment":[{"href":"https:\/\/freiesschauspiel.de\/en\/wp-json\/wp\/v2\/media?parent=8465"}],"curies":[{"name":"wp","href":"https:\/\/api.w.org\/{rel}","templated":true}]}}