{"id":8514,"date":"2023-07-05T15:14:48","date_gmt":"2023-07-05T13:14:48","guid":{"rendered":"http:\/\/freiesschauspiel.de\/?page_id=8514"},"modified":"2025-02-17T09:59:06","modified_gmt":"2025-02-17T07:59:06","slug":"hamlet","status":"publish","type":"page","link":"https:\/\/freiesschauspiel.de\/en\/programm\/spielplan\/hamlet","title":{"rendered":"HAMLET"},"content":{"rendered":"<div class=\"csRow\">\n<div class=\"csColumnGap\" style=\"margin: 0px; padding: 0px; float: left; width: 1.56%;\"><img decoding=\"async\" src=\"http:\/\/freiesschauspiel.de\/wp-content\/plugins\/advanced-wp-columns\/assets\/js\/plugins\/views\/img\/1x1-pixel.png\" \/><\/div>\n<div class=\"csColumn\" style=\"margin: 0px; padding: 0px; float: left; width: 47.7%;\" data-csstartpoint=\"15\" data-csendpoint=\"472.5\" data-cswidth=\"47.7%\" data-csid=\"3ded867b-9ecf-cc6f-8bf7-c673b3ba6f89\">\n<p>Hamlet, Prinz von D\u00e4nemark, ist nach dem Tod seines Vaters ver\u00e4ndert. Seine Mutter, die verwitwete K\u00f6nigin, hat den Bruder ihres verstorbenen Mannes geheiratet und bildet mit ihm ein neues Herrscherpaar, das Hamlets Nachfolge auf den Thron blockiert. Den Halt verlierend vor Trauer, Kr\u00e4nkung und Zorn, und in der \u00dcberzeugung, dass der Tod des alten K\u00f6nigs kein Unfall, sondern Mord war, weist Hamlet alle Anzeichen von Wahnsinn auf. F\u00fcr seine Umwelt wird er zum R\u00e4tsel.<br \/>\nIst er ein Trauernder, den man in seiner Abl\u00f6sung vom Vater unterst\u00fctzen muss? Macht ihn sein Ehrgeiz krank? Leidet er nicht etwa an ungl\u00fccklicher Liebe? Muss er den Wahnsinn spielen, weil ihn gef\u00e4hrdet, dass er zu viel wei\u00df \u2013 und den Mord, der geschehen ist, aufdecken k\u00f6nnte? Oder ist er schlichtweg ein Irrer, eine Gefahr f\u00fcr Staat und Familie? Wei\u00df er es selbst?<br \/>\nIm engsten Kreis des k\u00f6niglichen Hofes entspinnt sich ein Spiel um Wissen und Nichtwissen, Misstrauen und T\u00e4uschung, \u00dcberf\u00fcrsorge und Liebe, wo sich der beste Wille in sein Gegenteil verkehrt und schlie\u00dflich Tote fordert.<\/p>\n<\/div>\n<div class=\"csColumnGap\" style=\"margin: 0px; padding: 0px; float: left; width: 14.2%;\"><img decoding=\"async\" src=\"http:\/\/freiesschauspiel.de\/wp-content\/plugins\/advanced-wp-columns\/assets\/js\/plugins\/views\/img\/1x1-pixel.png\" \/><\/div>\n<div class=\"csColumn\" style=\"margin: 0px; padding: 0px; float: left; width: 35.1%;\" data-csstartpoint=\"608.5\" data-csendpoint=\"945\" data-cswidth=\"35.1%\" data-csid=\"a5f171a8-f729-6cb6-b6e6-c73d99086a10\">\n<p><strong>HAMLET<\/strong><br \/>\nvon William Shakespeare<br \/>\nDeutsch von Angela Schanelec und J\u00fcrgen Gosch<br \/>\nFassung von Bettina Kaminski und Victor Schlothauer<\/p>\n<p><strong>Vorstellungen<br \/>\n<\/strong>Sa, 29.03., 20 Uhr<br \/>\n<a href=\"https:\/\/freiesschauspiel.de\/programm\/spielplan\/hamlet\/kartenbestellung-29maerz\">Kartenreservierung<\/a> \/ <a href=\"https:\/\/tickets.frankfurtticket.de\/eventim.webshop\/webticket\/bestseatselect?eventId=71529\">Onlineticket<\/a><br \/>\nSo, 30.03., 18 Uhr<br \/>\n<a href=\"https:\/\/freiesschauspiel.de\/programm\/spielplan\/hamlet\/kartenbestellung-30maerz\">Kartenreservierung<\/a> \/ <a href=\"https:\/\/tickets.frankfurtticket.de\/eventim.webshop\/webticket\/bestseatselect?eventId=71530\">Onlineticket<\/a><\/p>\n<p><strong>Es spielen<\/strong> Moritz Buch, Michaela Conrad, Axel Gottschick, Ives Pancera, Hans-Peter Schupp, Magali Vogel<br \/>\n<strong>Inszenierung<\/strong> Bettina Kaminski<br \/>\n<strong>Dramaturgie<\/strong> Victor Schlothauer<br \/>\n<strong>B\u00fchne<\/strong> Gerd Friedrich<br \/>\n<strong>Fotograf<\/strong> Felix Holland<\/p>\n<p><a href=\"https:\/\/freiesschauspiel.de\/?page_id=8771&amp;preview=true\">Pressestimmen<\/a><\/p>\n\n\t\t<style type=\"text\/css\">\n\t\t\t#gallery-1 {\n\t\t\t\tmargin: auto;\n\t\t\t}\n\t\t\t#gallery-1 .gallery-item {\n\t\t\t\tfloat: left;\n\t\t\t\tmargin-top: 10px;\n\t\t\t\ttext-align: center;\n\t\t\t\twidth: 20%;\n\t\t\t}\n\t\t\t#gallery-1 img {\n\t\t\t\tborder: 2px solid #cfcfcf;\n\t\t\t}\n\t\t\t#gallery-1 .gallery-caption {\n\t\t\t\tmargin-left: 0;\n\t\t\t}\n\t\t\t\/* see gallery_shortcode() in wp-includes\/media.php *\/\n\t\t<\/style>\n\t\t<div id='gallery-1' class='gallery galleryid-8514 gallery-columns-5 gallery-size-thumbnail'><dl class='gallery-item'>\n\t\t\t<dt class='gallery-icon landscape'>\n\t\t\t\t<a href='https:\/\/freiesschauspiel.de\/wp-content\/uploads\/2023\/09\/FSE_Hamlet_Pressefoto4_\u7aaeelixHolland-1024x683.jpg' title=\"\" data-rl_title=\"\" class=\"rl-gallery-link\" data-rl_caption=\"\" data-rel=\"lightbox-gallery-1\"><img loading=\"lazy\" decoding=\"async\" width=\"236\" height=\"315\" src=\"https:\/\/freiesschauspiel.de\/wp-content\/uploads\/2023\/09\/FSE_Hamlet_Pressefoto4_\u7aaeelixHolland-236x315.jpg\" class=\"attachment-thumbnail size-thumbnail\" alt=\"\" \/><\/a>\n\t\t\t<\/dt><\/dl><dl class='gallery-item'>\n\t\t\t<dt class='gallery-icon landscape'>\n\t\t\t\t<a href='https:\/\/freiesschauspiel.de\/wp-content\/uploads\/2023\/09\/FSE_Hamlet_Pressefoto1_\u7aaeelixHolland-1024x683.jpg' title=\"\" data-rl_title=\"\" class=\"rl-gallery-link\" data-rl_caption=\"\" data-rel=\"lightbox-gallery-1\"><img loading=\"lazy\" decoding=\"async\" width=\"236\" height=\"315\" src=\"https:\/\/freiesschauspiel.de\/wp-content\/uploads\/2023\/09\/FSE_Hamlet_Pressefoto1_\u7aaeelixHolland-236x315.jpg\" class=\"attachment-thumbnail size-thumbnail\" alt=\"\" \/><\/a>\n\t\t\t<\/dt><\/dl><dl class='gallery-item'>\n\t\t\t<dt class='gallery-icon landscape'>\n\t\t\t\t<a href='https:\/\/freiesschauspiel.de\/wp-content\/uploads\/2023\/09\/FSE_Hamlet_Pressefoto5_\u7aaeelixHolland-1024x683.jpg' title=\"\" data-rl_title=\"\" class=\"rl-gallery-link\" data-rl_caption=\"\" data-rel=\"lightbox-gallery-1\"><img loading=\"lazy\" decoding=\"async\" width=\"236\" height=\"315\" src=\"https:\/\/freiesschauspiel.de\/wp-content\/uploads\/2023\/09\/FSE_Hamlet_Pressefoto5_\u7aaeelixHolland-236x315.jpg\" class=\"attachment-thumbnail size-thumbnail\" alt=\"\" \/><\/a>\n\t\t\t<\/dt><\/dl><dl class='gallery-item'>\n\t\t\t<dt class='gallery-icon landscape'>\n\t\t\t\t<a href='https:\/\/freiesschauspiel.de\/wp-content\/uploads\/2023\/09\/FSE_Hamlet_Pressefoto6_\u7aaeelixHolland-1024x683.jpg' title=\"\" data-rl_title=\"\" class=\"rl-gallery-link\" data-rl_caption=\"\" data-rel=\"lightbox-gallery-1\"><img loading=\"lazy\" decoding=\"async\" width=\"236\" height=\"315\" src=\"https:\/\/freiesschauspiel.de\/wp-content\/uploads\/2023\/09\/FSE_Hamlet_Pressefoto6_\u7aaeelixHolland-236x315.jpg\" class=\"attachment-thumbnail size-thumbnail\" alt=\"\" \/><\/a>\n\t\t\t<\/dt><\/dl><dl class='gallery-item'>\n\t\t\t<dt class='gallery-icon landscape'>\n\t\t\t\t<a href='https:\/\/freiesschauspiel.de\/wp-content\/uploads\/2023\/09\/FSE_Hamlet_Pressefoto3_\u7aaeelixHolland-1024x624.jpg' title=\"\" data-rl_title=\"\" class=\"rl-gallery-link\" data-rl_caption=\"\" data-rel=\"lightbox-gallery-1\"><img loading=\"lazy\" decoding=\"async\" width=\"236\" height=\"315\" src=\"https:\/\/freiesschauspiel.de\/wp-content\/uploads\/2023\/09\/FSE_Hamlet_Pressefoto3_\u7aaeelixHolland-236x315.jpg\" class=\"attachment-thumbnail size-thumbnail\" alt=\"\" \/><\/a>\n\t\t\t<\/dt><\/dl><br style=\"clear: both\" \/>\n\t\t<\/div>\n\n<p><iframe loading=\"lazy\" title=\"Trailer: HAMLET\" width=\"860\" height=\"484\" src=\"https:\/\/www.youtube.com\/embed\/hjQicnmQDxs?feature=oembed\" frameborder=\"0\" allow=\"accelerometer; autoplay; clipboard-write; encrypted-media; gyroscope; picture-in-picture; web-share\" allowfullscreen><\/iframe><\/p>\n<p><strong>Premiere <\/strong>23. September 2023<br \/>\n<strong>Dauer<\/strong> 3 Stunde, mit Pause<\/p>\n<\/div>\n<div class=\"csColumnGap\" style=\"margin: 0px; padding: 0px; float: left; width: 1.56%;\"><img decoding=\"async\" src=\"http:\/\/freiesschauspiel.de\/wp-content\/plugins\/advanced-wp-columns\/assets\/js\/plugins\/views\/img\/1x1-pixel.png\" \/><\/div>\n<div style=\"clear: both; float: none; display: block; visibility: hidden; width: 0px; font-size: 0px; line-height: 0;\"><\/div>\n<\/div>\n<p>&nbsp;<\/p>\n","protected":false},"excerpt":{"rendered":"Hamlet, Prinz von D\u00e4nemark, ist <a class=\"more-link\" href=\"https:\/\/freiesschauspiel.de\/en\/programm\/spielplan\/hamlet\">(&#8230; mehr)<\/a>","protected":false},"author":1,"featured_media":8604,"parent":2,"menu_order":0,"comment_status":"closed","ping_status":"closed","template":"","meta":{"footnotes":""},"translation":{"provider":"WPGlobus","version":"3.0.0","language":"en","enabled_languages":["de","en"],"languages":{"de":{"title":true,"content":true,"excerpt":false},"en":{"title":false,"content":false,"excerpt":false}}},"yoast_head":"<!-- This site is optimized with the Yoast SEO plugin v23.5 - https:\/\/yoast.com\/wordpress\/plugins\/seo\/ -->\n<title>HAMLET - Freies Schauspiel Ensemble<\/title>\n<meta name=\"robots\" content=\"index, follow, max-snippet:-1, max-image-preview:large, max-video-preview:-1\" \/>\n<link rel=\"canonical\" href=\"https:\/\/freiesschauspiel.de\/programm\/spielplan\/hamlet\" \/>\n<meta property=\"og:locale\" content=\"en_US\" \/>\n<meta property=\"og:type\" content=\"article\" \/>\n<meta property=\"og:title\" content=\"HAMLET - Freies Schauspiel Ensemble\" \/>\n<meta property=\"og:url\" content=\"https:\/\/freiesschauspiel.de\/programm\/spielplan\/hamlet\" \/>\n<meta property=\"og:site_name\" content=\"Freies Schauspiel Ensemble\" \/>\n<meta property=\"article:publisher\" content=\"https:\/\/www.facebook.com\/FreiesSchauspielEnsemble\/\" \/>\n<meta property=\"article:modified_time\" content=\"2025-02-17T07:59:06+00:00\" \/>\n<meta property=\"og:image\" content=\"https:\/\/freiesschauspiel.de\/wp-content\/uploads\/2023\/08\/WP-Hamlet-0823-1-scaled.jpg\" \/>\n\t<meta property=\"og:image:width\" content=\"2560\" \/>\n\t<meta property=\"og:image:height\" content=\"968\" \/>\n\t<meta property=\"og:image:type\" content=\"image\/jpeg\" \/>\n<meta name=\"twitter:card\" content=\"summary_large_image\" \/>\n<meta name=\"twitter:label1\" content=\"Est. reading time\" \/>\n\t<meta name=\"twitter:data1\" content=\"3 minutes\" \/>\n<script type=\"application\/ld+json\" class=\"yoast-schema-graph\">{\"@context\":\"https:\/\/schema.org\",\"@graph\":[{\"@type\":\"WebPage\",\"@id\":\"https:\/\/freiesschauspiel.de\/programm\/spielplan\/hamlet\",\"url\":\"https:\/\/freiesschauspiel.de\/programm\/spielplan\/hamlet\",\"name\":\"HAMLET - Freies Schauspiel Ensemble\",\"isPartOf\":{\"@id\":\"https:\/\/freiesschauspiel.de\/#website\"},\"primaryImageOfPage\":{\"@id\":\"https:\/\/freiesschauspiel.de\/programm\/spielplan\/hamlet#primaryimage\"},\"image\":{\"@id\":\"https:\/\/freiesschauspiel.de\/programm\/spielplan\/hamlet#primaryimage\"},\"thumbnailUrl\":\"https:\/\/freiesschauspiel.de\/wp-content\/uploads\/2023\/08\/WP-Hamlet-0823-1-scaled.jpg\",\"datePublished\":\"2023-07-05T13:14:48+00:00\",\"dateModified\":\"2025-02-17T07:59:06+00:00\",\"breadcrumb\":{\"@id\":\"https:\/\/freiesschauspiel.de\/programm\/spielplan\/hamlet#breadcrumb\"},\"inLanguage\":\"en-US\",\"potentialAction\":[{\"@type\":\"ReadAction\",\"target\":[\"https:\/\/freiesschauspiel.de\/programm\/spielplan\/hamlet\"]}]},{\"@type\":\"ImageObject\",\"inLanguage\":\"en-US\",\"@id\":\"https:\/\/freiesschauspiel.de\/programm\/spielplan\/hamlet#primaryimage\",\"url\":\"https:\/\/freiesschauspiel.de\/wp-content\/uploads\/2023\/08\/WP-Hamlet-0823-1-scaled.jpg\",\"contentUrl\":\"https:\/\/freiesschauspiel.de\/wp-content\/uploads\/2023\/08\/WP-Hamlet-0823-1-scaled.jpg\",\"width\":2560,\"height\":968},{\"@type\":\"BreadcrumbList\",\"@id\":\"https:\/\/freiesschauspiel.de\/programm\/spielplan\/hamlet#breadcrumb\",\"itemListElement\":[{\"@type\":\"ListItem\",\"position\":1,\"name\":\"Startseite\",\"item\":\"https:\/\/freiesschauspiel.de\/\"},{\"@type\":\"ListItem\",\"position\":2,\"name\":\"Programm\",\"item\":\"https:\/\/freiesschauspiel.de\/programm\"},{\"@type\":\"ListItem\",\"position\":3,\"name\":\"Spielplan 2025\/26\",\"item\":\"https:\/\/freiesschauspiel.de\/programm\/spielplan\"},{\"@type\":\"ListItem\",\"position\":4,\"name\":\"HAMLET\"}]},{\"@type\":\"WebSite\",\"@id\":\"https:\/\/freiesschauspiel.de\/#website\",\"url\":\"https:\/\/freiesschauspiel.de\/\",\"name\":\"Freies Schauspiel Ensemble\",\"description\":\"im TITANIA\",\"potentialAction\":[{\"@type\":\"SearchAction\",\"target\":{\"@type\":\"EntryPoint\",\"urlTemplate\":\"https:\/\/freiesschauspiel.de\/?s={search_term_string}\"},\"query-input\":{\"@type\":\"PropertyValueSpecification\",\"valueRequired\":true,\"valueName\":\"search_term_string\"}}],\"inLanguage\":\"en-US\"}]}<\/script>\n<!-- \/ Yoast SEO plugin. -->","yoast_head_json":{"title":"HAMLET - Freies Schauspiel Ensemble","robots":{"index":"index","follow":"follow","max-snippet":"max-snippet:-1","max-image-preview":"max-image-preview:large","max-video-preview":"max-video-preview:-1"},"canonical":"https:\/\/freiesschauspiel.de\/programm\/spielplan\/hamlet","og_locale":"en_US","og_type":"article","og_title":"HAMLET - Freies Schauspiel Ensemble","og_url":"https:\/\/freiesschauspiel.de\/programm\/spielplan\/hamlet","og_site_name":"Freies Schauspiel Ensemble","article_publisher":"https:\/\/www.facebook.com\/FreiesSchauspielEnsemble\/","article_modified_time":"2025-02-17T07:59:06+00:00","og_image":[{"width":2560,"height":968,"url":"https:\/\/freiesschauspiel.de\/wp-content\/uploads\/2023\/08\/WP-Hamlet-0823-1-scaled.jpg","type":"image\/jpeg"}],"twitter_card":"summary_large_image","twitter_misc":{"Est. reading time":"3 minutes"},"schema":{"@context":"https:\/\/schema.org","@graph":[{"@type":"WebPage","@id":"https:\/\/freiesschauspiel.de\/programm\/spielplan\/hamlet","url":"https:\/\/freiesschauspiel.de\/programm\/spielplan\/hamlet","name":"HAMLET - Freies Schauspiel Ensemble","isPartOf":{"@id":"https:\/\/freiesschauspiel.de\/#website"},"primaryImageOfPage":{"@id":"https:\/\/freiesschauspiel.de\/programm\/spielplan\/hamlet#primaryimage"},"image":{"@id":"https:\/\/freiesschauspiel.de\/programm\/spielplan\/hamlet#primaryimage"},"thumbnailUrl":"https:\/\/freiesschauspiel.de\/wp-content\/uploads\/2023\/08\/WP-Hamlet-0823-1-scaled.jpg","datePublished":"2023-07-05T13:14:48+00:00","dateModified":"2025-02-17T07:59:06+00:00","breadcrumb":{"@id":"https:\/\/freiesschauspiel.de\/programm\/spielplan\/hamlet#breadcrumb"},"inLanguage":"en-US","potentialAction":[{"@type":"ReadAction","target":["https:\/\/freiesschauspiel.de\/programm\/spielplan\/hamlet"]}]},{"@type":"ImageObject","inLanguage":"en-US","@id":"https:\/\/freiesschauspiel.de\/programm\/spielplan\/hamlet#primaryimage","url":"https:\/\/freiesschauspiel.de\/wp-content\/uploads\/2023\/08\/WP-Hamlet-0823-1-scaled.jpg","contentUrl":"https:\/\/freiesschauspiel.de\/wp-content\/uploads\/2023\/08\/WP-Hamlet-0823-1-scaled.jpg","width":2560,"height":968},{"@type":"BreadcrumbList","@id":"https:\/\/freiesschauspiel.de\/programm\/spielplan\/hamlet#breadcrumb","itemListElement":[{"@type":"ListItem","position":1,"name":"Startseite","item":"https:\/\/freiesschauspiel.de\/"},{"@type":"ListItem","position":2,"name":"Programm","item":"https:\/\/freiesschauspiel.de\/programm"},{"@type":"ListItem","position":3,"name":"Spielplan 2025\/26","item":"https:\/\/freiesschauspiel.de\/programm\/spielplan"},{"@type":"ListItem","position":4,"name":"HAMLET"}]},{"@type":"WebSite","@id":"https:\/\/freiesschauspiel.de\/#website","url":"https:\/\/freiesschauspiel.de\/","name":"Freies Schauspiel Ensemble","description":"im TITANIA","potentialAction":[{"@type":"SearchAction","target":{"@type":"EntryPoint","urlTemplate":"https:\/\/freiesschauspiel.de\/?s={search_term_string}"},"query-input":{"@type":"PropertyValueSpecification","valueRequired":true,"valueName":"search_term_string"}}],"inLanguage":"en-US"}]}},"_links":{"self":[{"href":"https:\/\/freiesschauspiel.de\/en\/wp-json\/wp\/v2\/pages\/8514"}],"collection":[{"href":"https:\/\/freiesschauspiel.de\/en\/wp-json\/wp\/v2\/pages"}],"about":[{"href":"https:\/\/freiesschauspiel.de\/en\/wp-json\/wp\/v2\/types\/page"}],"author":[{"embeddable":true,"href":"https:\/\/freiesschauspiel.de\/en\/wp-json\/wp\/v2\/users\/1"}],"replies":[{"embeddable":true,"href":"https:\/\/freiesschauspiel.de\/en\/wp-json\/wp\/v2\/comments?post=8514"}],"version-history":[{"count":49,"href":"https:\/\/freiesschauspiel.de\/en\/wp-json\/wp\/v2\/pages\/8514\/revisions"}],"predecessor-version":[{"id":9980,"href":"https:\/\/freiesschauspiel.de\/en\/wp-json\/wp\/v2\/pages\/8514\/revisions\/9980"}],"up":[{"embeddable":true,"href":"https:\/\/freiesschauspiel.de\/en\/wp-json\/wp\/v2\/pages\/2"}],"wp:featuredmedia":[{"embeddable":true,"href":"https:\/\/freiesschauspiel.de\/en\/wp-json\/wp\/v2\/media\/8604"}],"wp:attachment":[{"href":"https:\/\/freiesschauspiel.de\/en\/wp-json\/wp\/v2\/media?parent=8514"}],"curies":[{"name":"wp","href":"https:\/\/api.w.org\/{rel}","templated":true}]}}