{"id":8608,"date":"2023-08-23T15:12:09","date_gmt":"2023-08-23T13:12:09","guid":{"rendered":"http:\/\/freiesschauspiel.de\/?page_id=8608"},"modified":"2023-08-23T15:12:09","modified_gmt":"2023-08-23T13:12:09","slug":"keine-einzelfaelle-rechte-netzwerke-in-hessen","status":"publish","type":"page","link":"https:\/\/freiesschauspiel.de\/en\/keine-einzelfaelle-rechte-netzwerke-in-hessen","title":{"rendered":"KEINE EINZELF\u00c4LLE: RECHTE NETZWERKE IN HESSEN"},"content":{"rendered":"<p>13. September, 19:00 &#8211; 21:00 Uhr, Titania.<\/p>\n<p>Der NSU, die rassistisch motivierten Anschl\u00e4ge in Kassel, W\u00e4chtersbach und Hanau, sowie die Aufdeckung des NSU 2.0 und von nationalsozialistischen Chat-Gruppen innerhalb der Polizei haben deutlich gemacht: Die extreme Rechte stellt auch in Hessen eine erhebliche Gefahr dar. Es gibt eine militante, bewaffnete und international vernetzte Rechte Szene, von der Gewalt und Bedrohung ausgeht. Dies hat zuletzt die Razzia gegen die \u00bbPatriotische Union\u00ab\u200b\u200b\u200b\u200b\u200b\u200b\u200b von Heinrich XIII. Prinz Reu\u00df, die sogenannten Reichsb\u00fcrger*innen, gezeigt. Das reflexhafte Narrativ von Einzelf\u00e4llen und Einzelt\u00e4ter*innen ist nicht blo\u00df falsch, sondern erschwert auch die Aufkl\u00e4rung von rechten Netzwerken.<\/p>\n<p>Die Hessische Regierung hat wiederholt bewiesen, dass auf sie im Kampf gegen Rechts kein Verlass ist. Trotz des engagierten, anti-rassistischen und antifaschistischen Einsatzes von Betroffenen und Aktivist*innen, die etwa Parlamentarische Untersuchungsaussch\u00fcsse im Hessischen Landtag erk\u00e4mpft haben, hat das Land Hessen im Kampf gegen die extreme Rechte noch sehr, sehr viel zu tun. Welche Konsequenzen m\u00fcssen wir aus dem NSU und den Ereignissen in Hanau ziehen? Welche Rolle spielen dabei die Polizei und der Verfassungsschutz? Wie kann linke Politik zur Aufkl\u00e4rung und Pr\u00e4vention rechter Gewalt beitragen, und Stimmen von Betroffenen st\u00e4rken? Und wie machen wir Hessen zu einem sicheren Hafen f\u00fcr alle Menschen?<\/p>\n<p>Gemeinsam mit Martina Renner (Linksfraktion im Bundestag), Seda Ba\u015fay-Y\u0131ld\u0131z (Rechtsanw\u00e4ltin im NSU-Prozess), der Initiative 19. Februar Hanau\u00ab\u200b\u200b\u200b\u200b\u200b\u200b\u200bund Magdalena Depta-Wollenhaupt (Kandidatin zur Hessischen Landtagswahl) m\u00f6chten wir \u00fcber rechte Gewalt und Netzwerke, die Rolle von Staat, Polizei und Verfassungsschutz, und anti-rassistische K\u00e4mpfe in Hessen sprechen. Herzliche Einladung!<\/p>\n","protected":false},"excerpt":{"rendered":"13. September, 19:00 &#8211; 21:00 <a class=\"more-link\" href=\"https:\/\/freiesschauspiel.de\/en\/keine-einzelfaelle-rechte-netzwerke-in-hessen\">(&#8230; mehr)<\/a>","protected":false},"author":1,"featured_media":0,"parent":0,"menu_order":0,"comment_status":"closed","ping_status":"closed","template":"","meta":{"footnotes":""},"translation":{"provider":"WPGlobus","version":"3.0.0","language":"en","enabled_languages":["de","en"],"languages":{"de":{"title":true,"content":true,"excerpt":false},"en":{"title":false,"content":false,"excerpt":false}}},"yoast_head":"<!-- This site is optimized with the Yoast SEO plugin v23.5 - https:\/\/yoast.com\/wordpress\/plugins\/seo\/ -->\n<title>KEINE EINZELF\u00c4LLE: RECHTE NETZWERKE IN HESSEN - Freies Schauspiel Ensemble<\/title>\n<meta name=\"robots\" content=\"index, follow, max-snippet:-1, max-image-preview:large, max-video-preview:-1\" \/>\n<link rel=\"canonical\" href=\"https:\/\/freiesschauspiel.de\/keine-einzelfaelle-rechte-netzwerke-in-hessen\" \/>\n<meta property=\"og:locale\" content=\"en_US\" \/>\n<meta property=\"og:type\" content=\"article\" \/>\n<meta property=\"og:title\" content=\"KEINE EINZELF\u00c4LLE: RECHTE NETZWERKE IN HESSEN - Freies Schauspiel Ensemble\" \/>\n<meta property=\"og:url\" content=\"https:\/\/freiesschauspiel.de\/keine-einzelfaelle-rechte-netzwerke-in-hessen\" \/>\n<meta property=\"og:site_name\" content=\"Freies Schauspiel Ensemble\" \/>\n<meta property=\"article:publisher\" content=\"https:\/\/www.facebook.com\/FreiesSchauspielEnsemble\/\" \/>\n<meta name=\"twitter:card\" content=\"summary_large_image\" \/>\n<script type=\"application\/ld+json\" class=\"yoast-schema-graph\">{\"@context\":\"https:\/\/schema.org\",\"@graph\":[{\"@type\":\"WebPage\",\"@id\":\"https:\/\/freiesschauspiel.de\/keine-einzelfaelle-rechte-netzwerke-in-hessen\",\"url\":\"https:\/\/freiesschauspiel.de\/keine-einzelfaelle-rechte-netzwerke-in-hessen\",\"name\":\"KEINE EINZELF\u00c4LLE: RECHTE NETZWERKE IN HESSEN - Freies Schauspiel Ensemble\",\"isPartOf\":{\"@id\":\"https:\/\/freiesschauspiel.de\/#website\"},\"datePublished\":\"2023-08-23T13:12:09+00:00\",\"dateModified\":\"2023-08-23T13:12:09+00:00\",\"breadcrumb\":{\"@id\":\"https:\/\/freiesschauspiel.de\/keine-einzelfaelle-rechte-netzwerke-in-hessen#breadcrumb\"},\"inLanguage\":\"en-US\",\"potentialAction\":[{\"@type\":\"ReadAction\",\"target\":[\"https:\/\/freiesschauspiel.de\/keine-einzelfaelle-rechte-netzwerke-in-hessen\"]}]},{\"@type\":\"BreadcrumbList\",\"@id\":\"https:\/\/freiesschauspiel.de\/keine-einzelfaelle-rechte-netzwerke-in-hessen#breadcrumb\",\"itemListElement\":[{\"@type\":\"ListItem\",\"position\":1,\"name\":\"Startseite\",\"item\":\"https:\/\/freiesschauspiel.de\/\"},{\"@type\":\"ListItem\",\"position\":2,\"name\":\"KEINE EINZELF\u00c4LLE: RECHTE NETZWERKE IN HESSEN\"}]},{\"@type\":\"WebSite\",\"@id\":\"https:\/\/freiesschauspiel.de\/#website\",\"url\":\"https:\/\/freiesschauspiel.de\/\",\"name\":\"Freies Schauspiel Ensemble\",\"description\":\"im TITANIA\",\"potentialAction\":[{\"@type\":\"SearchAction\",\"target\":{\"@type\":\"EntryPoint\",\"urlTemplate\":\"https:\/\/freiesschauspiel.de\/?s={search_term_string}\"},\"query-input\":{\"@type\":\"PropertyValueSpecification\",\"valueRequired\":true,\"valueName\":\"search_term_string\"}}],\"inLanguage\":\"en-US\"}]}<\/script>\n<!-- \/ Yoast SEO plugin. -->","yoast_head_json":{"title":"KEINE EINZELF\u00c4LLE: RECHTE NETZWERKE IN HESSEN - Freies Schauspiel Ensemble","robots":{"index":"index","follow":"follow","max-snippet":"max-snippet:-1","max-image-preview":"max-image-preview:large","max-video-preview":"max-video-preview:-1"},"canonical":"https:\/\/freiesschauspiel.de\/keine-einzelfaelle-rechte-netzwerke-in-hessen","og_locale":"en_US","og_type":"article","og_title":"KEINE EINZELF\u00c4LLE: RECHTE NETZWERKE IN HESSEN - Freies Schauspiel Ensemble","og_url":"https:\/\/freiesschauspiel.de\/keine-einzelfaelle-rechte-netzwerke-in-hessen","og_site_name":"Freies Schauspiel Ensemble","article_publisher":"https:\/\/www.facebook.com\/FreiesSchauspielEnsemble\/","twitter_card":"summary_large_image","schema":{"@context":"https:\/\/schema.org","@graph":[{"@type":"WebPage","@id":"https:\/\/freiesschauspiel.de\/keine-einzelfaelle-rechte-netzwerke-in-hessen","url":"https:\/\/freiesschauspiel.de\/keine-einzelfaelle-rechte-netzwerke-in-hessen","name":"KEINE EINZELF\u00c4LLE: RECHTE NETZWERKE IN HESSEN - Freies Schauspiel Ensemble","isPartOf":{"@id":"https:\/\/freiesschauspiel.de\/#website"},"datePublished":"2023-08-23T13:12:09+00:00","dateModified":"2023-08-23T13:12:09+00:00","breadcrumb":{"@id":"https:\/\/freiesschauspiel.de\/keine-einzelfaelle-rechte-netzwerke-in-hessen#breadcrumb"},"inLanguage":"en-US","potentialAction":[{"@type":"ReadAction","target":["https:\/\/freiesschauspiel.de\/keine-einzelfaelle-rechte-netzwerke-in-hessen"]}]},{"@type":"BreadcrumbList","@id":"https:\/\/freiesschauspiel.de\/keine-einzelfaelle-rechte-netzwerke-in-hessen#breadcrumb","itemListElement":[{"@type":"ListItem","position":1,"name":"Startseite","item":"https:\/\/freiesschauspiel.de\/"},{"@type":"ListItem","position":2,"name":"KEINE EINZELF\u00c4LLE: RECHTE NETZWERKE IN HESSEN"}]},{"@type":"WebSite","@id":"https:\/\/freiesschauspiel.de\/#website","url":"https:\/\/freiesschauspiel.de\/","name":"Freies Schauspiel Ensemble","description":"im TITANIA","potentialAction":[{"@type":"SearchAction","target":{"@type":"EntryPoint","urlTemplate":"https:\/\/freiesschauspiel.de\/?s={search_term_string}"},"query-input":{"@type":"PropertyValueSpecification","valueRequired":true,"valueName":"search_term_string"}}],"inLanguage":"en-US"}]}},"_links":{"self":[{"href":"https:\/\/freiesschauspiel.de\/en\/wp-json\/wp\/v2\/pages\/8608"}],"collection":[{"href":"https:\/\/freiesschauspiel.de\/en\/wp-json\/wp\/v2\/pages"}],"about":[{"href":"https:\/\/freiesschauspiel.de\/en\/wp-json\/wp\/v2\/types\/page"}],"author":[{"embeddable":true,"href":"https:\/\/freiesschauspiel.de\/en\/wp-json\/wp\/v2\/users\/1"}],"replies":[{"embeddable":true,"href":"https:\/\/freiesschauspiel.de\/en\/wp-json\/wp\/v2\/comments?post=8608"}],"version-history":[{"count":1,"href":"https:\/\/freiesschauspiel.de\/en\/wp-json\/wp\/v2\/pages\/8608\/revisions"}],"predecessor-version":[{"id":8609,"href":"https:\/\/freiesschauspiel.de\/en\/wp-json\/wp\/v2\/pages\/8608\/revisions\/8609"}],"wp:attachment":[{"href":"https:\/\/freiesschauspiel.de\/en\/wp-json\/wp\/v2\/media?parent=8608"}],"curies":[{"name":"wp","href":"https:\/\/api.w.org\/{rel}","templated":true}]}}