{"id":8686,"date":"2023-10-06T11:42:45","date_gmt":"2023-10-06T09:42:45","guid":{"rendered":"https:\/\/freiesschauspiel.de\/?page_id=8686"},"modified":"2023-12-30T14:55:53","modified_gmt":"2023-12-30T12:55:53","slug":"silvestervorstellung-glaube-liebe-hoffnung","status":"publish","type":"page","link":"https:\/\/freiesschauspiel.de\/en\/programm\/spielplan\/silvestervorstellung-glaube-liebe-hoffnung","title":{"rendered":"Silvestervorstellung GLAUBE LIEBE HOFFNUNG"},"content":{"rendered":"<div class=\"csRow\">\n<div class=\"csColumnGap\" style=\"margin: 0px; padding: 0px; float: left; width: 1.56%;\"><img decoding=\"async\" src=\"http:\/\/freiesschauspiel.de\/wp-content\/plugins\/advanced-wp-columns\/assets\/js\/plugins\/views\/img\/1x1-pixel.png\" \/><\/div>\n<div class=\"csColumn\" style=\"margin: 0px; padding: 0px; float: left; width: 47.7%;\" data-csstartpoint=\"15\" data-csendpoint=\"472.5\" data-cswidth=\"47.7%\" data-csid=\"c55be20a-e133-5d0d-ba57-cd786d74dbea\">\n<h1><\/h1>\n<p>Feiern und tanzen wir gemeinsam ins neue Jahr mit bew\u00e4hrtem Titania-Musik-Mix. Das Beste aus Pop, Rock, Soul, Latin und nat\u00fcrlich der obligatorische Neujahrswalzer.<\/p>\n<h1>Silvester im Titania<\/h1>\n<p>Einlass um 20:30 Uhr \/ Beginn um 21 Uhr<\/p>\n<p><strong>GLAUBE LIEBE HOFFNUNG<\/strong><br \/>\nnach \u00d6d\u00f6n von Horv\u00e1th<\/p>\n<p>im Anschluss<br \/>\n<strong>SILVESTERPARTY<\/strong><br \/>\n\u20ac 50 mit Reservierung inkl. Party, Suppe und Mitternachtssekt<\/p>\n<p><strong>St\u00fcckbeschreibung<\/strong><br \/>\nElisabeth &#8211; ausgestattet mit dem Wissen s\u00e4mtlicher Karriereratgeber &#8211; l\u00e4sst sich nicht schrecken von den \u2018schlechten Zeiten\u2019 und folgt der \u201eVenusstrategie\u201c. Getreu dem Motto: Wer hoch denkt, kommt weiter! gr\u00fcndet sie k\u00fchn ihr eigenes Unternehmen: Mieder, BHs, Strapse en gros. Unerschrocken, gerissen und blau\u00e4ugig st\u00fcrzt sie sich ins Marktget\u00fcmmel. Leider fehlt ihr das Anfangskapital. Und schon ger\u00e4t sie in die M\u00fchlen der Gesetze, Verordnungen, Erlasse und einstweiligen Verf\u00fcgungen und verf\u00e4ngt sich immer wieder im Netz des Kleingedruckten. Auch die Liebe scheint nur zeitweilig eine Rettung. Aber eines Tages begegnet Sie dem Oberbuchhalter der Welt&#8230;<\/p>\n<p>Horv\u00e1th gelingt es in seinen Dramen meisterhaft, die kom\u00f6diantische Drastik des Volkstheaters, beissende Sozialsatire und hinreissendes Seelendrama miteinander zu verbinden. Die Bearbeitung des Freien Schauspiel Ensembles radikalisiert den Originaltext und verengt, bewusst subjektivistisch, den Blick: Eingeschlossen, wie in einem Tank, rollt Elisabeth durch ihre eigene Lebensgeschichte. Nur durch den schmalen Sehschlitz ihrer Wahrnehmung entstellt, erf\u00e4hrt der Zuschauer die Wirklichkeit. Ein Monodrama von beklemmender Scharfsicht und dreistem \u00dcberlebenswillen.<\/p>\n<p>&nbsp;<\/p>\n<\/div>\n<div class=\"csColumnGap\" style=\"margin: 0px; padding: 0px; float: left; width: 14.2%;\"><img decoding=\"async\" src=\"http:\/\/freiesschauspiel.de\/wp-content\/plugins\/advanced-wp-columns\/assets\/js\/plugins\/views\/img\/1x1-pixel.png\" \/><\/div>\n<div class=\"csColumn\" style=\"margin: 0px; padding: 0px; float: left; width: 35.1%;\" data-csstartpoint=\"608.5\" data-csendpoint=\"945\" data-cswidth=\"35.1%\" data-csid=\"81b1934c-a173-4d65-a825-25b6438b6708\">\n<p><strong>GLAUBE LIEBE HOFFNUNG<\/strong><br \/>\nnach \u00d6d\u00f6n von Horv\u00e1th<\/p>\n<p><strong>Es spielt<\/strong> Bettina Kaminski<br \/>\n<strong>Inszenierung<\/strong> Reinhard Hinzpeter<br \/>\n<strong>B\u00fchne<\/strong> Gerd Friedrich<br \/>\n<strong>Kost\u00fcme <\/strong>Andrea R\u00f6lle<\/p>\n\n\t\t<style type=\"text\/css\">\n\t\t\t#gallery-1 {\n\t\t\t\tmargin: auto;\n\t\t\t}\n\t\t\t#gallery-1 .gallery-item {\n\t\t\t\tfloat: left;\n\t\t\t\tmargin-top: 10px;\n\t\t\t\ttext-align: center;\n\t\t\t\twidth: 33%;\n\t\t\t}\n\t\t\t#gallery-1 img {\n\t\t\t\tborder: 2px solid #cfcfcf;\n\t\t\t}\n\t\t\t#gallery-1 .gallery-caption {\n\t\t\t\tmargin-left: 0;\n\t\t\t}\n\t\t\t\/* see gallery_shortcode() in wp-includes\/media.php *\/\n\t\t<\/style>\n\t\t<div id='gallery-1' class='gallery galleryid-8686 gallery-columns-3 gallery-size-small'><dl class='gallery-item'>\n\t\t\t<dt class='gallery-icon landscape'>\n\t\t\t\t<a href='https:\/\/freiesschauspiel.de\/wp-content\/uploads\/2016\/09\/GlaubeLiebeHoffnung-1-1024x768.jpg' title=\"Bettina Kaminski in GLAUBE LIEBE HOFFNUNG \u00a9 Mischa Goldmann\" data-rl_title=\"Bettina Kaminski in GLAUBE LIEBE HOFFNUNG \u00a9 Mischa Goldmann\" class=\"rl-gallery-link\" data-rl_caption=\"\" data-rel=\"lightbox-gallery-1\"><img loading=\"lazy\" decoding=\"async\" width=\"1600\" height=\"1200\" src=\"https:\/\/freiesschauspiel.de\/wp-content\/uploads\/2016\/09\/GlaubeLiebeHoffnung-1.jpg\" class=\"attachment-small size-small\" alt=\"Bettina Kaminski in GLAUBE LIEBE HOFFNUNG \u00a9 Mischa Goldmann\" srcset=\"https:\/\/freiesschauspiel.de\/wp-content\/uploads\/2016\/09\/GlaubeLiebeHoffnung-1.jpg 1600w, https:\/\/freiesschauspiel.de\/wp-content\/uploads\/2016\/09\/GlaubeLiebeHoffnung-1-300x225.jpg 300w, https:\/\/freiesschauspiel.de\/wp-content\/uploads\/2016\/09\/GlaubeLiebeHoffnung-1-768x576.jpg 768w, https:\/\/freiesschauspiel.de\/wp-content\/uploads\/2016\/09\/GlaubeLiebeHoffnung-1-1024x768.jpg 1024w\" sizes=\"(max-width: 1600px) 100vw, 1600px\" \/><\/a>\n\t\t\t<\/dt><\/dl><dl class='gallery-item'>\n\t\t\t<dt class='gallery-icon landscape'>\n\t\t\t\t<a href='https:\/\/freiesschauspiel.de\/wp-content\/uploads\/2016\/09\/GlaubeLiebeHoffnung-2-1024x768.jpg' title=\"Bettina Kaminski in GLAUBE LIEBE HOFFNUNG \u00a9 Mischa Goldmann\" data-rl_title=\"Bettina Kaminski in GLAUBE LIEBE HOFFNUNG \u00a9 Mischa Goldmann\" class=\"rl-gallery-link\" data-rl_caption=\"\" data-rel=\"lightbox-gallery-1\"><img loading=\"lazy\" decoding=\"async\" width=\"1600\" height=\"1200\" src=\"https:\/\/freiesschauspiel.de\/wp-content\/uploads\/2016\/09\/GlaubeLiebeHoffnung-2.jpg\" class=\"attachment-small size-small\" alt=\"Bettina Kaminski in GLAUBE LIEBE HOFFNUNG \u00a9 Mischa Goldmann\" srcset=\"https:\/\/freiesschauspiel.de\/wp-content\/uploads\/2016\/09\/GlaubeLiebeHoffnung-2.jpg 1600w, https:\/\/freiesschauspiel.de\/wp-content\/uploads\/2016\/09\/GlaubeLiebeHoffnung-2-300x225.jpg 300w, https:\/\/freiesschauspiel.de\/wp-content\/uploads\/2016\/09\/GlaubeLiebeHoffnung-2-768x576.jpg 768w, https:\/\/freiesschauspiel.de\/wp-content\/uploads\/2016\/09\/GlaubeLiebeHoffnung-2-1024x768.jpg 1024w\" sizes=\"(max-width: 1600px) 100vw, 1600px\" \/><\/a>\n\t\t\t<\/dt><\/dl><dl class='gallery-item'>\n\t\t\t<dt class='gallery-icon landscape'>\n\t\t\t\t<a href='https:\/\/freiesschauspiel.de\/wp-content\/uploads\/2016\/09\/GlaubeLiebeHoffnung-2.1-1024x768.jpg' title=\"Bettina Kaminski in GLAUBE LIEBE HOFFNUNG \u00a9 Mischa Goldmann\" data-rl_title=\"Bettina Kaminski in GLAUBE LIEBE HOFFNUNG \u00a9 Mischa Goldmann\" class=\"rl-gallery-link\" data-rl_caption=\"\" data-rel=\"lightbox-gallery-1\"><img loading=\"lazy\" decoding=\"async\" width=\"1600\" height=\"1200\" src=\"https:\/\/freiesschauspiel.de\/wp-content\/uploads\/2016\/09\/GlaubeLiebeHoffnung-2.1.jpg\" class=\"attachment-small size-small\" alt=\"Bettina Kaminski in GLAUBE LIEBE HOFFNUNG \u00a9 Mischa Goldmann\" srcset=\"https:\/\/freiesschauspiel.de\/wp-content\/uploads\/2016\/09\/GlaubeLiebeHoffnung-2.1.jpg 1600w, https:\/\/freiesschauspiel.de\/wp-content\/uploads\/2016\/09\/GlaubeLiebeHoffnung-2.1-300x225.jpg 300w, https:\/\/freiesschauspiel.de\/wp-content\/uploads\/2016\/09\/GlaubeLiebeHoffnung-2.1-768x576.jpg 768w, https:\/\/freiesschauspiel.de\/wp-content\/uploads\/2016\/09\/GlaubeLiebeHoffnung-2.1-1024x768.jpg 1024w\" sizes=\"(max-width: 1600px) 100vw, 1600px\" \/><\/a>\n\t\t\t<\/dt><\/dl><br style=\"clear: both\" \/>\n\t\t<\/div>\n\n<p><a href=\"http:\/\/freiesschauspiel.de\/programm\/glaube-liebe-hoffnung\/pressestimmen\">Pressestimmen<\/a><\/p>\n<\/div>\n<div class=\"csColumnGap\" style=\"margin: 0px; padding: 0px; float: left; width: 1.56%;\"><img decoding=\"async\" src=\"http:\/\/freiesschauspiel.de\/wp-content\/plugins\/advanced-wp-columns\/assets\/js\/plugins\/views\/img\/1x1-pixel.png\" \/><\/div>\n<div style=\"clear: both; float: none; display: block; visibility: hidden; width: 0px; font-size: 0px; line-height: 0;\"><\/div>\n<\/div>\n","protected":false},"excerpt":{"rendered":"Feiern und tanzen wir gemeinsam <a class=\"more-link\" href=\"https:\/\/freiesschauspiel.de\/en\/programm\/spielplan\/silvestervorstellung-glaube-liebe-hoffnung\">(&#8230; mehr)<\/a>","protected":false},"author":3,"featured_media":8730,"parent":2,"menu_order":0,"comment_status":"closed","ping_status":"closed","template":"","meta":{"footnotes":""},"translation":{"provider":"WPGlobus","version":"3.0.0","language":"en","enabled_languages":["de","en"],"languages":{"de":{"title":true,"content":true,"excerpt":false},"en":{"title":false,"content":false,"excerpt":false}}},"yoast_head":"<!-- This site is optimized with the Yoast SEO plugin v23.5 - https:\/\/yoast.com\/wordpress\/plugins\/seo\/ -->\n<title>Silvestervorstellung GLAUBE LIEBE HOFFNUNG - Freies Schauspiel Ensemble<\/title>\n<meta name=\"robots\" content=\"index, follow, max-snippet:-1, max-image-preview:large, max-video-preview:-1\" \/>\n<link rel=\"canonical\" href=\"https:\/\/freiesschauspiel.de\/programm\/spielplan\/silvestervorstellung-glaube-liebe-hoffnung\" \/>\n<meta property=\"og:locale\" content=\"en_US\" \/>\n<meta property=\"og:type\" content=\"article\" \/>\n<meta property=\"og:title\" content=\"Silvestervorstellung GLAUBE LIEBE HOFFNUNG - Freies Schauspiel Ensemble\" \/>\n<meta property=\"og:url\" content=\"https:\/\/freiesschauspiel.de\/programm\/spielplan\/silvestervorstellung-glaube-liebe-hoffnung\" \/>\n<meta property=\"og:site_name\" content=\"Freies Schauspiel Ensemble\" \/>\n<meta property=\"article:publisher\" content=\"https:\/\/www.facebook.com\/FreiesSchauspielEnsemble\/\" \/>\n<meta property=\"article:modified_time\" content=\"2023-12-30T12:55:53+00:00\" \/>\n<meta property=\"og:image\" content=\"https:\/\/freiesschauspiel.de\/wp-content\/uploads\/2023\/10\/Header-Wordpress-2.jpg\" \/>\n\t<meta property=\"og:image:width\" content=\"2560\" \/>\n\t<meta property=\"og:image:height\" content=\"968\" \/>\n\t<meta property=\"og:image:type\" content=\"image\/jpeg\" \/>\n<meta name=\"twitter:card\" content=\"summary_large_image\" \/>\n<meta name=\"twitter:label1\" content=\"Est. reading time\" \/>\n\t<meta name=\"twitter:data1\" content=\"2 minutes\" \/>\n<script type=\"application\/ld+json\" class=\"yoast-schema-graph\">{\"@context\":\"https:\/\/schema.org\",\"@graph\":[{\"@type\":\"WebPage\",\"@id\":\"https:\/\/freiesschauspiel.de\/programm\/spielplan\/silvestervorstellung-glaube-liebe-hoffnung\",\"url\":\"https:\/\/freiesschauspiel.de\/programm\/spielplan\/silvestervorstellung-glaube-liebe-hoffnung\",\"name\":\"Silvestervorstellung GLAUBE LIEBE HOFFNUNG - Freies Schauspiel Ensemble\",\"isPartOf\":{\"@id\":\"https:\/\/freiesschauspiel.de\/#website\"},\"primaryImageOfPage\":{\"@id\":\"https:\/\/freiesschauspiel.de\/programm\/spielplan\/silvestervorstellung-glaube-liebe-hoffnung#primaryimage\"},\"image\":{\"@id\":\"https:\/\/freiesschauspiel.de\/programm\/spielplan\/silvestervorstellung-glaube-liebe-hoffnung#primaryimage\"},\"thumbnailUrl\":\"https:\/\/freiesschauspiel.de\/wp-content\/uploads\/2023\/10\/Header-Wordpress-2.jpg\",\"datePublished\":\"2023-10-06T09:42:45+00:00\",\"dateModified\":\"2023-12-30T12:55:53+00:00\",\"breadcrumb\":{\"@id\":\"https:\/\/freiesschauspiel.de\/programm\/spielplan\/silvestervorstellung-glaube-liebe-hoffnung#breadcrumb\"},\"inLanguage\":\"en-US\",\"potentialAction\":[{\"@type\":\"ReadAction\",\"target\":[\"https:\/\/freiesschauspiel.de\/programm\/spielplan\/silvestervorstellung-glaube-liebe-hoffnung\"]}]},{\"@type\":\"ImageObject\",\"inLanguage\":\"en-US\",\"@id\":\"https:\/\/freiesschauspiel.de\/programm\/spielplan\/silvestervorstellung-glaube-liebe-hoffnung#primaryimage\",\"url\":\"https:\/\/freiesschauspiel.de\/wp-content\/uploads\/2023\/10\/Header-Wordpress-2.jpg\",\"contentUrl\":\"https:\/\/freiesschauspiel.de\/wp-content\/uploads\/2023\/10\/Header-Wordpress-2.jpg\",\"width\":2560,\"height\":968},{\"@type\":\"BreadcrumbList\",\"@id\":\"https:\/\/freiesschauspiel.de\/programm\/spielplan\/silvestervorstellung-glaube-liebe-hoffnung#breadcrumb\",\"itemListElement\":[{\"@type\":\"ListItem\",\"position\":1,\"name\":\"Startseite\",\"item\":\"https:\/\/freiesschauspiel.de\/\"},{\"@type\":\"ListItem\",\"position\":2,\"name\":\"Programm\",\"item\":\"https:\/\/freiesschauspiel.de\/programm\"},{\"@type\":\"ListItem\",\"position\":3,\"name\":\"Spielplan 2025\/26\",\"item\":\"https:\/\/freiesschauspiel.de\/programm\/spielplan\"},{\"@type\":\"ListItem\",\"position\":4,\"name\":\"Silvestervorstellung GLAUBE LIEBE HOFFNUNG\"}]},{\"@type\":\"WebSite\",\"@id\":\"https:\/\/freiesschauspiel.de\/#website\",\"url\":\"https:\/\/freiesschauspiel.de\/\",\"name\":\"Freies Schauspiel Ensemble\",\"description\":\"im TITANIA\",\"potentialAction\":[{\"@type\":\"SearchAction\",\"target\":{\"@type\":\"EntryPoint\",\"urlTemplate\":\"https:\/\/freiesschauspiel.de\/?s={search_term_string}\"},\"query-input\":{\"@type\":\"PropertyValueSpecification\",\"valueRequired\":true,\"valueName\":\"search_term_string\"}}],\"inLanguage\":\"en-US\"}]}<\/script>\n<!-- \/ Yoast SEO plugin. -->","yoast_head_json":{"title":"Silvestervorstellung GLAUBE LIEBE HOFFNUNG - Freies Schauspiel Ensemble","robots":{"index":"index","follow":"follow","max-snippet":"max-snippet:-1","max-image-preview":"max-image-preview:large","max-video-preview":"max-video-preview:-1"},"canonical":"https:\/\/freiesschauspiel.de\/programm\/spielplan\/silvestervorstellung-glaube-liebe-hoffnung","og_locale":"en_US","og_type":"article","og_title":"Silvestervorstellung GLAUBE LIEBE HOFFNUNG - Freies Schauspiel Ensemble","og_url":"https:\/\/freiesschauspiel.de\/programm\/spielplan\/silvestervorstellung-glaube-liebe-hoffnung","og_site_name":"Freies Schauspiel Ensemble","article_publisher":"https:\/\/www.facebook.com\/FreiesSchauspielEnsemble\/","article_modified_time":"2023-12-30T12:55:53+00:00","og_image":[{"width":2560,"height":968,"url":"https:\/\/freiesschauspiel.de\/wp-content\/uploads\/2023\/10\/Header-Wordpress-2.jpg","type":"image\/jpeg"}],"twitter_card":"summary_large_image","twitter_misc":{"Est. reading time":"2 minutes"},"schema":{"@context":"https:\/\/schema.org","@graph":[{"@type":"WebPage","@id":"https:\/\/freiesschauspiel.de\/programm\/spielplan\/silvestervorstellung-glaube-liebe-hoffnung","url":"https:\/\/freiesschauspiel.de\/programm\/spielplan\/silvestervorstellung-glaube-liebe-hoffnung","name":"Silvestervorstellung GLAUBE LIEBE HOFFNUNG - Freies Schauspiel Ensemble","isPartOf":{"@id":"https:\/\/freiesschauspiel.de\/#website"},"primaryImageOfPage":{"@id":"https:\/\/freiesschauspiel.de\/programm\/spielplan\/silvestervorstellung-glaube-liebe-hoffnung#primaryimage"},"image":{"@id":"https:\/\/freiesschauspiel.de\/programm\/spielplan\/silvestervorstellung-glaube-liebe-hoffnung#primaryimage"},"thumbnailUrl":"https:\/\/freiesschauspiel.de\/wp-content\/uploads\/2023\/10\/Header-Wordpress-2.jpg","datePublished":"2023-10-06T09:42:45+00:00","dateModified":"2023-12-30T12:55:53+00:00","breadcrumb":{"@id":"https:\/\/freiesschauspiel.de\/programm\/spielplan\/silvestervorstellung-glaube-liebe-hoffnung#breadcrumb"},"inLanguage":"en-US","potentialAction":[{"@type":"ReadAction","target":["https:\/\/freiesschauspiel.de\/programm\/spielplan\/silvestervorstellung-glaube-liebe-hoffnung"]}]},{"@type":"ImageObject","inLanguage":"en-US","@id":"https:\/\/freiesschauspiel.de\/programm\/spielplan\/silvestervorstellung-glaube-liebe-hoffnung#primaryimage","url":"https:\/\/freiesschauspiel.de\/wp-content\/uploads\/2023\/10\/Header-Wordpress-2.jpg","contentUrl":"https:\/\/freiesschauspiel.de\/wp-content\/uploads\/2023\/10\/Header-Wordpress-2.jpg","width":2560,"height":968},{"@type":"BreadcrumbList","@id":"https:\/\/freiesschauspiel.de\/programm\/spielplan\/silvestervorstellung-glaube-liebe-hoffnung#breadcrumb","itemListElement":[{"@type":"ListItem","position":1,"name":"Startseite","item":"https:\/\/freiesschauspiel.de\/"},{"@type":"ListItem","position":2,"name":"Programm","item":"https:\/\/freiesschauspiel.de\/programm"},{"@type":"ListItem","position":3,"name":"Spielplan 2025\/26","item":"https:\/\/freiesschauspiel.de\/programm\/spielplan"},{"@type":"ListItem","position":4,"name":"Silvestervorstellung GLAUBE LIEBE HOFFNUNG"}]},{"@type":"WebSite","@id":"https:\/\/freiesschauspiel.de\/#website","url":"https:\/\/freiesschauspiel.de\/","name":"Freies Schauspiel Ensemble","description":"im TITANIA","potentialAction":[{"@type":"SearchAction","target":{"@type":"EntryPoint","urlTemplate":"https:\/\/freiesschauspiel.de\/?s={search_term_string}"},"query-input":{"@type":"PropertyValueSpecification","valueRequired":true,"valueName":"search_term_string"}}],"inLanguage":"en-US"}]}},"_links":{"self":[{"href":"https:\/\/freiesschauspiel.de\/en\/wp-json\/wp\/v2\/pages\/8686"}],"collection":[{"href":"https:\/\/freiesschauspiel.de\/en\/wp-json\/wp\/v2\/pages"}],"about":[{"href":"https:\/\/freiesschauspiel.de\/en\/wp-json\/wp\/v2\/types\/page"}],"author":[{"embeddable":true,"href":"https:\/\/freiesschauspiel.de\/en\/wp-json\/wp\/v2\/users\/3"}],"replies":[{"embeddable":true,"href":"https:\/\/freiesschauspiel.de\/en\/wp-json\/wp\/v2\/comments?post=8686"}],"version-history":[{"count":24,"href":"https:\/\/freiesschauspiel.de\/en\/wp-json\/wp\/v2\/pages\/8686\/revisions"}],"predecessor-version":[{"id":8975,"href":"https:\/\/freiesschauspiel.de\/en\/wp-json\/wp\/v2\/pages\/8686\/revisions\/8975"}],"up":[{"embeddable":true,"href":"https:\/\/freiesschauspiel.de\/en\/wp-json\/wp\/v2\/pages\/2"}],"wp:featuredmedia":[{"embeddable":true,"href":"https:\/\/freiesschauspiel.de\/en\/wp-json\/wp\/v2\/media\/8730"}],"wp:attachment":[{"href":"https:\/\/freiesschauspiel.de\/en\/wp-json\/wp\/v2\/media?parent=8686"}],"curies":[{"name":"wp","href":"https:\/\/api.w.org\/{rel}","templated":true}]}}