{"id":8771,"date":"2023-10-23T14:05:13","date_gmt":"2023-10-23T12:05:13","guid":{"rendered":"https:\/\/freiesschauspiel.de\/?page_id=8771"},"modified":"2023-10-30T13:29:16","modified_gmt":"2023-10-30T11:29:16","slug":"pressestimmen-hamlet","status":"publish","type":"page","link":"https:\/\/freiesschauspiel.de\/en\/programm\/spielplan\/hamlet\/pressestimmen-hamlet","title":{"rendered":"Pressestimmen HAMLET"},"content":{"rendered":"<p><strong>Claudia Sch\u00fclke, FRANKFURTER ALLGEMEINE ZEITUNG (27.09.2023)<\/strong><br \/>\n\u201e \u2026 Im Bockenheimer Titania hat das Freie Schauspiel Ensemble gro\u00dfen B\u00fchnen die Stirn geboten. Dieser zusammengestrichene \u201eHamlet\u201c in knapp drei Stunden inklusive Pause machte selbst theaterm\u00fcde Zuschauer sprachlos. Die intelligente Regie, die Sprechkunst des Ensembles, die energetische Verausgabung des Protagonisten in Gestalt von Ives Pancera, der Wechsel aus stillen und schrillen Momenten \u2013 alles staunenswert.&#8221;<\/p>\n<p><strong>Julian Mackenthun, Journal Frankfurt (09\/2023)<\/strong><br \/>\n\u201e \u2026 Es bleibt den Zuschauern selbst \u00fcberlassen, zuzusehen und zu beurteilen. Denn auch ihren Blicken k\u00f6nnen sich die Figuren nicht entziehen. Statt auf der regul\u00e4ren B\u00fchne spielt diese Inszenierung auf einem B\u00fchnensteg. Darum herum sitzen die Zuschauer in einem Halbrund und sehen, wie Shakespeares Globe Theatre, die B\u00fchne von drei Seiten ein. So wird Shakespeares Trag\u00f6die hier zu einem psychologischen Familiendrama. Denn die Familie ist in diesem St\u00fcck kein Schutzraum. Selbst wenn man sich au\u00dfen vor f\u00fchlt, kann man sich ihr nicht entziehen.\u201c<\/p>\n<p><strong>Marcus Hladek, Frankfurter Rundschau (26.09.2023)<\/strong><br \/>\n\u201e \u2026 Kaminski liegt offenbar weniger am grenzwahnsinnigen Hamlet als daran, ihm und anderen Figuren eine selten so gesehene Widerspruchsfreiheit r\u00fcckzuerstatten. &#8230;Ein Familienst\u00fcck mit Psychodrama, und das ist interessant zu sehen.&#8221;<\/p>\n","protected":false},"excerpt":{"rendered":"Claudia Sch\u00fclke, FRANKFURTER ALLGEMEINE ZEITUNG <a class=\"more-link\" href=\"https:\/\/freiesschauspiel.de\/en\/programm\/spielplan\/hamlet\/pressestimmen-hamlet\">(&#8230; mehr)<\/a>","protected":false},"author":3,"featured_media":0,"parent":8514,"menu_order":0,"comment_status":"closed","ping_status":"closed","template":"","meta":{"footnotes":""},"translation":{"provider":"WPGlobus","version":"3.0.0","language":"en","enabled_languages":["de","en"],"languages":{"de":{"title":true,"content":true,"excerpt":false},"en":{"title":false,"content":false,"excerpt":false}}},"yoast_head":"<!-- This site is optimized with the Yoast SEO plugin v23.5 - https:\/\/yoast.com\/wordpress\/plugins\/seo\/ -->\n<title>Pressestimmen HAMLET - Freies Schauspiel Ensemble<\/title>\n<meta name=\"robots\" content=\"index, follow, max-snippet:-1, max-image-preview:large, max-video-preview:-1\" \/>\n<link rel=\"canonical\" href=\"https:\/\/freiesschauspiel.de\/programm\/spielplan\/hamlet\/pressestimmen-hamlet\" \/>\n<meta property=\"og:locale\" content=\"en_US\" \/>\n<meta property=\"og:type\" content=\"article\" \/>\n<meta property=\"og:title\" content=\"Pressestimmen HAMLET - Freies Schauspiel Ensemble\" \/>\n<meta property=\"og:url\" content=\"https:\/\/freiesschauspiel.de\/programm\/spielplan\/hamlet\/pressestimmen-hamlet\" \/>\n<meta property=\"og:site_name\" content=\"Freies Schauspiel Ensemble\" \/>\n<meta property=\"article:publisher\" content=\"https:\/\/www.facebook.com\/FreiesSchauspielEnsemble\/\" \/>\n<meta property=\"article:modified_time\" content=\"2023-10-30T11:29:16+00:00\" \/>\n<meta name=\"twitter:card\" content=\"summary_large_image\" \/>\n<meta name=\"twitter:label1\" content=\"Est. reading time\" \/>\n\t<meta name=\"twitter:data1\" content=\"2 minutes\" \/>\n<script type=\"application\/ld+json\" class=\"yoast-schema-graph\">{\"@context\":\"https:\/\/schema.org\",\"@graph\":[{\"@type\":\"WebPage\",\"@id\":\"https:\/\/freiesschauspiel.de\/programm\/spielplan\/hamlet\/pressestimmen-hamlet\",\"url\":\"https:\/\/freiesschauspiel.de\/programm\/spielplan\/hamlet\/pressestimmen-hamlet\",\"name\":\"Pressestimmen HAMLET - Freies Schauspiel Ensemble\",\"isPartOf\":{\"@id\":\"https:\/\/freiesschauspiel.de\/#website\"},\"datePublished\":\"2023-10-23T12:05:13+00:00\",\"dateModified\":\"2023-10-30T11:29:16+00:00\",\"breadcrumb\":{\"@id\":\"https:\/\/freiesschauspiel.de\/programm\/spielplan\/hamlet\/pressestimmen-hamlet#breadcrumb\"},\"inLanguage\":\"en-US\",\"potentialAction\":[{\"@type\":\"ReadAction\",\"target\":[\"https:\/\/freiesschauspiel.de\/programm\/spielplan\/hamlet\/pressestimmen-hamlet\"]}]},{\"@type\":\"BreadcrumbList\",\"@id\":\"https:\/\/freiesschauspiel.de\/programm\/spielplan\/hamlet\/pressestimmen-hamlet#breadcrumb\",\"itemListElement\":[{\"@type\":\"ListItem\",\"position\":1,\"name\":\"Startseite\",\"item\":\"https:\/\/freiesschauspiel.de\/\"},{\"@type\":\"ListItem\",\"position\":2,\"name\":\"Programm\",\"item\":\"https:\/\/freiesschauspiel.de\/programm\"},{\"@type\":\"ListItem\",\"position\":3,\"name\":\"Spielplan 2025\/26\",\"item\":\"https:\/\/freiesschauspiel.de\/programm\/spielplan\"},{\"@type\":\"ListItem\",\"position\":4,\"name\":\"HAMLET\",\"item\":\"https:\/\/freiesschauspiel.de\/programm\/spielplan\/hamlet\"},{\"@type\":\"ListItem\",\"position\":5,\"name\":\"Pressestimmen HAMLET\"}]},{\"@type\":\"WebSite\",\"@id\":\"https:\/\/freiesschauspiel.de\/#website\",\"url\":\"https:\/\/freiesschauspiel.de\/\",\"name\":\"Freies Schauspiel Ensemble\",\"description\":\"im TITANIA\",\"potentialAction\":[{\"@type\":\"SearchAction\",\"target\":{\"@type\":\"EntryPoint\",\"urlTemplate\":\"https:\/\/freiesschauspiel.de\/?s={search_term_string}\"},\"query-input\":{\"@type\":\"PropertyValueSpecification\",\"valueRequired\":true,\"valueName\":\"search_term_string\"}}],\"inLanguage\":\"en-US\"}]}<\/script>\n<!-- \/ Yoast SEO plugin. -->","yoast_head_json":{"title":"Pressestimmen HAMLET - Freies Schauspiel Ensemble","robots":{"index":"index","follow":"follow","max-snippet":"max-snippet:-1","max-image-preview":"max-image-preview:large","max-video-preview":"max-video-preview:-1"},"canonical":"https:\/\/freiesschauspiel.de\/programm\/spielplan\/hamlet\/pressestimmen-hamlet","og_locale":"en_US","og_type":"article","og_title":"Pressestimmen HAMLET - Freies Schauspiel Ensemble","og_url":"https:\/\/freiesschauspiel.de\/programm\/spielplan\/hamlet\/pressestimmen-hamlet","og_site_name":"Freies Schauspiel Ensemble","article_publisher":"https:\/\/www.facebook.com\/FreiesSchauspielEnsemble\/","article_modified_time":"2023-10-30T11:29:16+00:00","twitter_card":"summary_large_image","twitter_misc":{"Est. reading time":"2 minutes"},"schema":{"@context":"https:\/\/schema.org","@graph":[{"@type":"WebPage","@id":"https:\/\/freiesschauspiel.de\/programm\/spielplan\/hamlet\/pressestimmen-hamlet","url":"https:\/\/freiesschauspiel.de\/programm\/spielplan\/hamlet\/pressestimmen-hamlet","name":"Pressestimmen HAMLET - Freies Schauspiel Ensemble","isPartOf":{"@id":"https:\/\/freiesschauspiel.de\/#website"},"datePublished":"2023-10-23T12:05:13+00:00","dateModified":"2023-10-30T11:29:16+00:00","breadcrumb":{"@id":"https:\/\/freiesschauspiel.de\/programm\/spielplan\/hamlet\/pressestimmen-hamlet#breadcrumb"},"inLanguage":"en-US","potentialAction":[{"@type":"ReadAction","target":["https:\/\/freiesschauspiel.de\/programm\/spielplan\/hamlet\/pressestimmen-hamlet"]}]},{"@type":"BreadcrumbList","@id":"https:\/\/freiesschauspiel.de\/programm\/spielplan\/hamlet\/pressestimmen-hamlet#breadcrumb","itemListElement":[{"@type":"ListItem","position":1,"name":"Startseite","item":"https:\/\/freiesschauspiel.de\/"},{"@type":"ListItem","position":2,"name":"Programm","item":"https:\/\/freiesschauspiel.de\/programm"},{"@type":"ListItem","position":3,"name":"Spielplan 2025\/26","item":"https:\/\/freiesschauspiel.de\/programm\/spielplan"},{"@type":"ListItem","position":4,"name":"HAMLET","item":"https:\/\/freiesschauspiel.de\/programm\/spielplan\/hamlet"},{"@type":"ListItem","position":5,"name":"Pressestimmen HAMLET"}]},{"@type":"WebSite","@id":"https:\/\/freiesschauspiel.de\/#website","url":"https:\/\/freiesschauspiel.de\/","name":"Freies Schauspiel Ensemble","description":"im TITANIA","potentialAction":[{"@type":"SearchAction","target":{"@type":"EntryPoint","urlTemplate":"https:\/\/freiesschauspiel.de\/?s={search_term_string}"},"query-input":{"@type":"PropertyValueSpecification","valueRequired":true,"valueName":"search_term_string"}}],"inLanguage":"en-US"}]}},"_links":{"self":[{"href":"https:\/\/freiesschauspiel.de\/en\/wp-json\/wp\/v2\/pages\/8771"}],"collection":[{"href":"https:\/\/freiesschauspiel.de\/en\/wp-json\/wp\/v2\/pages"}],"about":[{"href":"https:\/\/freiesschauspiel.de\/en\/wp-json\/wp\/v2\/types\/page"}],"author":[{"embeddable":true,"href":"https:\/\/freiesschauspiel.de\/en\/wp-json\/wp\/v2\/users\/3"}],"replies":[{"embeddable":true,"href":"https:\/\/freiesschauspiel.de\/en\/wp-json\/wp\/v2\/comments?post=8771"}],"version-history":[{"count":5,"href":"https:\/\/freiesschauspiel.de\/en\/wp-json\/wp\/v2\/pages\/8771\/revisions"}],"predecessor-version":[{"id":8784,"href":"https:\/\/freiesschauspiel.de\/en\/wp-json\/wp\/v2\/pages\/8771\/revisions\/8784"}],"up":[{"embeddable":true,"href":"https:\/\/freiesschauspiel.de\/en\/wp-json\/wp\/v2\/pages\/8514"}],"wp:attachment":[{"href":"https:\/\/freiesschauspiel.de\/en\/wp-json\/wp\/v2\/media?parent=8771"}],"curies":[{"name":"wp","href":"https:\/\/api.w.org\/{rel}","templated":true}]}}