{"id":9064,"date":"2024-02-06T12:38:45","date_gmt":"2024-02-06T10:38:45","guid":{"rendered":"https:\/\/freiesschauspiel.de\/?page_id=9064"},"modified":"2024-02-19T14:17:30","modified_gmt":"2024-02-19T12:17:30","slug":"wir-haben-es-nicht-gut-gemacht","status":"publish","type":"page","link":"https:\/\/freiesschauspiel.de\/en\/programm\/spielplan\/wir-haben-es-nicht-gut-gemacht","title":{"rendered":"WIR HABEN ES NICHT GUT GEMACHT"},"content":{"rendered":"<div class=\"csRow\">\n<div class=\"csColumnGap\" style=\"margin: 0px; padding: 0px; float: left; width: 1.56%;\"><img decoding=\"async\" src=\"http:\/\/freiesschauspiel.de\/wp-content\/plugins\/advanced-wp-columns\/assets\/js\/plugins\/views\/img\/1x1-pixel.png\" \/><\/div>\n<div class=\"csColumn\" style=\"margin: 0px; padding: 0px; float: left; width: 47.7%;\" data-csstartpoint=\"15\" data-csendpoint=\"472.5\" data-cswidth=\"47.7%\" data-csid=\"3ded867b-9ecf-cc6f-8bf7-c673b3ba6f89\">\n<p>Am 3.Juli 1958 in Paris treffen sich Ingeborg Bachmann und Max Frisch zum ersten Mal. Und rasch entwickelt sich eine intensive romantische Liebesbeziehung. Keiner kann mehr ohne den andern sein. Sie wollen zusammenleben und mieten sich gemeinsame Wohnungen in Z\u00fcrich und Rom. Und doch finden sie nicht wirklich zueinander, \u00fcberfordern sich ma\u00dflos, haben einander nicht das zu geben, was der eine vom andern braucht. Abgr\u00fcnde der Verschiedenheit tun sich auf. Permanente Missverst\u00e4ndnisse und tiefe Entt\u00e4uschungen und Verletzlichkeiten auf beiden Seiten machen schlie\u00dflich das Miteinander zur Qual.<\/p>\n<p>Der Briefwechsel zwischen beiden ist das dramatische Zeugnis einer Liebe, die zu leben sich als unm\u00f6glich erweist.<\/p>\n<\/div>\n<div class=\"csColumnGap\" style=\"margin: 0px; padding: 0px; float: left; width: 14.2%;\"><img decoding=\"async\" src=\"http:\/\/freiesschauspiel.de\/wp-content\/plugins\/advanced-wp-columns\/assets\/js\/plugins\/views\/img\/1x1-pixel.png\" \/><\/div>\n<div class=\"csColumn\" style=\"margin: 0px; padding: 0px; float: left; width: 35.1%;\" data-csstartpoint=\"608.5\" data-csendpoint=\"945\" data-cswidth=\"35.1%\" data-csid=\"a5f171a8-f729-6cb6-b6e6-c73d99086a10\">\n<p><strong>WIR HABEN ES NICHT GUT GEMACHT<br \/>\n<\/strong>Lesung aus Briefen von Ingeborg Bachmann und Max Frisch<\/p>\n<p><strong>mit Bettina Kaminski und\u00a0 Ives Pancera<\/strong><\/p>\n<p><strong>Vorstellungen<\/strong><\/p>\n<p>So., 24.03., 18 Uhr\u00a0<a href=\"https:\/\/freiesschauspiel.de\/programm\/spielplan\/wir-haben-es-nicht-gut-gemacht\/kartenbestellung-24maerz\">Karten bestellen<\/a><\/p>\n<p>&nbsp;<\/p>\n<\/div>\n<\/div>\n","protected":false},"excerpt":{"rendered":"Am 3.Juli 1958 in Paris <a class=\"more-link\" href=\"https:\/\/freiesschauspiel.de\/en\/programm\/spielplan\/wir-haben-es-nicht-gut-gemacht\">(&#8230; mehr)<\/a>","protected":false},"author":3,"featured_media":9208,"parent":2,"menu_order":0,"comment_status":"closed","ping_status":"closed","template":"","meta":{"footnotes":""},"translation":{"provider":"WPGlobus","version":"3.0.0","language":"en","enabled_languages":["de","en"],"languages":{"de":{"title":true,"content":true,"excerpt":false},"en":{"title":false,"content":false,"excerpt":false}}},"yoast_head":"<!-- This site is optimized with the Yoast SEO plugin v23.5 - https:\/\/yoast.com\/wordpress\/plugins\/seo\/ -->\n<title>WIR HABEN ES NICHT GUT GEMACHT - Freies Schauspiel Ensemble<\/title>\n<meta name=\"robots\" content=\"index, follow, max-snippet:-1, max-image-preview:large, max-video-preview:-1\" \/>\n<link rel=\"canonical\" href=\"https:\/\/freiesschauspiel.de\/programm\/spielplan\/wir-haben-es-nicht-gut-gemacht\" \/>\n<meta property=\"og:locale\" content=\"en_US\" \/>\n<meta property=\"og:type\" content=\"article\" \/>\n<meta property=\"og:title\" content=\"WIR HABEN ES NICHT GUT GEMACHT - Freies Schauspiel Ensemble\" \/>\n<meta property=\"og:url\" content=\"https:\/\/freiesschauspiel.de\/programm\/spielplan\/wir-haben-es-nicht-gut-gemacht\" \/>\n<meta property=\"og:site_name\" content=\"Freies Schauspiel Ensemble\" \/>\n<meta property=\"article:publisher\" content=\"https:\/\/www.facebook.com\/FreiesSchauspielEnsemble\/\" \/>\n<meta property=\"article:modified_time\" content=\"2024-02-19T12:17:30+00:00\" \/>\n<meta property=\"og:image\" content=\"https:\/\/freiesschauspiel.de\/wp-content\/uploads\/2024\/02\/brieffrischbachmann_icon-2.png\" \/>\n\t<meta property=\"og:image:width\" content=\"2560\" \/>\n\t<meta property=\"og:image:height\" content=\"968\" \/>\n\t<meta property=\"og:image:type\" content=\"image\/png\" \/>\n<meta name=\"twitter:card\" content=\"summary_large_image\" \/>\n<meta name=\"twitter:label1\" content=\"Est. reading time\" \/>\n\t<meta name=\"twitter:data1\" content=\"2 minutes\" \/>\n<script type=\"application\/ld+json\" class=\"yoast-schema-graph\">{\"@context\":\"https:\/\/schema.org\",\"@graph\":[{\"@type\":\"WebPage\",\"@id\":\"https:\/\/freiesschauspiel.de\/programm\/spielplan\/wir-haben-es-nicht-gut-gemacht\",\"url\":\"https:\/\/freiesschauspiel.de\/programm\/spielplan\/wir-haben-es-nicht-gut-gemacht\",\"name\":\"WIR HABEN ES NICHT GUT GEMACHT - Freies Schauspiel Ensemble\",\"isPartOf\":{\"@id\":\"https:\/\/freiesschauspiel.de\/#website\"},\"primaryImageOfPage\":{\"@id\":\"https:\/\/freiesschauspiel.de\/programm\/spielplan\/wir-haben-es-nicht-gut-gemacht#primaryimage\"},\"image\":{\"@id\":\"https:\/\/freiesschauspiel.de\/programm\/spielplan\/wir-haben-es-nicht-gut-gemacht#primaryimage\"},\"thumbnailUrl\":\"https:\/\/freiesschauspiel.de\/wp-content\/uploads\/2024\/02\/brieffrischbachmann_icon-2.png\",\"datePublished\":\"2024-02-06T10:38:45+00:00\",\"dateModified\":\"2024-02-19T12:17:30+00:00\",\"breadcrumb\":{\"@id\":\"https:\/\/freiesschauspiel.de\/programm\/spielplan\/wir-haben-es-nicht-gut-gemacht#breadcrumb\"},\"inLanguage\":\"en-US\",\"potentialAction\":[{\"@type\":\"ReadAction\",\"target\":[\"https:\/\/freiesschauspiel.de\/programm\/spielplan\/wir-haben-es-nicht-gut-gemacht\"]}]},{\"@type\":\"ImageObject\",\"inLanguage\":\"en-US\",\"@id\":\"https:\/\/freiesschauspiel.de\/programm\/spielplan\/wir-haben-es-nicht-gut-gemacht#primaryimage\",\"url\":\"https:\/\/freiesschauspiel.de\/wp-content\/uploads\/2024\/02\/brieffrischbachmann_icon-2.png\",\"contentUrl\":\"https:\/\/freiesschauspiel.de\/wp-content\/uploads\/2024\/02\/brieffrischbachmann_icon-2.png\",\"width\":2560,\"height\":968},{\"@type\":\"BreadcrumbList\",\"@id\":\"https:\/\/freiesschauspiel.de\/programm\/spielplan\/wir-haben-es-nicht-gut-gemacht#breadcrumb\",\"itemListElement\":[{\"@type\":\"ListItem\",\"position\":1,\"name\":\"Startseite\",\"item\":\"https:\/\/freiesschauspiel.de\/\"},{\"@type\":\"ListItem\",\"position\":2,\"name\":\"Programm\",\"item\":\"https:\/\/freiesschauspiel.de\/programm\"},{\"@type\":\"ListItem\",\"position\":3,\"name\":\"Spielplan 2025\/26\",\"item\":\"https:\/\/freiesschauspiel.de\/programm\/spielplan\"},{\"@type\":\"ListItem\",\"position\":4,\"name\":\"WIR HABEN ES NICHT GUT GEMACHT\"}]},{\"@type\":\"WebSite\",\"@id\":\"https:\/\/freiesschauspiel.de\/#website\",\"url\":\"https:\/\/freiesschauspiel.de\/\",\"name\":\"Freies Schauspiel Ensemble\",\"description\":\"im TITANIA\",\"potentialAction\":[{\"@type\":\"SearchAction\",\"target\":{\"@type\":\"EntryPoint\",\"urlTemplate\":\"https:\/\/freiesschauspiel.de\/?s={search_term_string}\"},\"query-input\":{\"@type\":\"PropertyValueSpecification\",\"valueRequired\":true,\"valueName\":\"search_term_string\"}}],\"inLanguage\":\"en-US\"}]}<\/script>\n<!-- \/ Yoast SEO plugin. -->","yoast_head_json":{"title":"WIR HABEN ES NICHT GUT GEMACHT - Freies Schauspiel Ensemble","robots":{"index":"index","follow":"follow","max-snippet":"max-snippet:-1","max-image-preview":"max-image-preview:large","max-video-preview":"max-video-preview:-1"},"canonical":"https:\/\/freiesschauspiel.de\/programm\/spielplan\/wir-haben-es-nicht-gut-gemacht","og_locale":"en_US","og_type":"article","og_title":"WIR HABEN ES NICHT GUT GEMACHT - Freies Schauspiel Ensemble","og_url":"https:\/\/freiesschauspiel.de\/programm\/spielplan\/wir-haben-es-nicht-gut-gemacht","og_site_name":"Freies Schauspiel Ensemble","article_publisher":"https:\/\/www.facebook.com\/FreiesSchauspielEnsemble\/","article_modified_time":"2024-02-19T12:17:30+00:00","og_image":[{"width":2560,"height":968,"url":"https:\/\/freiesschauspiel.de\/wp-content\/uploads\/2024\/02\/brieffrischbachmann_icon-2.png","type":"image\/png"}],"twitter_card":"summary_large_image","twitter_misc":{"Est. reading time":"2 minutes"},"schema":{"@context":"https:\/\/schema.org","@graph":[{"@type":"WebPage","@id":"https:\/\/freiesschauspiel.de\/programm\/spielplan\/wir-haben-es-nicht-gut-gemacht","url":"https:\/\/freiesschauspiel.de\/programm\/spielplan\/wir-haben-es-nicht-gut-gemacht","name":"WIR HABEN ES NICHT GUT GEMACHT - Freies Schauspiel Ensemble","isPartOf":{"@id":"https:\/\/freiesschauspiel.de\/#website"},"primaryImageOfPage":{"@id":"https:\/\/freiesschauspiel.de\/programm\/spielplan\/wir-haben-es-nicht-gut-gemacht#primaryimage"},"image":{"@id":"https:\/\/freiesschauspiel.de\/programm\/spielplan\/wir-haben-es-nicht-gut-gemacht#primaryimage"},"thumbnailUrl":"https:\/\/freiesschauspiel.de\/wp-content\/uploads\/2024\/02\/brieffrischbachmann_icon-2.png","datePublished":"2024-02-06T10:38:45+00:00","dateModified":"2024-02-19T12:17:30+00:00","breadcrumb":{"@id":"https:\/\/freiesschauspiel.de\/programm\/spielplan\/wir-haben-es-nicht-gut-gemacht#breadcrumb"},"inLanguage":"en-US","potentialAction":[{"@type":"ReadAction","target":["https:\/\/freiesschauspiel.de\/programm\/spielplan\/wir-haben-es-nicht-gut-gemacht"]}]},{"@type":"ImageObject","inLanguage":"en-US","@id":"https:\/\/freiesschauspiel.de\/programm\/spielplan\/wir-haben-es-nicht-gut-gemacht#primaryimage","url":"https:\/\/freiesschauspiel.de\/wp-content\/uploads\/2024\/02\/brieffrischbachmann_icon-2.png","contentUrl":"https:\/\/freiesschauspiel.de\/wp-content\/uploads\/2024\/02\/brieffrischbachmann_icon-2.png","width":2560,"height":968},{"@type":"BreadcrumbList","@id":"https:\/\/freiesschauspiel.de\/programm\/spielplan\/wir-haben-es-nicht-gut-gemacht#breadcrumb","itemListElement":[{"@type":"ListItem","position":1,"name":"Startseite","item":"https:\/\/freiesschauspiel.de\/"},{"@type":"ListItem","position":2,"name":"Programm","item":"https:\/\/freiesschauspiel.de\/programm"},{"@type":"ListItem","position":3,"name":"Spielplan 2025\/26","item":"https:\/\/freiesschauspiel.de\/programm\/spielplan"},{"@type":"ListItem","position":4,"name":"WIR HABEN ES NICHT GUT GEMACHT"}]},{"@type":"WebSite","@id":"https:\/\/freiesschauspiel.de\/#website","url":"https:\/\/freiesschauspiel.de\/","name":"Freies Schauspiel Ensemble","description":"im TITANIA","potentialAction":[{"@type":"SearchAction","target":{"@type":"EntryPoint","urlTemplate":"https:\/\/freiesschauspiel.de\/?s={search_term_string}"},"query-input":{"@type":"PropertyValueSpecification","valueRequired":true,"valueName":"search_term_string"}}],"inLanguage":"en-US"}]}},"_links":{"self":[{"href":"https:\/\/freiesschauspiel.de\/en\/wp-json\/wp\/v2\/pages\/9064"}],"collection":[{"href":"https:\/\/freiesschauspiel.de\/en\/wp-json\/wp\/v2\/pages"}],"about":[{"href":"https:\/\/freiesschauspiel.de\/en\/wp-json\/wp\/v2\/types\/page"}],"author":[{"embeddable":true,"href":"https:\/\/freiesschauspiel.de\/en\/wp-json\/wp\/v2\/users\/3"}],"replies":[{"embeddable":true,"href":"https:\/\/freiesschauspiel.de\/en\/wp-json\/wp\/v2\/comments?post=9064"}],"version-history":[{"count":3,"href":"https:\/\/freiesschauspiel.de\/en\/wp-json\/wp\/v2\/pages\/9064\/revisions"}],"predecessor-version":[{"id":9078,"href":"https:\/\/freiesschauspiel.de\/en\/wp-json\/wp\/v2\/pages\/9064\/revisions\/9078"}],"up":[{"embeddable":true,"href":"https:\/\/freiesschauspiel.de\/en\/wp-json\/wp\/v2\/pages\/2"}],"wp:featuredmedia":[{"embeddable":true,"href":"https:\/\/freiesschauspiel.de\/en\/wp-json\/wp\/v2\/media\/9208"}],"wp:attachment":[{"href":"https:\/\/freiesschauspiel.de\/en\/wp-json\/wp\/v2\/media?parent=9064"}],"curies":[{"name":"wp","href":"https:\/\/api.w.org\/{rel}","templated":true}]}}