{"id":9163,"date":"2024-02-12T10:37:23","date_gmt":"2024-02-12T08:37:23","guid":{"rendered":"https:\/\/freiesschauspiel.de\/?page_id=9163"},"modified":"2024-09-05T11:46:03","modified_gmt":"2024-09-05T09:46:03","slug":"die-welt-ist-weit","status":"publish","type":"page","link":"https:\/\/freiesschauspiel.de\/en\/programm\/spielplan\/das-dreissigste-jahr\/die-welt-ist-weit","title":{"rendered":"DIE WELT IST WEIT"},"content":{"rendered":"<div class=\"csRow\">\n<div class=\"csColumnGap\" style=\"margin: 0px; padding: 0px; float: left; width: 1.56%;\"><img decoding=\"async\" src=\"http:\/\/freiesschauspiel.de\/wp-content\/plugins\/advanced-wp-columns\/assets\/js\/plugins\/views\/img\/1x1-pixel.png\" \/><\/div>\n<div class=\"csColumn\" style=\"margin: 0px; padding: 0px; float: left; width: 47.7%;\" data-csstartpoint=\"15\" data-csendpoint=\"472.5\" data-cswidth=\"47.7%\" data-csid=\"3ded867b-9ecf-cc6f-8bf7-c673b3ba6f89\">\n<p>In den 60er Jahren war Ingeborg Bachmann mit ihren beiden Gedichtb\u00e4nden DIE GESTUNDETE ZEIT und ANRUFUNG DES GROSSEN B\u00c4REN die am meisten gelesene deutschsprachige Lyrikerin der Gegenwart und vielfach preisgekr\u00f6nt. Viele Menschen erkennen sich wieder in den Gedichten: ihren Drang, sich selbst zu finden, ihr Gef\u00fchl von Verlorenheit in der Gesellschaft, in der Welt, ihre Suche nach Sinn, nach Erkenntnis, ihre Erfahrungen von Rausch, Liebe, Schmerz, Angst.<\/p>\n<p>Die Dichterin erschafft eine Sprache f\u00fcr das, was sie bewegt, in der Natur- und Seelenlandschaft, Abstraktes und Konkretes, Innen und Au\u00dfen, Erhabenes und Profanes \u2013 wie in einem Vexierbild \u2013 ineinander flie\u00dfen, sich gegenseitig erhellen und vertiefen und manchmal eine Wirklichkeit erahnen lassen, die unser Verstand nicht mehr greifen kann.<\/p>\n<\/div>\n<div class=\"csColumnGap\" style=\"margin: 0px; padding: 0px; float: left; width: 14.2%;\"><img decoding=\"async\" src=\"http:\/\/freiesschauspiel.de\/wp-content\/plugins\/advanced-wp-columns\/assets\/js\/plugins\/views\/img\/1x1-pixel.png\" \/><\/div>\n<div class=\"csColumn\" style=\"margin: 0px; padding: 0px; float: left; width: 35.1%;\" data-csstartpoint=\"608.5\" data-csendpoint=\"945\" data-cswidth=\"35.1%\" data-csid=\"a5f171a8-f729-6cb6-b6e6-c73d99086a10\">\n<p><strong>DIE WELT IST WEIT<br \/>\n<\/strong>Gedichte von Ingeborg Bachmann<\/p>\n<p><strong>Musikalische Lesung mit Bettina Kaminski und Ives Pancera<\/strong><br \/>\nAm Fl\u00fcgel: Sven Zedlitz<\/p>\n<p><strong>Vorstellungen<\/strong><\/p>\n<p>So., 17.11.2024, 18 Uhr\u00a0<a href=\"https:\/\/freiesschauspiel.de\/programm\/spielplan\/das-dreissigste-jahr\/die-welt-ist-weit\/kartenbestellung-17nov\">Karten bestellen<\/a><\/p>\n<p>&nbsp;<\/p>\n<\/div>\n<\/div>\n","protected":false},"excerpt":{"rendered":"In den 60er Jahren war <a class=\"more-link\" href=\"https:\/\/freiesschauspiel.de\/en\/programm\/spielplan\/das-dreissigste-jahr\/die-welt-ist-weit\">(&#8230; mehr)<\/a>","protected":false},"author":3,"featured_media":9206,"parent":9041,"menu_order":0,"comment_status":"closed","ping_status":"closed","template":"","meta":{"footnotes":""},"translation":{"provider":"WPGlobus","version":"3.0.0","language":"en","enabled_languages":["de","en"],"languages":{"de":{"title":true,"content":true,"excerpt":false},"en":{"title":false,"content":false,"excerpt":false}}},"yoast_head":"<!-- This site is optimized with the Yoast SEO plugin v23.5 - https:\/\/yoast.com\/wordpress\/plugins\/seo\/ -->\n<title>DIE WELT IST WEIT - Freies Schauspiel Ensemble<\/title>\n<meta name=\"robots\" content=\"index, follow, max-snippet:-1, max-image-preview:large, max-video-preview:-1\" \/>\n<link rel=\"canonical\" href=\"https:\/\/freiesschauspiel.de\/programm\/spielplan\/das-dreissigste-jahr\/die-welt-ist-weit\" \/>\n<meta property=\"og:locale\" content=\"en_US\" \/>\n<meta property=\"og:type\" content=\"article\" \/>\n<meta property=\"og:title\" content=\"DIE WELT IST WEIT - Freies Schauspiel Ensemble\" \/>\n<meta property=\"og:url\" content=\"https:\/\/freiesschauspiel.de\/programm\/spielplan\/das-dreissigste-jahr\/die-welt-ist-weit\" \/>\n<meta property=\"og:site_name\" content=\"Freies Schauspiel Ensemble\" \/>\n<meta property=\"article:publisher\" content=\"https:\/\/www.facebook.com\/FreiesSchauspielEnsemble\/\" \/>\n<meta property=\"article:modified_time\" content=\"2024-09-05T09:46:03+00:00\" \/>\n<meta property=\"og:image\" content=\"https:\/\/freiesschauspiel.de\/wp-content\/uploads\/2024\/02\/IB_Header_Lesung_icon-1-1024x387.png\" \/>\n\t<meta property=\"og:image:width\" content=\"1024\" \/>\n\t<meta property=\"og:image:height\" content=\"387\" \/>\n\t<meta property=\"og:image:type\" content=\"image\/png\" \/>\n<meta name=\"twitter:card\" content=\"summary_large_image\" \/>\n<meta name=\"twitter:label1\" content=\"Est. reading time\" \/>\n\t<meta name=\"twitter:data1\" content=\"2 minutes\" \/>\n<script type=\"application\/ld+json\" class=\"yoast-schema-graph\">{\"@context\":\"https:\/\/schema.org\",\"@graph\":[{\"@type\":\"WebPage\",\"@id\":\"https:\/\/freiesschauspiel.de\/programm\/spielplan\/das-dreissigste-jahr\/die-welt-ist-weit\",\"url\":\"https:\/\/freiesschauspiel.de\/programm\/spielplan\/das-dreissigste-jahr\/die-welt-ist-weit\",\"name\":\"DIE WELT IST WEIT - Freies Schauspiel Ensemble\",\"isPartOf\":{\"@id\":\"https:\/\/freiesschauspiel.de\/#website\"},\"primaryImageOfPage\":{\"@id\":\"https:\/\/freiesschauspiel.de\/programm\/spielplan\/das-dreissigste-jahr\/die-welt-ist-weit#primaryimage\"},\"image\":{\"@id\":\"https:\/\/freiesschauspiel.de\/programm\/spielplan\/das-dreissigste-jahr\/die-welt-ist-weit#primaryimage\"},\"thumbnailUrl\":\"https:\/\/freiesschauspiel.de\/wp-content\/uploads\/2024\/02\/IB_Header_Lesung_icon-1.png\",\"datePublished\":\"2024-02-12T08:37:23+00:00\",\"dateModified\":\"2024-09-05T09:46:03+00:00\",\"breadcrumb\":{\"@id\":\"https:\/\/freiesschauspiel.de\/programm\/spielplan\/das-dreissigste-jahr\/die-welt-ist-weit#breadcrumb\"},\"inLanguage\":\"en-US\",\"potentialAction\":[{\"@type\":\"ReadAction\",\"target\":[\"https:\/\/freiesschauspiel.de\/programm\/spielplan\/das-dreissigste-jahr\/die-welt-ist-weit\"]}]},{\"@type\":\"ImageObject\",\"inLanguage\":\"en-US\",\"@id\":\"https:\/\/freiesschauspiel.de\/programm\/spielplan\/das-dreissigste-jahr\/die-welt-ist-weit#primaryimage\",\"url\":\"https:\/\/freiesschauspiel.de\/wp-content\/uploads\/2024\/02\/IB_Header_Lesung_icon-1.png\",\"contentUrl\":\"https:\/\/freiesschauspiel.de\/wp-content\/uploads\/2024\/02\/IB_Header_Lesung_icon-1.png\",\"width\":2560,\"height\":968},{\"@type\":\"BreadcrumbList\",\"@id\":\"https:\/\/freiesschauspiel.de\/programm\/spielplan\/das-dreissigste-jahr\/die-welt-ist-weit#breadcrumb\",\"itemListElement\":[{\"@type\":\"ListItem\",\"position\":1,\"name\":\"Startseite\",\"item\":\"https:\/\/freiesschauspiel.de\/\"},{\"@type\":\"ListItem\",\"position\":2,\"name\":\"Programm\",\"item\":\"https:\/\/freiesschauspiel.de\/programm\"},{\"@type\":\"ListItem\",\"position\":3,\"name\":\"Spielplan 2025\/26\",\"item\":\"https:\/\/freiesschauspiel.de\/programm\/spielplan\"},{\"@type\":\"ListItem\",\"position\":4,\"name\":\"DAS DREI\u00dfIGSTE JAHR\",\"item\":\"https:\/\/freiesschauspiel.de\/programm\/spielplan\/das-dreissigste-jahr\"},{\"@type\":\"ListItem\",\"position\":5,\"name\":\"DIE WELT IST WEIT\"}]},{\"@type\":\"WebSite\",\"@id\":\"https:\/\/freiesschauspiel.de\/#website\",\"url\":\"https:\/\/freiesschauspiel.de\/\",\"name\":\"Freies Schauspiel Ensemble\",\"description\":\"im TITANIA\",\"potentialAction\":[{\"@type\":\"SearchAction\",\"target\":{\"@type\":\"EntryPoint\",\"urlTemplate\":\"https:\/\/freiesschauspiel.de\/?s={search_term_string}\"},\"query-input\":{\"@type\":\"PropertyValueSpecification\",\"valueRequired\":true,\"valueName\":\"search_term_string\"}}],\"inLanguage\":\"en-US\"}]}<\/script>\n<!-- \/ Yoast SEO plugin. -->","yoast_head_json":{"title":"DIE WELT IST WEIT - Freies Schauspiel Ensemble","robots":{"index":"index","follow":"follow","max-snippet":"max-snippet:-1","max-image-preview":"max-image-preview:large","max-video-preview":"max-video-preview:-1"},"canonical":"https:\/\/freiesschauspiel.de\/programm\/spielplan\/das-dreissigste-jahr\/die-welt-ist-weit","og_locale":"en_US","og_type":"article","og_title":"DIE WELT IST WEIT - Freies Schauspiel Ensemble","og_url":"https:\/\/freiesschauspiel.de\/programm\/spielplan\/das-dreissigste-jahr\/die-welt-ist-weit","og_site_name":"Freies Schauspiel Ensemble","article_publisher":"https:\/\/www.facebook.com\/FreiesSchauspielEnsemble\/","article_modified_time":"2024-09-05T09:46:03+00:00","og_image":[{"width":1024,"height":387,"url":"https:\/\/freiesschauspiel.de\/wp-content\/uploads\/2024\/02\/IB_Header_Lesung_icon-1-1024x387.png","type":"image\/png"}],"twitter_card":"summary_large_image","twitter_misc":{"Est. reading time":"2 minutes"},"schema":{"@context":"https:\/\/schema.org","@graph":[{"@type":"WebPage","@id":"https:\/\/freiesschauspiel.de\/programm\/spielplan\/das-dreissigste-jahr\/die-welt-ist-weit","url":"https:\/\/freiesschauspiel.de\/programm\/spielplan\/das-dreissigste-jahr\/die-welt-ist-weit","name":"DIE WELT IST WEIT - Freies Schauspiel Ensemble","isPartOf":{"@id":"https:\/\/freiesschauspiel.de\/#website"},"primaryImageOfPage":{"@id":"https:\/\/freiesschauspiel.de\/programm\/spielplan\/das-dreissigste-jahr\/die-welt-ist-weit#primaryimage"},"image":{"@id":"https:\/\/freiesschauspiel.de\/programm\/spielplan\/das-dreissigste-jahr\/die-welt-ist-weit#primaryimage"},"thumbnailUrl":"https:\/\/freiesschauspiel.de\/wp-content\/uploads\/2024\/02\/IB_Header_Lesung_icon-1.png","datePublished":"2024-02-12T08:37:23+00:00","dateModified":"2024-09-05T09:46:03+00:00","breadcrumb":{"@id":"https:\/\/freiesschauspiel.de\/programm\/spielplan\/das-dreissigste-jahr\/die-welt-ist-weit#breadcrumb"},"inLanguage":"en-US","potentialAction":[{"@type":"ReadAction","target":["https:\/\/freiesschauspiel.de\/programm\/spielplan\/das-dreissigste-jahr\/die-welt-ist-weit"]}]},{"@type":"ImageObject","inLanguage":"en-US","@id":"https:\/\/freiesschauspiel.de\/programm\/spielplan\/das-dreissigste-jahr\/die-welt-ist-weit#primaryimage","url":"https:\/\/freiesschauspiel.de\/wp-content\/uploads\/2024\/02\/IB_Header_Lesung_icon-1.png","contentUrl":"https:\/\/freiesschauspiel.de\/wp-content\/uploads\/2024\/02\/IB_Header_Lesung_icon-1.png","width":2560,"height":968},{"@type":"BreadcrumbList","@id":"https:\/\/freiesschauspiel.de\/programm\/spielplan\/das-dreissigste-jahr\/die-welt-ist-weit#breadcrumb","itemListElement":[{"@type":"ListItem","position":1,"name":"Startseite","item":"https:\/\/freiesschauspiel.de\/"},{"@type":"ListItem","position":2,"name":"Programm","item":"https:\/\/freiesschauspiel.de\/programm"},{"@type":"ListItem","position":3,"name":"Spielplan 2025\/26","item":"https:\/\/freiesschauspiel.de\/programm\/spielplan"},{"@type":"ListItem","position":4,"name":"DAS DREI\u00dfIGSTE JAHR","item":"https:\/\/freiesschauspiel.de\/programm\/spielplan\/das-dreissigste-jahr"},{"@type":"ListItem","position":5,"name":"DIE WELT IST WEIT"}]},{"@type":"WebSite","@id":"https:\/\/freiesschauspiel.de\/#website","url":"https:\/\/freiesschauspiel.de\/","name":"Freies Schauspiel Ensemble","description":"im TITANIA","potentialAction":[{"@type":"SearchAction","target":{"@type":"EntryPoint","urlTemplate":"https:\/\/freiesschauspiel.de\/?s={search_term_string}"},"query-input":{"@type":"PropertyValueSpecification","valueRequired":true,"valueName":"search_term_string"}}],"inLanguage":"en-US"}]}},"_links":{"self":[{"href":"https:\/\/freiesschauspiel.de\/en\/wp-json\/wp\/v2\/pages\/9163"}],"collection":[{"href":"https:\/\/freiesschauspiel.de\/en\/wp-json\/wp\/v2\/pages"}],"about":[{"href":"https:\/\/freiesschauspiel.de\/en\/wp-json\/wp\/v2\/types\/page"}],"author":[{"embeddable":true,"href":"https:\/\/freiesschauspiel.de\/en\/wp-json\/wp\/v2\/users\/3"}],"replies":[{"embeddable":true,"href":"https:\/\/freiesschauspiel.de\/en\/wp-json\/wp\/v2\/comments?post=9163"}],"version-history":[{"count":11,"href":"https:\/\/freiesschauspiel.de\/en\/wp-json\/wp\/v2\/pages\/9163\/revisions"}],"predecessor-version":[{"id":9532,"href":"https:\/\/freiesschauspiel.de\/en\/wp-json\/wp\/v2\/pages\/9163\/revisions\/9532"}],"up":[{"embeddable":true,"href":"https:\/\/freiesschauspiel.de\/en\/wp-json\/wp\/v2\/pages\/9041"}],"wp:featuredmedia":[{"embeddable":true,"href":"https:\/\/freiesschauspiel.de\/en\/wp-json\/wp\/v2\/media\/9206"}],"wp:attachment":[{"href":"https:\/\/freiesschauspiel.de\/en\/wp-json\/wp\/v2\/media?parent=9163"}],"curies":[{"name":"wp","href":"https:\/\/api.w.org\/{rel}","templated":true}]}}