{"id":923,"date":"2016-09-20T13:22:44","date_gmt":"2016-09-20T13:22:44","guid":{"rendered":"http:\/\/freiesschauspiel.de\/?page_id=923"},"modified":"2017-06-28T11:18:32","modified_gmt":"2017-06-28T09:18:32","slug":"gift","status":"publish","type":"page","link":"https:\/\/freiesschauspiel.de\/en\/programm\/gift","title":{"rendered":"GIFT"},"content":{"rendered":"<div class=\"csRow\">\n<div class=\"csColumnGap\" style=\"margin: 0px; padding: 0px; float: left; width: 1.56%;\"><img decoding=\"async\" src=\"http:\/\/freiesschauspiel.de\/wp-content\/plugins\/advanced-wp-columns\/assets\/js\/plugins\/views\/img\/1x1-pixel.png\" \/><\/div>\n<div class=\"csColumn\" style=\"margin: 0px; padding: 0px; float: left; width: 47.7%;\" data-csid=\"40d83221-9d09-bf12-b25a-21542a37282a\" data-cswidth=\"47.7%\" data-csendpoint=\"472.5\" data-csstartpoint=\"15\">\n<p>Zwei Menschen. Eine gemeinsame Vergangenheit, ein gemeinsamer Verlust und zehn Jahre Trennung. Nun kommen sie anl\u00e4sslich einer Grabverlegung wieder zusammen. ER ist nach Frankreich gegangen und hat sich dort ein neues Leben aufgebaut, SIE ist dem gemeinsamen Haus geblieben. In den wenigen Stunden ihres Zusammenseines versuchen Sie eine Ann\u00e4herung, versuchen Ihre Geschichte wieder zusammen zu bringen. Was ist aus Ihnen geworden? Welche Ver\u00e4nderungen sind geblieben und wie damit umgehen? Woher die Kraft f\u00fcr einen Neuanfang nehmen?<\/p>\n<p>\u201eMit ihrem wunderbaren Dialog \u00fcber zwei Menschen, die erst ein Kind verloren haben, dann sich selbst und dann einander, trifft Vekemans direkt ins Herz.\u201c, hei\u00dft es in der Jurybegr\u00fcndung f\u00fcr den Taalunie Toneelschrijfprijs, den die Autorin am 29. November 2010 f\u00fcr Gift erhielt. Dieser Preis wird in den Niederlanden j\u00e4hrlich f\u00fcr das beste aufgef\u00fchrte St\u00fcck der vorhergehenden Spielzeit vergeben.<\/p>\n<a id=\"6a01da9ac214e\" rel=\"wp-video-lightbox\" href=\"https:\/\/www.youtube.com\/watch?v=UWR3Bo8r-RU&#038;width=640&#038;height=480\" title=\"\"><div class=\"wpvl_auto_thumb_box_wrapper\"><div class=\"wpvl_auto_thumb_box\"><img decoding=\"async\" src=\"https:\/\/img.youtube.com\/vi\/UWR3Bo8r-RU\/0.jpg\" class=\"video_lightbox_auto_anchor_image\" alt=\"\" \/><div class=\"wpvl_auto_thumb_play\"><img decoding=\"async\" src=\"https:\/\/freiesschauspiel.de\/wp-content\/plugins\/wp-video-lightbox\/images\/play.png\" class=\"wpvl_playbutton\" \/><\/div><\/div><\/div><\/a>    <script>\r\n    \/* <![CDATA[ *\/\r\n    jQuery(document).ready(function($){\r\n        $(function(){\r\n            var width = $(window).innerWidth();\r\n            var setwidth = parseFloat(640);\r\n            var ratio = parseFloat(0.75);\r\n            var height = parseFloat(480);\r\n            var link = 'https:\/\/www.youtube.com\/watch?v=UWR3Bo8r-RU&amp;width=640&amp;height=480';\r\n            if(width < setwidth)\r\n            {\r\n                height = Math.floor(width * 0.75);\r\n                \/\/console.log(\"device width \"+width+\", set width \"+640+\", ratio \"+0.75+\", new height \"+ height);\r\n                var new_url = wpvl_paramReplace('width', link, width);\r\n                var new_url = wpvl_paramReplace('height', new_url, height);\r\n                $(\"a#6a01da9ac214e\").attr('href', new_url);\r\n                \/\/console.log(new_url);\r\n            }\r\n        });\r\n    });\r\n    \/* ]]> *\/\r\n    <\/script>\n<\/div>\n<div class=\"csColumnGap\" style=\"margin: 0px; padding: 0px; float: left; width: 14.2%;\"><img decoding=\"async\" src=\"http:\/\/freiesschauspiel.de\/wp-content\/plugins\/advanced-wp-columns\/assets\/js\/plugins\/views\/img\/1x1-pixel.png\" \/><\/div>\n<div class=\"csColumn\" style=\"margin: 0px; padding: 0px; float: left; width: 35.1%;\" data-csid=\"2f34d1cd-8f7e-894b-bb26-d9e3a61b169a\" data-cswidth=\"35.1%\" data-csendpoint=\"945\" data-csstartpoint=\"608.5\">\n<p><strong>GIFT. Eine Ehegeschichte<\/strong><br \/>\nvon Lot Vekemans<\/p>\n<p><strong>Es spielen <\/strong>SIE Michaela Conrad, ER Wolfgang Mondon<br \/>\nund Annette Kohler<br \/>\n<strong>Inszenierung<\/strong> Bettina Kaminski<br \/>\n<strong>B\u00fchne<\/strong> Gerd Friedrich<\/p>\n\n\t\t<style type=\"text\/css\">\n\t\t\t#gallery-1 {\n\t\t\t\tmargin: auto;\n\t\t\t}\n\t\t\t#gallery-1 .gallery-item {\n\t\t\t\tfloat: left;\n\t\t\t\tmargin-top: 10px;\n\t\t\t\ttext-align: center;\n\t\t\t\twidth: 33%;\n\t\t\t}\n\t\t\t#gallery-1 img {\n\t\t\t\tborder: 2px solid #cfcfcf;\n\t\t\t}\n\t\t\t#gallery-1 .gallery-caption {\n\t\t\t\tmargin-left: 0;\n\t\t\t}\n\t\t\t\/* see gallery_shortcode() in wp-includes\/media.php *\/\n\t\t<\/style>\n\t\t<div id='gallery-1' class='gallery galleryid-923 gallery-columns-3 gallery-size-small'><dl class='gallery-item'>\n\t\t\t<dt class='gallery-icon landscape'>\n\t\t\t\t<a href='https:\/\/freiesschauspiel.de\/wp-content\/uploads\/2016\/09\/Gift-3-1024x683.jpg' title=\"v.l. Mondon, Conrad, Kohler in GIFT \u00a9 Felix Holland\" data-rl_title=\"v.l. Mondon, Conrad, Kohler in GIFT \u00a9 Felix Holland\" class=\"rl-gallery-link\" data-rl_caption=\"\" data-rel=\"lightbox-gallery-1\"><img loading=\"lazy\" decoding=\"async\" width=\"886\" height=\"591\" src=\"https:\/\/freiesschauspiel.de\/wp-content\/uploads\/2016\/09\/Gift-3-e1498042957420.jpg\" class=\"attachment-small size-small\" alt=\"v.l. Mondon, Conrad, Kohler in GIFT \u00a9 Felix Holland\" \/><\/a>\n\t\t\t<\/dt><\/dl><dl class='gallery-item'>\n\t\t\t<dt class='gallery-icon landscape'>\n\t\t\t\t<a href='https:\/\/freiesschauspiel.de\/wp-content\/uploads\/2016\/09\/Gift-2-1024x682.jpg' title=\"v.l. Mondon, Conrad in GIFT \u00a9 Felix Holland\" data-rl_title=\"v.l. Mondon, Conrad in GIFT \u00a9 Felix Holland\" class=\"rl-gallery-link\" data-rl_caption=\"\" data-rel=\"lightbox-gallery-1\"><img loading=\"lazy\" decoding=\"async\" width=\"1418\" height=\"945\" src=\"https:\/\/freiesschauspiel.de\/wp-content\/uploads\/2016\/09\/Gift-2.jpg\" class=\"attachment-small size-small\" alt=\"v.l. Mondon, Conrad in GIFT \u00a9 Felix Holland\" srcset=\"https:\/\/freiesschauspiel.de\/wp-content\/uploads\/2016\/09\/Gift-2.jpg 1418w, https:\/\/freiesschauspiel.de\/wp-content\/uploads\/2016\/09\/Gift-2-300x200.jpg 300w, https:\/\/freiesschauspiel.de\/wp-content\/uploads\/2016\/09\/Gift-2-768x512.jpg 768w, https:\/\/freiesschauspiel.de\/wp-content\/uploads\/2016\/09\/Gift-2-1024x682.jpg 1024w\" sizes=\"(max-width: 1418px) 100vw, 1418px\" \/><\/a>\n\t\t\t<\/dt><\/dl><dl class='gallery-item'>\n\t\t\t<dt class='gallery-icon landscape'>\n\t\t\t\t<a href='https:\/\/freiesschauspiel.de\/wp-content\/uploads\/2016\/09\/Gift-1-1024x683.jpg' title=\"v.l. Mondon, Conrad in GIFT \u00a9 Felix Holland\" data-rl_title=\"v.l. Mondon, Conrad in GIFT \u00a9 Felix Holland\" class=\"rl-gallery-link\" data-rl_caption=\"\" data-rel=\"lightbox-gallery-1\"><img loading=\"lazy\" decoding=\"async\" width=\"886\" height=\"591\" src=\"https:\/\/freiesschauspiel.de\/wp-content\/uploads\/2016\/09\/Gift-1-e1498043002842.jpg\" class=\"attachment-small size-small\" alt=\"v.l. Mondon, Conrad in GIFT \u00a9 Felix Holland\" \/><\/a>\n\t\t\t<\/dt><\/dl><br style=\"clear: both\" \/>\n\t\t<\/div>\n\n<p><a href=\"http:\/\/freiesschauspiel.de\/programm\/gift\/pressestimmen\">Pressestimmen<\/a><\/p>\n<p><strong>Premiere<\/strong> 09. November 2013<\/p>\n<\/div>\n<div class=\"csColumnGap\" style=\"margin: 0px; padding: 0px; float: left; width: 1.56%;\"><img decoding=\"async\" src=\"http:\/\/freiesschauspiel.de\/wp-content\/plugins\/advanced-wp-columns\/assets\/js\/plugins\/views\/img\/1x1-pixel.png\" \/><\/div>\n<div style=\"clear: both; float: none; display: block; visibility: hidden; width: 0px; font-size: 0px; line-height: 0;\"><\/div>\n<\/div>\n","protected":false},"excerpt":{"rendered":"Zwei Menschen. Eine gemeinsame Vergangenheit, <a class=\"more-link\" href=\"https:\/\/freiesschauspiel.de\/en\/programm\/gift\">(&#8230; mehr)<\/a>","protected":false},"author":1,"featured_media":925,"parent":527,"menu_order":0,"comment_status":"closed","ping_status":"closed","template":"","meta":{"footnotes":""},"translation":{"provider":"WPGlobus","version":"3.0.0","language":"en","enabled_languages":["de","en"],"languages":{"de":{"title":true,"content":true,"excerpt":false},"en":{"title":false,"content":false,"excerpt":false}}},"yoast_head":"<!-- This site is optimized with the Yoast SEO plugin v23.5 - https:\/\/yoast.com\/wordpress\/plugins\/seo\/ -->\n<title>Freies Schauspiel Ensemble - Poison - Lot Vekemans<\/title>\n<meta name=\"robots\" content=\"index, follow, max-snippet:-1, max-image-preview:large, max-video-preview:-1\" \/>\n<link rel=\"canonical\" href=\"https:\/\/freiesschauspiel.de\/programm\/gift\" \/>\n<meta property=\"og:locale\" content=\"en_US\" \/>\n<meta property=\"og:type\" content=\"article\" \/>\n<meta property=\"og:title\" content=\"Freies Schauspiel Ensemble - Poison - Lot Vekemans\" \/>\n<meta property=\"og:url\" content=\"https:\/\/freiesschauspiel.de\/programm\/gift\" \/>\n<meta property=\"og:site_name\" content=\"Freies Schauspiel Ensemble\" \/>\n<meta property=\"article:publisher\" content=\"https:\/\/www.facebook.com\/FreiesSchauspielEnsemble\/\" \/>\n<meta property=\"article:modified_time\" content=\"2017-06-28T09:18:32+00:00\" \/>\n<meta property=\"og:image\" content=\"https:\/\/freiesschauspiel.de\/wp-content\/uploads\/2016\/09\/Gift.jpg\" \/>\n\t<meta property=\"og:image:width\" content=\"1907\" \/>\n\t<meta property=\"og:image:height\" content=\"720\" \/>\n\t<meta property=\"og:image:type\" content=\"image\/jpeg\" \/>\n<meta name=\"twitter:card\" content=\"summary_large_image\" \/>\n<meta name=\"twitter:label1\" content=\"Est. reading time\" \/>\n\t<meta name=\"twitter:data1\" content=\"1 minute\" \/>\n<script type=\"application\/ld+json\" class=\"yoast-schema-graph\">{\"@context\":\"https:\/\/schema.org\",\"@graph\":[{\"@type\":\"WebPage\",\"@id\":\"https:\/\/freiesschauspiel.de\/programm\/gift\",\"url\":\"https:\/\/freiesschauspiel.de\/programm\/gift\",\"name\":\"Freies Schauspiel Ensemble - Poison - Lot Vekemans\",\"isPartOf\":{\"@id\":\"https:\/\/freiesschauspiel.de\/#website\"},\"primaryImageOfPage\":{\"@id\":\"https:\/\/freiesschauspiel.de\/programm\/gift#primaryimage\"},\"image\":{\"@id\":\"https:\/\/freiesschauspiel.de\/programm\/gift#primaryimage\"},\"thumbnailUrl\":\"https:\/\/freiesschauspiel.de\/wp-content\/uploads\/2016\/09\/Gift.jpg\",\"datePublished\":\"2016-09-20T13:22:44+00:00\",\"dateModified\":\"2017-06-28T09:18:32+00:00\",\"breadcrumb\":{\"@id\":\"https:\/\/freiesschauspiel.de\/programm\/gift#breadcrumb\"},\"inLanguage\":\"en-US\",\"potentialAction\":[{\"@type\":\"ReadAction\",\"target\":[\"https:\/\/freiesschauspiel.de\/programm\/gift\"]}]},{\"@type\":\"ImageObject\",\"inLanguage\":\"en-US\",\"@id\":\"https:\/\/freiesschauspiel.de\/programm\/gift#primaryimage\",\"url\":\"https:\/\/freiesschauspiel.de\/wp-content\/uploads\/2016\/09\/Gift.jpg\",\"contentUrl\":\"https:\/\/freiesschauspiel.de\/wp-content\/uploads\/2016\/09\/Gift.jpg\",\"width\":1907,\"height\":720,\"caption\":\"v.l. Mondon, Conrad in GIFT \u00a9 Felix Holland\"},{\"@type\":\"BreadcrumbList\",\"@id\":\"https:\/\/freiesschauspiel.de\/programm\/gift#breadcrumb\",\"itemListElement\":[{\"@type\":\"ListItem\",\"position\":1,\"name\":\"Startseite\",\"item\":\"https:\/\/freiesschauspiel.de\/\"},{\"@type\":\"ListItem\",\"position\":2,\"name\":\"Programm\",\"item\":\"https:\/\/freiesschauspiel.de\/programm\"},{\"@type\":\"ListItem\",\"position\":3,\"name\":\"GIFT\"}]},{\"@type\":\"WebSite\",\"@id\":\"https:\/\/freiesschauspiel.de\/#website\",\"url\":\"https:\/\/freiesschauspiel.de\/\",\"name\":\"Freies Schauspiel Ensemble\",\"description\":\"im TITANIA\",\"potentialAction\":[{\"@type\":\"SearchAction\",\"target\":{\"@type\":\"EntryPoint\",\"urlTemplate\":\"https:\/\/freiesschauspiel.de\/?s={search_term_string}\"},\"query-input\":{\"@type\":\"PropertyValueSpecification\",\"valueRequired\":true,\"valueName\":\"search_term_string\"}}],\"inLanguage\":\"en-US\"}]}<\/script>\n<!-- \/ Yoast SEO plugin. -->","yoast_head_json":{"title":"Freies Schauspiel Ensemble - Poison - Lot Vekemans","robots":{"index":"index","follow":"follow","max-snippet":"max-snippet:-1","max-image-preview":"max-image-preview:large","max-video-preview":"max-video-preview:-1"},"canonical":"https:\/\/freiesschauspiel.de\/programm\/gift","og_locale":"en_US","og_type":"article","og_title":"Freies Schauspiel Ensemble - Poison - Lot Vekemans","og_url":"https:\/\/freiesschauspiel.de\/programm\/gift","og_site_name":"Freies Schauspiel Ensemble","article_publisher":"https:\/\/www.facebook.com\/FreiesSchauspielEnsemble\/","article_modified_time":"2017-06-28T09:18:32+00:00","og_image":[{"width":1907,"height":720,"url":"https:\/\/freiesschauspiel.de\/wp-content\/uploads\/2016\/09\/Gift.jpg","type":"image\/jpeg"}],"twitter_card":"summary_large_image","twitter_misc":{"Est. reading time":"1 minute"},"schema":{"@context":"https:\/\/schema.org","@graph":[{"@type":"WebPage","@id":"https:\/\/freiesschauspiel.de\/programm\/gift","url":"https:\/\/freiesschauspiel.de\/programm\/gift","name":"Freies Schauspiel Ensemble - Poison - Lot Vekemans","isPartOf":{"@id":"https:\/\/freiesschauspiel.de\/#website"},"primaryImageOfPage":{"@id":"https:\/\/freiesschauspiel.de\/programm\/gift#primaryimage"},"image":{"@id":"https:\/\/freiesschauspiel.de\/programm\/gift#primaryimage"},"thumbnailUrl":"https:\/\/freiesschauspiel.de\/wp-content\/uploads\/2016\/09\/Gift.jpg","datePublished":"2016-09-20T13:22:44+00:00","dateModified":"2017-06-28T09:18:32+00:00","breadcrumb":{"@id":"https:\/\/freiesschauspiel.de\/programm\/gift#breadcrumb"},"inLanguage":"en-US","potentialAction":[{"@type":"ReadAction","target":["https:\/\/freiesschauspiel.de\/programm\/gift"]}]},{"@type":"ImageObject","inLanguage":"en-US","@id":"https:\/\/freiesschauspiel.de\/programm\/gift#primaryimage","url":"https:\/\/freiesschauspiel.de\/wp-content\/uploads\/2016\/09\/Gift.jpg","contentUrl":"https:\/\/freiesschauspiel.de\/wp-content\/uploads\/2016\/09\/Gift.jpg","width":1907,"height":720,"caption":"v.l. Mondon, Conrad in GIFT \u00a9 Felix Holland"},{"@type":"BreadcrumbList","@id":"https:\/\/freiesschauspiel.de\/programm\/gift#breadcrumb","itemListElement":[{"@type":"ListItem","position":1,"name":"Startseite","item":"https:\/\/freiesschauspiel.de\/"},{"@type":"ListItem","position":2,"name":"Programm","item":"https:\/\/freiesschauspiel.de\/programm"},{"@type":"ListItem","position":3,"name":"GIFT"}]},{"@type":"WebSite","@id":"https:\/\/freiesschauspiel.de\/#website","url":"https:\/\/freiesschauspiel.de\/","name":"Freies Schauspiel Ensemble","description":"im TITANIA","potentialAction":[{"@type":"SearchAction","target":{"@type":"EntryPoint","urlTemplate":"https:\/\/freiesschauspiel.de\/?s={search_term_string}"},"query-input":{"@type":"PropertyValueSpecification","valueRequired":true,"valueName":"search_term_string"}}],"inLanguage":"en-US"}]}},"_links":{"self":[{"href":"https:\/\/freiesschauspiel.de\/en\/wp-json\/wp\/v2\/pages\/923"}],"collection":[{"href":"https:\/\/freiesschauspiel.de\/en\/wp-json\/wp\/v2\/pages"}],"about":[{"href":"https:\/\/freiesschauspiel.de\/en\/wp-json\/wp\/v2\/types\/page"}],"author":[{"embeddable":true,"href":"https:\/\/freiesschauspiel.de\/en\/wp-json\/wp\/v2\/users\/1"}],"replies":[{"embeddable":true,"href":"https:\/\/freiesschauspiel.de\/en\/wp-json\/wp\/v2\/comments?post=923"}],"version-history":[{"count":6,"href":"https:\/\/freiesschauspiel.de\/en\/wp-json\/wp\/v2\/pages\/923\/revisions"}],"predecessor-version":[{"id":926,"href":"https:\/\/freiesschauspiel.de\/en\/wp-json\/wp\/v2\/pages\/923\/revisions\/926"}],"up":[{"embeddable":true,"href":"https:\/\/freiesschauspiel.de\/en\/wp-json\/wp\/v2\/pages\/527"}],"wp:featuredmedia":[{"embeddable":true,"href":"https:\/\/freiesschauspiel.de\/en\/wp-json\/wp\/v2\/media\/925"}],"wp:attachment":[{"href":"https:\/\/freiesschauspiel.de\/en\/wp-json\/wp\/v2\/media?parent=923"}],"curies":[{"name":"wp","href":"https:\/\/api.w.org\/{rel}","templated":true}]}}