{"id":9504,"date":"2024-09-03T13:57:29","date_gmt":"2024-09-03T11:57:29","guid":{"rendered":"https:\/\/freiesschauspiel.de\/?page_id=9504"},"modified":"2024-09-17T10:43:33","modified_gmt":"2024-09-17T08:43:33","slug":"40-jahre","status":"publish","type":"page","link":"https:\/\/freiesschauspiel.de\/en\/programm\/spielplan\/40-jahre","title":{"rendered":"40 JAHRE FREIES SCHAUSPIEL ENSEMBLE"},"content":{"rendered":"<div class=\"csRow\">\n<div class=\"csColumnGap\" style=\"margin: 0px; padding: 0px; float: left; width: 1.56%;\"><img decoding=\"async\" src=\"http:\/\/freiesschauspiel.de\/wp-content\/plugins\/advanced-wp-columns\/assets\/js\/plugins\/views\/img\/1x1-pixel.png\" \/><\/div>\n<div class=\"csColumn\" style=\"margin: 0px; padding: 0px; float: left; width: 47.7%;\" data-csstartpoint=\"15\" data-csendpoint=\"472.5\" data-cswidth=\"47.7%\" data-csid=\"3ded867b-9ecf-cc6f-8bf7-c673b3ba6f89\">\n<p>1984 hat das Freie Schauspiel Ensemble im Auftrag der Alten Oper sein erstes Projekt herausgebracht: UNTERGANG DER TITANIC nach Enzensbergers gleichnamigen Gedichtzyklus. Niemand im Ensemble h\u00e4tte damals gedacht, dass dieses Theaterabenteuer so lange dauern w\u00fcrde&#8230;<\/p>\n<p>Feiern Sie mit uns und erleben Sie einen Jubil\u00e4umsabend, der Sie mitnimmt auf eine Reise durch vier Jahrzehnte Theatergeschichte. Freuen Sie sich auf ein buntes Kaleidoskop von Fragmenten aus den unterschiedlichsten Produktionen des Ensembles, auf einen Umtrunk mit leckeren Getr\u00e4nken und Fingerfood sowie eine Tanzparty zum Abschluss.<\/p>\n<p>Damit dieses Event ein voller Erfolg wird, starten wir eine Crowdfunding-Kampagne. Tickets f\u00fcr die Abendveranstaltung gibt es ausschlie\u00dflich \u00fcber die unten aufgef\u00fchrte Plattform. Zus\u00e4tzlich bieten wir verschiedene \u201eDankesch\u00f6ns\u201c an, die sich lohnen und dabei helfen, unser Vorhaben in die Tat umzusetzen. Sie wollten schon immer einmal das Theater ganz f\u00fcr sich allein und eine private Vorstellung sehen? Oder exklusiv einer Generalprobe beiwohnen und unsere neueste Produktion vor allen anderen sehen? Oder sich selbst in einem Theaterworkshop neu entdecken? Besuchen Sie unsere Kampagnenseite und w\u00e4hlen Sie Ihr gew\u00fcnschtes \u201eDankesch\u00f6n\u201c aus.<\/p>\n<p>Jeder Beitrag z\u00e4hlt und bringt uns unserem Ziel ein St\u00fcck n\u00e4her.<br \/>\nIhre Unterst\u00fctzung hilft uns dabei unser Jubil\u00e4um zu feiern und 40 Jahre Theaterarbeit sichtbar zu machen.<\/p>\n<p>Wir freuen uns darauf, gemeinsam mit Ihnen auf viele weitere Jahre im Titania anzusto\u00dfen!<\/p>\n<p>**Jetzt unterst\u00fctzen: Unsere<a href=\"https:\/\/www.startnext.com\/jubilaeumsfeier-40-jahre-freie\"> Crowdfunding-Kampagne<\/a> **<\/p>\n<\/div>\n<div class=\"csColumnGap\" style=\"margin: 0px; padding: 0px; float: left; width: 14.2%;\"><img decoding=\"async\" src=\"http:\/\/freiesschauspiel.de\/wp-content\/plugins\/advanced-wp-columns\/assets\/js\/plugins\/views\/img\/1x1-pixel.png\" \/><\/div>\n<div class=\"csColumn\" style=\"margin: 0px; padding: 0px; float: left; width: 35.1%;\" data-csstartpoint=\"608.5\" data-csendpoint=\"945\" data-cswidth=\"35.1%\" data-csid=\"a5f171a8-f729-6cb6-b6e6-c73d99086a10\">\n<p><strong>40 JAHRE FREIES SCHAUSPIEL ENSEMBLE<\/strong><br \/>\nJubil\u00e4umsfeier und Party<\/p>\n<p><b>5. Oktober 2024, 19:30 Uhr<br \/>\n<\/b><a href=\"https:\/\/freiesschauspiel.de\/programm\/spielplan\/kartenbestellung-jubilaeumsfeier_05okt\">Karten bestellen\u00a0<\/a><\/p>\n<p>&nbsp;<\/p>\n<\/div>\n<\/div>\n","protected":false},"excerpt":{"rendered":"1984 hat das Freie Schauspiel <a class=\"more-link\" href=\"https:\/\/freiesschauspiel.de\/en\/programm\/spielplan\/40-jahre\">(&#8230; mehr)<\/a>","protected":false},"author":3,"featured_media":9509,"parent":2,"menu_order":0,"comment_status":"closed","ping_status":"closed","template":"","meta":{"footnotes":""},"translation":{"provider":"WPGlobus","version":"3.0.0","language":"en","enabled_languages":["de","en"],"languages":{"de":{"title":true,"content":true,"excerpt":false},"en":{"title":false,"content":false,"excerpt":false}}},"yoast_head":"<!-- This site is optimized with the Yoast SEO plugin v23.5 - https:\/\/yoast.com\/wordpress\/plugins\/seo\/ -->\n<title>40 JAHRE FREIES SCHAUSPIEL ENSEMBLE - Freies Schauspiel Ensemble<\/title>\n<meta name=\"robots\" content=\"index, follow, max-snippet:-1, max-image-preview:large, max-video-preview:-1\" \/>\n<link rel=\"canonical\" href=\"https:\/\/freiesschauspiel.de\/programm\/spielplan\/40-jahre\" \/>\n<meta property=\"og:locale\" content=\"en_US\" \/>\n<meta property=\"og:type\" content=\"article\" \/>\n<meta property=\"og:title\" content=\"40 JAHRE FREIES SCHAUSPIEL ENSEMBLE - Freies Schauspiel Ensemble\" \/>\n<meta property=\"og:url\" content=\"https:\/\/freiesschauspiel.de\/programm\/spielplan\/40-jahre\" \/>\n<meta property=\"og:site_name\" content=\"Freies Schauspiel Ensemble\" \/>\n<meta property=\"article:publisher\" content=\"https:\/\/www.facebook.com\/FreiesSchauspielEnsemble\/\" \/>\n<meta property=\"article:modified_time\" content=\"2024-09-17T08:43:33+00:00\" \/>\n<meta property=\"og:image\" content=\"https:\/\/freiesschauspiel.de\/wp-content\/uploads\/2024\/09\/Unbenannt-1-2.jpg\" \/>\n\t<meta property=\"og:image:width\" content=\"2560\" \/>\n\t<meta property=\"og:image:height\" content=\"968\" \/>\n\t<meta property=\"og:image:type\" content=\"image\/jpeg\" \/>\n<meta name=\"twitter:card\" content=\"summary_large_image\" \/>\n<meta name=\"twitter:label1\" content=\"Est. reading time\" \/>\n\t<meta name=\"twitter:data1\" content=\"2 minutes\" \/>\n<script type=\"application\/ld+json\" class=\"yoast-schema-graph\">{\"@context\":\"https:\/\/schema.org\",\"@graph\":[{\"@type\":\"WebPage\",\"@id\":\"https:\/\/freiesschauspiel.de\/programm\/spielplan\/40-jahre\",\"url\":\"https:\/\/freiesschauspiel.de\/programm\/spielplan\/40-jahre\",\"name\":\"40 JAHRE FREIES SCHAUSPIEL ENSEMBLE - Freies Schauspiel Ensemble\",\"isPartOf\":{\"@id\":\"https:\/\/freiesschauspiel.de\/#website\"},\"primaryImageOfPage\":{\"@id\":\"https:\/\/freiesschauspiel.de\/programm\/spielplan\/40-jahre#primaryimage\"},\"image\":{\"@id\":\"https:\/\/freiesschauspiel.de\/programm\/spielplan\/40-jahre#primaryimage\"},\"thumbnailUrl\":\"https:\/\/freiesschauspiel.de\/wp-content\/uploads\/2024\/09\/Unbenannt-1-2.jpg\",\"datePublished\":\"2024-09-03T11:57:29+00:00\",\"dateModified\":\"2024-09-17T08:43:33+00:00\",\"breadcrumb\":{\"@id\":\"https:\/\/freiesschauspiel.de\/programm\/spielplan\/40-jahre#breadcrumb\"},\"inLanguage\":\"en-US\",\"potentialAction\":[{\"@type\":\"ReadAction\",\"target\":[\"https:\/\/freiesschauspiel.de\/programm\/spielplan\/40-jahre\"]}]},{\"@type\":\"ImageObject\",\"inLanguage\":\"en-US\",\"@id\":\"https:\/\/freiesschauspiel.de\/programm\/spielplan\/40-jahre#primaryimage\",\"url\":\"https:\/\/freiesschauspiel.de\/wp-content\/uploads\/2024\/09\/Unbenannt-1-2.jpg\",\"contentUrl\":\"https:\/\/freiesschauspiel.de\/wp-content\/uploads\/2024\/09\/Unbenannt-1-2.jpg\",\"width\":2560,\"height\":968},{\"@type\":\"BreadcrumbList\",\"@id\":\"https:\/\/freiesschauspiel.de\/programm\/spielplan\/40-jahre#breadcrumb\",\"itemListElement\":[{\"@type\":\"ListItem\",\"position\":1,\"name\":\"Startseite\",\"item\":\"https:\/\/freiesschauspiel.de\/\"},{\"@type\":\"ListItem\",\"position\":2,\"name\":\"Programm\",\"item\":\"https:\/\/freiesschauspiel.de\/programm\"},{\"@type\":\"ListItem\",\"position\":3,\"name\":\"Spielplan 2025\/26\",\"item\":\"https:\/\/freiesschauspiel.de\/programm\/spielplan\"},{\"@type\":\"ListItem\",\"position\":4,\"name\":\"40 JAHRE FREIES SCHAUSPIEL ENSEMBLE\"}]},{\"@type\":\"WebSite\",\"@id\":\"https:\/\/freiesschauspiel.de\/#website\",\"url\":\"https:\/\/freiesschauspiel.de\/\",\"name\":\"Freies Schauspiel Ensemble\",\"description\":\"im TITANIA\",\"potentialAction\":[{\"@type\":\"SearchAction\",\"target\":{\"@type\":\"EntryPoint\",\"urlTemplate\":\"https:\/\/freiesschauspiel.de\/?s={search_term_string}\"},\"query-input\":{\"@type\":\"PropertyValueSpecification\",\"valueRequired\":true,\"valueName\":\"search_term_string\"}}],\"inLanguage\":\"en-US\"}]}<\/script>\n<!-- \/ Yoast SEO plugin. -->","yoast_head_json":{"title":"40 JAHRE FREIES SCHAUSPIEL ENSEMBLE - Freies Schauspiel Ensemble","robots":{"index":"index","follow":"follow","max-snippet":"max-snippet:-1","max-image-preview":"max-image-preview:large","max-video-preview":"max-video-preview:-1"},"canonical":"https:\/\/freiesschauspiel.de\/programm\/spielplan\/40-jahre","og_locale":"en_US","og_type":"article","og_title":"40 JAHRE FREIES SCHAUSPIEL ENSEMBLE - Freies Schauspiel Ensemble","og_url":"https:\/\/freiesschauspiel.de\/programm\/spielplan\/40-jahre","og_site_name":"Freies Schauspiel Ensemble","article_publisher":"https:\/\/www.facebook.com\/FreiesSchauspielEnsemble\/","article_modified_time":"2024-09-17T08:43:33+00:00","og_image":[{"width":2560,"height":968,"url":"https:\/\/freiesschauspiel.de\/wp-content\/uploads\/2024\/09\/Unbenannt-1-2.jpg","type":"image\/jpeg"}],"twitter_card":"summary_large_image","twitter_misc":{"Est. reading time":"2 minutes"},"schema":{"@context":"https:\/\/schema.org","@graph":[{"@type":"WebPage","@id":"https:\/\/freiesschauspiel.de\/programm\/spielplan\/40-jahre","url":"https:\/\/freiesschauspiel.de\/programm\/spielplan\/40-jahre","name":"40 JAHRE FREIES SCHAUSPIEL ENSEMBLE - Freies Schauspiel Ensemble","isPartOf":{"@id":"https:\/\/freiesschauspiel.de\/#website"},"primaryImageOfPage":{"@id":"https:\/\/freiesschauspiel.de\/programm\/spielplan\/40-jahre#primaryimage"},"image":{"@id":"https:\/\/freiesschauspiel.de\/programm\/spielplan\/40-jahre#primaryimage"},"thumbnailUrl":"https:\/\/freiesschauspiel.de\/wp-content\/uploads\/2024\/09\/Unbenannt-1-2.jpg","datePublished":"2024-09-03T11:57:29+00:00","dateModified":"2024-09-17T08:43:33+00:00","breadcrumb":{"@id":"https:\/\/freiesschauspiel.de\/programm\/spielplan\/40-jahre#breadcrumb"},"inLanguage":"en-US","potentialAction":[{"@type":"ReadAction","target":["https:\/\/freiesschauspiel.de\/programm\/spielplan\/40-jahre"]}]},{"@type":"ImageObject","inLanguage":"en-US","@id":"https:\/\/freiesschauspiel.de\/programm\/spielplan\/40-jahre#primaryimage","url":"https:\/\/freiesschauspiel.de\/wp-content\/uploads\/2024\/09\/Unbenannt-1-2.jpg","contentUrl":"https:\/\/freiesschauspiel.de\/wp-content\/uploads\/2024\/09\/Unbenannt-1-2.jpg","width":2560,"height":968},{"@type":"BreadcrumbList","@id":"https:\/\/freiesschauspiel.de\/programm\/spielplan\/40-jahre#breadcrumb","itemListElement":[{"@type":"ListItem","position":1,"name":"Startseite","item":"https:\/\/freiesschauspiel.de\/"},{"@type":"ListItem","position":2,"name":"Programm","item":"https:\/\/freiesschauspiel.de\/programm"},{"@type":"ListItem","position":3,"name":"Spielplan 2025\/26","item":"https:\/\/freiesschauspiel.de\/programm\/spielplan"},{"@type":"ListItem","position":4,"name":"40 JAHRE FREIES SCHAUSPIEL ENSEMBLE"}]},{"@type":"WebSite","@id":"https:\/\/freiesschauspiel.de\/#website","url":"https:\/\/freiesschauspiel.de\/","name":"Freies Schauspiel Ensemble","description":"im TITANIA","potentialAction":[{"@type":"SearchAction","target":{"@type":"EntryPoint","urlTemplate":"https:\/\/freiesschauspiel.de\/?s={search_term_string}"},"query-input":{"@type":"PropertyValueSpecification","valueRequired":true,"valueName":"search_term_string"}}],"inLanguage":"en-US"}]}},"_links":{"self":[{"href":"https:\/\/freiesschauspiel.de\/en\/wp-json\/wp\/v2\/pages\/9504"}],"collection":[{"href":"https:\/\/freiesschauspiel.de\/en\/wp-json\/wp\/v2\/pages"}],"about":[{"href":"https:\/\/freiesschauspiel.de\/en\/wp-json\/wp\/v2\/types\/page"}],"author":[{"embeddable":true,"href":"https:\/\/freiesschauspiel.de\/en\/wp-json\/wp\/v2\/users\/3"}],"replies":[{"embeddable":true,"href":"https:\/\/freiesschauspiel.de\/en\/wp-json\/wp\/v2\/comments?post=9504"}],"version-history":[{"count":5,"href":"https:\/\/freiesschauspiel.de\/en\/wp-json\/wp\/v2\/pages\/9504\/revisions"}],"predecessor-version":[{"id":9588,"href":"https:\/\/freiesschauspiel.de\/en\/wp-json\/wp\/v2\/pages\/9504\/revisions\/9588"}],"up":[{"embeddable":true,"href":"https:\/\/freiesschauspiel.de\/en\/wp-json\/wp\/v2\/pages\/2"}],"wp:featuredmedia":[{"embeddable":true,"href":"https:\/\/freiesschauspiel.de\/en\/wp-json\/wp\/v2\/media\/9509"}],"wp:attachment":[{"href":"https:\/\/freiesschauspiel.de\/en\/wp-json\/wp\/v2\/media?parent=9504"}],"curies":[{"name":"wp","href":"https:\/\/api.w.org\/{rel}","templated":true}]}}