{"id":9608,"date":"2024-10-07T12:06:56","date_gmt":"2024-10-07T10:06:56","guid":{"rendered":"https:\/\/freiesschauspiel.de\/?page_id=9608"},"modified":"2024-12-23T10:18:49","modified_gmt":"2024-12-23T08:18:49","slug":"silvestervorstellung-2024","status":"publish","type":"page","link":"https:\/\/freiesschauspiel.de\/en\/programm\/spielplan\/silvestervorstellung-2024","title":{"rendered":"Silvestervorstellung ICH M\u00d6CHTE LIEBER NICHT"},"content":{"rendered":"<div class=\"csRow\">\n<div class=\"csColumnGap\" style=\"margin: 0px; padding: 0px; float: left; width: 1.56%;\"><img decoding=\"async\" src=\"http:\/\/freiesschauspiel.de\/wp-content\/plugins\/advanced-wp-columns\/assets\/js\/plugins\/views\/img\/1x1-pixel.png\" \/><\/div>\n<div class=\"csColumn\" style=\"margin: 0px; padding: 0px; float: left; width: 47.7%;\" data-csstartpoint=\"15\" data-csendpoint=\"472.5\" data-cswidth=\"47.7%\" data-csid=\"c55be20a-e133-5d0d-ba57-cd786d74dbea\">\n<h1><\/h1>\n<p>Feiern und tanzen wir gemeinsam ins neue Jahr mit bew\u00e4hrtem Titania-Musik-Mix. Das Beste aus Pop, Rock, Soul, Latin und nat\u00fcrlich der obligatorische Neujahrswalzer.<\/p>\n<h1>Silvester im Titania<\/h1>\n<p>Einlass um 20:30 Uhr \/ Beginn um 21 Uhr<\/p>\n<p><strong>ICH M\u00d6CHTE LIEBER NICHT<\/strong><br \/>\nnach Herman Melvilles &#8220;Bartleby, der Schreiber\u201c<\/p>\n<p>im Anschluss<br \/>\n<strong>SILVESTERPARTY<\/strong><br \/>\n\u20ac 50 mit Reservierung inkl. Party, Suppe und Mitternachtssekt<\/p>\n<p><strong>St\u00fcckbeschreibung<\/strong><\/p>\n<p>Was ist los? &#8211; Arbeitsverweigerung? Faulheit? Frust? Burnout? &#8211; Der Kanzleiangestellte Bartleby ist in seinem Flei\u00df und seiner Gewissenhaftigkeit nicht zu \u00fcbertreffen. Aber eines Tages teilt er seinem Arbeitgeber mit, er habe beschlossen, nicht mehr zu arbeiten. Er w\u00fcrde aber trotzdem gern weiter in der Kanzlei bleiben.<\/p>\n<p>Der Anwalt ist fassungslos. Sein gesamtes Weltbild ger\u00e4t ins Wanken: Ist nicht alles Handeln fragw\u00fcrdig? Ist nicht Bartlebys Verweigerung, sein Widerstand gegen das Handeln, sein Verharren in der blo\u00dfen M\u00f6glichkeit nicht die eigentliche Utopie des Menschseins? Ein Zustand des In-der-Schwebe-Seins. Jenseits von Wollen und M\u00fcssen \u2013 das pure K\u00f6nnen. Freiheit! Reine Potenzialit\u00e4t!<\/p>\n<p>Mit \u201eBartleby, der Schreiber\u201c hat Melville ein Kultbuch geschaffen, das bis heute heftige Diskussionen in der Philosophie und der Soziologie ausl\u00f6st.<\/p>\n<p>&nbsp;<\/p>\n<\/div>\n<div class=\"csColumnGap\" style=\"margin: 0px; padding: 0px; float: left; width: 14.2%;\"><img decoding=\"async\" src=\"http:\/\/freiesschauspiel.de\/wp-content\/plugins\/advanced-wp-columns\/assets\/js\/plugins\/views\/img\/1x1-pixel.png\" \/><\/div>\n<div class=\"csColumn\" style=\"margin: 0px; padding: 0px; float: left; width: 35.1%;\" data-csid=\"1a663f66-01e8-f82b-9c66-935416c498db\" data-cswidth=\"35.1%\" data-csendpoint=\"945\" data-csstartpoint=\"608.5\">\n<p><strong>ICH M\u00d6CHTE LIEBER NICHT<\/strong><br \/>\nnach Herman Melvilles &#8220;Bartleby, der Schreiber\u201c<\/p>\n<p><strong>Vorstellung<br \/>\n<\/strong>Di., 31.12.24, 21 Uhr <strong>AUSVERKAUFT<\/strong><br \/>\nIm Anschluss Silvesterparty<\/p>\n<p><strong>Es spielt<\/strong> Reinhard Hinzpeter<br \/>\n<strong>Inszenierung <\/strong>Bettina Kaminski<br \/>\n<strong>B\u00fchne<\/strong> Gerd Friedrich<br \/>\n<strong>Dramaturgie <\/strong>Sten Volkemer<\/p>\n<a id=\"69e05c8876411\" rel=\"wp-video-lightbox\" href=\"https:\/\/www.youtube.com\/watch?v=TAVJXGh_ezY&#038;width=640&#038;height=480\" title=\"\"><div class=\"wpvl_auto_thumb_box_wrapper\"><div class=\"wpvl_auto_thumb_box\"><img decoding=\"async\" src=\"https:\/\/img.youtube.com\/vi\/TAVJXGh_ezY\/0.jpg\" class=\"video_lightbox_auto_anchor_image\" alt=\"\" \/><div class=\"wpvl_auto_thumb_play\"><img decoding=\"async\" src=\"https:\/\/freiesschauspiel.de\/wp-content\/plugins\/wp-video-lightbox\/images\/play.png\" class=\"wpvl_playbutton\" \/><\/div><\/div><\/div><\/a>    <script>\r\n    \/* <![CDATA[ *\/\r\n    jQuery(document).ready(function($){\r\n        $(function(){\r\n            var width = $(window).innerWidth();\r\n            var setwidth = parseFloat(640);\r\n            var ratio = parseFloat(0.75);\r\n            var height = parseFloat(480);\r\n            var link = 'https:\/\/www.youtube.com\/watch?v=TAVJXGh_ezY&amp;width=640&amp;height=480';\r\n            if(width < setwidth)\r\n            {\r\n                height = Math.floor(width * 0.75);\r\n                \/\/console.log(\"device width \"+width+\", set width \"+640+\", ratio \"+0.75+\", new height \"+ height);\r\n                var new_url = wpvl_paramReplace('width', link, width);\r\n                var new_url = wpvl_paramReplace('height', new_url, height);\r\n                $(\"a#69e05c8876411\").attr('href', new_url);\r\n                \/\/console.log(new_url);\r\n            }\r\n        });\r\n    });\r\n    \/* ]]> *\/\r\n    <\/script>\n<p>&nbsp;<\/p>\n<p><a href=\"http:\/\/freiesschauspiel.de\/programm\/spielplan\/ich-moechte-lieber-nicht\/pressestimmen\">Pressestimmen<\/a><\/p>\n\n\t\t<style type=\"text\/css\">\n\t\t\t#gallery-1 {\n\t\t\t\tmargin: auto;\n\t\t\t}\n\t\t\t#gallery-1 .gallery-item {\n\t\t\t\tfloat: left;\n\t\t\t\tmargin-top: 10px;\n\t\t\t\ttext-align: center;\n\t\t\t\twidth: 33%;\n\t\t\t}\n\t\t\t#gallery-1 img {\n\t\t\t\tborder: 2px solid #cfcfcf;\n\t\t\t}\n\t\t\t#gallery-1 .gallery-caption {\n\t\t\t\tmargin-left: 0;\n\t\t\t}\n\t\t\t\/* see gallery_shortcode() in wp-includes\/media.php *\/\n\t\t<\/style>\n\t\t<div id='gallery-1' class='gallery galleryid-9608 gallery-columns-3 gallery-size-small'><dl class='gallery-item'>\n\t\t\t<dt class='gallery-icon landscape'>\n\t\t\t\t<a href='https:\/\/freiesschauspiel.de\/wp-content\/uploads\/2016\/09\/Bartleby_Presse6-1024x683.jpg' title=\"Reinhard Hinzpeter in ICH M\u00d6CHTE LIEBER NICHT \u00a9 Felix Holland\" data-rl_title=\"Reinhard Hinzpeter in ICH M\u00d6CHTE LIEBER NICHT \u00a9 Felix Holland\" class=\"rl-gallery-link\" data-rl_caption=\"\" data-rel=\"lightbox-gallery-1\"><img loading=\"lazy\" decoding=\"async\" width=\"1024\" height=\"683\" src=\"https:\/\/freiesschauspiel.de\/wp-content\/uploads\/2016\/09\/Bartleby_Presse6-e1498043263771.jpg\" class=\"attachment-small size-small\" alt=\"Reinhard Hinzpeter in ICH M\u00d6CHTE LIEBER NICHT \u00a9 Felix Holland\" \/><\/a>\n\t\t\t<\/dt><\/dl><dl class='gallery-item'>\n\t\t\t<dt class='gallery-icon landscape'>\n\t\t\t\t<a href='https:\/\/freiesschauspiel.de\/wp-content\/uploads\/2016\/09\/Bartleby_Presse4-1024x683.jpg' title=\"Reinhard Hinzpeter in ICH M\u00d6CHTE LIEBER NICHT \u00a9 Felix Holland\" data-rl_title=\"Reinhard Hinzpeter in ICH M\u00d6CHTE LIEBER NICHT \u00a9 Felix Holland\" class=\"rl-gallery-link\" data-rl_caption=\"\" data-rel=\"lightbox-gallery-1\"><img loading=\"lazy\" decoding=\"async\" width=\"1024\" height=\"683\" src=\"https:\/\/freiesschauspiel.de\/wp-content\/uploads\/2016\/09\/Bartleby_Presse4-e1498043252883.jpg\" class=\"attachment-small size-small\" alt=\"Reinhard Hinzpeter in ICH M\u00d6CHTE LIEBER NICHT \u00a9 Felix Holland\" \/><\/a>\n\t\t\t<\/dt><\/dl><dl class='gallery-item'>\n\t\t\t<dt class='gallery-icon landscape'>\n\t\t\t\t<a href='https:\/\/freiesschauspiel.de\/wp-content\/uploads\/2016\/07\/Bartleby_Presse8-1-1024x683.jpg' title=\"Reinhard Hinzpeter in ICH M\u00d6CHTE LIEBER NICHT \u00a9 Felix Holland\" data-rl_title=\"Reinhard Hinzpeter in ICH M\u00d6CHTE LIEBER NICHT \u00a9 Felix Holland\" class=\"rl-gallery-link\" data-rl_caption=\"\" data-rel=\"lightbox-gallery-1\"><img loading=\"lazy\" decoding=\"async\" width=\"1034\" height=\"689\" src=\"https:\/\/freiesschauspiel.de\/wp-content\/uploads\/2016\/07\/Bartleby_Presse8-1-e1498042140630.jpg\" class=\"attachment-small size-small\" alt=\"Reinhard Hinzpeter in ICH M\u00d6CHTE LIEBER NICHT \u00a9 Felix Holland\" \/><\/a>\n\t\t\t<\/dt><\/dl><br style=\"clear: both\" \/>\n\t\t<\/div>\n\n<p><strong>Dauer <\/strong>1 Stunde 10 Minuten, ohne Pause<\/p>\n<\/div>\n<\/div>\n<div class=\"csRow\">\n<div class=\"csColumnGap\" style=\"margin: 0px; padding: 0px; float: left; width: 1.56%;\"><img decoding=\"async\" src=\"http:\/\/freiesschauspiel.de\/wp-content\/plugins\/advanced-wp-columns\/assets\/js\/plugins\/views\/img\/1x1-pixel.png\" \/><\/div>\n<div style=\"clear: both; float: none; display: block; visibility: hidden; width: 0px; font-size: 0px; line-height: 0;\"><\/div>\n<\/div>\n<p><br class=\"nc\" \/><br style=\"text-align: justify;\" \/><\/p>\n","protected":false},"excerpt":{"rendered":"Feiern und tanzen wir gemeinsam <a class=\"more-link\" href=\"https:\/\/freiesschauspiel.de\/en\/programm\/spielplan\/silvestervorstellung-2024\">(&#8230; mehr)<\/a>","protected":false},"author":3,"featured_media":9613,"parent":2,"menu_order":0,"comment_status":"closed","ping_status":"closed","template":"","meta":{"footnotes":""},"translation":{"provider":"WPGlobus","version":"3.0.0","language":"en","enabled_languages":["de","en"],"languages":{"de":{"title":true,"content":true,"excerpt":false},"en":{"title":false,"content":false,"excerpt":false}}},"yoast_head":"<!-- This site is optimized with the Yoast SEO plugin v23.5 - https:\/\/yoast.com\/wordpress\/plugins\/seo\/ -->\n<title>Silvestervorstellung ICH M\u00d6CHTE LIEBER NICHT - Freies Schauspiel Ensemble<\/title>\n<meta name=\"robots\" content=\"index, follow, max-snippet:-1, max-image-preview:large, max-video-preview:-1\" \/>\n<link rel=\"canonical\" href=\"https:\/\/freiesschauspiel.de\/programm\/spielplan\/silvestervorstellung-2024\" \/>\n<meta property=\"og:locale\" content=\"en_US\" \/>\n<meta property=\"og:type\" content=\"article\" \/>\n<meta property=\"og:title\" content=\"Silvestervorstellung ICH M\u00d6CHTE LIEBER NICHT - Freies Schauspiel Ensemble\" \/>\n<meta property=\"og:url\" content=\"https:\/\/freiesschauspiel.de\/programm\/spielplan\/silvestervorstellung-2024\" \/>\n<meta property=\"og:site_name\" content=\"Freies Schauspiel Ensemble\" \/>\n<meta property=\"article:publisher\" content=\"https:\/\/www.facebook.com\/FreiesSchauspielEnsemble\/\" \/>\n<meta property=\"article:modified_time\" content=\"2024-12-23T08:18:49+00:00\" \/>\n<meta property=\"og:image\" content=\"https:\/\/freiesschauspiel.de\/wp-content\/uploads\/2024\/10\/Silvester2024.jpg\" \/>\n\t<meta property=\"og:image:width\" content=\"2560\" \/>\n\t<meta property=\"og:image:height\" content=\"968\" \/>\n\t<meta property=\"og:image:type\" content=\"image\/jpeg\" \/>\n<meta name=\"twitter:card\" content=\"summary_large_image\" \/>\n<meta name=\"twitter:label1\" content=\"Est. reading time\" \/>\n\t<meta name=\"twitter:data1\" content=\"3 minutes\" \/>\n<script type=\"application\/ld+json\" class=\"yoast-schema-graph\">{\"@context\":\"https:\/\/schema.org\",\"@graph\":[{\"@type\":\"WebPage\",\"@id\":\"https:\/\/freiesschauspiel.de\/programm\/spielplan\/silvestervorstellung-2024\",\"url\":\"https:\/\/freiesschauspiel.de\/programm\/spielplan\/silvestervorstellung-2024\",\"name\":\"Silvestervorstellung ICH M\u00d6CHTE LIEBER NICHT - Freies Schauspiel Ensemble\",\"isPartOf\":{\"@id\":\"https:\/\/freiesschauspiel.de\/#website\"},\"primaryImageOfPage\":{\"@id\":\"https:\/\/freiesschauspiel.de\/programm\/spielplan\/silvestervorstellung-2024#primaryimage\"},\"image\":{\"@id\":\"https:\/\/freiesschauspiel.de\/programm\/spielplan\/silvestervorstellung-2024#primaryimage\"},\"thumbnailUrl\":\"https:\/\/freiesschauspiel.de\/wp-content\/uploads\/2024\/10\/Silvester2024.jpg\",\"datePublished\":\"2024-10-07T10:06:56+00:00\",\"dateModified\":\"2024-12-23T08:18:49+00:00\",\"breadcrumb\":{\"@id\":\"https:\/\/freiesschauspiel.de\/programm\/spielplan\/silvestervorstellung-2024#breadcrumb\"},\"inLanguage\":\"en-US\",\"potentialAction\":[{\"@type\":\"ReadAction\",\"target\":[\"https:\/\/freiesschauspiel.de\/programm\/spielplan\/silvestervorstellung-2024\"]}]},{\"@type\":\"ImageObject\",\"inLanguage\":\"en-US\",\"@id\":\"https:\/\/freiesschauspiel.de\/programm\/spielplan\/silvestervorstellung-2024#primaryimage\",\"url\":\"https:\/\/freiesschauspiel.de\/wp-content\/uploads\/2024\/10\/Silvester2024.jpg\",\"contentUrl\":\"https:\/\/freiesschauspiel.de\/wp-content\/uploads\/2024\/10\/Silvester2024.jpg\",\"width\":2560,\"height\":968},{\"@type\":\"BreadcrumbList\",\"@id\":\"https:\/\/freiesschauspiel.de\/programm\/spielplan\/silvestervorstellung-2024#breadcrumb\",\"itemListElement\":[{\"@type\":\"ListItem\",\"position\":1,\"name\":\"Startseite\",\"item\":\"https:\/\/freiesschauspiel.de\/\"},{\"@type\":\"ListItem\",\"position\":2,\"name\":\"Programm\",\"item\":\"https:\/\/freiesschauspiel.de\/programm\"},{\"@type\":\"ListItem\",\"position\":3,\"name\":\"Spielplan 2025\/26\",\"item\":\"https:\/\/freiesschauspiel.de\/programm\/spielplan\"},{\"@type\":\"ListItem\",\"position\":4,\"name\":\"Silvestervorstellung ICH M\u00d6CHTE LIEBER NICHT\"}]},{\"@type\":\"WebSite\",\"@id\":\"https:\/\/freiesschauspiel.de\/#website\",\"url\":\"https:\/\/freiesschauspiel.de\/\",\"name\":\"Freies Schauspiel Ensemble\",\"description\":\"im TITANIA\",\"potentialAction\":[{\"@type\":\"SearchAction\",\"target\":{\"@type\":\"EntryPoint\",\"urlTemplate\":\"https:\/\/freiesschauspiel.de\/?s={search_term_string}\"},\"query-input\":{\"@type\":\"PropertyValueSpecification\",\"valueRequired\":true,\"valueName\":\"search_term_string\"}}],\"inLanguage\":\"en-US\"}]}<\/script>\n<!-- \/ Yoast SEO plugin. -->","yoast_head_json":{"title":"Silvestervorstellung ICH M\u00d6CHTE LIEBER NICHT - Freies Schauspiel Ensemble","robots":{"index":"index","follow":"follow","max-snippet":"max-snippet:-1","max-image-preview":"max-image-preview:large","max-video-preview":"max-video-preview:-1"},"canonical":"https:\/\/freiesschauspiel.de\/programm\/spielplan\/silvestervorstellung-2024","og_locale":"en_US","og_type":"article","og_title":"Silvestervorstellung ICH M\u00d6CHTE LIEBER NICHT - Freies Schauspiel Ensemble","og_url":"https:\/\/freiesschauspiel.de\/programm\/spielplan\/silvestervorstellung-2024","og_site_name":"Freies Schauspiel Ensemble","article_publisher":"https:\/\/www.facebook.com\/FreiesSchauspielEnsemble\/","article_modified_time":"2024-12-23T08:18:49+00:00","og_image":[{"width":2560,"height":968,"url":"https:\/\/freiesschauspiel.de\/wp-content\/uploads\/2024\/10\/Silvester2024.jpg","type":"image\/jpeg"}],"twitter_card":"summary_large_image","twitter_misc":{"Est. reading time":"3 minutes"},"schema":{"@context":"https:\/\/schema.org","@graph":[{"@type":"WebPage","@id":"https:\/\/freiesschauspiel.de\/programm\/spielplan\/silvestervorstellung-2024","url":"https:\/\/freiesschauspiel.de\/programm\/spielplan\/silvestervorstellung-2024","name":"Silvestervorstellung ICH M\u00d6CHTE LIEBER NICHT - Freies Schauspiel Ensemble","isPartOf":{"@id":"https:\/\/freiesschauspiel.de\/#website"},"primaryImageOfPage":{"@id":"https:\/\/freiesschauspiel.de\/programm\/spielplan\/silvestervorstellung-2024#primaryimage"},"image":{"@id":"https:\/\/freiesschauspiel.de\/programm\/spielplan\/silvestervorstellung-2024#primaryimage"},"thumbnailUrl":"https:\/\/freiesschauspiel.de\/wp-content\/uploads\/2024\/10\/Silvester2024.jpg","datePublished":"2024-10-07T10:06:56+00:00","dateModified":"2024-12-23T08:18:49+00:00","breadcrumb":{"@id":"https:\/\/freiesschauspiel.de\/programm\/spielplan\/silvestervorstellung-2024#breadcrumb"},"inLanguage":"en-US","potentialAction":[{"@type":"ReadAction","target":["https:\/\/freiesschauspiel.de\/programm\/spielplan\/silvestervorstellung-2024"]}]},{"@type":"ImageObject","inLanguage":"en-US","@id":"https:\/\/freiesschauspiel.de\/programm\/spielplan\/silvestervorstellung-2024#primaryimage","url":"https:\/\/freiesschauspiel.de\/wp-content\/uploads\/2024\/10\/Silvester2024.jpg","contentUrl":"https:\/\/freiesschauspiel.de\/wp-content\/uploads\/2024\/10\/Silvester2024.jpg","width":2560,"height":968},{"@type":"BreadcrumbList","@id":"https:\/\/freiesschauspiel.de\/programm\/spielplan\/silvestervorstellung-2024#breadcrumb","itemListElement":[{"@type":"ListItem","position":1,"name":"Startseite","item":"https:\/\/freiesschauspiel.de\/"},{"@type":"ListItem","position":2,"name":"Programm","item":"https:\/\/freiesschauspiel.de\/programm"},{"@type":"ListItem","position":3,"name":"Spielplan 2025\/26","item":"https:\/\/freiesschauspiel.de\/programm\/spielplan"},{"@type":"ListItem","position":4,"name":"Silvestervorstellung ICH M\u00d6CHTE LIEBER NICHT"}]},{"@type":"WebSite","@id":"https:\/\/freiesschauspiel.de\/#website","url":"https:\/\/freiesschauspiel.de\/","name":"Freies Schauspiel Ensemble","description":"im TITANIA","potentialAction":[{"@type":"SearchAction","target":{"@type":"EntryPoint","urlTemplate":"https:\/\/freiesschauspiel.de\/?s={search_term_string}"},"query-input":{"@type":"PropertyValueSpecification","valueRequired":true,"valueName":"search_term_string"}}],"inLanguage":"en-US"}]}},"_links":{"self":[{"href":"https:\/\/freiesschauspiel.de\/en\/wp-json\/wp\/v2\/pages\/9608"}],"collection":[{"href":"https:\/\/freiesschauspiel.de\/en\/wp-json\/wp\/v2\/pages"}],"about":[{"href":"https:\/\/freiesschauspiel.de\/en\/wp-json\/wp\/v2\/types\/page"}],"author":[{"embeddable":true,"href":"https:\/\/freiesschauspiel.de\/en\/wp-json\/wp\/v2\/users\/3"}],"replies":[{"embeddable":true,"href":"https:\/\/freiesschauspiel.de\/en\/wp-json\/wp\/v2\/comments?post=9608"}],"version-history":[{"count":3,"href":"https:\/\/freiesschauspiel.de\/en\/wp-json\/wp\/v2\/pages\/9608\/revisions"}],"predecessor-version":[{"id":9938,"href":"https:\/\/freiesschauspiel.de\/en\/wp-json\/wp\/v2\/pages\/9608\/revisions\/9938"}],"up":[{"embeddable":true,"href":"https:\/\/freiesschauspiel.de\/en\/wp-json\/wp\/v2\/pages\/2"}],"wp:featuredmedia":[{"embeddable":true,"href":"https:\/\/freiesschauspiel.de\/en\/wp-json\/wp\/v2\/media\/9613"}],"wp:attachment":[{"href":"https:\/\/freiesschauspiel.de\/en\/wp-json\/wp\/v2\/media?parent=9608"}],"curies":[{"name":"wp","href":"https:\/\/api.w.org\/{rel}","templated":true}]}}