{"id":9688,"date":"2024-11-12T14:27:52","date_gmt":"2024-11-12T12:27:52","guid":{"rendered":"https:\/\/freiesschauspiel.de\/?page_id=9688"},"modified":"2024-11-12T14:53:55","modified_gmt":"2024-11-12T12:53:55","slug":"pressestimmen-einsame-menschen","status":"publish","type":"page","link":"https:\/\/freiesschauspiel.de\/en\/programm\/spielplan\/einsame-menschen\/pressestimmen-einsame-menschen","title":{"rendered":"Pressestimmen &#8211; EINSAME MENSCHEN"},"content":{"rendered":"<p><strong>Marcus Hladek, Frankfurter Rundschau (28.10.2024)<br \/>\n<\/strong>&#8220;Sicher, da gibt es allerlei in Reinhard Hinzpeters hingebungsvoll konzentrierter Inszenierung am Freien Schauspielensemble, was irgendwie abweicht vom O-Ton des deutschen Klassikers, \u00fcber den Thomas Mann im &#8220;Zauberberg&#8221; so b\u00f6s gewitzt als pomp\u00f6sen Minheer Peeperkorn herzog. &#8230;Nur bleibt es dabei, dass Hinzpeter angesichts des etwas angejahrten Hauptmann seine sch\u00f6nsten Regietugenden hervorkramt. &#8230; Gibt es sowas wie Schauspieler-Gesichter? Wenn ja, sind Moritz Buch als Johannes und Magali Vogel als Anna Mahr damit gesegnet. Buch so ausdrucksvoll und gottgegeben jung mit Bart, dass man ihm das patriarchale Gehabe des Johannes wohl abnimmt, es aber als charakterbedingte Schw\u00e4che umliest&#8230; Vogel eher im Sinn einer j\u00e4hen Maske, deren rare Physiognomie im Nu in Lachen oder Trauern umst\u00fcrzen kann. Sch\u00f6n, wie Pancera sein Rein- und Rausschneien als Hausfreund, seine Eifers\u00fcchte und Vorw\u00fcrfe spielt. Mit am meisten gef\u00e4llt Jana Saxlers Katharina, gerade weil sie in ihrem Minderwertigkeitsgef\u00fchl, ihren vom Profi-Sensiblen Johannes verachteten Stunden am Leitzordner mit den Finanzen, aber auch in ihrer emotionalen \u00d6ffnung zu Anna soviel aus wenig an Rollenstatus macht. Wie Hinzpeter das und mehr in Oppositionen im Raum, mehr oder weniger Gestikulieren und Mimik, anschwellendes Br\u00fcllen oder verzagendes Sichkleinmachen \u00fcbersetzt, ist durchweg gekonnt gemacht. Sch\u00f6ne Arbeit aller.&#8221;<strong><br \/>\n<\/strong><\/p>\n<p><strong>Matthias Bischoff, Frankfurter Allgemeine Zeitung (06.11.2024)<br \/>\n<\/strong>&#8220;&#8230;Reinhard Hinzpeters Version verschlankt das Drama auf knappe zwei Stunden Spielzeit, l\u00e4sst einiges Personal weg und erfindet ein komplett neues Ende. &#8230;[E]in ber\u00fchrendes Kammerspiel&#8230; .&#8221;<\/p>\n<p><b>Katja Sturm, Frankfurter Neue Presse (04.11.2024)<br \/>\n<\/b>&#8220;Das Freie Schauspiel Ensemble &#8230;hat den F\u00fcnfakter klug gek\u00fcrzt. \u2026 Vieles, was die Handlung in die L\u00e4nge zieht, wird ausgelassen. Das tut dem Abend gut. \u2026 An der Aktualit\u00e4t des Stoffes \u00e4ndert das nichts.&#8221;<\/p>\n<p><strong>Julian Mackenthun, Journal Frankfurt (11\/2024)<br \/>\n<\/strong>&#8220;So verbindet diese Inszenierung von Hauptmanns Drama zwei Dinge, die sonst selten zusammengehen: Sie ist zugleich analytisch-kritisch und emotional ber\u00fchrend.&#8221;<\/p>\n","protected":false},"excerpt":{"rendered":"Marcus Hladek, Frankfurter Rundschau (28.10.2024) <a class=\"more-link\" href=\"https:\/\/freiesschauspiel.de\/en\/programm\/spielplan\/einsame-menschen\/pressestimmen-einsame-menschen\">(&#8230; mehr)<\/a>","protected":false},"author":3,"featured_media":0,"parent":9383,"menu_order":0,"comment_status":"closed","ping_status":"closed","template":"","meta":{"footnotes":""},"translation":{"provider":"WPGlobus","version":"3.0.0","language":"en","enabled_languages":["de","en"],"languages":{"de":{"title":true,"content":true,"excerpt":false},"en":{"title":false,"content":false,"excerpt":false}}},"yoast_head":"<!-- This site is optimized with the Yoast SEO plugin v23.5 - https:\/\/yoast.com\/wordpress\/plugins\/seo\/ -->\n<title>Pressestimmen - EINSAME MENSCHEN - Freies Schauspiel Ensemble<\/title>\n<meta name=\"robots\" content=\"index, follow, max-snippet:-1, max-image-preview:large, max-video-preview:-1\" \/>\n<link rel=\"canonical\" href=\"https:\/\/freiesschauspiel.de\/programm\/spielplan\/einsame-menschen\/pressestimmen-einsame-menschen\" \/>\n<meta property=\"og:locale\" content=\"en_US\" \/>\n<meta property=\"og:type\" content=\"article\" \/>\n<meta property=\"og:title\" content=\"Pressestimmen - EINSAME MENSCHEN - Freies Schauspiel Ensemble\" \/>\n<meta property=\"og:url\" content=\"https:\/\/freiesschauspiel.de\/programm\/spielplan\/einsame-menschen\/pressestimmen-einsame-menschen\" \/>\n<meta property=\"og:site_name\" content=\"Freies Schauspiel Ensemble\" \/>\n<meta property=\"article:publisher\" content=\"https:\/\/www.facebook.com\/FreiesSchauspielEnsemble\/\" \/>\n<meta property=\"article:modified_time\" content=\"2024-11-12T12:53:55+00:00\" \/>\n<meta name=\"twitter:card\" content=\"summary_large_image\" \/>\n<meta name=\"twitter:label1\" content=\"Est. reading time\" \/>\n\t<meta name=\"twitter:data1\" content=\"2 minutes\" \/>\n<script type=\"application\/ld+json\" class=\"yoast-schema-graph\">{\"@context\":\"https:\/\/schema.org\",\"@graph\":[{\"@type\":\"WebPage\",\"@id\":\"https:\/\/freiesschauspiel.de\/programm\/spielplan\/einsame-menschen\/pressestimmen-einsame-menschen\",\"url\":\"https:\/\/freiesschauspiel.de\/programm\/spielplan\/einsame-menschen\/pressestimmen-einsame-menschen\",\"name\":\"Pressestimmen - EINSAME MENSCHEN - Freies Schauspiel Ensemble\",\"isPartOf\":{\"@id\":\"https:\/\/freiesschauspiel.de\/#website\"},\"datePublished\":\"2024-11-12T12:27:52+00:00\",\"dateModified\":\"2024-11-12T12:53:55+00:00\",\"breadcrumb\":{\"@id\":\"https:\/\/freiesschauspiel.de\/programm\/spielplan\/einsame-menschen\/pressestimmen-einsame-menschen#breadcrumb\"},\"inLanguage\":\"en-US\",\"potentialAction\":[{\"@type\":\"ReadAction\",\"target\":[\"https:\/\/freiesschauspiel.de\/programm\/spielplan\/einsame-menschen\/pressestimmen-einsame-menschen\"]}]},{\"@type\":\"BreadcrumbList\",\"@id\":\"https:\/\/freiesschauspiel.de\/programm\/spielplan\/einsame-menschen\/pressestimmen-einsame-menschen#breadcrumb\",\"itemListElement\":[{\"@type\":\"ListItem\",\"position\":1,\"name\":\"Startseite\",\"item\":\"https:\/\/freiesschauspiel.de\/\"},{\"@type\":\"ListItem\",\"position\":2,\"name\":\"Programm\",\"item\":\"https:\/\/freiesschauspiel.de\/programm\"},{\"@type\":\"ListItem\",\"position\":3,\"name\":\"Spielplan 2025\/26\",\"item\":\"https:\/\/freiesschauspiel.de\/programm\/spielplan\"},{\"@type\":\"ListItem\",\"position\":4,\"name\":\"EINSAME MENSCHEN\",\"item\":\"https:\/\/freiesschauspiel.de\/programm\/spielplan\/einsame-menschen\"},{\"@type\":\"ListItem\",\"position\":5,\"name\":\"Pressestimmen &#8211; EINSAME MENSCHEN\"}]},{\"@type\":\"WebSite\",\"@id\":\"https:\/\/freiesschauspiel.de\/#website\",\"url\":\"https:\/\/freiesschauspiel.de\/\",\"name\":\"Freies Schauspiel Ensemble\",\"description\":\"im TITANIA\",\"potentialAction\":[{\"@type\":\"SearchAction\",\"target\":{\"@type\":\"EntryPoint\",\"urlTemplate\":\"https:\/\/freiesschauspiel.de\/?s={search_term_string}\"},\"query-input\":{\"@type\":\"PropertyValueSpecification\",\"valueRequired\":true,\"valueName\":\"search_term_string\"}}],\"inLanguage\":\"en-US\"}]}<\/script>\n<!-- \/ Yoast SEO plugin. -->","yoast_head_json":{"title":"Pressestimmen - EINSAME MENSCHEN - Freies Schauspiel Ensemble","robots":{"index":"index","follow":"follow","max-snippet":"max-snippet:-1","max-image-preview":"max-image-preview:large","max-video-preview":"max-video-preview:-1"},"canonical":"https:\/\/freiesschauspiel.de\/programm\/spielplan\/einsame-menschen\/pressestimmen-einsame-menschen","og_locale":"en_US","og_type":"article","og_title":"Pressestimmen - EINSAME MENSCHEN - Freies Schauspiel Ensemble","og_url":"https:\/\/freiesschauspiel.de\/programm\/spielplan\/einsame-menschen\/pressestimmen-einsame-menschen","og_site_name":"Freies Schauspiel Ensemble","article_publisher":"https:\/\/www.facebook.com\/FreiesSchauspielEnsemble\/","article_modified_time":"2024-11-12T12:53:55+00:00","twitter_card":"summary_large_image","twitter_misc":{"Est. reading time":"2 minutes"},"schema":{"@context":"https:\/\/schema.org","@graph":[{"@type":"WebPage","@id":"https:\/\/freiesschauspiel.de\/programm\/spielplan\/einsame-menschen\/pressestimmen-einsame-menschen","url":"https:\/\/freiesschauspiel.de\/programm\/spielplan\/einsame-menschen\/pressestimmen-einsame-menschen","name":"Pressestimmen - EINSAME MENSCHEN - Freies Schauspiel Ensemble","isPartOf":{"@id":"https:\/\/freiesschauspiel.de\/#website"},"datePublished":"2024-11-12T12:27:52+00:00","dateModified":"2024-11-12T12:53:55+00:00","breadcrumb":{"@id":"https:\/\/freiesschauspiel.de\/programm\/spielplan\/einsame-menschen\/pressestimmen-einsame-menschen#breadcrumb"},"inLanguage":"en-US","potentialAction":[{"@type":"ReadAction","target":["https:\/\/freiesschauspiel.de\/programm\/spielplan\/einsame-menschen\/pressestimmen-einsame-menschen"]}]},{"@type":"BreadcrumbList","@id":"https:\/\/freiesschauspiel.de\/programm\/spielplan\/einsame-menschen\/pressestimmen-einsame-menschen#breadcrumb","itemListElement":[{"@type":"ListItem","position":1,"name":"Startseite","item":"https:\/\/freiesschauspiel.de\/"},{"@type":"ListItem","position":2,"name":"Programm","item":"https:\/\/freiesschauspiel.de\/programm"},{"@type":"ListItem","position":3,"name":"Spielplan 2025\/26","item":"https:\/\/freiesschauspiel.de\/programm\/spielplan"},{"@type":"ListItem","position":4,"name":"EINSAME MENSCHEN","item":"https:\/\/freiesschauspiel.de\/programm\/spielplan\/einsame-menschen"},{"@type":"ListItem","position":5,"name":"Pressestimmen &#8211; EINSAME MENSCHEN"}]},{"@type":"WebSite","@id":"https:\/\/freiesschauspiel.de\/#website","url":"https:\/\/freiesschauspiel.de\/","name":"Freies Schauspiel Ensemble","description":"im TITANIA","potentialAction":[{"@type":"SearchAction","target":{"@type":"EntryPoint","urlTemplate":"https:\/\/freiesschauspiel.de\/?s={search_term_string}"},"query-input":{"@type":"PropertyValueSpecification","valueRequired":true,"valueName":"search_term_string"}}],"inLanguage":"en-US"}]}},"_links":{"self":[{"href":"https:\/\/freiesschauspiel.de\/en\/wp-json\/wp\/v2\/pages\/9688"}],"collection":[{"href":"https:\/\/freiesschauspiel.de\/en\/wp-json\/wp\/v2\/pages"}],"about":[{"href":"https:\/\/freiesschauspiel.de\/en\/wp-json\/wp\/v2\/types\/page"}],"author":[{"embeddable":true,"href":"https:\/\/freiesschauspiel.de\/en\/wp-json\/wp\/v2\/users\/3"}],"replies":[{"embeddable":true,"href":"https:\/\/freiesschauspiel.de\/en\/wp-json\/wp\/v2\/comments?post=9688"}],"version-history":[{"count":4,"href":"https:\/\/freiesschauspiel.de\/en\/wp-json\/wp\/v2\/pages\/9688\/revisions"}],"predecessor-version":[{"id":9696,"href":"https:\/\/freiesschauspiel.de\/en\/wp-json\/wp\/v2\/pages\/9688\/revisions\/9696"}],"up":[{"embeddable":true,"href":"https:\/\/freiesschauspiel.de\/en\/wp-json\/wp\/v2\/pages\/9383"}],"wp:attachment":[{"href":"https:\/\/freiesschauspiel.de\/en\/wp-json\/wp\/v2\/media?parent=9688"}],"curies":[{"name":"wp","href":"https:\/\/api.w.org\/{rel}","templated":true}]}}